{"id":3,"date":"2020-08-07T08:03:22","date_gmt":"2020-08-07T08:03:22","guid":{"rendered":"https:\/\/bunkerseguridad.es\/en\/?page_id=3"},"modified":"2022-11-21T13:30:52","modified_gmt":"2022-11-21T13:30:52","slug":"legal-notice","status":"publish","type":"page","link":"https:\/\/bunkerseguridad.es\/en\/legal-notice\/","title":{"rendered":"Legal notice"},"content":{"rendered":"<p>[et_pb_section fb_built=&#8221;1&#8243; custom_padding_last_edited=&#8221;on|phone&#8221; _builder_version=&#8221;4.16&#8243; custom_margin_tablet=&#8221;&#8221; custom_margin_phone=&#8221;||||false|false&#8221; custom_margin_last_edited=&#8221;on|phone&#8221; custom_padding_tablet=&#8221;&#8221; custom_padding_phone=&#8221;||||false|false&#8221; global_colors_info=&#8221;{}&#8221;][et_pb_row custom_padding_last_edited=&#8221;on|phone&#8221; _builder_version=&#8221;4.16&#8243; _module_preset=&#8221;default&#8221; custom_margin_tablet=&#8221;&#8221; custom_margin_phone=&#8221;0px||0px||true|false&#8221; custom_margin_last_edited=&#8221;on|phone&#8221; custom_padding_tablet=&#8221;&#8221; custom_padding_phone=&#8221;0px||0px||true|false&#8221; global_colors_info=&#8221;{}&#8221;][et_pb_column type=&#8221;4_4&#8243; _builder_version=&#8221;4.16&#8243; _module_preset=&#8221;default&#8221; global_colors_info=&#8221;{}&#8221;][et_pb_text _builder_version=&#8221;4.16&#8243; _module_preset=&#8221;default&#8221; text_text_color=&#8221;#004d9a&#8221; text_font_size=&#8221;50px&#8221; text_line_height=&#8221;1.2em&#8221; animation_style=&#8221;slide&#8221; animation_direction=&#8221;left&#8221; animation_intensity_slide=&#8221;5%&#8221; text_font_size_tablet=&#8221;&#8221; text_font_size_phone=&#8221;30px&#8221; text_font_size_last_edited=&#8221;on|phone&#8221; global_colors_info=&#8221;{}&#8221;]<\/p>\n<p>Legal <strong>Notice<\/strong><\/p>\n<p>[\/et_pb_text][et_pb_divider color=&#8221;#004d9a&#8221; divider_weight=&#8221;2px&#8221; _builder_version=&#8221;4.16&#8243; _module_preset=&#8221;default&#8221; width=&#8221;6%&#8221; animation_style=&#8221;slide&#8221; animation_direction=&#8221;left&#8221; global_colors_info=&#8221;{}&#8221;][\/et_pb_divider][\/et_pb_column][\/et_pb_row][et_pb_row use_custom_gutter=&#8221;on&#8221; make_equal=&#8221;on&#8221; _builder_version=&#8221;4.16&#8243; background_size=&#8221;initial&#8221; background_position=&#8221;top_left&#8221; background_repeat=&#8221;repeat&#8221; width_tablet=&#8221;&#8221; width_phone=&#8221;90%&#8221; width_last_edited=&#8221;on|phone&#8221; max_width_tablet=&#8221;&#8221; max_width_phone=&#8221;100%&#8221; max_width_last_edited=&#8221;on|phone&#8221; global_colors_info=&#8221;{}&#8221;][et_pb_column type=&#8221;4_4&#8243; _builder_version=&#8221;4.16&#8243; custom_padding=&#8221;|||&#8221; global_colors_info=&#8221;{}&#8221; custom_padding__hover=&#8221;|||&#8221;][et_pb_text _builder_version=&#8221;4.17.4&#8243; text_text_color=&#8221;#000000&#8243; text_line_height=&#8221;1.3em&#8221; background_size=&#8221;initial&#8221; background_position=&#8221;top_left&#8221; background_repeat=&#8221;repeat&#8221; text_orientation=&#8221;justified&#8221; global_colors_info=&#8221;{}&#8221;]<\/p>\n<div class=\"vc_custom_heading\">\n<h3 style=\"text-align: left;\">TERMS AND CONDITIONS OF USE<\/h3>\n<p>&nbsp;<\/p>\n<\/div>\n<div class=\"wpb_text_column wpb_content_element \">\n<div class=\"wpb_wrapper\">\n<h5>1. OWNERSHIP OF THE WEBSITE<\/h5>\n<p>This website is the property of<span>\u00a0<\/span><strong>Bunker Seguridad Electr\u00f3nica S.L.\u00a0<\/strong> (hereafter called BUNKER SEGURIDAD), with registered office at C\/ Franklin 10, Pol. Ind. Gitesa, 28814 &#8211; Daganzo de Arriba (Madrid), Spain, holder of VAT no. (CIF)\u00a0B628551712, and registered in the Register of Companies of Madrid on folio119, volume19334, page M-338844.<\/p>\n<h5>2. INTELLECTUAL PROPERTY OF THE WEBSITE<\/h5>\n<p>All the intellectual property rights on the content of this website and on its graphic design (including, among other aspects, data, images, photographs, graphics, animations, creativities, sound, audio, video, drawings, software or texts, trade marks or logotypes, trade names or distinguishing signs, combinations of colors, structure and design, etc.) are the exclusive property of BUNKER SEGURIDAD, which is entitled to the exclusive exercise of the operating rights on same. Therefore, their reproduction, distribution, public communication and modification, total or partial, without the prior consent of BUNKER SEGURIDAD, are forbidden. Likewise, all the distinguishing signs, trade marks, trade names or signs of any type contained on this website, which are owned by BUNKER SEGURIDAD or by third persons, are protected by law.<\/p>\n<h5>3. CONTENT OF THE WEBSITE AND LINKS<\/h5>\n<p>BUNKER SEGURIDAD declines all responsibility for the misuse of the contents of its website, which is the sole responsibility of the person who accesses or uses them. Neither does BUNKER SEGURIDAD accept any responsibility for the information contained on the websites of third persons which may be accessed through links from the site<span>\u00a0<\/span><a href=\"http:\/\/www.bunkerseguridad.es\/\">www.bunkerseguridad.es<\/a>. Such links are included here for informative purposes and are not in any case an invitation to purchase products or services that may be offered on the destination website. In the event that BUNKER SEGURIDAD were to come to have an actual knowledge of the fact that the activity or information to which such links refer is illegal, is a criminal offence or may harm assets or rights of third persons susceptible to indemnity, it will act with the necessary diligence to remove or to render inoperable the respective link in the shortest possible delay.<\/p>\n<h5>4. UPDATING AND MODIFICATION OF THE WEBSITE<\/h5>\n<p>BUNKER SEGURIDAD reserves the right to update, modify or eliminate the information contained on its website and its configuration or presentation, at any time, without prior notice and without assuming any kind of responsibility for doing so.<\/p>\n<h5>5. PROCESSING THE USER\u2019S DATA<\/h5>\n<p>In order to be able to make bookings or submit enquiries, and to receive newsletters with information on offers and promotions (if the user has expressly requested such newsletters), the user shall \u2018provide us his personal data through the various forms appearing on the website. The user states that all the information which he provides is truthful, complete and accurate and that he authorizes BUNKER SEGURIDAD to enter his data into a file so that, in accordance with Organic Law 15\/1999, on Protection of Personal Data, BUNKER SEGURIDAD may provide the services requested by the user. In the event that BUNKER SEGURIDAD encounters any problem in processing a request, the personal data so provided may be used to contact the user.<br \/>Confirmation of bookings will be given by means of an e-mail and\/or by any other means which BUNKER SEGURIDAD may deem appropriate.<br \/>In any case, the user may exercise the rights of access, opposition, rectification and cancellation provided in the aforementioned Law, by sending a letter to BUNKER SEGURIDAD (ref. \u201cData Protection\u201d), C\/ Franklin 10, Pol. Ind. Gitesa, 28814 &#8211; Daganzo de Arriba (Madrid), or by sending an e-mail to the following address:<a href=\"mailto:info@bunkerseguridad.es\" target=\"_blank\" class=\"mailto\" rel=\"noopener noreferrer\">info@bunkerseguridad.es<span class=\"mailto\" aria-label=\"(link sends e-mail)\"><\/span><\/a><\/p>\n<h5>6. APPLICABLE LAW AND JURISDICTION<\/h5>\n<p>If any clause of these terms and conditions of use were to be declared totally or partially null and void, such nullity will only affect the provision or the part of the provision that was so declared null and void, and the terms and conditions of use will subsist in all the rest, with such affected provision being considered not to have been been included.<br \/>The internal discussions and differences that were to be based on this text will be settled between the parties by mutual agreement. In the event in which a legal action were to be brought, all matters relating to the portal will be governed by Spanish law and will be submitted to the jurisdiction of the Courts and Tribunals of the city of Madrid.<\/p>\n<\/div>\n<\/div>\n<p>[\/et_pb_text][\/et_pb_column][\/et_pb_row][\/et_pb_section]<\/p>\n","protected":false},"excerpt":{"rendered":"<p>Legal Notice TERMS AND CONDITIONS OF USE &nbsp; 1. OWNERSHIP OF THE WEBSITE This website is the property of\u00a0Bunker Seguridad Electr\u00f3nica S.L.\u00a0 (hereafter called BUNKER SEGURIDAD), with registered office at C\/ Franklin 10, Pol. Ind. Gitesa, 28814 &#8211; Daganzo de Arriba (Madrid), Spain, holder of VAT no. (CIF)\u00a0B628551712, and registered in the Register of Companies [&hellip;]<\/p>\n","protected":false},"author":1,"featured_media":0,"parent":0,"menu_order":0,"comment_status":"closed","ping_status":"closed","template":"","meta":{"_et_pb_use_builder":"on","_et_pb_old_content":"<!-- wp:heading -->\r\n<h2>Qui\u00e9nes somos<\/h2>\r\n<!-- \/wp:heading --><!-- wp:paragraph -->\r\n<p>La direcci\u00f3n de nuestra web es: https:\/\/bunkerseguridad.es\/en.<\/p>\r\n<!-- \/wp:paragraph --><!-- wp:heading -->\r\n<h2>Qu\u00e9 datos personales recogemos y por qu\u00e9 los recogemos<\/h2>\r\n<!-- \/wp:heading --><!-- wp:heading {\"level\":3} -->\r\n<h3>Comentarios<\/h3>\r\n<!-- \/wp:heading --><!-- wp:paragraph -->\r\n<p>Cuando los visitantes dejan comentarios en la web, recopilamos los datos que se muestran en el formulario de comentarios, as\u00ed como la direcci\u00f3n IP del visitante y la cadena de agentes de usuario del navegador para ayudar a la detecci\u00f3n de spam.<\/p>\r\n<!-- \/wp:paragraph --><!-- wp:paragraph -->\r\n<p>Una cadena an\u00f3nima creada a partir de tu direcci\u00f3n de correo electr\u00f3nico (tambi\u00e9n llamada hash) puede ser proporcionada al servicio de Gravatar para ver si la est\u00e1s usando. La pol\u00edtica de privacidad del servicio Gravatar est\u00e1 disponible aqu\u00ed: https:\/\/automattic.com\/privacy\/. Despu\u00e9s de la aprobaci\u00f3n de tu comentario, la imagen de tu perfil es visible para el p\u00fablico en el contexto de tu comentario.<\/p>\r\n<!-- \/wp:paragraph --><!-- wp:heading {\"level\":3} -->\r\n<h3>Medios<\/h3>\r\n<!-- \/wp:heading --><!-- wp:paragraph -->\r\n<p>Si subes im\u00e1genes a la web, deber\u00edas evitar subir im\u00e1genes con datos de ubicaci\u00f3n (GPS EXIF) incluidos. Los visitantes de la web pueden descargar y extraer cualquier dato de ubicaci\u00f3n de las im\u00e1genes de la web.<\/p>\r\n<!-- \/wp:paragraph --><!-- wp:heading {\"level\":3} -->\r\n<h3>Formularios de contacto<\/h3>\r\n<!-- \/wp:heading --><!-- wp:heading {\"level\":3} -->\r\n<h3>Cookies<\/h3>\r\n<!-- \/wp:heading --><!-- wp:paragraph -->\r\n<p>Si dejas un comentario en nuestro sitio puedes elegir guardar tu nombre, direcci\u00f3n de correo electr\u00f3nico y web en cookies. Esto es para tu comodidad, para que no tengas que volver a rellenar tus datos cuando dejes otro comentario. Estas cookies tendr\u00e1n una duraci\u00f3n de un a\u00f1o.<\/p>\r\n<!-- \/wp:paragraph --><!-- wp:paragraph -->\r\n<p>Si tienes una cuenta y te conectas a este sitio, instalaremos una cookie temporal para determinar si tu navegador acepta cookies. Esta cookie no contiene datos personales y se elimina al cerrar el navegador.<\/p>\r\n<!-- \/wp:paragraph --><!-- wp:paragraph -->\r\n<p>Cuando accedas, tambi\u00e9n instalaremos varias cookies para guardar tu informaci\u00f3n de acceso y tus opciones de visualizaci\u00f3n de pantalla. Las cookies de acceso duran dos d\u00edas, y las cookies de opciones de pantalla duran un a\u00f1o. Si seleccionas \u00abRecu\u00e9rdarme\u00bb, tu acceso perdurar\u00e1 durante dos semanas. Si sales de tu cuenta, las cookies de acceso se eliminar\u00e1n.<\/p>\r\n<!-- \/wp:paragraph --><!-- wp:paragraph -->\r\n<p>Si editas o publicas un art\u00edculo se guardar\u00e1 una cookie adicional en tu navegador. Esta cookie no incluye datos personales y simplemente indica el ID del art\u00edculo que acabas de editar. Caduca despu\u00e9s de 1 d\u00eda.<\/p>\r\n<!-- \/wp:paragraph --><!-- wp:heading {\"level\":3} -->\r\n<h3>Contenido incrustado de otros sitios web<\/h3>\r\n<!-- \/wp:heading --><!-- wp:paragraph -->\r\n<p>Los art\u00edculos de este sitio pueden incluir contenido incrustado (por ejemplo, v\u00eddeos, im\u00e1genes, art\u00edculos, etc.). El contenido incrustado de otras webs se comporta exactamente de la misma manera que si el visitante hubiera visitado la otra web.<\/p>\r\n<!-- \/wp:paragraph --><!-- wp:paragraph -->\r\n<p>Estas web pueden recopilar datos sobre ti, utilizar cookies, incrustar un seguimiento adicional de terceros, y supervisar tu interacci\u00f3n con ese contenido incrustado, incluido el seguimiento de tu interacci\u00f3n con el contenido incrustado si tienes una cuenta y est\u00e1s conectado a esa web.<\/p>\r\n<!-- \/wp:paragraph --><!-- wp:heading {\"level\":3} -->\r\n<h3>Anal\u00edtica<\/h3>\r\n<!-- \/wp:heading --><!-- wp:heading -->\r\n<h2>Con qui\u00e9n compartimos tus datos<\/h2>\r\n<!-- \/wp:heading --><!-- wp:heading -->\r\n<h2>Cu\u00e1nto tiempo conservamos tus datos<\/h2>\r\n<!-- \/wp:heading --><!-- wp:paragraph -->\r\n<p>Si dejas un comentario, el comentario y sus metadatos se conservan indefinidamente. Esto es para que podamos reconocer y aprobar comentarios sucesivos autom\u00e1ticamente, en lugar de mantenerlos en una cola de moderaci\u00f3n.<\/p>\r\n<!-- \/wp:paragraph --><!-- wp:paragraph -->\r\n<p>De los usuarios que se registran en nuestra web (si los hay), tambi\u00e9n almacenamos la informaci\u00f3n personal que proporcionan en su perfil de usuario. Todos los usuarios pueden ver, editar o eliminar su informaci\u00f3n personal en cualquier momento (excepto que no pueden cambiar su nombre de usuario). Los administradores de la web tambi\u00e9n pueden ver y editar esa informaci\u00f3n.<\/p>\r\n<!-- \/wp:paragraph --><!-- wp:heading -->\r\n<h2>Qu\u00e9 derechos tienes sobre tus datos<\/h2>\r\n<!-- \/wp:heading --><!-- wp:paragraph -->\r\n<p>Si tienes una cuenta o has dejado comentarios en esta web, puedes solicitar recibir un archivo de exportaci\u00f3n de los datos personales que tenemos sobre ti, incluyendo cualquier dato que nos hayas proporcionado. Tambi\u00e9n puedes solicitar que eliminemos cualquier dato personal que tengamos sobre ti. Esto no incluye ning\u00fan dato que estemos obligados a conservar con fines administrativos, legales o de seguridad.<\/p>\r\n<!-- \/wp:paragraph --><!-- wp:heading -->\r\n<h2>D\u00f3nde enviamos tus datos<\/h2>\r\n<!-- \/wp:heading --><!-- wp:paragraph -->\r\n<p>Los comentarios de los visitantes puede que los revise un servicio de detecci\u00f3n autom\u00e1tica de spam.<\/p>\r\n<!-- \/wp:paragraph --><!-- wp:heading -->\r\n<h2>Tu informaci\u00f3n de contacto<\/h2>\r\n<!-- \/wp:heading --><!-- wp:heading -->\r\n<h2>Informaci\u00f3n adicional<\/h2>\r\n<!-- \/wp:heading --><!-- wp:heading {\"level\":3} -->\r\n<h3>C\u00f3mo protegemos tus datos<\/h3>\r\n<!-- \/wp:heading --><!-- wp:heading {\"level\":3} -->\r\n<h3>Qu\u00e9 procedimientos utilizamos contra las brechas de datos<\/h3>\r\n<!-- \/wp:heading --><!-- wp:heading {\"level\":3} -->\r\n<h3>De qu\u00e9 terceros recibimos datos<\/h3>\r\n<!-- \/wp:heading --><!-- wp:heading {\"level\":3} -->\r\n<h3>Qu\u00e9 tipo de toma de decisiones automatizada y\/o perfilado hacemos con los datos del usuario<\/h3>\r\n<!-- \/wp:heading --><!-- wp:heading {\"level\":3} -->\r\n<h3>Requerimientos regulatorios de revelaci\u00f3n de informaci\u00f3n del sector<\/h3>\r\n<!-- \/wp:heading -->","_et_gb_content_width":"","footnotes":""},"class_list":["post-3","page","type-page","status-publish","hentry"],"yoast_head":"<!-- This site is optimized with the Yoast SEO plugin v25.3 - https:\/\/yoast.com\/wordpress\/plugins\/seo\/ -->\n<title>Legal notice - Bunker Seguridad Electr\u00f3nica S.L.<\/title>\n<meta name=\"robots\" content=\"index, follow, max-snippet:-1, max-image-preview:large, max-video-preview:-1\" \/>\n<link rel=\"canonical\" href=\"https:\/\/bunkerseguridad.es\/en\/legal-notice\/\" \/>\n<meta property=\"og:locale\" content=\"en_US\" \/>\n<meta property=\"og:type\" content=\"article\" \/>\n<meta property=\"og:title\" content=\"Legal notice - Bunker Seguridad Electr\u00f3nica S.L.\" \/>\n<meta property=\"og:description\" content=\"Legal Notice TERMS AND CONDITIONS OF USE &nbsp; 1. OWNERSHIP OF THE WEBSITE This website is the property of\u00a0Bunker Seguridad Electr\u00f3nica S.L.\u00a0 (hereafter called BUNKER SEGURIDAD), with registered office at C\/ Franklin 10, Pol. Ind. Gitesa, 28814 - Daganzo de Arriba (Madrid), Spain, holder of VAT no. (CIF)\u00a0B628551712, and registered in the Register of Companies [&hellip;]\" \/>\n<meta property=\"og:url\" content=\"https:\/\/bunkerseguridad.es\/en\/legal-notice\/\" \/>\n<meta property=\"og:site_name\" content=\"Bunker Seguridad Electr\u00f3nica S.L.\" \/>\n<meta property=\"article:modified_time\" content=\"2022-11-21T13:30:52+00:00\" \/>\n<meta name=\"twitter:card\" content=\"summary_large_image\" \/>\n<meta name=\"twitter:label1\" content=\"Est. reading time\" \/>\n\t<meta name=\"twitter:data1\" content=\"5 minutes\" \/>\n<script type=\"application\/ld+json\" class=\"yoast-schema-graph\">{\"@context\":\"https:\/\/schema.org\",\"@graph\":[{\"@type\":\"WebPage\",\"@id\":\"https:\/\/bunkerseguridad.es\/en\/legal-notice\/\",\"url\":\"https:\/\/bunkerseguridad.es\/en\/legal-notice\/\",\"name\":\"Legal notice - Bunker Seguridad Electr\u00f3nica S.L.\",\"isPartOf\":{\"@id\":\"https:\/\/bunkerseguridad.es\/en\/#website\"},\"datePublished\":\"2020-08-07T08:03:22+00:00\",\"dateModified\":\"2022-11-21T13:30:52+00:00\",\"breadcrumb\":{\"@id\":\"https:\/\/bunkerseguridad.es\/en\/legal-notice\/#breadcrumb\"},\"inLanguage\":\"en-US\",\"potentialAction\":[{\"@type\":\"ReadAction\",\"target\":[\"https:\/\/bunkerseguridad.es\/en\/legal-notice\/\"]}]},{\"@type\":\"BreadcrumbList\",\"@id\":\"https:\/\/bunkerseguridad.es\/en\/legal-notice\/#breadcrumb\",\"itemListElement\":[{\"@type\":\"ListItem\",\"position\":1,\"name\":\"Home\",\"item\":\"https:\/\/bunkerseguridad.es\/en\/\"},{\"@type\":\"ListItem\",\"position\":2,\"name\":\"Legal notice\"}]},{\"@type\":\"WebSite\",\"@id\":\"https:\/\/bunkerseguridad.es\/en\/#website\",\"url\":\"https:\/\/bunkerseguridad.es\/en\/\",\"name\":\"Bunker Seguridad Electr\u00f3nica S.L.\",\"description\":\"Manufacturing and distribution of perimeter detection systems in Europe.\",\"potentialAction\":[{\"@type\":\"SearchAction\",\"target\":{\"@type\":\"EntryPoint\",\"urlTemplate\":\"https:\/\/bunkerseguridad.es\/en\/?s={search_term_string}\"},\"query-input\":{\"@type\":\"PropertyValueSpecification\",\"valueRequired\":true,\"valueName\":\"search_term_string\"}}],\"inLanguage\":\"en-US\"}]}<\/script>\n<!-- \/ Yoast SEO plugin. -->","yoast_head_json":{"title":"Legal notice - Bunker Seguridad Electr\u00f3nica S.L.","robots":{"index":"index","follow":"follow","max-snippet":"max-snippet:-1","max-image-preview":"max-image-preview:large","max-video-preview":"max-video-preview:-1"},"canonical":"https:\/\/bunkerseguridad.es\/en\/legal-notice\/","og_locale":"en_US","og_type":"article","og_title":"Legal notice - Bunker Seguridad Electr\u00f3nica S.L.","og_description":"Legal Notice TERMS AND CONDITIONS OF USE &nbsp; 1. OWNERSHIP OF THE WEBSITE This website is the property of\u00a0Bunker Seguridad Electr\u00f3nica S.L.\u00a0 (hereafter called BUNKER SEGURIDAD), with registered office at C\/ Franklin 10, Pol. Ind. Gitesa, 28814 - Daganzo de Arriba (Madrid), Spain, holder of VAT no. (CIF)\u00a0B628551712, and registered in the Register of Companies [&hellip;]","og_url":"https:\/\/bunkerseguridad.es\/en\/legal-notice\/","og_site_name":"Bunker Seguridad Electr\u00f3nica S.L.","article_modified_time":"2022-11-21T13:30:52+00:00","twitter_card":"summary_large_image","twitter_misc":{"Est. reading time":"5 minutes"},"schema":{"@context":"https:\/\/schema.org","@graph":[{"@type":"WebPage","@id":"https:\/\/bunkerseguridad.es\/en\/legal-notice\/","url":"https:\/\/bunkerseguridad.es\/en\/legal-notice\/","name":"Legal notice - Bunker Seguridad Electr\u00f3nica S.L.","isPartOf":{"@id":"https:\/\/bunkerseguridad.es\/en\/#website"},"datePublished":"2020-08-07T08:03:22+00:00","dateModified":"2022-11-21T13:30:52+00:00","breadcrumb":{"@id":"https:\/\/bunkerseguridad.es\/en\/legal-notice\/#breadcrumb"},"inLanguage":"en-US","potentialAction":[{"@type":"ReadAction","target":["https:\/\/bunkerseguridad.es\/en\/legal-notice\/"]}]},{"@type":"BreadcrumbList","@id":"https:\/\/bunkerseguridad.es\/en\/legal-notice\/#breadcrumb","itemListElement":[{"@type":"ListItem","position":1,"name":"Home","item":"https:\/\/bunkerseguridad.es\/en\/"},{"@type":"ListItem","position":2,"name":"Legal notice"}]},{"@type":"WebSite","@id":"https:\/\/bunkerseguridad.es\/en\/#website","url":"https:\/\/bunkerseguridad.es\/en\/","name":"Bunker Seguridad Electr\u00f3nica S.L.","description":"Manufacturing and distribution of perimeter detection systems in Europe.","potentialAction":[{"@type":"SearchAction","target":{"@type":"EntryPoint","urlTemplate":"https:\/\/bunkerseguridad.es\/en\/?s={search_term_string}"},"query-input":{"@type":"PropertyValueSpecification","valueRequired":true,"valueName":"search_term_string"}}],"inLanguage":"en-US"}]}},"_links":{"self":[{"href":"https:\/\/bunkerseguridad.es\/en\/wp-json\/wp\/v2\/pages\/3","targetHints":{"allow":["GET"]}}],"collection":[{"href":"https:\/\/bunkerseguridad.es\/en\/wp-json\/wp\/v2\/pages"}],"about":[{"href":"https:\/\/bunkerseguridad.es\/en\/wp-json\/wp\/v2\/types\/page"}],"author":[{"embeddable":true,"href":"https:\/\/bunkerseguridad.es\/en\/wp-json\/wp\/v2\/users\/1"}],"replies":[{"embeddable":true,"href":"https:\/\/bunkerseguridad.es\/en\/wp-json\/wp\/v2\/comments?post=3"}],"version-history":[{"count":24,"href":"https:\/\/bunkerseguridad.es\/en\/wp-json\/wp\/v2\/pages\/3\/revisions"}],"predecessor-version":[{"id":255057,"href":"https:\/\/bunkerseguridad.es\/en\/wp-json\/wp\/v2\/pages\/3\/revisions\/255057"}],"wp:attachment":[{"href":"https:\/\/bunkerseguridad.es\/en\/wp-json\/wp\/v2\/media?parent=3"}],"curies":[{"name":"wp","href":"https:\/\/api.w.org\/{rel}","templated":true}]}}