{"id":124,"date":"2020-08-19T11:15:30","date_gmt":"2020-08-19T11:15:30","guid":{"rendered":"https:\/\/bunkerseguridad.es\/en\/?post_type=product&#038;p=124"},"modified":"2020-09-18T11:31:02","modified_gmt":"2020-09-18T11:31:02","slug":"multispeech-voice-enunciator-kit-gjd","status":"publish","type":"product","link":"https:\/\/bunkerseguridad.es\/en\/security-product\/multispeech-voice-enunciator-kit-gjd\/","title":{"rendered":"Multispeech Enunciator Kit GJD090K"},"content":{"rendered":"<p><span style=\"vertical-align: inherit;\">The <strong>speech\u00a0enunciator kit<\/strong> of <strong>GJD<\/strong> <strong>plays a desired recording when a given event occurs.<\/strong><\/span><\/p>\n<p>A single 120 second user message can be recorded as well as four different 30 second messages on each channel, depending on the requirements. The <strong>volume control is adjustable<\/strong> and they are two pre-attention sounds available.<\/p>\n<p>The module accepts any normally open or normally closed input, which gives a greater flexibility to use it with a huge variety\u00a0 of any<strong> detection device, alarm panel, panic button, telephone responder or activation from a remote video monitoring station<\/strong>.Recording can be made using the on board microphone or alternatively by a 1V p-p line input.<\/p>\n<p>The<strong> installation is easy and message recording is quick and simple<\/strong>.<\/p>\n<p><strong>Features:<\/strong><\/p>\n<ul style=\"color: #666666;\">\n<li>4 channel voice enunciation kit<\/li>\n<li>4 user recordable messages<\/li>\n<li>2\u00a0pre-attention sounds<\/li>\n<li>Adjustable volume control<\/li>\n<li>2 speaker output<\/li>\n<\/ul>\n","protected":false},"excerpt":{"rendered":"<p><span style=\"vertical-align: inherit;\"><span style=\"vertical-align: inherit;\"><strong>4-channel speech enunciator kit<\/strong>\u00a0for <strong>intruder monitoring, access control, welcoming, warning or advising<\/strong>.<\/span><\/span><\/p>\n<p><span style=\"vertical-align: inherit;\"><span style=\"vertical-align: inherit;\"> It includes a <strong>hornspeaker<\/strong>, a <strong>musltispeech<\/strong> and a <strong>PSU<\/strong> in a <strong>weatherproof box<\/strong>.<\/span><\/span><\/p>\n<p><span style=\"vertical-align: inherit;\"><span style=\"vertical-align: inherit;\">The voice enunciator <strong>Multispeech 4<\/strong> provides an 8 ohm audio output that can be applied to a <strong>loudspeaker<\/strong> or to a <strong>dialler<\/strong> that has a speech processor input. <\/span><\/span><\/p>\n","protected":false},"featured_media":626,"template":"","meta":{"_et_pb_use_builder":"off","_et_pb_old_content":"<strong><span style=\"vertical-align: inherit\"><span style=\"vertical-align: inherit\">Para monitoreo de intrusos, control de acceso, bienvenida, advertencia o aviso<\/span><\/span><\/strong><span style=\"vertical-align: inherit\"><span style=\"vertical-align: inherit\"> \u00a0, recomendamos el\u00a0 <\/span><\/span><strong><span style=\"vertical-align: inherit\"><span style=\"vertical-align: inherit\">enunciador de voz de 4 canales - <\/span><\/span><\/strong>\u00a0<strong><span style=\"vertical-align: inherit\"><span style=\"vertical-align: inherit\">Multispeech Kit GJD090<\/span><\/span><\/strong><span style=\"vertical-align: inherit\"><span style=\"vertical-align: inherit\"> . <\/span><span style=\"vertical-align: inherit\">Se puede grabar un mensaje diferente de 30 segundos en cada canal o podr\u00eda ser un solo mensaje de 120 segundos.<\/span><\/span>\r\n\r\n<span style=\"vertical-align: inherit\"><span style=\"vertical-align: inherit\">El m\u00f3dulo es configurable para aceptar cualquier entrada normalmente abierta o normalmente cerrada, lo que le da una mayor flexibilidad para usarlo con cualquier\u00a0 <\/span><\/span><strong><span style=\"vertical-align: inherit\"><span style=\"vertical-align: inherit\">dispositivo de detecci\u00f3n, panel de alarma, bot\u00f3n de p\u00e1nico, contestador telef\u00f3nico o activaci\u00f3n desde una estaci\u00f3n de monitoreo de video remota.\u00a0<\/span><\/span><\/strong><span style=\"vertical-align: inherit\"><span style=\"vertical-align: inherit\">El control de volumen es ajustable y hay dos sonidos de preatenci\u00f3n disponibles.<\/span><\/span>\r\n\r\n<span style=\"vertical-align: inherit\"><span style=\"vertical-align: inherit\">El kit Multispeech proporciona una salida de audio de 8 ohmios que se puede aplicar a un altavoz o un marcador que tenga una entrada de procesador de voz. <\/span><span style=\"vertical-align: inherit\">La grabaci\u00f3n se puede realizar utilizando el micr\u00f3fono integrado o, alternativamente, mediante una entrada de l\u00ednea de 1V pp.\u00a0<\/span><\/span><strong><span style=\"vertical-align: inherit\"><span style=\"vertical-align: inherit\">La instalaci\u00f3n es f\u00e1cil y la grabaci\u00f3n de mensajes es r\u00e1pida y sencilla<\/span><\/span><\/strong><span style=\"vertical-align: inherit\"><span style=\"vertical-align: inherit\"> .<\/span><\/span>\r\n\r\n<span style=\"vertical-align: inherit\"><span style=\"vertical-align: inherit\">Este kit incluye:<\/span><\/span>\r\n\r\n<strong><span style=\"vertical-align: inherit\"><span style=\"vertical-align: inherit\">1 altavoz de bocina de 8 vatios y 8 ohmios<\/span><\/span><\/strong>\r\n\r\n<strong><span style=\"vertical-align: inherit\"><span style=\"vertical-align: inherit\">1 x Multispeech y PSU en caja resistente a la intemperie<\/span><\/span><\/strong>","_et_gb_content_width":""},"pwb-brand":[58],"product_brand":[],"product_cat":[43,41],"product_tag":[102,100,99,101],"class_list":{"0":"post-124","1":"product","2":"type-product","3":"status-publish","4":"has-post-thumbnail","6":"pwb-brand-gjd-detect-deter","7":"product_cat-auxiliary-solutions","8":"product_cat-perimeter-intrusion-detection-systems","9":"product_tag-auxiliary-solution","10":"product_tag-ip-interface-module","11":"product_tag-multispeech-kit","12":"product_tag-sanitising-solution","14":"first","15":"instock","16":"shipping-taxable","17":"product-type-simple"},"yoast_head":"<!-- This site is optimized with the Yoast SEO plugin v27.4 - https:\/\/yoast.com\/product\/yoast-seo-wordpress\/ -->\n<title>Multispeech Enunciator Kit GJD090K - Bunker Seguridad Electr\u00f3nica S.L.<\/title>\n<meta name=\"description\" content=\"4-channel speech enunciator kit for intruder monitoring, access control, welcoming or warning with a hornspeaker, a musltispeech and a PSU.\" \/>\n<meta name=\"robots\" content=\"index, follow, max-snippet:-1, max-image-preview:large, max-video-preview:-1\" \/>\n<link rel=\"canonical\" href=\"https:\/\/bunkerseguridad.es\/en\/security-product\/multispeech-voice-enunciator-kit-gjd\/\" \/>\n<meta property=\"og:locale\" content=\"en_US\" \/>\n<meta property=\"og:type\" content=\"article\" \/>\n<meta property=\"og:title\" content=\"Multispeech Enunciator Kit GJD090K - Bunker Seguridad Electr\u00f3nica S.L.\" \/>\n<meta property=\"og:description\" content=\"4-channel speech enunciator kit for intruder monitoring, access control, welcoming or warning with a hornspeaker, a musltispeech and a PSU.\" \/>\n<meta property=\"og:url\" content=\"https:\/\/bunkerseguridad.es\/en\/security-product\/multispeech-voice-enunciator-kit-gjd\/\" \/>\n<meta property=\"og:site_name\" content=\"Bunker Seguridad Electr\u00f3nica S.L.\" \/>\n<meta property=\"article:modified_time\" content=\"2020-09-18T11:31:02+00:00\" \/>\n<meta property=\"og:image\" content=\"https:\/\/bunkerseguridad.es\/en\/wp-content\/uploads\/2020\/08\/Wireless-Transmission-Equipment.png\" \/>\n\t<meta property=\"og:image:width\" content=\"1200\" \/>\n\t<meta property=\"og:image:height\" content=\"1200\" \/>\n\t<meta property=\"og:image:type\" content=\"image\/png\" \/>\n<meta name=\"twitter:card\" content=\"summary_large_image\" \/>\n<meta name=\"twitter:label1\" content=\"Est. reading time\" \/>\n\t<meta name=\"twitter:data1\" content=\"1 minute\" \/>\n<script type=\"application\/ld+json\" class=\"yoast-schema-graph\">{\"@context\":\"https:\\\/\\\/schema.org\",\"@graph\":[{\"@type\":\"WebPage\",\"@id\":\"https:\\\/\\\/bunkerseguridad.es\\\/en\\\/security-product\\\/multispeech-voice-enunciator-kit-gjd\\\/\",\"url\":\"https:\\\/\\\/bunkerseguridad.es\\\/en\\\/security-product\\\/multispeech-voice-enunciator-kit-gjd\\\/\",\"name\":\"Multispeech Enunciator Kit GJD090K - Bunker Seguridad Electr\u00f3nica S.L.\",\"isPartOf\":{\"@id\":\"https:\\\/\\\/bunkerseguridad.es\\\/en\\\/#website\"},\"primaryImageOfPage\":{\"@id\":\"https:\\\/\\\/bunkerseguridad.es\\\/en\\\/security-product\\\/multispeech-voice-enunciator-kit-gjd\\\/#primaryimage\"},\"image\":{\"@id\":\"https:\\\/\\\/bunkerseguridad.es\\\/en\\\/security-product\\\/multispeech-voice-enunciator-kit-gjd\\\/#primaryimage\"},\"thumbnailUrl\":\"https:\\\/\\\/bunkerseguridad.es\\\/en\\\/wp-content\\\/uploads\\\/2020\\\/08\\\/Wireless-Transmission-Equipment.png\",\"datePublished\":\"2020-08-19T11:15:30+00:00\",\"dateModified\":\"2020-09-18T11:31:02+00:00\",\"description\":\"4-channel speech enunciator kit for intruder monitoring, access control, welcoming or warning with a hornspeaker, a musltispeech and a PSU.\",\"breadcrumb\":{\"@id\":\"https:\\\/\\\/bunkerseguridad.es\\\/en\\\/security-product\\\/multispeech-voice-enunciator-kit-gjd\\\/#breadcrumb\"},\"inLanguage\":\"en-US\",\"potentialAction\":[{\"@type\":\"ReadAction\",\"target\":[\"https:\\\/\\\/bunkerseguridad.es\\\/en\\\/security-product\\\/multispeech-voice-enunciator-kit-gjd\\\/\"]}]},{\"@type\":\"ImageObject\",\"inLanguage\":\"en-US\",\"@id\":\"https:\\\/\\\/bunkerseguridad.es\\\/en\\\/security-product\\\/multispeech-voice-enunciator-kit-gjd\\\/#primaryimage\",\"url\":\"https:\\\/\\\/bunkerseguridad.es\\\/en\\\/wp-content\\\/uploads\\\/2020\\\/08\\\/Wireless-Transmission-Equipment.png\",\"contentUrl\":\"https:\\\/\\\/bunkerseguridad.es\\\/en\\\/wp-content\\\/uploads\\\/2020\\\/08\\\/Wireless-Transmission-Equipment.png\",\"width\":1200,\"height\":1200,\"caption\":\"Multispeech Kit \u2013 GJD\"},{\"@type\":\"BreadcrumbList\",\"@id\":\"https:\\\/\\\/bunkerseguridad.es\\\/en\\\/security-product\\\/multispeech-voice-enunciator-kit-gjd\\\/#breadcrumb\",\"itemListElement\":[{\"@type\":\"ListItem\",\"position\":1,\"name\":\"Home\",\"item\":\"https:\\\/\\\/bunkerseguridad.es\\\/en\\\/\"},{\"@type\":\"ListItem\",\"position\":2,\"name\":\"Shop\",\"item\":\"https:\\\/\\\/bunkerseguridad.es\\\/en\\\/shop\\\/\"},{\"@type\":\"ListItem\",\"position\":3,\"name\":\"Multispeech Enunciator Kit GJD090K\"}]},{\"@type\":\"WebSite\",\"@id\":\"https:\\\/\\\/bunkerseguridad.es\\\/en\\\/#website\",\"url\":\"https:\\\/\\\/bunkerseguridad.es\\\/en\\\/\",\"name\":\"Bunker Seguridad Electr\u00f3nica S.L.\",\"description\":\"Manufacturing and distribution of perimeter detection systems in Europe.\",\"potentialAction\":[{\"@type\":\"SearchAction\",\"target\":{\"@type\":\"EntryPoint\",\"urlTemplate\":\"https:\\\/\\\/bunkerseguridad.es\\\/en\\\/?s={search_term_string}\"},\"query-input\":{\"@type\":\"PropertyValueSpecification\",\"valueRequired\":true,\"valueName\":\"search_term_string\"}}],\"inLanguage\":\"en-US\"}]}<\/script>\n<!-- \/ Yoast SEO plugin. -->","yoast_head_json":{"title":"Multispeech Enunciator Kit GJD090K - Bunker Seguridad Electr\u00f3nica S.L.","description":"4-channel speech enunciator kit for intruder monitoring, access control, welcoming or warning with a hornspeaker, a musltispeech and a PSU.","robots":{"index":"index","follow":"follow","max-snippet":"max-snippet:-1","max-image-preview":"max-image-preview:large","max-video-preview":"max-video-preview:-1"},"canonical":"https:\/\/bunkerseguridad.es\/en\/security-product\/multispeech-voice-enunciator-kit-gjd\/","og_locale":"en_US","og_type":"article","og_title":"Multispeech Enunciator Kit GJD090K - Bunker Seguridad Electr\u00f3nica S.L.","og_description":"4-channel speech enunciator kit for intruder monitoring, access control, welcoming or warning with a hornspeaker, a musltispeech and a PSU.","og_url":"https:\/\/bunkerseguridad.es\/en\/security-product\/multispeech-voice-enunciator-kit-gjd\/","og_site_name":"Bunker Seguridad Electr\u00f3nica S.L.","article_modified_time":"2020-09-18T11:31:02+00:00","og_image":[{"width":1200,"height":1200,"url":"https:\/\/bunkerseguridad.es\/en\/wp-content\/uploads\/2020\/08\/Wireless-Transmission-Equipment.png","type":"image\/png"}],"twitter_card":"summary_large_image","twitter_misc":{"Est. reading time":"1 minute"},"schema":{"@context":"https:\/\/schema.org","@graph":[{"@type":"WebPage","@id":"https:\/\/bunkerseguridad.es\/en\/security-product\/multispeech-voice-enunciator-kit-gjd\/","url":"https:\/\/bunkerseguridad.es\/en\/security-product\/multispeech-voice-enunciator-kit-gjd\/","name":"Multispeech Enunciator Kit GJD090K - Bunker Seguridad Electr\u00f3nica S.L.","isPartOf":{"@id":"https:\/\/bunkerseguridad.es\/en\/#website"},"primaryImageOfPage":{"@id":"https:\/\/bunkerseguridad.es\/en\/security-product\/multispeech-voice-enunciator-kit-gjd\/#primaryimage"},"image":{"@id":"https:\/\/bunkerseguridad.es\/en\/security-product\/multispeech-voice-enunciator-kit-gjd\/#primaryimage"},"thumbnailUrl":"https:\/\/bunkerseguridad.es\/en\/wp-content\/uploads\/2020\/08\/Wireless-Transmission-Equipment.png","datePublished":"2020-08-19T11:15:30+00:00","dateModified":"2020-09-18T11:31:02+00:00","description":"4-channel speech enunciator kit for intruder monitoring, access control, welcoming or warning with a hornspeaker, a musltispeech and a PSU.","breadcrumb":{"@id":"https:\/\/bunkerseguridad.es\/en\/security-product\/multispeech-voice-enunciator-kit-gjd\/#breadcrumb"},"inLanguage":"en-US","potentialAction":[{"@type":"ReadAction","target":["https:\/\/bunkerseguridad.es\/en\/security-product\/multispeech-voice-enunciator-kit-gjd\/"]}]},{"@type":"ImageObject","inLanguage":"en-US","@id":"https:\/\/bunkerseguridad.es\/en\/security-product\/multispeech-voice-enunciator-kit-gjd\/#primaryimage","url":"https:\/\/bunkerseguridad.es\/en\/wp-content\/uploads\/2020\/08\/Wireless-Transmission-Equipment.png","contentUrl":"https:\/\/bunkerseguridad.es\/en\/wp-content\/uploads\/2020\/08\/Wireless-Transmission-Equipment.png","width":1200,"height":1200,"caption":"Multispeech Kit \u2013 GJD"},{"@type":"BreadcrumbList","@id":"https:\/\/bunkerseguridad.es\/en\/security-product\/multispeech-voice-enunciator-kit-gjd\/#breadcrumb","itemListElement":[{"@type":"ListItem","position":1,"name":"Home","item":"https:\/\/bunkerseguridad.es\/en\/"},{"@type":"ListItem","position":2,"name":"Shop","item":"https:\/\/bunkerseguridad.es\/en\/shop\/"},{"@type":"ListItem","position":3,"name":"Multispeech Enunciator Kit GJD090K"}]},{"@type":"WebSite","@id":"https:\/\/bunkerseguridad.es\/en\/#website","url":"https:\/\/bunkerseguridad.es\/en\/","name":"Bunker Seguridad Electr\u00f3nica S.L.","description":"Manufacturing and distribution of perimeter detection systems in Europe.","potentialAction":[{"@type":"SearchAction","target":{"@type":"EntryPoint","urlTemplate":"https:\/\/bunkerseguridad.es\/en\/?s={search_term_string}"},"query-input":{"@type":"PropertyValueSpecification","valueRequired":true,"valueName":"search_term_string"}}],"inLanguage":"en-US"}]}},"brands":[{"id":58,"name":"GJD","slug":"gjd-detect-deter"}],"_links":{"self":[{"href":"https:\/\/bunkerseguridad.es\/en\/wp-json\/wp\/v2\/product\/124","targetHints":{"allow":["GET"]}}],"collection":[{"href":"https:\/\/bunkerseguridad.es\/en\/wp-json\/wp\/v2\/product"}],"about":[{"href":"https:\/\/bunkerseguridad.es\/en\/wp-json\/wp\/v2\/types\/product"}],"wp:featuredmedia":[{"embeddable":true,"href":"https:\/\/bunkerseguridad.es\/en\/wp-json\/wp\/v2\/media\/626"}],"wp:attachment":[{"href":"https:\/\/bunkerseguridad.es\/en\/wp-json\/wp\/v2\/media?parent=124"}],"wp:term":[{"taxonomy":"pwb-brand","embeddable":true,"href":"https:\/\/bunkerseguridad.es\/en\/wp-json\/wp\/v2\/pwb-brand?post=124"},{"taxonomy":"product_brand","embeddable":true,"href":"https:\/\/bunkerseguridad.es\/en\/wp-json\/wp\/v2\/product_brand?post=124"},{"taxonomy":"product_cat","embeddable":true,"href":"https:\/\/bunkerseguridad.es\/en\/wp-json\/wp\/v2\/product_cat?post=124"},{"taxonomy":"product_tag","embeddable":true,"href":"https:\/\/bunkerseguridad.es\/en\/wp-json\/wp\/v2\/product_tag?post=124"}],"curies":[{"name":"wp","href":"https:\/\/api.w.org\/{rel}","templated":true}]}}