{"id":3,"date":"2020-08-07T08:03:22","date_gmt":"2020-08-07T08:03:22","guid":{"rendered":"http:\/\/www.bunkerseguridad.es\/en\/?page_id=3"},"modified":"2021-04-15T08:07:09","modified_gmt":"2021-04-15T08:07:09","slug":"avis-juridique","status":"publish","type":"page","link":"https:\/\/bunkerseguridad.es\/fr\/avis-juridique\/","title":{"rendered":"Legal notice"},"content":{"rendered":"<p>[et_pb_section fb_built=\u00a0\u00bb1&Prime; custom_padding_last_edited=\u00a0\u00bbon|phone\u00a0\u00bb _builder_version=\u00a0\u00bb4.8.1&Prime; custom_margin_tablet=\u00a0\u00bb\u00a0\u00bb custom_margin_phone=\u00a0\u00bb||||false|false\u00a0\u00bb custom_margin_last_edited=\u00a0\u00bbon|phone\u00a0\u00bb custom_padding_tablet=\u00a0\u00bb\u00a0\u00bb custom_padding_phone=\u00a0\u00bb||||false|false\u00a0\u00bb][et_pb_row custom_padding_last_edited=\u00a0\u00bbon|phone\u00a0\u00bb _builder_version=\u00a0\u00bb4.8.1&Prime; _module_preset=\u00a0\u00bbdefault\u00a0\u00bb custom_margin_tablet=\u00a0\u00bb\u00a0\u00bb custom_margin_phone=\u00a0\u00bb0px||0px||true|false\u00a0\u00bb custom_margin_last_edited=\u00a0\u00bbon|phone\u00a0\u00bb custom_padding_tablet=\u00a0\u00bb\u00a0\u00bb custom_padding_phone=\u00a0\u00bb0px||0px||true|false\u00a0\u00bb][et_pb_column type=\u00a0\u00bb4_4&Prime; _builder_version=\u00a0\u00bb4.7.7&Prime; _module_preset=\u00a0\u00bbdefault\u00a0\u00bb][et_pb_text _builder_version=\u00a0\u00bb4.8.1&Prime; _module_preset=\u00a0\u00bbdefault\u00a0\u00bb text_text_color=\u00a0\u00bb#004d9a\u00a0\u00bb text_font_size=\u00a0\u00bb50px\u00a0\u00bb text_line_height=\u00a0\u00bb1.2em\u00a0\u00bb animation_style=\u00a0\u00bbslide\u00a0\u00bb animation_direction=\u00a0\u00bbleft\u00a0\u00bb animation_intensity_slide=\u00a0\u00bb5%\u00a0\u00bb text_font_size_tablet=\u00a0\u00bb\u00a0\u00bb text_font_size_phone=\u00a0\u00bb30px\u00a0\u00bb text_font_size_last_edited=\u00a0\u00bbon|phone\u00a0\u00bb]<\/p>\n<p><strong>Avis juridique<\/strong><\/p>\n<p>[\/et_pb_text][et_pb_divider color=\u00a0\u00bb#004d9a\u00a0\u00bb divider_weight=\u00a0\u00bb2px\u00a0\u00bb _builder_version=\u00a0\u00bb4.7.7&Prime; _module_preset=\u00a0\u00bbdefault\u00a0\u00bb width=\u00a0\u00bb6%\u00a0\u00bb animation_style=\u00a0\u00bbslide\u00a0\u00bb animation_direction=\u00a0\u00bbleft\u00a0\u00bb][\/et_pb_divider][\/et_pb_column][\/et_pb_row][et_pb_row use_custom_gutter=\u00a0\u00bbon\u00a0\u00bb make_equal=\u00a0\u00bbon\u00a0\u00bb _builder_version=\u00a0\u00bb4.8.1&Prime; background_size=\u00a0\u00bbinitial\u00a0\u00bb background_position=\u00a0\u00bbtop_left\u00a0\u00bb background_repeat=\u00a0\u00bbrepeat\u00a0\u00bb width_tablet=\u00a0\u00bb\u00a0\u00bb width_phone=\u00a0\u00bb90%\u00a0\u00bb width_last_edited=\u00a0\u00bbon|phone\u00a0\u00bb max_width_tablet=\u00a0\u00bb\u00a0\u00bb max_width_phone=\u00a0\u00bb100%\u00a0\u00bb max_width_last_edited=\u00a0\u00bbon|phone\u00a0\u00bb][et_pb_column type=\u00a0\u00bb4_4&Prime; _builder_version=\u00a0\u00bb3.25&Prime; custom_padding=\u00a0\u00bb|||\u00a0\u00bb custom_padding__hover=\u00a0\u00bb|||\u00a0\u00bb][et_pb_text _builder_version=\u00a0\u00bb4.8.1&Prime; text_text_color=\u00a0\u00bb#000000&Prime; text_line_height=\u00a0\u00bb1.3em\u00a0\u00bb background_size=\u00a0\u00bbinitial\u00a0\u00bb background_position=\u00a0\u00bbtop_left\u00a0\u00bb background_repeat=\u00a0\u00bbrepeat\u00a0\u00bb text_orientation=\u00a0\u00bbjustified\u00a0\u00bb]<\/p>\n<h2>CONDITIONS D&rsquo;UTILISATION<\/h2>\n<p>&nbsp;<\/p>\n<h5>1. PROPRI\u00c9T\u00c9 DU SITE WEB<\/h5>\n<p>Ce site web est la propri\u00e9t\u00e9 de Bunker Seguridad Electr\u00f3nica S.L. (ci-apr\u00e8s d\u00e9nomm\u00e9e BUNKER SEGURIDAD), dont le si\u00e8ge social est situ\u00e9 Calle Arboleda, 18 &#8211; Nave 9, Madrid, titulaire du num\u00e9ro de TVA (CIF) B628551712, et inscrite au Registre du Commerce de Madrid au folio119, volume1933, page M-338844. (CIF) B628551712, et inscrite au Registre du Commerce de Madrid au folio119, volume19334, page M-338844.<\/p>\n<p>&nbsp;<\/p>\n<p>2. PROPRI\u00c9T\u00c9 INTELLECTUELLE DU SITE WEB<\/p>\n<p>Tous les droits de propri\u00e9t\u00e9 intellectuelle sur le contenu de ce site Web et sur sa conception graphique (y compris, entre autres, les donn\u00e9es, les images, les photographies, les graphiques, les animations, les cr\u00e9ations, le son, l&rsquo;audio, la vid\u00e9o, les dessins, les logiciels ou les textes, les marques ou les logotypes, les noms commerciaux ou les signes distinctifs, les combinaisons de couleurs, la structure et le design, etc. Par cons\u00e9quent, leur reproduction, distribution, communication publique et modification, totale ou partielle, sans le consentement pr\u00e9alable de BUNKER SEGURIDAD, sont interdites. De m\u00eame, tous les signes distinctifs, marques, noms commerciaux ou signes de tout type contenus sur ce site web, qui sont la propri\u00e9t\u00e9 de BUNKER SEGURIDAD ou de tiers, sont prot\u00e9g\u00e9s par la loi.<\/p>\n<p>&nbsp;<\/p>\n<p>3. CONTENU DU SITE WEB ET LIENS<\/p>\n<p>BUNKER SEGURIDAD d\u00e9cline toute responsabilit\u00e9 en cas de mauvaise utilisation des contenus de son site Web, qui rel\u00e8ve de la seule responsabilit\u00e9 de la personne qui y acc\u00e8de ou les utilise. BUNKER SEGURIDAD n&rsquo;assume pas non plus la responsabilit\u00e9 de l&rsquo;information contenue dans les sites web de tiers auxquels on peut acc\u00e9der par des liens depuis le site www.bunkerseguridad.es. Ces liens sont inclus ici \u00e0 titre informatif et ne constituent en aucun cas une invitation \u00e0 l&rsquo;achat de produits ou de services qui pourraient \u00eatre propos\u00e9s sur le site de destination. Si BUNKER SEGURIDAD venait \u00e0 avoir une connaissance effective du fait que l&rsquo;activit\u00e9 ou l&rsquo;information \u00e0 laquelle ces liens renvoient est ill\u00e9gale, constitue un d\u00e9lit ou peut porter atteinte aux biens ou aux droits de tiers susceptibles d&rsquo;\u00eatre indemnis\u00e9s, elle agira avec la diligence n\u00e9cessaire pour supprimer ou rendre inop\u00e9rant le lien respectif dans les plus brefs d\u00e9lais.<\/p>\n<p>&nbsp;<\/p>\n<p>4. MISE A JOUR ET MODIFICATION DU SITE WEB<\/p>\n<p>BUNKER SEGURIDAD se r\u00e9serve le droit d&rsquo;actualiser, de modifier ou d&rsquo;\u00e9liminer l&rsquo;information contenue sur son site Web, ainsi que sa configuration ou sa pr\u00e9sentation, \u00e0 tout moment, sans pr\u00e9avis et sans assumer aucune responsabilit\u00e9 \u00e0 cet \u00e9gard.<\/p>\n<p>&nbsp;<\/p>\n<p>5. TRAITEMENT DES DONN\u00c9ES DE L&rsquo;UTILISATEUR<\/p>\n<p>Afin de pouvoir effectuer des r\u00e9servations ou soumettre des demandes, et de recevoir des bulletins d&rsquo;information sur les offres et les promotions (si l&rsquo;utilisateur en a fait la demande expresse), l&rsquo;utilisateur devra nous fournir ses donn\u00e9es personnelles \u00e0 travers les diff\u00e9rents formulaires figurant sur le site. L&rsquo;utilisateur d\u00e9clare que toutes les informations qu&rsquo;il fournit sont v\u00e9ridiques, compl\u00e8tes et exactes et qu&rsquo;il autorise BUNKER SEGURIDAD \u00e0 introduire ses donn\u00e9es dans un fichier afin que, conform\u00e9ment \u00e0 la loi organique 15\/1999, relative \u00e0 la protection des donn\u00e9es personnelles, BUNKER SEGURIDAD puisse fournir les services demand\u00e9s par l&rsquo;utilisateur. Dans le cas o\u00f9 BUNKER SEGURIDAD rencontrerait un quelconque probl\u00e8me dans le traitement d&rsquo;une demande, les donn\u00e9es personnelles ainsi fournies pourront \u00eatre utilis\u00e9es pour contacter l&rsquo;utilisateur.<br \/>La confirmation des r\u00e9servations se fera par le biais d&rsquo;un courrier \u00e9lectronique et\/ou par tout autre moyen que BUNKER SEGURIDAD jugera appropri\u00e9.<br \/>Dans tous les cas, l&rsquo;utilisateur pourra exercer les droits d&rsquo;acc\u00e8s, d&rsquo;opposition, de rectification et d&rsquo;annulation pr\u00e9vus dans la loi pr\u00e9cit\u00e9e, en envoyant une lettre \u00e0 BUNKER SEGURIDAD (r\u00e9f. \u00ab\u00a0Protection des donn\u00e9es\u00a0\u00bb), Calle Arboleda, 18 &#8211; nave 9- Madrid, ou en envoyant un courrier \u00e9lectronique \u00e0 l&rsquo;adresse suivante address:info@bunkerseguridad.es.<\/p>\n<p>&nbsp;<\/p>\n<p>6. LOI APPLICABLE ET JURIDICTION<\/p>\n<p>Si l&rsquo;une des clauses de ces conditions d&rsquo;utilisation devait \u00eatre d\u00e9clar\u00e9e totalement ou partiellement nulle, cette nullit\u00e9 n&rsquo;affectera que la disposition ou la partie de la disposition qui a \u00e9t\u00e9 d\u00e9clar\u00e9e nulle, et les conditions d&rsquo;utilisation subsisteront pour le reste, la disposition affect\u00e9e \u00e9tant consid\u00e9r\u00e9e comme n&rsquo;ayant pas \u00e9t\u00e9 incluse.<br \/>Les discussions internes et les divergences qui devaient se fonder sur ce texte seront r\u00e9gl\u00e9es entre les parties d&rsquo;un commun accord. En cas d&rsquo;action en justice, toutes les questions relatives au portail seront r\u00e9gies par la l\u00e9gislation espagnole et seront soumises \u00e0 la juridiction des Cours et Tribunaux de la ville de Madrid.<\/p>\n<p>&nbsp;<\/p>\n<p>[\/et_pb_text][\/et_pb_column][\/et_pb_row][\/et_pb_section]<\/p>\n","protected":false},"excerpt":{"rendered":"<p>Avis juridiqueCONDITIONS D&rsquo;UTILISATION &nbsp; 1. PROPRI\u00c9T\u00c9 DU SITE WEB Ce site web est la propri\u00e9t\u00e9 de Bunker Seguridad Electr\u00f3nica S.L. (ci-apr\u00e8s d\u00e9nomm\u00e9e BUNKER SEGURIDAD), dont le si\u00e8ge social est situ\u00e9 Calle Arboleda, 18 &#8211; Nave 9, Madrid, titulaire du num\u00e9ro de TVA (CIF) B628551712, et inscrite au Registre du Commerce de Madrid au folio119, volume1933, [&hellip;]<\/p>\n","protected":false},"author":1,"featured_media":0,"parent":0,"menu_order":0,"comment_status":"closed","ping_status":"closed","template":"","meta":{"_et_pb_use_builder":"on","_et_pb_old_content":"<!-- wp:heading -->\r\n<h2>Qui\u00e9nes somos<\/h2>\r\n<!-- \/wp:heading --><!-- wp:paragraph -->\r\n<p>La direcci\u00f3n de nuestra web es: http:\/\/www.bunkerseguridad.es\/en.<\/p>\r\n<!-- \/wp:paragraph --><!-- wp:heading -->\r\n<h2>Qu\u00e9 datos personales recogemos y por qu\u00e9 los recogemos<\/h2>\r\n<!-- \/wp:heading --><!-- wp:heading {\"level\":3} -->\r\n<h3>Comentarios<\/h3>\r\n<!-- \/wp:heading --><!-- wp:paragraph -->\r\n<p>Cuando los visitantes dejan comentarios en la web, recopilamos los datos que se muestran en el formulario de comentarios, as\u00ed como la direcci\u00f3n IP del visitante y la cadena de agentes de usuario del navegador para ayudar a la detecci\u00f3n de spam.<\/p>\r\n<!-- \/wp:paragraph --><!-- wp:paragraph -->\r\n<p>Una cadena an\u00f3nima creada a partir de tu direcci\u00f3n de correo electr\u00f3nico (tambi\u00e9n llamada hash) puede ser proporcionada al servicio de Gravatar para ver si la est\u00e1s usando. La pol\u00edtica de privacidad del servicio Gravatar est\u00e1 disponible aqu\u00ed: https:\/\/automattic.com\/privacy\/. Despu\u00e9s de la aprobaci\u00f3n de tu comentario, la imagen de tu perfil es visible para el p\u00fablico en el contexto de tu comentario.<\/p>\r\n<!-- \/wp:paragraph --><!-- wp:heading {\"level\":3} -->\r\n<h3>Medios<\/h3>\r\n<!-- \/wp:heading --><!-- wp:paragraph -->\r\n<p>Si subes im\u00e1genes a la web, deber\u00edas evitar subir im\u00e1genes con datos de ubicaci\u00f3n (GPS EXIF) incluidos. Los visitantes de la web pueden descargar y extraer cualquier dato de ubicaci\u00f3n de las im\u00e1genes de la web.<\/p>\r\n<!-- \/wp:paragraph --><!-- wp:heading {\"level\":3} -->\r\n<h3>Formularios de contacto<\/h3>\r\n<!-- \/wp:heading --><!-- wp:heading {\"level\":3} -->\r\n<h3>Cookies<\/h3>\r\n<!-- \/wp:heading --><!-- wp:paragraph -->\r\n<p>Si dejas un comentario en nuestro sitio puedes elegir guardar tu nombre, direcci\u00f3n de correo electr\u00f3nico y web en cookies. Esto es para tu comodidad, para que no tengas que volver a rellenar tus datos cuando dejes otro comentario. Estas cookies tendr\u00e1n una duraci\u00f3n de un a\u00f1o.<\/p>\r\n<!-- \/wp:paragraph --><!-- wp:paragraph -->\r\n<p>Si tienes una cuenta y te conectas a este sitio, instalaremos una cookie temporal para determinar si tu navegador acepta cookies. Esta cookie no contiene datos personales y se elimina al cerrar el navegador.<\/p>\r\n<!-- \/wp:paragraph --><!-- wp:paragraph -->\r\n<p>Cuando accedas, tambi\u00e9n instalaremos varias cookies para guardar tu informaci\u00f3n de acceso y tus opciones de visualizaci\u00f3n de pantalla. Las cookies de acceso duran dos d\u00edas, y las cookies de opciones de pantalla duran un a\u00f1o. Si seleccionas \u00abRecu\u00e9rdarme\u00bb, tu acceso perdurar\u00e1 durante dos semanas. Si sales de tu cuenta, las cookies de acceso se eliminar\u00e1n.<\/p>\r\n<!-- \/wp:paragraph --><!-- wp:paragraph -->\r\n<p>Si editas o publicas un art\u00edculo se guardar\u00e1 una cookie adicional en tu navegador. Esta cookie no incluye datos personales y simplemente indica el ID del art\u00edculo que acabas de editar. Caduca despu\u00e9s de 1 d\u00eda.<\/p>\r\n<!-- \/wp:paragraph --><!-- wp:heading {\"level\":3} -->\r\n<h3>Contenido incrustado de otros sitios web<\/h3>\r\n<!-- \/wp:heading --><!-- wp:paragraph -->\r\n<p>Los art\u00edculos de este sitio pueden incluir contenido incrustado (por ejemplo, v\u00eddeos, im\u00e1genes, art\u00edculos, etc.). El contenido incrustado de otras webs se comporta exactamente de la misma manera que si el visitante hubiera visitado la otra web.<\/p>\r\n<!-- \/wp:paragraph --><!-- wp:paragraph -->\r\n<p>Estas web pueden recopilar datos sobre ti, utilizar cookies, incrustar un seguimiento adicional de terceros, y supervisar tu interacci\u00f3n con ese contenido incrustado, incluido el seguimiento de tu interacci\u00f3n con el contenido incrustado si tienes una cuenta y est\u00e1s conectado a esa web.<\/p>\r\n<!-- \/wp:paragraph --><!-- wp:heading {\"level\":3} -->\r\n<h3>Anal\u00edtica<\/h3>\r\n<!-- \/wp:heading --><!-- wp:heading -->\r\n<h2>Con qui\u00e9n compartimos tus datos<\/h2>\r\n<!-- \/wp:heading --><!-- wp:heading -->\r\n<h2>Cu\u00e1nto tiempo conservamos tus datos<\/h2>\r\n<!-- \/wp:heading --><!-- wp:paragraph -->\r\n<p>Si dejas un comentario, el comentario y sus metadatos se conservan indefinidamente. Esto es para que podamos reconocer y aprobar comentarios sucesivos autom\u00e1ticamente, en lugar de mantenerlos en una cola de moderaci\u00f3n.<\/p>\r\n<!-- \/wp:paragraph --><!-- wp:paragraph -->\r\n<p>De los usuarios que se registran en nuestra web (si los hay), tambi\u00e9n almacenamos la informaci\u00f3n personal que proporcionan en su perfil de usuario. Todos los usuarios pueden ver, editar o eliminar su informaci\u00f3n personal en cualquier momento (excepto que no pueden cambiar su nombre de usuario). Los administradores de la web tambi\u00e9n pueden ver y editar esa informaci\u00f3n.<\/p>\r\n<!-- \/wp:paragraph --><!-- wp:heading -->\r\n<h2>Qu\u00e9 derechos tienes sobre tus datos<\/h2>\r\n<!-- \/wp:heading --><!-- wp:paragraph -->\r\n<p>Si tienes una cuenta o has dejado comentarios en esta web, puedes solicitar recibir un archivo de exportaci\u00f3n de los datos personales que tenemos sobre ti, incluyendo cualquier dato que nos hayas proporcionado. Tambi\u00e9n puedes solicitar que eliminemos cualquier dato personal que tengamos sobre ti. Esto no incluye ning\u00fan dato que estemos obligados a conservar con fines administrativos, legales o de seguridad.<\/p>\r\n<!-- \/wp:paragraph --><!-- wp:heading -->\r\n<h2>D\u00f3nde enviamos tus datos<\/h2>\r\n<!-- \/wp:heading --><!-- wp:paragraph -->\r\n<p>Los comentarios de los visitantes puede que los revise un servicio de detecci\u00f3n autom\u00e1tica de spam.<\/p>\r\n<!-- \/wp:paragraph --><!-- wp:heading -->\r\n<h2>Tu informaci\u00f3n de contacto<\/h2>\r\n<!-- \/wp:heading --><!-- wp:heading -->\r\n<h2>Informaci\u00f3n adicional<\/h2>\r\n<!-- \/wp:heading --><!-- wp:heading {\"level\":3} -->\r\n<h3>C\u00f3mo protegemos tus datos<\/h3>\r\n<!-- \/wp:heading --><!-- wp:heading {\"level\":3} -->\r\n<h3>Qu\u00e9 procedimientos utilizamos contra las brechas de datos<\/h3>\r\n<!-- \/wp:heading --><!-- wp:heading {\"level\":3} -->\r\n<h3>De qu\u00e9 terceros recibimos datos<\/h3>\r\n<!-- \/wp:heading --><!-- wp:heading {\"level\":3} -->\r\n<h3>Qu\u00e9 tipo de toma de decisiones automatizada y\/o perfilado hacemos con los datos del usuario<\/h3>\r\n<!-- \/wp:heading --><!-- wp:heading {\"level\":3} -->\r\n<h3>Requerimientos regulatorios de revelaci\u00f3n de informaci\u00f3n del sector<\/h3>\r\n<!-- \/wp:heading -->","_et_gb_content_width":"","footnotes":""},"class_list":["post-3","page","type-page","status-publish","hentry"],"yoast_head":"<!-- This site is optimized with the Yoast SEO plugin v25.2 - https:\/\/yoast.com\/wordpress\/plugins\/seo\/ -->\n<title>Legal notice - Bunker Seguridad<\/title>\n<meta name=\"robots\" content=\"noindex, follow, max-snippet:-1, max-image-preview:large, max-video-preview:-1\" \/>\n<meta property=\"og:locale\" content=\"fr_FR\" \/>\n<meta property=\"og:type\" content=\"article\" \/>\n<meta property=\"og:title\" content=\"Legal notice - Bunker Seguridad\" \/>\n<meta property=\"og:description\" content=\"Avis juridiqueCONDITIONS D&#039;UTILISATION &nbsp; 1. PROPRI\u00c9T\u00c9 DU SITE WEB Ce site web est la propri\u00e9t\u00e9 de Bunker Seguridad Electr\u00f3nica S.L. (ci-apr\u00e8s d\u00e9nomm\u00e9e BUNKER SEGURIDAD), dont le si\u00e8ge social est situ\u00e9 Calle Arboleda, 18 - Nave 9, Madrid, titulaire du num\u00e9ro de TVA (CIF) B628551712, et inscrite au Registre du Commerce de Madrid au folio119, volume1933, [&hellip;]\" \/>\n<meta property=\"og:url\" content=\"https:\/\/bunkerseguridad.es\/fr\/avis-juridique\/\" \/>\n<meta property=\"og:site_name\" content=\"Bunker Seguridad\" \/>\n<meta property=\"article:modified_time\" content=\"2021-04-15T08:07:09+00:00\" \/>\n<meta name=\"twitter:card\" content=\"summary_large_image\" \/>\n<meta name=\"twitter:label1\" content=\"Dur\u00e9e de lecture estim\u00e9e\" \/>\n\t<meta name=\"twitter:data1\" content=\"5 minutes\" \/>\n<script type=\"application\/ld+json\" class=\"yoast-schema-graph\">{\"@context\":\"https:\/\/schema.org\",\"@graph\":[{\"@type\":\"WebPage\",\"@id\":\"https:\/\/bunkerseguridad.es\/fr\/avis-juridique\/\",\"url\":\"https:\/\/bunkerseguridad.es\/fr\/avis-juridique\/\",\"name\":\"Legal notice - Bunker Seguridad\",\"isPartOf\":{\"@id\":\"https:\/\/bunkerseguridad.es\/fr\/#website\"},\"datePublished\":\"2020-08-07T08:03:22+00:00\",\"dateModified\":\"2021-04-15T08:07:09+00:00\",\"breadcrumb\":{\"@id\":\"https:\/\/bunkerseguridad.es\/fr\/avis-juridique\/#breadcrumb\"},\"inLanguage\":\"fr-FR\",\"potentialAction\":[{\"@type\":\"ReadAction\",\"target\":[\"https:\/\/bunkerseguridad.es\/fr\/avis-juridique\/\"]}]},{\"@type\":\"BreadcrumbList\",\"@id\":\"https:\/\/bunkerseguridad.es\/fr\/avis-juridique\/#breadcrumb\",\"itemListElement\":[{\"@type\":\"ListItem\",\"position\":1,\"name\":\"Home\",\"item\":\"https:\/\/bunkerseguridad.es\/fr\/\"},{\"@type\":\"ListItem\",\"position\":2,\"name\":\"Legal notice\"}]},{\"@type\":\"WebSite\",\"@id\":\"https:\/\/bunkerseguridad.es\/fr\/#website\",\"url\":\"https:\/\/bunkerseguridad.es\/fr\/\",\"name\":\"Bunker Seguridad\",\"description\":\"Otro sitio realizado con WordPress\",\"potentialAction\":[{\"@type\":\"SearchAction\",\"target\":{\"@type\":\"EntryPoint\",\"urlTemplate\":\"https:\/\/bunkerseguridad.es\/fr\/?s={search_term_string}\"},\"query-input\":{\"@type\":\"PropertyValueSpecification\",\"valueRequired\":true,\"valueName\":\"search_term_string\"}}],\"inLanguage\":\"fr-FR\"}]}<\/script>\n<!-- \/ Yoast SEO plugin. -->","yoast_head_json":{"title":"Legal notice - Bunker Seguridad","robots":{"index":"noindex","follow":"follow","max-snippet":"max-snippet:-1","max-image-preview":"max-image-preview:large","max-video-preview":"max-video-preview:-1"},"og_locale":"fr_FR","og_type":"article","og_title":"Legal notice - Bunker Seguridad","og_description":"Avis juridiqueCONDITIONS D'UTILISATION &nbsp; 1. PROPRI\u00c9T\u00c9 DU SITE WEB Ce site web est la propri\u00e9t\u00e9 de Bunker Seguridad Electr\u00f3nica S.L. (ci-apr\u00e8s d\u00e9nomm\u00e9e BUNKER SEGURIDAD), dont le si\u00e8ge social est situ\u00e9 Calle Arboleda, 18 - Nave 9, Madrid, titulaire du num\u00e9ro de TVA (CIF) B628551712, et inscrite au Registre du Commerce de Madrid au folio119, volume1933, [&hellip;]","og_url":"https:\/\/bunkerseguridad.es\/fr\/avis-juridique\/","og_site_name":"Bunker Seguridad","article_modified_time":"2021-04-15T08:07:09+00:00","twitter_card":"summary_large_image","twitter_misc":{"Dur\u00e9e de lecture estim\u00e9e":"5 minutes"},"schema":{"@context":"https:\/\/schema.org","@graph":[{"@type":"WebPage","@id":"https:\/\/bunkerseguridad.es\/fr\/avis-juridique\/","url":"https:\/\/bunkerseguridad.es\/fr\/avis-juridique\/","name":"Legal notice - Bunker Seguridad","isPartOf":{"@id":"https:\/\/bunkerseguridad.es\/fr\/#website"},"datePublished":"2020-08-07T08:03:22+00:00","dateModified":"2021-04-15T08:07:09+00:00","breadcrumb":{"@id":"https:\/\/bunkerseguridad.es\/fr\/avis-juridique\/#breadcrumb"},"inLanguage":"fr-FR","potentialAction":[{"@type":"ReadAction","target":["https:\/\/bunkerseguridad.es\/fr\/avis-juridique\/"]}]},{"@type":"BreadcrumbList","@id":"https:\/\/bunkerseguridad.es\/fr\/avis-juridique\/#breadcrumb","itemListElement":[{"@type":"ListItem","position":1,"name":"Home","item":"https:\/\/bunkerseguridad.es\/fr\/"},{"@type":"ListItem","position":2,"name":"Legal notice"}]},{"@type":"WebSite","@id":"https:\/\/bunkerseguridad.es\/fr\/#website","url":"https:\/\/bunkerseguridad.es\/fr\/","name":"Bunker Seguridad","description":"Otro sitio realizado con WordPress","potentialAction":[{"@type":"SearchAction","target":{"@type":"EntryPoint","urlTemplate":"https:\/\/bunkerseguridad.es\/fr\/?s={search_term_string}"},"query-input":{"@type":"PropertyValueSpecification","valueRequired":true,"valueName":"search_term_string"}}],"inLanguage":"fr-FR"}]}},"_links":{"self":[{"href":"https:\/\/bunkerseguridad.es\/fr\/wp-json\/wp\/v2\/pages\/3","targetHints":{"allow":["GET"]}}],"collection":[{"href":"https:\/\/bunkerseguridad.es\/fr\/wp-json\/wp\/v2\/pages"}],"about":[{"href":"https:\/\/bunkerseguridad.es\/fr\/wp-json\/wp\/v2\/types\/page"}],"author":[{"embeddable":true,"href":"https:\/\/bunkerseguridad.es\/fr\/wp-json\/wp\/v2\/users\/1"}],"replies":[{"embeddable":true,"href":"https:\/\/bunkerseguridad.es\/fr\/wp-json\/wp\/v2\/comments?post=3"}],"version-history":[{"count":24,"href":"https:\/\/bunkerseguridad.es\/fr\/wp-json\/wp\/v2\/pages\/3\/revisions"}],"predecessor-version":[{"id":8321,"href":"https:\/\/bunkerseguridad.es\/fr\/wp-json\/wp\/v2\/pages\/3\/revisions\/8321"}],"wp:attachment":[{"href":"https:\/\/bunkerseguridad.es\/fr\/wp-json\/wp\/v2\/media?parent=3"}],"curies":[{"name":"wp","href":"https:\/\/api.w.org\/{rel}","templated":true}]}}