{"id":124,"date":"2020-08-19T11:15:30","date_gmt":"2020-08-19T11:15:30","guid":{"rendered":"http:\/\/www.bunkerseguridad.es\/en\/?post_type=product&#038;p=124"},"modified":"2021-02-15T10:24:58","modified_gmt":"2021-02-15T10:24:58","slug":"kit-annonciateur-multi-discoursr-kit-gjd","status":"publish","type":"product","link":"https:\/\/bunkerseguridad.es\/fr\/produit\/kit-annonciateur-multi-discoursr-kit-gjd\/","title":{"rendered":"Kit d&rsquo;annonciateur multi-discours GJD090K"},"content":{"rendered":"<p>Le<strong> kit d&rsquo;\u00e9nonciateur de parole du GJD lit un enregistrement souhait\u00e9 lorsqu&rsquo;un \u00e9v\u00e9nement donn\u00e9 se produit.<\/strong><\/p>\n<p>Un seul message utilisateur de 120 secondes peut \u00eatre enregistr\u00e9 ainsi que quatre messages diff\u00e9rents de 30 secondes sur chaque canal, en fonction des besoins. <strong>Le contr\u00f4le du volume est r\u00e9glable et ce sont deux sons de pr\u00e9-attention disponibles.<\/strong><\/p>\n<p>Le module accepte toute entr\u00e9e normalement ouverte ou normalement ferm\u00e9e, ce qui donne une plus grande flexibilit\u00e9 pour l&rsquo;utiliser avec une grande vari\u00e9t\u00e9 de tout <strong>dispositif de d\u00e9tection<\/strong>, <strong>panneau d&rsquo;alarme, bouton de panique, r\u00e9pondeur t\u00e9l\u00e9phonique ou activation \u00e0 partir d&rsquo;un poste de surveillance vid\u00e9o \u00e0 distance<\/strong>. Le microphone embarqu\u00e9 ou alternativement par une entr\u00e9e ligne 1V pp.<\/p>\n<p><strong>L&rsquo;installation est facile et l&rsquo;enregistrement des messages est simple et rapide.<\/strong><\/p>\n<p><strong>Caract\u00e9ristiques:<\/strong><\/p>\n<ul>\n<li>Kit d&rsquo;\u00e9nonciation vocale \u00e0 4 canaux<\/li>\n<li>4 messages enregistrables par l&rsquo;utilisateur<\/li>\n<li>2 sons de pr\u00e9-attention<\/li>\n<li>Contr\u00f4le du volume r\u00e9glable<\/li>\n<li>2 sorties haut-parleurs<\/li>\n<\/ul>\n","protected":false},"excerpt":{"rendered":"<p><strong>Kit d&rsquo;\u00e9nonciation vocale \u00e0 4 canaux pour la surveillance des intrus, le contr\u00f4le d&rsquo;acc\u00e8s, l&rsquo;accueil, l&rsquo;avertissement ou le conseil.<\/strong><\/p>\n<p>Il comprend un haut-parleur<strong> \u00e0 cornes<\/strong>, un <strong>haut-parleur<\/strong> \u00e0 musiques et un bloc d&rsquo;alimentation dans un bo\u00eetier \u00e9tanche.<\/p>\n<p>L&rsquo;\u00e9nonciateur vocal <strong>Multispeech 4<\/strong> fournit une sortie audio de 8 ohms qui peut \u00eatre appliqu\u00e9e \u00e0 un <strong>haut-parleur<\/strong> ou \u00e0 un <strong>composeur ayant une entr\u00e9e de processeur vocal.<\/strong><\/p>\n","protected":false},"featured_media":626,"template":"","meta":{"_et_pb_use_builder":"off","_et_pb_old_content":"<strong><span style=\"vertical-align: inherit\"><span style=\"vertical-align: inherit\">Para monitoreo de intrusos, control de acceso, bienvenida, advertencia o aviso<\/span><\/span><\/strong><span style=\"vertical-align: inherit\"><span style=\"vertical-align: inherit\"> \u00a0, recomendamos el\u00a0 <\/span><\/span><strong><span style=\"vertical-align: inherit\"><span style=\"vertical-align: inherit\">enunciador de voz de 4 canales - <\/span><\/span><\/strong>\u00a0<strong><span style=\"vertical-align: inherit\"><span style=\"vertical-align: inherit\">Multispeech Kit GJD090<\/span><\/span><\/strong><span style=\"vertical-align: inherit\"><span style=\"vertical-align: inherit\"> . <\/span><span style=\"vertical-align: inherit\">Se puede grabar un mensaje diferente de 30 segundos en cada canal o podr\u00eda ser un solo mensaje de 120 segundos.<\/span><\/span>\r\n\r\n<span style=\"vertical-align: inherit\"><span style=\"vertical-align: inherit\">El m\u00f3dulo es configurable para aceptar cualquier entrada normalmente abierta o normalmente cerrada, lo que le da una mayor flexibilidad para usarlo con cualquier\u00a0 <\/span><\/span><strong><span style=\"vertical-align: inherit\"><span style=\"vertical-align: inherit\">dispositivo de detecci\u00f3n, panel de alarma, bot\u00f3n de p\u00e1nico, contestador telef\u00f3nico o activaci\u00f3n desde una estaci\u00f3n de monitoreo de video remota.\u00a0<\/span><\/span><\/strong><span style=\"vertical-align: inherit\"><span style=\"vertical-align: inherit\">El control de volumen es ajustable y hay dos sonidos de preatenci\u00f3n disponibles.<\/span><\/span>\r\n\r\n<span style=\"vertical-align: inherit\"><span style=\"vertical-align: inherit\">El kit Multispeech proporciona una salida de audio de 8 ohmios que se puede aplicar a un altavoz o un marcador que tenga una entrada de procesador de voz. <\/span><span style=\"vertical-align: inherit\">La grabaci\u00f3n se puede realizar utilizando el micr\u00f3fono integrado o, alternativamente, mediante una entrada de l\u00ednea de 1V pp.\u00a0<\/span><\/span><strong><span style=\"vertical-align: inherit\"><span style=\"vertical-align: inherit\">La instalaci\u00f3n es f\u00e1cil y la grabaci\u00f3n de mensajes es r\u00e1pida y sencilla<\/span><\/span><\/strong><span style=\"vertical-align: inherit\"><span style=\"vertical-align: inherit\"> .<\/span><\/span>\r\n\r\n<span style=\"vertical-align: inherit\"><span style=\"vertical-align: inherit\">Este kit incluye:<\/span><\/span>\r\n\r\n<strong><span style=\"vertical-align: inherit\"><span style=\"vertical-align: inherit\">1 altavoz de bocina de 8 vatios y 8 ohmios<\/span><\/span><\/strong>\r\n\r\n<strong><span style=\"vertical-align: inherit\"><span style=\"vertical-align: inherit\">1 x Multispeech y PSU en caja resistente a la intemperie<\/span><\/span><\/strong>","_et_gb_content_width":""},"pwb-brand":[58],"product_brand":[],"product_cat":[41,43],"product_tag":[99,100,102,101],"class_list":{"0":"post-124","1":"product","2":"type-product","3":"status-publish","4":"has-post-thumbnail","6":"pwb-brand-gjd-detect-deter","7":"product_cat-detection-intrusion-perimetrique","8":"product_cat-solutions-auxiliaires","9":"product_tag-kit-multispeech","10":"product_tag-module-dinterface-ip","11":"product_tag-solution-auxiliaire","12":"product_tag-solution-desinfectante","14":"first","15":"instock","16":"shipping-taxable","17":"product-type-simple"},"yoast_head":"<!-- This site is optimized with the Yoast SEO plugin v25.2 - https:\/\/yoast.com\/wordpress\/plugins\/seo\/ -->\n<title>Kit d&#039;annonciateur multi-discours GJD090K - Bunker Seguridad<\/title>\n<meta name=\"description\" content=\"Kit d&#039;\u00e9nonciation pour la surveillance des intrus, l&#039;accueil ou l&#039;avertissement avec un haut-parleur, un musltispeech et un PSU.\" \/>\n<meta name=\"robots\" content=\"noindex, follow, max-snippet:-1, max-image-preview:large, max-video-preview:-1\" \/>\n<meta property=\"og:locale\" content=\"fr_FR\" \/>\n<meta property=\"og:type\" content=\"article\" \/>\n<meta property=\"og:title\" content=\"Kit d&#039;annonciateur multi-discours GJD090K - Bunker Seguridad\" \/>\n<meta property=\"og:description\" content=\"Kit d&#039;\u00e9nonciation pour la surveillance des intrus, l&#039;accueil ou l&#039;avertissement avec un haut-parleur, un musltispeech et un PSU.\" \/>\n<meta property=\"og:url\" content=\"https:\/\/bunkerseguridad.es\/fr\/produit\/kit-annonciateur-multi-discoursr-kit-gjd\/\" \/>\n<meta property=\"og:site_name\" content=\"Bunker Seguridad\" \/>\n<meta property=\"article:modified_time\" content=\"2021-02-15T10:24:58+00:00\" \/>\n<meta property=\"og:image\" content=\"https:\/\/bunkerseguridad.es\/fr\/wp-content\/uploads\/2020\/08\/Wireless-Transmission-Equipment.png\" \/>\n\t<meta property=\"og:image:width\" content=\"1200\" \/>\n\t<meta property=\"og:image:height\" content=\"1200\" \/>\n\t<meta property=\"og:image:type\" content=\"image\/png\" \/>\n<meta name=\"twitter:card\" content=\"summary_large_image\" \/>\n<meta name=\"twitter:label1\" content=\"Dur\u00e9e de lecture estim\u00e9e\" \/>\n\t<meta name=\"twitter:data1\" content=\"1 minute\" \/>\n<script type=\"application\/ld+json\" class=\"yoast-schema-graph\">{\"@context\":\"https:\/\/schema.org\",\"@graph\":[{\"@type\":\"WebPage\",\"@id\":\"https:\/\/bunkerseguridad.es\/fr\/produit\/kit-annonciateur-multi-discoursr-kit-gjd\/\",\"url\":\"https:\/\/bunkerseguridad.es\/fr\/produit\/kit-annonciateur-multi-discoursr-kit-gjd\/\",\"name\":\"Kit d'annonciateur multi-discours GJD090K - Bunker Seguridad\",\"isPartOf\":{\"@id\":\"https:\/\/bunkerseguridad.es\/fr\/#website\"},\"primaryImageOfPage\":{\"@id\":\"https:\/\/bunkerseguridad.es\/fr\/produit\/kit-annonciateur-multi-discoursr-kit-gjd\/#primaryimage\"},\"image\":{\"@id\":\"https:\/\/bunkerseguridad.es\/fr\/produit\/kit-annonciateur-multi-discoursr-kit-gjd\/#primaryimage\"},\"thumbnailUrl\":\"https:\/\/bunkerseguridad.es\/fr\/wp-content\/uploads\/2020\/08\/Wireless-Transmission-Equipment.png\",\"datePublished\":\"2020-08-19T11:15:30+00:00\",\"dateModified\":\"2021-02-15T10:24:58+00:00\",\"description\":\"Kit d'\u00e9nonciation pour la surveillance des intrus, l'accueil ou l'avertissement avec un haut-parleur, un musltispeech et un PSU.\",\"breadcrumb\":{\"@id\":\"https:\/\/bunkerseguridad.es\/fr\/produit\/kit-annonciateur-multi-discoursr-kit-gjd\/#breadcrumb\"},\"inLanguage\":\"fr-FR\",\"potentialAction\":[{\"@type\":\"ReadAction\",\"target\":[\"https:\/\/bunkerseguridad.es\/fr\/produit\/kit-annonciateur-multi-discoursr-kit-gjd\/\"]}]},{\"@type\":\"ImageObject\",\"inLanguage\":\"fr-FR\",\"@id\":\"https:\/\/bunkerseguridad.es\/fr\/produit\/kit-annonciateur-multi-discoursr-kit-gjd\/#primaryimage\",\"url\":\"https:\/\/bunkerseguridad.es\/fr\/wp-content\/uploads\/2020\/08\/Wireless-Transmission-Equipment.png\",\"contentUrl\":\"https:\/\/bunkerseguridad.es\/fr\/wp-content\/uploads\/2020\/08\/Wireless-Transmission-Equipment.png\",\"width\":1200,\"height\":1200,\"caption\":\"Multispeech Kit \u2013 GJD\"},{\"@type\":\"BreadcrumbList\",\"@id\":\"https:\/\/bunkerseguridad.es\/fr\/produit\/kit-annonciateur-multi-discoursr-kit-gjd\/#breadcrumb\",\"itemListElement\":[{\"@type\":\"ListItem\",\"position\":1,\"name\":\"Home\",\"item\":\"https:\/\/bunkerseguridad.es\/fr\/\"},{\"@type\":\"ListItem\",\"position\":2,\"name\":\"Shop\",\"item\":\"https:\/\/bunkerseguridad.es\/fr\/shop\/\"},{\"@type\":\"ListItem\",\"position\":3,\"name\":\"Kit d&rsquo;annonciateur multi-discours GJD090K\"}]},{\"@type\":\"WebSite\",\"@id\":\"https:\/\/bunkerseguridad.es\/fr\/#website\",\"url\":\"https:\/\/bunkerseguridad.es\/fr\/\",\"name\":\"Bunker Seguridad\",\"description\":\"Otro sitio realizado con WordPress\",\"potentialAction\":[{\"@type\":\"SearchAction\",\"target\":{\"@type\":\"EntryPoint\",\"urlTemplate\":\"https:\/\/bunkerseguridad.es\/fr\/?s={search_term_string}\"},\"query-input\":{\"@type\":\"PropertyValueSpecification\",\"valueRequired\":true,\"valueName\":\"search_term_string\"}}],\"inLanguage\":\"fr-FR\"}]}<\/script>\n<!-- \/ Yoast SEO plugin. -->","yoast_head_json":{"title":"Kit d'annonciateur multi-discours GJD090K - Bunker Seguridad","description":"Kit d'\u00e9nonciation pour la surveillance des intrus, l'accueil ou l'avertissement avec un haut-parleur, un musltispeech et un PSU.","robots":{"index":"noindex","follow":"follow","max-snippet":"max-snippet:-1","max-image-preview":"max-image-preview:large","max-video-preview":"max-video-preview:-1"},"og_locale":"fr_FR","og_type":"article","og_title":"Kit d'annonciateur multi-discours GJD090K - Bunker Seguridad","og_description":"Kit d'\u00e9nonciation pour la surveillance des intrus, l'accueil ou l'avertissement avec un haut-parleur, un musltispeech et un PSU.","og_url":"https:\/\/bunkerseguridad.es\/fr\/produit\/kit-annonciateur-multi-discoursr-kit-gjd\/","og_site_name":"Bunker Seguridad","article_modified_time":"2021-02-15T10:24:58+00:00","og_image":[{"width":1200,"height":1200,"url":"https:\/\/bunkerseguridad.es\/fr\/wp-content\/uploads\/2020\/08\/Wireless-Transmission-Equipment.png","type":"image\/png"}],"twitter_card":"summary_large_image","twitter_misc":{"Dur\u00e9e de lecture estim\u00e9e":"1 minute"},"schema":{"@context":"https:\/\/schema.org","@graph":[{"@type":"WebPage","@id":"https:\/\/bunkerseguridad.es\/fr\/produit\/kit-annonciateur-multi-discoursr-kit-gjd\/","url":"https:\/\/bunkerseguridad.es\/fr\/produit\/kit-annonciateur-multi-discoursr-kit-gjd\/","name":"Kit d'annonciateur multi-discours GJD090K - Bunker Seguridad","isPartOf":{"@id":"https:\/\/bunkerseguridad.es\/fr\/#website"},"primaryImageOfPage":{"@id":"https:\/\/bunkerseguridad.es\/fr\/produit\/kit-annonciateur-multi-discoursr-kit-gjd\/#primaryimage"},"image":{"@id":"https:\/\/bunkerseguridad.es\/fr\/produit\/kit-annonciateur-multi-discoursr-kit-gjd\/#primaryimage"},"thumbnailUrl":"https:\/\/bunkerseguridad.es\/fr\/wp-content\/uploads\/2020\/08\/Wireless-Transmission-Equipment.png","datePublished":"2020-08-19T11:15:30+00:00","dateModified":"2021-02-15T10:24:58+00:00","description":"Kit d'\u00e9nonciation pour la surveillance des intrus, l'accueil ou l'avertissement avec un haut-parleur, un musltispeech et un PSU.","breadcrumb":{"@id":"https:\/\/bunkerseguridad.es\/fr\/produit\/kit-annonciateur-multi-discoursr-kit-gjd\/#breadcrumb"},"inLanguage":"fr-FR","potentialAction":[{"@type":"ReadAction","target":["https:\/\/bunkerseguridad.es\/fr\/produit\/kit-annonciateur-multi-discoursr-kit-gjd\/"]}]},{"@type":"ImageObject","inLanguage":"fr-FR","@id":"https:\/\/bunkerseguridad.es\/fr\/produit\/kit-annonciateur-multi-discoursr-kit-gjd\/#primaryimage","url":"https:\/\/bunkerseguridad.es\/fr\/wp-content\/uploads\/2020\/08\/Wireless-Transmission-Equipment.png","contentUrl":"https:\/\/bunkerseguridad.es\/fr\/wp-content\/uploads\/2020\/08\/Wireless-Transmission-Equipment.png","width":1200,"height":1200,"caption":"Multispeech Kit \u2013 GJD"},{"@type":"BreadcrumbList","@id":"https:\/\/bunkerseguridad.es\/fr\/produit\/kit-annonciateur-multi-discoursr-kit-gjd\/#breadcrumb","itemListElement":[{"@type":"ListItem","position":1,"name":"Home","item":"https:\/\/bunkerseguridad.es\/fr\/"},{"@type":"ListItem","position":2,"name":"Shop","item":"https:\/\/bunkerseguridad.es\/fr\/shop\/"},{"@type":"ListItem","position":3,"name":"Kit d&rsquo;annonciateur multi-discours GJD090K"}]},{"@type":"WebSite","@id":"https:\/\/bunkerseguridad.es\/fr\/#website","url":"https:\/\/bunkerseguridad.es\/fr\/","name":"Bunker Seguridad","description":"Otro sitio realizado con WordPress","potentialAction":[{"@type":"SearchAction","target":{"@type":"EntryPoint","urlTemplate":"https:\/\/bunkerseguridad.es\/fr\/?s={search_term_string}"},"query-input":{"@type":"PropertyValueSpecification","valueRequired":true,"valueName":"search_term_string"}}],"inLanguage":"fr-FR"}]}},"brands":[{"id":58,"name":"GJD","slug":"gjd-detect-deter"}],"_links":{"self":[{"href":"https:\/\/bunkerseguridad.es\/fr\/wp-json\/wp\/v2\/product\/124","targetHints":{"allow":["GET"]}}],"collection":[{"href":"https:\/\/bunkerseguridad.es\/fr\/wp-json\/wp\/v2\/product"}],"about":[{"href":"https:\/\/bunkerseguridad.es\/fr\/wp-json\/wp\/v2\/types\/product"}],"wp:featuredmedia":[{"embeddable":true,"href":"https:\/\/bunkerseguridad.es\/fr\/wp-json\/wp\/v2\/media\/626"}],"wp:attachment":[{"href":"https:\/\/bunkerseguridad.es\/fr\/wp-json\/wp\/v2\/media?parent=124"}],"wp:term":[{"taxonomy":"pwb-brand","embeddable":true,"href":"https:\/\/bunkerseguridad.es\/fr\/wp-json\/wp\/v2\/pwb-brand?post=124"},{"taxonomy":"product_brand","embeddable":true,"href":"https:\/\/bunkerseguridad.es\/fr\/wp-json\/wp\/v2\/product_brand?post=124"},{"taxonomy":"product_cat","embeddable":true,"href":"https:\/\/bunkerseguridad.es\/fr\/wp-json\/wp\/v2\/product_cat?post=124"},{"taxonomy":"product_tag","embeddable":true,"href":"https:\/\/bunkerseguridad.es\/fr\/wp-json\/wp\/v2\/product_tag?post=124"}],"curies":[{"name":"wp","href":"https:\/\/api.w.org\/{rel}","templated":true}]}}