{"id":1347,"date":"2020-09-29T09:06:38","date_gmt":"2020-09-29T09:06:38","guid":{"rendered":"http:\/\/www.bunkerseguridad.es\/en\/?post_type=product&#038;p=1347"},"modified":"2021-02-17T11:47:25","modified_gmt":"2021-02-17T11:47:25","slug":"lpr-s-srv2-8-reconnaissance-des-plaques-dimmatriculation-pour-les-vehicules-30km-h","status":"publish","type":"product","link":"https:\/\/bunkerseguridad.es\/fr\/produit\/lpr-s-srv2-8-reconnaissance-des-plaques-dimmatriculation-pour-les-vehicules-30km-h\/","title":{"rendered":"LPR-S-SRV2-8 Reconnaissance des plaques d&rsquo;immatriculation pour les v\u00e9hicules \u00e0 l&rsquo;arr\u00eat ou jusqu&rsquo;\u00e0 30km\/h"},"content":{"rendered":"<p>Reconnaissance des plaques d&rsquo;immatriculation pour les v\u00e9hicules \u00e0 l&rsquo;arr\u00eat ou au ralenti (jusqu&rsquo;\u00e0 30 km\/h), livr\u00e9e en mat\u00e9riel de format serveur (rackable, taille 1U).<\/p>\n<p>La capacit\u00e9 de la RAM est de 8 Go.<\/p>\n<p>Elle comprend 2 licences LPR-S-LIC et admet un maximum de 8 licences de ce type.<\/p>\n","protected":false},"excerpt":{"rendered":"<p>Reconnaissance des plaques d&rsquo;immatriculation pour les v\u00e9hicules \u00e0 l&rsquo;arr\u00eat ou au ralenti (jusqu&rsquo;\u00e0 30 km\/h), livr\u00e9e en mat\u00e9riel de format serveur (rackable, taille 1U). La capacit\u00e9 de la RAM est de 8 GB.<\/p>\n","protected":false},"featured_media":3968,"template":"","meta":{"_et_pb_use_builder":"","_et_pb_old_content":"","_et_gb_content_width":""},"pwb-brand":[205],"product_brand":[],"product_cat":[29,229],"product_tag":[117,126,317],"class_list":{"0":"post-1347","1":"product","2":"type-product","3":"status-publish","4":"has-post-thumbnail","6":"pwb-brand-tempos-analytics","7":"product_cat-registre-des-plaques-dimmatriculation","8":"product_cat-srv-lpr-family","9":"product_tag-8gb-ram","10":"product_tag-jusqua-30km-h","11":"product_tag-max-8-licences","13":"first","14":"instock","15":"shipping-taxable","16":"product-type-simple"},"yoast_head":"<!-- This site is optimized with the Yoast SEO plugin v25.2 - https:\/\/yoast.com\/wordpress\/plugins\/seo\/ -->\n<title>LPR-S-SRV2-8 Reconnaissance des plaques d&#039;immatriculation pour les v\u00e9hicules \u00e0 l&#039;arr\u00eat ou jusqu&#039;\u00e0 30km\/h - Bunker Seguridad<\/title>\n<meta name=\"description\" content=\"Licence plate recognition for stopped or in slow motion vehicles (with up to 30km\/h speed) delivered in Server format hardware\" \/>\n<meta name=\"robots\" content=\"noindex, follow, max-snippet:-1, max-image-preview:large, max-video-preview:-1\" \/>\n<meta property=\"og:locale\" content=\"fr_FR\" \/>\n<meta property=\"og:type\" content=\"article\" \/>\n<meta property=\"og:title\" content=\"LPR-S-SRV2-8 Reconnaissance des plaques d&#039;immatriculation pour les v\u00e9hicules \u00e0 l&#039;arr\u00eat ou jusqu&#039;\u00e0 30km\/h - Bunker Seguridad\" \/>\n<meta property=\"og:description\" content=\"Licence plate recognition for stopped or in slow motion vehicles (with up to 30km\/h speed) delivered in Server format hardware\" \/>\n<meta property=\"og:url\" content=\"https:\/\/bunkerseguridad.es\/fr\/produit\/lpr-s-srv2-8-reconnaissance-des-plaques-dimmatriculation-pour-les-vehicules-30km-h\/\" \/>\n<meta property=\"og:site_name\" content=\"Bunker Seguridad\" \/>\n<meta property=\"article:modified_time\" content=\"2021-02-17T11:47:25+00:00\" \/>\n<meta property=\"og:image\" content=\"https:\/\/bunkerseguridad.es\/fr\/wp-content\/uploads\/2020\/11\/Srv-FamilyIntelligent-outdoor-perimeter-security-video.jpg\" \/>\n\t<meta property=\"og:image:width\" content=\"1200\" \/>\n\t<meta property=\"og:image:height\" content=\"1200\" \/>\n\t<meta property=\"og:image:type\" content=\"image\/jpeg\" \/>\n<meta name=\"twitter:card\" content=\"summary_large_image\" \/>\n<meta name=\"twitter:label1\" content=\"Dur\u00e9e de lecture estim\u00e9e\" \/>\n\t<meta name=\"twitter:data1\" content=\"1 minute\" \/>\n<script type=\"application\/ld+json\" class=\"yoast-schema-graph\">{\"@context\":\"https:\/\/schema.org\",\"@graph\":[{\"@type\":\"WebPage\",\"@id\":\"https:\/\/bunkerseguridad.es\/fr\/produit\/lpr-s-srv2-8-reconnaissance-des-plaques-dimmatriculation-pour-les-vehicules-30km-h\/\",\"url\":\"https:\/\/bunkerseguridad.es\/fr\/produit\/lpr-s-srv2-8-reconnaissance-des-plaques-dimmatriculation-pour-les-vehicules-30km-h\/\",\"name\":\"LPR-S-SRV2-8 Reconnaissance des plaques d'immatriculation pour les v\u00e9hicules \u00e0 l'arr\u00eat ou jusqu'\u00e0 30km\/h - Bunker Seguridad\",\"isPartOf\":{\"@id\":\"https:\/\/bunkerseguridad.es\/fr\/#website\"},\"primaryImageOfPage\":{\"@id\":\"https:\/\/bunkerseguridad.es\/fr\/produit\/lpr-s-srv2-8-reconnaissance-des-plaques-dimmatriculation-pour-les-vehicules-30km-h\/#primaryimage\"},\"image\":{\"@id\":\"https:\/\/bunkerseguridad.es\/fr\/produit\/lpr-s-srv2-8-reconnaissance-des-plaques-dimmatriculation-pour-les-vehicules-30km-h\/#primaryimage\"},\"thumbnailUrl\":\"https:\/\/bunkerseguridad.es\/fr\/wp-content\/uploads\/2020\/11\/Srv-FamilyIntelligent-outdoor-perimeter-security-video.jpg\",\"datePublished\":\"2020-09-29T09:06:38+00:00\",\"dateModified\":\"2021-02-17T11:47:25+00:00\",\"description\":\"Licence plate recognition for stopped or in slow motion vehicles (with up to 30km\/h speed) delivered in Server format hardware\",\"breadcrumb\":{\"@id\":\"https:\/\/bunkerseguridad.es\/fr\/produit\/lpr-s-srv2-8-reconnaissance-des-plaques-dimmatriculation-pour-les-vehicules-30km-h\/#breadcrumb\"},\"inLanguage\":\"fr-FR\",\"potentialAction\":[{\"@type\":\"ReadAction\",\"target\":[\"https:\/\/bunkerseguridad.es\/fr\/produit\/lpr-s-srv2-8-reconnaissance-des-plaques-dimmatriculation-pour-les-vehicules-30km-h\/\"]}]},{\"@type\":\"ImageObject\",\"inLanguage\":\"fr-FR\",\"@id\":\"https:\/\/bunkerseguridad.es\/fr\/produit\/lpr-s-srv2-8-reconnaissance-des-plaques-dimmatriculation-pour-les-vehicules-30km-h\/#primaryimage\",\"url\":\"https:\/\/bunkerseguridad.es\/fr\/wp-content\/uploads\/2020\/11\/Srv-FamilyIntelligent-outdoor-perimeter-security-video.jpg\",\"contentUrl\":\"https:\/\/bunkerseguridad.es\/fr\/wp-content\/uploads\/2020\/11\/Srv-FamilyIntelligent-outdoor-perimeter-security-video.jpg\",\"width\":1200,\"height\":1200,\"caption\":\"S\u00e9rie SRV Family-LPR\"},{\"@type\":\"BreadcrumbList\",\"@id\":\"https:\/\/bunkerseguridad.es\/fr\/produit\/lpr-s-srv2-8-reconnaissance-des-plaques-dimmatriculation-pour-les-vehicules-30km-h\/#breadcrumb\",\"itemListElement\":[{\"@type\":\"ListItem\",\"position\":1,\"name\":\"Home\",\"item\":\"https:\/\/bunkerseguridad.es\/fr\/\"},{\"@type\":\"ListItem\",\"position\":2,\"name\":\"Shop\",\"item\":\"https:\/\/bunkerseguridad.es\/fr\/shop\/\"},{\"@type\":\"ListItem\",\"position\":3,\"name\":\"LPR-S-SRV2-8 Reconnaissance des plaques d&rsquo;immatriculation pour les v\u00e9hicules \u00e0 l&rsquo;arr\u00eat ou jusqu&rsquo;\u00e0 30km\/h\"}]},{\"@type\":\"WebSite\",\"@id\":\"https:\/\/bunkerseguridad.es\/fr\/#website\",\"url\":\"https:\/\/bunkerseguridad.es\/fr\/\",\"name\":\"Bunker Seguridad\",\"description\":\"Otro sitio realizado con WordPress\",\"potentialAction\":[{\"@type\":\"SearchAction\",\"target\":{\"@type\":\"EntryPoint\",\"urlTemplate\":\"https:\/\/bunkerseguridad.es\/fr\/?s={search_term_string}\"},\"query-input\":{\"@type\":\"PropertyValueSpecification\",\"valueRequired\":true,\"valueName\":\"search_term_string\"}}],\"inLanguage\":\"fr-FR\"}]}<\/script>\n<!-- \/ Yoast SEO plugin. -->","yoast_head_json":{"title":"LPR-S-SRV2-8 Reconnaissance des plaques d'immatriculation pour les v\u00e9hicules \u00e0 l'arr\u00eat ou jusqu'\u00e0 30km\/h - Bunker Seguridad","description":"Licence plate recognition for stopped or in slow motion vehicles (with up to 30km\/h speed) delivered in Server format hardware","robots":{"index":"noindex","follow":"follow","max-snippet":"max-snippet:-1","max-image-preview":"max-image-preview:large","max-video-preview":"max-video-preview:-1"},"og_locale":"fr_FR","og_type":"article","og_title":"LPR-S-SRV2-8 Reconnaissance des plaques d'immatriculation pour les v\u00e9hicules \u00e0 l'arr\u00eat ou jusqu'\u00e0 30km\/h - Bunker Seguridad","og_description":"Licence plate recognition for stopped or in slow motion vehicles (with up to 30km\/h speed) delivered in Server format hardware","og_url":"https:\/\/bunkerseguridad.es\/fr\/produit\/lpr-s-srv2-8-reconnaissance-des-plaques-dimmatriculation-pour-les-vehicules-30km-h\/","og_site_name":"Bunker Seguridad","article_modified_time":"2021-02-17T11:47:25+00:00","og_image":[{"width":1200,"height":1200,"url":"https:\/\/bunkerseguridad.es\/fr\/wp-content\/uploads\/2020\/11\/Srv-FamilyIntelligent-outdoor-perimeter-security-video.jpg","type":"image\/jpeg"}],"twitter_card":"summary_large_image","twitter_misc":{"Dur\u00e9e de lecture estim\u00e9e":"1 minute"},"schema":{"@context":"https:\/\/schema.org","@graph":[{"@type":"WebPage","@id":"https:\/\/bunkerseguridad.es\/fr\/produit\/lpr-s-srv2-8-reconnaissance-des-plaques-dimmatriculation-pour-les-vehicules-30km-h\/","url":"https:\/\/bunkerseguridad.es\/fr\/produit\/lpr-s-srv2-8-reconnaissance-des-plaques-dimmatriculation-pour-les-vehicules-30km-h\/","name":"LPR-S-SRV2-8 Reconnaissance des plaques d'immatriculation pour les v\u00e9hicules \u00e0 l'arr\u00eat ou jusqu'\u00e0 30km\/h - Bunker Seguridad","isPartOf":{"@id":"https:\/\/bunkerseguridad.es\/fr\/#website"},"primaryImageOfPage":{"@id":"https:\/\/bunkerseguridad.es\/fr\/produit\/lpr-s-srv2-8-reconnaissance-des-plaques-dimmatriculation-pour-les-vehicules-30km-h\/#primaryimage"},"image":{"@id":"https:\/\/bunkerseguridad.es\/fr\/produit\/lpr-s-srv2-8-reconnaissance-des-plaques-dimmatriculation-pour-les-vehicules-30km-h\/#primaryimage"},"thumbnailUrl":"https:\/\/bunkerseguridad.es\/fr\/wp-content\/uploads\/2020\/11\/Srv-FamilyIntelligent-outdoor-perimeter-security-video.jpg","datePublished":"2020-09-29T09:06:38+00:00","dateModified":"2021-02-17T11:47:25+00:00","description":"Licence plate recognition for stopped or in slow motion vehicles (with up to 30km\/h speed) delivered in Server format hardware","breadcrumb":{"@id":"https:\/\/bunkerseguridad.es\/fr\/produit\/lpr-s-srv2-8-reconnaissance-des-plaques-dimmatriculation-pour-les-vehicules-30km-h\/#breadcrumb"},"inLanguage":"fr-FR","potentialAction":[{"@type":"ReadAction","target":["https:\/\/bunkerseguridad.es\/fr\/produit\/lpr-s-srv2-8-reconnaissance-des-plaques-dimmatriculation-pour-les-vehicules-30km-h\/"]}]},{"@type":"ImageObject","inLanguage":"fr-FR","@id":"https:\/\/bunkerseguridad.es\/fr\/produit\/lpr-s-srv2-8-reconnaissance-des-plaques-dimmatriculation-pour-les-vehicules-30km-h\/#primaryimage","url":"https:\/\/bunkerseguridad.es\/fr\/wp-content\/uploads\/2020\/11\/Srv-FamilyIntelligent-outdoor-perimeter-security-video.jpg","contentUrl":"https:\/\/bunkerseguridad.es\/fr\/wp-content\/uploads\/2020\/11\/Srv-FamilyIntelligent-outdoor-perimeter-security-video.jpg","width":1200,"height":1200,"caption":"S\u00e9rie SRV Family-LPR"},{"@type":"BreadcrumbList","@id":"https:\/\/bunkerseguridad.es\/fr\/produit\/lpr-s-srv2-8-reconnaissance-des-plaques-dimmatriculation-pour-les-vehicules-30km-h\/#breadcrumb","itemListElement":[{"@type":"ListItem","position":1,"name":"Home","item":"https:\/\/bunkerseguridad.es\/fr\/"},{"@type":"ListItem","position":2,"name":"Shop","item":"https:\/\/bunkerseguridad.es\/fr\/shop\/"},{"@type":"ListItem","position":3,"name":"LPR-S-SRV2-8 Reconnaissance des plaques d&rsquo;immatriculation pour les v\u00e9hicules \u00e0 l&rsquo;arr\u00eat ou jusqu&rsquo;\u00e0 30km\/h"}]},{"@type":"WebSite","@id":"https:\/\/bunkerseguridad.es\/fr\/#website","url":"https:\/\/bunkerseguridad.es\/fr\/","name":"Bunker Seguridad","description":"Otro sitio realizado con WordPress","potentialAction":[{"@type":"SearchAction","target":{"@type":"EntryPoint","urlTemplate":"https:\/\/bunkerseguridad.es\/fr\/?s={search_term_string}"},"query-input":{"@type":"PropertyValueSpecification","valueRequired":true,"valueName":"search_term_string"}}],"inLanguage":"fr-FR"}]}},"brands":[{"id":205,"name":"Tempos Analytics","slug":"tempos-analytics"}],"_links":{"self":[{"href":"https:\/\/bunkerseguridad.es\/fr\/wp-json\/wp\/v2\/product\/1347","targetHints":{"allow":["GET"]}}],"collection":[{"href":"https:\/\/bunkerseguridad.es\/fr\/wp-json\/wp\/v2\/product"}],"about":[{"href":"https:\/\/bunkerseguridad.es\/fr\/wp-json\/wp\/v2\/types\/product"}],"wp:featuredmedia":[{"embeddable":true,"href":"https:\/\/bunkerseguridad.es\/fr\/wp-json\/wp\/v2\/media\/3968"}],"wp:attachment":[{"href":"https:\/\/bunkerseguridad.es\/fr\/wp-json\/wp\/v2\/media?parent=1347"}],"wp:term":[{"taxonomy":"pwb-brand","embeddable":true,"href":"https:\/\/bunkerseguridad.es\/fr\/wp-json\/wp\/v2\/pwb-brand?post=1347"},{"taxonomy":"product_brand","embeddable":true,"href":"https:\/\/bunkerseguridad.es\/fr\/wp-json\/wp\/v2\/product_brand?post=1347"},{"taxonomy":"product_cat","embeddable":true,"href":"https:\/\/bunkerseguridad.es\/fr\/wp-json\/wp\/v2\/product_cat?post=1347"},{"taxonomy":"product_tag","embeddable":true,"href":"https:\/\/bunkerseguridad.es\/fr\/wp-json\/wp\/v2\/product_tag?post=1347"}],"curies":[{"name":"wp","href":"https:\/\/api.w.org\/{rel}","templated":true}]}}