{"id":1957,"date":"2020-10-05T10:53:49","date_gmt":"2020-10-05T10:53:49","guid":{"rendered":"http:\/\/www.bunkerseguridad.es\/en\/?post_type=product&#038;p=1957"},"modified":"2021-02-15T08:56:59","modified_gmt":"2021-02-15T08:56:59","slug":"barriere-digitale-bm-120-hp-vac-avs-electronics","status":"publish","type":"product","link":"https:\/\/bunkerseguridad.es\/fr\/produit\/barriere-digitale-bm-120-hp-vac-avs-electronics\/","title":{"rendered":"Barri\u00e8re digitale hyperfr\u00e9quence pour l\u2019ext\u00e9rieur, BM 120 HP VAC"},"content":{"rendered":"<p>Les barri\u00e8res micro-ondes num\u00e9riques BM 120 HP VAC <strong>sont des d\u00e9tecteurs d&rsquo;intrusion fiables utilis\u00e9s pour la d\u00e9tection d&rsquo;intrusion dans le p\u00e9rim\u00e8tre ext\u00e9rieur<\/strong>. Les s\u00e9ries VAC sont directement aliment\u00e9es par l&rsquo;alimentation principale et comprennent une batterie de secours en option pour compenser une absence d&rsquo;\u00e9lectricit\u00e9. L&rsquo;alimentation principale simplifie le c\u00e2blage et r\u00e9duit le co\u00fbt d&rsquo;installation.<\/p>\n<p>BM est compos\u00e9 de 2 unit\u00e9s &#8211; 1 \u00e9metteur (TX) et 1 r\u00e9cepteur (RX) &#8211; install\u00e9es \u00e0 une distance maximale de 120 m\u00e8tres. L&rsquo;\u00e9metteur \u00e9met des micro-ondes en continu en direction du r\u00e9cepteur. Lorsqu&rsquo;un intrus passe entre les deux unit\u00e9s, le signal re\u00e7u est r\u00e9duit cons\u00e9cutivement et, lorsque le niveau d&rsquo;alarme est atteint, l&rsquo;alarme est g\u00e9n\u00e9r\u00e9e. <strong>De plus, ces barri\u00e8res permettent de d\u00e9tecter et de signaler une interruption accidentelle et permanente du faisceau.<\/strong><\/p>\n<p>Les BM int\u00e8grent des <strong>antennes planaires<\/strong> qui r\u00e9duisent de 20% la zone de sensibilit\u00e9 par rapport aux anciennes antennes paraboliques. De plus longues distances de BM peuvent \u00eatre install\u00e9es pour les m\u00eames p\u00e9rim\u00e8tres et des \u00e9conomies sont r\u00e9alis\u00e9es. En outre, pour \u00eatre prot\u00e9g\u00e9es de la pluie, les antennes paraboliques utilisent des bo\u00eetiers \u00e9tanches de grande taille, difficiles \u00e0 manipuler, alors que les antennes planes de la BM sont hautement prot\u00e9g\u00e9es par des r\u00e9sines de tropicalisation et install\u00e9es dans un couvercle de protection tr\u00e8s r\u00e9sistant qui \u00e9vite la condensation et son d\u00e9veloppement cons\u00e9cutif de rouille.<\/p>\n<p>Ces barri\u00e8res \u00e0 micro-ondes sont plac\u00e9es dans des conteneurs sp\u00e9cialement con\u00e7us pour tol\u00e9rer et faciliter les installations les plus d\u00e9liquescentes. <strong>Elles fonctionnent dans toutes les conditions m\u00e9t\u00e9orologiques (neige, pluie, brouillard) sans r\u00e9duction des distances,<\/strong> contrairement aux barri\u00e8res \u00e0 infrarouge actif. Si la temp\u00e9rature atteint moins de -5\u00b0C, il est possible de placer un kit de chauffage TERM1. La plage de temp\u00e9rature de TERM1 est de -20\/+55\u00b0C.<\/p>\n<p><strong>Caract\u00e9ristiques:<\/strong><\/p>\n<ul>\n<li><strong>CONTR\u00d4LE AUTOMATIQUE DU GAIN (AGC):<\/strong> Les variations de l&rsquo;environnement peuvent am\u00e9liorer ou d\u00e9t\u00e9riorer la r\u00e9ception du niveau des micro-ondes au fil du temps. Un circuit de contr\u00f4le automatique de gain optimise automatiquement le niveau pour le maintenir \u00e0 plat : les r\u00e9glages sont plus faciles, la s\u00e9curit\u00e9 est plus \u00e9lev\u00e9e.<\/li>\n<li><strong>R\u00c9DUCTION DE LA ZONE DE SENSIBILIT\u00c9<\/strong>: BM HP peut r\u00e9duire num\u00e9riquement jusqu&rsquo;\u00e0 30% la zone de sensibilit\u00e9 et ignorer ensuite les mouvements des objets p\u00e9riph\u00e9riques (par exemple, des cl\u00f4tures ou des arbres) qui sont \u00e0 l&rsquo;origine d&rsquo;alarmes ind\u00e9sirables.<\/li>\n<li><strong>FILTRE DE FAUSSE ALARME<\/strong>: Les barri\u00e8res BM HP enregistrent automatiquement jusqu&rsquo;\u00e0 3600 \u00e9v\u00e9nements qu&rsquo;il est possible de classer entre bonnes et fausses alarmes. BM HP v\u00e9rifie ensuite les nouveaux \u00e9v\u00e9nements en fonction de cette base de donn\u00e9es et arr\u00eate les alarmes ind\u00e9sirables.<\/li>\n<li><strong>INTERFACE NUMERIQUE:<\/strong> En plus des sorties NC et d&rsquo;autres r\u00e9glages r\u00e9guliers, BM HP pr\u00e9sente un port USB et un port RS485 \u00e0 coupler \u00e0 un hub RS485 ou \u00e0 un panneau de contr\u00f4le d&rsquo;AVS ELECTRONICS.<\/li>\n<li><strong>LOGICIEL:<\/strong> Gr\u00e2ce au port USB local ou \u00e0 distance par RTC, GSM ou IP, le logiciel HPWIN affiche tous les param\u00e8tres, un oscilloscope, les 3600 derniers \u00e9v\u00e9nements d&rsquo;alarme (avec date et heure) et propose tous les outils pour r\u00e9gler les barri\u00e8res.<\/li>\n<\/ul>\n","protected":false},"excerpt":{"rendered":"<p>Les barri\u00e8res micro-ondes num\u00e9riques BM 120 HP VAC s<strong>ont des d\u00e9tecteurs d&rsquo;intrusion fiables utilis\u00e9s pour la d\u00e9tection d&rsquo;intrusion dans le p\u00e9rim\u00e8tre ext\u00e9rieur.<\/strong> Les s\u00e9ries VAC sont directement aliment\u00e9es par l&rsquo;alimentation principale et comprennent une batterie de secours en option pour compenser une absence d&rsquo;\u00e9lectricit\u00e9.<strong> L&rsquo;alimentation principale simplifie le c\u00e2blage et r\u00e9duit le co\u00fbt d&rsquo;installation.<\/strong><\/p>\n","protected":false},"featured_media":1915,"template":"","meta":{"_et_pb_use_builder":"","_et_pb_old_content":"","_et_gb_content_width":""},"pwb-brand":[203],"product_brand":[],"product_cat":[41,45],"product_tag":[93,290],"class_list":{"0":"post-1957","1":"product","2":"type-product","3":"status-publish","4":"has-post-thumbnail","6":"pwb-brand-avs-electronics-s-p-a","7":"product_cat-detection-intrusion-perimetrique","8":"product_cat-barrieres-micro-ondes","9":"product_tag-120m","10":"product_tag-barrieres-numeriques-a-micro-ondes","12":"first","13":"instock","14":"shipping-taxable","15":"product-type-simple"},"yoast_head":"<!-- This site is optimized with the Yoast SEO plugin v25.2 - https:\/\/yoast.com\/wordpress\/plugins\/seo\/ -->\n<title>Barri\u00e8re digitale hyperfr\u00e9quence pour l\u2019ext\u00e9rieur, BM 120 HP VAC - Bunker Seguridad<\/title>\n<meta name=\"description\" content=\"Barri\u00e8res micro-ondes BM 120 HP VAC sont des d\u00e9tecteurs d&#039;intrusion fiables utilis\u00e9s pour la d\u00e9tection d&#039;intrusion dans le p\u00e9rim\u00e8tre ext\u00e9rieur\" \/>\n<meta name=\"robots\" content=\"noindex, follow, max-snippet:-1, max-image-preview:large, max-video-preview:-1\" \/>\n<meta property=\"og:locale\" content=\"fr_FR\" \/>\n<meta property=\"og:type\" content=\"article\" \/>\n<meta property=\"og:title\" content=\"Barri\u00e8re digitale hyperfr\u00e9quence pour l\u2019ext\u00e9rieur, BM 120 HP VAC - Bunker Seguridad\" \/>\n<meta property=\"og:description\" content=\"Barri\u00e8res micro-ondes BM 120 HP VAC sont des d\u00e9tecteurs d&#039;intrusion fiables utilis\u00e9s pour la d\u00e9tection d&#039;intrusion dans le p\u00e9rim\u00e8tre ext\u00e9rieur\" \/>\n<meta property=\"og:url\" content=\"https:\/\/bunkerseguridad.es\/fr\/produit\/barriere-digitale-bm-120-hp-vac-avs-electronics\/\" \/>\n<meta property=\"og:site_name\" content=\"Bunker Seguridad\" \/>\n<meta property=\"article:modified_time\" content=\"2021-02-15T08:56:59+00:00\" \/>\n<meta property=\"og:image\" content=\"https:\/\/bunkerseguridad.es\/fr\/wp-content\/uploads\/2020\/10\/mw-barriers-bm-120-hp-avs-electronics.png\" \/>\n\t<meta property=\"og:image:width\" content=\"1200\" \/>\n\t<meta property=\"og:image:height\" content=\"1200\" \/>\n\t<meta property=\"og:image:type\" content=\"image\/png\" \/>\n<meta name=\"twitter:card\" content=\"summary_large_image\" \/>\n<meta name=\"twitter:label1\" content=\"Dur\u00e9e de lecture estim\u00e9e\" \/>\n\t<meta name=\"twitter:data1\" content=\"3 minutes\" \/>\n<script type=\"application\/ld+json\" class=\"yoast-schema-graph\">{\"@context\":\"https:\/\/schema.org\",\"@graph\":[{\"@type\":\"WebPage\",\"@id\":\"https:\/\/bunkerseguridad.es\/fr\/produit\/barriere-digitale-bm-120-hp-vac-avs-electronics\/\",\"url\":\"https:\/\/bunkerseguridad.es\/fr\/produit\/barriere-digitale-bm-120-hp-vac-avs-electronics\/\",\"name\":\"Barri\u00e8re digitale hyperfr\u00e9quence pour l\u2019ext\u00e9rieur, BM 120 HP VAC - Bunker Seguridad\",\"isPartOf\":{\"@id\":\"https:\/\/bunkerseguridad.es\/fr\/#website\"},\"primaryImageOfPage\":{\"@id\":\"https:\/\/bunkerseguridad.es\/fr\/produit\/barriere-digitale-bm-120-hp-vac-avs-electronics\/#primaryimage\"},\"image\":{\"@id\":\"https:\/\/bunkerseguridad.es\/fr\/produit\/barriere-digitale-bm-120-hp-vac-avs-electronics\/#primaryimage\"},\"thumbnailUrl\":\"https:\/\/bunkerseguridad.es\/fr\/wp-content\/uploads\/2020\/10\/mw-barriers-bm-120-hp-avs-electronics.png\",\"datePublished\":\"2020-10-05T10:53:49+00:00\",\"dateModified\":\"2021-02-15T08:56:59+00:00\",\"description\":\"Barri\u00e8res micro-ondes BM 120 HP VAC sont des d\u00e9tecteurs d'intrusion fiables utilis\u00e9s pour la d\u00e9tection d'intrusion dans le p\u00e9rim\u00e8tre ext\u00e9rieur\",\"breadcrumb\":{\"@id\":\"https:\/\/bunkerseguridad.es\/fr\/produit\/barriere-digitale-bm-120-hp-vac-avs-electronics\/#breadcrumb\"},\"inLanguage\":\"fr-FR\",\"potentialAction\":[{\"@type\":\"ReadAction\",\"target\":[\"https:\/\/bunkerseguridad.es\/fr\/produit\/barriere-digitale-bm-120-hp-vac-avs-electronics\/\"]}]},{\"@type\":\"ImageObject\",\"inLanguage\":\"fr-FR\",\"@id\":\"https:\/\/bunkerseguridad.es\/fr\/produit\/barriere-digitale-bm-120-hp-vac-avs-electronics\/#primaryimage\",\"url\":\"https:\/\/bunkerseguridad.es\/fr\/wp-content\/uploads\/2020\/10\/mw-barriers-bm-120-hp-avs-electronics.png\",\"contentUrl\":\"https:\/\/bunkerseguridad.es\/fr\/wp-content\/uploads\/2020\/10\/mw-barriers-bm-120-hp-avs-electronics.png\",\"width\":1200,\"height\":1200,\"caption\":\"Digital Microwave Barriers\"},{\"@type\":\"BreadcrumbList\",\"@id\":\"https:\/\/bunkerseguridad.es\/fr\/produit\/barriere-digitale-bm-120-hp-vac-avs-electronics\/#breadcrumb\",\"itemListElement\":[{\"@type\":\"ListItem\",\"position\":1,\"name\":\"Home\",\"item\":\"https:\/\/bunkerseguridad.es\/fr\/\"},{\"@type\":\"ListItem\",\"position\":2,\"name\":\"Shop\",\"item\":\"https:\/\/bunkerseguridad.es\/fr\/shop\/\"},{\"@type\":\"ListItem\",\"position\":3,\"name\":\"Barri\u00e8re digitale hyperfr\u00e9quence pour l\u2019ext\u00e9rieur, BM 120 HP VAC\"}]},{\"@type\":\"WebSite\",\"@id\":\"https:\/\/bunkerseguridad.es\/fr\/#website\",\"url\":\"https:\/\/bunkerseguridad.es\/fr\/\",\"name\":\"Bunker Seguridad\",\"description\":\"Otro sitio realizado con WordPress\",\"potentialAction\":[{\"@type\":\"SearchAction\",\"target\":{\"@type\":\"EntryPoint\",\"urlTemplate\":\"https:\/\/bunkerseguridad.es\/fr\/?s={search_term_string}\"},\"query-input\":{\"@type\":\"PropertyValueSpecification\",\"valueRequired\":true,\"valueName\":\"search_term_string\"}}],\"inLanguage\":\"fr-FR\"}]}<\/script>\n<!-- \/ Yoast SEO plugin. -->","yoast_head_json":{"title":"Barri\u00e8re digitale hyperfr\u00e9quence pour l\u2019ext\u00e9rieur, BM 120 HP VAC - Bunker Seguridad","description":"Barri\u00e8res micro-ondes BM 120 HP VAC sont des d\u00e9tecteurs d'intrusion fiables utilis\u00e9s pour la d\u00e9tection d'intrusion dans le p\u00e9rim\u00e8tre ext\u00e9rieur","robots":{"index":"noindex","follow":"follow","max-snippet":"max-snippet:-1","max-image-preview":"max-image-preview:large","max-video-preview":"max-video-preview:-1"},"og_locale":"fr_FR","og_type":"article","og_title":"Barri\u00e8re digitale hyperfr\u00e9quence pour l\u2019ext\u00e9rieur, BM 120 HP VAC - Bunker Seguridad","og_description":"Barri\u00e8res micro-ondes BM 120 HP VAC sont des d\u00e9tecteurs d'intrusion fiables utilis\u00e9s pour la d\u00e9tection d'intrusion dans le p\u00e9rim\u00e8tre ext\u00e9rieur","og_url":"https:\/\/bunkerseguridad.es\/fr\/produit\/barriere-digitale-bm-120-hp-vac-avs-electronics\/","og_site_name":"Bunker Seguridad","article_modified_time":"2021-02-15T08:56:59+00:00","og_image":[{"width":1200,"height":1200,"url":"https:\/\/bunkerseguridad.es\/fr\/wp-content\/uploads\/2020\/10\/mw-barriers-bm-120-hp-avs-electronics.png","type":"image\/png"}],"twitter_card":"summary_large_image","twitter_misc":{"Dur\u00e9e de lecture estim\u00e9e":"3 minutes"},"schema":{"@context":"https:\/\/schema.org","@graph":[{"@type":"WebPage","@id":"https:\/\/bunkerseguridad.es\/fr\/produit\/barriere-digitale-bm-120-hp-vac-avs-electronics\/","url":"https:\/\/bunkerseguridad.es\/fr\/produit\/barriere-digitale-bm-120-hp-vac-avs-electronics\/","name":"Barri\u00e8re digitale hyperfr\u00e9quence pour l\u2019ext\u00e9rieur, BM 120 HP VAC - Bunker Seguridad","isPartOf":{"@id":"https:\/\/bunkerseguridad.es\/fr\/#website"},"primaryImageOfPage":{"@id":"https:\/\/bunkerseguridad.es\/fr\/produit\/barriere-digitale-bm-120-hp-vac-avs-electronics\/#primaryimage"},"image":{"@id":"https:\/\/bunkerseguridad.es\/fr\/produit\/barriere-digitale-bm-120-hp-vac-avs-electronics\/#primaryimage"},"thumbnailUrl":"https:\/\/bunkerseguridad.es\/fr\/wp-content\/uploads\/2020\/10\/mw-barriers-bm-120-hp-avs-electronics.png","datePublished":"2020-10-05T10:53:49+00:00","dateModified":"2021-02-15T08:56:59+00:00","description":"Barri\u00e8res micro-ondes BM 120 HP VAC sont des d\u00e9tecteurs d'intrusion fiables utilis\u00e9s pour la d\u00e9tection d'intrusion dans le p\u00e9rim\u00e8tre ext\u00e9rieur","breadcrumb":{"@id":"https:\/\/bunkerseguridad.es\/fr\/produit\/barriere-digitale-bm-120-hp-vac-avs-electronics\/#breadcrumb"},"inLanguage":"fr-FR","potentialAction":[{"@type":"ReadAction","target":["https:\/\/bunkerseguridad.es\/fr\/produit\/barriere-digitale-bm-120-hp-vac-avs-electronics\/"]}]},{"@type":"ImageObject","inLanguage":"fr-FR","@id":"https:\/\/bunkerseguridad.es\/fr\/produit\/barriere-digitale-bm-120-hp-vac-avs-electronics\/#primaryimage","url":"https:\/\/bunkerseguridad.es\/fr\/wp-content\/uploads\/2020\/10\/mw-barriers-bm-120-hp-avs-electronics.png","contentUrl":"https:\/\/bunkerseguridad.es\/fr\/wp-content\/uploads\/2020\/10\/mw-barriers-bm-120-hp-avs-electronics.png","width":1200,"height":1200,"caption":"Digital Microwave Barriers"},{"@type":"BreadcrumbList","@id":"https:\/\/bunkerseguridad.es\/fr\/produit\/barriere-digitale-bm-120-hp-vac-avs-electronics\/#breadcrumb","itemListElement":[{"@type":"ListItem","position":1,"name":"Home","item":"https:\/\/bunkerseguridad.es\/fr\/"},{"@type":"ListItem","position":2,"name":"Shop","item":"https:\/\/bunkerseguridad.es\/fr\/shop\/"},{"@type":"ListItem","position":3,"name":"Barri\u00e8re digitale hyperfr\u00e9quence pour l\u2019ext\u00e9rieur, BM 120 HP VAC"}]},{"@type":"WebSite","@id":"https:\/\/bunkerseguridad.es\/fr\/#website","url":"https:\/\/bunkerseguridad.es\/fr\/","name":"Bunker Seguridad","description":"Otro sitio realizado con WordPress","potentialAction":[{"@type":"SearchAction","target":{"@type":"EntryPoint","urlTemplate":"https:\/\/bunkerseguridad.es\/fr\/?s={search_term_string}"},"query-input":{"@type":"PropertyValueSpecification","valueRequired":true,"valueName":"search_term_string"}}],"inLanguage":"fr-FR"}]}},"brands":[{"id":203,"name":"AVS Electronics","slug":"avs-electronics-s-p-a"}],"_links":{"self":[{"href":"https:\/\/bunkerseguridad.es\/fr\/wp-json\/wp\/v2\/product\/1957","targetHints":{"allow":["GET"]}}],"collection":[{"href":"https:\/\/bunkerseguridad.es\/fr\/wp-json\/wp\/v2\/product"}],"about":[{"href":"https:\/\/bunkerseguridad.es\/fr\/wp-json\/wp\/v2\/types\/product"}],"wp:featuredmedia":[{"embeddable":true,"href":"https:\/\/bunkerseguridad.es\/fr\/wp-json\/wp\/v2\/media\/1915"}],"wp:attachment":[{"href":"https:\/\/bunkerseguridad.es\/fr\/wp-json\/wp\/v2\/media?parent=1957"}],"wp:term":[{"taxonomy":"pwb-brand","embeddable":true,"href":"https:\/\/bunkerseguridad.es\/fr\/wp-json\/wp\/v2\/pwb-brand?post=1957"},{"taxonomy":"product_brand","embeddable":true,"href":"https:\/\/bunkerseguridad.es\/fr\/wp-json\/wp\/v2\/product_brand?post=1957"},{"taxonomy":"product_cat","embeddable":true,"href":"https:\/\/bunkerseguridad.es\/fr\/wp-json\/wp\/v2\/product_cat?post=1957"},{"taxonomy":"product_tag","embeddable":true,"href":"https:\/\/bunkerseguridad.es\/fr\/wp-json\/wp\/v2\/product_tag?post=1957"}],"curies":[{"name":"wp","href":"https:\/\/api.w.org\/{rel}","templated":true}]}}