{"id":2040,"date":"2020-10-06T09:34:39","date_gmt":"2020-10-06T09:34:39","guid":{"rendered":"http:\/\/www.bunkerseguridad.es\/en\/?post_type=product&#038;p=2040"},"modified":"2021-02-15T10:47:10","modified_gmt":"2021-02-15T10:47:10","slug":"sany-safe-systeme-assainissement-environnemental","status":"publish","type":"product","link":"https:\/\/bunkerseguridad.es\/fr\/produit\/sany-safe-systeme-assainissement-environnemental\/","title":{"rendered":"SANY SAFE: Syst\u00e8me d&rsquo;assainissement environnemental"},"content":{"rendered":"<p><strong>Sany Safe cuit \u00e0 la vapeur un d\u00e9tergent d\u00e9sinfectant puissant, non toxique, adapt\u00e9 \u00e0 tous les environnements qui \u00e9limine les agents pathog\u00e8nes tels que les virus, les germes, les bact\u00e9ries et les champignons \u00e0 la fois sur les surfaces et en suspension dans l&rsquo;air,<\/strong> r\u00e9pandant dans l&rsquo;environnement des micro-particules invisibles capables de p\u00e9n\u00e9trer m\u00eame endroits les plus inaccessibles.<\/p>\n<p>Une solution enti\u00e8rement automatique <strong>pour les applications de 60 \u00e0 600 m3.<\/strong><\/p>\n<p><strong>Formulation efficace contre les virus, les champignons et les bact\u00e9ries.<\/strong><\/p>\n<p><strong>Assainit jusqu&rsquo;\u00e0 8 mois *:<\/strong> La vaporisation \u00e0 chaud permet de r\u00e9pandre dans l&rsquo;environnement des micro-particules invisibles qui \u00e9radiquent les bact\u00e9ries et virus pr\u00e9sents sur toutes les surfaces et dans les fissures, assurant une d\u00e9sinfection m\u00eame jusqu&rsquo;\u00e0 8 mois, en totale autonomie.<\/p>\n<p>* d\u00e9sinfection \u00e0 faible intensit\u00e9 &#8211; une fois par semaine &#8211; environnement de 100m3 &#8211; r\u00e9servoir 25 litres.<\/p>\n<p><strong>Syst\u00e8me automatique de d\u00e9sinfection<\/strong>: une fois install\u00e9 et connect\u00e9 \u00e0 l&rsquo;alimentation principale, SANY SAFE est pr\u00eat \u00e0 l&#8217;emploi et ne n\u00e9cessite aucune assistance technique.<\/p>\n<p><strong>Remplacement du r\u00e9servoir en autonomie:<\/strong> Le r\u00e9servoir externe a \u00e9t\u00e9 con\u00e7u pour \u00eatre remplac\u00e9 directement par l&rsquo;utilisateur, sans assistance technique. Il est disponible en diff\u00e9rentes tailles: 5, 10 ou 25 litres pour effectuer de nombreux cycles de d\u00e9sinfection, selon vos besoins.<\/p>\n<p><strong>Gestion et surveillance par APP:<\/strong> Une fois install\u00e9, SANY SAFE dispose d&rsquo;un horaire hebdomadaire programm\u00e9, qui permet une utilisation imm\u00e9diate. Gr\u00e2ce \u00e0 la configuration simple et intuitive par APP, vous pouvez, \u00e0 tout moment, g\u00e9rer SANY SAFE et personnaliser les volumes, la fr\u00e9quence et l&rsquo;intensit\u00e9 des cycles de d\u00e9sinfection.<\/p>\n<p><strong>Assainissement rapide:<\/strong> 3 niveaux d&rsquo;intensit\u00e9 pour choisir le niveau et la fr\u00e9quence d&rsquo;assainissement le mieux adapt\u00e9 \u00e0 votre environnement. Par exemple, vous pouvez effectuer une d\u00e9sinfection de faible intensit\u00e9 tous les jours dans une pi\u00e8ce de 120 m3 en une minute et y entrer au bout d&rsquo;un quart d&rsquo;heure.<\/p>\n<p><strong>Connect\u00e9 au Cloud:<\/strong> Gr\u00e2ce \u00e0 l&rsquo;appareil GSM inclus et \u00e0 la DATA SIM active pendant 2 ans *, SANY SAFE est toujours connect\u00e9 au Cloud et peut \u00eatre contr\u00f4l\u00e9 \u00e0 distance. (Disponible uniquement pour les pays europ\u00e9ens.)<\/p>\n<p><strong>S\u00e9curit\u00e9 maximale<\/strong>: La vapeur vaporis\u00e9e dans l&rsquo;air ne pr\u00e9sente aucune toxicit\u00e9 pour les personnes, les animaux et les plantes, n&rsquo;endommage pas les surfaces et les tissus et d\u00e9gage une agr\u00e9able odeur propre. L&rsquo;environnement doit \u00eatre correctement ventil\u00e9 apr\u00e8s utilisation.<\/p>\n<p><strong>\u00c9conomie d&rsquo;\u00e9nergie<\/strong>: SANY SAFE a \u00e9t\u00e9 con\u00e7u pour g\u00e9rer dynamiquement la consommation. Pendant les cr\u00e9neaux horaires o\u00f9 la diffusion de vapeur n&rsquo;est pas effectu\u00e9e, SANY SAFE active le mode veille, s&rsquo;\u00e9teint et \u00e9conomise de l&rsquo;\u00e9nergie.<\/p>\n","protected":false},"excerpt":{"rendered":"<p>Sany Safe cuit \u00e0 la vapeur un d\u00e9tergent d\u00e9sinfectant puissant, non toxique, adapt\u00e9 \u00e0 tous les environnements qui \u00e9limine les agents pathog\u00e8nes tels que les virus, les germes, les bact\u00e9ries et les champignons \u00e0 la fois sur les surfaces et en suspension dans l&rsquo;air, r\u00e9pandant dans l&rsquo;environnement des micro-particules invisibles capables de p\u00e9n\u00e9trer m\u00eame endroits les plus inaccessibles.<\/p>\n","protected":false},"featured_media":2066,"template":"","meta":{"_et_pb_use_builder":"off","_et_pb_old_content":"<strong><span style=\"vertical-align: inherit\"><span style=\"vertical-align: inherit\">Para monitoreo de intrusos, control de acceso, bienvenida, advertencia o aviso<\/span><\/span><\/strong><span style=\"vertical-align: inherit\"><span style=\"vertical-align: inherit\"> \u00a0, recomendamos el\u00a0 <\/span><\/span><strong><span style=\"vertical-align: inherit\"><span style=\"vertical-align: inherit\">enunciador de voz de 4 canales - <\/span><\/span><\/strong>\u00a0<strong><span style=\"vertical-align: inherit\"><span style=\"vertical-align: inherit\">Multispeech Kit GJD090<\/span><\/span><\/strong><span style=\"vertical-align: inherit\"><span style=\"vertical-align: inherit\"> . <\/span><span style=\"vertical-align: inherit\">Se puede grabar un mensaje diferente de 30 segundos en cada canal o podr\u00eda ser un solo mensaje de 120 segundos.<\/span><\/span>\r\n\r\n<span style=\"vertical-align: inherit\"><span style=\"vertical-align: inherit\">El m\u00f3dulo es configurable para aceptar cualquier entrada normalmente abierta o normalmente cerrada, lo que le da una mayor flexibilidad para usarlo con cualquier\u00a0 <\/span><\/span><strong><span style=\"vertical-align: inherit\"><span style=\"vertical-align: inherit\">dispositivo de detecci\u00f3n, panel de alarma, bot\u00f3n de p\u00e1nico, contestador telef\u00f3nico o activaci\u00f3n desde una estaci\u00f3n de monitoreo de video remota.\u00a0<\/span><\/span><\/strong><span style=\"vertical-align: inherit\"><span style=\"vertical-align: inherit\">El control de volumen es ajustable y hay dos sonidos de preatenci\u00f3n disponibles.<\/span><\/span>\r\n\r\n<span style=\"vertical-align: inherit\"><span style=\"vertical-align: inherit\">El kit Multispeech proporciona una salida de audio de 8 ohmios que se puede aplicar a un altavoz o un marcador que tenga una entrada de procesador de voz. <\/span><span style=\"vertical-align: inherit\">La grabaci\u00f3n se puede realizar utilizando el micr\u00f3fono integrado o, alternativamente, mediante una entrada de l\u00ednea de 1V pp.\u00a0<\/span><\/span><strong><span style=\"vertical-align: inherit\"><span style=\"vertical-align: inherit\">La instalaci\u00f3n es f\u00e1cil y la grabaci\u00f3n de mensajes es r\u00e1pida y sencilla<\/span><\/span><\/strong><span style=\"vertical-align: inherit\"><span style=\"vertical-align: inherit\"> .<\/span><\/span>\r\n\r\n<span style=\"vertical-align: inherit\"><span style=\"vertical-align: inherit\">Este kit incluye:<\/span><\/span>\r\n\r\n<strong><span style=\"vertical-align: inherit\"><span style=\"vertical-align: inherit\">1 altavoz de bocina de 8 vatios y 8 ohmios<\/span><\/span><\/strong>\r\n\r\n<strong><span style=\"vertical-align: inherit\"><span style=\"vertical-align: inherit\">1 x Multispeech y PSU en caja resistente a la intemperie<\/span><\/span><\/strong>","_et_gb_content_width":""},"pwb-brand":[203],"product_brand":[],"product_cat":[41,43],"product_tag":[102,101],"class_list":{"0":"post-2040","1":"product","2":"type-product","3":"status-publish","4":"has-post-thumbnail","6":"pwb-brand-avs-electronics-s-p-a","7":"product_cat-detection-intrusion-perimetrique","8":"product_cat-solutions-auxiliaires","9":"product_tag-solution-auxiliaire","10":"product_tag-solution-desinfectante","12":"first","13":"instock","14":"featured","15":"shipping-taxable","16":"product-type-simple"},"yoast_head":"<!-- This site is optimized with the Yoast SEO plugin v25.2 - https:\/\/yoast.com\/wordpress\/plugins\/seo\/ -->\n<title>SANY SAFE: Syst\u00e8me d&#039;assainissement environnemental - Bunker Seguridad<\/title>\n<meta name=\"description\" content=\"Sany safe purificateur d&#039;air, d\u00e9tergent d\u00e9sinfectant puissant, non toxique, capable de p\u00e9n\u00e9trer dans les endroits les plus inaccessibles.\" \/>\n<meta name=\"robots\" content=\"noindex, follow, max-snippet:-1, max-image-preview:large, max-video-preview:-1\" \/>\n<meta property=\"og:locale\" content=\"fr_FR\" \/>\n<meta property=\"og:type\" content=\"article\" \/>\n<meta property=\"og:title\" content=\"SANY SAFE: Syst\u00e8me d&#039;assainissement environnemental - Bunker Seguridad\" \/>\n<meta property=\"og:description\" content=\"Sany safe purificateur d&#039;air, d\u00e9tergent d\u00e9sinfectant puissant, non toxique, capable de p\u00e9n\u00e9trer dans les endroits les plus inaccessibles.\" \/>\n<meta property=\"og:url\" content=\"https:\/\/bunkerseguridad.es\/fr\/produit\/sany-safe-systeme-assainissement-environnemental\/\" \/>\n<meta property=\"og:site_name\" content=\"Bunker Seguridad\" \/>\n<meta property=\"article:modified_time\" content=\"2021-02-15T10:47:10+00:00\" \/>\n<meta property=\"og:image\" content=\"https:\/\/bunkerseguridad.es\/fr\/wp-content\/uploads\/2020\/10\/sany-safe-system.png\" \/>\n\t<meta property=\"og:image:width\" content=\"1200\" \/>\n\t<meta property=\"og:image:height\" content=\"1200\" \/>\n\t<meta property=\"og:image:type\" content=\"image\/png\" \/>\n<meta name=\"twitter:card\" content=\"summary_large_image\" \/>\n<meta name=\"twitter:label1\" content=\"Dur\u00e9e de lecture estim\u00e9e\" \/>\n\t<meta name=\"twitter:data1\" content=\"2 minutes\" \/>\n<script type=\"application\/ld+json\" class=\"yoast-schema-graph\">{\"@context\":\"https:\/\/schema.org\",\"@graph\":[{\"@type\":\"WebPage\",\"@id\":\"https:\/\/bunkerseguridad.es\/fr\/produit\/sany-safe-systeme-assainissement-environnemental\/\",\"url\":\"https:\/\/bunkerseguridad.es\/fr\/produit\/sany-safe-systeme-assainissement-environnemental\/\",\"name\":\"SANY SAFE: Syst\u00e8me d'assainissement environnemental - Bunker Seguridad\",\"isPartOf\":{\"@id\":\"https:\/\/bunkerseguridad.es\/fr\/#website\"},\"primaryImageOfPage\":{\"@id\":\"https:\/\/bunkerseguridad.es\/fr\/produit\/sany-safe-systeme-assainissement-environnemental\/#primaryimage\"},\"image\":{\"@id\":\"https:\/\/bunkerseguridad.es\/fr\/produit\/sany-safe-systeme-assainissement-environnemental\/#primaryimage\"},\"thumbnailUrl\":\"https:\/\/bunkerseguridad.es\/fr\/wp-content\/uploads\/2020\/10\/sany-safe-system.png\",\"datePublished\":\"2020-10-06T09:34:39+00:00\",\"dateModified\":\"2021-02-15T10:47:10+00:00\",\"description\":\"Sany safe purificateur d'air, d\u00e9tergent d\u00e9sinfectant puissant, non toxique, capable de p\u00e9n\u00e9trer dans les endroits les plus inaccessibles.\",\"breadcrumb\":{\"@id\":\"https:\/\/bunkerseguridad.es\/fr\/produit\/sany-safe-systeme-assainissement-environnemental\/#breadcrumb\"},\"inLanguage\":\"fr-FR\",\"potentialAction\":[{\"@type\":\"ReadAction\",\"target\":[\"https:\/\/bunkerseguridad.es\/fr\/produit\/sany-safe-systeme-assainissement-environnemental\/\"]}]},{\"@type\":\"ImageObject\",\"inLanguage\":\"fr-FR\",\"@id\":\"https:\/\/bunkerseguridad.es\/fr\/produit\/sany-safe-systeme-assainissement-environnemental\/#primaryimage\",\"url\":\"https:\/\/bunkerseguridad.es\/fr\/wp-content\/uploads\/2020\/10\/sany-safe-system.png\",\"contentUrl\":\"https:\/\/bunkerseguridad.es\/fr\/wp-content\/uploads\/2020\/10\/sany-safe-system.png\",\"width\":1200,\"height\":1200,\"caption\":\"Sany Safe system\"},{\"@type\":\"BreadcrumbList\",\"@id\":\"https:\/\/bunkerseguridad.es\/fr\/produit\/sany-safe-systeme-assainissement-environnemental\/#breadcrumb\",\"itemListElement\":[{\"@type\":\"ListItem\",\"position\":1,\"name\":\"Home\",\"item\":\"https:\/\/bunkerseguridad.es\/fr\/\"},{\"@type\":\"ListItem\",\"position\":2,\"name\":\"Shop\",\"item\":\"https:\/\/bunkerseguridad.es\/fr\/shop\/\"},{\"@type\":\"ListItem\",\"position\":3,\"name\":\"SANY SAFE: Syst\u00e8me d&rsquo;assainissement environnemental\"}]},{\"@type\":\"WebSite\",\"@id\":\"https:\/\/bunkerseguridad.es\/fr\/#website\",\"url\":\"https:\/\/bunkerseguridad.es\/fr\/\",\"name\":\"Bunker Seguridad\",\"description\":\"Otro sitio realizado con WordPress\",\"potentialAction\":[{\"@type\":\"SearchAction\",\"target\":{\"@type\":\"EntryPoint\",\"urlTemplate\":\"https:\/\/bunkerseguridad.es\/fr\/?s={search_term_string}\"},\"query-input\":{\"@type\":\"PropertyValueSpecification\",\"valueRequired\":true,\"valueName\":\"search_term_string\"}}],\"inLanguage\":\"fr-FR\"}]}<\/script>\n<!-- \/ Yoast SEO plugin. -->","yoast_head_json":{"title":"SANY SAFE: Syst\u00e8me d'assainissement environnemental - Bunker Seguridad","description":"Sany safe purificateur d'air, d\u00e9tergent d\u00e9sinfectant puissant, non toxique, capable de p\u00e9n\u00e9trer dans les endroits les plus inaccessibles.","robots":{"index":"noindex","follow":"follow","max-snippet":"max-snippet:-1","max-image-preview":"max-image-preview:large","max-video-preview":"max-video-preview:-1"},"og_locale":"fr_FR","og_type":"article","og_title":"SANY SAFE: Syst\u00e8me d'assainissement environnemental - Bunker Seguridad","og_description":"Sany safe purificateur d'air, d\u00e9tergent d\u00e9sinfectant puissant, non toxique, capable de p\u00e9n\u00e9trer dans les endroits les plus inaccessibles.","og_url":"https:\/\/bunkerseguridad.es\/fr\/produit\/sany-safe-systeme-assainissement-environnemental\/","og_site_name":"Bunker Seguridad","article_modified_time":"2021-02-15T10:47:10+00:00","og_image":[{"width":1200,"height":1200,"url":"https:\/\/bunkerseguridad.es\/fr\/wp-content\/uploads\/2020\/10\/sany-safe-system.png","type":"image\/png"}],"twitter_card":"summary_large_image","twitter_misc":{"Dur\u00e9e de lecture estim\u00e9e":"2 minutes"},"schema":{"@context":"https:\/\/schema.org","@graph":[{"@type":"WebPage","@id":"https:\/\/bunkerseguridad.es\/fr\/produit\/sany-safe-systeme-assainissement-environnemental\/","url":"https:\/\/bunkerseguridad.es\/fr\/produit\/sany-safe-systeme-assainissement-environnemental\/","name":"SANY SAFE: Syst\u00e8me d'assainissement environnemental - Bunker Seguridad","isPartOf":{"@id":"https:\/\/bunkerseguridad.es\/fr\/#website"},"primaryImageOfPage":{"@id":"https:\/\/bunkerseguridad.es\/fr\/produit\/sany-safe-systeme-assainissement-environnemental\/#primaryimage"},"image":{"@id":"https:\/\/bunkerseguridad.es\/fr\/produit\/sany-safe-systeme-assainissement-environnemental\/#primaryimage"},"thumbnailUrl":"https:\/\/bunkerseguridad.es\/fr\/wp-content\/uploads\/2020\/10\/sany-safe-system.png","datePublished":"2020-10-06T09:34:39+00:00","dateModified":"2021-02-15T10:47:10+00:00","description":"Sany safe purificateur d'air, d\u00e9tergent d\u00e9sinfectant puissant, non toxique, capable de p\u00e9n\u00e9trer dans les endroits les plus inaccessibles.","breadcrumb":{"@id":"https:\/\/bunkerseguridad.es\/fr\/produit\/sany-safe-systeme-assainissement-environnemental\/#breadcrumb"},"inLanguage":"fr-FR","potentialAction":[{"@type":"ReadAction","target":["https:\/\/bunkerseguridad.es\/fr\/produit\/sany-safe-systeme-assainissement-environnemental\/"]}]},{"@type":"ImageObject","inLanguage":"fr-FR","@id":"https:\/\/bunkerseguridad.es\/fr\/produit\/sany-safe-systeme-assainissement-environnemental\/#primaryimage","url":"https:\/\/bunkerseguridad.es\/fr\/wp-content\/uploads\/2020\/10\/sany-safe-system.png","contentUrl":"https:\/\/bunkerseguridad.es\/fr\/wp-content\/uploads\/2020\/10\/sany-safe-system.png","width":1200,"height":1200,"caption":"Sany Safe system"},{"@type":"BreadcrumbList","@id":"https:\/\/bunkerseguridad.es\/fr\/produit\/sany-safe-systeme-assainissement-environnemental\/#breadcrumb","itemListElement":[{"@type":"ListItem","position":1,"name":"Home","item":"https:\/\/bunkerseguridad.es\/fr\/"},{"@type":"ListItem","position":2,"name":"Shop","item":"https:\/\/bunkerseguridad.es\/fr\/shop\/"},{"@type":"ListItem","position":3,"name":"SANY SAFE: Syst\u00e8me d&rsquo;assainissement environnemental"}]},{"@type":"WebSite","@id":"https:\/\/bunkerseguridad.es\/fr\/#website","url":"https:\/\/bunkerseguridad.es\/fr\/","name":"Bunker Seguridad","description":"Otro sitio realizado con WordPress","potentialAction":[{"@type":"SearchAction","target":{"@type":"EntryPoint","urlTemplate":"https:\/\/bunkerseguridad.es\/fr\/?s={search_term_string}"},"query-input":{"@type":"PropertyValueSpecification","valueRequired":true,"valueName":"search_term_string"}}],"inLanguage":"fr-FR"}]}},"brands":[{"id":203,"name":"AVS Electronics","slug":"avs-electronics-s-p-a"}],"_links":{"self":[{"href":"https:\/\/bunkerseguridad.es\/fr\/wp-json\/wp\/v2\/product\/2040","targetHints":{"allow":["GET"]}}],"collection":[{"href":"https:\/\/bunkerseguridad.es\/fr\/wp-json\/wp\/v2\/product"}],"about":[{"href":"https:\/\/bunkerseguridad.es\/fr\/wp-json\/wp\/v2\/types\/product"}],"wp:featuredmedia":[{"embeddable":true,"href":"https:\/\/bunkerseguridad.es\/fr\/wp-json\/wp\/v2\/media\/2066"}],"wp:attachment":[{"href":"https:\/\/bunkerseguridad.es\/fr\/wp-json\/wp\/v2\/media?parent=2040"}],"wp:term":[{"taxonomy":"pwb-brand","embeddable":true,"href":"https:\/\/bunkerseguridad.es\/fr\/wp-json\/wp\/v2\/pwb-brand?post=2040"},{"taxonomy":"product_brand","embeddable":true,"href":"https:\/\/bunkerseguridad.es\/fr\/wp-json\/wp\/v2\/product_brand?post=2040"},{"taxonomy":"product_cat","embeddable":true,"href":"https:\/\/bunkerseguridad.es\/fr\/wp-json\/wp\/v2\/product_cat?post=2040"},{"taxonomy":"product_tag","embeddable":true,"href":"https:\/\/bunkerseguridad.es\/fr\/wp-json\/wp\/v2\/product_tag?post=2040"}],"curies":[{"name":"wp","href":"https:\/\/api.w.org\/{rel}","templated":true}]}}