{"id":2142,"date":"2020-10-07T09:40:30","date_gmt":"2020-10-07T09:40:30","guid":{"rendered":"http:\/\/www.bunkerseguridad.es\/en\/?post_type=product&#038;p=2142"},"modified":"2021-02-11T09:40:41","modified_gmt":"2021-02-11T09:40:41","slug":"barriere-infrarouges-series-pb-20-40-60te","status":"publish","type":"product","link":"https:\/\/bunkerseguridad.es\/fr\/produit\/barriere-infrarouges-series-pb-20-40-60te\/","title":{"rendered":"Barri\u00e8re infrarouge S\u00e9rie PB 20\/40\/60TE"},"content":{"rendered":"<p>Nos faisceaux photo\u00e9lectriques Twin sont con\u00e7us pour r\u00e9pondre aux normes de qualit\u00e9 et de fiabilit\u00e9 les plus \u00e9lev\u00e9es en mati\u00e8re de d\u00e9tection des intrusions par faisceaux photo\u00e9lectriques. Les faisceaux jumeaux uniques sont synchronis\u00e9s pour fonctionner ensemble afin de renforcer la port\u00e9e et la stabilit\u00e9 dans des conditions m\u00e9t\u00e9orologiques difficiles.<\/p>\n<ul>\n<li>2 x faisceaux de haute puissance synchronis\u00e9s. Port\u00e9e des faisceaux : jusqu&rsquo;\u00e0 20 m en ext\u00e9rieur. 4 canaux de faisceaux<\/li>\n<li>2 x faisceaux de haute puissance synchronis\u00e9s. Port\u00e9e des faisceaux : jusqu&rsquo;\u00e0 40 m en ext\u00e9rieur. 4 canaux de faisceaux<\/li>\n<li>2 x faisceaux de haute puissance synchronis\u00e9s. Port\u00e9e des faisceaux : jusqu&rsquo;\u00e0 60 m en ext\u00e9rieur. 4 canaux de faisceaux<\/li>\n<\/ul>\n<p><strong>Caract\u00e9ristiques:<\/strong><\/p>\n<ul>\n<li>2 x faisceaux de haute puissance synchronis\u00e9s<\/li>\n<li>4 canaux de faisceau s\u00e9lectionnables pour \u00e9viter la diaphonie<\/li>\n<li>Des autocollants internes vivants sur le corps facilitent l&rsquo;alignement du faisceau<\/li>\n<li>Une double modulation pour une immunit\u00e9 \u00e0 la lumi\u00e8re in\u00e9gal\u00e9e<\/li>\n<li>Contr\u00f4le automatique des gains (AGC)<\/li>\n<li>50 000 lux d&rsquo;immunit\u00e9 \u00e0 la lumi\u00e8re du soleil<\/li>\n<li>Logement IP54<\/li>\n<\/ul>\n","protected":false},"excerpt":{"rendered":"<p>Nos <strong>Barri\u00e8re infrarouge photo\u00e9lectriques Twin sont con\u00e7us pour r\u00e9pondre aux normes de qualit\u00e9 et de fiabilit\u00e9 les plus \u00e9lev\u00e9es en mati\u00e8re de d\u00e9tection des intrusions par faisceaux photo\u00e9lectriques<\/strong>. Les faisceaux jumeaux uniques sont synchronis\u00e9s pour fonctionner ensemble afin de renforcer la port\u00e9e et la stabilit\u00e9 dans des conditions m\u00e9t\u00e9orologiques difficiles.<\/p>\n","protected":false},"featured_media":2251,"template":"","meta":{"_et_pb_use_builder":"","_et_pb_old_content":"","_et_gb_content_width":""},"pwb-brand":[202],"product_brand":[],"product_cat":[41,49],"product_tag":[207,80,82,81,362],"class_list":{"0":"post-2142","1":"product","2":"type-product","3":"status-publish","4":"has-post-thumbnail","6":"pwb-brand-takex","7":"product_cat-detection-intrusion-perimetrique","8":"product_cat-barrieres-infrarouges","9":"product_tag-4-channel","10":"product_tag-exterieur","11":"product_tag-faisceau-photoelectrique","12":"product_tag-interieur","13":"product_tag-poutrelles-jumelees","15":"first","16":"instock","17":"shipping-taxable","18":"product-type-simple"},"yoast_head":"<!-- This site is optimized with the Yoast SEO plugin v25.2 - https:\/\/yoast.com\/wordpress\/plugins\/seo\/ -->\n<title>Barri\u00e8re infrarouge S\u00e9rie PB 20\/40\/60TE - Bunker Seguridad<\/title>\n<meta name=\"description\" content=\"Photo\u00e9lectrique barriere sont con\u00e7us pour r\u00e9pondre aux plus hauts standards de qualit\u00e9 et de fiabilit\u00e9 pour la d\u00e9tection d&#039;intrusion\" \/>\n<meta name=\"robots\" content=\"noindex, follow, max-snippet:-1, max-image-preview:large, max-video-preview:-1\" \/>\n<meta property=\"og:locale\" content=\"fr_FR\" \/>\n<meta property=\"og:type\" content=\"article\" \/>\n<meta property=\"og:title\" content=\"Barri\u00e8re infrarouge S\u00e9rie PB 20\/40\/60TE - Bunker Seguridad\" \/>\n<meta property=\"og:description\" content=\"Photo\u00e9lectrique barriere sont con\u00e7us pour r\u00e9pondre aux plus hauts standards de qualit\u00e9 et de fiabilit\u00e9 pour la d\u00e9tection d&#039;intrusion\" \/>\n<meta property=\"og:url\" content=\"https:\/\/bunkerseguridad.es\/fr\/produit\/barriere-infrarouges-series-pb-20-40-60te\/\" \/>\n<meta property=\"og:site_name\" content=\"Bunker Seguridad\" \/>\n<meta property=\"article:modified_time\" content=\"2021-02-11T09:40:41+00:00\" \/>\n<meta property=\"og:image\" content=\"https:\/\/bunkerseguridad.es\/fr\/wp-content\/uploads\/2020\/10\/1200-PRODUCTOS-PB-TK_PB-TE.png\" \/>\n\t<meta property=\"og:image:width\" content=\"1200\" \/>\n\t<meta property=\"og:image:height\" content=\"1200\" \/>\n\t<meta property=\"og:image:type\" content=\"image\/png\" \/>\n<meta name=\"twitter:card\" content=\"summary_large_image\" \/>\n<meta name=\"twitter:label1\" content=\"Dur\u00e9e de lecture estim\u00e9e\" \/>\n\t<meta name=\"twitter:data1\" content=\"1 minute\" \/>\n<script type=\"application\/ld+json\" class=\"yoast-schema-graph\">{\"@context\":\"https:\/\/schema.org\",\"@graph\":[{\"@type\":\"WebPage\",\"@id\":\"https:\/\/bunkerseguridad.es\/fr\/produit\/barriere-infrarouges-series-pb-20-40-60te\/\",\"url\":\"https:\/\/bunkerseguridad.es\/fr\/produit\/barriere-infrarouges-series-pb-20-40-60te\/\",\"name\":\"Barri\u00e8re infrarouge S\u00e9rie PB 20\/40\/60TE - Bunker Seguridad\",\"isPartOf\":{\"@id\":\"https:\/\/bunkerseguridad.es\/fr\/#website\"},\"primaryImageOfPage\":{\"@id\":\"https:\/\/bunkerseguridad.es\/fr\/produit\/barriere-infrarouges-series-pb-20-40-60te\/#primaryimage\"},\"image\":{\"@id\":\"https:\/\/bunkerseguridad.es\/fr\/produit\/barriere-infrarouges-series-pb-20-40-60te\/#primaryimage\"},\"thumbnailUrl\":\"https:\/\/bunkerseguridad.es\/fr\/wp-content\/uploads\/2020\/10\/1200-PRODUCTOS-PB-TK_PB-TE.png\",\"datePublished\":\"2020-10-07T09:40:30+00:00\",\"dateModified\":\"2021-02-11T09:40:41+00:00\",\"description\":\"Photo\u00e9lectrique barriere sont con\u00e7us pour r\u00e9pondre aux plus hauts standards de qualit\u00e9 et de fiabilit\u00e9 pour la d\u00e9tection d'intrusion\",\"breadcrumb\":{\"@id\":\"https:\/\/bunkerseguridad.es\/fr\/produit\/barriere-infrarouges-series-pb-20-40-60te\/#breadcrumb\"},\"inLanguage\":\"fr-FR\",\"potentialAction\":[{\"@type\":\"ReadAction\",\"target\":[\"https:\/\/bunkerseguridad.es\/fr\/produit\/barriere-infrarouges-series-pb-20-40-60te\/\"]}]},{\"@type\":\"ImageObject\",\"inLanguage\":\"fr-FR\",\"@id\":\"https:\/\/bunkerseguridad.es\/fr\/produit\/barriere-infrarouges-series-pb-20-40-60te\/#primaryimage\",\"url\":\"https:\/\/bunkerseguridad.es\/fr\/wp-content\/uploads\/2020\/10\/1200-PRODUCTOS-PB-TK_PB-TE.png\",\"contentUrl\":\"https:\/\/bunkerseguridad.es\/fr\/wp-content\/uploads\/2020\/10\/1200-PRODUCTOS-PB-TK_PB-TE.png\",\"width\":1200,\"height\":1200,\"caption\":\"Photoelectric Beams PB\"},{\"@type\":\"BreadcrumbList\",\"@id\":\"https:\/\/bunkerseguridad.es\/fr\/produit\/barriere-infrarouges-series-pb-20-40-60te\/#breadcrumb\",\"itemListElement\":[{\"@type\":\"ListItem\",\"position\":1,\"name\":\"Home\",\"item\":\"https:\/\/bunkerseguridad.es\/fr\/\"},{\"@type\":\"ListItem\",\"position\":2,\"name\":\"Shop\",\"item\":\"https:\/\/bunkerseguridad.es\/fr\/shop\/\"},{\"@type\":\"ListItem\",\"position\":3,\"name\":\"Barri\u00e8re infrarouge S\u00e9rie PB 20\/40\/60TE\"}]},{\"@type\":\"WebSite\",\"@id\":\"https:\/\/bunkerseguridad.es\/fr\/#website\",\"url\":\"https:\/\/bunkerseguridad.es\/fr\/\",\"name\":\"Bunker Seguridad\",\"description\":\"Otro sitio realizado con WordPress\",\"potentialAction\":[{\"@type\":\"SearchAction\",\"target\":{\"@type\":\"EntryPoint\",\"urlTemplate\":\"https:\/\/bunkerseguridad.es\/fr\/?s={search_term_string}\"},\"query-input\":{\"@type\":\"PropertyValueSpecification\",\"valueRequired\":true,\"valueName\":\"search_term_string\"}}],\"inLanguage\":\"fr-FR\"}]}<\/script>\n<!-- \/ Yoast SEO plugin. -->","yoast_head_json":{"title":"Barri\u00e8re infrarouge S\u00e9rie PB 20\/40\/60TE - Bunker Seguridad","description":"Photo\u00e9lectrique barriere sont con\u00e7us pour r\u00e9pondre aux plus hauts standards de qualit\u00e9 et de fiabilit\u00e9 pour la d\u00e9tection d'intrusion","robots":{"index":"noindex","follow":"follow","max-snippet":"max-snippet:-1","max-image-preview":"max-image-preview:large","max-video-preview":"max-video-preview:-1"},"og_locale":"fr_FR","og_type":"article","og_title":"Barri\u00e8re infrarouge S\u00e9rie PB 20\/40\/60TE - Bunker Seguridad","og_description":"Photo\u00e9lectrique barriere sont con\u00e7us pour r\u00e9pondre aux plus hauts standards de qualit\u00e9 et de fiabilit\u00e9 pour la d\u00e9tection d'intrusion","og_url":"https:\/\/bunkerseguridad.es\/fr\/produit\/barriere-infrarouges-series-pb-20-40-60te\/","og_site_name":"Bunker Seguridad","article_modified_time":"2021-02-11T09:40:41+00:00","og_image":[{"width":1200,"height":1200,"url":"https:\/\/bunkerseguridad.es\/fr\/wp-content\/uploads\/2020\/10\/1200-PRODUCTOS-PB-TK_PB-TE.png","type":"image\/png"}],"twitter_card":"summary_large_image","twitter_misc":{"Dur\u00e9e de lecture estim\u00e9e":"1 minute"},"schema":{"@context":"https:\/\/schema.org","@graph":[{"@type":"WebPage","@id":"https:\/\/bunkerseguridad.es\/fr\/produit\/barriere-infrarouges-series-pb-20-40-60te\/","url":"https:\/\/bunkerseguridad.es\/fr\/produit\/barriere-infrarouges-series-pb-20-40-60te\/","name":"Barri\u00e8re infrarouge S\u00e9rie PB 20\/40\/60TE - Bunker Seguridad","isPartOf":{"@id":"https:\/\/bunkerseguridad.es\/fr\/#website"},"primaryImageOfPage":{"@id":"https:\/\/bunkerseguridad.es\/fr\/produit\/barriere-infrarouges-series-pb-20-40-60te\/#primaryimage"},"image":{"@id":"https:\/\/bunkerseguridad.es\/fr\/produit\/barriere-infrarouges-series-pb-20-40-60te\/#primaryimage"},"thumbnailUrl":"https:\/\/bunkerseguridad.es\/fr\/wp-content\/uploads\/2020\/10\/1200-PRODUCTOS-PB-TK_PB-TE.png","datePublished":"2020-10-07T09:40:30+00:00","dateModified":"2021-02-11T09:40:41+00:00","description":"Photo\u00e9lectrique barriere sont con\u00e7us pour r\u00e9pondre aux plus hauts standards de qualit\u00e9 et de fiabilit\u00e9 pour la d\u00e9tection d'intrusion","breadcrumb":{"@id":"https:\/\/bunkerseguridad.es\/fr\/produit\/barriere-infrarouges-series-pb-20-40-60te\/#breadcrumb"},"inLanguage":"fr-FR","potentialAction":[{"@type":"ReadAction","target":["https:\/\/bunkerseguridad.es\/fr\/produit\/barriere-infrarouges-series-pb-20-40-60te\/"]}]},{"@type":"ImageObject","inLanguage":"fr-FR","@id":"https:\/\/bunkerseguridad.es\/fr\/produit\/barriere-infrarouges-series-pb-20-40-60te\/#primaryimage","url":"https:\/\/bunkerseguridad.es\/fr\/wp-content\/uploads\/2020\/10\/1200-PRODUCTOS-PB-TK_PB-TE.png","contentUrl":"https:\/\/bunkerseguridad.es\/fr\/wp-content\/uploads\/2020\/10\/1200-PRODUCTOS-PB-TK_PB-TE.png","width":1200,"height":1200,"caption":"Photoelectric Beams PB"},{"@type":"BreadcrumbList","@id":"https:\/\/bunkerseguridad.es\/fr\/produit\/barriere-infrarouges-series-pb-20-40-60te\/#breadcrumb","itemListElement":[{"@type":"ListItem","position":1,"name":"Home","item":"https:\/\/bunkerseguridad.es\/fr\/"},{"@type":"ListItem","position":2,"name":"Shop","item":"https:\/\/bunkerseguridad.es\/fr\/shop\/"},{"@type":"ListItem","position":3,"name":"Barri\u00e8re infrarouge S\u00e9rie PB 20\/40\/60TE"}]},{"@type":"WebSite","@id":"https:\/\/bunkerseguridad.es\/fr\/#website","url":"https:\/\/bunkerseguridad.es\/fr\/","name":"Bunker Seguridad","description":"Otro sitio realizado con WordPress","potentialAction":[{"@type":"SearchAction","target":{"@type":"EntryPoint","urlTemplate":"https:\/\/bunkerseguridad.es\/fr\/?s={search_term_string}"},"query-input":{"@type":"PropertyValueSpecification","valueRequired":true,"valueName":"search_term_string"}}],"inLanguage":"fr-FR"}]}},"brands":[{"id":202,"name":"Takex","slug":"takex"}],"_links":{"self":[{"href":"https:\/\/bunkerseguridad.es\/fr\/wp-json\/wp\/v2\/product\/2142","targetHints":{"allow":["GET"]}}],"collection":[{"href":"https:\/\/bunkerseguridad.es\/fr\/wp-json\/wp\/v2\/product"}],"about":[{"href":"https:\/\/bunkerseguridad.es\/fr\/wp-json\/wp\/v2\/types\/product"}],"wp:featuredmedia":[{"embeddable":true,"href":"https:\/\/bunkerseguridad.es\/fr\/wp-json\/wp\/v2\/media\/2251"}],"wp:attachment":[{"href":"https:\/\/bunkerseguridad.es\/fr\/wp-json\/wp\/v2\/media?parent=2142"}],"wp:term":[{"taxonomy":"pwb-brand","embeddable":true,"href":"https:\/\/bunkerseguridad.es\/fr\/wp-json\/wp\/v2\/pwb-brand?post=2142"},{"taxonomy":"product_brand","embeddable":true,"href":"https:\/\/bunkerseguridad.es\/fr\/wp-json\/wp\/v2\/product_brand?post=2142"},{"taxonomy":"product_cat","embeddable":true,"href":"https:\/\/bunkerseguridad.es\/fr\/wp-json\/wp\/v2\/product_cat?post=2142"},{"taxonomy":"product_tag","embeddable":true,"href":"https:\/\/bunkerseguridad.es\/fr\/wp-json\/wp\/v2\/product_tag?post=2142"}],"curies":[{"name":"wp","href":"https:\/\/api.w.org\/{rel}","templated":true}]}}