{"id":2169,"date":"2020-10-07T10:06:24","date_gmt":"2020-10-07T10:06:24","guid":{"rendered":"http:\/\/www.bunkerseguridad.es\/en\/?post_type=product&#038;p=2169"},"modified":"2021-02-11T09:41:17","modified_gmt":"2021-02-11T09:41:17","slug":"barrieres-infrarouges-pb-30-60-100-tk-series","status":"publish","type":"product","link":"https:\/\/bunkerseguridad.es\/fr\/produit\/barrieres-infrarouges-pb-30-60-100-tk-series\/","title":{"rendered":"Barri\u00e8res infrarouges PB-30\/60\/100 TK s\u00e9ries"},"content":{"rendered":"<p>M\u00eame les plus simples des faisceaux doubles de TAKEX sont dot\u00e9s de notre technologie brevet\u00e9e de \u00ab\u00a0double modulation\u00a0\u00bb qui leur conf\u00e8re une immunit\u00e9 in\u00e9gal\u00e9e contre la lumi\u00e8re du soleil et les sources de lumi\u00e8re artificielle &#8211; id\u00e9ale pour prot\u00e9ger les fen\u00eatres, les portes, les cl\u00f4tures et les all\u00e9es.<\/p>\n<ul>\n<li>2 x faisceaux synchronis\u00e9s de haute puissance. Port\u00e9e du faisceau : jusqu&rsquo;\u00e0 30 m en ext\u00e9rieur \/ 60 m en int\u00e9rieur. Canal unique.<\/li>\n<li>2 x faisceaux haute puissance synchronis\u00e9s. Port\u00e9e du faisceau : jusqu&rsquo;\u00e0 60 m en ext\u00e9rieur \/ 120 m en int\u00e9rieur. Canal unique.<\/li>\n<li>2 x faisceaux haute puissance synchronis\u00e9s. Port\u00e9e du faisceau : jusqu&rsquo;\u00e0 100m en ext\u00e9rieur \/ 200m en int\u00e9rieur. Canal unique.<\/li>\n<\/ul>\n<p><strong>Caract\u00e9ristiques:<\/strong><\/p>\n<ul>\n<li>2 x faisceaux haute puissance synchronis\u00e9s<\/li>\n<li>Une double modulation pour une immunit\u00e9 \u00e0 la lumi\u00e8re in\u00e9gal\u00e9e<\/li>\n<li>Contr\u00f4le automatique des gains (AGC)<\/li>\n<li>50 000 lux d&rsquo;immunit\u00e9 \u00e0 la lumi\u00e8re du soleil<\/li>\n<li>Logement IP54<\/li>\n<\/ul>\n","protected":false},"excerpt":{"rendered":"<p>M\u00eame les plus simples des Twin Beams de TAKEX sont dot\u00e9s de notre technologie brevet\u00e9e de \u00ab\u00a0double modulation\u00a0\u00bb qui leur conf\u00e8re une immunit\u00e9 in\u00e9gal\u00e9e contre la lumi\u00e8re du soleil et les sources de lumi\u00e8re artificielle &#8211; id\u00e9ale pour prot\u00e9ger les fen\u00eatres, les portes, les cl\u00f4tures et les all\u00e9es.<\/p>\n","protected":false},"featured_media":2251,"template":"","meta":{"_et_pb_use_builder":"","_et_pb_old_content":"","_et_gb_content_width":""},"pwb-brand":[202],"product_brand":[],"product_cat":[41,49],"product_tag":[76,80,82,81,362],"class_list":{"0":"post-2169","1":"product","2":"type-product","3":"status-publish","4":"has-post-thumbnail","6":"pwb-brand-takex","7":"product_cat-detection-intrusion-perimetrique","8":"product_cat-barrieres-infrarouges","9":"product_tag-canal-unique","10":"product_tag-exterieur","11":"product_tag-faisceau-photoelectrique","12":"product_tag-interieur","13":"product_tag-poutrelles-jumelees","15":"first","16":"instock","17":"shipping-taxable","18":"product-type-simple"},"yoast_head":"<!-- This site is optimized with the Yoast SEO plugin v25.2 - https:\/\/yoast.com\/wordpress\/plugins\/seo\/ -->\n<title>Barri\u00e8res infrarouges PB-30\/60\/100 TK s\u00e9ries - Bunker Seguridad<\/title>\n<meta name=\"description\" content=\"Syst\u00e8mes de sortie \u00e0 double r\u00e9ponse sophistiqu\u00e9s pour distinguer et attribuer des r\u00e9ponses d&#039;alarme sp\u00e9cifiques en fonction de la taille et de la vitesse des objets cibles se d\u00e9pla\u00e7ant dans la zone de d\u00e9tection.\" \/>\n<meta name=\"robots\" content=\"noindex, follow, max-snippet:-1, max-image-preview:large, max-video-preview:-1\" \/>\n<meta property=\"og:locale\" content=\"fr_FR\" \/>\n<meta property=\"og:type\" content=\"article\" \/>\n<meta property=\"og:title\" content=\"Barri\u00e8res infrarouges PB-30\/60\/100 TK s\u00e9ries - Bunker Seguridad\" \/>\n<meta property=\"og:description\" content=\"Syst\u00e8mes de sortie \u00e0 double r\u00e9ponse sophistiqu\u00e9s pour distinguer et attribuer des r\u00e9ponses d&#039;alarme sp\u00e9cifiques en fonction de la taille et de la vitesse des objets cibles se d\u00e9pla\u00e7ant dans la zone de d\u00e9tection.\" \/>\n<meta property=\"og:url\" content=\"https:\/\/bunkerseguridad.es\/fr\/produit\/barrieres-infrarouges-pb-30-60-100-tk-series\/\" \/>\n<meta property=\"og:site_name\" content=\"Bunker Seguridad\" \/>\n<meta property=\"article:modified_time\" content=\"2021-02-11T09:41:17+00:00\" \/>\n<meta property=\"og:image\" content=\"https:\/\/bunkerseguridad.es\/fr\/wp-content\/uploads\/2020\/10\/1200-PRODUCTOS-PB-TK_PB-TE.png\" \/>\n\t<meta property=\"og:image:width\" content=\"1200\" \/>\n\t<meta property=\"og:image:height\" content=\"1200\" \/>\n\t<meta property=\"og:image:type\" content=\"image\/png\" \/>\n<meta name=\"twitter:card\" content=\"summary_large_image\" \/>\n<meta name=\"twitter:label1\" content=\"Dur\u00e9e de lecture estim\u00e9e\" \/>\n\t<meta name=\"twitter:data1\" content=\"1 minute\" \/>\n<script type=\"application\/ld+json\" class=\"yoast-schema-graph\">{\"@context\":\"https:\/\/schema.org\",\"@graph\":[{\"@type\":\"WebPage\",\"@id\":\"https:\/\/bunkerseguridad.es\/fr\/produit\/barrieres-infrarouges-pb-30-60-100-tk-series\/\",\"url\":\"https:\/\/bunkerseguridad.es\/fr\/produit\/barrieres-infrarouges-pb-30-60-100-tk-series\/\",\"name\":\"Barri\u00e8res infrarouges PB-30\/60\/100 TK s\u00e9ries - Bunker Seguridad\",\"isPartOf\":{\"@id\":\"https:\/\/bunkerseguridad.es\/fr\/#website\"},\"primaryImageOfPage\":{\"@id\":\"https:\/\/bunkerseguridad.es\/fr\/produit\/barrieres-infrarouges-pb-30-60-100-tk-series\/#primaryimage\"},\"image\":{\"@id\":\"https:\/\/bunkerseguridad.es\/fr\/produit\/barrieres-infrarouges-pb-30-60-100-tk-series\/#primaryimage\"},\"thumbnailUrl\":\"https:\/\/bunkerseguridad.es\/fr\/wp-content\/uploads\/2020\/10\/1200-PRODUCTOS-PB-TK_PB-TE.png\",\"datePublished\":\"2020-10-07T10:06:24+00:00\",\"dateModified\":\"2021-02-11T09:41:17+00:00\",\"description\":\"Syst\u00e8mes de sortie \u00e0 double r\u00e9ponse sophistiqu\u00e9s pour distinguer et attribuer des r\u00e9ponses d'alarme sp\u00e9cifiques en fonction de la taille et de la vitesse des objets cibles se d\u00e9pla\u00e7ant dans la zone de d\u00e9tection.\",\"breadcrumb\":{\"@id\":\"https:\/\/bunkerseguridad.es\/fr\/produit\/barrieres-infrarouges-pb-30-60-100-tk-series\/#breadcrumb\"},\"inLanguage\":\"fr-FR\",\"potentialAction\":[{\"@type\":\"ReadAction\",\"target\":[\"https:\/\/bunkerseguridad.es\/fr\/produit\/barrieres-infrarouges-pb-30-60-100-tk-series\/\"]}]},{\"@type\":\"ImageObject\",\"inLanguage\":\"fr-FR\",\"@id\":\"https:\/\/bunkerseguridad.es\/fr\/produit\/barrieres-infrarouges-pb-30-60-100-tk-series\/#primaryimage\",\"url\":\"https:\/\/bunkerseguridad.es\/fr\/wp-content\/uploads\/2020\/10\/1200-PRODUCTOS-PB-TK_PB-TE.png\",\"contentUrl\":\"https:\/\/bunkerseguridad.es\/fr\/wp-content\/uploads\/2020\/10\/1200-PRODUCTOS-PB-TK_PB-TE.png\",\"width\":1200,\"height\":1200,\"caption\":\"Photoelectric Beams PB\"},{\"@type\":\"BreadcrumbList\",\"@id\":\"https:\/\/bunkerseguridad.es\/fr\/produit\/barrieres-infrarouges-pb-30-60-100-tk-series\/#breadcrumb\",\"itemListElement\":[{\"@type\":\"ListItem\",\"position\":1,\"name\":\"Home\",\"item\":\"https:\/\/bunkerseguridad.es\/fr\/\"},{\"@type\":\"ListItem\",\"position\":2,\"name\":\"Shop\",\"item\":\"https:\/\/bunkerseguridad.es\/fr\/shop\/\"},{\"@type\":\"ListItem\",\"position\":3,\"name\":\"Barri\u00e8res infrarouges PB-30\/60\/100 TK s\u00e9ries\"}]},{\"@type\":\"WebSite\",\"@id\":\"https:\/\/bunkerseguridad.es\/fr\/#website\",\"url\":\"https:\/\/bunkerseguridad.es\/fr\/\",\"name\":\"Bunker Seguridad\",\"description\":\"Otro sitio realizado con WordPress\",\"potentialAction\":[{\"@type\":\"SearchAction\",\"target\":{\"@type\":\"EntryPoint\",\"urlTemplate\":\"https:\/\/bunkerseguridad.es\/fr\/?s={search_term_string}\"},\"query-input\":{\"@type\":\"PropertyValueSpecification\",\"valueRequired\":true,\"valueName\":\"search_term_string\"}}],\"inLanguage\":\"fr-FR\"}]}<\/script>\n<!-- \/ Yoast SEO plugin. -->","yoast_head_json":{"title":"Barri\u00e8res infrarouges PB-30\/60\/100 TK s\u00e9ries - Bunker Seguridad","description":"Syst\u00e8mes de sortie \u00e0 double r\u00e9ponse sophistiqu\u00e9s pour distinguer et attribuer des r\u00e9ponses d'alarme sp\u00e9cifiques en fonction de la taille et de la vitesse des objets cibles se d\u00e9pla\u00e7ant dans la zone de d\u00e9tection.","robots":{"index":"noindex","follow":"follow","max-snippet":"max-snippet:-1","max-image-preview":"max-image-preview:large","max-video-preview":"max-video-preview:-1"},"og_locale":"fr_FR","og_type":"article","og_title":"Barri\u00e8res infrarouges PB-30\/60\/100 TK s\u00e9ries - Bunker Seguridad","og_description":"Syst\u00e8mes de sortie \u00e0 double r\u00e9ponse sophistiqu\u00e9s pour distinguer et attribuer des r\u00e9ponses d'alarme sp\u00e9cifiques en fonction de la taille et de la vitesse des objets cibles se d\u00e9pla\u00e7ant dans la zone de d\u00e9tection.","og_url":"https:\/\/bunkerseguridad.es\/fr\/produit\/barrieres-infrarouges-pb-30-60-100-tk-series\/","og_site_name":"Bunker Seguridad","article_modified_time":"2021-02-11T09:41:17+00:00","og_image":[{"width":1200,"height":1200,"url":"https:\/\/bunkerseguridad.es\/fr\/wp-content\/uploads\/2020\/10\/1200-PRODUCTOS-PB-TK_PB-TE.png","type":"image\/png"}],"twitter_card":"summary_large_image","twitter_misc":{"Dur\u00e9e de lecture estim\u00e9e":"1 minute"},"schema":{"@context":"https:\/\/schema.org","@graph":[{"@type":"WebPage","@id":"https:\/\/bunkerseguridad.es\/fr\/produit\/barrieres-infrarouges-pb-30-60-100-tk-series\/","url":"https:\/\/bunkerseguridad.es\/fr\/produit\/barrieres-infrarouges-pb-30-60-100-tk-series\/","name":"Barri\u00e8res infrarouges PB-30\/60\/100 TK s\u00e9ries - Bunker Seguridad","isPartOf":{"@id":"https:\/\/bunkerseguridad.es\/fr\/#website"},"primaryImageOfPage":{"@id":"https:\/\/bunkerseguridad.es\/fr\/produit\/barrieres-infrarouges-pb-30-60-100-tk-series\/#primaryimage"},"image":{"@id":"https:\/\/bunkerseguridad.es\/fr\/produit\/barrieres-infrarouges-pb-30-60-100-tk-series\/#primaryimage"},"thumbnailUrl":"https:\/\/bunkerseguridad.es\/fr\/wp-content\/uploads\/2020\/10\/1200-PRODUCTOS-PB-TK_PB-TE.png","datePublished":"2020-10-07T10:06:24+00:00","dateModified":"2021-02-11T09:41:17+00:00","description":"Syst\u00e8mes de sortie \u00e0 double r\u00e9ponse sophistiqu\u00e9s pour distinguer et attribuer des r\u00e9ponses d'alarme sp\u00e9cifiques en fonction de la taille et de la vitesse des objets cibles se d\u00e9pla\u00e7ant dans la zone de d\u00e9tection.","breadcrumb":{"@id":"https:\/\/bunkerseguridad.es\/fr\/produit\/barrieres-infrarouges-pb-30-60-100-tk-series\/#breadcrumb"},"inLanguage":"fr-FR","potentialAction":[{"@type":"ReadAction","target":["https:\/\/bunkerseguridad.es\/fr\/produit\/barrieres-infrarouges-pb-30-60-100-tk-series\/"]}]},{"@type":"ImageObject","inLanguage":"fr-FR","@id":"https:\/\/bunkerseguridad.es\/fr\/produit\/barrieres-infrarouges-pb-30-60-100-tk-series\/#primaryimage","url":"https:\/\/bunkerseguridad.es\/fr\/wp-content\/uploads\/2020\/10\/1200-PRODUCTOS-PB-TK_PB-TE.png","contentUrl":"https:\/\/bunkerseguridad.es\/fr\/wp-content\/uploads\/2020\/10\/1200-PRODUCTOS-PB-TK_PB-TE.png","width":1200,"height":1200,"caption":"Photoelectric Beams PB"},{"@type":"BreadcrumbList","@id":"https:\/\/bunkerseguridad.es\/fr\/produit\/barrieres-infrarouges-pb-30-60-100-tk-series\/#breadcrumb","itemListElement":[{"@type":"ListItem","position":1,"name":"Home","item":"https:\/\/bunkerseguridad.es\/fr\/"},{"@type":"ListItem","position":2,"name":"Shop","item":"https:\/\/bunkerseguridad.es\/fr\/shop\/"},{"@type":"ListItem","position":3,"name":"Barri\u00e8res infrarouges PB-30\/60\/100 TK s\u00e9ries"}]},{"@type":"WebSite","@id":"https:\/\/bunkerseguridad.es\/fr\/#website","url":"https:\/\/bunkerseguridad.es\/fr\/","name":"Bunker Seguridad","description":"Otro sitio realizado con WordPress","potentialAction":[{"@type":"SearchAction","target":{"@type":"EntryPoint","urlTemplate":"https:\/\/bunkerseguridad.es\/fr\/?s={search_term_string}"},"query-input":{"@type":"PropertyValueSpecification","valueRequired":true,"valueName":"search_term_string"}}],"inLanguage":"fr-FR"}]}},"brands":[{"id":202,"name":"Takex","slug":"takex"}],"_links":{"self":[{"href":"https:\/\/bunkerseguridad.es\/fr\/wp-json\/wp\/v2\/product\/2169","targetHints":{"allow":["GET"]}}],"collection":[{"href":"https:\/\/bunkerseguridad.es\/fr\/wp-json\/wp\/v2\/product"}],"about":[{"href":"https:\/\/bunkerseguridad.es\/fr\/wp-json\/wp\/v2\/types\/product"}],"wp:featuredmedia":[{"embeddable":true,"href":"https:\/\/bunkerseguridad.es\/fr\/wp-json\/wp\/v2\/media\/2251"}],"wp:attachment":[{"href":"https:\/\/bunkerseguridad.es\/fr\/wp-json\/wp\/v2\/media?parent=2169"}],"wp:term":[{"taxonomy":"pwb-brand","embeddable":true,"href":"https:\/\/bunkerseguridad.es\/fr\/wp-json\/wp\/v2\/pwb-brand?post=2169"},{"taxonomy":"product_brand","embeddable":true,"href":"https:\/\/bunkerseguridad.es\/fr\/wp-json\/wp\/v2\/product_brand?post=2169"},{"taxonomy":"product_cat","embeddable":true,"href":"https:\/\/bunkerseguridad.es\/fr\/wp-json\/wp\/v2\/product_cat?post=2169"},{"taxonomy":"product_tag","embeddable":true,"href":"https:\/\/bunkerseguridad.es\/fr\/wp-json\/wp\/v2\/product_tag?post=2169"}],"curies":[{"name":"wp","href":"https:\/\/api.w.org\/{rel}","templated":true}]}}