{"id":2300,"date":"2020-10-08T10:14:40","date_gmt":"2020-10-08T10:14:40","guid":{"rendered":"http:\/\/www.bunkerseguridad.es\/en\/?post_type=product&#038;p=2300"},"modified":"2021-02-11T09:20:24","modified_gmt":"2021-02-11T09:20:24","slug":"batterie-quad-photoelectrique-txf-125e","status":"publish","type":"product","link":"https:\/\/bunkerseguridad.es\/fr\/produit\/batterie-quad-photoelectrique-txf-125e\/","title":{"rendered":"Batterie quad photo\u00e9lectrique TXF-125E"},"content":{"rendered":"<p>The <strong>TXF-125E aliment\u00e9 par batterie<\/strong> est un capteur photo\u00e9lectrique \u00e0 quatre faisceaux fonctionnant sur piles et con\u00e7u pour \u00eatre compatible avec les principaux syst\u00e8mes sans fil ; il r\u00e9duit le temps et le co\u00fbt des installations permanentes et permet l&rsquo;utilisation de faisceaux infrarouges actifs sur des installations temporaires ou \u00e0 d\u00e9ploiement rapide. Avec 4 fr\u00e9quences s\u00e9lectionnables, plusieurs ensembles de faisceaux peuvent \u00eatre utilis\u00e9s dans des configurations lin\u00e9aires et empil\u00e9es sans risque de diaphonie, avec en plus une fonction de puissance d&rsquo;\u00e9mission qui permet \u00e0 l&rsquo;utilisateur de d\u00e9finir des zones de 25\/50\/75\/100m.<\/p>\n<p>Deux batteries de 3,6V (17Ah) peuvent alimenter chaque unit\u00e9 pendant environ 5 ans de service, et des optiques r\u00e9glables de \u00b190\u00b0 \u00e0 l&rsquo;horizontale \/ \u00b120\u00b0 \u00e0 la verticale permettent de s&rsquo;adapter aux terrains les plus dynamiques.<\/p>\n<ul>\n<li>4 x faisceaux de haute puissance synchronis\u00e9s. R\u00e9glage de la puissance: jusqu&rsquo;\u00e0 25m. 4 canaux de faisceaux<\/li>\n<li>4 x faisceaux de haute puissance synchronis\u00e9s. R\u00e9glage de la puissance: jusqu&rsquo;\u00e0 50m. 4 canaux de faisceaux<\/li>\n<li>4 x faisceaux de haute puissance synchronis\u00e9s. r\u00e9glage de la puissance: jusqu&rsquo;\u00e0 75m. 4 canaux de faisceaux<\/li>\n<li>4 x faisceaux de haute puissance synchronis\u00e9s. r\u00e9glage de la puissance: jusqu&rsquo;\u00e0 100m. 4 canaux de faisceaux<\/li>\n<\/ul>\n","protected":false},"excerpt":{"rendered":"<p><strong>TXF-125E<\/strong> est con\u00e7u pour \u00eatre compatible avec les principaux syst\u00e8mes sans fil; il r\u00e9duit le temps et le co\u00fbt des installations permanentes et permet l&rsquo;utilisation de faisceaux infrarouges actifs sur des installations temporaires ou \u00e0 d\u00e9ploiement rapide.<\/p>\n","protected":false},"featured_media":2306,"template":"","meta":{"_et_pb_use_builder":"","_et_pb_old_content":"","_et_gb_content_width":""},"pwb-brand":[202],"product_brand":[],"product_cat":[49,41],"product_tag":[207,80,82,81,78],"class_list":{"0":"post-2300","1":"product","2":"type-product","3":"status-publish","4":"has-post-thumbnail","6":"pwb-brand-takex","7":"product_cat-barrieres-infrarouges","8":"product_cat-detection-intrusion-perimetrique","9":"product_tag-4-channel","10":"product_tag-exterieur","11":"product_tag-faisceau-photoelectrique","12":"product_tag-interieur","13":"product_tag-quadruple-faisceau","15":"first","16":"instock","17":"shipping-taxable","18":"product-type-simple"},"yoast_head":"<!-- This site is optimized with the Yoast SEO plugin v27.4 - https:\/\/yoast.com\/product\/yoast-seo-wordpress\/ -->\n<title>Batterie quad photo\u00e9lectrique TXF-125E - Bunker Seguridad<\/title>\n<meta name=\"description\" content=\"Battery compatible avec le quadruple faisceau photo\u00e9lectrique permettant l&#039;utilisation de faisceaux infrarouges actifs sur un d\u00e9ploiement rapide ou des installations temporaires.\" \/>\n<meta name=\"robots\" content=\"noindex, follow, max-snippet:-1, max-image-preview:large, max-video-preview:-1\" \/>\n<meta property=\"og:locale\" content=\"fr_FR\" \/>\n<meta property=\"og:type\" content=\"article\" \/>\n<meta property=\"og:title\" content=\"Batterie quad photo\u00e9lectrique TXF-125E - Bunker Seguridad\" \/>\n<meta property=\"og:description\" content=\"Battery compatible avec le quadruple faisceau photo\u00e9lectrique permettant l&#039;utilisation de faisceaux infrarouges actifs sur un d\u00e9ploiement rapide ou des installations temporaires.\" \/>\n<meta property=\"og:url\" content=\"https:\/\/bunkerseguridad.es\/fr\/produit\/batterie-quad-photoelectrique-txf-125e\/\" \/>\n<meta property=\"og:site_name\" content=\"Bunker Seguridad\" \/>\n<meta property=\"article:modified_time\" content=\"2021-02-11T09:20:24+00:00\" \/>\n<meta property=\"og:image\" content=\"https:\/\/bunkerseguridad.es\/fr\/wp-content\/uploads\/2020\/10\/TXF-125E.png\" \/>\n\t<meta property=\"og:image:width\" content=\"1200\" \/>\n\t<meta property=\"og:image:height\" content=\"1200\" \/>\n\t<meta property=\"og:image:type\" content=\"image\/png\" \/>\n<meta name=\"twitter:card\" content=\"summary_large_image\" \/>\n<meta name=\"twitter:label1\" content=\"Dur\u00e9e de lecture estim\u00e9e\" \/>\n\t<meta name=\"twitter:data1\" content=\"1 minute\" \/>\n<script type=\"application\/ld+json\" class=\"yoast-schema-graph\">{\"@context\":\"https:\\\/\\\/schema.org\",\"@graph\":[{\"@type\":\"WebPage\",\"@id\":\"https:\\\/\\\/bunkerseguridad.es\\\/fr\\\/produit\\\/batterie-quad-photoelectrique-txf-125e\\\/\",\"url\":\"https:\\\/\\\/bunkerseguridad.es\\\/fr\\\/produit\\\/batterie-quad-photoelectrique-txf-125e\\\/\",\"name\":\"Batterie quad photo\u00e9lectrique TXF-125E - Bunker Seguridad\",\"isPartOf\":{\"@id\":\"https:\\\/\\\/bunkerseguridad.es\\\/fr\\\/#website\"},\"primaryImageOfPage\":{\"@id\":\"https:\\\/\\\/bunkerseguridad.es\\\/fr\\\/produit\\\/batterie-quad-photoelectrique-txf-125e\\\/#primaryimage\"},\"image\":{\"@id\":\"https:\\\/\\\/bunkerseguridad.es\\\/fr\\\/produit\\\/batterie-quad-photoelectrique-txf-125e\\\/#primaryimage\"},\"thumbnailUrl\":\"https:\\\/\\\/bunkerseguridad.es\\\/fr\\\/wp-content\\\/uploads\\\/2020\\\/10\\\/TXF-125E.png\",\"datePublished\":\"2020-10-08T10:14:40+00:00\",\"dateModified\":\"2021-02-11T09:20:24+00:00\",\"description\":\"Battery compatible avec le quadruple faisceau photo\u00e9lectrique permettant l'utilisation de faisceaux infrarouges actifs sur un d\u00e9ploiement rapide ou des installations temporaires.\",\"breadcrumb\":{\"@id\":\"https:\\\/\\\/bunkerseguridad.es\\\/fr\\\/produit\\\/batterie-quad-photoelectrique-txf-125e\\\/#breadcrumb\"},\"inLanguage\":\"fr-FR\",\"potentialAction\":[{\"@type\":\"ReadAction\",\"target\":[\"https:\\\/\\\/bunkerseguridad.es\\\/fr\\\/produit\\\/batterie-quad-photoelectrique-txf-125e\\\/\"]}]},{\"@type\":\"ImageObject\",\"inLanguage\":\"fr-FR\",\"@id\":\"https:\\\/\\\/bunkerseguridad.es\\\/fr\\\/produit\\\/batterie-quad-photoelectrique-txf-125e\\\/#primaryimage\",\"url\":\"https:\\\/\\\/bunkerseguridad.es\\\/fr\\\/wp-content\\\/uploads\\\/2020\\\/10\\\/TXF-125E.png\",\"contentUrl\":\"https:\\\/\\\/bunkerseguridad.es\\\/fr\\\/wp-content\\\/uploads\\\/2020\\\/10\\\/TXF-125E.png\",\"width\":1200,\"height\":1200,\"caption\":\"Colonnes photo\u00e9lectriques\"},{\"@type\":\"BreadcrumbList\",\"@id\":\"https:\\\/\\\/bunkerseguridad.es\\\/fr\\\/produit\\\/batterie-quad-photoelectrique-txf-125e\\\/#breadcrumb\",\"itemListElement\":[{\"@type\":\"ListItem\",\"position\":1,\"name\":\"Home\",\"item\":\"https:\\\/\\\/bunkerseguridad.es\\\/fr\\\/\"},{\"@type\":\"ListItem\",\"position\":2,\"name\":\"Shop\",\"item\":\"https:\\\/\\\/bunkerseguridad.es\\\/fr\\\/shop\\\/\"},{\"@type\":\"ListItem\",\"position\":3,\"name\":\"Batterie quad photo\u00e9lectrique TXF-125E\"}]},{\"@type\":\"WebSite\",\"@id\":\"https:\\\/\\\/bunkerseguridad.es\\\/fr\\\/#website\",\"url\":\"https:\\\/\\\/bunkerseguridad.es\\\/fr\\\/\",\"name\":\"Bunker Seguridad\",\"description\":\"Otro sitio realizado con WordPress\",\"potentialAction\":[{\"@type\":\"SearchAction\",\"target\":{\"@type\":\"EntryPoint\",\"urlTemplate\":\"https:\\\/\\\/bunkerseguridad.es\\\/fr\\\/?s={search_term_string}\"},\"query-input\":{\"@type\":\"PropertyValueSpecification\",\"valueRequired\":true,\"valueName\":\"search_term_string\"}}],\"inLanguage\":\"fr-FR\"}]}<\/script>\n<!-- \/ Yoast SEO plugin. -->","yoast_head_json":{"title":"Batterie quad photo\u00e9lectrique TXF-125E - Bunker Seguridad","description":"Battery compatible avec le quadruple faisceau photo\u00e9lectrique permettant l'utilisation de faisceaux infrarouges actifs sur un d\u00e9ploiement rapide ou des installations temporaires.","robots":{"index":"noindex","follow":"follow","max-snippet":"max-snippet:-1","max-image-preview":"max-image-preview:large","max-video-preview":"max-video-preview:-1"},"og_locale":"fr_FR","og_type":"article","og_title":"Batterie quad photo\u00e9lectrique TXF-125E - Bunker Seguridad","og_description":"Battery compatible avec le quadruple faisceau photo\u00e9lectrique permettant l'utilisation de faisceaux infrarouges actifs sur un d\u00e9ploiement rapide ou des installations temporaires.","og_url":"https:\/\/bunkerseguridad.es\/fr\/produit\/batterie-quad-photoelectrique-txf-125e\/","og_site_name":"Bunker Seguridad","article_modified_time":"2021-02-11T09:20:24+00:00","og_image":[{"width":1200,"height":1200,"url":"https:\/\/bunkerseguridad.es\/fr\/wp-content\/uploads\/2020\/10\/TXF-125E.png","type":"image\/png"}],"twitter_card":"summary_large_image","twitter_misc":{"Dur\u00e9e de lecture estim\u00e9e":"1 minute"},"schema":{"@context":"https:\/\/schema.org","@graph":[{"@type":"WebPage","@id":"https:\/\/bunkerseguridad.es\/fr\/produit\/batterie-quad-photoelectrique-txf-125e\/","url":"https:\/\/bunkerseguridad.es\/fr\/produit\/batterie-quad-photoelectrique-txf-125e\/","name":"Batterie quad photo\u00e9lectrique TXF-125E - Bunker Seguridad","isPartOf":{"@id":"https:\/\/bunkerseguridad.es\/fr\/#website"},"primaryImageOfPage":{"@id":"https:\/\/bunkerseguridad.es\/fr\/produit\/batterie-quad-photoelectrique-txf-125e\/#primaryimage"},"image":{"@id":"https:\/\/bunkerseguridad.es\/fr\/produit\/batterie-quad-photoelectrique-txf-125e\/#primaryimage"},"thumbnailUrl":"https:\/\/bunkerseguridad.es\/fr\/wp-content\/uploads\/2020\/10\/TXF-125E.png","datePublished":"2020-10-08T10:14:40+00:00","dateModified":"2021-02-11T09:20:24+00:00","description":"Battery compatible avec le quadruple faisceau photo\u00e9lectrique permettant l'utilisation de faisceaux infrarouges actifs sur un d\u00e9ploiement rapide ou des installations temporaires.","breadcrumb":{"@id":"https:\/\/bunkerseguridad.es\/fr\/produit\/batterie-quad-photoelectrique-txf-125e\/#breadcrumb"},"inLanguage":"fr-FR","potentialAction":[{"@type":"ReadAction","target":["https:\/\/bunkerseguridad.es\/fr\/produit\/batterie-quad-photoelectrique-txf-125e\/"]}]},{"@type":"ImageObject","inLanguage":"fr-FR","@id":"https:\/\/bunkerseguridad.es\/fr\/produit\/batterie-quad-photoelectrique-txf-125e\/#primaryimage","url":"https:\/\/bunkerseguridad.es\/fr\/wp-content\/uploads\/2020\/10\/TXF-125E.png","contentUrl":"https:\/\/bunkerseguridad.es\/fr\/wp-content\/uploads\/2020\/10\/TXF-125E.png","width":1200,"height":1200,"caption":"Colonnes photo\u00e9lectriques"},{"@type":"BreadcrumbList","@id":"https:\/\/bunkerseguridad.es\/fr\/produit\/batterie-quad-photoelectrique-txf-125e\/#breadcrumb","itemListElement":[{"@type":"ListItem","position":1,"name":"Home","item":"https:\/\/bunkerseguridad.es\/fr\/"},{"@type":"ListItem","position":2,"name":"Shop","item":"https:\/\/bunkerseguridad.es\/fr\/shop\/"},{"@type":"ListItem","position":3,"name":"Batterie quad photo\u00e9lectrique TXF-125E"}]},{"@type":"WebSite","@id":"https:\/\/bunkerseguridad.es\/fr\/#website","url":"https:\/\/bunkerseguridad.es\/fr\/","name":"Bunker Seguridad","description":"Otro sitio realizado con WordPress","potentialAction":[{"@type":"SearchAction","target":{"@type":"EntryPoint","urlTemplate":"https:\/\/bunkerseguridad.es\/fr\/?s={search_term_string}"},"query-input":{"@type":"PropertyValueSpecification","valueRequired":true,"valueName":"search_term_string"}}],"inLanguage":"fr-FR"}]}},"brands":[{"id":202,"name":"Takex","slug":"takex"}],"_links":{"self":[{"href":"https:\/\/bunkerseguridad.es\/fr\/wp-json\/wp\/v2\/product\/2300","targetHints":{"allow":["GET"]}}],"collection":[{"href":"https:\/\/bunkerseguridad.es\/fr\/wp-json\/wp\/v2\/product"}],"about":[{"href":"https:\/\/bunkerseguridad.es\/fr\/wp-json\/wp\/v2\/types\/product"}],"wp:featuredmedia":[{"embeddable":true,"href":"https:\/\/bunkerseguridad.es\/fr\/wp-json\/wp\/v2\/media\/2306"}],"wp:attachment":[{"href":"https:\/\/bunkerseguridad.es\/fr\/wp-json\/wp\/v2\/media?parent=2300"}],"wp:term":[{"taxonomy":"pwb-brand","embeddable":true,"href":"https:\/\/bunkerseguridad.es\/fr\/wp-json\/wp\/v2\/pwb-brand?post=2300"},{"taxonomy":"product_brand","embeddable":true,"href":"https:\/\/bunkerseguridad.es\/fr\/wp-json\/wp\/v2\/product_brand?post=2300"},{"taxonomy":"product_cat","embeddable":true,"href":"https:\/\/bunkerseguridad.es\/fr\/wp-json\/wp\/v2\/product_cat?post=2300"},{"taxonomy":"product_tag","embeddable":true,"href":"https:\/\/bunkerseguridad.es\/fr\/wp-json\/wp\/v2\/product_tag?post=2300"}],"curies":[{"name":"wp","href":"https:\/\/api.w.org\/{rel}","templated":true}]}}