{"id":2648,"date":"2020-10-14T10:07:41","date_gmt":"2020-10-14T10:07:41","guid":{"rendered":"http:\/\/www.bunkerseguridad.es\/en\/?post_type=product&#038;p=2648"},"modified":"2021-02-11T12:54:43","modified_gmt":"2021-02-11T12:54:43","slug":"detecteur-infrarouge-passif-pir-exterieur-mx-12fam","status":"publish","type":"product","link":"https:\/\/bunkerseguridad.es\/fr\/produit\/detecteur-infrarouge-passif-pir-exterieur-mx-12fam\/","title":{"rendered":"D\u00e9tecteur infrarouge passif PIR ext\u00e9rieur MX-12FAM"},"content":{"rendered":"<p>MX-12FAM est un PIR ext\u00e9rieur \u00e0 double zone avec technologie anti-masquage con\u00e7u pour la prochaine g\u00e9n\u00e9ration de d\u00e9tection d&rsquo;intrus.<\/p>\n<p>Les t\u00eates optiques sont rationalis\u00e9es en c\u00f4t\u00e9s gauche et droit fixes mais ind\u00e9pendants de 90 \u00b0 pour une couverture compl\u00e8te jusqu&rsquo;\u00e0 180 \u00b0; toujours enti\u00e8rement configurable de 2 \u00e0 12 m, avec des masques de zone durables d\u00e9sormais stock\u00e9s de mani\u00e8re pratique dans l&rsquo;appareil, ce qui permet de personnaliser le mod\u00e8le de couverture en fonction des exigences sp\u00e9cifiques du site.<\/p>\n<p>MX-12FAM comprend un syst\u00e8me anti-masquage sophistiqu\u00e9 avec d\u00e9tection de pr\u00e8s de l&rsquo;objectif con\u00e7u pour exposer toute tentative de neutralisation du capteur par obstruction et d\u00e9clencher une alarme de panne si l&rsquo;appareil est compromis. Les sabotages avant et arri\u00e8re peuvent d\u00e9tecter les interf\u00e9rences ou les tentatives de vol du capteur pour une v\u00e9ritable protection de la tranquillit\u00e9 d&rsquo;esprit, \u00e0 tout moment.<\/p>\n<p>Ce sont \u00e9galement des sorties de signal d&rsquo;alarme doubles incluses: choisissez entre des sorties individuelles pour chaque c\u00f4t\u00e9 gauche et droit de 90 \u00b0, ou une sortie combin\u00e9e \u00e0 180 \u00b0 plus un d\u00e9clencheur externe pour connecter la vid\u00e9osurveillance ou des appareils auxiliaires.<\/p>\n<p>Avec un nombre d&rsquo;impulsions s\u00e9lectionnable de 1 et 3 et un r\u00e9glage de la sensibilit\u00e9 entre 60 et 120%, le MX-12FAM peut maintenir la stabilit\u00e9 op\u00e9rationnelle m\u00eame dans les conditions les plus difficiles.<\/p>\n","protected":false},"excerpt":{"rendered":"<p><strong>MX-12FAM<\/strong>est un PIR ext\u00e9rieur \u00e0 deux zones avec technologie anti-masquage con\u00e7u pour la prochaine g\u00e9n\u00e9ration de d\u00e9tection d&rsquo;intrus.<\/p>\n","protected":false},"featured_media":2717,"template":"","meta":{"_et_pb_use_builder":"","_et_pb_old_content":"","_et_gb_content_width":""},"pwb-brand":[202],"product_brand":[],"product_cat":[41,47],"product_tag":[86,80,82,81,89],"class_list":{"0":"post-2648","1":"product","2":"type-product","3":"status-publish","4":"has-post-thumbnail","6":"pwb-brand-takex","7":"product_cat-detection-intrusion-perimetrique","8":"product_cat-detecteurs-infrarouges-passifs-exterieurs","9":"product_tag-dual-zone","10":"product_tag-exterieur","11":"product_tag-faisceau-photoelectrique","12":"product_tag-interieur","13":"product_tag-pir","15":"first","16":"instock","17":"shipping-taxable","18":"product-type-simple"},"yoast_head":"<!-- This site is optimized with the Yoast SEO plugin v25.2 - https:\/\/yoast.com\/wordpress\/plugins\/seo\/ -->\n<title>D\u00e9tecteur infrarouge passif PIR ext\u00e9rieur MX-12FAM - Bunker Seguridad<\/title>\n<meta name=\"description\" content=\"MX-12FAM est un PIR ext\u00e9rieur \u00e0 double zone avec technologie anti-masquage con\u00e7u pour la prochaine g\u00e9n\u00e9ration de d\u00e9tection d&#039;intrus.\" \/>\n<meta name=\"robots\" content=\"noindex, follow, max-snippet:-1, max-image-preview:large, max-video-preview:-1\" \/>\n<meta property=\"og:locale\" content=\"fr_FR\" \/>\n<meta property=\"og:type\" content=\"article\" \/>\n<meta property=\"og:title\" content=\"D\u00e9tecteur infrarouge passif PIR ext\u00e9rieur MX-12FAM - Bunker Seguridad\" \/>\n<meta property=\"og:description\" content=\"MX-12FAM est un PIR ext\u00e9rieur \u00e0 double zone avec technologie anti-masquage con\u00e7u pour la prochaine g\u00e9n\u00e9ration de d\u00e9tection d&#039;intrus.\" \/>\n<meta property=\"og:url\" content=\"https:\/\/bunkerseguridad.es\/fr\/produit\/detecteur-infrarouge-passif-pir-exterieur-mx-12fam\/\" \/>\n<meta property=\"og:site_name\" content=\"Bunker Seguridad\" \/>\n<meta property=\"article:modified_time\" content=\"2021-02-11T12:54:43+00:00\" \/>\n<meta property=\"og:image\" content=\"https:\/\/bunkerseguridad.es\/fr\/wp-content\/uploads\/2020\/10\/MX-12FAM_II.png\" \/>\n\t<meta property=\"og:image:width\" content=\"1200\" \/>\n\t<meta property=\"og:image:height\" content=\"1200\" \/>\n\t<meta property=\"og:image:type\" content=\"image\/png\" \/>\n<meta name=\"twitter:card\" content=\"summary_large_image\" \/>\n<meta name=\"twitter:label1\" content=\"Dur\u00e9e de lecture estim\u00e9e\" \/>\n\t<meta name=\"twitter:data1\" content=\"1 minute\" \/>\n<script type=\"application\/ld+json\" class=\"yoast-schema-graph\">{\"@context\":\"https:\/\/schema.org\",\"@graph\":[{\"@type\":\"WebPage\",\"@id\":\"https:\/\/bunkerseguridad.es\/fr\/produit\/detecteur-infrarouge-passif-pir-exterieur-mx-12fam\/\",\"url\":\"https:\/\/bunkerseguridad.es\/fr\/produit\/detecteur-infrarouge-passif-pir-exterieur-mx-12fam\/\",\"name\":\"D\u00e9tecteur infrarouge passif PIR ext\u00e9rieur MX-12FAM - Bunker Seguridad\",\"isPartOf\":{\"@id\":\"https:\/\/bunkerseguridad.es\/fr\/#website\"},\"primaryImageOfPage\":{\"@id\":\"https:\/\/bunkerseguridad.es\/fr\/produit\/detecteur-infrarouge-passif-pir-exterieur-mx-12fam\/#primaryimage\"},\"image\":{\"@id\":\"https:\/\/bunkerseguridad.es\/fr\/produit\/detecteur-infrarouge-passif-pir-exterieur-mx-12fam\/#primaryimage\"},\"thumbnailUrl\":\"https:\/\/bunkerseguridad.es\/fr\/wp-content\/uploads\/2020\/10\/MX-12FAM_II.png\",\"datePublished\":\"2020-10-14T10:07:41+00:00\",\"dateModified\":\"2021-02-11T12:54:43+00:00\",\"description\":\"MX-12FAM est un PIR ext\u00e9rieur \u00e0 double zone avec technologie anti-masquage con\u00e7u pour la prochaine g\u00e9n\u00e9ration de d\u00e9tection d'intrus.\",\"breadcrumb\":{\"@id\":\"https:\/\/bunkerseguridad.es\/fr\/produit\/detecteur-infrarouge-passif-pir-exterieur-mx-12fam\/#breadcrumb\"},\"inLanguage\":\"fr-FR\",\"potentialAction\":[{\"@type\":\"ReadAction\",\"target\":[\"https:\/\/bunkerseguridad.es\/fr\/produit\/detecteur-infrarouge-passif-pir-exterieur-mx-12fam\/\"]}]},{\"@type\":\"ImageObject\",\"inLanguage\":\"fr-FR\",\"@id\":\"https:\/\/bunkerseguridad.es\/fr\/produit\/detecteur-infrarouge-passif-pir-exterieur-mx-12fam\/#primaryimage\",\"url\":\"https:\/\/bunkerseguridad.es\/fr\/wp-content\/uploads\/2020\/10\/MX-12FAM_II.png\",\"contentUrl\":\"https:\/\/bunkerseguridad.es\/fr\/wp-content\/uploads\/2020\/10\/MX-12FAM_II.png\",\"width\":1200,\"height\":1200,\"caption\":\"MX-12FAM d\u00e9tecteur PIR ext\u00e9rieur\"},{\"@type\":\"BreadcrumbList\",\"@id\":\"https:\/\/bunkerseguridad.es\/fr\/produit\/detecteur-infrarouge-passif-pir-exterieur-mx-12fam\/#breadcrumb\",\"itemListElement\":[{\"@type\":\"ListItem\",\"position\":1,\"name\":\"Home\",\"item\":\"https:\/\/bunkerseguridad.es\/fr\/\"},{\"@type\":\"ListItem\",\"position\":2,\"name\":\"Shop\",\"item\":\"https:\/\/bunkerseguridad.es\/fr\/shop\/\"},{\"@type\":\"ListItem\",\"position\":3,\"name\":\"D\u00e9tecteur infrarouge passif PIR ext\u00e9rieur MX-12FAM\"}]},{\"@type\":\"WebSite\",\"@id\":\"https:\/\/bunkerseguridad.es\/fr\/#website\",\"url\":\"https:\/\/bunkerseguridad.es\/fr\/\",\"name\":\"Bunker Seguridad\",\"description\":\"Otro sitio realizado con WordPress\",\"potentialAction\":[{\"@type\":\"SearchAction\",\"target\":{\"@type\":\"EntryPoint\",\"urlTemplate\":\"https:\/\/bunkerseguridad.es\/fr\/?s={search_term_string}\"},\"query-input\":{\"@type\":\"PropertyValueSpecification\",\"valueRequired\":true,\"valueName\":\"search_term_string\"}}],\"inLanguage\":\"fr-FR\"}]}<\/script>\n<!-- \/ Yoast SEO plugin. -->","yoast_head_json":{"title":"D\u00e9tecteur infrarouge passif PIR ext\u00e9rieur MX-12FAM - Bunker Seguridad","description":"MX-12FAM est un PIR ext\u00e9rieur \u00e0 double zone avec technologie anti-masquage con\u00e7u pour la prochaine g\u00e9n\u00e9ration de d\u00e9tection d'intrus.","robots":{"index":"noindex","follow":"follow","max-snippet":"max-snippet:-1","max-image-preview":"max-image-preview:large","max-video-preview":"max-video-preview:-1"},"og_locale":"fr_FR","og_type":"article","og_title":"D\u00e9tecteur infrarouge passif PIR ext\u00e9rieur MX-12FAM - Bunker Seguridad","og_description":"MX-12FAM est un PIR ext\u00e9rieur \u00e0 double zone avec technologie anti-masquage con\u00e7u pour la prochaine g\u00e9n\u00e9ration de d\u00e9tection d'intrus.","og_url":"https:\/\/bunkerseguridad.es\/fr\/produit\/detecteur-infrarouge-passif-pir-exterieur-mx-12fam\/","og_site_name":"Bunker Seguridad","article_modified_time":"2021-02-11T12:54:43+00:00","og_image":[{"width":1200,"height":1200,"url":"https:\/\/bunkerseguridad.es\/fr\/wp-content\/uploads\/2020\/10\/MX-12FAM_II.png","type":"image\/png"}],"twitter_card":"summary_large_image","twitter_misc":{"Dur\u00e9e de lecture estim\u00e9e":"1 minute"},"schema":{"@context":"https:\/\/schema.org","@graph":[{"@type":"WebPage","@id":"https:\/\/bunkerseguridad.es\/fr\/produit\/detecteur-infrarouge-passif-pir-exterieur-mx-12fam\/","url":"https:\/\/bunkerseguridad.es\/fr\/produit\/detecteur-infrarouge-passif-pir-exterieur-mx-12fam\/","name":"D\u00e9tecteur infrarouge passif PIR ext\u00e9rieur MX-12FAM - Bunker Seguridad","isPartOf":{"@id":"https:\/\/bunkerseguridad.es\/fr\/#website"},"primaryImageOfPage":{"@id":"https:\/\/bunkerseguridad.es\/fr\/produit\/detecteur-infrarouge-passif-pir-exterieur-mx-12fam\/#primaryimage"},"image":{"@id":"https:\/\/bunkerseguridad.es\/fr\/produit\/detecteur-infrarouge-passif-pir-exterieur-mx-12fam\/#primaryimage"},"thumbnailUrl":"https:\/\/bunkerseguridad.es\/fr\/wp-content\/uploads\/2020\/10\/MX-12FAM_II.png","datePublished":"2020-10-14T10:07:41+00:00","dateModified":"2021-02-11T12:54:43+00:00","description":"MX-12FAM est un PIR ext\u00e9rieur \u00e0 double zone avec technologie anti-masquage con\u00e7u pour la prochaine g\u00e9n\u00e9ration de d\u00e9tection d'intrus.","breadcrumb":{"@id":"https:\/\/bunkerseguridad.es\/fr\/produit\/detecteur-infrarouge-passif-pir-exterieur-mx-12fam\/#breadcrumb"},"inLanguage":"fr-FR","potentialAction":[{"@type":"ReadAction","target":["https:\/\/bunkerseguridad.es\/fr\/produit\/detecteur-infrarouge-passif-pir-exterieur-mx-12fam\/"]}]},{"@type":"ImageObject","inLanguage":"fr-FR","@id":"https:\/\/bunkerseguridad.es\/fr\/produit\/detecteur-infrarouge-passif-pir-exterieur-mx-12fam\/#primaryimage","url":"https:\/\/bunkerseguridad.es\/fr\/wp-content\/uploads\/2020\/10\/MX-12FAM_II.png","contentUrl":"https:\/\/bunkerseguridad.es\/fr\/wp-content\/uploads\/2020\/10\/MX-12FAM_II.png","width":1200,"height":1200,"caption":"MX-12FAM d\u00e9tecteur PIR ext\u00e9rieur"},{"@type":"BreadcrumbList","@id":"https:\/\/bunkerseguridad.es\/fr\/produit\/detecteur-infrarouge-passif-pir-exterieur-mx-12fam\/#breadcrumb","itemListElement":[{"@type":"ListItem","position":1,"name":"Home","item":"https:\/\/bunkerseguridad.es\/fr\/"},{"@type":"ListItem","position":2,"name":"Shop","item":"https:\/\/bunkerseguridad.es\/fr\/shop\/"},{"@type":"ListItem","position":3,"name":"D\u00e9tecteur infrarouge passif PIR ext\u00e9rieur MX-12FAM"}]},{"@type":"WebSite","@id":"https:\/\/bunkerseguridad.es\/fr\/#website","url":"https:\/\/bunkerseguridad.es\/fr\/","name":"Bunker Seguridad","description":"Otro sitio realizado con WordPress","potentialAction":[{"@type":"SearchAction","target":{"@type":"EntryPoint","urlTemplate":"https:\/\/bunkerseguridad.es\/fr\/?s={search_term_string}"},"query-input":{"@type":"PropertyValueSpecification","valueRequired":true,"valueName":"search_term_string"}}],"inLanguage":"fr-FR"}]}},"brands":[{"id":202,"name":"Takex","slug":"takex"}],"_links":{"self":[{"href":"https:\/\/bunkerseguridad.es\/fr\/wp-json\/wp\/v2\/product\/2648","targetHints":{"allow":["GET"]}}],"collection":[{"href":"https:\/\/bunkerseguridad.es\/fr\/wp-json\/wp\/v2\/product"}],"about":[{"href":"https:\/\/bunkerseguridad.es\/fr\/wp-json\/wp\/v2\/types\/product"}],"wp:featuredmedia":[{"embeddable":true,"href":"https:\/\/bunkerseguridad.es\/fr\/wp-json\/wp\/v2\/media\/2717"}],"wp:attachment":[{"href":"https:\/\/bunkerseguridad.es\/fr\/wp-json\/wp\/v2\/media?parent=2648"}],"wp:term":[{"taxonomy":"pwb-brand","embeddable":true,"href":"https:\/\/bunkerseguridad.es\/fr\/wp-json\/wp\/v2\/pwb-brand?post=2648"},{"taxonomy":"product_brand","embeddable":true,"href":"https:\/\/bunkerseguridad.es\/fr\/wp-json\/wp\/v2\/product_brand?post=2648"},{"taxonomy":"product_cat","embeddable":true,"href":"https:\/\/bunkerseguridad.es\/fr\/wp-json\/wp\/v2\/product_cat?post=2648"},{"taxonomy":"product_tag","embeddable":true,"href":"https:\/\/bunkerseguridad.es\/fr\/wp-json\/wp\/v2\/product_tag?post=2648"}],"curies":[{"name":"wp","href":"https:\/\/api.w.org\/{rel}","templated":true}]}}