{"id":2705,"date":"2020-10-15T07:35:19","date_gmt":"2020-10-15T07:35:19","guid":{"rendered":"http:\/\/www.bunkerseguridad.es\/en\/?post_type=product&#038;p=2705"},"modified":"2021-02-11T12:35:25","modified_gmt":"2021-02-11T12:35:25","slug":"multi-modeles-pir-detecteurs-infrarouges-passifs-ms-100e","status":"publish","type":"product","link":"https:\/\/bunkerseguridad.es\/fr\/produit\/multi-modeles-pir-detecteurs-infrarouges-passifs-ms-100e\/","title":{"rendered":"Multi-mod\u00e8les PIR D\u00e9tecteurs infrarouges passifs MS-100E"},"content":{"rendered":"<p>Con\u00e7u pour l&rsquo;ext\u00e9rieur et l&rsquo;int\u00e9rieur, le MS-100E offre le choix entre une d\u00e9tection grand angle, horizontale, verticale et longue port\u00e9e jusqu&rsquo;\u00e0 20 m dans un seul bo\u00eetier discret. Les optiques pivotantes \u00e0 180\u00b0 permettent d&rsquo;installer l&rsquo;unit\u00e9 dans presque toutes les positions ; montez verticalement pour une d\u00e9tection standard ou horizontalement comme un capteur de porte&#8230; le choix vous appartient.<\/p>\n<p>10m de grand angle \/ 10m de rideau \/ 20m de port\u00e9e<\/p>\n<p><strong>Caract\u00e9ristiques:<\/strong><\/p>\n<ul>\n<li>Livr\u00e9 avec des objectifs grand angle et longue port\u00e9e<\/li>\n<li>Choisissez parmi 4 mod\u00e8les de d\u00e9tection<\/li>\n<li>Peut \u00eatre mont\u00e9 verticalement ou horizontalement<\/li>\n<li>La t\u00eate du capteur tourne de 180 degr\u00e9s<\/li>\n<\/ul>\n","protected":false},"excerpt":{"rendered":"<p>Con\u00e7u pour <strong>l&rsquo;ext\u00e9rieur et l&rsquo;int\u00e9rieur, le MS-100E offre le choix entre une d\u00e9tection grand angle<\/strong>, horizontale, verticale et longue port\u00e9e jusqu&rsquo;\u00e0 20 m dans un seul <strong>bo\u00eetier discret<\/strong>. IRP \u00e0 motifs multiples.<\/p>\n","protected":false},"featured_media":2741,"template":"","meta":{"_et_pb_use_builder":"","_et_pb_old_content":"","_et_gb_content_width":""},"pwb-brand":[202],"product_brand":[],"product_cat":[41,47],"product_tag":[80,82,81,344,89],"class_list":{"0":"post-2705","1":"product","2":"type-product","3":"status-publish","4":"has-post-thumbnail","6":"pwb-brand-takex","7":"product_cat-detection-intrusion-perimetrique","8":"product_cat-detecteurs-infrarouges-passifs-exterieurs","9":"product_tag-exterieur","10":"product_tag-faisceau-photoelectrique","11":"product_tag-interieur","12":"product_tag-multi-pattern","13":"product_tag-pir","15":"first","16":"instock","17":"shipping-taxable","18":"product-type-simple"},"yoast_head":"<!-- This site is optimized with the Yoast SEO plugin v25.2 - https:\/\/yoast.com\/wordpress\/plugins\/seo\/ -->\n<title>Multi-mod\u00e8les PIR D\u00e9tecteurs infrarouges passifs MS-100E - Bunker Seguridad<\/title>\n<meta name=\"description\" content=\"Multi-mod\u00e8les D\u00e9tecteurs infrarouges passifs grand angle, horizontale, verticale et longue port\u00e9e jusqu&#039;\u00e0 20 m dans un seul bo\u00eetier discret.\" \/>\n<meta name=\"robots\" content=\"noindex, follow, max-snippet:-1, max-image-preview:large, max-video-preview:-1\" \/>\n<meta property=\"og:locale\" content=\"fr_FR\" \/>\n<meta property=\"og:type\" content=\"article\" \/>\n<meta property=\"og:title\" content=\"Multi-mod\u00e8les PIR D\u00e9tecteurs infrarouges passifs MS-100E - Bunker Seguridad\" \/>\n<meta property=\"og:description\" content=\"Multi-mod\u00e8les D\u00e9tecteurs infrarouges passifs grand angle, horizontale, verticale et longue port\u00e9e jusqu&#039;\u00e0 20 m dans un seul bo\u00eetier discret.\" \/>\n<meta property=\"og:url\" content=\"https:\/\/bunkerseguridad.es\/fr\/produit\/multi-modeles-pir-detecteurs-infrarouges-passifs-ms-100e\/\" \/>\n<meta property=\"og:site_name\" content=\"Bunker Seguridad\" \/>\n<meta property=\"article:modified_time\" content=\"2021-02-11T12:35:25+00:00\" \/>\n<meta property=\"og:image\" content=\"https:\/\/bunkerseguridad.es\/fr\/wp-content\/uploads\/2020\/10\/MS-100E.png\" \/>\n\t<meta property=\"og:image:width\" content=\"1200\" \/>\n\t<meta property=\"og:image:height\" content=\"1200\" \/>\n\t<meta property=\"og:image:type\" content=\"image\/png\" \/>\n<meta name=\"twitter:card\" content=\"summary_large_image\" \/>\n<meta name=\"twitter:label1\" content=\"Dur\u00e9e de lecture estim\u00e9e\" \/>\n\t<meta name=\"twitter:data1\" content=\"1 minute\" \/>\n<script type=\"application\/ld+json\" class=\"yoast-schema-graph\">{\"@context\":\"https:\/\/schema.org\",\"@graph\":[{\"@type\":\"WebPage\",\"@id\":\"https:\/\/bunkerseguridad.es\/fr\/produit\/multi-modeles-pir-detecteurs-infrarouges-passifs-ms-100e\/\",\"url\":\"https:\/\/bunkerseguridad.es\/fr\/produit\/multi-modeles-pir-detecteurs-infrarouges-passifs-ms-100e\/\",\"name\":\"Multi-mod\u00e8les PIR D\u00e9tecteurs infrarouges passifs MS-100E - Bunker Seguridad\",\"isPartOf\":{\"@id\":\"https:\/\/bunkerseguridad.es\/fr\/#website\"},\"primaryImageOfPage\":{\"@id\":\"https:\/\/bunkerseguridad.es\/fr\/produit\/multi-modeles-pir-detecteurs-infrarouges-passifs-ms-100e\/#primaryimage\"},\"image\":{\"@id\":\"https:\/\/bunkerseguridad.es\/fr\/produit\/multi-modeles-pir-detecteurs-infrarouges-passifs-ms-100e\/#primaryimage\"},\"thumbnailUrl\":\"https:\/\/bunkerseguridad.es\/fr\/wp-content\/uploads\/2020\/10\/MS-100E.png\",\"datePublished\":\"2020-10-15T07:35:19+00:00\",\"dateModified\":\"2021-02-11T12:35:25+00:00\",\"description\":\"Multi-mod\u00e8les D\u00e9tecteurs infrarouges passifs grand angle, horizontale, verticale et longue port\u00e9e jusqu'\u00e0 20 m dans un seul bo\u00eetier discret.\",\"breadcrumb\":{\"@id\":\"https:\/\/bunkerseguridad.es\/fr\/produit\/multi-modeles-pir-detecteurs-infrarouges-passifs-ms-100e\/#breadcrumb\"},\"inLanguage\":\"fr-FR\",\"potentialAction\":[{\"@type\":\"ReadAction\",\"target\":[\"https:\/\/bunkerseguridad.es\/fr\/produit\/multi-modeles-pir-detecteurs-infrarouges-passifs-ms-100e\/\"]}]},{\"@type\":\"ImageObject\",\"inLanguage\":\"fr-FR\",\"@id\":\"https:\/\/bunkerseguridad.es\/fr\/produit\/multi-modeles-pir-detecteurs-infrarouges-passifs-ms-100e\/#primaryimage\",\"url\":\"https:\/\/bunkerseguridad.es\/fr\/wp-content\/uploads\/2020\/10\/MS-100E.png\",\"contentUrl\":\"https:\/\/bunkerseguridad.es\/fr\/wp-content\/uploads\/2020\/10\/MS-100E.png\",\"width\":1200,\"height\":1200,\"caption\":\"D\u00e9tecteur infrarouge passif MS-100E\"},{\"@type\":\"BreadcrumbList\",\"@id\":\"https:\/\/bunkerseguridad.es\/fr\/produit\/multi-modeles-pir-detecteurs-infrarouges-passifs-ms-100e\/#breadcrumb\",\"itemListElement\":[{\"@type\":\"ListItem\",\"position\":1,\"name\":\"Home\",\"item\":\"https:\/\/bunkerseguridad.es\/fr\/\"},{\"@type\":\"ListItem\",\"position\":2,\"name\":\"Shop\",\"item\":\"https:\/\/bunkerseguridad.es\/fr\/shop\/\"},{\"@type\":\"ListItem\",\"position\":3,\"name\":\"Multi-mod\u00e8les PIR D\u00e9tecteurs infrarouges passifs MS-100E\"}]},{\"@type\":\"WebSite\",\"@id\":\"https:\/\/bunkerseguridad.es\/fr\/#website\",\"url\":\"https:\/\/bunkerseguridad.es\/fr\/\",\"name\":\"Bunker Seguridad\",\"description\":\"Otro sitio realizado con WordPress\",\"potentialAction\":[{\"@type\":\"SearchAction\",\"target\":{\"@type\":\"EntryPoint\",\"urlTemplate\":\"https:\/\/bunkerseguridad.es\/fr\/?s={search_term_string}\"},\"query-input\":{\"@type\":\"PropertyValueSpecification\",\"valueRequired\":true,\"valueName\":\"search_term_string\"}}],\"inLanguage\":\"fr-FR\"}]}<\/script>\n<!-- \/ Yoast SEO plugin. -->","yoast_head_json":{"title":"Multi-mod\u00e8les PIR D\u00e9tecteurs infrarouges passifs MS-100E - Bunker Seguridad","description":"Multi-mod\u00e8les D\u00e9tecteurs infrarouges passifs grand angle, horizontale, verticale et longue port\u00e9e jusqu'\u00e0 20 m dans un seul bo\u00eetier discret.","robots":{"index":"noindex","follow":"follow","max-snippet":"max-snippet:-1","max-image-preview":"max-image-preview:large","max-video-preview":"max-video-preview:-1"},"og_locale":"fr_FR","og_type":"article","og_title":"Multi-mod\u00e8les PIR D\u00e9tecteurs infrarouges passifs MS-100E - Bunker Seguridad","og_description":"Multi-mod\u00e8les D\u00e9tecteurs infrarouges passifs grand angle, horizontale, verticale et longue port\u00e9e jusqu'\u00e0 20 m dans un seul bo\u00eetier discret.","og_url":"https:\/\/bunkerseguridad.es\/fr\/produit\/multi-modeles-pir-detecteurs-infrarouges-passifs-ms-100e\/","og_site_name":"Bunker Seguridad","article_modified_time":"2021-02-11T12:35:25+00:00","og_image":[{"width":1200,"height":1200,"url":"https:\/\/bunkerseguridad.es\/fr\/wp-content\/uploads\/2020\/10\/MS-100E.png","type":"image\/png"}],"twitter_card":"summary_large_image","twitter_misc":{"Dur\u00e9e de lecture estim\u00e9e":"1 minute"},"schema":{"@context":"https:\/\/schema.org","@graph":[{"@type":"WebPage","@id":"https:\/\/bunkerseguridad.es\/fr\/produit\/multi-modeles-pir-detecteurs-infrarouges-passifs-ms-100e\/","url":"https:\/\/bunkerseguridad.es\/fr\/produit\/multi-modeles-pir-detecteurs-infrarouges-passifs-ms-100e\/","name":"Multi-mod\u00e8les PIR D\u00e9tecteurs infrarouges passifs MS-100E - Bunker Seguridad","isPartOf":{"@id":"https:\/\/bunkerseguridad.es\/fr\/#website"},"primaryImageOfPage":{"@id":"https:\/\/bunkerseguridad.es\/fr\/produit\/multi-modeles-pir-detecteurs-infrarouges-passifs-ms-100e\/#primaryimage"},"image":{"@id":"https:\/\/bunkerseguridad.es\/fr\/produit\/multi-modeles-pir-detecteurs-infrarouges-passifs-ms-100e\/#primaryimage"},"thumbnailUrl":"https:\/\/bunkerseguridad.es\/fr\/wp-content\/uploads\/2020\/10\/MS-100E.png","datePublished":"2020-10-15T07:35:19+00:00","dateModified":"2021-02-11T12:35:25+00:00","description":"Multi-mod\u00e8les D\u00e9tecteurs infrarouges passifs grand angle, horizontale, verticale et longue port\u00e9e jusqu'\u00e0 20 m dans un seul bo\u00eetier discret.","breadcrumb":{"@id":"https:\/\/bunkerseguridad.es\/fr\/produit\/multi-modeles-pir-detecteurs-infrarouges-passifs-ms-100e\/#breadcrumb"},"inLanguage":"fr-FR","potentialAction":[{"@type":"ReadAction","target":["https:\/\/bunkerseguridad.es\/fr\/produit\/multi-modeles-pir-detecteurs-infrarouges-passifs-ms-100e\/"]}]},{"@type":"ImageObject","inLanguage":"fr-FR","@id":"https:\/\/bunkerseguridad.es\/fr\/produit\/multi-modeles-pir-detecteurs-infrarouges-passifs-ms-100e\/#primaryimage","url":"https:\/\/bunkerseguridad.es\/fr\/wp-content\/uploads\/2020\/10\/MS-100E.png","contentUrl":"https:\/\/bunkerseguridad.es\/fr\/wp-content\/uploads\/2020\/10\/MS-100E.png","width":1200,"height":1200,"caption":"D\u00e9tecteur infrarouge passif MS-100E"},{"@type":"BreadcrumbList","@id":"https:\/\/bunkerseguridad.es\/fr\/produit\/multi-modeles-pir-detecteurs-infrarouges-passifs-ms-100e\/#breadcrumb","itemListElement":[{"@type":"ListItem","position":1,"name":"Home","item":"https:\/\/bunkerseguridad.es\/fr\/"},{"@type":"ListItem","position":2,"name":"Shop","item":"https:\/\/bunkerseguridad.es\/fr\/shop\/"},{"@type":"ListItem","position":3,"name":"Multi-mod\u00e8les PIR D\u00e9tecteurs infrarouges passifs MS-100E"}]},{"@type":"WebSite","@id":"https:\/\/bunkerseguridad.es\/fr\/#website","url":"https:\/\/bunkerseguridad.es\/fr\/","name":"Bunker Seguridad","description":"Otro sitio realizado con WordPress","potentialAction":[{"@type":"SearchAction","target":{"@type":"EntryPoint","urlTemplate":"https:\/\/bunkerseguridad.es\/fr\/?s={search_term_string}"},"query-input":{"@type":"PropertyValueSpecification","valueRequired":true,"valueName":"search_term_string"}}],"inLanguage":"fr-FR"}]}},"brands":[{"id":202,"name":"Takex","slug":"takex"}],"_links":{"self":[{"href":"https:\/\/bunkerseguridad.es\/fr\/wp-json\/wp\/v2\/product\/2705","targetHints":{"allow":["GET"]}}],"collection":[{"href":"https:\/\/bunkerseguridad.es\/fr\/wp-json\/wp\/v2\/product"}],"about":[{"href":"https:\/\/bunkerseguridad.es\/fr\/wp-json\/wp\/v2\/types\/product"}],"wp:featuredmedia":[{"embeddable":true,"href":"https:\/\/bunkerseguridad.es\/fr\/wp-json\/wp\/v2\/media\/2741"}],"wp:attachment":[{"href":"https:\/\/bunkerseguridad.es\/fr\/wp-json\/wp\/v2\/media?parent=2705"}],"wp:term":[{"taxonomy":"pwb-brand","embeddable":true,"href":"https:\/\/bunkerseguridad.es\/fr\/wp-json\/wp\/v2\/pwb-brand?post=2705"},{"taxonomy":"product_brand","embeddable":true,"href":"https:\/\/bunkerseguridad.es\/fr\/wp-json\/wp\/v2\/product_brand?post=2705"},{"taxonomy":"product_cat","embeddable":true,"href":"https:\/\/bunkerseguridad.es\/fr\/wp-json\/wp\/v2\/product_cat?post=2705"},{"taxonomy":"product_tag","embeddable":true,"href":"https:\/\/bunkerseguridad.es\/fr\/wp-json\/wp\/v2\/product_tag?post=2705"}],"curies":[{"name":"wp","href":"https:\/\/api.w.org\/{rel}","templated":true}]}}