{"id":2798,"date":"2020-10-15T10:08:58","date_gmt":"2020-10-15T10:08:58","guid":{"rendered":"http:\/\/www.bunkerseguridad.es\/en\/?post_type=product&#038;p=2798"},"modified":"2021-02-12T10:55:50","modified_gmt":"2021-02-12T10:55:50","slug":"haut-parleurs-sensor-pv-12e","status":"publish","type":"product","link":"https:\/\/bunkerseguridad.es\/fr\/produit\/haut-parleurs-sensor-pv-12e\/","title":{"rendered":"Haut-parleurs Sensor PV-12E"},"content":{"rendered":"<p>The<strong> PV-12E <\/strong>Le haut-parleur du capteur est con\u00e7u pour lire un message enregistr\u00e9 lorsque le capteur PIR de 12 m d\u00e9tecte le mouvement de personnes ou de v\u00e9hicules. Les applications courantes incluent des messages d&rsquo;accueil \u00e0 l&rsquo;entr\u00e9e des b\u00e2timents ou des messages d&rsquo;alarme ou d&rsquo;avertissement sur les chantiers de construction et autres zones dangereuses.<\/p>\n<p><strong>Caract\u00e9ristiques:<\/strong><\/p>\n<ul>\n<li>V\u00e9ritable dispositif de synth\u00e8se de la parole avec capteur IRP<\/li>\n<li>Enregistrez facilement votre propre message (jusqu&rsquo;\u00e0 8 secondes) \u00e0 l&rsquo;aide du microphone int\u00e9gr\u00e9<\/li>\n<li>Sauvegarde de la m\u00e9moire pendant 20 jours sans alimentation<\/li>\n<li>Haut-parleur \u00e0 pavillon de type 100dB\/1m (max)<\/li>\n<li>Convient pour un usage int\u00e9rieur\/ext\u00e9rieur<\/li>\n<\/ul>\n<p>&nbsp;<\/p>\n","protected":false},"excerpt":{"rendered":"<p>The<strong> PV-12E\u00a0 <\/strong>Le haut-parleur du capteur est con\u00e7u pour diffuser un message enregistr\u00e9 lorsque le capteur PIR de 12 m x 75 degr\u00e9s d\u00e9tecte le mouvement de personnes ou de v\u00e9hicules. Messages aux entr\u00e9es, m alerte ou avertissement \u00e0 diff\u00e9rents endroits.<\/p>\n","protected":false},"featured_media":2831,"template":"","meta":{"_et_pb_use_builder":"","_et_pb_old_content":"","_et_gb_content_width":""},"pwb-brand":[202],"product_brand":[],"product_cat":[46],"product_tag":[90],"class_list":{"0":"post-2798","1":"product","2":"type-product","3":"status-publish","4":"has-post-thumbnail","6":"pwb-brand-takex","7":"product_cat-autres-capteurs-detection","8":"product_tag-capteur-de-haut-parleur","10":"first","11":"instock","12":"shipping-taxable","13":"product-type-simple"},"yoast_head":"<!-- This site is optimized with the Yoast SEO plugin v25.2 - https:\/\/yoast.com\/wordpress\/plugins\/seo\/ -->\n<title>Haut-parleurs Sensor PV-12E - Bunker Seguridad<\/title>\n<meta name=\"description\" content=\"PV-12E Haut-parleur du capteur est con\u00e7u pour lire un message enregistr\u00e9 lorsque le capteur d\u00e9tecte le mouvement de personnes ou de v\u00e9hicule.\" \/>\n<meta name=\"robots\" content=\"noindex, follow, max-snippet:-1, max-image-preview:large, max-video-preview:-1\" \/>\n<meta property=\"og:locale\" content=\"fr_FR\" \/>\n<meta property=\"og:type\" content=\"article\" \/>\n<meta property=\"og:title\" content=\"Haut-parleurs Sensor PV-12E - Bunker Seguridad\" \/>\n<meta property=\"og:description\" content=\"PV-12E Haut-parleur du capteur est con\u00e7u pour lire un message enregistr\u00e9 lorsque le capteur d\u00e9tecte le mouvement de personnes ou de v\u00e9hicule.\" \/>\n<meta property=\"og:url\" content=\"https:\/\/bunkerseguridad.es\/fr\/produit\/haut-parleurs-sensor-pv-12e\/\" \/>\n<meta property=\"og:site_name\" content=\"Bunker Seguridad\" \/>\n<meta property=\"article:modified_time\" content=\"2021-02-12T10:55:50+00:00\" \/>\n<meta property=\"og:image\" content=\"https:\/\/bunkerseguridad.es\/fr\/wp-content\/uploads\/2020\/10\/ab-100_pv12-e.png\" \/>\n\t<meta property=\"og:image:width\" content=\"1200\" \/>\n\t<meta property=\"og:image:height\" content=\"1200\" \/>\n\t<meta property=\"og:image:type\" content=\"image\/png\" \/>\n<meta name=\"twitter:card\" content=\"summary_large_image\" \/>\n<meta name=\"twitter:label1\" content=\"Dur\u00e9e de lecture estim\u00e9e\" \/>\n\t<meta name=\"twitter:data1\" content=\"1 minute\" \/>\n<script type=\"application\/ld+json\" class=\"yoast-schema-graph\">{\"@context\":\"https:\/\/schema.org\",\"@graph\":[{\"@type\":\"WebPage\",\"@id\":\"https:\/\/bunkerseguridad.es\/fr\/produit\/haut-parleurs-sensor-pv-12e\/\",\"url\":\"https:\/\/bunkerseguridad.es\/fr\/produit\/haut-parleurs-sensor-pv-12e\/\",\"name\":\"Haut-parleurs Sensor PV-12E - Bunker Seguridad\",\"isPartOf\":{\"@id\":\"https:\/\/bunkerseguridad.es\/fr\/#website\"},\"primaryImageOfPage\":{\"@id\":\"https:\/\/bunkerseguridad.es\/fr\/produit\/haut-parleurs-sensor-pv-12e\/#primaryimage\"},\"image\":{\"@id\":\"https:\/\/bunkerseguridad.es\/fr\/produit\/haut-parleurs-sensor-pv-12e\/#primaryimage\"},\"thumbnailUrl\":\"https:\/\/bunkerseguridad.es\/fr\/wp-content\/uploads\/2020\/10\/ab-100_pv12-e.png\",\"datePublished\":\"2020-10-15T10:08:58+00:00\",\"dateModified\":\"2021-02-12T10:55:50+00:00\",\"description\":\"PV-12E Haut-parleur du capteur est con\u00e7u pour lire un message enregistr\u00e9 lorsque le capteur d\u00e9tecte le mouvement de personnes ou de v\u00e9hicule.\",\"breadcrumb\":{\"@id\":\"https:\/\/bunkerseguridad.es\/fr\/produit\/haut-parleurs-sensor-pv-12e\/#breadcrumb\"},\"inLanguage\":\"fr-FR\",\"potentialAction\":[{\"@type\":\"ReadAction\",\"target\":[\"https:\/\/bunkerseguridad.es\/fr\/produit\/haut-parleurs-sensor-pv-12e\/\"]}]},{\"@type\":\"ImageObject\",\"inLanguage\":\"fr-FR\",\"@id\":\"https:\/\/bunkerseguridad.es\/fr\/produit\/haut-parleurs-sensor-pv-12e\/#primaryimage\",\"url\":\"https:\/\/bunkerseguridad.es\/fr\/wp-content\/uploads\/2020\/10\/ab-100_pv12-e.png\",\"contentUrl\":\"https:\/\/bunkerseguridad.es\/fr\/wp-content\/uploads\/2020\/10\/ab-100_pv12-e.png\",\"width\":1200,\"height\":1200,\"caption\":\"Haut-parleur de capteur\"},{\"@type\":\"BreadcrumbList\",\"@id\":\"https:\/\/bunkerseguridad.es\/fr\/produit\/haut-parleurs-sensor-pv-12e\/#breadcrumb\",\"itemListElement\":[{\"@type\":\"ListItem\",\"position\":1,\"name\":\"Home\",\"item\":\"https:\/\/bunkerseguridad.es\/fr\/\"},{\"@type\":\"ListItem\",\"position\":2,\"name\":\"Shop\",\"item\":\"https:\/\/bunkerseguridad.es\/fr\/shop\/\"},{\"@type\":\"ListItem\",\"position\":3,\"name\":\"Haut-parleurs Sensor PV-12E\"}]},{\"@type\":\"WebSite\",\"@id\":\"https:\/\/bunkerseguridad.es\/fr\/#website\",\"url\":\"https:\/\/bunkerseguridad.es\/fr\/\",\"name\":\"Bunker Seguridad\",\"description\":\"Otro sitio realizado con WordPress\",\"potentialAction\":[{\"@type\":\"SearchAction\",\"target\":{\"@type\":\"EntryPoint\",\"urlTemplate\":\"https:\/\/bunkerseguridad.es\/fr\/?s={search_term_string}\"},\"query-input\":{\"@type\":\"PropertyValueSpecification\",\"valueRequired\":true,\"valueName\":\"search_term_string\"}}],\"inLanguage\":\"fr-FR\"}]}<\/script>\n<!-- \/ Yoast SEO plugin. -->","yoast_head_json":{"title":"Haut-parleurs Sensor PV-12E - Bunker Seguridad","description":"PV-12E Haut-parleur du capteur est con\u00e7u pour lire un message enregistr\u00e9 lorsque le capteur d\u00e9tecte le mouvement de personnes ou de v\u00e9hicule.","robots":{"index":"noindex","follow":"follow","max-snippet":"max-snippet:-1","max-image-preview":"max-image-preview:large","max-video-preview":"max-video-preview:-1"},"og_locale":"fr_FR","og_type":"article","og_title":"Haut-parleurs Sensor PV-12E - Bunker Seguridad","og_description":"PV-12E Haut-parleur du capteur est con\u00e7u pour lire un message enregistr\u00e9 lorsque le capteur d\u00e9tecte le mouvement de personnes ou de v\u00e9hicule.","og_url":"https:\/\/bunkerseguridad.es\/fr\/produit\/haut-parleurs-sensor-pv-12e\/","og_site_name":"Bunker Seguridad","article_modified_time":"2021-02-12T10:55:50+00:00","og_image":[{"width":1200,"height":1200,"url":"https:\/\/bunkerseguridad.es\/fr\/wp-content\/uploads\/2020\/10\/ab-100_pv12-e.png","type":"image\/png"}],"twitter_card":"summary_large_image","twitter_misc":{"Dur\u00e9e de lecture estim\u00e9e":"1 minute"},"schema":{"@context":"https:\/\/schema.org","@graph":[{"@type":"WebPage","@id":"https:\/\/bunkerseguridad.es\/fr\/produit\/haut-parleurs-sensor-pv-12e\/","url":"https:\/\/bunkerseguridad.es\/fr\/produit\/haut-parleurs-sensor-pv-12e\/","name":"Haut-parleurs Sensor PV-12E - Bunker Seguridad","isPartOf":{"@id":"https:\/\/bunkerseguridad.es\/fr\/#website"},"primaryImageOfPage":{"@id":"https:\/\/bunkerseguridad.es\/fr\/produit\/haut-parleurs-sensor-pv-12e\/#primaryimage"},"image":{"@id":"https:\/\/bunkerseguridad.es\/fr\/produit\/haut-parleurs-sensor-pv-12e\/#primaryimage"},"thumbnailUrl":"https:\/\/bunkerseguridad.es\/fr\/wp-content\/uploads\/2020\/10\/ab-100_pv12-e.png","datePublished":"2020-10-15T10:08:58+00:00","dateModified":"2021-02-12T10:55:50+00:00","description":"PV-12E Haut-parleur du capteur est con\u00e7u pour lire un message enregistr\u00e9 lorsque le capteur d\u00e9tecte le mouvement de personnes ou de v\u00e9hicule.","breadcrumb":{"@id":"https:\/\/bunkerseguridad.es\/fr\/produit\/haut-parleurs-sensor-pv-12e\/#breadcrumb"},"inLanguage":"fr-FR","potentialAction":[{"@type":"ReadAction","target":["https:\/\/bunkerseguridad.es\/fr\/produit\/haut-parleurs-sensor-pv-12e\/"]}]},{"@type":"ImageObject","inLanguage":"fr-FR","@id":"https:\/\/bunkerseguridad.es\/fr\/produit\/haut-parleurs-sensor-pv-12e\/#primaryimage","url":"https:\/\/bunkerseguridad.es\/fr\/wp-content\/uploads\/2020\/10\/ab-100_pv12-e.png","contentUrl":"https:\/\/bunkerseguridad.es\/fr\/wp-content\/uploads\/2020\/10\/ab-100_pv12-e.png","width":1200,"height":1200,"caption":"Haut-parleur de capteur"},{"@type":"BreadcrumbList","@id":"https:\/\/bunkerseguridad.es\/fr\/produit\/haut-parleurs-sensor-pv-12e\/#breadcrumb","itemListElement":[{"@type":"ListItem","position":1,"name":"Home","item":"https:\/\/bunkerseguridad.es\/fr\/"},{"@type":"ListItem","position":2,"name":"Shop","item":"https:\/\/bunkerseguridad.es\/fr\/shop\/"},{"@type":"ListItem","position":3,"name":"Haut-parleurs Sensor PV-12E"}]},{"@type":"WebSite","@id":"https:\/\/bunkerseguridad.es\/fr\/#website","url":"https:\/\/bunkerseguridad.es\/fr\/","name":"Bunker Seguridad","description":"Otro sitio realizado con WordPress","potentialAction":[{"@type":"SearchAction","target":{"@type":"EntryPoint","urlTemplate":"https:\/\/bunkerseguridad.es\/fr\/?s={search_term_string}"},"query-input":{"@type":"PropertyValueSpecification","valueRequired":true,"valueName":"search_term_string"}}],"inLanguage":"fr-FR"}]}},"brands":[{"id":202,"name":"Takex","slug":"takex"}],"_links":{"self":[{"href":"https:\/\/bunkerseguridad.es\/fr\/wp-json\/wp\/v2\/product\/2798","targetHints":{"allow":["GET"]}}],"collection":[{"href":"https:\/\/bunkerseguridad.es\/fr\/wp-json\/wp\/v2\/product"}],"about":[{"href":"https:\/\/bunkerseguridad.es\/fr\/wp-json\/wp\/v2\/types\/product"}],"wp:featuredmedia":[{"embeddable":true,"href":"https:\/\/bunkerseguridad.es\/fr\/wp-json\/wp\/v2\/media\/2831"}],"wp:attachment":[{"href":"https:\/\/bunkerseguridad.es\/fr\/wp-json\/wp\/v2\/media?parent=2798"}],"wp:term":[{"taxonomy":"pwb-brand","embeddable":true,"href":"https:\/\/bunkerseguridad.es\/fr\/wp-json\/wp\/v2\/pwb-brand?post=2798"},{"taxonomy":"product_brand","embeddable":true,"href":"https:\/\/bunkerseguridad.es\/fr\/wp-json\/wp\/v2\/product_brand?post=2798"},{"taxonomy":"product_cat","embeddable":true,"href":"https:\/\/bunkerseguridad.es\/fr\/wp-json\/wp\/v2\/product_cat?post=2798"},{"taxonomy":"product_tag","embeddable":true,"href":"https:\/\/bunkerseguridad.es\/fr\/wp-json\/wp\/v2\/product_tag?post=2798"}],"curies":[{"name":"wp","href":"https:\/\/api.w.org\/{rel}","templated":true}]}}