{"id":3235,"date":"2020-10-20T10:33:30","date_gmt":"2020-10-20T10:33:30","guid":{"rendered":"http:\/\/www.bunkerseguridad.es\/en\/?post_type=product&#038;p=3235"},"modified":"2021-02-09T11:16:25","modified_gmt":"2021-02-09T11:16:25","slug":"mb-tour-de-protection-perimetrique-unilaterale","status":"publish","type":"product","link":"https:\/\/bunkerseguridad.es\/fr\/produit\/mb-tour-de-protection-perimetrique-unilaterale\/","title":{"rendered":"MB &#8211; Tour de protection p\u00e9rim\u00e9trique unilat\u00e9rale (180\u00b0) pour les faisceaux photo\u00e9lectriques infrarouges"},"content":{"rendered":"<p>Bunker Seguridad, fabricant de syst\u00e8mes de s\u00e9curit\u00e9 p\u00e9rim\u00e9trique, pr\u00e9sente un mod\u00e8le de tour infrarouge pour les capteurs et d\u00e9tecteurs photo\u00e9lectriques MB de moyenne (zone moyenne) et longue (p\u00e9rim\u00e8tre) port\u00e9e. La particularit\u00e9 de ce mod\u00e8le de tour infrarouge est que sa structure principale, compos\u00e9e d&rsquo;un profil\u00e9 courbe en aluminium anodis\u00e9 sur la face arri\u00e8re, donne \u00e0 la tour infrarouge un aspect physique qui s&rsquo;adapte parfaitement non seulement aux environnements industriels, mais aussi aux zones r\u00e9sidentielles. D&rsquo;autre part, elle offre une moindre r\u00e9sistance au vent, ce qui signifie une plus grande stabilit\u00e9 des faisceaux photo\u00e9lectriques plac\u00e9s \u00e0 l&rsquo;int\u00e9rieur et, par cons\u00e9quent, du syst\u00e8me de s\u00e9curit\u00e9 p\u00e9rim\u00e9trique install\u00e9. La tour IR offre une protection couvrant 180\u00ba.<\/p>\n<p>\u00c9tant donn\u00e9 que Bunker fabrique une large gamme de produits p\u00e9rim\u00e9triques destin\u00e9s uniquement aux zones r\u00e9sidentielles, tels que Garden Guard (MALTA, CAV et CAV-W), nous faisons r\u00e9f\u00e9rence \u00e0 la tour infrarouge MB avec l&rsquo;adjectif \u00ab\u00a0industrielle\u00a0\u00bb, m\u00eame si dans les situations r\u00e9elles, les tours IR MB (180\u00ba) et les tours de s\u00e9curit\u00e9 PT sont tr\u00e8s souvent install\u00e9es dans des zones r\u00e9sidentielles et elles int\u00e8grent parfaitement leur design \u00e9l\u00e9gant dans l&rsquo;environnement.<\/p>\n<p><strong>Caract\u00e9ristiques :<\/strong><br \/>\nTous les mod\u00e8les de tours infrarouges MB \u00e0 une face (180\u00ba) pour la protection du p\u00e9rim\u00e8tre de s\u00e9curit\u00e9 comprennent les composants suivants :<\/p>\n<ul>\n<li>Profil en polycarbonate noir qui laisse passer les rayons infrarouges, \u00e9mis par le faisceau photo\u00e9lectrique.<\/li>\n<li>Profil en aluminium anodis\u00e9 noir qui fait partie de la structure de la tour infrarouge, incurv\u00e9 sur la face arri\u00e8re.<\/li>\n<li>Dispositif anti-sabotage \u00e0 fixer sur la partie sup\u00e9rieure de la tour IR et \u00e0 \u00e9viter ainsi une \u00e9ventuelle manipulation du syst\u00e8me de s\u00e9curit\u00e9 p\u00e9rim\u00e9trique par la mise hors service d&rsquo;une cellule photo\u00e9lectrique ou m\u00eame par l&rsquo;annulation d&rsquo;un rayon photo\u00e9lectrique infrarouge.<\/li>\n<li>Kit d&rsquo;installation : il est compos\u00e9 de vis inoxydables, d&rsquo;\u00e9crous nyloc et de boulons expansibles.<\/li>\n<\/ul>\n<p>En outre, le mod\u00e8le de tour infrarouge de 3 m de haut (MB300), fabriqu\u00e9 par Bunker Seguridad, est \u00e9quip\u00e9 de supports lat\u00e9raux MB3SB de 70 cm. Ceux-ci donnent plus de stabilit\u00e9 aux faisceaux de photos infrarouges plac\u00e9s \u00e0 l&rsquo;int\u00e9rieur, mais aussi plus de rigidit\u00e9 \u00e0 la tour \u00e9lectrique, ce qui a un effet sur le syst\u00e8me de s\u00e9curit\u00e9 du p\u00e9rim\u00e8tre avec moins d&rsquo;alarmes ind\u00e9sirables.<\/p>\n<p>&#8211; En tant que fabricant, Bunker offre la possibilit\u00e9 d&rsquo;adapter la hauteur de la tour infrarouge au cas o\u00f9 aucune de nos r\u00e9f\u00e9rences de tours infrarouges 180\u00ba MB ne r\u00e9pondrait \u00e0 vos besoins en mati\u00e8re de syst\u00e8me de s\u00e9curit\u00e9 p\u00e9rim\u00e9trique.<\/p>\n<p>&#8211; Les mod\u00e8les de tours de s\u00e9curit\u00e9 p\u00e9rim\u00e9trique MB \u00e0 une face (180\u00ba), fabriqu\u00e9s par Bunker, sont des mod\u00e8les \u00e0 installer au sol. Si vous souhaitez fixer la tour infrarouge sur un mur, il est n\u00e9cessaire d&rsquo;utiliser les tours infrarouges de la gamme MB-W pour la s\u00e9curit\u00e9 du p\u00e9rim\u00e8tre.<\/p>\n<p>&#8211; La tour MB est commercialis\u00e9e avec un minimum d&rsquo;\u00e9l\u00e9ments n\u00e9cessaires pour r\u00e9aliser une installation optimale de s\u00e9curit\u00e9 p\u00e9rim\u00e9trique par faisceau photo\u00e9lectrique qui ne n\u00e9cessite pas d&rsquo;accessoires suppl\u00e9mentaires, ni de fixations suppl\u00e9mentaires et dans des plages de temp\u00e9rature stables, sans extr\u00eames. A partir de l\u00e0, Bunker propose une large gamme d&rsquo;accessoires pour ses tours de s\u00e9curit\u00e9 qui couvrent la majorit\u00e9 des besoins du march\u00e9.<\/p>\n","protected":false},"excerpt":{"rendered":"<p><strong>MB<\/strong> est une tour p\u00e9riph\u00e9rique pour <strong>faisceaux photo\u00e9lectriques<\/strong>, \u00e0 un seul c\u00f4t\u00e9 (180\u00b0), disponible en diff\u00e9rentes hauteurs, pour installation au sol.<\/p>\n<p>Les supports lat\u00e9raux anti-ouverture et MBSB sont inclus.<\/p>\n","protected":false},"featured_media":3245,"template":"","meta":{"_et_pb_use_builder":"","_et_pb_old_content":"","_et_gb_content_width":""},"pwb-brand":[198],"product_brand":[],"product_cat":[41,50,53],"product_tag":[366,357,65,67,68,64,69,71,62],"class_list":{"0":"post-3235","1":"product","2":"type-product","3":"status-publish","4":"has-post-thumbnail","6":"pwb-brand-bunker-seguridad-electronica-s-l","7":"product_cat-detection-intrusion-perimetrique","8":"product_cat-colonnes-perimetriques","9":"product_cat-colonnes-industriel","10":"product_tag-1-5m","11":"product_tag-180o","12":"product_tag-1m","13":"product_tag-2m","14":"product_tag-3m","15":"product_tag-50cm","16":"product_tag-installation-au-sol","17":"product_tag-tour-industrielle","18":"product_tag-visage-simple","20":"first","21":"instock","22":"shipping-taxable","23":"product-type-simple"},"yoast_head":"<!-- This site is optimized with the Yoast SEO plugin v25.2 - https:\/\/yoast.com\/wordpress\/plugins\/seo\/ -->\n<title>MB - Tour de protection p\u00e9rim\u00e9trique unilat\u00e9rale (180\u00b0) pour les faisceaux photo\u00e9lectriques infrarouges - Bunker Seguridad<\/title>\n<meta name=\"description\" content=\"MB is a perimeter tower for photoelectric beams, single-sided (180\u00b0), available in different heights, for floor installation.\" \/>\n<meta name=\"robots\" content=\"noindex, follow, max-snippet:-1, max-image-preview:large, max-video-preview:-1\" \/>\n<meta property=\"og:locale\" content=\"fr_FR\" \/>\n<meta property=\"og:type\" content=\"article\" \/>\n<meta property=\"og:title\" content=\"MB - Tour de protection p\u00e9rim\u00e9trique unilat\u00e9rale (180\u00b0) pour les faisceaux photo\u00e9lectriques infrarouges - Bunker Seguridad\" \/>\n<meta property=\"og:description\" content=\"MB is a perimeter tower for photoelectric beams, single-sided (180\u00b0), available in different heights, for floor installation.\" \/>\n<meta property=\"og:url\" content=\"https:\/\/bunkerseguridad.es\/fr\/produit\/mb-tour-de-protection-perimetrique-unilaterale\/\" \/>\n<meta property=\"og:site_name\" content=\"Bunker Seguridad\" \/>\n<meta property=\"article:modified_time\" content=\"2021-02-09T11:16:25+00:00\" \/>\n<meta property=\"og:image\" content=\"https:\/\/bunkerseguridad.es\/fr\/wp-content\/uploads\/2020\/10\/1200-productos-MB.png\" \/>\n\t<meta property=\"og:image:width\" content=\"1200\" \/>\n\t<meta property=\"og:image:height\" content=\"1200\" \/>\n\t<meta property=\"og:image:type\" content=\"image\/png\" \/>\n<meta name=\"twitter:card\" content=\"summary_large_image\" \/>\n<meta name=\"twitter:label1\" content=\"Dur\u00e9e de lecture estim\u00e9e\" \/>\n\t<meta name=\"twitter:data1\" content=\"3 minutes\" \/>\n<script type=\"application\/ld+json\" class=\"yoast-schema-graph\">{\"@context\":\"https:\/\/schema.org\",\"@graph\":[{\"@type\":\"WebPage\",\"@id\":\"https:\/\/bunkerseguridad.es\/fr\/produit\/mb-tour-de-protection-perimetrique-unilaterale\/\",\"url\":\"https:\/\/bunkerseguridad.es\/fr\/produit\/mb-tour-de-protection-perimetrique-unilaterale\/\",\"name\":\"MB - Tour de protection p\u00e9rim\u00e9trique unilat\u00e9rale (180\u00b0) pour les faisceaux photo\u00e9lectriques infrarouges - Bunker Seguridad\",\"isPartOf\":{\"@id\":\"https:\/\/bunkerseguridad.es\/fr\/#website\"},\"primaryImageOfPage\":{\"@id\":\"https:\/\/bunkerseguridad.es\/fr\/produit\/mb-tour-de-protection-perimetrique-unilaterale\/#primaryimage\"},\"image\":{\"@id\":\"https:\/\/bunkerseguridad.es\/fr\/produit\/mb-tour-de-protection-perimetrique-unilaterale\/#primaryimage\"},\"thumbnailUrl\":\"https:\/\/bunkerseguridad.es\/fr\/wp-content\/uploads\/2020\/10\/1200-productos-MB.png\",\"datePublished\":\"2020-10-20T10:33:30+00:00\",\"dateModified\":\"2021-02-09T11:16:25+00:00\",\"description\":\"MB is a perimeter tower for photoelectric beams, single-sided (180\u00b0), available in different heights, for floor installation.\",\"breadcrumb\":{\"@id\":\"https:\/\/bunkerseguridad.es\/fr\/produit\/mb-tour-de-protection-perimetrique-unilaterale\/#breadcrumb\"},\"inLanguage\":\"fr-FR\",\"potentialAction\":[{\"@type\":\"ReadAction\",\"target\":[\"https:\/\/bunkerseguridad.es\/fr\/produit\/mb-tour-de-protection-perimetrique-unilaterale\/\"]}]},{\"@type\":\"ImageObject\",\"inLanguage\":\"fr-FR\",\"@id\":\"https:\/\/bunkerseguridad.es\/fr\/produit\/mb-tour-de-protection-perimetrique-unilaterale\/#primaryimage\",\"url\":\"https:\/\/bunkerseguridad.es\/fr\/wp-content\/uploads\/2020\/10\/1200-productos-MB.png\",\"contentUrl\":\"https:\/\/bunkerseguridad.es\/fr\/wp-content\/uploads\/2020\/10\/1200-productos-MB.png\",\"width\":1200,\"height\":1200,\"caption\":\"Faisceaux photo\u00e9lectriques infrarouges\"},{\"@type\":\"BreadcrumbList\",\"@id\":\"https:\/\/bunkerseguridad.es\/fr\/produit\/mb-tour-de-protection-perimetrique-unilaterale\/#breadcrumb\",\"itemListElement\":[{\"@type\":\"ListItem\",\"position\":1,\"name\":\"Home\",\"item\":\"https:\/\/bunkerseguridad.es\/fr\/\"},{\"@type\":\"ListItem\",\"position\":2,\"name\":\"Shop\",\"item\":\"https:\/\/bunkerseguridad.es\/fr\/shop\/\"},{\"@type\":\"ListItem\",\"position\":3,\"name\":\"MB &#8211; Tour de protection p\u00e9rim\u00e9trique unilat\u00e9rale (180\u00b0) pour les faisceaux photo\u00e9lectriques infrarouges\"}]},{\"@type\":\"WebSite\",\"@id\":\"https:\/\/bunkerseguridad.es\/fr\/#website\",\"url\":\"https:\/\/bunkerseguridad.es\/fr\/\",\"name\":\"Bunker Seguridad\",\"description\":\"Otro sitio realizado con WordPress\",\"potentialAction\":[{\"@type\":\"SearchAction\",\"target\":{\"@type\":\"EntryPoint\",\"urlTemplate\":\"https:\/\/bunkerseguridad.es\/fr\/?s={search_term_string}\"},\"query-input\":{\"@type\":\"PropertyValueSpecification\",\"valueRequired\":true,\"valueName\":\"search_term_string\"}}],\"inLanguage\":\"fr-FR\"}]}<\/script>\n<!-- \/ Yoast SEO plugin. -->","yoast_head_json":{"title":"MB - Tour de protection p\u00e9rim\u00e9trique unilat\u00e9rale (180\u00b0) pour les faisceaux photo\u00e9lectriques infrarouges - Bunker Seguridad","description":"MB is a perimeter tower for photoelectric beams, single-sided (180\u00b0), available in different heights, for floor installation.","robots":{"index":"noindex","follow":"follow","max-snippet":"max-snippet:-1","max-image-preview":"max-image-preview:large","max-video-preview":"max-video-preview:-1"},"og_locale":"fr_FR","og_type":"article","og_title":"MB - Tour de protection p\u00e9rim\u00e9trique unilat\u00e9rale (180\u00b0) pour les faisceaux photo\u00e9lectriques infrarouges - Bunker Seguridad","og_description":"MB is a perimeter tower for photoelectric beams, single-sided (180\u00b0), available in different heights, for floor installation.","og_url":"https:\/\/bunkerseguridad.es\/fr\/produit\/mb-tour-de-protection-perimetrique-unilaterale\/","og_site_name":"Bunker Seguridad","article_modified_time":"2021-02-09T11:16:25+00:00","og_image":[{"width":1200,"height":1200,"url":"https:\/\/bunkerseguridad.es\/fr\/wp-content\/uploads\/2020\/10\/1200-productos-MB.png","type":"image\/png"}],"twitter_card":"summary_large_image","twitter_misc":{"Dur\u00e9e de lecture estim\u00e9e":"3 minutes"},"schema":{"@context":"https:\/\/schema.org","@graph":[{"@type":"WebPage","@id":"https:\/\/bunkerseguridad.es\/fr\/produit\/mb-tour-de-protection-perimetrique-unilaterale\/","url":"https:\/\/bunkerseguridad.es\/fr\/produit\/mb-tour-de-protection-perimetrique-unilaterale\/","name":"MB - Tour de protection p\u00e9rim\u00e9trique unilat\u00e9rale (180\u00b0) pour les faisceaux photo\u00e9lectriques infrarouges - Bunker Seguridad","isPartOf":{"@id":"https:\/\/bunkerseguridad.es\/fr\/#website"},"primaryImageOfPage":{"@id":"https:\/\/bunkerseguridad.es\/fr\/produit\/mb-tour-de-protection-perimetrique-unilaterale\/#primaryimage"},"image":{"@id":"https:\/\/bunkerseguridad.es\/fr\/produit\/mb-tour-de-protection-perimetrique-unilaterale\/#primaryimage"},"thumbnailUrl":"https:\/\/bunkerseguridad.es\/fr\/wp-content\/uploads\/2020\/10\/1200-productos-MB.png","datePublished":"2020-10-20T10:33:30+00:00","dateModified":"2021-02-09T11:16:25+00:00","description":"MB is a perimeter tower for photoelectric beams, single-sided (180\u00b0), available in different heights, for floor installation.","breadcrumb":{"@id":"https:\/\/bunkerseguridad.es\/fr\/produit\/mb-tour-de-protection-perimetrique-unilaterale\/#breadcrumb"},"inLanguage":"fr-FR","potentialAction":[{"@type":"ReadAction","target":["https:\/\/bunkerseguridad.es\/fr\/produit\/mb-tour-de-protection-perimetrique-unilaterale\/"]}]},{"@type":"ImageObject","inLanguage":"fr-FR","@id":"https:\/\/bunkerseguridad.es\/fr\/produit\/mb-tour-de-protection-perimetrique-unilaterale\/#primaryimage","url":"https:\/\/bunkerseguridad.es\/fr\/wp-content\/uploads\/2020\/10\/1200-productos-MB.png","contentUrl":"https:\/\/bunkerseguridad.es\/fr\/wp-content\/uploads\/2020\/10\/1200-productos-MB.png","width":1200,"height":1200,"caption":"Faisceaux photo\u00e9lectriques infrarouges"},{"@type":"BreadcrumbList","@id":"https:\/\/bunkerseguridad.es\/fr\/produit\/mb-tour-de-protection-perimetrique-unilaterale\/#breadcrumb","itemListElement":[{"@type":"ListItem","position":1,"name":"Home","item":"https:\/\/bunkerseguridad.es\/fr\/"},{"@type":"ListItem","position":2,"name":"Shop","item":"https:\/\/bunkerseguridad.es\/fr\/shop\/"},{"@type":"ListItem","position":3,"name":"MB &#8211; Tour de protection p\u00e9rim\u00e9trique unilat\u00e9rale (180\u00b0) pour les faisceaux photo\u00e9lectriques infrarouges"}]},{"@type":"WebSite","@id":"https:\/\/bunkerseguridad.es\/fr\/#website","url":"https:\/\/bunkerseguridad.es\/fr\/","name":"Bunker Seguridad","description":"Otro sitio realizado con WordPress","potentialAction":[{"@type":"SearchAction","target":{"@type":"EntryPoint","urlTemplate":"https:\/\/bunkerseguridad.es\/fr\/?s={search_term_string}"},"query-input":{"@type":"PropertyValueSpecification","valueRequired":true,"valueName":"search_term_string"}}],"inLanguage":"fr-FR"}]}},"brands":[{"id":198,"name":"Bunker Seguridad","slug":"bunker-seguridad-electronica-s-l"}],"_links":{"self":[{"href":"https:\/\/bunkerseguridad.es\/fr\/wp-json\/wp\/v2\/product\/3235","targetHints":{"allow":["GET"]}}],"collection":[{"href":"https:\/\/bunkerseguridad.es\/fr\/wp-json\/wp\/v2\/product"}],"about":[{"href":"https:\/\/bunkerseguridad.es\/fr\/wp-json\/wp\/v2\/types\/product"}],"wp:featuredmedia":[{"embeddable":true,"href":"https:\/\/bunkerseguridad.es\/fr\/wp-json\/wp\/v2\/media\/3245"}],"wp:attachment":[{"href":"https:\/\/bunkerseguridad.es\/fr\/wp-json\/wp\/v2\/media?parent=3235"}],"wp:term":[{"taxonomy":"pwb-brand","embeddable":true,"href":"https:\/\/bunkerseguridad.es\/fr\/wp-json\/wp\/v2\/pwb-brand?post=3235"},{"taxonomy":"product_brand","embeddable":true,"href":"https:\/\/bunkerseguridad.es\/fr\/wp-json\/wp\/v2\/product_brand?post=3235"},{"taxonomy":"product_cat","embeddable":true,"href":"https:\/\/bunkerseguridad.es\/fr\/wp-json\/wp\/v2\/product_cat?post=3235"},{"taxonomy":"product_tag","embeddable":true,"href":"https:\/\/bunkerseguridad.es\/fr\/wp-json\/wp\/v2\/product_tag?post=3235"}],"curies":[{"name":"wp","href":"https:\/\/api.w.org\/{rel}","templated":true}]}}