{"id":3644,"date":"2020-11-03T10:54:45","date_gmt":"2020-11-03T10:54:45","guid":{"rendered":"http:\/\/www.bunkerseguridad.es\/en\/?post_type=product&#038;p=3644"},"modified":"2021-02-17T10:39:02","modified_gmt":"2021-02-17T10:39:02","slug":"t-ip11-exto-module-ip-avec-11-sorties-relais","status":"publish","type":"product","link":"https:\/\/bunkerseguridad.es\/fr\/produit\/t-ip11-exto-module-ip-avec-11-sorties-relais\/","title":{"rendered":"T-IP11-EXT(O) Module IP avec 11 sorties relais"},"content":{"rendered":"<p><strong>Module avec connectivit\u00e9 IP et 11 sorties relais.<\/strong><\/p>\n<p>Compatible avec les s\u00e9ries VidA et LPR.<\/p>\n","protected":false},"excerpt":{"rendered":"<p><strong>M\u00f3dulo con conectividad IP y 11 salidas de rel\u00e9.<\/strong><\/p>\n","protected":false},"featured_media":4578,"template":"","meta":{"_et_pb_use_builder":"","_et_pb_old_content":"","_et_gb_content_width":""},"pwb-brand":[205],"product_brand":[],"product_cat":[28,231],"product_tag":[137],"class_list":{"0":"post-3644","1":"product","2":"type-product","3":"status-publish","4":"has-post-thumbnail","6":"pwb-brand-tempos-analytics","7":"product_cat-extension-licences-et-modules","8":"product_cat-modules-additionnels","9":"product_tag-module-supplementaire","11":"first","12":"instock","13":"shipping-taxable","14":"product-type-simple"},"yoast_head":"<!-- This site is optimized with the Yoast SEO plugin v25.2 - https:\/\/yoast.com\/wordpress\/plugins\/seo\/ -->\n<title>T-IP11-EXT(O) Module IP avec 11 sorties relais - Bunker Seguridad<\/title>\n<meta name=\"description\" content=\"Modules pour faciliter l\u2019int\u00e9gration optimale de ses solutions avec les syst\u00e8mes de vid\u00e9osurveillance et de contr\u00f4le d\u2019acc\u00e8s aux v\u00e9hicules.\" \/>\n<meta name=\"robots\" content=\"noindex, follow, max-snippet:-1, max-image-preview:large, max-video-preview:-1\" \/>\n<meta property=\"og:locale\" content=\"fr_FR\" \/>\n<meta property=\"og:type\" content=\"article\" \/>\n<meta property=\"og:title\" content=\"T-IP11-EXT(O) Module IP avec 11 sorties relais - Bunker Seguridad\" \/>\n<meta property=\"og:description\" content=\"Modules pour faciliter l\u2019int\u00e9gration optimale de ses solutions avec les syst\u00e8mes de vid\u00e9osurveillance et de contr\u00f4le d\u2019acc\u00e8s aux v\u00e9hicules.\" \/>\n<meta property=\"og:url\" content=\"https:\/\/bunkerseguridad.es\/fr\/produit\/t-ip11-exto-module-ip-avec-11-sorties-relais\/\" \/>\n<meta property=\"og:site_name\" content=\"Bunker Seguridad\" \/>\n<meta property=\"article:modified_time\" content=\"2021-02-17T10:39:02+00:00\" \/>\n<meta property=\"og:image\" content=\"https:\/\/bunkerseguridad.es\/fr\/wp-content\/uploads\/2020\/11\/Productos-Modules-Analysis-video.jpg\" \/>\n\t<meta property=\"og:image:width\" content=\"1200\" \/>\n\t<meta property=\"og:image:height\" content=\"1200\" \/>\n\t<meta property=\"og:image:type\" content=\"image\/jpeg\" \/>\n<meta name=\"twitter:card\" content=\"summary_large_image\" \/>\n<meta name=\"twitter:label1\" content=\"Dur\u00e9e de lecture estim\u00e9e\" \/>\n\t<meta name=\"twitter:data1\" content=\"1 minute\" \/>\n<script type=\"application\/ld+json\" class=\"yoast-schema-graph\">{\"@context\":\"https:\/\/schema.org\",\"@graph\":[{\"@type\":\"WebPage\",\"@id\":\"https:\/\/bunkerseguridad.es\/fr\/produit\/t-ip11-exto-module-ip-avec-11-sorties-relais\/\",\"url\":\"https:\/\/bunkerseguridad.es\/fr\/produit\/t-ip11-exto-module-ip-avec-11-sorties-relais\/\",\"name\":\"T-IP11-EXT(O) Module IP avec 11 sorties relais - Bunker Seguridad\",\"isPartOf\":{\"@id\":\"https:\/\/bunkerseguridad.es\/fr\/#website\"},\"primaryImageOfPage\":{\"@id\":\"https:\/\/bunkerseguridad.es\/fr\/produit\/t-ip11-exto-module-ip-avec-11-sorties-relais\/#primaryimage\"},\"image\":{\"@id\":\"https:\/\/bunkerseguridad.es\/fr\/produit\/t-ip11-exto-module-ip-avec-11-sorties-relais\/#primaryimage\"},\"thumbnailUrl\":\"https:\/\/bunkerseguridad.es\/fr\/wp-content\/uploads\/2020\/11\/Productos-Modules-Analysis-video.jpg\",\"datePublished\":\"2020-11-03T10:54:45+00:00\",\"dateModified\":\"2021-02-17T10:39:02+00:00\",\"description\":\"Modules pour faciliter l\u2019int\u00e9gration optimale de ses solutions avec les syst\u00e8mes de vid\u00e9osurveillance et de contr\u00f4le d\u2019acc\u00e8s aux v\u00e9hicules.\",\"breadcrumb\":{\"@id\":\"https:\/\/bunkerseguridad.es\/fr\/produit\/t-ip11-exto-module-ip-avec-11-sorties-relais\/#breadcrumb\"},\"inLanguage\":\"fr-FR\",\"potentialAction\":[{\"@type\":\"ReadAction\",\"target\":[\"https:\/\/bunkerseguridad.es\/fr\/produit\/t-ip11-exto-module-ip-avec-11-sorties-relais\/\"]}]},{\"@type\":\"ImageObject\",\"inLanguage\":\"fr-FR\",\"@id\":\"https:\/\/bunkerseguridad.es\/fr\/produit\/t-ip11-exto-module-ip-avec-11-sorties-relais\/#primaryimage\",\"url\":\"https:\/\/bunkerseguridad.es\/fr\/wp-content\/uploads\/2020\/11\/Productos-Modules-Analysis-video.jpg\",\"contentUrl\":\"https:\/\/bunkerseguridad.es\/fr\/wp-content\/uploads\/2020\/11\/Productos-Modules-Analysis-video.jpg\",\"width\":1200,\"height\":1200,\"caption\":\"Productos-Modules-Analyse-vid\u00e9o\"},{\"@type\":\"BreadcrumbList\",\"@id\":\"https:\/\/bunkerseguridad.es\/fr\/produit\/t-ip11-exto-module-ip-avec-11-sorties-relais\/#breadcrumb\",\"itemListElement\":[{\"@type\":\"ListItem\",\"position\":1,\"name\":\"Home\",\"item\":\"https:\/\/bunkerseguridad.es\/fr\/\"},{\"@type\":\"ListItem\",\"position\":2,\"name\":\"Shop\",\"item\":\"https:\/\/bunkerseguridad.es\/fr\/shop\/\"},{\"@type\":\"ListItem\",\"position\":3,\"name\":\"T-IP11-EXT(O) Module IP avec 11 sorties relais\"}]},{\"@type\":\"WebSite\",\"@id\":\"https:\/\/bunkerseguridad.es\/fr\/#website\",\"url\":\"https:\/\/bunkerseguridad.es\/fr\/\",\"name\":\"Bunker Seguridad\",\"description\":\"Otro sitio realizado con WordPress\",\"potentialAction\":[{\"@type\":\"SearchAction\",\"target\":{\"@type\":\"EntryPoint\",\"urlTemplate\":\"https:\/\/bunkerseguridad.es\/fr\/?s={search_term_string}\"},\"query-input\":{\"@type\":\"PropertyValueSpecification\",\"valueRequired\":true,\"valueName\":\"search_term_string\"}}],\"inLanguage\":\"fr-FR\"}]}<\/script>\n<!-- \/ Yoast SEO plugin. -->","yoast_head_json":{"title":"T-IP11-EXT(O) Module IP avec 11 sorties relais - Bunker Seguridad","description":"Modules pour faciliter l\u2019int\u00e9gration optimale de ses solutions avec les syst\u00e8mes de vid\u00e9osurveillance et de contr\u00f4le d\u2019acc\u00e8s aux v\u00e9hicules.","robots":{"index":"noindex","follow":"follow","max-snippet":"max-snippet:-1","max-image-preview":"max-image-preview:large","max-video-preview":"max-video-preview:-1"},"og_locale":"fr_FR","og_type":"article","og_title":"T-IP11-EXT(O) Module IP avec 11 sorties relais - Bunker Seguridad","og_description":"Modules pour faciliter l\u2019int\u00e9gration optimale de ses solutions avec les syst\u00e8mes de vid\u00e9osurveillance et de contr\u00f4le d\u2019acc\u00e8s aux v\u00e9hicules.","og_url":"https:\/\/bunkerseguridad.es\/fr\/produit\/t-ip11-exto-module-ip-avec-11-sorties-relais\/","og_site_name":"Bunker Seguridad","article_modified_time":"2021-02-17T10:39:02+00:00","og_image":[{"width":1200,"height":1200,"url":"https:\/\/bunkerseguridad.es\/fr\/wp-content\/uploads\/2020\/11\/Productos-Modules-Analysis-video.jpg","type":"image\/jpeg"}],"twitter_card":"summary_large_image","twitter_misc":{"Dur\u00e9e de lecture estim\u00e9e":"1 minute"},"schema":{"@context":"https:\/\/schema.org","@graph":[{"@type":"WebPage","@id":"https:\/\/bunkerseguridad.es\/fr\/produit\/t-ip11-exto-module-ip-avec-11-sorties-relais\/","url":"https:\/\/bunkerseguridad.es\/fr\/produit\/t-ip11-exto-module-ip-avec-11-sorties-relais\/","name":"T-IP11-EXT(O) Module IP avec 11 sorties relais - Bunker Seguridad","isPartOf":{"@id":"https:\/\/bunkerseguridad.es\/fr\/#website"},"primaryImageOfPage":{"@id":"https:\/\/bunkerseguridad.es\/fr\/produit\/t-ip11-exto-module-ip-avec-11-sorties-relais\/#primaryimage"},"image":{"@id":"https:\/\/bunkerseguridad.es\/fr\/produit\/t-ip11-exto-module-ip-avec-11-sorties-relais\/#primaryimage"},"thumbnailUrl":"https:\/\/bunkerseguridad.es\/fr\/wp-content\/uploads\/2020\/11\/Productos-Modules-Analysis-video.jpg","datePublished":"2020-11-03T10:54:45+00:00","dateModified":"2021-02-17T10:39:02+00:00","description":"Modules pour faciliter l\u2019int\u00e9gration optimale de ses solutions avec les syst\u00e8mes de vid\u00e9osurveillance et de contr\u00f4le d\u2019acc\u00e8s aux v\u00e9hicules.","breadcrumb":{"@id":"https:\/\/bunkerseguridad.es\/fr\/produit\/t-ip11-exto-module-ip-avec-11-sorties-relais\/#breadcrumb"},"inLanguage":"fr-FR","potentialAction":[{"@type":"ReadAction","target":["https:\/\/bunkerseguridad.es\/fr\/produit\/t-ip11-exto-module-ip-avec-11-sorties-relais\/"]}]},{"@type":"ImageObject","inLanguage":"fr-FR","@id":"https:\/\/bunkerseguridad.es\/fr\/produit\/t-ip11-exto-module-ip-avec-11-sorties-relais\/#primaryimage","url":"https:\/\/bunkerseguridad.es\/fr\/wp-content\/uploads\/2020\/11\/Productos-Modules-Analysis-video.jpg","contentUrl":"https:\/\/bunkerseguridad.es\/fr\/wp-content\/uploads\/2020\/11\/Productos-Modules-Analysis-video.jpg","width":1200,"height":1200,"caption":"Productos-Modules-Analyse-vid\u00e9o"},{"@type":"BreadcrumbList","@id":"https:\/\/bunkerseguridad.es\/fr\/produit\/t-ip11-exto-module-ip-avec-11-sorties-relais\/#breadcrumb","itemListElement":[{"@type":"ListItem","position":1,"name":"Home","item":"https:\/\/bunkerseguridad.es\/fr\/"},{"@type":"ListItem","position":2,"name":"Shop","item":"https:\/\/bunkerseguridad.es\/fr\/shop\/"},{"@type":"ListItem","position":3,"name":"T-IP11-EXT(O) Module IP avec 11 sorties relais"}]},{"@type":"WebSite","@id":"https:\/\/bunkerseguridad.es\/fr\/#website","url":"https:\/\/bunkerseguridad.es\/fr\/","name":"Bunker Seguridad","description":"Otro sitio realizado con WordPress","potentialAction":[{"@type":"SearchAction","target":{"@type":"EntryPoint","urlTemplate":"https:\/\/bunkerseguridad.es\/fr\/?s={search_term_string}"},"query-input":{"@type":"PropertyValueSpecification","valueRequired":true,"valueName":"search_term_string"}}],"inLanguage":"fr-FR"}]}},"brands":[{"id":205,"name":"Tempos Analytics","slug":"tempos-analytics"}],"_links":{"self":[{"href":"https:\/\/bunkerseguridad.es\/fr\/wp-json\/wp\/v2\/product\/3644","targetHints":{"allow":["GET"]}}],"collection":[{"href":"https:\/\/bunkerseguridad.es\/fr\/wp-json\/wp\/v2\/product"}],"about":[{"href":"https:\/\/bunkerseguridad.es\/fr\/wp-json\/wp\/v2\/types\/product"}],"wp:featuredmedia":[{"embeddable":true,"href":"https:\/\/bunkerseguridad.es\/fr\/wp-json\/wp\/v2\/media\/4578"}],"wp:attachment":[{"href":"https:\/\/bunkerseguridad.es\/fr\/wp-json\/wp\/v2\/media?parent=3644"}],"wp:term":[{"taxonomy":"pwb-brand","embeddable":true,"href":"https:\/\/bunkerseguridad.es\/fr\/wp-json\/wp\/v2\/pwb-brand?post=3644"},{"taxonomy":"product_brand","embeddable":true,"href":"https:\/\/bunkerseguridad.es\/fr\/wp-json\/wp\/v2\/product_brand?post=3644"},{"taxonomy":"product_cat","embeddable":true,"href":"https:\/\/bunkerseguridad.es\/fr\/wp-json\/wp\/v2\/product_cat?post=3644"},{"taxonomy":"product_tag","embeddable":true,"href":"https:\/\/bunkerseguridad.es\/fr\/wp-json\/wp\/v2\/product_tag?post=3644"}],"curies":[{"name":"wp","href":"https:\/\/api.w.org\/{rel}","templated":true}]}}