{"id":3700,"date":"2020-11-04T08:13:20","date_gmt":"2020-11-04T08:13:20","guid":{"rendered":"http:\/\/www.bunkerseguridad.es\/en\/?post_type=product&#038;p=3700"},"modified":"2021-02-17T11:07:41","modified_gmt":"2021-02-17T11:07:41","slug":"lpr-s-lic-reconnaissance-des-plaques-dimmatriculation-vehicules-ou-roulant-jusqua-30-kmh","status":"publish","type":"product","link":"https:\/\/bunkerseguridad.es\/fr\/produit\/lpr-s-lic-reconnaissance-des-plaques-dimmatriculation-vehicules-ou-roulant-jusqua-30-kmh\/","title":{"rendered":"LPR-S-LIC Reconnaissance des plaques d&rsquo;immatriculation pour les v\u00e9hicules arr\u00eat\u00e9s ou roulant jusqu&rsquo;\u00e0 30 km\/h"},"content":{"rendered":"<p>Permis qui offre un canal suppl\u00e9mentaire pour la reconnaissance des plaques d&rsquo;immatriculation des v\u00e9hicules arr\u00eat\u00e9s ou roulant \u00e0 une vitesse allant jusqu&rsquo;\u00e0 30 km\/h. Il est compatible avec les s\u00e9ries LPR.<\/p>\n<p>La r\u00e9solution de l&rsquo;image est de 4CIF.<\/p>\n<p>Le dispositif physique n&rsquo;est pas inclus.<\/p>\n","protected":false},"excerpt":{"rendered":"<p>Permis qui offre un canal suppl\u00e9mentaire pour la reconnaissance des plaques d&rsquo;immatriculation des v\u00e9hicules arr\u00eat\u00e9s ou roulant \u00e0 une vitesse allant jusqu&rsquo;\u00e0 30 km\/h. Il est compatible avec les s\u00e9ries LPR.<\/p>\n","protected":false},"featured_media":4577,"template":"","meta":{"_et_pb_use_builder":"","_et_pb_old_content":"","_et_gb_content_width":""},"pwb-brand":[205],"product_brand":[],"product_cat":[28,230],"product_tag":[111,126,128],"class_list":{"0":"post-3700","1":"product","2":"type-product","3":"status-publish","4":"has-post-thumbnail","6":"pwb-brand-tempos-analytics","7":"product_cat-extension-licences-et-modules","8":"product_cat-extension-des-licences","9":"product_tag-4cif-resolution","10":"product_tag-jusqua-30km-h","11":"product_tag-lpr-extension-licence","13":"first","14":"instock","15":"shipping-taxable","16":"product-type-simple"},"yoast_head":"<!-- This site is optimized with the Yoast SEO plugin v25.2 - https:\/\/yoast.com\/wordpress\/plugins\/seo\/ -->\n<title>LPR-S-LIC Reconnaissance des plaques d&#039;immatriculation pour les v\u00e9hicules arr\u00eat\u00e9s ou roulant jusqu&#039;\u00e0 30 km\/h - Bunker Seguridad<\/title>\n<meta name=\"description\" content=\"Permis qui offre un canal pour la reconnaissance des plaques d&#039;immatriculation des v\u00e9hicules arr\u00eat\u00e9s ou en mouvement \u00e0 30km\/h.\" \/>\n<meta name=\"robots\" content=\"noindex, follow, max-snippet:-1, max-image-preview:large, max-video-preview:-1\" \/>\n<meta property=\"og:locale\" content=\"fr_FR\" \/>\n<meta property=\"og:type\" content=\"article\" \/>\n<meta property=\"og:title\" content=\"LPR-S-LIC Reconnaissance des plaques d&#039;immatriculation pour les v\u00e9hicules arr\u00eat\u00e9s ou roulant jusqu&#039;\u00e0 30 km\/h - Bunker Seguridad\" \/>\n<meta property=\"og:description\" content=\"Permis qui offre un canal pour la reconnaissance des plaques d&#039;immatriculation des v\u00e9hicules arr\u00eat\u00e9s ou en mouvement \u00e0 30km\/h.\" \/>\n<meta property=\"og:url\" content=\"https:\/\/bunkerseguridad.es\/fr\/produit\/lpr-s-lic-reconnaissance-des-plaques-dimmatriculation-vehicules-ou-roulant-jusqua-30-kmh\/\" \/>\n<meta property=\"og:site_name\" content=\"Bunker Seguridad\" \/>\n<meta property=\"article:modified_time\" content=\"2021-02-17T11:07:41+00:00\" \/>\n<meta property=\"og:image\" content=\"https:\/\/bunkerseguridad.es\/fr\/wp-content\/uploads\/2020\/11\/Productos-Licences-Analysis-video.jpg\" \/>\n\t<meta property=\"og:image:width\" content=\"1200\" \/>\n\t<meta property=\"og:image:height\" content=\"1200\" \/>\n\t<meta property=\"og:image:type\" content=\"image\/jpeg\" \/>\n<meta name=\"twitter:card\" content=\"summary_large_image\" \/>\n<meta name=\"twitter:label1\" content=\"Dur\u00e9e de lecture estim\u00e9e\" \/>\n\t<meta name=\"twitter:data1\" content=\"1 minute\" \/>\n<script type=\"application\/ld+json\" class=\"yoast-schema-graph\">{\"@context\":\"https:\/\/schema.org\",\"@graph\":[{\"@type\":\"WebPage\",\"@id\":\"https:\/\/bunkerseguridad.es\/fr\/produit\/lpr-s-lic-reconnaissance-des-plaques-dimmatriculation-vehicules-ou-roulant-jusqua-30-kmh\/\",\"url\":\"https:\/\/bunkerseguridad.es\/fr\/produit\/lpr-s-lic-reconnaissance-des-plaques-dimmatriculation-vehicules-ou-roulant-jusqua-30-kmh\/\",\"name\":\"LPR-S-LIC Reconnaissance des plaques d'immatriculation pour les v\u00e9hicules arr\u00eat\u00e9s ou roulant jusqu'\u00e0 30 km\/h - Bunker Seguridad\",\"isPartOf\":{\"@id\":\"https:\/\/bunkerseguridad.es\/fr\/#website\"},\"primaryImageOfPage\":{\"@id\":\"https:\/\/bunkerseguridad.es\/fr\/produit\/lpr-s-lic-reconnaissance-des-plaques-dimmatriculation-vehicules-ou-roulant-jusqua-30-kmh\/#primaryimage\"},\"image\":{\"@id\":\"https:\/\/bunkerseguridad.es\/fr\/produit\/lpr-s-lic-reconnaissance-des-plaques-dimmatriculation-vehicules-ou-roulant-jusqua-30-kmh\/#primaryimage\"},\"thumbnailUrl\":\"https:\/\/bunkerseguridad.es\/fr\/wp-content\/uploads\/2020\/11\/Productos-Licences-Analysis-video.jpg\",\"datePublished\":\"2020-11-04T08:13:20+00:00\",\"dateModified\":\"2021-02-17T11:07:41+00:00\",\"description\":\"Permis qui offre un canal pour la reconnaissance des plaques d'immatriculation des v\u00e9hicules arr\u00eat\u00e9s ou en mouvement \u00e0 30km\/h.\",\"breadcrumb\":{\"@id\":\"https:\/\/bunkerseguridad.es\/fr\/produit\/lpr-s-lic-reconnaissance-des-plaques-dimmatriculation-vehicules-ou-roulant-jusqua-30-kmh\/#breadcrumb\"},\"inLanguage\":\"fr-FR\",\"potentialAction\":[{\"@type\":\"ReadAction\",\"target\":[\"https:\/\/bunkerseguridad.es\/fr\/produit\/lpr-s-lic-reconnaissance-des-plaques-dimmatriculation-vehicules-ou-roulant-jusqua-30-kmh\/\"]}]},{\"@type\":\"ImageObject\",\"inLanguage\":\"fr-FR\",\"@id\":\"https:\/\/bunkerseguridad.es\/fr\/produit\/lpr-s-lic-reconnaissance-des-plaques-dimmatriculation-vehicules-ou-roulant-jusqua-30-kmh\/#primaryimage\",\"url\":\"https:\/\/bunkerseguridad.es\/fr\/wp-content\/uploads\/2020\/11\/Productos-Licences-Analysis-video.jpg\",\"contentUrl\":\"https:\/\/bunkerseguridad.es\/fr\/wp-content\/uploads\/2020\/11\/Productos-Licences-Analysis-video.jpg\",\"width\":1200,\"height\":1200,\"caption\":\"Productos-Licences-Analyse-vid\u00e9o\"},{\"@type\":\"BreadcrumbList\",\"@id\":\"https:\/\/bunkerseguridad.es\/fr\/produit\/lpr-s-lic-reconnaissance-des-plaques-dimmatriculation-vehicules-ou-roulant-jusqua-30-kmh\/#breadcrumb\",\"itemListElement\":[{\"@type\":\"ListItem\",\"position\":1,\"name\":\"Home\",\"item\":\"https:\/\/bunkerseguridad.es\/fr\/\"},{\"@type\":\"ListItem\",\"position\":2,\"name\":\"Shop\",\"item\":\"https:\/\/bunkerseguridad.es\/fr\/shop\/\"},{\"@type\":\"ListItem\",\"position\":3,\"name\":\"LPR-S-LIC Reconnaissance des plaques d&rsquo;immatriculation pour les v\u00e9hicules arr\u00eat\u00e9s ou roulant jusqu&rsquo;\u00e0 30 km\/h\"}]},{\"@type\":\"WebSite\",\"@id\":\"https:\/\/bunkerseguridad.es\/fr\/#website\",\"url\":\"https:\/\/bunkerseguridad.es\/fr\/\",\"name\":\"Bunker Seguridad\",\"description\":\"Otro sitio realizado con WordPress\",\"potentialAction\":[{\"@type\":\"SearchAction\",\"target\":{\"@type\":\"EntryPoint\",\"urlTemplate\":\"https:\/\/bunkerseguridad.es\/fr\/?s={search_term_string}\"},\"query-input\":{\"@type\":\"PropertyValueSpecification\",\"valueRequired\":true,\"valueName\":\"search_term_string\"}}],\"inLanguage\":\"fr-FR\"}]}<\/script>\n<!-- \/ Yoast SEO plugin. -->","yoast_head_json":{"title":"LPR-S-LIC Reconnaissance des plaques d'immatriculation pour les v\u00e9hicules arr\u00eat\u00e9s ou roulant jusqu'\u00e0 30 km\/h - Bunker Seguridad","description":"Permis qui offre un canal pour la reconnaissance des plaques d'immatriculation des v\u00e9hicules arr\u00eat\u00e9s ou en mouvement \u00e0 30km\/h.","robots":{"index":"noindex","follow":"follow","max-snippet":"max-snippet:-1","max-image-preview":"max-image-preview:large","max-video-preview":"max-video-preview:-1"},"og_locale":"fr_FR","og_type":"article","og_title":"LPR-S-LIC Reconnaissance des plaques d'immatriculation pour les v\u00e9hicules arr\u00eat\u00e9s ou roulant jusqu'\u00e0 30 km\/h - Bunker Seguridad","og_description":"Permis qui offre un canal pour la reconnaissance des plaques d'immatriculation des v\u00e9hicules arr\u00eat\u00e9s ou en mouvement \u00e0 30km\/h.","og_url":"https:\/\/bunkerseguridad.es\/fr\/produit\/lpr-s-lic-reconnaissance-des-plaques-dimmatriculation-vehicules-ou-roulant-jusqua-30-kmh\/","og_site_name":"Bunker Seguridad","article_modified_time":"2021-02-17T11:07:41+00:00","og_image":[{"width":1200,"height":1200,"url":"https:\/\/bunkerseguridad.es\/fr\/wp-content\/uploads\/2020\/11\/Productos-Licences-Analysis-video.jpg","type":"image\/jpeg"}],"twitter_card":"summary_large_image","twitter_misc":{"Dur\u00e9e de lecture estim\u00e9e":"1 minute"},"schema":{"@context":"https:\/\/schema.org","@graph":[{"@type":"WebPage","@id":"https:\/\/bunkerseguridad.es\/fr\/produit\/lpr-s-lic-reconnaissance-des-plaques-dimmatriculation-vehicules-ou-roulant-jusqua-30-kmh\/","url":"https:\/\/bunkerseguridad.es\/fr\/produit\/lpr-s-lic-reconnaissance-des-plaques-dimmatriculation-vehicules-ou-roulant-jusqua-30-kmh\/","name":"LPR-S-LIC Reconnaissance des plaques d'immatriculation pour les v\u00e9hicules arr\u00eat\u00e9s ou roulant jusqu'\u00e0 30 km\/h - Bunker Seguridad","isPartOf":{"@id":"https:\/\/bunkerseguridad.es\/fr\/#website"},"primaryImageOfPage":{"@id":"https:\/\/bunkerseguridad.es\/fr\/produit\/lpr-s-lic-reconnaissance-des-plaques-dimmatriculation-vehicules-ou-roulant-jusqua-30-kmh\/#primaryimage"},"image":{"@id":"https:\/\/bunkerseguridad.es\/fr\/produit\/lpr-s-lic-reconnaissance-des-plaques-dimmatriculation-vehicules-ou-roulant-jusqua-30-kmh\/#primaryimage"},"thumbnailUrl":"https:\/\/bunkerseguridad.es\/fr\/wp-content\/uploads\/2020\/11\/Productos-Licences-Analysis-video.jpg","datePublished":"2020-11-04T08:13:20+00:00","dateModified":"2021-02-17T11:07:41+00:00","description":"Permis qui offre un canal pour la reconnaissance des plaques d'immatriculation des v\u00e9hicules arr\u00eat\u00e9s ou en mouvement \u00e0 30km\/h.","breadcrumb":{"@id":"https:\/\/bunkerseguridad.es\/fr\/produit\/lpr-s-lic-reconnaissance-des-plaques-dimmatriculation-vehicules-ou-roulant-jusqua-30-kmh\/#breadcrumb"},"inLanguage":"fr-FR","potentialAction":[{"@type":"ReadAction","target":["https:\/\/bunkerseguridad.es\/fr\/produit\/lpr-s-lic-reconnaissance-des-plaques-dimmatriculation-vehicules-ou-roulant-jusqua-30-kmh\/"]}]},{"@type":"ImageObject","inLanguage":"fr-FR","@id":"https:\/\/bunkerseguridad.es\/fr\/produit\/lpr-s-lic-reconnaissance-des-plaques-dimmatriculation-vehicules-ou-roulant-jusqua-30-kmh\/#primaryimage","url":"https:\/\/bunkerseguridad.es\/fr\/wp-content\/uploads\/2020\/11\/Productos-Licences-Analysis-video.jpg","contentUrl":"https:\/\/bunkerseguridad.es\/fr\/wp-content\/uploads\/2020\/11\/Productos-Licences-Analysis-video.jpg","width":1200,"height":1200,"caption":"Productos-Licences-Analyse-vid\u00e9o"},{"@type":"BreadcrumbList","@id":"https:\/\/bunkerseguridad.es\/fr\/produit\/lpr-s-lic-reconnaissance-des-plaques-dimmatriculation-vehicules-ou-roulant-jusqua-30-kmh\/#breadcrumb","itemListElement":[{"@type":"ListItem","position":1,"name":"Home","item":"https:\/\/bunkerseguridad.es\/fr\/"},{"@type":"ListItem","position":2,"name":"Shop","item":"https:\/\/bunkerseguridad.es\/fr\/shop\/"},{"@type":"ListItem","position":3,"name":"LPR-S-LIC Reconnaissance des plaques d&rsquo;immatriculation pour les v\u00e9hicules arr\u00eat\u00e9s ou roulant jusqu&rsquo;\u00e0 30 km\/h"}]},{"@type":"WebSite","@id":"https:\/\/bunkerseguridad.es\/fr\/#website","url":"https:\/\/bunkerseguridad.es\/fr\/","name":"Bunker Seguridad","description":"Otro sitio realizado con WordPress","potentialAction":[{"@type":"SearchAction","target":{"@type":"EntryPoint","urlTemplate":"https:\/\/bunkerseguridad.es\/fr\/?s={search_term_string}"},"query-input":{"@type":"PropertyValueSpecification","valueRequired":true,"valueName":"search_term_string"}}],"inLanguage":"fr-FR"}]}},"brands":[{"id":205,"name":"Tempos Analytics","slug":"tempos-analytics"}],"_links":{"self":[{"href":"https:\/\/bunkerseguridad.es\/fr\/wp-json\/wp\/v2\/product\/3700","targetHints":{"allow":["GET"]}}],"collection":[{"href":"https:\/\/bunkerseguridad.es\/fr\/wp-json\/wp\/v2\/product"}],"about":[{"href":"https:\/\/bunkerseguridad.es\/fr\/wp-json\/wp\/v2\/types\/product"}],"wp:featuredmedia":[{"embeddable":true,"href":"https:\/\/bunkerseguridad.es\/fr\/wp-json\/wp\/v2\/media\/4577"}],"wp:attachment":[{"href":"https:\/\/bunkerseguridad.es\/fr\/wp-json\/wp\/v2\/media?parent=3700"}],"wp:term":[{"taxonomy":"pwb-brand","embeddable":true,"href":"https:\/\/bunkerseguridad.es\/fr\/wp-json\/wp\/v2\/pwb-brand?post=3700"},{"taxonomy":"product_brand","embeddable":true,"href":"https:\/\/bunkerseguridad.es\/fr\/wp-json\/wp\/v2\/product_brand?post=3700"},{"taxonomy":"product_cat","embeddable":true,"href":"https:\/\/bunkerseguridad.es\/fr\/wp-json\/wp\/v2\/product_cat?post=3700"},{"taxonomy":"product_tag","embeddable":true,"href":"https:\/\/bunkerseguridad.es\/fr\/wp-json\/wp\/v2\/product_tag?post=3700"}],"curies":[{"name":"wp","href":"https:\/\/api.w.org\/{rel}","templated":true}]}}