{"id":3702,"date":"2020-11-04T08:27:34","date_gmt":"2020-11-04T08:27:34","guid":{"rendered":"http:\/\/www.bunkerseguridad.es\/en\/?post_type=product&#038;p=3702"},"modified":"2021-02-17T11:02:58","modified_gmt":"2021-02-17T11:02:58","slug":"lpr-m-lic-licence-dextension-pour-lpr-des-vehicules-jusqua-80-km-h","status":"publish","type":"product","link":"https:\/\/bunkerseguridad.es\/fr\/produit\/lpr-m-lic-licence-dextension-pour-lpr-des-vehicules-jusqua-80-km-h\/","title":{"rendered":"LPR-M-LIC Licence d&rsquo;extension pour LPR des v\u00e9hicules jusqu&rsquo;\u00e0 80 km \/ h"},"content":{"rendered":"<p><strong>Permis qui offre une voie suppl\u00e9mentaire pour la reconnaissance des plaques d&rsquo;immatriculation des v\u00e9hicules en mouvement dont la vitesse peut atteindre 80 km\/h. Compatible avec la s\u00e9rie LPR.<\/strong><\/p>\n<p>Le format vid\u00e9o est 720p (HD).<\/p>\n<p>L&rsquo;appareil physique n&rsquo;est pas inclus.<\/p>\n","protected":false},"excerpt":{"rendered":"<p>Permis qui offre une voie suppl\u00e9mentaire pour la reconnaissance des plaques d&rsquo;immatriculation des v\u00e9hicules en circulation \u00e0 une vitesse pouvant atteindre 80 km\/h. Compatible avec la s\u00e9rie LPR.<\/p>\n","protected":false},"featured_media":4577,"template":"","meta":{"_et_pb_use_builder":"","_et_pb_old_content":"","_et_gb_content_width":""},"pwb-brand":[205],"product_brand":[],"product_cat":[230,28],"product_tag":[127,128,112],"class_list":{"0":"post-3702","1":"product","2":"type-product","3":"status-publish","4":"has-post-thumbnail","6":"pwb-brand-tempos-analytics","7":"product_cat-extension-des-licences","8":"product_cat-extension-licences-et-modules","9":"product_tag-jusqua-80km-h","10":"product_tag-lpr-extension-licence","11":"product_tag-resolution-hd","13":"first","14":"instock","15":"shipping-taxable","16":"product-type-simple"},"yoast_head":"<!-- This site is optimized with the Yoast SEO plugin v27.4 - https:\/\/yoast.com\/product\/yoast-seo-wordpress\/ -->\n<title>LPR-M-LIC Licence d&#039;extension pour LPR des v\u00e9hicules jusqu&#039;\u00e0 80 km \/ h - Bunker Seguridad<\/title>\n<meta name=\"description\" content=\"Licence that provides an additional channel for recognition of number plates of vehicles in motion with a speed of up to 80km\/h\" \/>\n<meta name=\"robots\" content=\"noindex, follow, max-snippet:-1, max-image-preview:large, max-video-preview:-1\" \/>\n<meta property=\"og:locale\" content=\"fr_FR\" \/>\n<meta property=\"og:type\" content=\"article\" \/>\n<meta property=\"og:title\" content=\"LPR-M-LIC Licence d&#039;extension pour LPR des v\u00e9hicules jusqu&#039;\u00e0 80 km \/ h - Bunker Seguridad\" \/>\n<meta property=\"og:description\" content=\"Licence that provides an additional channel for recognition of number plates of vehicles in motion with a speed of up to 80km\/h\" \/>\n<meta property=\"og:url\" content=\"https:\/\/bunkerseguridad.es\/fr\/produit\/lpr-m-lic-licence-dextension-pour-lpr-des-vehicules-jusqua-80-km-h\/\" \/>\n<meta property=\"og:site_name\" content=\"Bunker Seguridad\" \/>\n<meta property=\"article:modified_time\" content=\"2021-02-17T11:02:58+00:00\" \/>\n<meta property=\"og:image\" content=\"https:\/\/bunkerseguridad.es\/fr\/wp-content\/uploads\/2020\/11\/Productos-Licences-Analysis-video.jpg\" \/>\n\t<meta property=\"og:image:width\" content=\"1200\" \/>\n\t<meta property=\"og:image:height\" content=\"1200\" \/>\n\t<meta property=\"og:image:type\" content=\"image\/jpeg\" \/>\n<meta name=\"twitter:card\" content=\"summary_large_image\" \/>\n<meta name=\"twitter:label1\" content=\"Dur\u00e9e de lecture estim\u00e9e\" \/>\n\t<meta name=\"twitter:data1\" content=\"1 minute\" \/>\n<script type=\"application\/ld+json\" class=\"yoast-schema-graph\">{\"@context\":\"https:\\\/\\\/schema.org\",\"@graph\":[{\"@type\":\"WebPage\",\"@id\":\"https:\\\/\\\/bunkerseguridad.es\\\/fr\\\/produit\\\/lpr-m-lic-licence-dextension-pour-lpr-des-vehicules-jusqua-80-km-h\\\/\",\"url\":\"https:\\\/\\\/bunkerseguridad.es\\\/fr\\\/produit\\\/lpr-m-lic-licence-dextension-pour-lpr-des-vehicules-jusqua-80-km-h\\\/\",\"name\":\"LPR-M-LIC Licence d'extension pour LPR des v\u00e9hicules jusqu'\u00e0 80 km \\\/ h - Bunker Seguridad\",\"isPartOf\":{\"@id\":\"https:\\\/\\\/bunkerseguridad.es\\\/fr\\\/#website\"},\"primaryImageOfPage\":{\"@id\":\"https:\\\/\\\/bunkerseguridad.es\\\/fr\\\/produit\\\/lpr-m-lic-licence-dextension-pour-lpr-des-vehicules-jusqua-80-km-h\\\/#primaryimage\"},\"image\":{\"@id\":\"https:\\\/\\\/bunkerseguridad.es\\\/fr\\\/produit\\\/lpr-m-lic-licence-dextension-pour-lpr-des-vehicules-jusqua-80-km-h\\\/#primaryimage\"},\"thumbnailUrl\":\"https:\\\/\\\/bunkerseguridad.es\\\/fr\\\/wp-content\\\/uploads\\\/2020\\\/11\\\/Productos-Licences-Analysis-video.jpg\",\"datePublished\":\"2020-11-04T08:27:34+00:00\",\"dateModified\":\"2021-02-17T11:02:58+00:00\",\"description\":\"Licence that provides an additional channel for recognition of number plates of vehicles in motion with a speed of up to 80km\\\/h\",\"breadcrumb\":{\"@id\":\"https:\\\/\\\/bunkerseguridad.es\\\/fr\\\/produit\\\/lpr-m-lic-licence-dextension-pour-lpr-des-vehicules-jusqua-80-km-h\\\/#breadcrumb\"},\"inLanguage\":\"fr-FR\",\"potentialAction\":[{\"@type\":\"ReadAction\",\"target\":[\"https:\\\/\\\/bunkerseguridad.es\\\/fr\\\/produit\\\/lpr-m-lic-licence-dextension-pour-lpr-des-vehicules-jusqua-80-km-h\\\/\"]}]},{\"@type\":\"ImageObject\",\"inLanguage\":\"fr-FR\",\"@id\":\"https:\\\/\\\/bunkerseguridad.es\\\/fr\\\/produit\\\/lpr-m-lic-licence-dextension-pour-lpr-des-vehicules-jusqua-80-km-h\\\/#primaryimage\",\"url\":\"https:\\\/\\\/bunkerseguridad.es\\\/fr\\\/wp-content\\\/uploads\\\/2020\\\/11\\\/Productos-Licences-Analysis-video.jpg\",\"contentUrl\":\"https:\\\/\\\/bunkerseguridad.es\\\/fr\\\/wp-content\\\/uploads\\\/2020\\\/11\\\/Productos-Licences-Analysis-video.jpg\",\"width\":1200,\"height\":1200,\"caption\":\"Productos-Licences-Analyse-vid\u00e9o\"},{\"@type\":\"BreadcrumbList\",\"@id\":\"https:\\\/\\\/bunkerseguridad.es\\\/fr\\\/produit\\\/lpr-m-lic-licence-dextension-pour-lpr-des-vehicules-jusqua-80-km-h\\\/#breadcrumb\",\"itemListElement\":[{\"@type\":\"ListItem\",\"position\":1,\"name\":\"Home\",\"item\":\"https:\\\/\\\/bunkerseguridad.es\\\/fr\\\/\"},{\"@type\":\"ListItem\",\"position\":2,\"name\":\"Shop\",\"item\":\"https:\\\/\\\/bunkerseguridad.es\\\/fr\\\/shop\\\/\"},{\"@type\":\"ListItem\",\"position\":3,\"name\":\"LPR-M-LIC Licence d&rsquo;extension pour LPR des v\u00e9hicules jusqu&rsquo;\u00e0 80 km \\\/ h\"}]},{\"@type\":\"WebSite\",\"@id\":\"https:\\\/\\\/bunkerseguridad.es\\\/fr\\\/#website\",\"url\":\"https:\\\/\\\/bunkerseguridad.es\\\/fr\\\/\",\"name\":\"Bunker Seguridad\",\"description\":\"Otro sitio realizado con WordPress\",\"potentialAction\":[{\"@type\":\"SearchAction\",\"target\":{\"@type\":\"EntryPoint\",\"urlTemplate\":\"https:\\\/\\\/bunkerseguridad.es\\\/fr\\\/?s={search_term_string}\"},\"query-input\":{\"@type\":\"PropertyValueSpecification\",\"valueRequired\":true,\"valueName\":\"search_term_string\"}}],\"inLanguage\":\"fr-FR\"}]}<\/script>\n<!-- \/ Yoast SEO plugin. -->","yoast_head_json":{"title":"LPR-M-LIC Licence d'extension pour LPR des v\u00e9hicules jusqu'\u00e0 80 km \/ h - Bunker Seguridad","description":"Licence that provides an additional channel for recognition of number plates of vehicles in motion with a speed of up to 80km\/h","robots":{"index":"noindex","follow":"follow","max-snippet":"max-snippet:-1","max-image-preview":"max-image-preview:large","max-video-preview":"max-video-preview:-1"},"og_locale":"fr_FR","og_type":"article","og_title":"LPR-M-LIC Licence d'extension pour LPR des v\u00e9hicules jusqu'\u00e0 80 km \/ h - Bunker Seguridad","og_description":"Licence that provides an additional channel for recognition of number plates of vehicles in motion with a speed of up to 80km\/h","og_url":"https:\/\/bunkerseguridad.es\/fr\/produit\/lpr-m-lic-licence-dextension-pour-lpr-des-vehicules-jusqua-80-km-h\/","og_site_name":"Bunker Seguridad","article_modified_time":"2021-02-17T11:02:58+00:00","og_image":[{"width":1200,"height":1200,"url":"https:\/\/bunkerseguridad.es\/fr\/wp-content\/uploads\/2020\/11\/Productos-Licences-Analysis-video.jpg","type":"image\/jpeg"}],"twitter_card":"summary_large_image","twitter_misc":{"Dur\u00e9e de lecture estim\u00e9e":"1 minute"},"schema":{"@context":"https:\/\/schema.org","@graph":[{"@type":"WebPage","@id":"https:\/\/bunkerseguridad.es\/fr\/produit\/lpr-m-lic-licence-dextension-pour-lpr-des-vehicules-jusqua-80-km-h\/","url":"https:\/\/bunkerseguridad.es\/fr\/produit\/lpr-m-lic-licence-dextension-pour-lpr-des-vehicules-jusqua-80-km-h\/","name":"LPR-M-LIC Licence d'extension pour LPR des v\u00e9hicules jusqu'\u00e0 80 km \/ h - Bunker Seguridad","isPartOf":{"@id":"https:\/\/bunkerseguridad.es\/fr\/#website"},"primaryImageOfPage":{"@id":"https:\/\/bunkerseguridad.es\/fr\/produit\/lpr-m-lic-licence-dextension-pour-lpr-des-vehicules-jusqua-80-km-h\/#primaryimage"},"image":{"@id":"https:\/\/bunkerseguridad.es\/fr\/produit\/lpr-m-lic-licence-dextension-pour-lpr-des-vehicules-jusqua-80-km-h\/#primaryimage"},"thumbnailUrl":"https:\/\/bunkerseguridad.es\/fr\/wp-content\/uploads\/2020\/11\/Productos-Licences-Analysis-video.jpg","datePublished":"2020-11-04T08:27:34+00:00","dateModified":"2021-02-17T11:02:58+00:00","description":"Licence that provides an additional channel for recognition of number plates of vehicles in motion with a speed of up to 80km\/h","breadcrumb":{"@id":"https:\/\/bunkerseguridad.es\/fr\/produit\/lpr-m-lic-licence-dextension-pour-lpr-des-vehicules-jusqua-80-km-h\/#breadcrumb"},"inLanguage":"fr-FR","potentialAction":[{"@type":"ReadAction","target":["https:\/\/bunkerseguridad.es\/fr\/produit\/lpr-m-lic-licence-dextension-pour-lpr-des-vehicules-jusqua-80-km-h\/"]}]},{"@type":"ImageObject","inLanguage":"fr-FR","@id":"https:\/\/bunkerseguridad.es\/fr\/produit\/lpr-m-lic-licence-dextension-pour-lpr-des-vehicules-jusqua-80-km-h\/#primaryimage","url":"https:\/\/bunkerseguridad.es\/fr\/wp-content\/uploads\/2020\/11\/Productos-Licences-Analysis-video.jpg","contentUrl":"https:\/\/bunkerseguridad.es\/fr\/wp-content\/uploads\/2020\/11\/Productos-Licences-Analysis-video.jpg","width":1200,"height":1200,"caption":"Productos-Licences-Analyse-vid\u00e9o"},{"@type":"BreadcrumbList","@id":"https:\/\/bunkerseguridad.es\/fr\/produit\/lpr-m-lic-licence-dextension-pour-lpr-des-vehicules-jusqua-80-km-h\/#breadcrumb","itemListElement":[{"@type":"ListItem","position":1,"name":"Home","item":"https:\/\/bunkerseguridad.es\/fr\/"},{"@type":"ListItem","position":2,"name":"Shop","item":"https:\/\/bunkerseguridad.es\/fr\/shop\/"},{"@type":"ListItem","position":3,"name":"LPR-M-LIC Licence d&rsquo;extension pour LPR des v\u00e9hicules jusqu&rsquo;\u00e0 80 km \/ h"}]},{"@type":"WebSite","@id":"https:\/\/bunkerseguridad.es\/fr\/#website","url":"https:\/\/bunkerseguridad.es\/fr\/","name":"Bunker Seguridad","description":"Otro sitio realizado con WordPress","potentialAction":[{"@type":"SearchAction","target":{"@type":"EntryPoint","urlTemplate":"https:\/\/bunkerseguridad.es\/fr\/?s={search_term_string}"},"query-input":{"@type":"PropertyValueSpecification","valueRequired":true,"valueName":"search_term_string"}}],"inLanguage":"fr-FR"}]}},"brands":[{"id":205,"name":"Tempos Analytics","slug":"tempos-analytics"}],"_links":{"self":[{"href":"https:\/\/bunkerseguridad.es\/fr\/wp-json\/wp\/v2\/product\/3702","targetHints":{"allow":["GET"]}}],"collection":[{"href":"https:\/\/bunkerseguridad.es\/fr\/wp-json\/wp\/v2\/product"}],"about":[{"href":"https:\/\/bunkerseguridad.es\/fr\/wp-json\/wp\/v2\/types\/product"}],"wp:featuredmedia":[{"embeddable":true,"href":"https:\/\/bunkerseguridad.es\/fr\/wp-json\/wp\/v2\/media\/4577"}],"wp:attachment":[{"href":"https:\/\/bunkerseguridad.es\/fr\/wp-json\/wp\/v2\/media?parent=3702"}],"wp:term":[{"taxonomy":"pwb-brand","embeddable":true,"href":"https:\/\/bunkerseguridad.es\/fr\/wp-json\/wp\/v2\/pwb-brand?post=3702"},{"taxonomy":"product_brand","embeddable":true,"href":"https:\/\/bunkerseguridad.es\/fr\/wp-json\/wp\/v2\/product_brand?post=3702"},{"taxonomy":"product_cat","embeddable":true,"href":"https:\/\/bunkerseguridad.es\/fr\/wp-json\/wp\/v2\/product_cat?post=3702"},{"taxonomy":"product_tag","embeddable":true,"href":"https:\/\/bunkerseguridad.es\/fr\/wp-json\/wp\/v2\/product_tag?post=3702"}],"curies":[{"name":"wp","href":"https:\/\/api.w.org\/{rel}","templated":true}]}}