{"id":3734,"date":"2020-11-04T08:59:00","date_gmt":"2020-11-04T08:59:00","guid":{"rendered":"http:\/\/www.bunkerseguridad.es\/en\/?post_type=product&#038;p=3734"},"modified":"2021-02-17T10:59:54","modified_gmt":"2021-02-17T10:59:54","slug":"lpr-data-lic-licence-dextension-pour-la-generation-de-statistiques","status":"publish","type":"product","link":"https:\/\/bunkerseguridad.es\/fr\/produit\/lpr-data-lic-licence-dextension-pour-la-generation-de-statistiques\/","title":{"rendered":"LPR-DATA-LIC Licence d&rsquo;extension pour la g\u00e9n\u00e9ration de statistiques"},"content":{"rendered":"<p>Licence d&rsquo;extension pour la g\u00e9n\u00e9ration de statistiques pour permettre une analyse compl\u00e8te des donn\u00e9es.<\/p>\n<ul>\n<li>Entr\u00e9es et sorties horaires \/ hebdomadaires \/ mensuels.<\/li>\n<li>Comparaison de 2 cam\u00e9ras ou plus.<\/li>\n<li>La somme de 2 cam\u00e9ras ou plus.<\/li>\n<\/ul>\n<p><strong>Compatible s\u00e9rie LPR.<\/strong><\/p>\n<p>Le p\u00e9riph\u00e9rique physique n&rsquo;est pas inclus.<\/p>\n","protected":false},"excerpt":{"rendered":"<p><strong>Licence d&rsquo;extension pour la g\u00e9n\u00e9ration de statistiques pour permettre une analyse compl\u00e8te des donn\u00e9es.<\/strong><\/p>\n","protected":false},"featured_media":4577,"template":"","meta":{"_et_pb_use_builder":"","_et_pb_old_content":"","_et_gb_content_width":""},"pwb-brand":[205],"product_brand":[],"product_cat":[28,230],"product_tag":[134,128],"class_list":{"0":"post-3734","1":"product","2":"type-product","3":"status-publish","4":"has-post-thumbnail","6":"pwb-brand-tempos-analytics","7":"product_cat-extension-licences-et-modules","8":"product_cat-extension-des-licences","9":"product_tag-generation-de-statistiques","10":"product_tag-lpr-extension-licence","12":"first","13":"instock","14":"shipping-taxable","15":"product-type-simple"},"yoast_head":"<!-- This site is optimized with the Yoast SEO plugin v25.2 - https:\/\/yoast.com\/wordpress\/plugins\/seo\/ -->\n<title>LPR-DATA-LIC Licence d&#039;extension pour la g\u00e9n\u00e9ration de statistiques - Bunker Seguridad<\/title>\n<meta name=\"description\" content=\"Licence d&#039;extension pour la g\u00e9n\u00e9ration de statistiques pour permettre une analyse compl\u00e8te des donn\u00e9es. Compatible s\u00e9rie LPR.\" \/>\n<meta name=\"robots\" content=\"noindex, follow, max-snippet:-1, max-image-preview:large, max-video-preview:-1\" \/>\n<meta property=\"og:locale\" content=\"fr_FR\" \/>\n<meta property=\"og:type\" content=\"article\" \/>\n<meta property=\"og:title\" content=\"LPR-DATA-LIC Licence d&#039;extension pour la g\u00e9n\u00e9ration de statistiques - Bunker Seguridad\" \/>\n<meta property=\"og:description\" content=\"Licence d&#039;extension pour la g\u00e9n\u00e9ration de statistiques pour permettre une analyse compl\u00e8te des donn\u00e9es. Compatible s\u00e9rie LPR.\" \/>\n<meta property=\"og:url\" content=\"https:\/\/bunkerseguridad.es\/fr\/produit\/lpr-data-lic-licence-dextension-pour-la-generation-de-statistiques\/\" \/>\n<meta property=\"og:site_name\" content=\"Bunker Seguridad\" \/>\n<meta property=\"article:modified_time\" content=\"2021-02-17T10:59:54+00:00\" \/>\n<meta property=\"og:image\" content=\"https:\/\/bunkerseguridad.es\/fr\/wp-content\/uploads\/2020\/11\/Productos-Licences-Analysis-video.jpg\" \/>\n\t<meta property=\"og:image:width\" content=\"1200\" \/>\n\t<meta property=\"og:image:height\" content=\"1200\" \/>\n\t<meta property=\"og:image:type\" content=\"image\/jpeg\" \/>\n<meta name=\"twitter:card\" content=\"summary_large_image\" \/>\n<meta name=\"twitter:label1\" content=\"Dur\u00e9e de lecture estim\u00e9e\" \/>\n\t<meta name=\"twitter:data1\" content=\"1 minute\" \/>\n<script type=\"application\/ld+json\" class=\"yoast-schema-graph\">{\"@context\":\"https:\/\/schema.org\",\"@graph\":[{\"@type\":\"WebPage\",\"@id\":\"https:\/\/bunkerseguridad.es\/fr\/produit\/lpr-data-lic-licence-dextension-pour-la-generation-de-statistiques\/\",\"url\":\"https:\/\/bunkerseguridad.es\/fr\/produit\/lpr-data-lic-licence-dextension-pour-la-generation-de-statistiques\/\",\"name\":\"LPR-DATA-LIC Licence d'extension pour la g\u00e9n\u00e9ration de statistiques - Bunker Seguridad\",\"isPartOf\":{\"@id\":\"https:\/\/bunkerseguridad.es\/fr\/#website\"},\"primaryImageOfPage\":{\"@id\":\"https:\/\/bunkerseguridad.es\/fr\/produit\/lpr-data-lic-licence-dextension-pour-la-generation-de-statistiques\/#primaryimage\"},\"image\":{\"@id\":\"https:\/\/bunkerseguridad.es\/fr\/produit\/lpr-data-lic-licence-dextension-pour-la-generation-de-statistiques\/#primaryimage\"},\"thumbnailUrl\":\"https:\/\/bunkerseguridad.es\/fr\/wp-content\/uploads\/2020\/11\/Productos-Licences-Analysis-video.jpg\",\"datePublished\":\"2020-11-04T08:59:00+00:00\",\"dateModified\":\"2021-02-17T10:59:54+00:00\",\"description\":\"Licence d'extension pour la g\u00e9n\u00e9ration de statistiques pour permettre une analyse compl\u00e8te des donn\u00e9es. Compatible s\u00e9rie LPR.\",\"breadcrumb\":{\"@id\":\"https:\/\/bunkerseguridad.es\/fr\/produit\/lpr-data-lic-licence-dextension-pour-la-generation-de-statistiques\/#breadcrumb\"},\"inLanguage\":\"fr-FR\",\"potentialAction\":[{\"@type\":\"ReadAction\",\"target\":[\"https:\/\/bunkerseguridad.es\/fr\/produit\/lpr-data-lic-licence-dextension-pour-la-generation-de-statistiques\/\"]}]},{\"@type\":\"ImageObject\",\"inLanguage\":\"fr-FR\",\"@id\":\"https:\/\/bunkerseguridad.es\/fr\/produit\/lpr-data-lic-licence-dextension-pour-la-generation-de-statistiques\/#primaryimage\",\"url\":\"https:\/\/bunkerseguridad.es\/fr\/wp-content\/uploads\/2020\/11\/Productos-Licences-Analysis-video.jpg\",\"contentUrl\":\"https:\/\/bunkerseguridad.es\/fr\/wp-content\/uploads\/2020\/11\/Productos-Licences-Analysis-video.jpg\",\"width\":1200,\"height\":1200,\"caption\":\"Productos-Licences-Analyse-vid\u00e9o\"},{\"@type\":\"BreadcrumbList\",\"@id\":\"https:\/\/bunkerseguridad.es\/fr\/produit\/lpr-data-lic-licence-dextension-pour-la-generation-de-statistiques\/#breadcrumb\",\"itemListElement\":[{\"@type\":\"ListItem\",\"position\":1,\"name\":\"Home\",\"item\":\"https:\/\/bunkerseguridad.es\/fr\/\"},{\"@type\":\"ListItem\",\"position\":2,\"name\":\"Shop\",\"item\":\"https:\/\/bunkerseguridad.es\/fr\/shop\/\"},{\"@type\":\"ListItem\",\"position\":3,\"name\":\"LPR-DATA-LIC Licence d&rsquo;extension pour la g\u00e9n\u00e9ration de statistiques\"}]},{\"@type\":\"WebSite\",\"@id\":\"https:\/\/bunkerseguridad.es\/fr\/#website\",\"url\":\"https:\/\/bunkerseguridad.es\/fr\/\",\"name\":\"Bunker Seguridad\",\"description\":\"Otro sitio realizado con WordPress\",\"potentialAction\":[{\"@type\":\"SearchAction\",\"target\":{\"@type\":\"EntryPoint\",\"urlTemplate\":\"https:\/\/bunkerseguridad.es\/fr\/?s={search_term_string}\"},\"query-input\":{\"@type\":\"PropertyValueSpecification\",\"valueRequired\":true,\"valueName\":\"search_term_string\"}}],\"inLanguage\":\"fr-FR\"}]}<\/script>\n<!-- \/ Yoast SEO plugin. -->","yoast_head_json":{"title":"LPR-DATA-LIC Licence d'extension pour la g\u00e9n\u00e9ration de statistiques - Bunker Seguridad","description":"Licence d'extension pour la g\u00e9n\u00e9ration de statistiques pour permettre une analyse compl\u00e8te des donn\u00e9es. Compatible s\u00e9rie LPR.","robots":{"index":"noindex","follow":"follow","max-snippet":"max-snippet:-1","max-image-preview":"max-image-preview:large","max-video-preview":"max-video-preview:-1"},"og_locale":"fr_FR","og_type":"article","og_title":"LPR-DATA-LIC Licence d'extension pour la g\u00e9n\u00e9ration de statistiques - Bunker Seguridad","og_description":"Licence d'extension pour la g\u00e9n\u00e9ration de statistiques pour permettre une analyse compl\u00e8te des donn\u00e9es. Compatible s\u00e9rie LPR.","og_url":"https:\/\/bunkerseguridad.es\/fr\/produit\/lpr-data-lic-licence-dextension-pour-la-generation-de-statistiques\/","og_site_name":"Bunker Seguridad","article_modified_time":"2021-02-17T10:59:54+00:00","og_image":[{"width":1200,"height":1200,"url":"https:\/\/bunkerseguridad.es\/fr\/wp-content\/uploads\/2020\/11\/Productos-Licences-Analysis-video.jpg","type":"image\/jpeg"}],"twitter_card":"summary_large_image","twitter_misc":{"Dur\u00e9e de lecture estim\u00e9e":"1 minute"},"schema":{"@context":"https:\/\/schema.org","@graph":[{"@type":"WebPage","@id":"https:\/\/bunkerseguridad.es\/fr\/produit\/lpr-data-lic-licence-dextension-pour-la-generation-de-statistiques\/","url":"https:\/\/bunkerseguridad.es\/fr\/produit\/lpr-data-lic-licence-dextension-pour-la-generation-de-statistiques\/","name":"LPR-DATA-LIC Licence d'extension pour la g\u00e9n\u00e9ration de statistiques - Bunker Seguridad","isPartOf":{"@id":"https:\/\/bunkerseguridad.es\/fr\/#website"},"primaryImageOfPage":{"@id":"https:\/\/bunkerseguridad.es\/fr\/produit\/lpr-data-lic-licence-dextension-pour-la-generation-de-statistiques\/#primaryimage"},"image":{"@id":"https:\/\/bunkerseguridad.es\/fr\/produit\/lpr-data-lic-licence-dextension-pour-la-generation-de-statistiques\/#primaryimage"},"thumbnailUrl":"https:\/\/bunkerseguridad.es\/fr\/wp-content\/uploads\/2020\/11\/Productos-Licences-Analysis-video.jpg","datePublished":"2020-11-04T08:59:00+00:00","dateModified":"2021-02-17T10:59:54+00:00","description":"Licence d'extension pour la g\u00e9n\u00e9ration de statistiques pour permettre une analyse compl\u00e8te des donn\u00e9es. Compatible s\u00e9rie LPR.","breadcrumb":{"@id":"https:\/\/bunkerseguridad.es\/fr\/produit\/lpr-data-lic-licence-dextension-pour-la-generation-de-statistiques\/#breadcrumb"},"inLanguage":"fr-FR","potentialAction":[{"@type":"ReadAction","target":["https:\/\/bunkerseguridad.es\/fr\/produit\/lpr-data-lic-licence-dextension-pour-la-generation-de-statistiques\/"]}]},{"@type":"ImageObject","inLanguage":"fr-FR","@id":"https:\/\/bunkerseguridad.es\/fr\/produit\/lpr-data-lic-licence-dextension-pour-la-generation-de-statistiques\/#primaryimage","url":"https:\/\/bunkerseguridad.es\/fr\/wp-content\/uploads\/2020\/11\/Productos-Licences-Analysis-video.jpg","contentUrl":"https:\/\/bunkerseguridad.es\/fr\/wp-content\/uploads\/2020\/11\/Productos-Licences-Analysis-video.jpg","width":1200,"height":1200,"caption":"Productos-Licences-Analyse-vid\u00e9o"},{"@type":"BreadcrumbList","@id":"https:\/\/bunkerseguridad.es\/fr\/produit\/lpr-data-lic-licence-dextension-pour-la-generation-de-statistiques\/#breadcrumb","itemListElement":[{"@type":"ListItem","position":1,"name":"Home","item":"https:\/\/bunkerseguridad.es\/fr\/"},{"@type":"ListItem","position":2,"name":"Shop","item":"https:\/\/bunkerseguridad.es\/fr\/shop\/"},{"@type":"ListItem","position":3,"name":"LPR-DATA-LIC Licence d&rsquo;extension pour la g\u00e9n\u00e9ration de statistiques"}]},{"@type":"WebSite","@id":"https:\/\/bunkerseguridad.es\/fr\/#website","url":"https:\/\/bunkerseguridad.es\/fr\/","name":"Bunker Seguridad","description":"Otro sitio realizado con WordPress","potentialAction":[{"@type":"SearchAction","target":{"@type":"EntryPoint","urlTemplate":"https:\/\/bunkerseguridad.es\/fr\/?s={search_term_string}"},"query-input":{"@type":"PropertyValueSpecification","valueRequired":true,"valueName":"search_term_string"}}],"inLanguage":"fr-FR"}]}},"brands":[{"id":205,"name":"Tempos Analytics","slug":"tempos-analytics"}],"_links":{"self":[{"href":"https:\/\/bunkerseguridad.es\/fr\/wp-json\/wp\/v2\/product\/3734","targetHints":{"allow":["GET"]}}],"collection":[{"href":"https:\/\/bunkerseguridad.es\/fr\/wp-json\/wp\/v2\/product"}],"about":[{"href":"https:\/\/bunkerseguridad.es\/fr\/wp-json\/wp\/v2\/types\/product"}],"wp:featuredmedia":[{"embeddable":true,"href":"https:\/\/bunkerseguridad.es\/fr\/wp-json\/wp\/v2\/media\/4577"}],"wp:attachment":[{"href":"https:\/\/bunkerseguridad.es\/fr\/wp-json\/wp\/v2\/media?parent=3734"}],"wp:term":[{"taxonomy":"pwb-brand","embeddable":true,"href":"https:\/\/bunkerseguridad.es\/fr\/wp-json\/wp\/v2\/pwb-brand?post=3734"},{"taxonomy":"product_brand","embeddable":true,"href":"https:\/\/bunkerseguridad.es\/fr\/wp-json\/wp\/v2\/product_brand?post=3734"},{"taxonomy":"product_cat","embeddable":true,"href":"https:\/\/bunkerseguridad.es\/fr\/wp-json\/wp\/v2\/product_cat?post=3734"},{"taxonomy":"product_tag","embeddable":true,"href":"https:\/\/bunkerseguridad.es\/fr\/wp-json\/wp\/v2\/product_tag?post=3734"}],"curies":[{"name":"wp","href":"https:\/\/api.w.org\/{rel}","templated":true}]}}