{"id":4672,"date":"2020-11-23T08:48:02","date_gmt":"2020-11-23T08:48:02","guid":{"rendered":"http:\/\/www.bunkerseguridad.es\/en\/?post_type=product&#038;p=4672"},"modified":"2021-02-17T09:24:48","modified_gmt":"2021-02-17T09:24:48","slug":"tdual-pro2-analyse-video-pour-deux-cameras","status":"publish","type":"product","link":"https:\/\/bunkerseguridad.es\/fr\/produit\/tdual-pro2-analyse-video-pour-deux-cameras\/","title":{"rendered":"TDUAL-PRO2 Analyse vid\u00e9o pour deux cam\u00e9ras"},"content":{"rendered":"<p><strong>L&rsquo;analyse vid\u00e9o est effectu\u00e9e sur l&rsquo;image thermique, tandis que les preuves sont affich\u00e9es sur l&rsquo;image visible.<\/strong><\/p>\n<p>Il est livr\u00e9 au format<strong> Mini PC compact.<\/strong><\/p>\n<p>Il comprend 2 licences TDUAL-LIC et prend en charge jusqu&rsquo;\u00e0 10 licences de ce type.<\/p>\n","protected":false},"excerpt":{"rendered":"<p><strong>L&rsquo;analyse vid\u00e9o est effectu\u00e9e sur l&rsquo;image thermique, tandis que les preuves sont affich\u00e9es sur l&rsquo;image visible.<\/strong><\/p>\n","protected":false},"featured_media":3967,"template":"","meta":{"_et_pb_use_builder":"","_et_pb_old_content":"","_et_gb_content_width":""},"pwb-brand":[205],"product_brand":[],"product_cat":[27,30,224],"product_tag":[116,310],"class_list":{"0":"post-4672","1":"product","2":"type-product","3":"status-publish","4":"has-post-thumbnail","6":"pwb-brand-tempos-analytics","7":"product_cat-solutions-analyse-video","8":"product_cat-protection-intelligente-du-perimetre","9":"product_cat-family-pro-vida","10":"product_tag-deux-cameras","11":"product_tag-max-10-licences","13":"first","14":"instock","15":"shipping-taxable","16":"product-type-simple"},"yoast_head":"<!-- This site is optimized with the Yoast SEO plugin v25.2 - https:\/\/yoast.com\/wordpress\/plugins\/seo\/ -->\n<title>TDUAL-PRO2 Analyse vid\u00e9o pour deux cam\u00e9ras - Bunker Seguridad<\/title>\n<meta name=\"description\" content=\"TDUAL-PRO2 Analyse video pour deux cameras, est effectu\u00e9e sur l&#039;image thermique, tandis que les preuves sont affich\u00e9es sur l&#039;image visible.\" \/>\n<meta name=\"robots\" content=\"noindex, follow, max-snippet:-1, max-image-preview:large, max-video-preview:-1\" \/>\n<meta property=\"og:locale\" content=\"fr_FR\" \/>\n<meta property=\"og:type\" content=\"article\" \/>\n<meta property=\"og:title\" content=\"TDUAL-PRO2 Analyse vid\u00e9o pour deux cam\u00e9ras - Bunker Seguridad\" \/>\n<meta property=\"og:description\" content=\"TDUAL-PRO2 Analyse video pour deux cameras, est effectu\u00e9e sur l&#039;image thermique, tandis que les preuves sont affich\u00e9es sur l&#039;image visible.\" \/>\n<meta property=\"og:url\" content=\"https:\/\/bunkerseguridad.es\/fr\/produit\/tdual-pro2-analyse-video-pour-deux-cameras\/\" \/>\n<meta property=\"og:site_name\" content=\"Bunker Seguridad\" \/>\n<meta property=\"article:modified_time\" content=\"2021-02-17T09:24:48+00:00\" \/>\n<meta property=\"og:image\" content=\"https:\/\/bunkerseguridad.es\/fr\/wp-content\/uploads\/2020\/11\/Pro-Family-vida-Video-solutions-analytic.jpg\" \/>\n\t<meta property=\"og:image:width\" content=\"1200\" \/>\n\t<meta property=\"og:image:height\" content=\"1200\" \/>\n\t<meta property=\"og:image:type\" content=\"image\/jpeg\" \/>\n<meta name=\"twitter:card\" content=\"summary_large_image\" \/>\n<meta name=\"twitter:label1\" content=\"Dur\u00e9e de lecture estim\u00e9e\" \/>\n\t<meta name=\"twitter:data1\" content=\"1 minute\" \/>\n<script type=\"application\/ld+json\" class=\"yoast-schema-graph\">{\"@context\":\"https:\/\/schema.org\",\"@graph\":[{\"@type\":\"WebPage\",\"@id\":\"https:\/\/bunkerseguridad.es\/fr\/produit\/tdual-pro2-analyse-video-pour-deux-cameras\/\",\"url\":\"https:\/\/bunkerseguridad.es\/fr\/produit\/tdual-pro2-analyse-video-pour-deux-cameras\/\",\"name\":\"TDUAL-PRO2 Analyse vid\u00e9o pour deux cam\u00e9ras - Bunker Seguridad\",\"isPartOf\":{\"@id\":\"https:\/\/bunkerseguridad.es\/fr\/#website\"},\"primaryImageOfPage\":{\"@id\":\"https:\/\/bunkerseguridad.es\/fr\/produit\/tdual-pro2-analyse-video-pour-deux-cameras\/#primaryimage\"},\"image\":{\"@id\":\"https:\/\/bunkerseguridad.es\/fr\/produit\/tdual-pro2-analyse-video-pour-deux-cameras\/#primaryimage\"},\"thumbnailUrl\":\"https:\/\/bunkerseguridad.es\/fr\/wp-content\/uploads\/2020\/11\/Pro-Family-vida-Video-solutions-analytic.jpg\",\"datePublished\":\"2020-11-23T08:48:02+00:00\",\"dateModified\":\"2021-02-17T09:24:48+00:00\",\"description\":\"TDUAL-PRO2 Analyse video pour deux cameras, est effectu\u00e9e sur l'image thermique, tandis que les preuves sont affich\u00e9es sur l'image visible.\",\"breadcrumb\":{\"@id\":\"https:\/\/bunkerseguridad.es\/fr\/produit\/tdual-pro2-analyse-video-pour-deux-cameras\/#breadcrumb\"},\"inLanguage\":\"fr-FR\",\"potentialAction\":[{\"@type\":\"ReadAction\",\"target\":[\"https:\/\/bunkerseguridad.es\/fr\/produit\/tdual-pro2-analyse-video-pour-deux-cameras\/\"]}]},{\"@type\":\"ImageObject\",\"inLanguage\":\"fr-FR\",\"@id\":\"https:\/\/bunkerseguridad.es\/fr\/produit\/tdual-pro2-analyse-video-pour-deux-cameras\/#primaryimage\",\"url\":\"https:\/\/bunkerseguridad.es\/fr\/wp-content\/uploads\/2020\/11\/Pro-Family-vida-Video-solutions-analytic.jpg\",\"contentUrl\":\"https:\/\/bunkerseguridad.es\/fr\/wp-content\/uploads\/2020\/11\/Pro-Family-vida-Video-solutions-analytic.jpg\",\"width\":1200,\"height\":1200,\"caption\":\"PRO Family-Vida Series\"},{\"@type\":\"BreadcrumbList\",\"@id\":\"https:\/\/bunkerseguridad.es\/fr\/produit\/tdual-pro2-analyse-video-pour-deux-cameras\/#breadcrumb\",\"itemListElement\":[{\"@type\":\"ListItem\",\"position\":1,\"name\":\"Home\",\"item\":\"https:\/\/bunkerseguridad.es\/fr\/\"},{\"@type\":\"ListItem\",\"position\":2,\"name\":\"Shop\",\"item\":\"https:\/\/bunkerseguridad.es\/fr\/shop\/\"},{\"@type\":\"ListItem\",\"position\":3,\"name\":\"TDUAL-PRO2 Analyse vid\u00e9o pour deux cam\u00e9ras\"}]},{\"@type\":\"WebSite\",\"@id\":\"https:\/\/bunkerseguridad.es\/fr\/#website\",\"url\":\"https:\/\/bunkerseguridad.es\/fr\/\",\"name\":\"Bunker Seguridad\",\"description\":\"Otro sitio realizado con WordPress\",\"potentialAction\":[{\"@type\":\"SearchAction\",\"target\":{\"@type\":\"EntryPoint\",\"urlTemplate\":\"https:\/\/bunkerseguridad.es\/fr\/?s={search_term_string}\"},\"query-input\":{\"@type\":\"PropertyValueSpecification\",\"valueRequired\":true,\"valueName\":\"search_term_string\"}}],\"inLanguage\":\"fr-FR\"}]}<\/script>\n<!-- \/ Yoast SEO plugin. -->","yoast_head_json":{"title":"TDUAL-PRO2 Analyse vid\u00e9o pour deux cam\u00e9ras - Bunker Seguridad","description":"TDUAL-PRO2 Analyse video pour deux cameras, est effectu\u00e9e sur l'image thermique, tandis que les preuves sont affich\u00e9es sur l'image visible.","robots":{"index":"noindex","follow":"follow","max-snippet":"max-snippet:-1","max-image-preview":"max-image-preview:large","max-video-preview":"max-video-preview:-1"},"og_locale":"fr_FR","og_type":"article","og_title":"TDUAL-PRO2 Analyse vid\u00e9o pour deux cam\u00e9ras - Bunker Seguridad","og_description":"TDUAL-PRO2 Analyse video pour deux cameras, est effectu\u00e9e sur l'image thermique, tandis que les preuves sont affich\u00e9es sur l'image visible.","og_url":"https:\/\/bunkerseguridad.es\/fr\/produit\/tdual-pro2-analyse-video-pour-deux-cameras\/","og_site_name":"Bunker Seguridad","article_modified_time":"2021-02-17T09:24:48+00:00","og_image":[{"width":1200,"height":1200,"url":"https:\/\/bunkerseguridad.es\/fr\/wp-content\/uploads\/2020\/11\/Pro-Family-vida-Video-solutions-analytic.jpg","type":"image\/jpeg"}],"twitter_card":"summary_large_image","twitter_misc":{"Dur\u00e9e de lecture estim\u00e9e":"1 minute"},"schema":{"@context":"https:\/\/schema.org","@graph":[{"@type":"WebPage","@id":"https:\/\/bunkerseguridad.es\/fr\/produit\/tdual-pro2-analyse-video-pour-deux-cameras\/","url":"https:\/\/bunkerseguridad.es\/fr\/produit\/tdual-pro2-analyse-video-pour-deux-cameras\/","name":"TDUAL-PRO2 Analyse vid\u00e9o pour deux cam\u00e9ras - Bunker Seguridad","isPartOf":{"@id":"https:\/\/bunkerseguridad.es\/fr\/#website"},"primaryImageOfPage":{"@id":"https:\/\/bunkerseguridad.es\/fr\/produit\/tdual-pro2-analyse-video-pour-deux-cameras\/#primaryimage"},"image":{"@id":"https:\/\/bunkerseguridad.es\/fr\/produit\/tdual-pro2-analyse-video-pour-deux-cameras\/#primaryimage"},"thumbnailUrl":"https:\/\/bunkerseguridad.es\/fr\/wp-content\/uploads\/2020\/11\/Pro-Family-vida-Video-solutions-analytic.jpg","datePublished":"2020-11-23T08:48:02+00:00","dateModified":"2021-02-17T09:24:48+00:00","description":"TDUAL-PRO2 Analyse video pour deux cameras, est effectu\u00e9e sur l'image thermique, tandis que les preuves sont affich\u00e9es sur l'image visible.","breadcrumb":{"@id":"https:\/\/bunkerseguridad.es\/fr\/produit\/tdual-pro2-analyse-video-pour-deux-cameras\/#breadcrumb"},"inLanguage":"fr-FR","potentialAction":[{"@type":"ReadAction","target":["https:\/\/bunkerseguridad.es\/fr\/produit\/tdual-pro2-analyse-video-pour-deux-cameras\/"]}]},{"@type":"ImageObject","inLanguage":"fr-FR","@id":"https:\/\/bunkerseguridad.es\/fr\/produit\/tdual-pro2-analyse-video-pour-deux-cameras\/#primaryimage","url":"https:\/\/bunkerseguridad.es\/fr\/wp-content\/uploads\/2020\/11\/Pro-Family-vida-Video-solutions-analytic.jpg","contentUrl":"https:\/\/bunkerseguridad.es\/fr\/wp-content\/uploads\/2020\/11\/Pro-Family-vida-Video-solutions-analytic.jpg","width":1200,"height":1200,"caption":"PRO Family-Vida Series"},{"@type":"BreadcrumbList","@id":"https:\/\/bunkerseguridad.es\/fr\/produit\/tdual-pro2-analyse-video-pour-deux-cameras\/#breadcrumb","itemListElement":[{"@type":"ListItem","position":1,"name":"Home","item":"https:\/\/bunkerseguridad.es\/fr\/"},{"@type":"ListItem","position":2,"name":"Shop","item":"https:\/\/bunkerseguridad.es\/fr\/shop\/"},{"@type":"ListItem","position":3,"name":"TDUAL-PRO2 Analyse vid\u00e9o pour deux cam\u00e9ras"}]},{"@type":"WebSite","@id":"https:\/\/bunkerseguridad.es\/fr\/#website","url":"https:\/\/bunkerseguridad.es\/fr\/","name":"Bunker Seguridad","description":"Otro sitio realizado con WordPress","potentialAction":[{"@type":"SearchAction","target":{"@type":"EntryPoint","urlTemplate":"https:\/\/bunkerseguridad.es\/fr\/?s={search_term_string}"},"query-input":{"@type":"PropertyValueSpecification","valueRequired":true,"valueName":"search_term_string"}}],"inLanguage":"fr-FR"}]}},"brands":[{"id":205,"name":"Tempos Analytics","slug":"tempos-analytics"}],"_links":{"self":[{"href":"https:\/\/bunkerseguridad.es\/fr\/wp-json\/wp\/v2\/product\/4672","targetHints":{"allow":["GET"]}}],"collection":[{"href":"https:\/\/bunkerseguridad.es\/fr\/wp-json\/wp\/v2\/product"}],"about":[{"href":"https:\/\/bunkerseguridad.es\/fr\/wp-json\/wp\/v2\/types\/product"}],"wp:featuredmedia":[{"embeddable":true,"href":"https:\/\/bunkerseguridad.es\/fr\/wp-json\/wp\/v2\/media\/3967"}],"wp:attachment":[{"href":"https:\/\/bunkerseguridad.es\/fr\/wp-json\/wp\/v2\/media?parent=4672"}],"wp:term":[{"taxonomy":"pwb-brand","embeddable":true,"href":"https:\/\/bunkerseguridad.es\/fr\/wp-json\/wp\/v2\/pwb-brand?post=4672"},{"taxonomy":"product_brand","embeddable":true,"href":"https:\/\/bunkerseguridad.es\/fr\/wp-json\/wp\/v2\/product_brand?post=4672"},{"taxonomy":"product_cat","embeddable":true,"href":"https:\/\/bunkerseguridad.es\/fr\/wp-json\/wp\/v2\/product_cat?post=4672"},{"taxonomy":"product_tag","embeddable":true,"href":"https:\/\/bunkerseguridad.es\/fr\/wp-json\/wp\/v2\/product_tag?post=4672"}],"curies":[{"name":"wp","href":"https:\/\/api.w.org\/{rel}","templated":true}]}}