{"id":4691,"date":"2020-11-23T10:34:15","date_gmt":"2020-11-23T10:34:15","guid":{"rendered":"http:\/\/www.bunkerseguridad.es\/en\/?post_type=product&#038;p=4691"},"modified":"2021-03-11T12:15:02","modified_gmt":"2021-03-11T12:15:02","slug":"lpr-m-pro1-2-reconnaissance-des-plaques-dimmatriculation-pour-les-vehicules-en-mouvement-jusqua-80km-h","status":"publish","type":"product","link":"https:\/\/bunkerseguridad.es\/fr\/produit\/lpr-m-pro1-2-reconnaissance-des-plaques-dimmatriculation-pour-les-vehicules-en-mouvement-jusqua-80km-h\/","title":{"rendered":"LPR-M-PRO1-2 Reconnaissance des plaques d&rsquo;immatriculation pour les v\u00e9hicules en mouvement jusqu&rsquo;\u00e0 80km\/h"},"content":{"rendered":"<p><strong>Reconnaissance des plaques d&rsquo;immatriculation pour les v\u00e9hicules en mouvement \u00e0 des vitesses allant jusqu&rsquo;\u00e0 80 km\/h, fournie dans un mat\u00e9riel compact au format Mini PC.<\/strong><\/p>\n<p>1 permis LPR-M-LIC est inclus et un maximum de 2 permis de ce type sont admis.<\/p>\n","protected":false},"excerpt":{"rendered":"<p>Reconnaissance de plaque d&rsquo;immatriculation pour les v\u00e9hicules en mouvement \u00e0 des vitesses allant jusqu&rsquo;\u00e0 80 km \/ h fournie dans un mat\u00e9riel compact au format Mini PC. 1 licence LPR-M-LIC est incluse et un maximum de 2 licences de ce type sont admises.<\/p>\n","protected":false},"featured_media":3966,"template":"","meta":{"_et_pb_use_builder":"","_et_pb_old_content":"","_et_gb_content_width":""},"pwb-brand":[205],"product_brand":[],"product_cat":[29,227],"product_tag":[127,319],"class_list":{"0":"post-4691","1":"product","2":"type-product","3":"status-publish","4":"has-post-thumbnail","6":"pwb-brand-tempos-analytics","7":"product_cat-registre-des-plaques-dimmatriculation","8":"product_cat-pro-lpr-family","9":"product_tag-jusqua-80km-h","10":"product_tag-max-2-licences","12":"first","13":"instock","14":"shipping-taxable","15":"product-type-simple"},"yoast_head":"<!-- This site is optimized with the Yoast SEO plugin v25.2 - https:\/\/yoast.com\/wordpress\/plugins\/seo\/ -->\n<title>LPR-M-PRO1-2 Reconnaissance des plaques d&#039;immatriculation pour les v\u00e9hicules en mouvement jusqu&#039;\u00e0 80km\/h - Bunker Seguridad<\/title>\n<meta name=\"description\" content=\"Reconnaissance des plaques d&#039;immatriculation pour les vehicules en mouvement jusqu&#039;a 80km\/h, fournie dans un mat\u00e9riel compact\" \/>\n<meta name=\"robots\" content=\"noindex, follow, max-snippet:-1, max-image-preview:large, max-video-preview:-1\" \/>\n<meta property=\"og:locale\" content=\"fr_FR\" \/>\n<meta property=\"og:type\" content=\"article\" \/>\n<meta property=\"og:title\" content=\"LPR-M-PRO1-2 Reconnaissance des plaques d&#039;immatriculation pour les v\u00e9hicules en mouvement jusqu&#039;\u00e0 80km\/h - Bunker Seguridad\" \/>\n<meta property=\"og:description\" content=\"Reconnaissance des plaques d&#039;immatriculation pour les vehicules en mouvement jusqu&#039;a 80km\/h, fournie dans un mat\u00e9riel compact\" \/>\n<meta property=\"og:url\" content=\"https:\/\/bunkerseguridad.es\/fr\/produit\/lpr-m-pro1-2-reconnaissance-des-plaques-dimmatriculation-pour-les-vehicules-en-mouvement-jusqua-80km-h\/\" \/>\n<meta property=\"og:site_name\" content=\"Bunker Seguridad\" \/>\n<meta property=\"article:modified_time\" content=\"2021-03-11T12:15:02+00:00\" \/>\n<meta property=\"og:image\" content=\"https:\/\/bunkerseguridad.es\/fr\/wp-content\/uploads\/2020\/11\/Pro-Family-lpr-Video-analytics.jpg\" \/>\n\t<meta property=\"og:image:width\" content=\"1200\" \/>\n\t<meta property=\"og:image:height\" content=\"1200\" \/>\n\t<meta property=\"og:image:type\" content=\"image\/jpeg\" \/>\n<meta name=\"twitter:card\" content=\"summary_large_image\" \/>\n<meta name=\"twitter:label1\" content=\"Dur\u00e9e de lecture estim\u00e9e\" \/>\n\t<meta name=\"twitter:data1\" content=\"1 minute\" \/>\n<script type=\"application\/ld+json\" class=\"yoast-schema-graph\">{\"@context\":\"https:\/\/schema.org\",\"@graph\":[{\"@type\":\"WebPage\",\"@id\":\"https:\/\/bunkerseguridad.es\/fr\/produit\/lpr-m-pro1-2-reconnaissance-des-plaques-dimmatriculation-pour-les-vehicules-en-mouvement-jusqua-80km-h\/\",\"url\":\"https:\/\/bunkerseguridad.es\/fr\/produit\/lpr-m-pro1-2-reconnaissance-des-plaques-dimmatriculation-pour-les-vehicules-en-mouvement-jusqua-80km-h\/\",\"name\":\"LPR-M-PRO1-2 Reconnaissance des plaques d'immatriculation pour les v\u00e9hicules en mouvement jusqu'\u00e0 80km\/h - Bunker Seguridad\",\"isPartOf\":{\"@id\":\"https:\/\/bunkerseguridad.es\/fr\/#website\"},\"primaryImageOfPage\":{\"@id\":\"https:\/\/bunkerseguridad.es\/fr\/produit\/lpr-m-pro1-2-reconnaissance-des-plaques-dimmatriculation-pour-les-vehicules-en-mouvement-jusqua-80km-h\/#primaryimage\"},\"image\":{\"@id\":\"https:\/\/bunkerseguridad.es\/fr\/produit\/lpr-m-pro1-2-reconnaissance-des-plaques-dimmatriculation-pour-les-vehicules-en-mouvement-jusqua-80km-h\/#primaryimage\"},\"thumbnailUrl\":\"https:\/\/bunkerseguridad.es\/fr\/wp-content\/uploads\/2020\/11\/Pro-Family-lpr-Video-analytics.jpg\",\"datePublished\":\"2020-11-23T10:34:15+00:00\",\"dateModified\":\"2021-03-11T12:15:02+00:00\",\"description\":\"Reconnaissance des plaques d'immatriculation pour les vehicules en mouvement jusqu'a 80km\/h, fournie dans un mat\u00e9riel compact\",\"breadcrumb\":{\"@id\":\"https:\/\/bunkerseguridad.es\/fr\/produit\/lpr-m-pro1-2-reconnaissance-des-plaques-dimmatriculation-pour-les-vehicules-en-mouvement-jusqua-80km-h\/#breadcrumb\"},\"inLanguage\":\"fr-FR\",\"potentialAction\":[{\"@type\":\"ReadAction\",\"target\":[\"https:\/\/bunkerseguridad.es\/fr\/produit\/lpr-m-pro1-2-reconnaissance-des-plaques-dimmatriculation-pour-les-vehicules-en-mouvement-jusqua-80km-h\/\"]}]},{\"@type\":\"ImageObject\",\"inLanguage\":\"fr-FR\",\"@id\":\"https:\/\/bunkerseguridad.es\/fr\/produit\/lpr-m-pro1-2-reconnaissance-des-plaques-dimmatriculation-pour-les-vehicules-en-mouvement-jusqua-80km-h\/#primaryimage\",\"url\":\"https:\/\/bunkerseguridad.es\/fr\/wp-content\/uploads\/2020\/11\/Pro-Family-lpr-Video-analytics.jpg\",\"contentUrl\":\"https:\/\/bunkerseguridad.es\/fr\/wp-content\/uploads\/2020\/11\/Pro-Family-lpr-Video-analytics.jpg\",\"width\":1200,\"height\":1200,\"caption\":\"S\u00e9rie PRO Family-LPR\"},{\"@type\":\"BreadcrumbList\",\"@id\":\"https:\/\/bunkerseguridad.es\/fr\/produit\/lpr-m-pro1-2-reconnaissance-des-plaques-dimmatriculation-pour-les-vehicules-en-mouvement-jusqua-80km-h\/#breadcrumb\",\"itemListElement\":[{\"@type\":\"ListItem\",\"position\":1,\"name\":\"Home\",\"item\":\"https:\/\/bunkerseguridad.es\/fr\/\"},{\"@type\":\"ListItem\",\"position\":2,\"name\":\"Shop\",\"item\":\"https:\/\/bunkerseguridad.es\/fr\/shop\/\"},{\"@type\":\"ListItem\",\"position\":3,\"name\":\"LPR-M-PRO1-2 Reconnaissance des plaques d&rsquo;immatriculation pour les v\u00e9hicules en mouvement jusqu&rsquo;\u00e0 80km\/h\"}]},{\"@type\":\"WebSite\",\"@id\":\"https:\/\/bunkerseguridad.es\/fr\/#website\",\"url\":\"https:\/\/bunkerseguridad.es\/fr\/\",\"name\":\"Bunker Seguridad\",\"description\":\"Otro sitio realizado con WordPress\",\"potentialAction\":[{\"@type\":\"SearchAction\",\"target\":{\"@type\":\"EntryPoint\",\"urlTemplate\":\"https:\/\/bunkerseguridad.es\/fr\/?s={search_term_string}\"},\"query-input\":{\"@type\":\"PropertyValueSpecification\",\"valueRequired\":true,\"valueName\":\"search_term_string\"}}],\"inLanguage\":\"fr-FR\"}]}<\/script>\n<!-- \/ Yoast SEO plugin. -->","yoast_head_json":{"title":"LPR-M-PRO1-2 Reconnaissance des plaques d'immatriculation pour les v\u00e9hicules en mouvement jusqu'\u00e0 80km\/h - Bunker Seguridad","description":"Reconnaissance des plaques d'immatriculation pour les vehicules en mouvement jusqu'a 80km\/h, fournie dans un mat\u00e9riel compact","robots":{"index":"noindex","follow":"follow","max-snippet":"max-snippet:-1","max-image-preview":"max-image-preview:large","max-video-preview":"max-video-preview:-1"},"og_locale":"fr_FR","og_type":"article","og_title":"LPR-M-PRO1-2 Reconnaissance des plaques d'immatriculation pour les v\u00e9hicules en mouvement jusqu'\u00e0 80km\/h - Bunker Seguridad","og_description":"Reconnaissance des plaques d'immatriculation pour les vehicules en mouvement jusqu'a 80km\/h, fournie dans un mat\u00e9riel compact","og_url":"https:\/\/bunkerseguridad.es\/fr\/produit\/lpr-m-pro1-2-reconnaissance-des-plaques-dimmatriculation-pour-les-vehicules-en-mouvement-jusqua-80km-h\/","og_site_name":"Bunker Seguridad","article_modified_time":"2021-03-11T12:15:02+00:00","og_image":[{"width":1200,"height":1200,"url":"https:\/\/bunkerseguridad.es\/fr\/wp-content\/uploads\/2020\/11\/Pro-Family-lpr-Video-analytics.jpg","type":"image\/jpeg"}],"twitter_card":"summary_large_image","twitter_misc":{"Dur\u00e9e de lecture estim\u00e9e":"1 minute"},"schema":{"@context":"https:\/\/schema.org","@graph":[{"@type":"WebPage","@id":"https:\/\/bunkerseguridad.es\/fr\/produit\/lpr-m-pro1-2-reconnaissance-des-plaques-dimmatriculation-pour-les-vehicules-en-mouvement-jusqua-80km-h\/","url":"https:\/\/bunkerseguridad.es\/fr\/produit\/lpr-m-pro1-2-reconnaissance-des-plaques-dimmatriculation-pour-les-vehicules-en-mouvement-jusqua-80km-h\/","name":"LPR-M-PRO1-2 Reconnaissance des plaques d'immatriculation pour les v\u00e9hicules en mouvement jusqu'\u00e0 80km\/h - Bunker Seguridad","isPartOf":{"@id":"https:\/\/bunkerseguridad.es\/fr\/#website"},"primaryImageOfPage":{"@id":"https:\/\/bunkerseguridad.es\/fr\/produit\/lpr-m-pro1-2-reconnaissance-des-plaques-dimmatriculation-pour-les-vehicules-en-mouvement-jusqua-80km-h\/#primaryimage"},"image":{"@id":"https:\/\/bunkerseguridad.es\/fr\/produit\/lpr-m-pro1-2-reconnaissance-des-plaques-dimmatriculation-pour-les-vehicules-en-mouvement-jusqua-80km-h\/#primaryimage"},"thumbnailUrl":"https:\/\/bunkerseguridad.es\/fr\/wp-content\/uploads\/2020\/11\/Pro-Family-lpr-Video-analytics.jpg","datePublished":"2020-11-23T10:34:15+00:00","dateModified":"2021-03-11T12:15:02+00:00","description":"Reconnaissance des plaques d'immatriculation pour les vehicules en mouvement jusqu'a 80km\/h, fournie dans un mat\u00e9riel compact","breadcrumb":{"@id":"https:\/\/bunkerseguridad.es\/fr\/produit\/lpr-m-pro1-2-reconnaissance-des-plaques-dimmatriculation-pour-les-vehicules-en-mouvement-jusqua-80km-h\/#breadcrumb"},"inLanguage":"fr-FR","potentialAction":[{"@type":"ReadAction","target":["https:\/\/bunkerseguridad.es\/fr\/produit\/lpr-m-pro1-2-reconnaissance-des-plaques-dimmatriculation-pour-les-vehicules-en-mouvement-jusqua-80km-h\/"]}]},{"@type":"ImageObject","inLanguage":"fr-FR","@id":"https:\/\/bunkerseguridad.es\/fr\/produit\/lpr-m-pro1-2-reconnaissance-des-plaques-dimmatriculation-pour-les-vehicules-en-mouvement-jusqua-80km-h\/#primaryimage","url":"https:\/\/bunkerseguridad.es\/fr\/wp-content\/uploads\/2020\/11\/Pro-Family-lpr-Video-analytics.jpg","contentUrl":"https:\/\/bunkerseguridad.es\/fr\/wp-content\/uploads\/2020\/11\/Pro-Family-lpr-Video-analytics.jpg","width":1200,"height":1200,"caption":"S\u00e9rie PRO Family-LPR"},{"@type":"BreadcrumbList","@id":"https:\/\/bunkerseguridad.es\/fr\/produit\/lpr-m-pro1-2-reconnaissance-des-plaques-dimmatriculation-pour-les-vehicules-en-mouvement-jusqua-80km-h\/#breadcrumb","itemListElement":[{"@type":"ListItem","position":1,"name":"Home","item":"https:\/\/bunkerseguridad.es\/fr\/"},{"@type":"ListItem","position":2,"name":"Shop","item":"https:\/\/bunkerseguridad.es\/fr\/shop\/"},{"@type":"ListItem","position":3,"name":"LPR-M-PRO1-2 Reconnaissance des plaques d&rsquo;immatriculation pour les v\u00e9hicules en mouvement jusqu&rsquo;\u00e0 80km\/h"}]},{"@type":"WebSite","@id":"https:\/\/bunkerseguridad.es\/fr\/#website","url":"https:\/\/bunkerseguridad.es\/fr\/","name":"Bunker Seguridad","description":"Otro sitio realizado con WordPress","potentialAction":[{"@type":"SearchAction","target":{"@type":"EntryPoint","urlTemplate":"https:\/\/bunkerseguridad.es\/fr\/?s={search_term_string}"},"query-input":{"@type":"PropertyValueSpecification","valueRequired":true,"valueName":"search_term_string"}}],"inLanguage":"fr-FR"}]}},"brands":[{"id":205,"name":"Tempos Analytics","slug":"tempos-analytics"}],"_links":{"self":[{"href":"https:\/\/bunkerseguridad.es\/fr\/wp-json\/wp\/v2\/product\/4691","targetHints":{"allow":["GET"]}}],"collection":[{"href":"https:\/\/bunkerseguridad.es\/fr\/wp-json\/wp\/v2\/product"}],"about":[{"href":"https:\/\/bunkerseguridad.es\/fr\/wp-json\/wp\/v2\/types\/product"}],"wp:featuredmedia":[{"embeddable":true,"href":"https:\/\/bunkerseguridad.es\/fr\/wp-json\/wp\/v2\/media\/3966"}],"wp:attachment":[{"href":"https:\/\/bunkerseguridad.es\/fr\/wp-json\/wp\/v2\/media?parent=4691"}],"wp:term":[{"taxonomy":"pwb-brand","embeddable":true,"href":"https:\/\/bunkerseguridad.es\/fr\/wp-json\/wp\/v2\/pwb-brand?post=4691"},{"taxonomy":"product_brand","embeddable":true,"href":"https:\/\/bunkerseguridad.es\/fr\/wp-json\/wp\/v2\/product_brand?post=4691"},{"taxonomy":"product_cat","embeddable":true,"href":"https:\/\/bunkerseguridad.es\/fr\/wp-json\/wp\/v2\/product_cat?post=4691"},{"taxonomy":"product_tag","embeddable":true,"href":"https:\/\/bunkerseguridad.es\/fr\/wp-json\/wp\/v2\/product_tag?post=4691"}],"curies":[{"name":"wp","href":"https:\/\/api.w.org\/{rel}","templated":true}]}}