{"id":4827,"date":"2020-11-25T11:28:11","date_gmt":"2020-11-25T11:28:11","guid":{"rendered":"http:\/\/www.bunkerseguridad.es\/en\/?post_type=product&#038;p=4827"},"modified":"2021-03-11T09:16:30","modified_gmt":"2021-03-11T09:16:30","slug":"commutateur-industriel-esugn4-p1-b","status":"publish","type":"product","link":"https:\/\/bunkerseguridad.es\/fr\/produit\/commutateur-industriel-esugn4-p1-b\/","title":{"rendered":"Commutateur industriel, ESUGN4-P1-B"},"content":{"rendered":"<p><strong>La s\u00e9rie KBC ESUGS4-P1-B est un commutateur Gigabit Ethernet industriel non g\u00e9r\u00e9 hautes performances avec 4 ports cuivre \u00e0 d\u00e9tection automatique 10\/100 \/ 1000M et un port SFP gigabit.<\/strong> Quatre ports en cuivre prennent en charge PoE \/ PoE + o\u00f9 chaque port offre une puissance maximale de 30 W. Conception robuste avec un bo\u00eetier IP40 et une protection ESD de niveau industriel 3. La conception de montage DIN unique facilite le montage et le retrait. La conception robuste convient \u00e0 une utilisation dans des applications d&rsquo;environnement difficiles telles que les industries de l&rsquo;\u00e9nergie, des transports, des pipelines, de la p\u00e9trochimie et de l&rsquo;automatisation et la surveillance IP.<\/p>\n<p><strong>Caract\u00e9ristiques:<\/strong><\/p>\n<ul>\n<li>4 ports 10\/100 \/ 1000Base-T (X)<\/li>\n<li>1 port SFP gigabit<\/li>\n<li>Prend en charge IEEE802.3af &amp; at<\/li>\n<li>Entr\u00e9e d&rsquo;alimentation redondante<\/li>\n<li>Protection contre les surcharges de courant et protection contre l&rsquo;inversion de polarit\u00e9<\/li>\n<li>Protection ESD de niveau 3<\/li>\n<li>Conception du bo\u00eetier IP40<\/li>\n<li>La conception de montage DIN unique facilite le montage et le retrait<\/li>\n<li>Des mod\u00e8les POE et non-PoE sont disponibles<\/li>\n<\/ul>\n","protected":false},"excerpt":{"rendered":"<p><strong>Commutateur Ethernet industriel, non g\u00e9r\u00e9, (4) ports cuivre 10\/100 \/ 1000Mbps, (1) port Gigabit SFP, protection ESD industrielle IP40 de niveau 3.<\/strong> Montage sur rail DIN. Entr\u00e9e 24VDC.<\/p>\n","protected":false},"featured_media":5000,"template":"","meta":{"_et_pb_use_builder":"","_et_pb_old_content":"","_et_gb_content_width":""},"pwb-brand":[206],"product_brand":[],"product_cat":[303,31,40],"product_tag":[144,145,141,142,143,149,150,148,147,146,139,140],"class_list":{"0":"post-4827","1":"product","2":"type-product","3":"status-publish","4":"has-post-thumbnail","6":"pwb-brand-kbc-networks","7":"product_cat-commutateurs-non-geres-non-poe","8":"product_cat-transmission-des-donnees","9":"product_cat-interrupteurs-industriels","10":"product_tag-16-ports","11":"product_tag-24-ports","12":"product_tag-4-ports","13":"product_tag-6-ports","14":"product_tag-8-ports","15":"product_tag-din-rail","16":"product_tag-gigabit","17":"product_tag-montage-en-rack","18":"product_tag-non-poe","19":"product_tag-poe","20":"product_tag-switch-gere","21":"product_tag-switch-non-gere","23":"first","24":"instock","25":"shipping-taxable","26":"product-type-simple"},"yoast_head":"<!-- This site is optimized with the Yoast SEO plugin v25.2 - https:\/\/yoast.com\/wordpress\/plugins\/seo\/ -->\n<title>Commutateur industriel, ESUGN4-P1-B - Bunker Seguridad<\/title>\n<meta name=\"description\" content=\"Commutateur Gigabit Ethernet industriel non g\u00e9r\u00e9 hautes performances avec 4 ports cuivre \u00e0 d\u00e9tection automatique et un port SFP gigabit.\" \/>\n<meta name=\"robots\" content=\"noindex, follow, max-snippet:-1, max-image-preview:large, max-video-preview:-1\" \/>\n<meta property=\"og:locale\" content=\"fr_FR\" \/>\n<meta property=\"og:type\" content=\"article\" \/>\n<meta property=\"og:title\" content=\"Commutateur industriel, ESUGN4-P1-B - Bunker Seguridad\" \/>\n<meta property=\"og:description\" content=\"Commutateur Gigabit Ethernet industriel non g\u00e9r\u00e9 hautes performances avec 4 ports cuivre \u00e0 d\u00e9tection automatique et un port SFP gigabit.\" \/>\n<meta property=\"og:url\" content=\"https:\/\/bunkerseguridad.es\/fr\/produit\/commutateur-industriel-esugn4-p1-b\/\" \/>\n<meta property=\"og:site_name\" content=\"Bunker Seguridad\" \/>\n<meta property=\"article:modified_time\" content=\"2021-03-11T09:16:30+00:00\" \/>\n<meta property=\"og:image\" content=\"https:\/\/bunkerseguridad.es\/fr\/wp-content\/uploads\/2020\/11\/esugn4-p1-b.png\" \/>\n\t<meta property=\"og:image:width\" content=\"1200\" \/>\n\t<meta property=\"og:image:height\" content=\"1200\" \/>\n\t<meta property=\"og:image:type\" content=\"image\/png\" \/>\n<meta name=\"twitter:card\" content=\"summary_large_image\" \/>\n<meta name=\"twitter:label1\" content=\"Dur\u00e9e de lecture estim\u00e9e\" \/>\n\t<meta name=\"twitter:data1\" content=\"1 minute\" \/>\n<script type=\"application\/ld+json\" class=\"yoast-schema-graph\">{\"@context\":\"https:\/\/schema.org\",\"@graph\":[{\"@type\":\"WebPage\",\"@id\":\"https:\/\/bunkerseguridad.es\/fr\/produit\/commutateur-industriel-esugn4-p1-b\/\",\"url\":\"https:\/\/bunkerseguridad.es\/fr\/produit\/commutateur-industriel-esugn4-p1-b\/\",\"name\":\"Commutateur industriel, ESUGN4-P1-B - Bunker Seguridad\",\"isPartOf\":{\"@id\":\"https:\/\/bunkerseguridad.es\/fr\/#website\"},\"primaryImageOfPage\":{\"@id\":\"https:\/\/bunkerseguridad.es\/fr\/produit\/commutateur-industriel-esugn4-p1-b\/#primaryimage\"},\"image\":{\"@id\":\"https:\/\/bunkerseguridad.es\/fr\/produit\/commutateur-industriel-esugn4-p1-b\/#primaryimage\"},\"thumbnailUrl\":\"https:\/\/bunkerseguridad.es\/fr\/wp-content\/uploads\/2020\/11\/esugn4-p1-b.png\",\"datePublished\":\"2020-11-25T11:28:11+00:00\",\"dateModified\":\"2021-03-11T09:16:30+00:00\",\"description\":\"Commutateur Gigabit Ethernet industriel non g\u00e9r\u00e9 hautes performances avec 4 ports cuivre \u00e0 d\u00e9tection automatique et un port SFP gigabit.\",\"breadcrumb\":{\"@id\":\"https:\/\/bunkerseguridad.es\/fr\/produit\/commutateur-industriel-esugn4-p1-b\/#breadcrumb\"},\"inLanguage\":\"fr-FR\",\"potentialAction\":[{\"@type\":\"ReadAction\",\"target\":[\"https:\/\/bunkerseguridad.es\/fr\/produit\/commutateur-industriel-esugn4-p1-b\/\"]}]},{\"@type\":\"ImageObject\",\"inLanguage\":\"fr-FR\",\"@id\":\"https:\/\/bunkerseguridad.es\/fr\/produit\/commutateur-industriel-esugn4-p1-b\/#primaryimage\",\"url\":\"https:\/\/bunkerseguridad.es\/fr\/wp-content\/uploads\/2020\/11\/esugn4-p1-b.png\",\"contentUrl\":\"https:\/\/bunkerseguridad.es\/fr\/wp-content\/uploads\/2020\/11\/esugn4-p1-b.png\",\"width\":1200,\"height\":1200},{\"@type\":\"BreadcrumbList\",\"@id\":\"https:\/\/bunkerseguridad.es\/fr\/produit\/commutateur-industriel-esugn4-p1-b\/#breadcrumb\",\"itemListElement\":[{\"@type\":\"ListItem\",\"position\":1,\"name\":\"Home\",\"item\":\"https:\/\/bunkerseguridad.es\/fr\/\"},{\"@type\":\"ListItem\",\"position\":2,\"name\":\"Shop\",\"item\":\"https:\/\/bunkerseguridad.es\/fr\/shop\/\"},{\"@type\":\"ListItem\",\"position\":3,\"name\":\"Commutateur industriel, ESUGN4-P1-B\"}]},{\"@type\":\"WebSite\",\"@id\":\"https:\/\/bunkerseguridad.es\/fr\/#website\",\"url\":\"https:\/\/bunkerseguridad.es\/fr\/\",\"name\":\"Bunker Seguridad\",\"description\":\"Otro sitio realizado con WordPress\",\"potentialAction\":[{\"@type\":\"SearchAction\",\"target\":{\"@type\":\"EntryPoint\",\"urlTemplate\":\"https:\/\/bunkerseguridad.es\/fr\/?s={search_term_string}\"},\"query-input\":{\"@type\":\"PropertyValueSpecification\",\"valueRequired\":true,\"valueName\":\"search_term_string\"}}],\"inLanguage\":\"fr-FR\"}]}<\/script>\n<!-- \/ Yoast SEO plugin. -->","yoast_head_json":{"title":"Commutateur industriel, ESUGN4-P1-B - Bunker Seguridad","description":"Commutateur Gigabit Ethernet industriel non g\u00e9r\u00e9 hautes performances avec 4 ports cuivre \u00e0 d\u00e9tection automatique et un port SFP gigabit.","robots":{"index":"noindex","follow":"follow","max-snippet":"max-snippet:-1","max-image-preview":"max-image-preview:large","max-video-preview":"max-video-preview:-1"},"og_locale":"fr_FR","og_type":"article","og_title":"Commutateur industriel, ESUGN4-P1-B - Bunker Seguridad","og_description":"Commutateur Gigabit Ethernet industriel non g\u00e9r\u00e9 hautes performances avec 4 ports cuivre \u00e0 d\u00e9tection automatique et un port SFP gigabit.","og_url":"https:\/\/bunkerseguridad.es\/fr\/produit\/commutateur-industriel-esugn4-p1-b\/","og_site_name":"Bunker Seguridad","article_modified_time":"2021-03-11T09:16:30+00:00","og_image":[{"width":1200,"height":1200,"url":"https:\/\/bunkerseguridad.es\/fr\/wp-content\/uploads\/2020\/11\/esugn4-p1-b.png","type":"image\/png"}],"twitter_card":"summary_large_image","twitter_misc":{"Dur\u00e9e de lecture estim\u00e9e":"1 minute"},"schema":{"@context":"https:\/\/schema.org","@graph":[{"@type":"WebPage","@id":"https:\/\/bunkerseguridad.es\/fr\/produit\/commutateur-industriel-esugn4-p1-b\/","url":"https:\/\/bunkerseguridad.es\/fr\/produit\/commutateur-industriel-esugn4-p1-b\/","name":"Commutateur industriel, ESUGN4-P1-B - Bunker Seguridad","isPartOf":{"@id":"https:\/\/bunkerseguridad.es\/fr\/#website"},"primaryImageOfPage":{"@id":"https:\/\/bunkerseguridad.es\/fr\/produit\/commutateur-industriel-esugn4-p1-b\/#primaryimage"},"image":{"@id":"https:\/\/bunkerseguridad.es\/fr\/produit\/commutateur-industriel-esugn4-p1-b\/#primaryimage"},"thumbnailUrl":"https:\/\/bunkerseguridad.es\/fr\/wp-content\/uploads\/2020\/11\/esugn4-p1-b.png","datePublished":"2020-11-25T11:28:11+00:00","dateModified":"2021-03-11T09:16:30+00:00","description":"Commutateur Gigabit Ethernet industriel non g\u00e9r\u00e9 hautes performances avec 4 ports cuivre \u00e0 d\u00e9tection automatique et un port SFP gigabit.","breadcrumb":{"@id":"https:\/\/bunkerseguridad.es\/fr\/produit\/commutateur-industriel-esugn4-p1-b\/#breadcrumb"},"inLanguage":"fr-FR","potentialAction":[{"@type":"ReadAction","target":["https:\/\/bunkerseguridad.es\/fr\/produit\/commutateur-industriel-esugn4-p1-b\/"]}]},{"@type":"ImageObject","inLanguage":"fr-FR","@id":"https:\/\/bunkerseguridad.es\/fr\/produit\/commutateur-industriel-esugn4-p1-b\/#primaryimage","url":"https:\/\/bunkerseguridad.es\/fr\/wp-content\/uploads\/2020\/11\/esugn4-p1-b.png","contentUrl":"https:\/\/bunkerseguridad.es\/fr\/wp-content\/uploads\/2020\/11\/esugn4-p1-b.png","width":1200,"height":1200},{"@type":"BreadcrumbList","@id":"https:\/\/bunkerseguridad.es\/fr\/produit\/commutateur-industriel-esugn4-p1-b\/#breadcrumb","itemListElement":[{"@type":"ListItem","position":1,"name":"Home","item":"https:\/\/bunkerseguridad.es\/fr\/"},{"@type":"ListItem","position":2,"name":"Shop","item":"https:\/\/bunkerseguridad.es\/fr\/shop\/"},{"@type":"ListItem","position":3,"name":"Commutateur industriel, ESUGN4-P1-B"}]},{"@type":"WebSite","@id":"https:\/\/bunkerseguridad.es\/fr\/#website","url":"https:\/\/bunkerseguridad.es\/fr\/","name":"Bunker Seguridad","description":"Otro sitio realizado con WordPress","potentialAction":[{"@type":"SearchAction","target":{"@type":"EntryPoint","urlTemplate":"https:\/\/bunkerseguridad.es\/fr\/?s={search_term_string}"},"query-input":{"@type":"PropertyValueSpecification","valueRequired":true,"valueName":"search_term_string"}}],"inLanguage":"fr-FR"}]}},"brands":[{"id":206,"name":"KBC Networks","slug":"kbc-networks"}],"_links":{"self":[{"href":"https:\/\/bunkerseguridad.es\/fr\/wp-json\/wp\/v2\/product\/4827","targetHints":{"allow":["GET"]}}],"collection":[{"href":"https:\/\/bunkerseguridad.es\/fr\/wp-json\/wp\/v2\/product"}],"about":[{"href":"https:\/\/bunkerseguridad.es\/fr\/wp-json\/wp\/v2\/types\/product"}],"wp:featuredmedia":[{"embeddable":true,"href":"https:\/\/bunkerseguridad.es\/fr\/wp-json\/wp\/v2\/media\/5000"}],"wp:attachment":[{"href":"https:\/\/bunkerseguridad.es\/fr\/wp-json\/wp\/v2\/media?parent=4827"}],"wp:term":[{"taxonomy":"pwb-brand","embeddable":true,"href":"https:\/\/bunkerseguridad.es\/fr\/wp-json\/wp\/v2\/pwb-brand?post=4827"},{"taxonomy":"product_brand","embeddable":true,"href":"https:\/\/bunkerseguridad.es\/fr\/wp-json\/wp\/v2\/product_brand?post=4827"},{"taxonomy":"product_cat","embeddable":true,"href":"https:\/\/bunkerseguridad.es\/fr\/wp-json\/wp\/v2\/product_cat?post=4827"},{"taxonomy":"product_tag","embeddable":true,"href":"https:\/\/bunkerseguridad.es\/fr\/wp-json\/wp\/v2\/product_tag?post=4827"}],"curies":[{"name":"wp","href":"https:\/\/api.w.org\/{rel}","templated":true}]}}