{"id":4843,"date":"2020-11-26T09:54:34","date_gmt":"2020-11-26T09:54:34","guid":{"rendered":"http:\/\/www.bunkerseguridad.es\/en\/?post_type=product&#038;p=4843"},"modified":"2021-03-11T09:18:25","modified_gmt":"2021-03-11T09:18:25","slug":"commutateur-industriel-esugs4-g1-l-b","status":"publish","type":"product","link":"https:\/\/bunkerseguridad.es\/fr\/produit\/commutateur-industriel-esugs4-g1-l-b\/","title":{"rendered":"Commutateur industriel, ESUGS4-G1-L-B"},"content":{"rendered":"<p><strong>Le KBC ESUGS4-G1-L-B<\/strong> est un commutateur industriel haute performance non g\u00e9r\u00e9 avec port cuivre \u00e0 d\u00e9tection automatique 5 * v10 \/ 100 \/ 1000M. Quatre des ports cuivre prennent en charge PoE \/ PoE +, avec une sortie jusqu&rsquo;\u00e0 30 W sur chaque port PoE. Le commutateur est aliment\u00e9 par 9 ~ 36 VDC, ce qui en fait le bon choix dans les applications o\u00f9 une alimentation + 12VDC ou 24VDC est disponible. La conception de montage unique facilite le montage et le retrait DIN. La conception robuste avec IP40 et la protection ESD de niveau industriel 3 du commutateur le rend appropri\u00e9 pour une utilisation dans des applications d&rsquo;environnement difficiles, telles que l&rsquo;alimentation, le transport, les pipelines, la p\u00e9trochimie, l&rsquo;automatisation industrielle et la surveillance IP.<\/p>\n<p><strong>Caract\u00e9ristiques:<\/strong><\/p>\n<ul>\n<li>Commutateur industriel non g\u00e9r\u00e9<\/li>\n<li>5 ports 10\/100 \/ 1000Base-T (X), 4 ports PoE +<\/li>\n<li>Chaque sortie de port PoE jusqu&rsquo;\u00e0 30 W<\/li>\n<li>Soutenir IEEE802.3af &amp; at<\/li>\n<li>Entr\u00e9e d&rsquo;alimentation 9 ~ 36VDC<\/li>\n<li>Protection contre les surcharges de courant et protection contre l&rsquo;inversion de polarit\u00e9<\/li>\n<li>Protection ESD de niveau 3<\/li>\n<li>Conception du bo\u00eetier IP-40<\/li>\n<li>Support de rail DIN ou mural<\/li>\n<li>La conception de montage DIN unique facilite le montage et le retrait<\/li>\n<\/ul>\n","protected":false},"excerpt":{"rendered":"<p><strong>Commutateur Ethernet industriel, non g\u00e9r\u00e9,<\/strong> (4) ports cuivre PoE + IEEE802.3at 10\/100\/1000 Mbps, (1) port non PoE 10\/100\/1000 Mbps, protection ESD IP40 de niveau industriel 3. Entr\u00e9e 9-36VDC. Rail DIN \/ de bureau \/ mural.<\/p>\n","protected":false},"featured_media":5017,"template":"","meta":{"_et_pb_use_builder":"","_et_pb_old_content":"","_et_gb_content_width":""},"pwb-brand":[206],"product_brand":[],"product_cat":[304,31,40],"product_tag":[144,145,141,142,143,149,150,148,147,146,139,140],"class_list":{"0":"post-4843","1":"product","2":"type-product","3":"status-publish","4":"has-post-thumbnail","6":"pwb-brand-kbc-networks","7":"product_cat-commutateurs-non-geres-avec-poe","8":"product_cat-transmission-des-donnees","9":"product_cat-interrupteurs-industriels","10":"product_tag-16-ports","11":"product_tag-24-ports","12":"product_tag-4-ports","13":"product_tag-6-ports","14":"product_tag-8-ports","15":"product_tag-din-rail","16":"product_tag-gigabit","17":"product_tag-montage-en-rack","18":"product_tag-non-poe","19":"product_tag-poe","20":"product_tag-switch-gere","21":"product_tag-switch-non-gere","23":"first","24":"instock","25":"shipping-taxable","26":"product-type-simple"},"yoast_head":"<!-- This site is optimized with the Yoast SEO plugin v25.2 - https:\/\/yoast.com\/wordpress\/plugins\/seo\/ -->\n<title>Commutateur industriel, ESUGS4-G1-L-B - Bunker Seguridad<\/title>\n<meta name=\"description\" content=\"Le KBC ESUGS4-G1-L-B est un commutateur industriel haute performance non g\u00e9r\u00e9 avec port cuivre \u00e0 d\u00e9tection automatique 5 * v10 \/ 100 \/ 1000M.\" \/>\n<meta name=\"robots\" content=\"noindex, follow, max-snippet:-1, max-image-preview:large, max-video-preview:-1\" \/>\n<meta property=\"og:locale\" content=\"fr_FR\" \/>\n<meta property=\"og:type\" content=\"article\" \/>\n<meta property=\"og:title\" content=\"Commutateur industriel, ESUGS4-G1-L-B - Bunker Seguridad\" \/>\n<meta property=\"og:description\" content=\"Le KBC ESUGS4-G1-L-B est un commutateur industriel haute performance non g\u00e9r\u00e9 avec port cuivre \u00e0 d\u00e9tection automatique 5 * v10 \/ 100 \/ 1000M.\" \/>\n<meta property=\"og:url\" content=\"https:\/\/bunkerseguridad.es\/fr\/produit\/commutateur-industriel-esugs4-g1-l-b\/\" \/>\n<meta property=\"og:site_name\" content=\"Bunker Seguridad\" \/>\n<meta property=\"article:modified_time\" content=\"2021-03-11T09:18:25+00:00\" \/>\n<meta property=\"og:image\" content=\"https:\/\/bunkerseguridad.es\/fr\/wp-content\/uploads\/2020\/11\/esugs4-g1-l-b.png\" \/>\n\t<meta property=\"og:image:width\" content=\"1200\" \/>\n\t<meta property=\"og:image:height\" content=\"1200\" \/>\n\t<meta property=\"og:image:type\" content=\"image\/png\" \/>\n<meta name=\"twitter:card\" content=\"summary_large_image\" \/>\n<meta name=\"twitter:label1\" content=\"Dur\u00e9e de lecture estim\u00e9e\" \/>\n\t<meta name=\"twitter:data1\" content=\"1 minute\" \/>\n<script type=\"application\/ld+json\" class=\"yoast-schema-graph\">{\"@context\":\"https:\/\/schema.org\",\"@graph\":[{\"@type\":\"WebPage\",\"@id\":\"https:\/\/bunkerseguridad.es\/fr\/produit\/commutateur-industriel-esugs4-g1-l-b\/\",\"url\":\"https:\/\/bunkerseguridad.es\/fr\/produit\/commutateur-industriel-esugs4-g1-l-b\/\",\"name\":\"Commutateur industriel, ESUGS4-G1-L-B - Bunker Seguridad\",\"isPartOf\":{\"@id\":\"https:\/\/bunkerseguridad.es\/fr\/#website\"},\"primaryImageOfPage\":{\"@id\":\"https:\/\/bunkerseguridad.es\/fr\/produit\/commutateur-industriel-esugs4-g1-l-b\/#primaryimage\"},\"image\":{\"@id\":\"https:\/\/bunkerseguridad.es\/fr\/produit\/commutateur-industriel-esugs4-g1-l-b\/#primaryimage\"},\"thumbnailUrl\":\"https:\/\/bunkerseguridad.es\/fr\/wp-content\/uploads\/2020\/11\/esugs4-g1-l-b.png\",\"datePublished\":\"2020-11-26T09:54:34+00:00\",\"dateModified\":\"2021-03-11T09:18:25+00:00\",\"description\":\"Le KBC ESUGS4-G1-L-B est un commutateur industriel haute performance non g\u00e9r\u00e9 avec port cuivre \u00e0 d\u00e9tection automatique 5 * v10 \/ 100 \/ 1000M.\",\"breadcrumb\":{\"@id\":\"https:\/\/bunkerseguridad.es\/fr\/produit\/commutateur-industriel-esugs4-g1-l-b\/#breadcrumb\"},\"inLanguage\":\"fr-FR\",\"potentialAction\":[{\"@type\":\"ReadAction\",\"target\":[\"https:\/\/bunkerseguridad.es\/fr\/produit\/commutateur-industriel-esugs4-g1-l-b\/\"]}]},{\"@type\":\"ImageObject\",\"inLanguage\":\"fr-FR\",\"@id\":\"https:\/\/bunkerseguridad.es\/fr\/produit\/commutateur-industriel-esugs4-g1-l-b\/#primaryimage\",\"url\":\"https:\/\/bunkerseguridad.es\/fr\/wp-content\/uploads\/2020\/11\/esugs4-g1-l-b.png\",\"contentUrl\":\"https:\/\/bunkerseguridad.es\/fr\/wp-content\/uploads\/2020\/11\/esugs4-g1-l-b.png\",\"width\":1200,\"height\":1200},{\"@type\":\"BreadcrumbList\",\"@id\":\"https:\/\/bunkerseguridad.es\/fr\/produit\/commutateur-industriel-esugs4-g1-l-b\/#breadcrumb\",\"itemListElement\":[{\"@type\":\"ListItem\",\"position\":1,\"name\":\"Home\",\"item\":\"https:\/\/bunkerseguridad.es\/fr\/\"},{\"@type\":\"ListItem\",\"position\":2,\"name\":\"Shop\",\"item\":\"https:\/\/bunkerseguridad.es\/fr\/shop\/\"},{\"@type\":\"ListItem\",\"position\":3,\"name\":\"Commutateur industriel, ESUGS4-G1-L-B\"}]},{\"@type\":\"WebSite\",\"@id\":\"https:\/\/bunkerseguridad.es\/fr\/#website\",\"url\":\"https:\/\/bunkerseguridad.es\/fr\/\",\"name\":\"Bunker Seguridad\",\"description\":\"Otro sitio realizado con WordPress\",\"potentialAction\":[{\"@type\":\"SearchAction\",\"target\":{\"@type\":\"EntryPoint\",\"urlTemplate\":\"https:\/\/bunkerseguridad.es\/fr\/?s={search_term_string}\"},\"query-input\":{\"@type\":\"PropertyValueSpecification\",\"valueRequired\":true,\"valueName\":\"search_term_string\"}}],\"inLanguage\":\"fr-FR\"}]}<\/script>\n<!-- \/ Yoast SEO plugin. -->","yoast_head_json":{"title":"Commutateur industriel, ESUGS4-G1-L-B - Bunker Seguridad","description":"Le KBC ESUGS4-G1-L-B est un commutateur industriel haute performance non g\u00e9r\u00e9 avec port cuivre \u00e0 d\u00e9tection automatique 5 * v10 \/ 100 \/ 1000M.","robots":{"index":"noindex","follow":"follow","max-snippet":"max-snippet:-1","max-image-preview":"max-image-preview:large","max-video-preview":"max-video-preview:-1"},"og_locale":"fr_FR","og_type":"article","og_title":"Commutateur industriel, ESUGS4-G1-L-B - Bunker Seguridad","og_description":"Le KBC ESUGS4-G1-L-B est un commutateur industriel haute performance non g\u00e9r\u00e9 avec port cuivre \u00e0 d\u00e9tection automatique 5 * v10 \/ 100 \/ 1000M.","og_url":"https:\/\/bunkerseguridad.es\/fr\/produit\/commutateur-industriel-esugs4-g1-l-b\/","og_site_name":"Bunker Seguridad","article_modified_time":"2021-03-11T09:18:25+00:00","og_image":[{"width":1200,"height":1200,"url":"https:\/\/bunkerseguridad.es\/fr\/wp-content\/uploads\/2020\/11\/esugs4-g1-l-b.png","type":"image\/png"}],"twitter_card":"summary_large_image","twitter_misc":{"Dur\u00e9e de lecture estim\u00e9e":"1 minute"},"schema":{"@context":"https:\/\/schema.org","@graph":[{"@type":"WebPage","@id":"https:\/\/bunkerseguridad.es\/fr\/produit\/commutateur-industriel-esugs4-g1-l-b\/","url":"https:\/\/bunkerseguridad.es\/fr\/produit\/commutateur-industriel-esugs4-g1-l-b\/","name":"Commutateur industriel, ESUGS4-G1-L-B - Bunker Seguridad","isPartOf":{"@id":"https:\/\/bunkerseguridad.es\/fr\/#website"},"primaryImageOfPage":{"@id":"https:\/\/bunkerseguridad.es\/fr\/produit\/commutateur-industriel-esugs4-g1-l-b\/#primaryimage"},"image":{"@id":"https:\/\/bunkerseguridad.es\/fr\/produit\/commutateur-industriel-esugs4-g1-l-b\/#primaryimage"},"thumbnailUrl":"https:\/\/bunkerseguridad.es\/fr\/wp-content\/uploads\/2020\/11\/esugs4-g1-l-b.png","datePublished":"2020-11-26T09:54:34+00:00","dateModified":"2021-03-11T09:18:25+00:00","description":"Le KBC ESUGS4-G1-L-B est un commutateur industriel haute performance non g\u00e9r\u00e9 avec port cuivre \u00e0 d\u00e9tection automatique 5 * v10 \/ 100 \/ 1000M.","breadcrumb":{"@id":"https:\/\/bunkerseguridad.es\/fr\/produit\/commutateur-industriel-esugs4-g1-l-b\/#breadcrumb"},"inLanguage":"fr-FR","potentialAction":[{"@type":"ReadAction","target":["https:\/\/bunkerseguridad.es\/fr\/produit\/commutateur-industriel-esugs4-g1-l-b\/"]}]},{"@type":"ImageObject","inLanguage":"fr-FR","@id":"https:\/\/bunkerseguridad.es\/fr\/produit\/commutateur-industriel-esugs4-g1-l-b\/#primaryimage","url":"https:\/\/bunkerseguridad.es\/fr\/wp-content\/uploads\/2020\/11\/esugs4-g1-l-b.png","contentUrl":"https:\/\/bunkerseguridad.es\/fr\/wp-content\/uploads\/2020\/11\/esugs4-g1-l-b.png","width":1200,"height":1200},{"@type":"BreadcrumbList","@id":"https:\/\/bunkerseguridad.es\/fr\/produit\/commutateur-industriel-esugs4-g1-l-b\/#breadcrumb","itemListElement":[{"@type":"ListItem","position":1,"name":"Home","item":"https:\/\/bunkerseguridad.es\/fr\/"},{"@type":"ListItem","position":2,"name":"Shop","item":"https:\/\/bunkerseguridad.es\/fr\/shop\/"},{"@type":"ListItem","position":3,"name":"Commutateur industriel, ESUGS4-G1-L-B"}]},{"@type":"WebSite","@id":"https:\/\/bunkerseguridad.es\/fr\/#website","url":"https:\/\/bunkerseguridad.es\/fr\/","name":"Bunker Seguridad","description":"Otro sitio realizado con WordPress","potentialAction":[{"@type":"SearchAction","target":{"@type":"EntryPoint","urlTemplate":"https:\/\/bunkerseguridad.es\/fr\/?s={search_term_string}"},"query-input":{"@type":"PropertyValueSpecification","valueRequired":true,"valueName":"search_term_string"}}],"inLanguage":"fr-FR"}]}},"brands":[{"id":206,"name":"KBC Networks","slug":"kbc-networks"}],"_links":{"self":[{"href":"https:\/\/bunkerseguridad.es\/fr\/wp-json\/wp\/v2\/product\/4843","targetHints":{"allow":["GET"]}}],"collection":[{"href":"https:\/\/bunkerseguridad.es\/fr\/wp-json\/wp\/v2\/product"}],"about":[{"href":"https:\/\/bunkerseguridad.es\/fr\/wp-json\/wp\/v2\/types\/product"}],"wp:featuredmedia":[{"embeddable":true,"href":"https:\/\/bunkerseguridad.es\/fr\/wp-json\/wp\/v2\/media\/5017"}],"wp:attachment":[{"href":"https:\/\/bunkerseguridad.es\/fr\/wp-json\/wp\/v2\/media?parent=4843"}],"wp:term":[{"taxonomy":"pwb-brand","embeddable":true,"href":"https:\/\/bunkerseguridad.es\/fr\/wp-json\/wp\/v2\/pwb-brand?post=4843"},{"taxonomy":"product_brand","embeddable":true,"href":"https:\/\/bunkerseguridad.es\/fr\/wp-json\/wp\/v2\/product_brand?post=4843"},{"taxonomy":"product_cat","embeddable":true,"href":"https:\/\/bunkerseguridad.es\/fr\/wp-json\/wp\/v2\/product_cat?post=4843"},{"taxonomy":"product_tag","embeddable":true,"href":"https:\/\/bunkerseguridad.es\/fr\/wp-json\/wp\/v2\/product_tag?post=4843"}],"curies":[{"name":"wp","href":"https:\/\/api.w.org\/{rel}","templated":true}]}}