{"id":4955,"date":"2020-11-27T10:00:38","date_gmt":"2020-11-27T10:00:38","guid":{"rendered":"http:\/\/www.bunkerseguridad.es\/en\/?post_type=product&#038;p=4955"},"modified":"2021-03-10T13:10:41","modified_gmt":"2021-03-10T13:10:41","slug":"commutateur-industriel-esmgn8-c2-b","status":"publish","type":"product","link":"https:\/\/bunkerseguridad.es\/fr\/produit\/commutateur-industriel-esmgn8-c2-b\/","title":{"rendered":"Commutateur industriel, ESMGN8-C2-B"},"content":{"rendered":"<p>L<strong>a s\u00e9rie KBC ESMGN8-C2-B est un commutateur Gigabit Ethernet industriel g\u00e9r\u00e9 \u00e0 10 ports haute performance avec huit ports 10\/100 \/ 1000M et deux ports combo Gigabit.<\/strong> Le commutateur prend en charge la commutation de protection en anneau Ethernet (ERPS) ainsi que STP \/ RSTP \/ MSTP. Il prend \u00e9galement en charge la gestion de r\u00e9seau Web, le VLAN, la QoS, le SNMP, la surveillance IGMP et d&rsquo;autres fonctions r\u00e9seau. Les voyants LED indiquent l&rsquo;\u00e9tat de la connexion lors de l&rsquo;utilisation de l&rsquo;option SFP. La conception robuste avec un bo\u00eetier IP40 et une protection ESD de niveau industriel 3 le rend adapt\u00e9 \u00e0 de nombreuses applications telles que les syst\u00e8mes de transport intelligents, la surveillance IP et les r\u00e9seaux industriels. Le produit est disponible dans des configurations de rail DIN ou de montage mural.<\/p>\n<p><strong>Caract\u00e9ristiques:<\/strong><\/p>\n<ul>\n<li>8 ports Ethernet 10\/100 \/ 1000Base-T<\/li>\n<li>2 * ports de peigne Gigabit<\/li>\n<li>EPRS (temps de r\u00e9cup\u00e9ration typique &lt;30 ms sur 250 unit\u00e9s de connexion)<\/li>\n<li>Diff\u00e9rents protocoles et standards de redondance STP \/ RSTP \/ MSTP<\/li>\n<li>Gestion du r\u00e9seau SNMP v1 \/ v2c \/ v3 &amp; RMON &amp; Port base \/ 802.1Q VLAN<\/li>\n<li>Fonction de multidiffusion IGMP Snooping<\/li>\n<li>WEB, Telnet, SSH, console (CLI)<\/li>\n<li>Ouvrir et fermer le port, relier le MAC et le port<\/li>\n<li>Contr\u00f4le d&rsquo;acc\u00e8s au r\u00e9seau 802.1x<\/li>\n<li>Protocole 802.1Q, isoler le flux r\u00e9seau<\/li>\n<li>Gestion centralis\u00e9e des mots de passe Radius<\/li>\n<li>Protection contre les surcharges de courant et protection contre l&rsquo;inversion de polarit\u00e9<\/li>\n<li>L&rsquo;affichage \u00e0 LED indique la puissance d&rsquo;\u00e9mission et de r\u00e9ception de l&rsquo;optique<\/li>\n<li>Protection du bo\u00eetier IP40<\/li>\n<li>La conception de montage DIN unique facilite le montage et le retrait<\/li>\n<\/ul>\n","protected":false},"excerpt":{"rendered":"<p><strong>Commutateur Ethernet industriel, g\u00e9r\u00e9 couche 2, (8) ports cuivre 10\/100 \/ 1000Mbps, (2) ports combo Gigabit, protection ESD industrielle IP40 de niveau 3<\/strong>. Rail DIN \/ montage mural. Entr\u00e9e 48 ~ 57VDC. N\u00e9cessite une alimentation vendue s\u00e9par\u00e9ment.<\/p>\n","protected":false},"featured_media":5009,"template":"","meta":{"_et_pb_use_builder":"","_et_pb_old_content":"","_et_gb_content_width":""},"pwb-brand":[206],"product_brand":[],"product_cat":[305,31,40],"product_tag":[144,145,141,142,143,149,150,148,147,146,139,140],"class_list":{"0":"post-4955","1":"product","2":"type-product","3":"status-publish","4":"has-post-thumbnail","6":"pwb-brand-kbc-networks","7":"product_cat-commutateurs-geres-non-poe","8":"product_cat-transmission-des-donnees","9":"product_cat-interrupteurs-industriels","10":"product_tag-16-ports","11":"product_tag-24-ports","12":"product_tag-4-ports","13":"product_tag-6-ports","14":"product_tag-8-ports","15":"product_tag-din-rail","16":"product_tag-gigabit","17":"product_tag-montage-en-rack","18":"product_tag-non-poe","19":"product_tag-poe","20":"product_tag-switch-gere","21":"product_tag-switch-non-gere","23":"first","24":"instock","25":"shipping-taxable","26":"product-type-simple"},"yoast_head":"<!-- This site is optimized with the Yoast SEO plugin v25.2 - https:\/\/yoast.com\/wordpress\/plugins\/seo\/ -->\n<title>Commutateur industriel, ESMGN8-C2-B - Bunker Seguridad<\/title>\n<meta name=\"description\" content=\"Commutateur Gigabit Ethernet industriel g\u00e9r\u00e9 \u00e0 10 ports haute performance avec huit ports 10\/100 \/ 1000M et deux ports combo Gigabit.\" \/>\n<meta name=\"robots\" content=\"noindex, follow, max-snippet:-1, max-image-preview:large, max-video-preview:-1\" \/>\n<meta property=\"og:locale\" content=\"fr_FR\" \/>\n<meta property=\"og:type\" content=\"article\" \/>\n<meta property=\"og:title\" content=\"Commutateur industriel, ESMGN8-C2-B - Bunker Seguridad\" \/>\n<meta property=\"og:description\" content=\"Commutateur Gigabit Ethernet industriel g\u00e9r\u00e9 \u00e0 10 ports haute performance avec huit ports 10\/100 \/ 1000M et deux ports combo Gigabit.\" \/>\n<meta property=\"og:url\" content=\"https:\/\/bunkerseguridad.es\/fr\/produit\/commutateur-industriel-esmgn8-c2-b\/\" \/>\n<meta property=\"og:site_name\" content=\"Bunker Seguridad\" \/>\n<meta property=\"article:modified_time\" content=\"2021-03-10T13:10:41+00:00\" \/>\n<meta property=\"og:image\" content=\"https:\/\/bunkerseguridad.es\/fr\/wp-content\/uploads\/2020\/11\/esmgn8-c2-b.png\" \/>\n\t<meta property=\"og:image:width\" content=\"1200\" \/>\n\t<meta property=\"og:image:height\" content=\"1200\" \/>\n\t<meta property=\"og:image:type\" content=\"image\/png\" \/>\n<meta name=\"twitter:card\" content=\"summary_large_image\" \/>\n<meta name=\"twitter:label1\" content=\"Dur\u00e9e de lecture estim\u00e9e\" \/>\n\t<meta name=\"twitter:data1\" content=\"2 minutes\" \/>\n<script type=\"application\/ld+json\" class=\"yoast-schema-graph\">{\"@context\":\"https:\/\/schema.org\",\"@graph\":[{\"@type\":\"WebPage\",\"@id\":\"https:\/\/bunkerseguridad.es\/fr\/produit\/commutateur-industriel-esmgn8-c2-b\/\",\"url\":\"https:\/\/bunkerseguridad.es\/fr\/produit\/commutateur-industriel-esmgn8-c2-b\/\",\"name\":\"Commutateur industriel, ESMGN8-C2-B - Bunker Seguridad\",\"isPartOf\":{\"@id\":\"https:\/\/bunkerseguridad.es\/fr\/#website\"},\"primaryImageOfPage\":{\"@id\":\"https:\/\/bunkerseguridad.es\/fr\/produit\/commutateur-industriel-esmgn8-c2-b\/#primaryimage\"},\"image\":{\"@id\":\"https:\/\/bunkerseguridad.es\/fr\/produit\/commutateur-industriel-esmgn8-c2-b\/#primaryimage\"},\"thumbnailUrl\":\"https:\/\/bunkerseguridad.es\/fr\/wp-content\/uploads\/2020\/11\/esmgn8-c2-b.png\",\"datePublished\":\"2020-11-27T10:00:38+00:00\",\"dateModified\":\"2021-03-10T13:10:41+00:00\",\"description\":\"Commutateur Gigabit Ethernet industriel g\u00e9r\u00e9 \u00e0 10 ports haute performance avec huit ports 10\/100 \/ 1000M et deux ports combo Gigabit.\",\"breadcrumb\":{\"@id\":\"https:\/\/bunkerseguridad.es\/fr\/produit\/commutateur-industriel-esmgn8-c2-b\/#breadcrumb\"},\"inLanguage\":\"fr-FR\",\"potentialAction\":[{\"@type\":\"ReadAction\",\"target\":[\"https:\/\/bunkerseguridad.es\/fr\/produit\/commutateur-industriel-esmgn8-c2-b\/\"]}]},{\"@type\":\"ImageObject\",\"inLanguage\":\"fr-FR\",\"@id\":\"https:\/\/bunkerseguridad.es\/fr\/produit\/commutateur-industriel-esmgn8-c2-b\/#primaryimage\",\"url\":\"https:\/\/bunkerseguridad.es\/fr\/wp-content\/uploads\/2020\/11\/esmgn8-c2-b.png\",\"contentUrl\":\"https:\/\/bunkerseguridad.es\/fr\/wp-content\/uploads\/2020\/11\/esmgn8-c2-b.png\",\"width\":1200,\"height\":1200},{\"@type\":\"BreadcrumbList\",\"@id\":\"https:\/\/bunkerseguridad.es\/fr\/produit\/commutateur-industriel-esmgn8-c2-b\/#breadcrumb\",\"itemListElement\":[{\"@type\":\"ListItem\",\"position\":1,\"name\":\"Home\",\"item\":\"https:\/\/bunkerseguridad.es\/fr\/\"},{\"@type\":\"ListItem\",\"position\":2,\"name\":\"Shop\",\"item\":\"https:\/\/bunkerseguridad.es\/fr\/shop\/\"},{\"@type\":\"ListItem\",\"position\":3,\"name\":\"Commutateur industriel, ESMGN8-C2-B\"}]},{\"@type\":\"WebSite\",\"@id\":\"https:\/\/bunkerseguridad.es\/fr\/#website\",\"url\":\"https:\/\/bunkerseguridad.es\/fr\/\",\"name\":\"Bunker Seguridad\",\"description\":\"Otro sitio realizado con WordPress\",\"potentialAction\":[{\"@type\":\"SearchAction\",\"target\":{\"@type\":\"EntryPoint\",\"urlTemplate\":\"https:\/\/bunkerseguridad.es\/fr\/?s={search_term_string}\"},\"query-input\":{\"@type\":\"PropertyValueSpecification\",\"valueRequired\":true,\"valueName\":\"search_term_string\"}}],\"inLanguage\":\"fr-FR\"}]}<\/script>\n<!-- \/ Yoast SEO plugin. -->","yoast_head_json":{"title":"Commutateur industriel, ESMGN8-C2-B - Bunker Seguridad","description":"Commutateur Gigabit Ethernet industriel g\u00e9r\u00e9 \u00e0 10 ports haute performance avec huit ports 10\/100 \/ 1000M et deux ports combo Gigabit.","robots":{"index":"noindex","follow":"follow","max-snippet":"max-snippet:-1","max-image-preview":"max-image-preview:large","max-video-preview":"max-video-preview:-1"},"og_locale":"fr_FR","og_type":"article","og_title":"Commutateur industriel, ESMGN8-C2-B - Bunker Seguridad","og_description":"Commutateur Gigabit Ethernet industriel g\u00e9r\u00e9 \u00e0 10 ports haute performance avec huit ports 10\/100 \/ 1000M et deux ports combo Gigabit.","og_url":"https:\/\/bunkerseguridad.es\/fr\/produit\/commutateur-industriel-esmgn8-c2-b\/","og_site_name":"Bunker Seguridad","article_modified_time":"2021-03-10T13:10:41+00:00","og_image":[{"width":1200,"height":1200,"url":"https:\/\/bunkerseguridad.es\/fr\/wp-content\/uploads\/2020\/11\/esmgn8-c2-b.png","type":"image\/png"}],"twitter_card":"summary_large_image","twitter_misc":{"Dur\u00e9e de lecture estim\u00e9e":"2 minutes"},"schema":{"@context":"https:\/\/schema.org","@graph":[{"@type":"WebPage","@id":"https:\/\/bunkerseguridad.es\/fr\/produit\/commutateur-industriel-esmgn8-c2-b\/","url":"https:\/\/bunkerseguridad.es\/fr\/produit\/commutateur-industriel-esmgn8-c2-b\/","name":"Commutateur industriel, ESMGN8-C2-B - Bunker Seguridad","isPartOf":{"@id":"https:\/\/bunkerseguridad.es\/fr\/#website"},"primaryImageOfPage":{"@id":"https:\/\/bunkerseguridad.es\/fr\/produit\/commutateur-industriel-esmgn8-c2-b\/#primaryimage"},"image":{"@id":"https:\/\/bunkerseguridad.es\/fr\/produit\/commutateur-industriel-esmgn8-c2-b\/#primaryimage"},"thumbnailUrl":"https:\/\/bunkerseguridad.es\/fr\/wp-content\/uploads\/2020\/11\/esmgn8-c2-b.png","datePublished":"2020-11-27T10:00:38+00:00","dateModified":"2021-03-10T13:10:41+00:00","description":"Commutateur Gigabit Ethernet industriel g\u00e9r\u00e9 \u00e0 10 ports haute performance avec huit ports 10\/100 \/ 1000M et deux ports combo Gigabit.","breadcrumb":{"@id":"https:\/\/bunkerseguridad.es\/fr\/produit\/commutateur-industriel-esmgn8-c2-b\/#breadcrumb"},"inLanguage":"fr-FR","potentialAction":[{"@type":"ReadAction","target":["https:\/\/bunkerseguridad.es\/fr\/produit\/commutateur-industriel-esmgn8-c2-b\/"]}]},{"@type":"ImageObject","inLanguage":"fr-FR","@id":"https:\/\/bunkerseguridad.es\/fr\/produit\/commutateur-industriel-esmgn8-c2-b\/#primaryimage","url":"https:\/\/bunkerseguridad.es\/fr\/wp-content\/uploads\/2020\/11\/esmgn8-c2-b.png","contentUrl":"https:\/\/bunkerseguridad.es\/fr\/wp-content\/uploads\/2020\/11\/esmgn8-c2-b.png","width":1200,"height":1200},{"@type":"BreadcrumbList","@id":"https:\/\/bunkerseguridad.es\/fr\/produit\/commutateur-industriel-esmgn8-c2-b\/#breadcrumb","itemListElement":[{"@type":"ListItem","position":1,"name":"Home","item":"https:\/\/bunkerseguridad.es\/fr\/"},{"@type":"ListItem","position":2,"name":"Shop","item":"https:\/\/bunkerseguridad.es\/fr\/shop\/"},{"@type":"ListItem","position":3,"name":"Commutateur industriel, ESMGN8-C2-B"}]},{"@type":"WebSite","@id":"https:\/\/bunkerseguridad.es\/fr\/#website","url":"https:\/\/bunkerseguridad.es\/fr\/","name":"Bunker Seguridad","description":"Otro sitio realizado con WordPress","potentialAction":[{"@type":"SearchAction","target":{"@type":"EntryPoint","urlTemplate":"https:\/\/bunkerseguridad.es\/fr\/?s={search_term_string}"},"query-input":{"@type":"PropertyValueSpecification","valueRequired":true,"valueName":"search_term_string"}}],"inLanguage":"fr-FR"}]}},"brands":[{"id":206,"name":"KBC Networks","slug":"kbc-networks"}],"_links":{"self":[{"href":"https:\/\/bunkerseguridad.es\/fr\/wp-json\/wp\/v2\/product\/4955","targetHints":{"allow":["GET"]}}],"collection":[{"href":"https:\/\/bunkerseguridad.es\/fr\/wp-json\/wp\/v2\/product"}],"about":[{"href":"https:\/\/bunkerseguridad.es\/fr\/wp-json\/wp\/v2\/types\/product"}],"wp:featuredmedia":[{"embeddable":true,"href":"https:\/\/bunkerseguridad.es\/fr\/wp-json\/wp\/v2\/media\/5009"}],"wp:attachment":[{"href":"https:\/\/bunkerseguridad.es\/fr\/wp-json\/wp\/v2\/media?parent=4955"}],"wp:term":[{"taxonomy":"pwb-brand","embeddable":true,"href":"https:\/\/bunkerseguridad.es\/fr\/wp-json\/wp\/v2\/pwb-brand?post=4955"},{"taxonomy":"product_brand","embeddable":true,"href":"https:\/\/bunkerseguridad.es\/fr\/wp-json\/wp\/v2\/product_brand?post=4955"},{"taxonomy":"product_cat","embeddable":true,"href":"https:\/\/bunkerseguridad.es\/fr\/wp-json\/wp\/v2\/product_cat?post=4955"},{"taxonomy":"product_tag","embeddable":true,"href":"https:\/\/bunkerseguridad.es\/fr\/wp-json\/wp\/v2\/product_tag?post=4955"}],"curies":[{"name":"wp","href":"https:\/\/api.w.org\/{rel}","templated":true}]}}