{"id":5336,"date":"2020-12-14T08:46:54","date_gmt":"2020-12-14T08:46:54","guid":{"rendered":"http:\/\/www.bunkerseguridad.es\/en\/?post_type=product&#038;p=5336"},"modified":"2021-03-10T12:51:36","modified_gmt":"2021-03-10T12:51:36","slug":"convertisseurs-de-medias-mccl1-s1a-s1b-xyz","status":"publish","type":"product","link":"https:\/\/bunkerseguridad.es\/fr\/produit\/convertisseurs-de-medias-mccl1-s1a-s1b-xyz\/","title":{"rendered":"Convertisseurs de m\u00e9dias MCCL1-S1A\/S1B-xyz"},"content":{"rendered":"<p><strong>La s\u00e9rie KBC MCCL1 est un convertisseur de m\u00e9dia Ethernet 10\/100.<\/strong> Il prend en charge la transmission d&rsquo;un canal Ethernet sur une ou deux fibres optiques multimode ou monomode avec un fonctionnement en duplex int\u00e9gral. La conception plug-and-play rend l&rsquo;installation simple, sans ajustement \u00e9lectrique ou optique n\u00e9cessaire. Des indicateurs LED sont fournis pour montrer l&rsquo;\u00e9tat de fonctionnement de l&rsquo;unit\u00e9.<\/p>\n<p>La s\u00e9rie est disponible dans une unit\u00e9 murale compacte qui s&rsquo;int\u00e8gre \u00e9galement dans un rack 2U 19 \u201d. Jusqu&rsquo;\u00e0 16 convertisseurs de m\u00e9dia MCCL1 peuvent \u00eatre log\u00e9s dans un rack.<\/p>\n<p>Les convertisseurs de m\u00e9dia KBC MCCL1 10\/100 sont con\u00e7us pour des distances de transmission allant jusqu&rsquo;\u00e0 4 km pour la fibre multimode et 25 km sur la fibre monomode. Si le convertisseur de m\u00e9dia doit \u00eatre connect\u00e9 \u00e0 un port SFP, veuillez nous contacter pour obtenir des conseils car les SFP peuvent varier dans le niveau auquel ils saturent.<\/p>\n<p><strong>Caract\u00e9ristiques:<\/strong><\/p>\n<ul>\n<li>Empreinte compacte<\/li>\n<li>16 unit\u00e9s peuvent \u00eatre ins\u00e9r\u00e9es dans un rack 19 \u201d<\/li>\n<li>D\u00e9tection automatique 10 \/ 100M<\/li>\n<li>MDI \/ MDIX<\/li>\n<li>Interfaces multimodes et monomodes<\/li>\n<li>Fibres simples et doubles<\/li>\n<li>Jusqu&rsquo;\u00e0 25 km en fibre monomode<\/li>\n<\/ul>\n","protected":false},"excerpt":{"rendered":"<p><strong>Convertisseurs de M\u00e9dias Ethernet Commerciaux &#8211;<\/strong> Convertisseur de m\u00e9dia \u00e0 fibre optique LAN Ethernet 10 \/ 100Mbps c\u00f4t\u00e9 \u00abA\u00bb (S1A-xyz), c\u00f4t\u00e9 \u00abB\u00bb (MCCL1-S1B-xyz), 1 fibre, 1310nm monomode, budget de perte optique 15dB. Port\u00e9e de 25 km. -10 \u00b0 C \u00e0 55 \u00b0 C (14 \u00b0 F \u00e0 131 \u00b0 F) temp\u00e9rature de fonctionnement. 5VDC, 2W.<\/p>\n","protected":false},"featured_media":5326,"template":"","meta":{"_et_pb_use_builder":"","_et_pb_old_content":"","_et_gb_content_width":""},"pwb-brand":[206],"product_brand":[],"product_cat":[307,31,38],"product_tag":[155,151,183],"class_list":{"0":"post-5336","1":"product","2":"type-product","3":"status-publish","4":"has-post-thumbnail","6":"pwb-brand-kbc-networks","7":"product_cat-professional-media-converters","8":"product_cat-transmission-des-donnees","9":"product_cat-convertisseurs-medias","10":"product_tag-10-100mbps","11":"product_tag-convertisseur-de-medias-professionnel","12":"product_tag-singlemode","14":"first","15":"instock","16":"shipping-taxable","17":"product-type-simple"},"yoast_head":"<!-- This site is optimized with the Yoast SEO plugin v25.2 - https:\/\/yoast.com\/wordpress\/plugins\/seo\/ -->\n<title>Convertisseurs de m\u00e9dias MCCL1-S1A\/S1B-xyz - Bunker Seguridad<\/title>\n<meta name=\"description\" content=\"Convertisseurs de M\u00e9dias Ethernet Commerciaux - Convertisseur de m\u00e9dia \u00e0 fibre optique LAN Ethernet 10 \/ 100Mbps\" \/>\n<meta name=\"robots\" content=\"noindex, follow, max-snippet:-1, max-image-preview:large, max-video-preview:-1\" \/>\n<meta property=\"og:locale\" content=\"fr_FR\" \/>\n<meta property=\"og:type\" content=\"article\" \/>\n<meta property=\"og:title\" content=\"Convertisseurs de m\u00e9dias MCCL1-S1A\/S1B-xyz - Bunker Seguridad\" \/>\n<meta property=\"og:description\" content=\"Convertisseurs de M\u00e9dias Ethernet Commerciaux - Convertisseur de m\u00e9dia \u00e0 fibre optique LAN Ethernet 10 \/ 100Mbps\" \/>\n<meta property=\"og:url\" content=\"https:\/\/bunkerseguridad.es\/fr\/produit\/convertisseurs-de-medias-mccl1-s1a-s1b-xyz\/\" \/>\n<meta property=\"og:site_name\" content=\"Bunker Seguridad\" \/>\n<meta property=\"article:modified_time\" content=\"2021-03-10T12:51:36+00:00\" \/>\n<meta property=\"og:image\" content=\"https:\/\/bunkerseguridad.es\/fr\/wp-content\/uploads\/2020\/12\/Ethernet-Media-Converters-MCCL1-Series-M1A-MB1-xyz.png\" \/>\n\t<meta property=\"og:image:width\" content=\"1200\" \/>\n\t<meta property=\"og:image:height\" content=\"1200\" \/>\n\t<meta property=\"og:image:type\" content=\"image\/png\" \/>\n<meta name=\"twitter:card\" content=\"summary_large_image\" \/>\n<meta name=\"twitter:label1\" content=\"Dur\u00e9e de lecture estim\u00e9e\" \/>\n\t<meta name=\"twitter:data1\" content=\"1 minute\" \/>\n<script type=\"application\/ld+json\" class=\"yoast-schema-graph\">{\"@context\":\"https:\/\/schema.org\",\"@graph\":[{\"@type\":\"WebPage\",\"@id\":\"https:\/\/bunkerseguridad.es\/fr\/produit\/convertisseurs-de-medias-mccl1-s1a-s1b-xyz\/\",\"url\":\"https:\/\/bunkerseguridad.es\/fr\/produit\/convertisseurs-de-medias-mccl1-s1a-s1b-xyz\/\",\"name\":\"Convertisseurs de m\u00e9dias MCCL1-S1A\/S1B-xyz - Bunker Seguridad\",\"isPartOf\":{\"@id\":\"https:\/\/bunkerseguridad.es\/fr\/#website\"},\"primaryImageOfPage\":{\"@id\":\"https:\/\/bunkerseguridad.es\/fr\/produit\/convertisseurs-de-medias-mccl1-s1a-s1b-xyz\/#primaryimage\"},\"image\":{\"@id\":\"https:\/\/bunkerseguridad.es\/fr\/produit\/convertisseurs-de-medias-mccl1-s1a-s1b-xyz\/#primaryimage\"},\"thumbnailUrl\":\"https:\/\/bunkerseguridad.es\/fr\/wp-content\/uploads\/2020\/12\/Ethernet-Media-Converters-MCCL1-Series-M1A-MB1-xyz.png\",\"datePublished\":\"2020-12-14T08:46:54+00:00\",\"dateModified\":\"2021-03-10T12:51:36+00:00\",\"description\":\"Convertisseurs de M\u00e9dias Ethernet Commerciaux - Convertisseur de m\u00e9dia \u00e0 fibre optique LAN Ethernet 10 \/ 100Mbps\",\"breadcrumb\":{\"@id\":\"https:\/\/bunkerseguridad.es\/fr\/produit\/convertisseurs-de-medias-mccl1-s1a-s1b-xyz\/#breadcrumb\"},\"inLanguage\":\"fr-FR\",\"potentialAction\":[{\"@type\":\"ReadAction\",\"target\":[\"https:\/\/bunkerseguridad.es\/fr\/produit\/convertisseurs-de-medias-mccl1-s1a-s1b-xyz\/\"]}]},{\"@type\":\"ImageObject\",\"inLanguage\":\"fr-FR\",\"@id\":\"https:\/\/bunkerseguridad.es\/fr\/produit\/convertisseurs-de-medias-mccl1-s1a-s1b-xyz\/#primaryimage\",\"url\":\"https:\/\/bunkerseguridad.es\/fr\/wp-content\/uploads\/2020\/12\/Ethernet-Media-Converters-MCCL1-Series-M1A-MB1-xyz.png\",\"contentUrl\":\"https:\/\/bunkerseguridad.es\/fr\/wp-content\/uploads\/2020\/12\/Ethernet-Media-Converters-MCCL1-Series-M1A-MB1-xyz.png\",\"width\":1200,\"height\":1200,\"caption\":\"Convertisseurs de m\u00e9dia Ethernet-MCCL1-Series-S1A-SB1-xyz\"},{\"@type\":\"BreadcrumbList\",\"@id\":\"https:\/\/bunkerseguridad.es\/fr\/produit\/convertisseurs-de-medias-mccl1-s1a-s1b-xyz\/#breadcrumb\",\"itemListElement\":[{\"@type\":\"ListItem\",\"position\":1,\"name\":\"Home\",\"item\":\"https:\/\/bunkerseguridad.es\/fr\/\"},{\"@type\":\"ListItem\",\"position\":2,\"name\":\"Shop\",\"item\":\"https:\/\/bunkerseguridad.es\/fr\/shop\/\"},{\"@type\":\"ListItem\",\"position\":3,\"name\":\"Convertisseurs de m\u00e9dias MCCL1-S1A\/S1B-xyz\"}]},{\"@type\":\"WebSite\",\"@id\":\"https:\/\/bunkerseguridad.es\/fr\/#website\",\"url\":\"https:\/\/bunkerseguridad.es\/fr\/\",\"name\":\"Bunker Seguridad\",\"description\":\"Otro sitio realizado con WordPress\",\"potentialAction\":[{\"@type\":\"SearchAction\",\"target\":{\"@type\":\"EntryPoint\",\"urlTemplate\":\"https:\/\/bunkerseguridad.es\/fr\/?s={search_term_string}\"},\"query-input\":{\"@type\":\"PropertyValueSpecification\",\"valueRequired\":true,\"valueName\":\"search_term_string\"}}],\"inLanguage\":\"fr-FR\"}]}<\/script>\n<!-- \/ Yoast SEO plugin. -->","yoast_head_json":{"title":"Convertisseurs de m\u00e9dias MCCL1-S1A\/S1B-xyz - Bunker Seguridad","description":"Convertisseurs de M\u00e9dias Ethernet Commerciaux - Convertisseur de m\u00e9dia \u00e0 fibre optique LAN Ethernet 10 \/ 100Mbps","robots":{"index":"noindex","follow":"follow","max-snippet":"max-snippet:-1","max-image-preview":"max-image-preview:large","max-video-preview":"max-video-preview:-1"},"og_locale":"fr_FR","og_type":"article","og_title":"Convertisseurs de m\u00e9dias MCCL1-S1A\/S1B-xyz - Bunker Seguridad","og_description":"Convertisseurs de M\u00e9dias Ethernet Commerciaux - Convertisseur de m\u00e9dia \u00e0 fibre optique LAN Ethernet 10 \/ 100Mbps","og_url":"https:\/\/bunkerseguridad.es\/fr\/produit\/convertisseurs-de-medias-mccl1-s1a-s1b-xyz\/","og_site_name":"Bunker Seguridad","article_modified_time":"2021-03-10T12:51:36+00:00","og_image":[{"width":1200,"height":1200,"url":"https:\/\/bunkerseguridad.es\/fr\/wp-content\/uploads\/2020\/12\/Ethernet-Media-Converters-MCCL1-Series-M1A-MB1-xyz.png","type":"image\/png"}],"twitter_card":"summary_large_image","twitter_misc":{"Dur\u00e9e de lecture estim\u00e9e":"1 minute"},"schema":{"@context":"https:\/\/schema.org","@graph":[{"@type":"WebPage","@id":"https:\/\/bunkerseguridad.es\/fr\/produit\/convertisseurs-de-medias-mccl1-s1a-s1b-xyz\/","url":"https:\/\/bunkerseguridad.es\/fr\/produit\/convertisseurs-de-medias-mccl1-s1a-s1b-xyz\/","name":"Convertisseurs de m\u00e9dias MCCL1-S1A\/S1B-xyz - Bunker Seguridad","isPartOf":{"@id":"https:\/\/bunkerseguridad.es\/fr\/#website"},"primaryImageOfPage":{"@id":"https:\/\/bunkerseguridad.es\/fr\/produit\/convertisseurs-de-medias-mccl1-s1a-s1b-xyz\/#primaryimage"},"image":{"@id":"https:\/\/bunkerseguridad.es\/fr\/produit\/convertisseurs-de-medias-mccl1-s1a-s1b-xyz\/#primaryimage"},"thumbnailUrl":"https:\/\/bunkerseguridad.es\/fr\/wp-content\/uploads\/2020\/12\/Ethernet-Media-Converters-MCCL1-Series-M1A-MB1-xyz.png","datePublished":"2020-12-14T08:46:54+00:00","dateModified":"2021-03-10T12:51:36+00:00","description":"Convertisseurs de M\u00e9dias Ethernet Commerciaux - Convertisseur de m\u00e9dia \u00e0 fibre optique LAN Ethernet 10 \/ 100Mbps","breadcrumb":{"@id":"https:\/\/bunkerseguridad.es\/fr\/produit\/convertisseurs-de-medias-mccl1-s1a-s1b-xyz\/#breadcrumb"},"inLanguage":"fr-FR","potentialAction":[{"@type":"ReadAction","target":["https:\/\/bunkerseguridad.es\/fr\/produit\/convertisseurs-de-medias-mccl1-s1a-s1b-xyz\/"]}]},{"@type":"ImageObject","inLanguage":"fr-FR","@id":"https:\/\/bunkerseguridad.es\/fr\/produit\/convertisseurs-de-medias-mccl1-s1a-s1b-xyz\/#primaryimage","url":"https:\/\/bunkerseguridad.es\/fr\/wp-content\/uploads\/2020\/12\/Ethernet-Media-Converters-MCCL1-Series-M1A-MB1-xyz.png","contentUrl":"https:\/\/bunkerseguridad.es\/fr\/wp-content\/uploads\/2020\/12\/Ethernet-Media-Converters-MCCL1-Series-M1A-MB1-xyz.png","width":1200,"height":1200,"caption":"Convertisseurs de m\u00e9dia Ethernet-MCCL1-Series-S1A-SB1-xyz"},{"@type":"BreadcrumbList","@id":"https:\/\/bunkerseguridad.es\/fr\/produit\/convertisseurs-de-medias-mccl1-s1a-s1b-xyz\/#breadcrumb","itemListElement":[{"@type":"ListItem","position":1,"name":"Home","item":"https:\/\/bunkerseguridad.es\/fr\/"},{"@type":"ListItem","position":2,"name":"Shop","item":"https:\/\/bunkerseguridad.es\/fr\/shop\/"},{"@type":"ListItem","position":3,"name":"Convertisseurs de m\u00e9dias MCCL1-S1A\/S1B-xyz"}]},{"@type":"WebSite","@id":"https:\/\/bunkerseguridad.es\/fr\/#website","url":"https:\/\/bunkerseguridad.es\/fr\/","name":"Bunker Seguridad","description":"Otro sitio realizado con WordPress","potentialAction":[{"@type":"SearchAction","target":{"@type":"EntryPoint","urlTemplate":"https:\/\/bunkerseguridad.es\/fr\/?s={search_term_string}"},"query-input":{"@type":"PropertyValueSpecification","valueRequired":true,"valueName":"search_term_string"}}],"inLanguage":"fr-FR"}]}},"brands":[{"id":206,"name":"KBC Networks","slug":"kbc-networks"}],"_links":{"self":[{"href":"https:\/\/bunkerseguridad.es\/fr\/wp-json\/wp\/v2\/product\/5336","targetHints":{"allow":["GET"]}}],"collection":[{"href":"https:\/\/bunkerseguridad.es\/fr\/wp-json\/wp\/v2\/product"}],"about":[{"href":"https:\/\/bunkerseguridad.es\/fr\/wp-json\/wp\/v2\/types\/product"}],"wp:featuredmedia":[{"embeddable":true,"href":"https:\/\/bunkerseguridad.es\/fr\/wp-json\/wp\/v2\/media\/5326"}],"wp:attachment":[{"href":"https:\/\/bunkerseguridad.es\/fr\/wp-json\/wp\/v2\/media?parent=5336"}],"wp:term":[{"taxonomy":"pwb-brand","embeddable":true,"href":"https:\/\/bunkerseguridad.es\/fr\/wp-json\/wp\/v2\/pwb-brand?post=5336"},{"taxonomy":"product_brand","embeddable":true,"href":"https:\/\/bunkerseguridad.es\/fr\/wp-json\/wp\/v2\/product_brand?post=5336"},{"taxonomy":"product_cat","embeddable":true,"href":"https:\/\/bunkerseguridad.es\/fr\/wp-json\/wp\/v2\/product_cat?post=5336"},{"taxonomy":"product_tag","embeddable":true,"href":"https:\/\/bunkerseguridad.es\/fr\/wp-json\/wp\/v2\/product_tag?post=5336"}],"curies":[{"name":"wp","href":"https:\/\/api.w.org\/{rel}","templated":true}]}}