{"id":5337,"date":"2020-12-14T09:27:33","date_gmt":"2020-12-14T09:27:33","guid":{"rendered":"http:\/\/www.bunkerseguridad.es\/en\/?post_type=product&#038;p=5337"},"modified":"2021-03-09T12:56:37","modified_gmt":"2021-03-09T12:56:37","slug":"cage-cartes-chassise-fmcr2-z-2ru-19","status":"publish","type":"product","link":"https:\/\/bunkerseguridad.es\/fr\/produit\/cage-cartes-chassise-fmcr2-z-2ru-19\/","title":{"rendered":"Cage \u00e0 cartes de ch\u00e2ssis FMCR2-z &#8211; 2RU 19&Prime;"},"content":{"rendered":"<p>Le ch\u00e2ssis de la s\u00e9rie KBC FMCR2 est une cage 2U de haute qualit\u00e9, mont\u00e9e en rack 19&Prime;. Il peut accueillir jusqu&rsquo;\u00e0 seize convertisseurs de m\u00e9dias de la s\u00e9rie KBC MCC. Tous les convertisseurs de m\u00e9dia situ\u00e9s dans le rack sont rempla\u00e7ables \u00e0 chaud, ce qui \u00e9vite d&rsquo;avoir \u00e0 \u00e9teindre le ch\u00e2ssis lors de la maintenance ou de l&rsquo;ajout de nouveaux \u00e9l\u00e9ments \u00e0 l&rsquo;installation.<\/p>\n<p><strong>Caract\u00e9ristiques:<\/strong><\/p>\n<ul>\n<li>Plage de temp\u00e9rature op\u00e9rationnelle -10\u00b0 &#8211; +50\u00b0C<\/li>\n<li>16 unit\u00e9s peuvent \u00eatre ins\u00e9r\u00e9es dans un rack 19&Prime;.<\/li>\n<\/ul>\n<p>&nbsp;<\/p>\n","protected":false},"excerpt":{"rendered":"<p><strong>Cage de carte de ch\u00e2ssis 19&Prime; 2RU pour un maximum de 16 modules de conversion de m\u00e9dias de la s\u00e9rie MCCL1 ou MCCG1<\/strong>. 10\u00b0C \u00e0 55\u00b0C (14\u00b0F \u00e0 131\u00b0F), temp\u00e9rature de fonctionnement 100~240VAC, 50\/60Hz.<\/p>\n","protected":false},"featured_media":5339,"template":"","meta":{"_et_pb_use_builder":"","_et_pb_old_content":"","_et_gb_content_width":""},"pwb-brand":[206],"product_brand":[],"product_cat":[307,31,38],"product_tag":[338,157,151,148],"class_list":{"0":"post-5337","1":"product","2":"type-product","3":"status-publish","4":"has-post-thumbnail","6":"pwb-brand-kbc-networks","7":"product_cat-professional-media-converters","8":"product_cat-transmission-des-donnees","9":"product_cat-convertisseurs-medias","10":"product_tag-338","11":"product_tag-chasis","12":"product_tag-convertisseur-de-medias-professionnel","13":"product_tag-montage-en-rack","15":"first","16":"instock","17":"shipping-taxable","18":"product-type-simple"},"yoast_head":"<!-- This site is optimized with the Yoast SEO plugin v25.2 - https:\/\/yoast.com\/wordpress\/plugins\/seo\/ -->\n<title>Cage \u00e0 cartes de ch\u00e2ssis FMCR2-z - 2RU 19&quot; - Bunker Seguridad<\/title>\n<meta name=\"description\" content=\"Cage \u00e0 cartes de ch\u00e2ssis s\u00e9rie KBC FMCR2 est une cage 2U de haute qualit\u00e9, mont\u00e9e en rack, 16 unit\u00e9s peuvent \u00eatre ins\u00e9r\u00e9es dans un rack19.\" \/>\n<meta name=\"robots\" content=\"noindex, follow, max-snippet:-1, max-image-preview:large, max-video-preview:-1\" \/>\n<meta property=\"og:locale\" content=\"fr_FR\" \/>\n<meta property=\"og:type\" content=\"article\" \/>\n<meta property=\"og:title\" content=\"Cage \u00e0 cartes de ch\u00e2ssis FMCR2-z - 2RU 19&quot; - Bunker Seguridad\" \/>\n<meta property=\"og:description\" content=\"Cage \u00e0 cartes de ch\u00e2ssis s\u00e9rie KBC FMCR2 est une cage 2U de haute qualit\u00e9, mont\u00e9e en rack, 16 unit\u00e9s peuvent \u00eatre ins\u00e9r\u00e9es dans un rack19.\" \/>\n<meta property=\"og:url\" content=\"https:\/\/bunkerseguridad.es\/fr\/produit\/cage-cartes-chassise-fmcr2-z-2ru-19\/\" \/>\n<meta property=\"og:site_name\" content=\"Bunker Seguridad\" \/>\n<meta property=\"article:modified_time\" content=\"2021-03-09T12:56:37+00:00\" \/>\n<meta property=\"og:image\" content=\"https:\/\/bunkerseguridad.es\/fr\/wp-content\/uploads\/2020\/12\/2RU-Rack-Mount-for-MCCL1-MCCG1-Series.png\" \/>\n\t<meta property=\"og:image:width\" content=\"1200\" \/>\n\t<meta property=\"og:image:height\" content=\"1200\" \/>\n\t<meta property=\"og:image:type\" content=\"image\/png\" \/>\n<meta name=\"twitter:card\" content=\"summary_large_image\" \/>\n<meta name=\"twitter:label1\" content=\"Dur\u00e9e de lecture estim\u00e9e\" \/>\n\t<meta name=\"twitter:data1\" content=\"1 minute\" \/>\n<script type=\"application\/ld+json\" class=\"yoast-schema-graph\">{\"@context\":\"https:\/\/schema.org\",\"@graph\":[{\"@type\":\"WebPage\",\"@id\":\"https:\/\/bunkerseguridad.es\/fr\/produit\/cage-cartes-chassise-fmcr2-z-2ru-19\/\",\"url\":\"https:\/\/bunkerseguridad.es\/fr\/produit\/cage-cartes-chassise-fmcr2-z-2ru-19\/\",\"name\":\"Cage \u00e0 cartes de ch\u00e2ssis FMCR2-z - 2RU 19\\\" - Bunker Seguridad\",\"isPartOf\":{\"@id\":\"https:\/\/bunkerseguridad.es\/fr\/#website\"},\"primaryImageOfPage\":{\"@id\":\"https:\/\/bunkerseguridad.es\/fr\/produit\/cage-cartes-chassise-fmcr2-z-2ru-19\/#primaryimage\"},\"image\":{\"@id\":\"https:\/\/bunkerseguridad.es\/fr\/produit\/cage-cartes-chassise-fmcr2-z-2ru-19\/#primaryimage\"},\"thumbnailUrl\":\"https:\/\/bunkerseguridad.es\/fr\/wp-content\/uploads\/2020\/12\/2RU-Rack-Mount-for-MCCL1-MCCG1-Series.png\",\"datePublished\":\"2020-12-14T09:27:33+00:00\",\"dateModified\":\"2021-03-09T12:56:37+00:00\",\"description\":\"Cage \u00e0 cartes de ch\u00e2ssis s\u00e9rie KBC FMCR2 est une cage 2U de haute qualit\u00e9, mont\u00e9e en rack, 16 unit\u00e9s peuvent \u00eatre ins\u00e9r\u00e9es dans un rack19.\",\"breadcrumb\":{\"@id\":\"https:\/\/bunkerseguridad.es\/fr\/produit\/cage-cartes-chassise-fmcr2-z-2ru-19\/#breadcrumb\"},\"inLanguage\":\"fr-FR\",\"potentialAction\":[{\"@type\":\"ReadAction\",\"target\":[\"https:\/\/bunkerseguridad.es\/fr\/produit\/cage-cartes-chassise-fmcr2-z-2ru-19\/\"]}]},{\"@type\":\"ImageObject\",\"inLanguage\":\"fr-FR\",\"@id\":\"https:\/\/bunkerseguridad.es\/fr\/produit\/cage-cartes-chassise-fmcr2-z-2ru-19\/#primaryimage\",\"url\":\"https:\/\/bunkerseguridad.es\/fr\/wp-content\/uploads\/2020\/12\/2RU-Rack-Mount-for-MCCL1-MCCG1-Series.png\",\"contentUrl\":\"https:\/\/bunkerseguridad.es\/fr\/wp-content\/uploads\/2020\/12\/2RU-Rack-Mount-for-MCCL1-MCCG1-Series.png\",\"width\":1200,\"height\":1200,\"caption\":\"2RU-Rack-Mount-for-MCCL1---MCCG1-Series\"},{\"@type\":\"BreadcrumbList\",\"@id\":\"https:\/\/bunkerseguridad.es\/fr\/produit\/cage-cartes-chassise-fmcr2-z-2ru-19\/#breadcrumb\",\"itemListElement\":[{\"@type\":\"ListItem\",\"position\":1,\"name\":\"Home\",\"item\":\"https:\/\/bunkerseguridad.es\/fr\/\"},{\"@type\":\"ListItem\",\"position\":2,\"name\":\"Shop\",\"item\":\"https:\/\/bunkerseguridad.es\/fr\/shop\/\"},{\"@type\":\"ListItem\",\"position\":3,\"name\":\"Cage \u00e0 cartes de ch\u00e2ssis FMCR2-z &#8211; 2RU 19&Prime;\"}]},{\"@type\":\"WebSite\",\"@id\":\"https:\/\/bunkerseguridad.es\/fr\/#website\",\"url\":\"https:\/\/bunkerseguridad.es\/fr\/\",\"name\":\"Bunker Seguridad\",\"description\":\"Otro sitio realizado con WordPress\",\"potentialAction\":[{\"@type\":\"SearchAction\",\"target\":{\"@type\":\"EntryPoint\",\"urlTemplate\":\"https:\/\/bunkerseguridad.es\/fr\/?s={search_term_string}\"},\"query-input\":{\"@type\":\"PropertyValueSpecification\",\"valueRequired\":true,\"valueName\":\"search_term_string\"}}],\"inLanguage\":\"fr-FR\"}]}<\/script>\n<!-- \/ Yoast SEO plugin. -->","yoast_head_json":{"title":"Cage \u00e0 cartes de ch\u00e2ssis FMCR2-z - 2RU 19\" - Bunker Seguridad","description":"Cage \u00e0 cartes de ch\u00e2ssis s\u00e9rie KBC FMCR2 est une cage 2U de haute qualit\u00e9, mont\u00e9e en rack, 16 unit\u00e9s peuvent \u00eatre ins\u00e9r\u00e9es dans un rack19.","robots":{"index":"noindex","follow":"follow","max-snippet":"max-snippet:-1","max-image-preview":"max-image-preview:large","max-video-preview":"max-video-preview:-1"},"og_locale":"fr_FR","og_type":"article","og_title":"Cage \u00e0 cartes de ch\u00e2ssis FMCR2-z - 2RU 19\" - Bunker Seguridad","og_description":"Cage \u00e0 cartes de ch\u00e2ssis s\u00e9rie KBC FMCR2 est une cage 2U de haute qualit\u00e9, mont\u00e9e en rack, 16 unit\u00e9s peuvent \u00eatre ins\u00e9r\u00e9es dans un rack19.","og_url":"https:\/\/bunkerseguridad.es\/fr\/produit\/cage-cartes-chassise-fmcr2-z-2ru-19\/","og_site_name":"Bunker Seguridad","article_modified_time":"2021-03-09T12:56:37+00:00","og_image":[{"width":1200,"height":1200,"url":"https:\/\/bunkerseguridad.es\/fr\/wp-content\/uploads\/2020\/12\/2RU-Rack-Mount-for-MCCL1-MCCG1-Series.png","type":"image\/png"}],"twitter_card":"summary_large_image","twitter_misc":{"Dur\u00e9e de lecture estim\u00e9e":"1 minute"},"schema":{"@context":"https:\/\/schema.org","@graph":[{"@type":"WebPage","@id":"https:\/\/bunkerseguridad.es\/fr\/produit\/cage-cartes-chassise-fmcr2-z-2ru-19\/","url":"https:\/\/bunkerseguridad.es\/fr\/produit\/cage-cartes-chassise-fmcr2-z-2ru-19\/","name":"Cage \u00e0 cartes de ch\u00e2ssis FMCR2-z - 2RU 19\" - Bunker Seguridad","isPartOf":{"@id":"https:\/\/bunkerseguridad.es\/fr\/#website"},"primaryImageOfPage":{"@id":"https:\/\/bunkerseguridad.es\/fr\/produit\/cage-cartes-chassise-fmcr2-z-2ru-19\/#primaryimage"},"image":{"@id":"https:\/\/bunkerseguridad.es\/fr\/produit\/cage-cartes-chassise-fmcr2-z-2ru-19\/#primaryimage"},"thumbnailUrl":"https:\/\/bunkerseguridad.es\/fr\/wp-content\/uploads\/2020\/12\/2RU-Rack-Mount-for-MCCL1-MCCG1-Series.png","datePublished":"2020-12-14T09:27:33+00:00","dateModified":"2021-03-09T12:56:37+00:00","description":"Cage \u00e0 cartes de ch\u00e2ssis s\u00e9rie KBC FMCR2 est une cage 2U de haute qualit\u00e9, mont\u00e9e en rack, 16 unit\u00e9s peuvent \u00eatre ins\u00e9r\u00e9es dans un rack19.","breadcrumb":{"@id":"https:\/\/bunkerseguridad.es\/fr\/produit\/cage-cartes-chassise-fmcr2-z-2ru-19\/#breadcrumb"},"inLanguage":"fr-FR","potentialAction":[{"@type":"ReadAction","target":["https:\/\/bunkerseguridad.es\/fr\/produit\/cage-cartes-chassise-fmcr2-z-2ru-19\/"]}]},{"@type":"ImageObject","inLanguage":"fr-FR","@id":"https:\/\/bunkerseguridad.es\/fr\/produit\/cage-cartes-chassise-fmcr2-z-2ru-19\/#primaryimage","url":"https:\/\/bunkerseguridad.es\/fr\/wp-content\/uploads\/2020\/12\/2RU-Rack-Mount-for-MCCL1-MCCG1-Series.png","contentUrl":"https:\/\/bunkerseguridad.es\/fr\/wp-content\/uploads\/2020\/12\/2RU-Rack-Mount-for-MCCL1-MCCG1-Series.png","width":1200,"height":1200,"caption":"2RU-Rack-Mount-for-MCCL1---MCCG1-Series"},{"@type":"BreadcrumbList","@id":"https:\/\/bunkerseguridad.es\/fr\/produit\/cage-cartes-chassise-fmcr2-z-2ru-19\/#breadcrumb","itemListElement":[{"@type":"ListItem","position":1,"name":"Home","item":"https:\/\/bunkerseguridad.es\/fr\/"},{"@type":"ListItem","position":2,"name":"Shop","item":"https:\/\/bunkerseguridad.es\/fr\/shop\/"},{"@type":"ListItem","position":3,"name":"Cage \u00e0 cartes de ch\u00e2ssis FMCR2-z &#8211; 2RU 19&Prime;"}]},{"@type":"WebSite","@id":"https:\/\/bunkerseguridad.es\/fr\/#website","url":"https:\/\/bunkerseguridad.es\/fr\/","name":"Bunker Seguridad","description":"Otro sitio realizado con WordPress","potentialAction":[{"@type":"SearchAction","target":{"@type":"EntryPoint","urlTemplate":"https:\/\/bunkerseguridad.es\/fr\/?s={search_term_string}"},"query-input":{"@type":"PropertyValueSpecification","valueRequired":true,"valueName":"search_term_string"}}],"inLanguage":"fr-FR"}]}},"brands":[{"id":206,"name":"KBC Networks","slug":"kbc-networks"}],"_links":{"self":[{"href":"https:\/\/bunkerseguridad.es\/fr\/wp-json\/wp\/v2\/product\/5337","targetHints":{"allow":["GET"]}}],"collection":[{"href":"https:\/\/bunkerseguridad.es\/fr\/wp-json\/wp\/v2\/product"}],"about":[{"href":"https:\/\/bunkerseguridad.es\/fr\/wp-json\/wp\/v2\/types\/product"}],"wp:featuredmedia":[{"embeddable":true,"href":"https:\/\/bunkerseguridad.es\/fr\/wp-json\/wp\/v2\/media\/5339"}],"wp:attachment":[{"href":"https:\/\/bunkerseguridad.es\/fr\/wp-json\/wp\/v2\/media?parent=5337"}],"wp:term":[{"taxonomy":"pwb-brand","embeddable":true,"href":"https:\/\/bunkerseguridad.es\/fr\/wp-json\/wp\/v2\/pwb-brand?post=5337"},{"taxonomy":"product_brand","embeddable":true,"href":"https:\/\/bunkerseguridad.es\/fr\/wp-json\/wp\/v2\/product_brand?post=5337"},{"taxonomy":"product_cat","embeddable":true,"href":"https:\/\/bunkerseguridad.es\/fr\/wp-json\/wp\/v2\/product_cat?post=5337"},{"taxonomy":"product_tag","embeddable":true,"href":"https:\/\/bunkerseguridad.es\/fr\/wp-json\/wp\/v2\/product_tag?post=5337"}],"curies":[{"name":"wp","href":"https:\/\/api.w.org\/{rel}","templated":true}]}}