{"id":5362,"date":"2020-12-14T10:45:47","date_gmt":"2020-12-14T10:45:47","guid":{"rendered":"http:\/\/www.bunkerseguridad.es\/en\/?post_type=product&#038;p=5362"},"modified":"2021-03-08T12:35:07","modified_gmt":"2021-03-08T12:35:07","slug":"media-converters-mcln1-m2n-xyz-b","status":"publish","type":"product","link":"https:\/\/bunkerseguridad.es\/fr\/produit\/media-converters-mcln1-m2n-xyz-b\/","title":{"rendered":"Convertisseurs de m\u00e9dias MCLN1-M2N-xyz-B"},"content":{"rendered":"<p><strong>La s\u00e9rie KBC MCLN1 est un convertisseur de m\u00e9dia Ethernet 10\/100M industriel (MC)<\/strong>. Elle permet la transmission d&rsquo;un canal 10\/100Base-T Ethernet sur une ou deux fibres optiques multimodes ou monomodes avec un fonctionnement en duplex int\u00e9gral. La conception \u00ab\u00a0plug-and-play\u00a0\u00bb rend l&rsquo;installation simple, sans aucun r\u00e9glage \u00e9lectrique ou optique n\u00e9cessaire. Des indicateurs LED sont fournis pour indiquer l&rsquo;\u00e9tat de fonctionnement de l&rsquo;unit\u00e9. Sa conception robuste, tant au niveau du bo\u00eetier que de la protection \u00e9lectrique, en fait un appareil adapt\u00e9 aux applications dans des environnements difficiles.<\/p>\n<p>La s\u00e9rie est disponible en rack mural, DIN et passif 2U FR2-12, ou en version carte dans un ch\u00e2ssis 2U FR2-16.<\/p>\n<p>La s\u00e9rie est disponible en montage mural, DIN et rack passif 2U FR2-12, ou en version carte dans le ch\u00e2ssis 2U FR2-16.<\/p>\n<p><strong>Caract\u00e9ristiques:<\/strong><\/p>\n<ul>\n<li>Autod\u00e9tection 10\/100M<\/li>\n<li>Compatible avec la version SFP de la s\u00e9rie MCLN1, la version PoE de la s\u00e9rie MCLS1 et le convertisseur de m\u00e9dias \u00e0 deux canaux 10\/100M de la s\u00e9rie MCLN2<\/li>\n<li>SM(Mode unique) et MM(Mode multiple)<\/li>\n<li>1 fibre ou 2 fibres<\/li>\n<li>SM&amp;MM : 1310nm\/1550m pour 1 fibre, 1310nm pour 2 fibres<\/li>\n<li>Les distances de transmission typiques pour SM et MM sont de 20 km et 2 km respectivement, des distances plus longues sont disponibles<\/li>\n<li>Bo\u00eetier IP40<\/li>\n<li>Version DIN, murale ou carte 2U<\/li>\n<li>Rack passif en FR2-12 avec 12 slots ou carte Chassis en FR2-16 avec 16 slots<\/li>\n<\/ul>\n","protected":false},"excerpt":{"rendered":"<p><strong>Convertisseurs de m\u00e9dias Ethernet commerciaux &#8211;<\/strong> La s\u00e9rie KBC MCLN1 est un <strong>convertisseur de m\u00e9dias Ethernet LAN 10\/100Mbps \u00e0 fibre optique, 2 fibres, 1310nm multi-mode, 12dB de perte optique<\/strong>. Port\u00e9e de 2Km. Temp\u00e9rature de fonctionnement -40\u00b0C \u00e0 75\u00b0C (-40\u00b0F \u00e0 167\u00b0F). 12VDC, &lt;3W.<\/p>\n","protected":false},"featured_media":5454,"template":"","meta":{"_et_pb_use_builder":"","_et_pb_old_content":"","_et_gb_content_width":""},"pwb-brand":[206],"product_brand":[],"product_cat":[308,31,38],"product_tag":[155,152,184,146],"class_list":{"0":"post-5362","1":"product","2":"type-product","3":"status-publish","4":"has-post-thumbnail","6":"pwb-brand-kbc-networks","7":"product_cat-industrial-media-converters","8":"product_cat-transmission-des-donnees","9":"product_cat-convertisseurs-medias","10":"product_tag-10-100mbps","11":"product_tag-convertisseur-de-media-industriel","12":"product_tag-multimode","13":"product_tag-poe","15":"first","16":"instock","17":"shipping-taxable","18":"product-type-simple"},"yoast_head":"<!-- This site is optimized with the Yoast SEO plugin v25.2 - https:\/\/yoast.com\/wordpress\/plugins\/seo\/ -->\n<title>Convertisseurs de m\u00e9dias MCLN1-M2N-xyz-B - Bunker Seguridad<\/title>\n<meta name=\"description\" content=\"Convertisseurs de m\u00e9dia Ethernet industriel (MC) KBC, reliant plusieurs fibres optiques multimodes et une fonctionnalit\u00e9 full duplex\" \/>\n<meta name=\"robots\" content=\"noindex, follow, max-snippet:-1, max-image-preview:large, max-video-preview:-1\" \/>\n<meta property=\"og:locale\" content=\"fr_FR\" \/>\n<meta property=\"og:type\" content=\"article\" \/>\n<meta property=\"og:title\" content=\"Convertisseurs de m\u00e9dias MCLN1-M2N-xyz-B - Bunker Seguridad\" \/>\n<meta property=\"og:description\" content=\"Convertisseurs de m\u00e9dia Ethernet industriel (MC) KBC, reliant plusieurs fibres optiques multimodes et une fonctionnalit\u00e9 full duplex\" \/>\n<meta property=\"og:url\" content=\"https:\/\/bunkerseguridad.es\/fr\/produit\/media-converters-mcln1-m2n-xyz-b\/\" \/>\n<meta property=\"og:site_name\" content=\"Bunker Seguridad\" \/>\n<meta property=\"article:modified_time\" content=\"2021-03-08T12:35:07+00:00\" \/>\n<meta property=\"og:image\" content=\"https:\/\/bunkerseguridad.es\/fr\/wp-content\/uploads\/2020\/12\/MCLN1-M2N-xyz-B-1.png\" \/>\n\t<meta property=\"og:image:width\" content=\"1200\" \/>\n\t<meta property=\"og:image:height\" content=\"1200\" \/>\n\t<meta property=\"og:image:type\" content=\"image\/png\" \/>\n<meta name=\"twitter:card\" content=\"summary_large_image\" \/>\n<meta name=\"twitter:label1\" content=\"Dur\u00e9e de lecture estim\u00e9e\" \/>\n\t<meta name=\"twitter:data1\" content=\"1 minute\" \/>\n<script type=\"application\/ld+json\" class=\"yoast-schema-graph\">{\"@context\":\"https:\/\/schema.org\",\"@graph\":[{\"@type\":\"WebPage\",\"@id\":\"https:\/\/bunkerseguridad.es\/fr\/produit\/media-converters-mcln1-m2n-xyz-b\/\",\"url\":\"https:\/\/bunkerseguridad.es\/fr\/produit\/media-converters-mcln1-m2n-xyz-b\/\",\"name\":\"Convertisseurs de m\u00e9dias MCLN1-M2N-xyz-B - Bunker Seguridad\",\"isPartOf\":{\"@id\":\"https:\/\/bunkerseguridad.es\/fr\/#website\"},\"primaryImageOfPage\":{\"@id\":\"https:\/\/bunkerseguridad.es\/fr\/produit\/media-converters-mcln1-m2n-xyz-b\/#primaryimage\"},\"image\":{\"@id\":\"https:\/\/bunkerseguridad.es\/fr\/produit\/media-converters-mcln1-m2n-xyz-b\/#primaryimage\"},\"thumbnailUrl\":\"https:\/\/bunkerseguridad.es\/fr\/wp-content\/uploads\/2020\/12\/MCLN1-M2N-xyz-B-1.png\",\"datePublished\":\"2020-12-14T10:45:47+00:00\",\"dateModified\":\"2021-03-08T12:35:07+00:00\",\"description\":\"Convertisseurs de m\u00e9dia Ethernet industriel (MC) KBC, reliant plusieurs fibres optiques multimodes et une fonctionnalit\u00e9 full duplex\",\"breadcrumb\":{\"@id\":\"https:\/\/bunkerseguridad.es\/fr\/produit\/media-converters-mcln1-m2n-xyz-b\/#breadcrumb\"},\"inLanguage\":\"fr-FR\",\"potentialAction\":[{\"@type\":\"ReadAction\",\"target\":[\"https:\/\/bunkerseguridad.es\/fr\/produit\/media-converters-mcln1-m2n-xyz-b\/\"]}]},{\"@type\":\"ImageObject\",\"inLanguage\":\"fr-FR\",\"@id\":\"https:\/\/bunkerseguridad.es\/fr\/produit\/media-converters-mcln1-m2n-xyz-b\/#primaryimage\",\"url\":\"https:\/\/bunkerseguridad.es\/fr\/wp-content\/uploads\/2020\/12\/MCLN1-M2N-xyz-B-1.png\",\"contentUrl\":\"https:\/\/bunkerseguridad.es\/fr\/wp-content\/uploads\/2020\/12\/MCLN1-M2N-xyz-B-1.png\",\"width\":1200,\"height\":1200,\"caption\":\"MCGN1-S1A\/S1B-xyz-B\"},{\"@type\":\"BreadcrumbList\",\"@id\":\"https:\/\/bunkerseguridad.es\/fr\/produit\/media-converters-mcln1-m2n-xyz-b\/#breadcrumb\",\"itemListElement\":[{\"@type\":\"ListItem\",\"position\":1,\"name\":\"Home\",\"item\":\"https:\/\/bunkerseguridad.es\/fr\/\"},{\"@type\":\"ListItem\",\"position\":2,\"name\":\"Shop\",\"item\":\"https:\/\/bunkerseguridad.es\/fr\/shop\/\"},{\"@type\":\"ListItem\",\"position\":3,\"name\":\"Convertisseurs de m\u00e9dias MCLN1-M2N-xyz-B\"}]},{\"@type\":\"WebSite\",\"@id\":\"https:\/\/bunkerseguridad.es\/fr\/#website\",\"url\":\"https:\/\/bunkerseguridad.es\/fr\/\",\"name\":\"Bunker Seguridad\",\"description\":\"Otro sitio realizado con WordPress\",\"potentialAction\":[{\"@type\":\"SearchAction\",\"target\":{\"@type\":\"EntryPoint\",\"urlTemplate\":\"https:\/\/bunkerseguridad.es\/fr\/?s={search_term_string}\"},\"query-input\":{\"@type\":\"PropertyValueSpecification\",\"valueRequired\":true,\"valueName\":\"search_term_string\"}}],\"inLanguage\":\"fr-FR\"}]}<\/script>\n<!-- \/ Yoast SEO plugin. -->","yoast_head_json":{"title":"Convertisseurs de m\u00e9dias MCLN1-M2N-xyz-B - Bunker Seguridad","description":"Convertisseurs de m\u00e9dia Ethernet industriel (MC) KBC, reliant plusieurs fibres optiques multimodes et une fonctionnalit\u00e9 full duplex","robots":{"index":"noindex","follow":"follow","max-snippet":"max-snippet:-1","max-image-preview":"max-image-preview:large","max-video-preview":"max-video-preview:-1"},"og_locale":"fr_FR","og_type":"article","og_title":"Convertisseurs de m\u00e9dias MCLN1-M2N-xyz-B - Bunker Seguridad","og_description":"Convertisseurs de m\u00e9dia Ethernet industriel (MC) KBC, reliant plusieurs fibres optiques multimodes et une fonctionnalit\u00e9 full duplex","og_url":"https:\/\/bunkerseguridad.es\/fr\/produit\/media-converters-mcln1-m2n-xyz-b\/","og_site_name":"Bunker Seguridad","article_modified_time":"2021-03-08T12:35:07+00:00","og_image":[{"width":1200,"height":1200,"url":"https:\/\/bunkerseguridad.es\/fr\/wp-content\/uploads\/2020\/12\/MCLN1-M2N-xyz-B-1.png","type":"image\/png"}],"twitter_card":"summary_large_image","twitter_misc":{"Dur\u00e9e de lecture estim\u00e9e":"1 minute"},"schema":{"@context":"https:\/\/schema.org","@graph":[{"@type":"WebPage","@id":"https:\/\/bunkerseguridad.es\/fr\/produit\/media-converters-mcln1-m2n-xyz-b\/","url":"https:\/\/bunkerseguridad.es\/fr\/produit\/media-converters-mcln1-m2n-xyz-b\/","name":"Convertisseurs de m\u00e9dias MCLN1-M2N-xyz-B - Bunker Seguridad","isPartOf":{"@id":"https:\/\/bunkerseguridad.es\/fr\/#website"},"primaryImageOfPage":{"@id":"https:\/\/bunkerseguridad.es\/fr\/produit\/media-converters-mcln1-m2n-xyz-b\/#primaryimage"},"image":{"@id":"https:\/\/bunkerseguridad.es\/fr\/produit\/media-converters-mcln1-m2n-xyz-b\/#primaryimage"},"thumbnailUrl":"https:\/\/bunkerseguridad.es\/fr\/wp-content\/uploads\/2020\/12\/MCLN1-M2N-xyz-B-1.png","datePublished":"2020-12-14T10:45:47+00:00","dateModified":"2021-03-08T12:35:07+00:00","description":"Convertisseurs de m\u00e9dia Ethernet industriel (MC) KBC, reliant plusieurs fibres optiques multimodes et une fonctionnalit\u00e9 full duplex","breadcrumb":{"@id":"https:\/\/bunkerseguridad.es\/fr\/produit\/media-converters-mcln1-m2n-xyz-b\/#breadcrumb"},"inLanguage":"fr-FR","potentialAction":[{"@type":"ReadAction","target":["https:\/\/bunkerseguridad.es\/fr\/produit\/media-converters-mcln1-m2n-xyz-b\/"]}]},{"@type":"ImageObject","inLanguage":"fr-FR","@id":"https:\/\/bunkerseguridad.es\/fr\/produit\/media-converters-mcln1-m2n-xyz-b\/#primaryimage","url":"https:\/\/bunkerseguridad.es\/fr\/wp-content\/uploads\/2020\/12\/MCLN1-M2N-xyz-B-1.png","contentUrl":"https:\/\/bunkerseguridad.es\/fr\/wp-content\/uploads\/2020\/12\/MCLN1-M2N-xyz-B-1.png","width":1200,"height":1200,"caption":"MCGN1-S1A\/S1B-xyz-B"},{"@type":"BreadcrumbList","@id":"https:\/\/bunkerseguridad.es\/fr\/produit\/media-converters-mcln1-m2n-xyz-b\/#breadcrumb","itemListElement":[{"@type":"ListItem","position":1,"name":"Home","item":"https:\/\/bunkerseguridad.es\/fr\/"},{"@type":"ListItem","position":2,"name":"Shop","item":"https:\/\/bunkerseguridad.es\/fr\/shop\/"},{"@type":"ListItem","position":3,"name":"Convertisseurs de m\u00e9dias MCLN1-M2N-xyz-B"}]},{"@type":"WebSite","@id":"https:\/\/bunkerseguridad.es\/fr\/#website","url":"https:\/\/bunkerseguridad.es\/fr\/","name":"Bunker Seguridad","description":"Otro sitio realizado con WordPress","potentialAction":[{"@type":"SearchAction","target":{"@type":"EntryPoint","urlTemplate":"https:\/\/bunkerseguridad.es\/fr\/?s={search_term_string}"},"query-input":{"@type":"PropertyValueSpecification","valueRequired":true,"valueName":"search_term_string"}}],"inLanguage":"fr-FR"}]}},"brands":[{"id":206,"name":"KBC Networks","slug":"kbc-networks"}],"_links":{"self":[{"href":"https:\/\/bunkerseguridad.es\/fr\/wp-json\/wp\/v2\/product\/5362","targetHints":{"allow":["GET"]}}],"collection":[{"href":"https:\/\/bunkerseguridad.es\/fr\/wp-json\/wp\/v2\/product"}],"about":[{"href":"https:\/\/bunkerseguridad.es\/fr\/wp-json\/wp\/v2\/types\/product"}],"wp:featuredmedia":[{"embeddable":true,"href":"https:\/\/bunkerseguridad.es\/fr\/wp-json\/wp\/v2\/media\/5454"}],"wp:attachment":[{"href":"https:\/\/bunkerseguridad.es\/fr\/wp-json\/wp\/v2\/media?parent=5362"}],"wp:term":[{"taxonomy":"pwb-brand","embeddable":true,"href":"https:\/\/bunkerseguridad.es\/fr\/wp-json\/wp\/v2\/pwb-brand?post=5362"},{"taxonomy":"product_brand","embeddable":true,"href":"https:\/\/bunkerseguridad.es\/fr\/wp-json\/wp\/v2\/product_brand?post=5362"},{"taxonomy":"product_cat","embeddable":true,"href":"https:\/\/bunkerseguridad.es\/fr\/wp-json\/wp\/v2\/product_cat?post=5362"},{"taxonomy":"product_tag","embeddable":true,"href":"https:\/\/bunkerseguridad.es\/fr\/wp-json\/wp\/v2\/product_tag?post=5362"}],"curies":[{"name":"wp","href":"https:\/\/api.w.org\/{rel}","templated":true}]}}