{"id":584,"date":"2020-09-08T09:49:44","date_gmt":"2020-09-08T09:49:44","guid":{"rendered":"http:\/\/www.bunkerseguridad.es\/en\/?post_type=product&#038;p=584"},"modified":"2021-02-09T12:55:20","modified_gmt":"2021-02-09T12:55:20","slug":"easypack-colonne-perimetrique-preinstallee-360-2-m","status":"publish","type":"product","link":"https:\/\/bunkerseguridad.es\/fr\/produit\/easypack-colonne-perimetrique-preinstallee-360-2-m\/","title":{"rendered":"easyPack Colonne p\u00e9rim\u00e9trique pr\u00e9install\u00e9e (360\u00ba), 2 m"},"content":{"rendered":"<p>Il s&rsquo;agit d&rsquo;une solution de p\u00e9rim\u00e8tre tr\u00e8s flexible qui peut \u00eatre adapt\u00e9e aux exigences de chaque installation, tant en ce qui concerne le format des tours de faisceaux que le nombre et le mod\u00e8le des capteurs inclus. Avec les tours de faisceaux photo\u00e9lectriques easyPack, vous disposerez de tous les composants pr\u00e9alablement fix\u00e9s, c\u00e2bl\u00e9s et soigneusement organis\u00e9s dans la tour de faisceaux. Il vous suffira d&rsquo;aligner vos faisceaux photo\u00e9lectriques actifs IR pr\u00e9f\u00e9r\u00e9s de Takex, Optex ou autres.<\/p>\n<p>Montage au sol. Pour le montage mural, l&rsquo;accessoire PTWB est n\u00e9cessaire.<\/p>\n<p><strong>Caract\u00e9ristiques:<\/strong><\/p>\n<p><strong>Chaque r\u00e9f\u00e9rence comprend un corps central en aluminium, deux profils en polycarbonate, des couvercles sup\u00e9rieurs\/inf\u00e9rieurs et \u00e9galement un interrupteur anti-sabotage, autant de chauffages que de capteurs photo\u00e9lectriques (\u00e9metteurs ou r\u00e9cepteurs), un thermostat et la carte m\u00e8re qui g\u00e8re tout le syst\u00e8me.<\/strong><\/p>\n<p>Tout est pr\u00e9c\u00e2bl\u00e9 et mont\u00e9 avec les faisceaux IR (*) &#8211; choisis par le client &#8211; et leurs plaques de montage.<\/p>\n<p><em>(*) Compatible avec diff\u00e9rents mod\u00e8les de faisceaux photo\u00e9lectriques (TAKEX, OPTEX, ATSUMI et autres). Ceux-ci ne sont pas inclus dans le prix. easyPack peut \u00e9galement \u00eatre fourni sans faisceaux photo\u00e9lectriques.<\/em><\/p>\n<p>En outre, en option, vous pouvez acqu\u00e9rir d&rsquo;autres accessoires pour les tours de faisceaux pr\u00e9c\u00e2bl\u00e9es easyPack, tels que des ventilateurs et\/ou des alimentations \u00e9lectriques, ainsi que d&rsquo;autres accessoires habituels des tours de faisceaux de Bunker (dameuse de sommet anti-escalade, supports lat\u00e9raux en acier de 0,70 m, support de sol en b\u00e9ton, etc). Pour plus d&rsquo;informations, voir la section \u00ab\u00a0Accessoires\u00a0\u00bb.<\/p>\n<p>Mod\u00e8les les plus courants pour une hauteur de 2m:<\/p>\n<ul>\n<li>D204RR &#8211; 2m, tour 360\u00b0 pr\u00eate pour 2 Rx de chaque c\u00f4t\u00e9.<\/li>\n<li>D204TT &#8211; 2m, tour 360\u00b0 pr\u00eate pour 2 Tx de chaque c\u00f4t\u00e9.<\/li>\n<li>D204TR &#8211; 2m, tour de 360\u00b0 pr\u00eate pour 2 Tx d&rsquo;un c\u00f4t\u00e9 et 2 Rx de l&rsquo;autre c\u00f4t\u00e9.<\/li>\n<li>D206RR &#8211; 2m, tour de 360\u00b0 pr\u00eate pour 3 Rx de chaque c\u00f4t\u00e9.<\/li>\n<li>D206TT &#8211; 2m, tour de 360\u00b0 pr\u00eate pour 3 Tx de chaque c\u00f4t\u00e9.<\/li>\n<li>D206TR &#8211; 2m, tour de 360\u00b0 pr\u00eate pour 3 Tx d&rsquo;un c\u00f4t\u00e9 et 3 Rx de l&rsquo;autre c\u00f4t\u00e9.<\/li>\n<\/ul>\n<p>(Tx = \u00e9metteur\/s ; Rx = r\u00e9cepteur\/s)<\/p>\n<p>Pour d&rsquo;autres configurations, veuillez <a href=\"https:\/\/bunkerseguridad.es\/fr\/contactez-nous\/\">nous consulter<\/a>.<\/p>\n<p align=\"left\">\n","protected":false},"excerpt":{"rendered":"<p><strong>Tours de faisceaux double face pr\u00e9c\u00e2bl\u00e9es sur mesure<\/strong> (360\u00b0) avec tous les composants de base inclus, <strong>pr\u00eates \u00e0 \u00eatre install\u00e9es.<\/strong><\/p>\n<p>Hauteur : 2 m\u00e8tres.<\/p>\n","protected":false},"featured_media":628,"template":"","meta":{"_et_pb_use_builder":"","_et_pb_old_content":"","_et_gb_content_width":""},"pwb-brand":[198],"product_brand":[],"product_cat":[41,50,51],"product_tag":[67,328,63,69,73],"class_list":{"0":"post-584","1":"product","2":"type-product","3":"status-publish","4":"has-post-thumbnail","6":"pwb-brand-bunker-seguridad-electronica-s-l","7":"product_cat-detection-intrusion-perimetrique","8":"product_cat-colonnes-perimetriques","9":"product_cat-colonnes-easypack","10":"product_tag-2m","11":"product_tag-328","12":"product_tag-double-face","13":"product_tag-installation-au-sol","14":"product_tag-tour-precablee","16":"first","17":"instock","18":"featured","19":"shipping-taxable","20":"product-type-simple"},"yoast_head":"<!-- This site is optimized with the Yoast SEO plugin v25.2 - https:\/\/yoast.com\/wordpress\/plugins\/seo\/ -->\n<title>easyPack Colonne p\u00e9rim\u00e9trique pr\u00e9install\u00e9e (360\u00ba), 2 m - Bunker Seguridad<\/title>\n<meta name=\"description\" content=\"Tours de faisceaux double face pr\u00e9c\u00e2bl\u00e9es sur mesure (360\u00b0), 2m, avec tous les composants de base inclus, pr\u00eates \u00e0 \u00eatre install\u00e9es.\" \/>\n<meta name=\"robots\" content=\"noindex, follow, max-snippet:-1, max-image-preview:large, max-video-preview:-1\" \/>\n<meta property=\"og:locale\" content=\"fr_FR\" \/>\n<meta property=\"og:type\" content=\"article\" \/>\n<meta property=\"og:title\" content=\"easyPack Colonne p\u00e9rim\u00e9trique pr\u00e9install\u00e9e (360\u00ba), 2 m - Bunker Seguridad\" \/>\n<meta property=\"og:description\" content=\"Tours de faisceaux double face pr\u00e9c\u00e2bl\u00e9es sur mesure (360\u00b0), 2m, avec tous les composants de base inclus, pr\u00eates \u00e0 \u00eatre install\u00e9es.\" \/>\n<meta property=\"og:url\" content=\"https:\/\/bunkerseguridad.es\/fr\/produit\/easypack-colonne-perimetrique-preinstallee-360-2-m\/\" \/>\n<meta property=\"og:site_name\" content=\"Bunker Seguridad\" \/>\n<meta property=\"article:modified_time\" content=\"2021-02-09T12:55:20+00:00\" \/>\n<meta property=\"og:image\" content=\"https:\/\/bunkerseguridad.es\/fr\/wp-content\/uploads\/2020\/09\/Prewired-Sigle-Side-Tower.png\" \/>\n\t<meta property=\"og:image:width\" content=\"1200\" \/>\n\t<meta property=\"og:image:height\" content=\"1200\" \/>\n\t<meta property=\"og:image:type\" content=\"image\/png\" \/>\n<meta name=\"twitter:card\" content=\"summary_large_image\" \/>\n<meta name=\"twitter:label1\" content=\"Dur\u00e9e de lecture estim\u00e9e\" \/>\n\t<meta name=\"twitter:data1\" content=\"2 minutes\" \/>\n<script type=\"application\/ld+json\" class=\"yoast-schema-graph\">{\"@context\":\"https:\/\/schema.org\",\"@graph\":[{\"@type\":\"WebPage\",\"@id\":\"https:\/\/bunkerseguridad.es\/fr\/produit\/easypack-colonne-perimetrique-preinstallee-360-2-m\/\",\"url\":\"https:\/\/bunkerseguridad.es\/fr\/produit\/easypack-colonne-perimetrique-preinstallee-360-2-m\/\",\"name\":\"easyPack Colonne p\u00e9rim\u00e9trique pr\u00e9install\u00e9e (360\u00ba), 2 m - Bunker Seguridad\",\"isPartOf\":{\"@id\":\"https:\/\/bunkerseguridad.es\/fr\/#website\"},\"primaryImageOfPage\":{\"@id\":\"https:\/\/bunkerseguridad.es\/fr\/produit\/easypack-colonne-perimetrique-preinstallee-360-2-m\/#primaryimage\"},\"image\":{\"@id\":\"https:\/\/bunkerseguridad.es\/fr\/produit\/easypack-colonne-perimetrique-preinstallee-360-2-m\/#primaryimage\"},\"thumbnailUrl\":\"https:\/\/bunkerseguridad.es\/fr\/wp-content\/uploads\/2020\/09\/Prewired-Sigle-Side-Tower.png\",\"datePublished\":\"2020-09-08T09:49:44+00:00\",\"dateModified\":\"2021-02-09T12:55:20+00:00\",\"description\":\"Tours de faisceaux double face pr\u00e9c\u00e2bl\u00e9es sur mesure (360\u00b0), 2m, avec tous les composants de base inclus, pr\u00eates \u00e0 \u00eatre install\u00e9es.\",\"breadcrumb\":{\"@id\":\"https:\/\/bunkerseguridad.es\/fr\/produit\/easypack-colonne-perimetrique-preinstallee-360-2-m\/#breadcrumb\"},\"inLanguage\":\"fr-FR\",\"potentialAction\":[{\"@type\":\"ReadAction\",\"target\":[\"https:\/\/bunkerseguridad.es\/fr\/produit\/easypack-colonne-perimetrique-preinstallee-360-2-m\/\"]}]},{\"@type\":\"ImageObject\",\"inLanguage\":\"fr-FR\",\"@id\":\"https:\/\/bunkerseguridad.es\/fr\/produit\/easypack-colonne-perimetrique-preinstallee-360-2-m\/#primaryimage\",\"url\":\"https:\/\/bunkerseguridad.es\/fr\/wp-content\/uploads\/2020\/09\/Prewired-Sigle-Side-Tower.png\",\"contentUrl\":\"https:\/\/bunkerseguridad.es\/fr\/wp-content\/uploads\/2020\/09\/Prewired-Sigle-Side-Tower.png\",\"width\":1200,\"height\":1200,\"caption\":\"easyPack Prewired Towers (360\u00b0)\"},{\"@type\":\"BreadcrumbList\",\"@id\":\"https:\/\/bunkerseguridad.es\/fr\/produit\/easypack-colonne-perimetrique-preinstallee-360-2-m\/#breadcrumb\",\"itemListElement\":[{\"@type\":\"ListItem\",\"position\":1,\"name\":\"Home\",\"item\":\"https:\/\/bunkerseguridad.es\/fr\/\"},{\"@type\":\"ListItem\",\"position\":2,\"name\":\"Shop\",\"item\":\"https:\/\/bunkerseguridad.es\/fr\/shop\/\"},{\"@type\":\"ListItem\",\"position\":3,\"name\":\"easyPack Colonne p\u00e9rim\u00e9trique pr\u00e9install\u00e9e (360\u00ba), 2 m\"}]},{\"@type\":\"WebSite\",\"@id\":\"https:\/\/bunkerseguridad.es\/fr\/#website\",\"url\":\"https:\/\/bunkerseguridad.es\/fr\/\",\"name\":\"Bunker Seguridad\",\"description\":\"Otro sitio realizado con WordPress\",\"potentialAction\":[{\"@type\":\"SearchAction\",\"target\":{\"@type\":\"EntryPoint\",\"urlTemplate\":\"https:\/\/bunkerseguridad.es\/fr\/?s={search_term_string}\"},\"query-input\":{\"@type\":\"PropertyValueSpecification\",\"valueRequired\":true,\"valueName\":\"search_term_string\"}}],\"inLanguage\":\"fr-FR\"}]}<\/script>\n<!-- \/ Yoast SEO plugin. -->","yoast_head_json":{"title":"easyPack Colonne p\u00e9rim\u00e9trique pr\u00e9install\u00e9e (360\u00ba), 2 m - Bunker Seguridad","description":"Tours de faisceaux double face pr\u00e9c\u00e2bl\u00e9es sur mesure (360\u00b0), 2m, avec tous les composants de base inclus, pr\u00eates \u00e0 \u00eatre install\u00e9es.","robots":{"index":"noindex","follow":"follow","max-snippet":"max-snippet:-1","max-image-preview":"max-image-preview:large","max-video-preview":"max-video-preview:-1"},"og_locale":"fr_FR","og_type":"article","og_title":"easyPack Colonne p\u00e9rim\u00e9trique pr\u00e9install\u00e9e (360\u00ba), 2 m - Bunker Seguridad","og_description":"Tours de faisceaux double face pr\u00e9c\u00e2bl\u00e9es sur mesure (360\u00b0), 2m, avec tous les composants de base inclus, pr\u00eates \u00e0 \u00eatre install\u00e9es.","og_url":"https:\/\/bunkerseguridad.es\/fr\/produit\/easypack-colonne-perimetrique-preinstallee-360-2-m\/","og_site_name":"Bunker Seguridad","article_modified_time":"2021-02-09T12:55:20+00:00","og_image":[{"width":1200,"height":1200,"url":"https:\/\/bunkerseguridad.es\/fr\/wp-content\/uploads\/2020\/09\/Prewired-Sigle-Side-Tower.png","type":"image\/png"}],"twitter_card":"summary_large_image","twitter_misc":{"Dur\u00e9e de lecture estim\u00e9e":"2 minutes"},"schema":{"@context":"https:\/\/schema.org","@graph":[{"@type":"WebPage","@id":"https:\/\/bunkerseguridad.es\/fr\/produit\/easypack-colonne-perimetrique-preinstallee-360-2-m\/","url":"https:\/\/bunkerseguridad.es\/fr\/produit\/easypack-colonne-perimetrique-preinstallee-360-2-m\/","name":"easyPack Colonne p\u00e9rim\u00e9trique pr\u00e9install\u00e9e (360\u00ba), 2 m - Bunker Seguridad","isPartOf":{"@id":"https:\/\/bunkerseguridad.es\/fr\/#website"},"primaryImageOfPage":{"@id":"https:\/\/bunkerseguridad.es\/fr\/produit\/easypack-colonne-perimetrique-preinstallee-360-2-m\/#primaryimage"},"image":{"@id":"https:\/\/bunkerseguridad.es\/fr\/produit\/easypack-colonne-perimetrique-preinstallee-360-2-m\/#primaryimage"},"thumbnailUrl":"https:\/\/bunkerseguridad.es\/fr\/wp-content\/uploads\/2020\/09\/Prewired-Sigle-Side-Tower.png","datePublished":"2020-09-08T09:49:44+00:00","dateModified":"2021-02-09T12:55:20+00:00","description":"Tours de faisceaux double face pr\u00e9c\u00e2bl\u00e9es sur mesure (360\u00b0), 2m, avec tous les composants de base inclus, pr\u00eates \u00e0 \u00eatre install\u00e9es.","breadcrumb":{"@id":"https:\/\/bunkerseguridad.es\/fr\/produit\/easypack-colonne-perimetrique-preinstallee-360-2-m\/#breadcrumb"},"inLanguage":"fr-FR","potentialAction":[{"@type":"ReadAction","target":["https:\/\/bunkerseguridad.es\/fr\/produit\/easypack-colonne-perimetrique-preinstallee-360-2-m\/"]}]},{"@type":"ImageObject","inLanguage":"fr-FR","@id":"https:\/\/bunkerseguridad.es\/fr\/produit\/easypack-colonne-perimetrique-preinstallee-360-2-m\/#primaryimage","url":"https:\/\/bunkerseguridad.es\/fr\/wp-content\/uploads\/2020\/09\/Prewired-Sigle-Side-Tower.png","contentUrl":"https:\/\/bunkerseguridad.es\/fr\/wp-content\/uploads\/2020\/09\/Prewired-Sigle-Side-Tower.png","width":1200,"height":1200,"caption":"easyPack Prewired Towers (360\u00b0)"},{"@type":"BreadcrumbList","@id":"https:\/\/bunkerseguridad.es\/fr\/produit\/easypack-colonne-perimetrique-preinstallee-360-2-m\/#breadcrumb","itemListElement":[{"@type":"ListItem","position":1,"name":"Home","item":"https:\/\/bunkerseguridad.es\/fr\/"},{"@type":"ListItem","position":2,"name":"Shop","item":"https:\/\/bunkerseguridad.es\/fr\/shop\/"},{"@type":"ListItem","position":3,"name":"easyPack Colonne p\u00e9rim\u00e9trique pr\u00e9install\u00e9e (360\u00ba), 2 m"}]},{"@type":"WebSite","@id":"https:\/\/bunkerseguridad.es\/fr\/#website","url":"https:\/\/bunkerseguridad.es\/fr\/","name":"Bunker Seguridad","description":"Otro sitio realizado con WordPress","potentialAction":[{"@type":"SearchAction","target":{"@type":"EntryPoint","urlTemplate":"https:\/\/bunkerseguridad.es\/fr\/?s={search_term_string}"},"query-input":{"@type":"PropertyValueSpecification","valueRequired":true,"valueName":"search_term_string"}}],"inLanguage":"fr-FR"}]}},"brands":[{"id":198,"name":"Bunker Seguridad","slug":"bunker-seguridad-electronica-s-l"}],"_links":{"self":[{"href":"https:\/\/bunkerseguridad.es\/fr\/wp-json\/wp\/v2\/product\/584","targetHints":{"allow":["GET"]}}],"collection":[{"href":"https:\/\/bunkerseguridad.es\/fr\/wp-json\/wp\/v2\/product"}],"about":[{"href":"https:\/\/bunkerseguridad.es\/fr\/wp-json\/wp\/v2\/types\/product"}],"wp:featuredmedia":[{"embeddable":true,"href":"https:\/\/bunkerseguridad.es\/fr\/wp-json\/wp\/v2\/media\/628"}],"wp:attachment":[{"href":"https:\/\/bunkerseguridad.es\/fr\/wp-json\/wp\/v2\/media?parent=584"}],"wp:term":[{"taxonomy":"pwb-brand","embeddable":true,"href":"https:\/\/bunkerseguridad.es\/fr\/wp-json\/wp\/v2\/pwb-brand?post=584"},{"taxonomy":"product_brand","embeddable":true,"href":"https:\/\/bunkerseguridad.es\/fr\/wp-json\/wp\/v2\/product_brand?post=584"},{"taxonomy":"product_cat","embeddable":true,"href":"https:\/\/bunkerseguridad.es\/fr\/wp-json\/wp\/v2\/product_cat?post=584"},{"taxonomy":"product_tag","embeddable":true,"href":"https:\/\/bunkerseguridad.es\/fr\/wp-json\/wp\/v2\/product_tag?post=584"}],"curies":[{"name":"wp","href":"https:\/\/api.w.org\/{rel}","templated":true}]}}