{"id":591,"date":"2020-09-08T10:31:10","date_gmt":"2020-09-08T10:31:10","guid":{"rendered":"http:\/\/www.bunkerseguridad.es\/en\/?post_type=product&#038;p=591"},"modified":"2021-02-11T10:36:34","modified_gmt":"2021-02-11T10:36:34","slug":"d-tect-laser","status":"publish","type":"product","link":"https:\/\/bunkerseguridad.es\/fr\/produit\/d-tect-laser\/","title":{"rendered":"D-TECT Laser"},"content":{"rendered":"<p>D\u00e9tecteur de mouvement jusqu&rsquo;\u00e0 25 m Le laser D-TECT est un dispositif de s\u00e9curit\u00e9 \u00e0 base de laser con\u00e7u pour cr\u00e9er des rideaux virtuels et des zones de s\u00e9curit\u00e9 de surveillance. Le laser D-TECT est programmable \u00e0 10 cm pr\u00e8s et fonctionne avec les plus hauts niveaux de pr\u00e9cision pour une d\u00e9tection pr\u00e9cise et fiable des intrusions.<\/p>\n<ul>\n<li>GJD 500 : D-TECT Laser 25m x 25m<\/li>\n<li>GJD 505 : Laser D-TECT 5m x 5m<\/li>\n<li>GJD:509 : D-TECT Laser 10m x 10m<\/li>\n<\/ul>\n<p><strong>Caract\u00e9ristiques :<\/strong><\/p>\n<ul>\n<li>Surveillance des points d&rsquo;acc\u00e8s des pi\u00e9tons et des v\u00e9hicules<\/li>\n<li>Protection du p\u00e9rim\u00e8tre et d\u00e9tection des intrusions<\/li>\n<li>Sauvegarde des \u0153uvres d&rsquo;art et des chefs-d&rsquo;\u0153uvre<\/li>\n<li>Protection contre le vol et le vandalisme<\/li>\n<li>S\u00e9curisation des sites ouverts<\/li>\n<\/ul>\n","protected":false},"excerpt":{"rendered":"<p><strong>D\u00e9tecteur de mouvement jusqu&rsquo;\u00e0 25 m Le laser D-TECT<\/strong> est un dispositif de s\u00e9curit\u00e9 \u00e0 base de laser con\u00e7u pour cr\u00e9er des rideaux virtuels et des zones de s\u00e9curit\u00e9 de surveillance. Le laser D-TECT est programmable \u00e0 10 cm pr\u00e8s et fonctionne avec les plus hauts niveaux de pr\u00e9cision pour une d\u00e9tection pr\u00e9cise et fiable des intrusions.<\/p>\n","protected":false},"featured_media":607,"template":"","meta":{"_et_pb_use_builder":"","_et_pb_old_content":"","_et_gb_content_width":""},"pwb-brand":[58],"product_brand":[],"product_cat":[41,48],"product_tag":[84],"class_list":{"0":"post-591","1":"product","2":"type-product","3":"status-publish","4":"has-post-thumbnail","6":"pwb-brand-gjd-detect-deter","7":"product_cat-detection-intrusion-perimetrique","8":"product_cat-detecteur-laser","9":"product_tag-detecteur-laser","11":"first","12":"instock","13":"shipping-taxable","14":"product-type-simple"},"yoast_head":"<!-- This site is optimized with the Yoast SEO plugin v25.2 - https:\/\/yoast.com\/wordpress\/plugins\/seo\/ -->\n<title>D-TECT Laser - Bunker Seguridad<\/title>\n<meta name=\"description\" content=\"D-TECT Laser dispositif laser de s\u00e9curit\u00e9 con\u00e7u pour cr\u00e9er des rideaux virtuels et des zones de s\u00e9curit\u00e9 pour la surveillance.\" \/>\n<meta name=\"robots\" content=\"noindex, follow, max-snippet:-1, max-image-preview:large, max-video-preview:-1\" \/>\n<meta property=\"og:locale\" content=\"fr_FR\" \/>\n<meta property=\"og:type\" content=\"article\" \/>\n<meta property=\"og:title\" content=\"D-TECT Laser - Bunker Seguridad\" \/>\n<meta property=\"og:description\" content=\"D-TECT Laser dispositif laser de s\u00e9curit\u00e9 con\u00e7u pour cr\u00e9er des rideaux virtuels et des zones de s\u00e9curit\u00e9 pour la surveillance.\" \/>\n<meta property=\"og:url\" content=\"https:\/\/bunkerseguridad.es\/fr\/produit\/d-tect-laser\/\" \/>\n<meta property=\"og:site_name\" content=\"Bunker Seguridad\" \/>\n<meta property=\"article:modified_time\" content=\"2021-02-11T10:36:34+00:00\" \/>\n<meta property=\"og:image\" content=\"https:\/\/bunkerseguridad.es\/fr\/wp-content\/uploads\/2020\/09\/DTECT-Laser-Black.png\" \/>\n\t<meta property=\"og:image:width\" content=\"1200\" \/>\n\t<meta property=\"og:image:height\" content=\"1200\" \/>\n\t<meta property=\"og:image:type\" content=\"image\/png\" \/>\n<meta name=\"twitter:card\" content=\"summary_large_image\" \/>\n<meta name=\"twitter:label1\" content=\"Dur\u00e9e de lecture estim\u00e9e\" \/>\n\t<meta name=\"twitter:data1\" content=\"1 minute\" \/>\n<script type=\"application\/ld+json\" class=\"yoast-schema-graph\">{\"@context\":\"https:\/\/schema.org\",\"@graph\":[{\"@type\":\"WebPage\",\"@id\":\"https:\/\/bunkerseguridad.es\/fr\/produit\/d-tect-laser\/\",\"url\":\"https:\/\/bunkerseguridad.es\/fr\/produit\/d-tect-laser\/\",\"name\":\"D-TECT Laser - Bunker Seguridad\",\"isPartOf\":{\"@id\":\"https:\/\/bunkerseguridad.es\/fr\/#website\"},\"primaryImageOfPage\":{\"@id\":\"https:\/\/bunkerseguridad.es\/fr\/produit\/d-tect-laser\/#primaryimage\"},\"image\":{\"@id\":\"https:\/\/bunkerseguridad.es\/fr\/produit\/d-tect-laser\/#primaryimage\"},\"thumbnailUrl\":\"https:\/\/bunkerseguridad.es\/fr\/wp-content\/uploads\/2020\/09\/DTECT-Laser-Black.png\",\"datePublished\":\"2020-09-08T10:31:10+00:00\",\"dateModified\":\"2021-02-11T10:36:34+00:00\",\"description\":\"D-TECT Laser dispositif laser de s\u00e9curit\u00e9 con\u00e7u pour cr\u00e9er des rideaux virtuels et des zones de s\u00e9curit\u00e9 pour la surveillance.\",\"breadcrumb\":{\"@id\":\"https:\/\/bunkerseguridad.es\/fr\/produit\/d-tect-laser\/#breadcrumb\"},\"inLanguage\":\"fr-FR\",\"potentialAction\":[{\"@type\":\"ReadAction\",\"target\":[\"https:\/\/bunkerseguridad.es\/fr\/produit\/d-tect-laser\/\"]}]},{\"@type\":\"ImageObject\",\"inLanguage\":\"fr-FR\",\"@id\":\"https:\/\/bunkerseguridad.es\/fr\/produit\/d-tect-laser\/#primaryimage\",\"url\":\"https:\/\/bunkerseguridad.es\/fr\/wp-content\/uploads\/2020\/09\/DTECT-Laser-Black.png\",\"contentUrl\":\"https:\/\/bunkerseguridad.es\/fr\/wp-content\/uploads\/2020\/09\/DTECT-Laser-Black.png\",\"width\":1200,\"height\":1200},{\"@type\":\"BreadcrumbList\",\"@id\":\"https:\/\/bunkerseguridad.es\/fr\/produit\/d-tect-laser\/#breadcrumb\",\"itemListElement\":[{\"@type\":\"ListItem\",\"position\":1,\"name\":\"Home\",\"item\":\"https:\/\/bunkerseguridad.es\/fr\/\"},{\"@type\":\"ListItem\",\"position\":2,\"name\":\"Shop\",\"item\":\"https:\/\/bunkerseguridad.es\/fr\/shop\/\"},{\"@type\":\"ListItem\",\"position\":3,\"name\":\"D-TECT Laser\"}]},{\"@type\":\"WebSite\",\"@id\":\"https:\/\/bunkerseguridad.es\/fr\/#website\",\"url\":\"https:\/\/bunkerseguridad.es\/fr\/\",\"name\":\"Bunker Seguridad\",\"description\":\"Otro sitio realizado con WordPress\",\"potentialAction\":[{\"@type\":\"SearchAction\",\"target\":{\"@type\":\"EntryPoint\",\"urlTemplate\":\"https:\/\/bunkerseguridad.es\/fr\/?s={search_term_string}\"},\"query-input\":{\"@type\":\"PropertyValueSpecification\",\"valueRequired\":true,\"valueName\":\"search_term_string\"}}],\"inLanguage\":\"fr-FR\"}]}<\/script>\n<!-- \/ Yoast SEO plugin. -->","yoast_head_json":{"title":"D-TECT Laser - Bunker Seguridad","description":"D-TECT Laser dispositif laser de s\u00e9curit\u00e9 con\u00e7u pour cr\u00e9er des rideaux virtuels et des zones de s\u00e9curit\u00e9 pour la surveillance.","robots":{"index":"noindex","follow":"follow","max-snippet":"max-snippet:-1","max-image-preview":"max-image-preview:large","max-video-preview":"max-video-preview:-1"},"og_locale":"fr_FR","og_type":"article","og_title":"D-TECT Laser - Bunker Seguridad","og_description":"D-TECT Laser dispositif laser de s\u00e9curit\u00e9 con\u00e7u pour cr\u00e9er des rideaux virtuels et des zones de s\u00e9curit\u00e9 pour la surveillance.","og_url":"https:\/\/bunkerseguridad.es\/fr\/produit\/d-tect-laser\/","og_site_name":"Bunker Seguridad","article_modified_time":"2021-02-11T10:36:34+00:00","og_image":[{"width":1200,"height":1200,"url":"https:\/\/bunkerseguridad.es\/fr\/wp-content\/uploads\/2020\/09\/DTECT-Laser-Black.png","type":"image\/png"}],"twitter_card":"summary_large_image","twitter_misc":{"Dur\u00e9e de lecture estim\u00e9e":"1 minute"},"schema":{"@context":"https:\/\/schema.org","@graph":[{"@type":"WebPage","@id":"https:\/\/bunkerseguridad.es\/fr\/produit\/d-tect-laser\/","url":"https:\/\/bunkerseguridad.es\/fr\/produit\/d-tect-laser\/","name":"D-TECT Laser - Bunker Seguridad","isPartOf":{"@id":"https:\/\/bunkerseguridad.es\/fr\/#website"},"primaryImageOfPage":{"@id":"https:\/\/bunkerseguridad.es\/fr\/produit\/d-tect-laser\/#primaryimage"},"image":{"@id":"https:\/\/bunkerseguridad.es\/fr\/produit\/d-tect-laser\/#primaryimage"},"thumbnailUrl":"https:\/\/bunkerseguridad.es\/fr\/wp-content\/uploads\/2020\/09\/DTECT-Laser-Black.png","datePublished":"2020-09-08T10:31:10+00:00","dateModified":"2021-02-11T10:36:34+00:00","description":"D-TECT Laser dispositif laser de s\u00e9curit\u00e9 con\u00e7u pour cr\u00e9er des rideaux virtuels et des zones de s\u00e9curit\u00e9 pour la surveillance.","breadcrumb":{"@id":"https:\/\/bunkerseguridad.es\/fr\/produit\/d-tect-laser\/#breadcrumb"},"inLanguage":"fr-FR","potentialAction":[{"@type":"ReadAction","target":["https:\/\/bunkerseguridad.es\/fr\/produit\/d-tect-laser\/"]}]},{"@type":"ImageObject","inLanguage":"fr-FR","@id":"https:\/\/bunkerseguridad.es\/fr\/produit\/d-tect-laser\/#primaryimage","url":"https:\/\/bunkerseguridad.es\/fr\/wp-content\/uploads\/2020\/09\/DTECT-Laser-Black.png","contentUrl":"https:\/\/bunkerseguridad.es\/fr\/wp-content\/uploads\/2020\/09\/DTECT-Laser-Black.png","width":1200,"height":1200},{"@type":"BreadcrumbList","@id":"https:\/\/bunkerseguridad.es\/fr\/produit\/d-tect-laser\/#breadcrumb","itemListElement":[{"@type":"ListItem","position":1,"name":"Home","item":"https:\/\/bunkerseguridad.es\/fr\/"},{"@type":"ListItem","position":2,"name":"Shop","item":"https:\/\/bunkerseguridad.es\/fr\/shop\/"},{"@type":"ListItem","position":3,"name":"D-TECT Laser"}]},{"@type":"WebSite","@id":"https:\/\/bunkerseguridad.es\/fr\/#website","url":"https:\/\/bunkerseguridad.es\/fr\/","name":"Bunker Seguridad","description":"Otro sitio realizado con WordPress","potentialAction":[{"@type":"SearchAction","target":{"@type":"EntryPoint","urlTemplate":"https:\/\/bunkerseguridad.es\/fr\/?s={search_term_string}"},"query-input":{"@type":"PropertyValueSpecification","valueRequired":true,"valueName":"search_term_string"}}],"inLanguage":"fr-FR"}]}},"brands":[{"id":58,"name":"GJD","slug":"gjd-detect-deter"}],"_links":{"self":[{"href":"https:\/\/bunkerseguridad.es\/fr\/wp-json\/wp\/v2\/product\/591","targetHints":{"allow":["GET"]}}],"collection":[{"href":"https:\/\/bunkerseguridad.es\/fr\/wp-json\/wp\/v2\/product"}],"about":[{"href":"https:\/\/bunkerseguridad.es\/fr\/wp-json\/wp\/v2\/types\/product"}],"wp:featuredmedia":[{"embeddable":true,"href":"https:\/\/bunkerseguridad.es\/fr\/wp-json\/wp\/v2\/media\/607"}],"wp:attachment":[{"href":"https:\/\/bunkerseguridad.es\/fr\/wp-json\/wp\/v2\/media?parent=591"}],"wp:term":[{"taxonomy":"pwb-brand","embeddable":true,"href":"https:\/\/bunkerseguridad.es\/fr\/wp-json\/wp\/v2\/pwb-brand?post=591"},{"taxonomy":"product_brand","embeddable":true,"href":"https:\/\/bunkerseguridad.es\/fr\/wp-json\/wp\/v2\/product_brand?post=591"},{"taxonomy":"product_cat","embeddable":true,"href":"https:\/\/bunkerseguridad.es\/fr\/wp-json\/wp\/v2\/product_cat?post=591"},{"taxonomy":"product_tag","embeddable":true,"href":"https:\/\/bunkerseguridad.es\/fr\/wp-json\/wp\/v2\/product_tag?post=591"}],"curies":[{"name":"wp","href":"https:\/\/api.w.org\/{rel}","templated":true}]}}