{"id":5986,"date":"2020-12-18T09:34:38","date_gmt":"2020-12-18T09:34:38","guid":{"rendered":"http:\/\/www.bunkerseguridad.es\/en\/?post_type=product&#038;p=5986"},"modified":"2021-03-10T11:25:28","modified_gmt":"2021-03-10T11:25:28","slug":"convertisseurs-de-medias-mcls1-m1a-xyn-b","status":"publish","type":"product","link":"https:\/\/bunkerseguridad.es\/fr\/produit\/convertisseurs-de-medias-mcls1-m1a-xyn-b\/","title":{"rendered":"Convertisseurs de m\u00e9dias MCLS1-M1A-xyN-B"},"content":{"rendered":"<p><strong>Le KBC MCLS-M1A-xyN-B est un convertisseur de m\u00e9dia (MC) Ethernet industriel 10 \/ 100Mbps avec POE<\/strong>. Il prend en charge la transmission d&rsquo;un canal Ethernet 10 \/ 100Base-T sur une ou deux fibres optiques multimodes ou monomodes avec un fonctionnement en duplex int\u00e9gral. Il prend en charge POE \/ POE +. Cette s\u00e9rie MCLS1 de convertisseur de m\u00e9dia POE est compatible avec la s\u00e9rie MCLN1 de convertisseur de m\u00e9dia non POE 10 \/ 100M. En r\u00e8gle g\u00e9n\u00e9rale, le convertisseur de m\u00e9dia POE est install\u00e9 \u00e0 l&rsquo;extr\u00e9mit\u00e9 distante, dans la t\u00eate de r\u00e9seau, le convertisseur de m\u00e9dia de la s\u00e9rie MCLN1 est install\u00e9. La conception plug-and-play rend l&rsquo;installation simple, sans ajustement \u00e9lectrique ou optique n\u00e9cessaire. Des indicateurs LED sont fournis pour montrer l&rsquo;\u00e9tat de fonctionnement de l&rsquo;unit\u00e9. La conception robuste dans le bo\u00eetier et la protection \u00e9lectrique le rend id\u00e9al pour une application dans un environnement difficile.<\/p>\n<p><strong>Caract\u00e9ristiques:<\/strong><\/p>\n<ul>\n<li>D\u00e9tection automatique 10 \/ 100M<\/li>\n<li>Protection contre les surtensions 6kV sur le port \u00e9lectrique RJ45<\/li>\n<li>Prise en charge POE \/ POE +<\/li>\n<li>Compatible avec la s\u00e9rie MCLN1 de convertisseur de m\u00e9dia non PoE 100M \u00e0 un canal<\/li>\n<li>SM (mode unique) et MM (mode multi)<\/li>\n<li>1 fibre<\/li>\n<li>1310 \/ 1550nm pour 1 fibre<\/li>\n<li>Les distances de transmission typiques SM et MM sont respectivement de 20 km et 2 km.<\/li>\n<li>Bo\u00eetier IP40<\/li>\n<li>Rail DIN, montage mural et rack passif FR2-12<\/li>\n<\/ul>\n","protected":false},"excerpt":{"rendered":"<p><strong>Convertisseurs de M\u00e9dia Ethernet Commerciaux<\/strong> &#8211; Le KBC MCLS-M1A-xyN-B est un convertisseur de m\u00e9dia PoE \u00e0 fibre optique LAN Ethernet 10 \/ 100Mbps industriel c\u00f4t\u00e9 \u00abA\u00bb, 1 fibre, 1310 \/ 1550nm multimode, budget de perte optique 12dB. Port\u00e9e de 2 km. Compatible avec MCLN1-M1B-xxx. -40 \u00b0 C \u00e0 75 \u00b0 C (40 \u00b0 F \u00e0 167 \u00b0 F) temp\u00e9rature de fonctionnement. 48VDC, &lt;3W. N\u00e9cessite une alimentation vendue s\u00e9par\u00e9ment.<\/p>\n","protected":false},"featured_media":5984,"template":"","meta":{"_et_pb_use_builder":"","_et_pb_old_content":"","_et_gb_content_width":""},"pwb-brand":[206],"product_brand":[],"product_cat":[308,31,38],"product_tag":[155,152,184,146],"class_list":{"0":"post-5986","1":"product","2":"type-product","3":"status-publish","4":"has-post-thumbnail","6":"pwb-brand-kbc-networks","7":"product_cat-industrial-media-converters","8":"product_cat-transmission-des-donnees","9":"product_cat-convertisseurs-medias","10":"product_tag-10-100mbps","11":"product_tag-convertisseur-de-media-industriel","12":"product_tag-multimode","13":"product_tag-poe","15":"first","16":"instock","17":"shipping-taxable","18":"product-type-simple"},"yoast_head":"<!-- This site is optimized with the Yoast SEO plugin v25.2 - https:\/\/yoast.com\/wordpress\/plugins\/seo\/ -->\n<title>Convertisseurs de m\u00e9dias MCLS1-M1A-xyN-B - Bunker Seguridad<\/title>\n<meta name=\"description\" content=\"Convertisseurs de M\u00e9dias Ethernet Commerciaux - Le KBC MCLS-M1A-xyN-B est un convertisseur de m\u00e9dia PoE \u00e0 fibre optique LAN Ethernet\" \/>\n<meta name=\"robots\" content=\"noindex, follow, max-snippet:-1, max-image-preview:large, max-video-preview:-1\" \/>\n<meta property=\"og:locale\" content=\"fr_FR\" \/>\n<meta property=\"og:type\" content=\"article\" \/>\n<meta property=\"og:title\" content=\"Convertisseurs de m\u00e9dias MCLS1-M1A-xyN-B - Bunker Seguridad\" \/>\n<meta property=\"og:description\" content=\"Convertisseurs de M\u00e9dias Ethernet Commerciaux - Le KBC MCLS-M1A-xyN-B est un convertisseur de m\u00e9dia PoE \u00e0 fibre optique LAN Ethernet\" \/>\n<meta property=\"og:url\" content=\"https:\/\/bunkerseguridad.es\/fr\/produit\/convertisseurs-de-medias-mcls1-m1a-xyn-b\/\" \/>\n<meta property=\"og:site_name\" content=\"Bunker Seguridad\" \/>\n<meta property=\"article:modified_time\" content=\"2021-03-10T11:25:28+00:00\" \/>\n<meta property=\"og:image\" content=\"https:\/\/bunkerseguridad.es\/fr\/wp-content\/uploads\/2020\/12\/Ethernet-Media-Converters-series-is-an-industrial-MCLS1-M2N-xyN-B-1.png\" \/>\n\t<meta property=\"og:image:width\" content=\"1200\" \/>\n\t<meta property=\"og:image:height\" content=\"1200\" \/>\n\t<meta property=\"og:image:type\" content=\"image\/png\" \/>\n<meta name=\"twitter:card\" content=\"summary_large_image\" \/>\n<meta name=\"twitter:label1\" content=\"Dur\u00e9e de lecture estim\u00e9e\" \/>\n\t<meta name=\"twitter:data1\" content=\"1 minute\" \/>\n<script type=\"application\/ld+json\" class=\"yoast-schema-graph\">{\"@context\":\"https:\/\/schema.org\",\"@graph\":[{\"@type\":\"WebPage\",\"@id\":\"https:\/\/bunkerseguridad.es\/fr\/produit\/convertisseurs-de-medias-mcls1-m1a-xyn-b\/\",\"url\":\"https:\/\/bunkerseguridad.es\/fr\/produit\/convertisseurs-de-medias-mcls1-m1a-xyn-b\/\",\"name\":\"Convertisseurs de m\u00e9dias MCLS1-M1A-xyN-B - Bunker Seguridad\",\"isPartOf\":{\"@id\":\"https:\/\/bunkerseguridad.es\/fr\/#website\"},\"primaryImageOfPage\":{\"@id\":\"https:\/\/bunkerseguridad.es\/fr\/produit\/convertisseurs-de-medias-mcls1-m1a-xyn-b\/#primaryimage\"},\"image\":{\"@id\":\"https:\/\/bunkerseguridad.es\/fr\/produit\/convertisseurs-de-medias-mcls1-m1a-xyn-b\/#primaryimage\"},\"thumbnailUrl\":\"https:\/\/bunkerseguridad.es\/fr\/wp-content\/uploads\/2020\/12\/Ethernet-Media-Converters-series-is-an-industrial-MCLS1-M2N-xyN-B-1.png\",\"datePublished\":\"2020-12-18T09:34:38+00:00\",\"dateModified\":\"2021-03-10T11:25:28+00:00\",\"description\":\"Convertisseurs de M\u00e9dias Ethernet Commerciaux - Le KBC MCLS-M1A-xyN-B est un convertisseur de m\u00e9dia PoE \u00e0 fibre optique LAN Ethernet\",\"breadcrumb\":{\"@id\":\"https:\/\/bunkerseguridad.es\/fr\/produit\/convertisseurs-de-medias-mcls1-m1a-xyn-b\/#breadcrumb\"},\"inLanguage\":\"fr-FR\",\"potentialAction\":[{\"@type\":\"ReadAction\",\"target\":[\"https:\/\/bunkerseguridad.es\/fr\/produit\/convertisseurs-de-medias-mcls1-m1a-xyn-b\/\"]}]},{\"@type\":\"ImageObject\",\"inLanguage\":\"fr-FR\",\"@id\":\"https:\/\/bunkerseguridad.es\/fr\/produit\/convertisseurs-de-medias-mcls1-m1a-xyn-b\/#primaryimage\",\"url\":\"https:\/\/bunkerseguridad.es\/fr\/wp-content\/uploads\/2020\/12\/Ethernet-Media-Converters-series-is-an-industrial-MCLS1-M2N-xyN-B-1.png\",\"contentUrl\":\"https:\/\/bunkerseguridad.es\/fr\/wp-content\/uploads\/2020\/12\/Ethernet-Media-Converters-series-is-an-industrial-MCLS1-M2N-xyN-B-1.png\",\"width\":1200,\"height\":1200,\"caption\":\"Convertisseurs de m\u00e9dia Ethernet - series-is-an-industrial---MCLS1-M2N-xyN-B\"},{\"@type\":\"BreadcrumbList\",\"@id\":\"https:\/\/bunkerseguridad.es\/fr\/produit\/convertisseurs-de-medias-mcls1-m1a-xyn-b\/#breadcrumb\",\"itemListElement\":[{\"@type\":\"ListItem\",\"position\":1,\"name\":\"Home\",\"item\":\"https:\/\/bunkerseguridad.es\/fr\/\"},{\"@type\":\"ListItem\",\"position\":2,\"name\":\"Shop\",\"item\":\"https:\/\/bunkerseguridad.es\/fr\/shop\/\"},{\"@type\":\"ListItem\",\"position\":3,\"name\":\"Convertisseurs de m\u00e9dias MCLS1-M1A-xyN-B\"}]},{\"@type\":\"WebSite\",\"@id\":\"https:\/\/bunkerseguridad.es\/fr\/#website\",\"url\":\"https:\/\/bunkerseguridad.es\/fr\/\",\"name\":\"Bunker Seguridad\",\"description\":\"Otro sitio realizado con WordPress\",\"potentialAction\":[{\"@type\":\"SearchAction\",\"target\":{\"@type\":\"EntryPoint\",\"urlTemplate\":\"https:\/\/bunkerseguridad.es\/fr\/?s={search_term_string}\"},\"query-input\":{\"@type\":\"PropertyValueSpecification\",\"valueRequired\":true,\"valueName\":\"search_term_string\"}}],\"inLanguage\":\"fr-FR\"}]}<\/script>\n<!-- \/ Yoast SEO plugin. -->","yoast_head_json":{"title":"Convertisseurs de m\u00e9dias MCLS1-M1A-xyN-B - Bunker Seguridad","description":"Convertisseurs de M\u00e9dias Ethernet Commerciaux - Le KBC MCLS-M1A-xyN-B est un convertisseur de m\u00e9dia PoE \u00e0 fibre optique LAN Ethernet","robots":{"index":"noindex","follow":"follow","max-snippet":"max-snippet:-1","max-image-preview":"max-image-preview:large","max-video-preview":"max-video-preview:-1"},"og_locale":"fr_FR","og_type":"article","og_title":"Convertisseurs de m\u00e9dias MCLS1-M1A-xyN-B - Bunker Seguridad","og_description":"Convertisseurs de M\u00e9dias Ethernet Commerciaux - Le KBC MCLS-M1A-xyN-B est un convertisseur de m\u00e9dia PoE \u00e0 fibre optique LAN Ethernet","og_url":"https:\/\/bunkerseguridad.es\/fr\/produit\/convertisseurs-de-medias-mcls1-m1a-xyn-b\/","og_site_name":"Bunker Seguridad","article_modified_time":"2021-03-10T11:25:28+00:00","og_image":[{"width":1200,"height":1200,"url":"https:\/\/bunkerseguridad.es\/fr\/wp-content\/uploads\/2020\/12\/Ethernet-Media-Converters-series-is-an-industrial-MCLS1-M2N-xyN-B-1.png","type":"image\/png"}],"twitter_card":"summary_large_image","twitter_misc":{"Dur\u00e9e de lecture estim\u00e9e":"1 minute"},"schema":{"@context":"https:\/\/schema.org","@graph":[{"@type":"WebPage","@id":"https:\/\/bunkerseguridad.es\/fr\/produit\/convertisseurs-de-medias-mcls1-m1a-xyn-b\/","url":"https:\/\/bunkerseguridad.es\/fr\/produit\/convertisseurs-de-medias-mcls1-m1a-xyn-b\/","name":"Convertisseurs de m\u00e9dias MCLS1-M1A-xyN-B - Bunker Seguridad","isPartOf":{"@id":"https:\/\/bunkerseguridad.es\/fr\/#website"},"primaryImageOfPage":{"@id":"https:\/\/bunkerseguridad.es\/fr\/produit\/convertisseurs-de-medias-mcls1-m1a-xyn-b\/#primaryimage"},"image":{"@id":"https:\/\/bunkerseguridad.es\/fr\/produit\/convertisseurs-de-medias-mcls1-m1a-xyn-b\/#primaryimage"},"thumbnailUrl":"https:\/\/bunkerseguridad.es\/fr\/wp-content\/uploads\/2020\/12\/Ethernet-Media-Converters-series-is-an-industrial-MCLS1-M2N-xyN-B-1.png","datePublished":"2020-12-18T09:34:38+00:00","dateModified":"2021-03-10T11:25:28+00:00","description":"Convertisseurs de M\u00e9dias Ethernet Commerciaux - Le KBC MCLS-M1A-xyN-B est un convertisseur de m\u00e9dia PoE \u00e0 fibre optique LAN Ethernet","breadcrumb":{"@id":"https:\/\/bunkerseguridad.es\/fr\/produit\/convertisseurs-de-medias-mcls1-m1a-xyn-b\/#breadcrumb"},"inLanguage":"fr-FR","potentialAction":[{"@type":"ReadAction","target":["https:\/\/bunkerseguridad.es\/fr\/produit\/convertisseurs-de-medias-mcls1-m1a-xyn-b\/"]}]},{"@type":"ImageObject","inLanguage":"fr-FR","@id":"https:\/\/bunkerseguridad.es\/fr\/produit\/convertisseurs-de-medias-mcls1-m1a-xyn-b\/#primaryimage","url":"https:\/\/bunkerseguridad.es\/fr\/wp-content\/uploads\/2020\/12\/Ethernet-Media-Converters-series-is-an-industrial-MCLS1-M2N-xyN-B-1.png","contentUrl":"https:\/\/bunkerseguridad.es\/fr\/wp-content\/uploads\/2020\/12\/Ethernet-Media-Converters-series-is-an-industrial-MCLS1-M2N-xyN-B-1.png","width":1200,"height":1200,"caption":"Convertisseurs de m\u00e9dia Ethernet - series-is-an-industrial---MCLS1-M2N-xyN-B"},{"@type":"BreadcrumbList","@id":"https:\/\/bunkerseguridad.es\/fr\/produit\/convertisseurs-de-medias-mcls1-m1a-xyn-b\/#breadcrumb","itemListElement":[{"@type":"ListItem","position":1,"name":"Home","item":"https:\/\/bunkerseguridad.es\/fr\/"},{"@type":"ListItem","position":2,"name":"Shop","item":"https:\/\/bunkerseguridad.es\/fr\/shop\/"},{"@type":"ListItem","position":3,"name":"Convertisseurs de m\u00e9dias MCLS1-M1A-xyN-B"}]},{"@type":"WebSite","@id":"https:\/\/bunkerseguridad.es\/fr\/#website","url":"https:\/\/bunkerseguridad.es\/fr\/","name":"Bunker Seguridad","description":"Otro sitio realizado con WordPress","potentialAction":[{"@type":"SearchAction","target":{"@type":"EntryPoint","urlTemplate":"https:\/\/bunkerseguridad.es\/fr\/?s={search_term_string}"},"query-input":{"@type":"PropertyValueSpecification","valueRequired":true,"valueName":"search_term_string"}}],"inLanguage":"fr-FR"}]}},"brands":[{"id":206,"name":"KBC Networks","slug":"kbc-networks"}],"_links":{"self":[{"href":"https:\/\/bunkerseguridad.es\/fr\/wp-json\/wp\/v2\/product\/5986","targetHints":{"allow":["GET"]}}],"collection":[{"href":"https:\/\/bunkerseguridad.es\/fr\/wp-json\/wp\/v2\/product"}],"about":[{"href":"https:\/\/bunkerseguridad.es\/fr\/wp-json\/wp\/v2\/types\/product"}],"wp:featuredmedia":[{"embeddable":true,"href":"https:\/\/bunkerseguridad.es\/fr\/wp-json\/wp\/v2\/media\/5984"}],"wp:attachment":[{"href":"https:\/\/bunkerseguridad.es\/fr\/wp-json\/wp\/v2\/media?parent=5986"}],"wp:term":[{"taxonomy":"pwb-brand","embeddable":true,"href":"https:\/\/bunkerseguridad.es\/fr\/wp-json\/wp\/v2\/pwb-brand?post=5986"},{"taxonomy":"product_brand","embeddable":true,"href":"https:\/\/bunkerseguridad.es\/fr\/wp-json\/wp\/v2\/product_brand?post=5986"},{"taxonomy":"product_cat","embeddable":true,"href":"https:\/\/bunkerseguridad.es\/fr\/wp-json\/wp\/v2\/product_cat?post=5986"},{"taxonomy":"product_tag","embeddable":true,"href":"https:\/\/bunkerseguridad.es\/fr\/wp-json\/wp\/v2\/product_tag?post=5986"}],"curies":[{"name":"wp","href":"https:\/\/api.w.org\/{rel}","templated":true}]}}