{"id":5994,"date":"2020-12-18T10:35:29","date_gmt":"2020-12-18T10:35:29","guid":{"rendered":"http:\/\/www.bunkerseguridad.es\/en\/?post_type=product&#038;p=5994"},"modified":"2021-03-10T11:27:40","modified_gmt":"2021-03-10T11:27:40","slug":"convertisseurs-de-medias-mcln2-s2n-xyz-b","status":"publish","type":"product","link":"https:\/\/bunkerseguridad.es\/fr\/produit\/convertisseurs-de-medias-mcln2-s2n-xyz-b\/","title":{"rendered":"Convertisseurs de m\u00e9dias MCLN2-S2N-xyz-B"},"content":{"rendered":"<p><strong>La s\u00e9rie KBC MCLN2 est un convertisseur multim\u00e9dia Ethernet industriel \u00e0 deux canaux 10 \/ 100M.<\/strong> Il prend en charge la transmission de deux canaux Ethernet 10 \/ 100Base-T sur une ou deux fibres optiques multimode ou monomode avec un fonctionnement en duplex int\u00e9gral. En r\u00e8gle g\u00e9n\u00e9rale, le convertisseur multim\u00e9dia \u00e0 deux canaux est install\u00e9 \u00e0 l&rsquo;extr\u00e9mit\u00e9 distante, tandis que la s\u00e9rie MCLN1 de convertisseur multim\u00e9dia \u00e0 un canal compatible est install\u00e9e. La conception plug-and-play rend l&rsquo;installation simple, sans ajustement \u00e9lectrique ou optique n\u00e9cessaire. Des indicateurs LED sont fournis pour montrer l&rsquo;\u00e9tat de fonctionnement de l&rsquo;unit\u00e9. La conception robuste dans le bo\u00eetier et la protection \u00e9lectrique le rend id\u00e9al pour une application dans un environnement difficile. La s\u00e9rie est disponible en rack passif \u00e0 montage mural, DIN et 2U FR2-12.<\/p>\n<p><strong>Caract\u00e9ristiques:<\/strong><\/p>\n<ul>\n<li>D\u00e9tection automatique 10 \/ 100M<\/li>\n<li>Protection contre les surtensions 2kV sur le port \u00e9lectrique RJ45<\/li>\n<li>Compatible avec la s\u00e9rie MCLN1 de convertisseur multim\u00e9dia 1 canal 10 \/ 100M<\/li>\n<li>SM (mode unique) et MM (mode multi)<\/li>\n<li>1 fibre ou 2 fibres<\/li>\n<li>SM&amp;MM: 1310nm \/ 1550m pour 1 fibre; 1310nm pour 2 fibres<\/li>\n<li>Les distances de transmission typiques SM et MM sont respectivement de 20 km et 2 km. Une plus longue distance est disponible<\/li>\n<li>Bo\u00eetier IP40<\/li>\n<li>DIN, montage mural<\/li>\n<li>Rack passif FR2-12 avec 12 emplacements<\/li>\n<\/ul>\n","protected":false},"excerpt":{"rendered":"<p><strong>Convertisseurs de m\u00e9dia Ethernet commerciaux<\/strong> &#8211; La s\u00e9rie KBC MCLN2-S2N-xyz-B est un convertisseur de m\u00e9dia \u00e0 fibre optique LAN Ethernet 10\/100 Mbps industriel \u00e0 2 ports, 2 fibres, 1310 nm monomode, budget de perte optique de 12 dB. Gamme de 20Km. -40 \u00b0 C \u00e0 75 \u00b0 C (-40 \u00b0 F \u00e0 167 \u00b0 F) temp\u00e9rature de fonctionnement. 12VDC, &lt;3W.<\/p>\n","protected":false},"featured_media":5485,"template":"","meta":{"_et_pb_use_builder":"","_et_pb_old_content":"","_et_gb_content_width":""},"pwb-brand":[206],"product_brand":[],"product_cat":[308,31,38],"product_tag":[155,309,152,183],"class_list":{"0":"post-5994","1":"product","2":"type-product","3":"status-publish","4":"has-post-thumbnail","6":"pwb-brand-kbc-networks","7":"product_cat-industrial-media-converters","8":"product_cat-transmission-des-donnees","9":"product_cat-convertisseurs-medias","10":"product_tag-10-100mbps","11":"product_tag-2-port","12":"product_tag-convertisseur-de-media-industriel","13":"product_tag-singlemode","15":"first","16":"instock","17":"shipping-taxable","18":"product-type-simple"},"yoast_head":"<!-- This site is optimized with the Yoast SEO plugin v25.2 - https:\/\/yoast.com\/wordpress\/plugins\/seo\/ -->\n<title>Convertisseurs de m\u00e9dias MCLN2-S2N-xyz-B - Bunker Seguridad<\/title>\n<meta name=\"description\" content=\"Convertisseurs de m\u00e9dia Ethernet commerciaux , La s\u00e9rie KBC MCLN2-S2N-xyz-B est un convertisseur de m\u00e9dia\" \/>\n<meta name=\"robots\" content=\"noindex, follow, max-snippet:-1, max-image-preview:large, max-video-preview:-1\" \/>\n<meta property=\"og:locale\" content=\"fr_FR\" \/>\n<meta property=\"og:type\" content=\"article\" \/>\n<meta property=\"og:title\" content=\"Convertisseurs de m\u00e9dias MCLN2-S2N-xyz-B - Bunker Seguridad\" \/>\n<meta property=\"og:description\" content=\"Convertisseurs de m\u00e9dia Ethernet commerciaux , La s\u00e9rie KBC MCLN2-S2N-xyz-B est un convertisseur de m\u00e9dia\" \/>\n<meta property=\"og:url\" content=\"https:\/\/bunkerseguridad.es\/fr\/produit\/convertisseurs-de-medias-mcln2-s2n-xyz-b\/\" \/>\n<meta property=\"og:site_name\" content=\"Bunker Seguridad\" \/>\n<meta property=\"article:modified_time\" content=\"2021-03-10T11:27:40+00:00\" \/>\n<meta property=\"og:image\" content=\"https:\/\/bunkerseguridad.es\/fr\/wp-content\/uploads\/2020\/12\/MCLN2-M2N-xyz-B-2-port.png\" \/>\n\t<meta property=\"og:image:width\" content=\"1200\" \/>\n\t<meta property=\"og:image:height\" content=\"1200\" \/>\n\t<meta property=\"og:image:type\" content=\"image\/png\" \/>\n<meta name=\"twitter:card\" content=\"summary_large_image\" \/>\n<meta name=\"twitter:label1\" content=\"Dur\u00e9e de lecture estim\u00e9e\" \/>\n\t<meta name=\"twitter:data1\" content=\"1 minute\" \/>\n<script type=\"application\/ld+json\" class=\"yoast-schema-graph\">{\"@context\":\"https:\/\/schema.org\",\"@graph\":[{\"@type\":\"WebPage\",\"@id\":\"https:\/\/bunkerseguridad.es\/fr\/produit\/convertisseurs-de-medias-mcln2-s2n-xyz-b\/\",\"url\":\"https:\/\/bunkerseguridad.es\/fr\/produit\/convertisseurs-de-medias-mcln2-s2n-xyz-b\/\",\"name\":\"Convertisseurs de m\u00e9dias MCLN2-S2N-xyz-B - Bunker Seguridad\",\"isPartOf\":{\"@id\":\"https:\/\/bunkerseguridad.es\/fr\/#website\"},\"primaryImageOfPage\":{\"@id\":\"https:\/\/bunkerseguridad.es\/fr\/produit\/convertisseurs-de-medias-mcln2-s2n-xyz-b\/#primaryimage\"},\"image\":{\"@id\":\"https:\/\/bunkerseguridad.es\/fr\/produit\/convertisseurs-de-medias-mcln2-s2n-xyz-b\/#primaryimage\"},\"thumbnailUrl\":\"https:\/\/bunkerseguridad.es\/fr\/wp-content\/uploads\/2020\/12\/MCLN2-M2N-xyz-B-2-port.png\",\"datePublished\":\"2020-12-18T10:35:29+00:00\",\"dateModified\":\"2021-03-10T11:27:40+00:00\",\"description\":\"Convertisseurs de m\u00e9dia Ethernet commerciaux , La s\u00e9rie KBC MCLN2-S2N-xyz-B est un convertisseur de m\u00e9dia\",\"breadcrumb\":{\"@id\":\"https:\/\/bunkerseguridad.es\/fr\/produit\/convertisseurs-de-medias-mcln2-s2n-xyz-b\/#breadcrumb\"},\"inLanguage\":\"fr-FR\",\"potentialAction\":[{\"@type\":\"ReadAction\",\"target\":[\"https:\/\/bunkerseguridad.es\/fr\/produit\/convertisseurs-de-medias-mcln2-s2n-xyz-b\/\"]}]},{\"@type\":\"ImageObject\",\"inLanguage\":\"fr-FR\",\"@id\":\"https:\/\/bunkerseguridad.es\/fr\/produit\/convertisseurs-de-medias-mcln2-s2n-xyz-b\/#primaryimage\",\"url\":\"https:\/\/bunkerseguridad.es\/fr\/wp-content\/uploads\/2020\/12\/MCLN2-M2N-xyz-B-2-port.png\",\"contentUrl\":\"https:\/\/bunkerseguridad.es\/fr\/wp-content\/uploads\/2020\/12\/MCLN2-M2N-xyz-B-2-port.png\",\"width\":1200,\"height\":1200,\"caption\":\"Convertisseurs de m\u00e9dia MCGN2\"},{\"@type\":\"BreadcrumbList\",\"@id\":\"https:\/\/bunkerseguridad.es\/fr\/produit\/convertisseurs-de-medias-mcln2-s2n-xyz-b\/#breadcrumb\",\"itemListElement\":[{\"@type\":\"ListItem\",\"position\":1,\"name\":\"Home\",\"item\":\"https:\/\/bunkerseguridad.es\/fr\/\"},{\"@type\":\"ListItem\",\"position\":2,\"name\":\"Shop\",\"item\":\"https:\/\/bunkerseguridad.es\/fr\/shop\/\"},{\"@type\":\"ListItem\",\"position\":3,\"name\":\"Convertisseurs de m\u00e9dias MCLN2-S2N-xyz-B\"}]},{\"@type\":\"WebSite\",\"@id\":\"https:\/\/bunkerseguridad.es\/fr\/#website\",\"url\":\"https:\/\/bunkerseguridad.es\/fr\/\",\"name\":\"Bunker Seguridad\",\"description\":\"Otro sitio realizado con WordPress\",\"potentialAction\":[{\"@type\":\"SearchAction\",\"target\":{\"@type\":\"EntryPoint\",\"urlTemplate\":\"https:\/\/bunkerseguridad.es\/fr\/?s={search_term_string}\"},\"query-input\":{\"@type\":\"PropertyValueSpecification\",\"valueRequired\":true,\"valueName\":\"search_term_string\"}}],\"inLanguage\":\"fr-FR\"}]}<\/script>\n<!-- \/ Yoast SEO plugin. -->","yoast_head_json":{"title":"Convertisseurs de m\u00e9dias MCLN2-S2N-xyz-B - Bunker Seguridad","description":"Convertisseurs de m\u00e9dia Ethernet commerciaux , La s\u00e9rie KBC MCLN2-S2N-xyz-B est un convertisseur de m\u00e9dia","robots":{"index":"noindex","follow":"follow","max-snippet":"max-snippet:-1","max-image-preview":"max-image-preview:large","max-video-preview":"max-video-preview:-1"},"og_locale":"fr_FR","og_type":"article","og_title":"Convertisseurs de m\u00e9dias MCLN2-S2N-xyz-B - Bunker Seguridad","og_description":"Convertisseurs de m\u00e9dia Ethernet commerciaux , La s\u00e9rie KBC MCLN2-S2N-xyz-B est un convertisseur de m\u00e9dia","og_url":"https:\/\/bunkerseguridad.es\/fr\/produit\/convertisseurs-de-medias-mcln2-s2n-xyz-b\/","og_site_name":"Bunker Seguridad","article_modified_time":"2021-03-10T11:27:40+00:00","og_image":[{"width":1200,"height":1200,"url":"https:\/\/bunkerseguridad.es\/fr\/wp-content\/uploads\/2020\/12\/MCLN2-M2N-xyz-B-2-port.png","type":"image\/png"}],"twitter_card":"summary_large_image","twitter_misc":{"Dur\u00e9e de lecture estim\u00e9e":"1 minute"},"schema":{"@context":"https:\/\/schema.org","@graph":[{"@type":"WebPage","@id":"https:\/\/bunkerseguridad.es\/fr\/produit\/convertisseurs-de-medias-mcln2-s2n-xyz-b\/","url":"https:\/\/bunkerseguridad.es\/fr\/produit\/convertisseurs-de-medias-mcln2-s2n-xyz-b\/","name":"Convertisseurs de m\u00e9dias MCLN2-S2N-xyz-B - Bunker Seguridad","isPartOf":{"@id":"https:\/\/bunkerseguridad.es\/fr\/#website"},"primaryImageOfPage":{"@id":"https:\/\/bunkerseguridad.es\/fr\/produit\/convertisseurs-de-medias-mcln2-s2n-xyz-b\/#primaryimage"},"image":{"@id":"https:\/\/bunkerseguridad.es\/fr\/produit\/convertisseurs-de-medias-mcln2-s2n-xyz-b\/#primaryimage"},"thumbnailUrl":"https:\/\/bunkerseguridad.es\/fr\/wp-content\/uploads\/2020\/12\/MCLN2-M2N-xyz-B-2-port.png","datePublished":"2020-12-18T10:35:29+00:00","dateModified":"2021-03-10T11:27:40+00:00","description":"Convertisseurs de m\u00e9dia Ethernet commerciaux , La s\u00e9rie KBC MCLN2-S2N-xyz-B est un convertisseur de m\u00e9dia","breadcrumb":{"@id":"https:\/\/bunkerseguridad.es\/fr\/produit\/convertisseurs-de-medias-mcln2-s2n-xyz-b\/#breadcrumb"},"inLanguage":"fr-FR","potentialAction":[{"@type":"ReadAction","target":["https:\/\/bunkerseguridad.es\/fr\/produit\/convertisseurs-de-medias-mcln2-s2n-xyz-b\/"]}]},{"@type":"ImageObject","inLanguage":"fr-FR","@id":"https:\/\/bunkerseguridad.es\/fr\/produit\/convertisseurs-de-medias-mcln2-s2n-xyz-b\/#primaryimage","url":"https:\/\/bunkerseguridad.es\/fr\/wp-content\/uploads\/2020\/12\/MCLN2-M2N-xyz-B-2-port.png","contentUrl":"https:\/\/bunkerseguridad.es\/fr\/wp-content\/uploads\/2020\/12\/MCLN2-M2N-xyz-B-2-port.png","width":1200,"height":1200,"caption":"Convertisseurs de m\u00e9dia MCGN2"},{"@type":"BreadcrumbList","@id":"https:\/\/bunkerseguridad.es\/fr\/produit\/convertisseurs-de-medias-mcln2-s2n-xyz-b\/#breadcrumb","itemListElement":[{"@type":"ListItem","position":1,"name":"Home","item":"https:\/\/bunkerseguridad.es\/fr\/"},{"@type":"ListItem","position":2,"name":"Shop","item":"https:\/\/bunkerseguridad.es\/fr\/shop\/"},{"@type":"ListItem","position":3,"name":"Convertisseurs de m\u00e9dias MCLN2-S2N-xyz-B"}]},{"@type":"WebSite","@id":"https:\/\/bunkerseguridad.es\/fr\/#website","url":"https:\/\/bunkerseguridad.es\/fr\/","name":"Bunker Seguridad","description":"Otro sitio realizado con WordPress","potentialAction":[{"@type":"SearchAction","target":{"@type":"EntryPoint","urlTemplate":"https:\/\/bunkerseguridad.es\/fr\/?s={search_term_string}"},"query-input":{"@type":"PropertyValueSpecification","valueRequired":true,"valueName":"search_term_string"}}],"inLanguage":"fr-FR"}]}},"brands":[{"id":206,"name":"KBC Networks","slug":"kbc-networks"}],"_links":{"self":[{"href":"https:\/\/bunkerseguridad.es\/fr\/wp-json\/wp\/v2\/product\/5994","targetHints":{"allow":["GET"]}}],"collection":[{"href":"https:\/\/bunkerseguridad.es\/fr\/wp-json\/wp\/v2\/product"}],"about":[{"href":"https:\/\/bunkerseguridad.es\/fr\/wp-json\/wp\/v2\/types\/product"}],"wp:featuredmedia":[{"embeddable":true,"href":"https:\/\/bunkerseguridad.es\/fr\/wp-json\/wp\/v2\/media\/5485"}],"wp:attachment":[{"href":"https:\/\/bunkerseguridad.es\/fr\/wp-json\/wp\/v2\/media?parent=5994"}],"wp:term":[{"taxonomy":"pwb-brand","embeddable":true,"href":"https:\/\/bunkerseguridad.es\/fr\/wp-json\/wp\/v2\/pwb-brand?post=5994"},{"taxonomy":"product_brand","embeddable":true,"href":"https:\/\/bunkerseguridad.es\/fr\/wp-json\/wp\/v2\/product_brand?post=5994"},{"taxonomy":"product_cat","embeddable":true,"href":"https:\/\/bunkerseguridad.es\/fr\/wp-json\/wp\/v2\/product_cat?post=5994"},{"taxonomy":"product_tag","embeddable":true,"href":"https:\/\/bunkerseguridad.es\/fr\/wp-json\/wp\/v2\/product_tag?post=5994"}],"curies":[{"name":"wp","href":"https:\/\/api.w.org\/{rel}","templated":true}]}}