{"id":6006,"date":"2020-12-18T11:23:58","date_gmt":"2020-12-18T11:23:58","guid":{"rendered":"http:\/\/www.bunkerseguridad.es\/en\/?post_type=product&#038;p=6006"},"modified":"2021-03-10T11:18:52","modified_gmt":"2021-03-10T11:18:52","slug":"convertisseurs-de-medias-mcln1-p1n-xnz-b","status":"publish","type":"product","link":"https:\/\/bunkerseguridad.es\/fr\/produit\/convertisseurs-de-medias-mcln1-p1n-xnz-b\/","title":{"rendered":"Convertisseurs de m\u00e9dias MCLN1-P1N-xNz-B"},"content":{"rendered":"<p><strong>La s\u00e9rie KBC MCLS1-P1N est un convertisseur de m\u00e9dia Ethernet 10\/100M POE industriel(MC) avec port SFP.<\/strong> Il prend en charge la transmission d&rsquo;un canal 10\/100Base-T Ethernet sur le port SFP. En s\u00e9lectionnant diff\u00e9rents modules KBC SFP, le convertisseur de m\u00e9dia peut \u00eatre transmis via une ou deux fibres optiques multimodes ou monomodes avec un fonctionnement en duplex int\u00e9gral. Ce convertisseur de m\u00e9dias prend en charge POE\/POE+. Il n&rsquo;y a pas d&rsquo;extr\u00e9mit\u00e9 A ou B pour la s\u00e9rie MCLS1-P1N, les deux extr\u00e9mit\u00e9s sont identiques pour le convertisseur de m\u00e9dia avec port SFP. Mais lors de l&rsquo;insertion d&rsquo;un module SFP version fibre, deux extr\u00e9mit\u00e9s doivent \u00eatre assorties, c&rsquo;est-\u00e0-dire qu&rsquo;une extr\u00e9mit\u00e9 est SFP 1310nm\/1550nm, l&rsquo;autre extr\u00e9mit\u00e9 est SFP 1550nm\/1310nm. Ce convertisseur de m\u00e9dia POE s\u00e9rie MCLS1-P1N est compatible avec les convertisseurs de m\u00e9dia non POE s\u00e9rie MCLN1 10\/100M. En g\u00e9n\u00e9ral, le convertisseur de m\u00e9dia POE est install\u00e9 \u00e0 l&rsquo;extr\u00e9mit\u00e9 distante, tandis que le convertisseur de m\u00e9dia de la s\u00e9rie MCLN1 est install\u00e9 \u00e0 l&rsquo;extr\u00e9mit\u00e9 de t\u00eate. La conception plug-and-play rend l&rsquo;installation simple, sans aucun r\u00e9glage \u00e9lectrique ou optique n\u00e9cessaire. Des indicateurs LED sont fournis pour indiquer l&rsquo;\u00e9tat de fonctionnement de l&rsquo;unit\u00e9. Sa conception robuste, tant au niveau du bo\u00eetier que de la protection \u00e9lectrique, le rend adapt\u00e9 aux applications en environnement difficile.<\/p>\n<p><strong>Caract\u00e9ristiques:<\/strong><\/p>\n<ul>\n<li>Port de d\u00e9tection automatique 1*10\/100M<\/li>\n<li>Protection contre les surtensions de 6kV sur le port \u00e9lectrique RJ45<\/li>\n<li>Soutien POE\/POE<\/li>\n<li>1*100Base-FX SFP port<\/li>\n<li>Compatible avec la version 10\/100M du convertisseur de m\u00e9dias non POE de la s\u00e9rie MCLN1<\/li>\n<li>Bo\u00eetier IP40<\/li>\n<li>Support mural et DIN, et support passifFR2-12.<\/li>\n<\/ul>\n","protected":false},"excerpt":{"rendered":"<p><strong>Convertisseurs de m\u00e9dias Ethernet commerciaux<\/strong> &#8211; La s\u00e9rie KBC MCLN1-P1N est un convertisseur de m\u00e9dias Ethernet 10\/100M POE industriel (MC) avec port SFP(1), port LAN 10\/100Mbps, (1) port SFP. Temp\u00e9rature de fonctionnement -40\u00b0C \u00e0 75\u00b0C (-40\u00b0F \u00e0 167\u00b0F) 12VDC, &lt;3W.<\/p>\n","protected":false},"featured_media":6007,"template":"","meta":{"_et_pb_use_builder":"","_et_pb_old_content":"","_et_gb_content_width":""},"pwb-brand":[206],"product_brand":[],"product_cat":[308,31,38],"product_tag":[155,152,146],"class_list":{"0":"post-6006","1":"product","2":"type-product","3":"status-publish","4":"has-post-thumbnail","6":"pwb-brand-kbc-networks","7":"product_cat-industrial-media-converters","8":"product_cat-transmission-des-donnees","9":"product_cat-convertisseurs-medias","10":"product_tag-10-100mbps","11":"product_tag-convertisseur-de-media-industriel","12":"product_tag-poe","14":"first","15":"instock","16":"shipping-taxable","17":"product-type-simple"},"yoast_head":"<!-- This site is optimized with the Yoast SEO plugin v25.2 - https:\/\/yoast.com\/wordpress\/plugins\/seo\/ -->\n<title>Convertisseurs de m\u00e9dias MCLN1-P1N-xNz-B - Bunker Seguridad<\/title>\n<meta name=\"description\" content=\"La s\u00e9rie est un convertisseur de m\u00e9dia Ethernet 10\/100M POE industriel(MC) avec port SFP, transmis via une ou deux fibres optiques multimodes\" \/>\n<meta name=\"robots\" content=\"noindex, follow, max-snippet:-1, max-image-preview:large, max-video-preview:-1\" \/>\n<meta property=\"og:locale\" content=\"fr_FR\" \/>\n<meta property=\"og:type\" content=\"article\" \/>\n<meta property=\"og:title\" content=\"Convertisseurs de m\u00e9dias MCLN1-P1N-xNz-B - Bunker Seguridad\" \/>\n<meta property=\"og:description\" content=\"La s\u00e9rie est un convertisseur de m\u00e9dia Ethernet 10\/100M POE industriel(MC) avec port SFP, transmis via une ou deux fibres optiques multimodes\" \/>\n<meta property=\"og:url\" content=\"https:\/\/bunkerseguridad.es\/fr\/produit\/convertisseurs-de-medias-mcln1-p1n-xnz-b\/\" \/>\n<meta property=\"og:site_name\" content=\"Bunker Seguridad\" \/>\n<meta property=\"article:modified_time\" content=\"2021-03-10T11:18:52+00:00\" \/>\n<meta property=\"og:image\" content=\"https:\/\/bunkerseguridad.es\/fr\/wp-content\/uploads\/2020\/12\/Media-Converters-MCLS1-P1N-Series.png\" \/>\n\t<meta property=\"og:image:width\" content=\"1200\" \/>\n\t<meta property=\"og:image:height\" content=\"1200\" \/>\n\t<meta property=\"og:image:type\" content=\"image\/png\" \/>\n<meta name=\"twitter:card\" content=\"summary_large_image\" \/>\n<meta name=\"twitter:label1\" content=\"Dur\u00e9e de lecture estim\u00e9e\" \/>\n\t<meta name=\"twitter:data1\" content=\"2 minutes\" \/>\n<script type=\"application\/ld+json\" class=\"yoast-schema-graph\">{\"@context\":\"https:\/\/schema.org\",\"@graph\":[{\"@type\":\"WebPage\",\"@id\":\"https:\/\/bunkerseguridad.es\/fr\/produit\/convertisseurs-de-medias-mcln1-p1n-xnz-b\/\",\"url\":\"https:\/\/bunkerseguridad.es\/fr\/produit\/convertisseurs-de-medias-mcln1-p1n-xnz-b\/\",\"name\":\"Convertisseurs de m\u00e9dias MCLN1-P1N-xNz-B - Bunker Seguridad\",\"isPartOf\":{\"@id\":\"https:\/\/bunkerseguridad.es\/fr\/#website\"},\"primaryImageOfPage\":{\"@id\":\"https:\/\/bunkerseguridad.es\/fr\/produit\/convertisseurs-de-medias-mcln1-p1n-xnz-b\/#primaryimage\"},\"image\":{\"@id\":\"https:\/\/bunkerseguridad.es\/fr\/produit\/convertisseurs-de-medias-mcln1-p1n-xnz-b\/#primaryimage\"},\"thumbnailUrl\":\"https:\/\/bunkerseguridad.es\/fr\/wp-content\/uploads\/2020\/12\/Media-Converters-MCLS1-P1N-Series.png\",\"datePublished\":\"2020-12-18T11:23:58+00:00\",\"dateModified\":\"2021-03-10T11:18:52+00:00\",\"description\":\"La s\u00e9rie est un convertisseur de m\u00e9dia Ethernet 10\/100M POE industriel(MC) avec port SFP, transmis via une ou deux fibres optiques multimodes\",\"breadcrumb\":{\"@id\":\"https:\/\/bunkerseguridad.es\/fr\/produit\/convertisseurs-de-medias-mcln1-p1n-xnz-b\/#breadcrumb\"},\"inLanguage\":\"fr-FR\",\"potentialAction\":[{\"@type\":\"ReadAction\",\"target\":[\"https:\/\/bunkerseguridad.es\/fr\/produit\/convertisseurs-de-medias-mcln1-p1n-xnz-b\/\"]}]},{\"@type\":\"ImageObject\",\"inLanguage\":\"fr-FR\",\"@id\":\"https:\/\/bunkerseguridad.es\/fr\/produit\/convertisseurs-de-medias-mcln1-p1n-xnz-b\/#primaryimage\",\"url\":\"https:\/\/bunkerseguridad.es\/fr\/wp-content\/uploads\/2020\/12\/Media-Converters-MCLS1-P1N-Series.png\",\"contentUrl\":\"https:\/\/bunkerseguridad.es\/fr\/wp-content\/uploads\/2020\/12\/Media-Converters-MCLS1-P1N-Series.png\",\"width\":1200,\"height\":1200,\"caption\":\"Convertisseurs de m\u00e9dia-MCLS1-P1N-S\u00e9ries\"},{\"@type\":\"BreadcrumbList\",\"@id\":\"https:\/\/bunkerseguridad.es\/fr\/produit\/convertisseurs-de-medias-mcln1-p1n-xnz-b\/#breadcrumb\",\"itemListElement\":[{\"@type\":\"ListItem\",\"position\":1,\"name\":\"Home\",\"item\":\"https:\/\/bunkerseguridad.es\/fr\/\"},{\"@type\":\"ListItem\",\"position\":2,\"name\":\"Shop\",\"item\":\"https:\/\/bunkerseguridad.es\/fr\/shop\/\"},{\"@type\":\"ListItem\",\"position\":3,\"name\":\"Convertisseurs de m\u00e9dias MCLN1-P1N-xNz-B\"}]},{\"@type\":\"WebSite\",\"@id\":\"https:\/\/bunkerseguridad.es\/fr\/#website\",\"url\":\"https:\/\/bunkerseguridad.es\/fr\/\",\"name\":\"Bunker Seguridad\",\"description\":\"Otro sitio realizado con WordPress\",\"potentialAction\":[{\"@type\":\"SearchAction\",\"target\":{\"@type\":\"EntryPoint\",\"urlTemplate\":\"https:\/\/bunkerseguridad.es\/fr\/?s={search_term_string}\"},\"query-input\":{\"@type\":\"PropertyValueSpecification\",\"valueRequired\":true,\"valueName\":\"search_term_string\"}}],\"inLanguage\":\"fr-FR\"}]}<\/script>\n<!-- \/ Yoast SEO plugin. -->","yoast_head_json":{"title":"Convertisseurs de m\u00e9dias MCLN1-P1N-xNz-B - Bunker Seguridad","description":"La s\u00e9rie est un convertisseur de m\u00e9dia Ethernet 10\/100M POE industriel(MC) avec port SFP, transmis via une ou deux fibres optiques multimodes","robots":{"index":"noindex","follow":"follow","max-snippet":"max-snippet:-1","max-image-preview":"max-image-preview:large","max-video-preview":"max-video-preview:-1"},"og_locale":"fr_FR","og_type":"article","og_title":"Convertisseurs de m\u00e9dias MCLN1-P1N-xNz-B - Bunker Seguridad","og_description":"La s\u00e9rie est un convertisseur de m\u00e9dia Ethernet 10\/100M POE industriel(MC) avec port SFP, transmis via une ou deux fibres optiques multimodes","og_url":"https:\/\/bunkerseguridad.es\/fr\/produit\/convertisseurs-de-medias-mcln1-p1n-xnz-b\/","og_site_name":"Bunker Seguridad","article_modified_time":"2021-03-10T11:18:52+00:00","og_image":[{"width":1200,"height":1200,"url":"https:\/\/bunkerseguridad.es\/fr\/wp-content\/uploads\/2020\/12\/Media-Converters-MCLS1-P1N-Series.png","type":"image\/png"}],"twitter_card":"summary_large_image","twitter_misc":{"Dur\u00e9e de lecture estim\u00e9e":"2 minutes"},"schema":{"@context":"https:\/\/schema.org","@graph":[{"@type":"WebPage","@id":"https:\/\/bunkerseguridad.es\/fr\/produit\/convertisseurs-de-medias-mcln1-p1n-xnz-b\/","url":"https:\/\/bunkerseguridad.es\/fr\/produit\/convertisseurs-de-medias-mcln1-p1n-xnz-b\/","name":"Convertisseurs de m\u00e9dias MCLN1-P1N-xNz-B - Bunker Seguridad","isPartOf":{"@id":"https:\/\/bunkerseguridad.es\/fr\/#website"},"primaryImageOfPage":{"@id":"https:\/\/bunkerseguridad.es\/fr\/produit\/convertisseurs-de-medias-mcln1-p1n-xnz-b\/#primaryimage"},"image":{"@id":"https:\/\/bunkerseguridad.es\/fr\/produit\/convertisseurs-de-medias-mcln1-p1n-xnz-b\/#primaryimage"},"thumbnailUrl":"https:\/\/bunkerseguridad.es\/fr\/wp-content\/uploads\/2020\/12\/Media-Converters-MCLS1-P1N-Series.png","datePublished":"2020-12-18T11:23:58+00:00","dateModified":"2021-03-10T11:18:52+00:00","description":"La s\u00e9rie est un convertisseur de m\u00e9dia Ethernet 10\/100M POE industriel(MC) avec port SFP, transmis via une ou deux fibres optiques multimodes","breadcrumb":{"@id":"https:\/\/bunkerseguridad.es\/fr\/produit\/convertisseurs-de-medias-mcln1-p1n-xnz-b\/#breadcrumb"},"inLanguage":"fr-FR","potentialAction":[{"@type":"ReadAction","target":["https:\/\/bunkerseguridad.es\/fr\/produit\/convertisseurs-de-medias-mcln1-p1n-xnz-b\/"]}]},{"@type":"ImageObject","inLanguage":"fr-FR","@id":"https:\/\/bunkerseguridad.es\/fr\/produit\/convertisseurs-de-medias-mcln1-p1n-xnz-b\/#primaryimage","url":"https:\/\/bunkerseguridad.es\/fr\/wp-content\/uploads\/2020\/12\/Media-Converters-MCLS1-P1N-Series.png","contentUrl":"https:\/\/bunkerseguridad.es\/fr\/wp-content\/uploads\/2020\/12\/Media-Converters-MCLS1-P1N-Series.png","width":1200,"height":1200,"caption":"Convertisseurs de m\u00e9dia-MCLS1-P1N-S\u00e9ries"},{"@type":"BreadcrumbList","@id":"https:\/\/bunkerseguridad.es\/fr\/produit\/convertisseurs-de-medias-mcln1-p1n-xnz-b\/#breadcrumb","itemListElement":[{"@type":"ListItem","position":1,"name":"Home","item":"https:\/\/bunkerseguridad.es\/fr\/"},{"@type":"ListItem","position":2,"name":"Shop","item":"https:\/\/bunkerseguridad.es\/fr\/shop\/"},{"@type":"ListItem","position":3,"name":"Convertisseurs de m\u00e9dias MCLN1-P1N-xNz-B"}]},{"@type":"WebSite","@id":"https:\/\/bunkerseguridad.es\/fr\/#website","url":"https:\/\/bunkerseguridad.es\/fr\/","name":"Bunker Seguridad","description":"Otro sitio realizado con WordPress","potentialAction":[{"@type":"SearchAction","target":{"@type":"EntryPoint","urlTemplate":"https:\/\/bunkerseguridad.es\/fr\/?s={search_term_string}"},"query-input":{"@type":"PropertyValueSpecification","valueRequired":true,"valueName":"search_term_string"}}],"inLanguage":"fr-FR"}]}},"brands":[{"id":206,"name":"KBC Networks","slug":"kbc-networks"}],"_links":{"self":[{"href":"https:\/\/bunkerseguridad.es\/fr\/wp-json\/wp\/v2\/product\/6006","targetHints":{"allow":["GET"]}}],"collection":[{"href":"https:\/\/bunkerseguridad.es\/fr\/wp-json\/wp\/v2\/product"}],"about":[{"href":"https:\/\/bunkerseguridad.es\/fr\/wp-json\/wp\/v2\/types\/product"}],"wp:featuredmedia":[{"embeddable":true,"href":"https:\/\/bunkerseguridad.es\/fr\/wp-json\/wp\/v2\/media\/6007"}],"wp:attachment":[{"href":"https:\/\/bunkerseguridad.es\/fr\/wp-json\/wp\/v2\/media?parent=6006"}],"wp:term":[{"taxonomy":"pwb-brand","embeddable":true,"href":"https:\/\/bunkerseguridad.es\/fr\/wp-json\/wp\/v2\/pwb-brand?post=6006"},{"taxonomy":"product_brand","embeddable":true,"href":"https:\/\/bunkerseguridad.es\/fr\/wp-json\/wp\/v2\/product_brand?post=6006"},{"taxonomy":"product_cat","embeddable":true,"href":"https:\/\/bunkerseguridad.es\/fr\/wp-json\/wp\/v2\/product_cat?post=6006"},{"taxonomy":"product_tag","embeddable":true,"href":"https:\/\/bunkerseguridad.es\/fr\/wp-json\/wp\/v2\/product_tag?post=6006"}],"curies":[{"name":"wp","href":"https:\/\/api.w.org\/{rel}","templated":true}]}}