{"id":602,"date":"2020-09-08T11:47:50","date_gmt":"2020-09-08T11:47:50","guid":{"rendered":"http:\/\/www.bunkerseguridad.es\/en\/?post_type=product&#038;p=602"},"modified":"2021-02-15T09:47:41","modified_gmt":"2021-02-15T09:47:41","slug":"foggy-30w-generateur-de-brouillard-anti-vol","status":"publish","type":"product","link":"https:\/\/bunkerseguridad.es\/fr\/produit\/foggy-30w-generateur-de-brouillard-anti-vol\/","title":{"rendered":"FOGGY 30W &#8211; G\u00e9n\u00e9rateur de brouillard anti-vol"},"content":{"rendered":"<p>Syst\u00e8me antivol avec brouillard inoffensif, sans odeur et sans d\u00e9gagement de r\u00e9sidus, pour prot\u00e9ger les magasins, les bijoutiers, les banques, les buralistes, les garages, les entrep\u00f4ts et les centres commerciaux.<br \/>\nEn quelques secondes, Foggy est capable de cr\u00e9er l\u2019effet de brouillard jusqu\u2019\u00e0 ce qu\u2019il soit absolument impossible de se d\u00e9placer \u00e0 l\u2019int\u00e9rieur des locaux, for\u00e7ant ceux qui se pr\u00e9parent \u00e0 un vol ou un vol \u00e0 chercher imm\u00e9diatement une issue de secours.<\/p>\n<p>G\u00e9n\u00e9rateur de brouillard blanc de s\u00e9curit\u00e9 avec r\u00e9servoir rempli et ER90 ordinaire pouvant saturer un environnement de 300 m3 en seulement 60 secondes.<\/p>\n<p>&nbsp;<\/p>\n<ul>\n<li><strong>Non toxique<\/strong><\/li>\n<li><strong>Pas d&rsquo;odeur<\/strong><\/li>\n<li><strong>Pas de gaspillage<\/strong><\/li>\n<\/ul>\n","protected":false},"excerpt":{"rendered":"<p>Syst\u00e8me antivol avec brouillard inoffensif, sans odeur et sans d\u00e9gagement de r\u00e9sidus, pour prot\u00e9ger les magasins, les bijoutiers, les banques, les buralistes, les garages, les entrep\u00f4ts et les centres commerciaux. G\u00e9n\u00e9rateur de brouillard de s\u00e9curit\u00e9 blanc 300m3 avec r\u00e9servoir de remplissage et ER90 r\u00e9gulier<\/p>\n","protected":false},"featured_media":625,"template":"","meta":{"_et_pb_use_builder":"","_et_pb_old_content":"","_et_gb_content_width":""},"pwb-brand":[203],"product_brand":[],"product_cat":[41,44],"product_tag":[96,98],"class_list":{"0":"post-602","1":"product","2":"type-product","3":"status-publish","4":"has-post-thumbnail","6":"pwb-brand-avs-electronics-s-p-a","7":"product_cat-detection-intrusion-perimetrique","8":"product_cat-generateurs-de-brume-antivol","9":"product_tag-300m3","10":"product_tag-generateur-de-brouillard","12":"first","13":"instock","14":"featured","15":"shipping-taxable","16":"product-type-simple"},"yoast_head":"<!-- This site is optimized with the Yoast SEO plugin v25.2 - https:\/\/yoast.com\/wordpress\/plugins\/seo\/ -->\n<title>FOGGY 30W - G\u00e9n\u00e9rateur de brouillard anti-vol - Bunker Seguridad<\/title>\n<meta name=\"description\" content=\"Syst\u00e8me antivol avec brouillard inoffensif. G\u00e9n\u00e9rateur de brouillard blanc de s\u00e9curit\u00e9 avec r\u00e9servoir rempli et ER90 ordinaire.\" \/>\n<meta name=\"robots\" content=\"noindex, follow, max-snippet:-1, max-image-preview:large, max-video-preview:-1\" \/>\n<meta property=\"og:locale\" content=\"fr_FR\" \/>\n<meta property=\"og:type\" content=\"article\" \/>\n<meta property=\"og:title\" content=\"FOGGY 30W - G\u00e9n\u00e9rateur de brouillard anti-vol - Bunker Seguridad\" \/>\n<meta property=\"og:description\" content=\"Syst\u00e8me antivol avec brouillard inoffensif. G\u00e9n\u00e9rateur de brouillard blanc de s\u00e9curit\u00e9 avec r\u00e9servoir rempli et ER90 ordinaire.\" \/>\n<meta property=\"og:url\" content=\"https:\/\/bunkerseguridad.es\/fr\/produit\/foggy-30w-generateur-de-brouillard-anti-vol\/\" \/>\n<meta property=\"og:site_name\" content=\"Bunker Seguridad\" \/>\n<meta property=\"article:modified_time\" content=\"2021-02-15T09:47:41+00:00\" \/>\n<meta property=\"og:image\" content=\"https:\/\/bunkerseguridad.es\/fr\/wp-content\/uploads\/2020\/09\/Fogging-Protection-System.png\" \/>\n\t<meta property=\"og:image:width\" content=\"1200\" \/>\n\t<meta property=\"og:image:height\" content=\"1200\" \/>\n\t<meta property=\"og:image:type\" content=\"image\/png\" \/>\n<meta name=\"twitter:card\" content=\"summary_large_image\" \/>\n<meta name=\"twitter:label1\" content=\"Dur\u00e9e de lecture estim\u00e9e\" \/>\n\t<meta name=\"twitter:data1\" content=\"1 minute\" \/>\n<script type=\"application\/ld+json\" class=\"yoast-schema-graph\">{\"@context\":\"https:\/\/schema.org\",\"@graph\":[{\"@type\":\"WebPage\",\"@id\":\"https:\/\/bunkerseguridad.es\/fr\/produit\/foggy-30w-generateur-de-brouillard-anti-vol\/\",\"url\":\"https:\/\/bunkerseguridad.es\/fr\/produit\/foggy-30w-generateur-de-brouillard-anti-vol\/\",\"name\":\"FOGGY 30W - G\u00e9n\u00e9rateur de brouillard anti-vol - Bunker Seguridad\",\"isPartOf\":{\"@id\":\"https:\/\/bunkerseguridad.es\/fr\/#website\"},\"primaryImageOfPage\":{\"@id\":\"https:\/\/bunkerseguridad.es\/fr\/produit\/foggy-30w-generateur-de-brouillard-anti-vol\/#primaryimage\"},\"image\":{\"@id\":\"https:\/\/bunkerseguridad.es\/fr\/produit\/foggy-30w-generateur-de-brouillard-anti-vol\/#primaryimage\"},\"thumbnailUrl\":\"https:\/\/bunkerseguridad.es\/fr\/wp-content\/uploads\/2020\/09\/Fogging-Protection-System.png\",\"datePublished\":\"2020-09-08T11:47:50+00:00\",\"dateModified\":\"2021-02-15T09:47:41+00:00\",\"description\":\"Syst\u00e8me antivol avec brouillard inoffensif. G\u00e9n\u00e9rateur de brouillard blanc de s\u00e9curit\u00e9 avec r\u00e9servoir rempli et ER90 ordinaire.\",\"breadcrumb\":{\"@id\":\"https:\/\/bunkerseguridad.es\/fr\/produit\/foggy-30w-generateur-de-brouillard-anti-vol\/#breadcrumb\"},\"inLanguage\":\"fr-FR\",\"potentialAction\":[{\"@type\":\"ReadAction\",\"target\":[\"https:\/\/bunkerseguridad.es\/fr\/produit\/foggy-30w-generateur-de-brouillard-anti-vol\/\"]}]},{\"@type\":\"ImageObject\",\"inLanguage\":\"fr-FR\",\"@id\":\"https:\/\/bunkerseguridad.es\/fr\/produit\/foggy-30w-generateur-de-brouillard-anti-vol\/#primaryimage\",\"url\":\"https:\/\/bunkerseguridad.es\/fr\/wp-content\/uploads\/2020\/09\/Fogging-Protection-System.png\",\"contentUrl\":\"https:\/\/bunkerseguridad.es\/fr\/wp-content\/uploads\/2020\/09\/Fogging-Protection-System.png\",\"width\":1200,\"height\":1200,\"caption\":\"FOGGY 30W - Fog Generator\"},{\"@type\":\"BreadcrumbList\",\"@id\":\"https:\/\/bunkerseguridad.es\/fr\/produit\/foggy-30w-generateur-de-brouillard-anti-vol\/#breadcrumb\",\"itemListElement\":[{\"@type\":\"ListItem\",\"position\":1,\"name\":\"Home\",\"item\":\"https:\/\/bunkerseguridad.es\/fr\/\"},{\"@type\":\"ListItem\",\"position\":2,\"name\":\"Shop\",\"item\":\"https:\/\/bunkerseguridad.es\/fr\/shop\/\"},{\"@type\":\"ListItem\",\"position\":3,\"name\":\"FOGGY 30W &#8211; G\u00e9n\u00e9rateur de brouillard anti-vol\"}]},{\"@type\":\"WebSite\",\"@id\":\"https:\/\/bunkerseguridad.es\/fr\/#website\",\"url\":\"https:\/\/bunkerseguridad.es\/fr\/\",\"name\":\"Bunker Seguridad\",\"description\":\"Otro sitio realizado con WordPress\",\"potentialAction\":[{\"@type\":\"SearchAction\",\"target\":{\"@type\":\"EntryPoint\",\"urlTemplate\":\"https:\/\/bunkerseguridad.es\/fr\/?s={search_term_string}\"},\"query-input\":{\"@type\":\"PropertyValueSpecification\",\"valueRequired\":true,\"valueName\":\"search_term_string\"}}],\"inLanguage\":\"fr-FR\"}]}<\/script>\n<!-- \/ Yoast SEO plugin. -->","yoast_head_json":{"title":"FOGGY 30W - G\u00e9n\u00e9rateur de brouillard anti-vol - Bunker Seguridad","description":"Syst\u00e8me antivol avec brouillard inoffensif. G\u00e9n\u00e9rateur de brouillard blanc de s\u00e9curit\u00e9 avec r\u00e9servoir rempli et ER90 ordinaire.","robots":{"index":"noindex","follow":"follow","max-snippet":"max-snippet:-1","max-image-preview":"max-image-preview:large","max-video-preview":"max-video-preview:-1"},"og_locale":"fr_FR","og_type":"article","og_title":"FOGGY 30W - G\u00e9n\u00e9rateur de brouillard anti-vol - Bunker Seguridad","og_description":"Syst\u00e8me antivol avec brouillard inoffensif. G\u00e9n\u00e9rateur de brouillard blanc de s\u00e9curit\u00e9 avec r\u00e9servoir rempli et ER90 ordinaire.","og_url":"https:\/\/bunkerseguridad.es\/fr\/produit\/foggy-30w-generateur-de-brouillard-anti-vol\/","og_site_name":"Bunker Seguridad","article_modified_time":"2021-02-15T09:47:41+00:00","og_image":[{"width":1200,"height":1200,"url":"https:\/\/bunkerseguridad.es\/fr\/wp-content\/uploads\/2020\/09\/Fogging-Protection-System.png","type":"image\/png"}],"twitter_card":"summary_large_image","twitter_misc":{"Dur\u00e9e de lecture estim\u00e9e":"1 minute"},"schema":{"@context":"https:\/\/schema.org","@graph":[{"@type":"WebPage","@id":"https:\/\/bunkerseguridad.es\/fr\/produit\/foggy-30w-generateur-de-brouillard-anti-vol\/","url":"https:\/\/bunkerseguridad.es\/fr\/produit\/foggy-30w-generateur-de-brouillard-anti-vol\/","name":"FOGGY 30W - G\u00e9n\u00e9rateur de brouillard anti-vol - Bunker Seguridad","isPartOf":{"@id":"https:\/\/bunkerseguridad.es\/fr\/#website"},"primaryImageOfPage":{"@id":"https:\/\/bunkerseguridad.es\/fr\/produit\/foggy-30w-generateur-de-brouillard-anti-vol\/#primaryimage"},"image":{"@id":"https:\/\/bunkerseguridad.es\/fr\/produit\/foggy-30w-generateur-de-brouillard-anti-vol\/#primaryimage"},"thumbnailUrl":"https:\/\/bunkerseguridad.es\/fr\/wp-content\/uploads\/2020\/09\/Fogging-Protection-System.png","datePublished":"2020-09-08T11:47:50+00:00","dateModified":"2021-02-15T09:47:41+00:00","description":"Syst\u00e8me antivol avec brouillard inoffensif. G\u00e9n\u00e9rateur de brouillard blanc de s\u00e9curit\u00e9 avec r\u00e9servoir rempli et ER90 ordinaire.","breadcrumb":{"@id":"https:\/\/bunkerseguridad.es\/fr\/produit\/foggy-30w-generateur-de-brouillard-anti-vol\/#breadcrumb"},"inLanguage":"fr-FR","potentialAction":[{"@type":"ReadAction","target":["https:\/\/bunkerseguridad.es\/fr\/produit\/foggy-30w-generateur-de-brouillard-anti-vol\/"]}]},{"@type":"ImageObject","inLanguage":"fr-FR","@id":"https:\/\/bunkerseguridad.es\/fr\/produit\/foggy-30w-generateur-de-brouillard-anti-vol\/#primaryimage","url":"https:\/\/bunkerseguridad.es\/fr\/wp-content\/uploads\/2020\/09\/Fogging-Protection-System.png","contentUrl":"https:\/\/bunkerseguridad.es\/fr\/wp-content\/uploads\/2020\/09\/Fogging-Protection-System.png","width":1200,"height":1200,"caption":"FOGGY 30W - Fog Generator"},{"@type":"BreadcrumbList","@id":"https:\/\/bunkerseguridad.es\/fr\/produit\/foggy-30w-generateur-de-brouillard-anti-vol\/#breadcrumb","itemListElement":[{"@type":"ListItem","position":1,"name":"Home","item":"https:\/\/bunkerseguridad.es\/fr\/"},{"@type":"ListItem","position":2,"name":"Shop","item":"https:\/\/bunkerseguridad.es\/fr\/shop\/"},{"@type":"ListItem","position":3,"name":"FOGGY 30W &#8211; G\u00e9n\u00e9rateur de brouillard anti-vol"}]},{"@type":"WebSite","@id":"https:\/\/bunkerseguridad.es\/fr\/#website","url":"https:\/\/bunkerseguridad.es\/fr\/","name":"Bunker Seguridad","description":"Otro sitio realizado con WordPress","potentialAction":[{"@type":"SearchAction","target":{"@type":"EntryPoint","urlTemplate":"https:\/\/bunkerseguridad.es\/fr\/?s={search_term_string}"},"query-input":{"@type":"PropertyValueSpecification","valueRequired":true,"valueName":"search_term_string"}}],"inLanguage":"fr-FR"}]}},"brands":[{"id":203,"name":"AVS Electronics","slug":"avs-electronics-s-p-a"}],"_links":{"self":[{"href":"https:\/\/bunkerseguridad.es\/fr\/wp-json\/wp\/v2\/product\/602","targetHints":{"allow":["GET"]}}],"collection":[{"href":"https:\/\/bunkerseguridad.es\/fr\/wp-json\/wp\/v2\/product"}],"about":[{"href":"https:\/\/bunkerseguridad.es\/fr\/wp-json\/wp\/v2\/types\/product"}],"wp:featuredmedia":[{"embeddable":true,"href":"https:\/\/bunkerseguridad.es\/fr\/wp-json\/wp\/v2\/media\/625"}],"wp:attachment":[{"href":"https:\/\/bunkerseguridad.es\/fr\/wp-json\/wp\/v2\/media?parent=602"}],"wp:term":[{"taxonomy":"pwb-brand","embeddable":true,"href":"https:\/\/bunkerseguridad.es\/fr\/wp-json\/wp\/v2\/pwb-brand?post=602"},{"taxonomy":"product_brand","embeddable":true,"href":"https:\/\/bunkerseguridad.es\/fr\/wp-json\/wp\/v2\/product_brand?post=602"},{"taxonomy":"product_cat","embeddable":true,"href":"https:\/\/bunkerseguridad.es\/fr\/wp-json\/wp\/v2\/product_cat?post=602"},{"taxonomy":"product_tag","embeddable":true,"href":"https:\/\/bunkerseguridad.es\/fr\/wp-json\/wp\/v2\/product_tag?post=602"}],"curies":[{"name":"wp","href":"https:\/\/api.w.org\/{rel}","templated":true}]}}