{"id":6033,"date":"2020-12-21T08:55:31","date_gmt":"2020-12-21T08:55:31","guid":{"rendered":"http:\/\/www.bunkerseguridad.es\/en\/?post_type=product&#038;p=6033"},"modified":"2021-03-08T11:55:15","modified_gmt":"2021-03-08T11:55:15","slug":"media-converters-mcgn2-m2n-xyz-b","status":"publish","type":"product","link":"https:\/\/bunkerseguridad.es\/fr\/produit\/media-converters-mcgn2-m2n-xyz-b\/","title":{"rendered":"Convertisseurs de m\u00e9dias MCGN2-M2N-xyz-B"},"content":{"rendered":"<p><strong>La s\u00e9rie KBC MCGN2 est un convertisseur de m\u00e9dia Ethernet industriel \u00e0 deux canaux 10\/100\/1000M. Il permet la transmission de deux canaux 10\/100\/1000 Base-T Ethernet sur une ou deux fibres optiques multimodes ou monomodes avec un fonctionnement en duplex int\u00e9gral<\/strong>. En g\u00e9n\u00e9ral, le convertisseur de m\u00e9dias \u00e0 deux canaux est install\u00e9 \u00e0 l&rsquo;extr\u00e9mit\u00e9 distante, tandis que le convertisseur de m\u00e9dias \u00e0 un canal compatible MCGN1 est install\u00e9 dans la t\u00eate de r\u00e9seau. La conception \u00ab\u00a0plug-and-play\u00a0\u00bb rend l&rsquo;installation simple, sans aucun r\u00e9glage \u00e9lectrique ou optique n\u00e9cessaire. Des indicateurs LED sont fournis pour indiquer l&rsquo;\u00e9tat de fonctionnement de l&rsquo;unit\u00e9. Sa conception robuste, tant au niveau du bo\u00eetier que de la protection \u00e9lectrique, le rend adapt\u00e9 aux applications dans des environnements difficiles.<\/p>\n<p><strong>Caract\u00e9ristiques:<\/strong><\/p>\n<ul>\n<li>2 canaux 10\/100\/1000M \u00e0 d\u00e9tection automatique<\/li>\n<li>Protection contre les surtensions de 2kV sur le port \u00e9lectrique RJ45<\/li>\n<li>Compatible avec un convertisseur de m\u00e9dias \u00e0 1 canal 10\/100\/1000M s\u00e9rie MCGN1 SM (monomode), et MM (multimode)<\/li>\n<li>1 fibre ou 2 fibres<\/li>\n<li>SM&amp;MM : 1310nm\/1550m, pour 1 fibre ; 1310nm pour 2 fibres<\/li>\n<li>Les distances de transmission habituelles pour le SM et le MM sont respectivement de 20 km et 500 m. Des distances plus longues sont disponibles<\/li>\n<li>Bo\u00eetier IP40<\/li>\n<li>DIN, montage mural<\/li>\n<li>Rack passif FR2-12 avec 12 slots<\/li>\n<\/ul>\n","protected":false},"excerpt":{"rendered":"<p><strong>Convertisseurs de m\u00e9dias Ethernet commerciaux<\/strong> &#8211; La s\u00e9rie KBC MCGN2 est un convertisseur de m\u00e9dias Ethernet industriel \u00e0 deux canaux 10\/100\/1000M \u00e0 2 ports, 2 fibres, 1310nm multimode, 12dB de budget de perte optique. Port\u00e9e de 500m. Temp\u00e9rature de fonctionnement -40\u00b0C \u00e0 75\u00b0C (-40\u00b0F \u00e0 167\u00b0F) 12VDC, &lt;3W.<\/p>\n","protected":false},"featured_media":6035,"template":"","meta":{"_et_pb_use_builder":"","_et_pb_old_content":"","_et_gb_content_width":""},"pwb-brand":[206],"product_brand":[],"product_cat":[308,31,38],"product_tag":[156,309,152,184],"class_list":{"0":"post-6033","1":"product","2":"type-product","3":"status-publish","4":"has-post-thumbnail","6":"pwb-brand-kbc-networks","7":"product_cat-industrial-media-converters","8":"product_cat-transmission-des-donnees","9":"product_cat-convertisseurs-medias","10":"product_tag-10-100-1000mbps","11":"product_tag-2-port","12":"product_tag-convertisseur-de-media-industriel","13":"product_tag-multimode","15":"first","16":"instock","17":"shipping-taxable","18":"product-type-simple"},"yoast_head":"<!-- This site is optimized with the Yoast SEO plugin v25.2 - https:\/\/yoast.com\/wordpress\/plugins\/seo\/ -->\n<title>Convertisseurs de m\u00e9dias MCGN2-M2N-xyz-B - Bunker Seguridad<\/title>\n<meta name=\"description\" content=\"Convertisseurs de m\u00e9dia Ethernet industriels, reliant plusieurs fibres optiques multimodes et une fonctionnalit\u00e9 full duplex, KBC\" \/>\n<meta name=\"robots\" content=\"noindex, follow, max-snippet:-1, max-image-preview:large, max-video-preview:-1\" \/>\n<meta property=\"og:locale\" content=\"fr_FR\" \/>\n<meta property=\"og:type\" content=\"article\" \/>\n<meta property=\"og:title\" content=\"Convertisseurs de m\u00e9dias MCGN2-M2N-xyz-B - Bunker Seguridad\" \/>\n<meta property=\"og:description\" content=\"Convertisseurs de m\u00e9dia Ethernet industriels, reliant plusieurs fibres optiques multimodes et une fonctionnalit\u00e9 full duplex, KBC\" \/>\n<meta property=\"og:url\" content=\"https:\/\/bunkerseguridad.es\/fr\/produit\/media-converters-mcgn2-m2n-xyz-b\/\" \/>\n<meta property=\"og:site_name\" content=\"Bunker Seguridad\" \/>\n<meta property=\"article:modified_time\" content=\"2021-03-08T11:55:15+00:00\" \/>\n<meta property=\"og:image\" content=\"https:\/\/bunkerseguridad.es\/fr\/wp-content\/uploads\/2020\/12\/MCGN2-M2N-xyz-B-Media-Converters-MCGN2-Series.png\" \/>\n\t<meta property=\"og:image:width\" content=\"1200\" \/>\n\t<meta property=\"og:image:height\" content=\"1200\" \/>\n\t<meta property=\"og:image:type\" content=\"image\/png\" \/>\n<meta name=\"twitter:card\" content=\"summary_large_image\" \/>\n<meta name=\"twitter:label1\" content=\"Dur\u00e9e de lecture estim\u00e9e\" \/>\n\t<meta name=\"twitter:data1\" content=\"1 minute\" \/>\n<script type=\"application\/ld+json\" class=\"yoast-schema-graph\">{\"@context\":\"https:\/\/schema.org\",\"@graph\":[{\"@type\":\"WebPage\",\"@id\":\"https:\/\/bunkerseguridad.es\/fr\/produit\/media-converters-mcgn2-m2n-xyz-b\/\",\"url\":\"https:\/\/bunkerseguridad.es\/fr\/produit\/media-converters-mcgn2-m2n-xyz-b\/\",\"name\":\"Convertisseurs de m\u00e9dias MCGN2-M2N-xyz-B - Bunker Seguridad\",\"isPartOf\":{\"@id\":\"https:\/\/bunkerseguridad.es\/fr\/#website\"},\"primaryImageOfPage\":{\"@id\":\"https:\/\/bunkerseguridad.es\/fr\/produit\/media-converters-mcgn2-m2n-xyz-b\/#primaryimage\"},\"image\":{\"@id\":\"https:\/\/bunkerseguridad.es\/fr\/produit\/media-converters-mcgn2-m2n-xyz-b\/#primaryimage\"},\"thumbnailUrl\":\"https:\/\/bunkerseguridad.es\/fr\/wp-content\/uploads\/2020\/12\/MCGN2-M2N-xyz-B-Media-Converters-MCGN2-Series.png\",\"datePublished\":\"2020-12-21T08:55:31+00:00\",\"dateModified\":\"2021-03-08T11:55:15+00:00\",\"description\":\"Convertisseurs de m\u00e9dia Ethernet industriels, reliant plusieurs fibres optiques multimodes et une fonctionnalit\u00e9 full duplex, KBC\",\"breadcrumb\":{\"@id\":\"https:\/\/bunkerseguridad.es\/fr\/produit\/media-converters-mcgn2-m2n-xyz-b\/#breadcrumb\"},\"inLanguage\":\"fr-FR\",\"potentialAction\":[{\"@type\":\"ReadAction\",\"target\":[\"https:\/\/bunkerseguridad.es\/fr\/produit\/media-converters-mcgn2-m2n-xyz-b\/\"]}]},{\"@type\":\"ImageObject\",\"inLanguage\":\"fr-FR\",\"@id\":\"https:\/\/bunkerseguridad.es\/fr\/produit\/media-converters-mcgn2-m2n-xyz-b\/#primaryimage\",\"url\":\"https:\/\/bunkerseguridad.es\/fr\/wp-content\/uploads\/2020\/12\/MCGN2-M2N-xyz-B-Media-Converters-MCGN2-Series.png\",\"contentUrl\":\"https:\/\/bunkerseguridad.es\/fr\/wp-content\/uploads\/2020\/12\/MCGN2-M2N-xyz-B-Media-Converters-MCGN2-Series.png\",\"width\":1200,\"height\":1200,\"caption\":\"MCGN2-M2N-xyz-B---Media-Converters-MCGN2-Series\"},{\"@type\":\"BreadcrumbList\",\"@id\":\"https:\/\/bunkerseguridad.es\/fr\/produit\/media-converters-mcgn2-m2n-xyz-b\/#breadcrumb\",\"itemListElement\":[{\"@type\":\"ListItem\",\"position\":1,\"name\":\"Home\",\"item\":\"https:\/\/bunkerseguridad.es\/fr\/\"},{\"@type\":\"ListItem\",\"position\":2,\"name\":\"Shop\",\"item\":\"https:\/\/bunkerseguridad.es\/fr\/shop\/\"},{\"@type\":\"ListItem\",\"position\":3,\"name\":\"Convertisseurs de m\u00e9dias MCGN2-M2N-xyz-B\"}]},{\"@type\":\"WebSite\",\"@id\":\"https:\/\/bunkerseguridad.es\/fr\/#website\",\"url\":\"https:\/\/bunkerseguridad.es\/fr\/\",\"name\":\"Bunker Seguridad\",\"description\":\"Otro sitio realizado con WordPress\",\"potentialAction\":[{\"@type\":\"SearchAction\",\"target\":{\"@type\":\"EntryPoint\",\"urlTemplate\":\"https:\/\/bunkerseguridad.es\/fr\/?s={search_term_string}\"},\"query-input\":{\"@type\":\"PropertyValueSpecification\",\"valueRequired\":true,\"valueName\":\"search_term_string\"}}],\"inLanguage\":\"fr-FR\"}]}<\/script>\n<!-- \/ Yoast SEO plugin. -->","yoast_head_json":{"title":"Convertisseurs de m\u00e9dias MCGN2-M2N-xyz-B - Bunker Seguridad","description":"Convertisseurs de m\u00e9dia Ethernet industriels, reliant plusieurs fibres optiques multimodes et une fonctionnalit\u00e9 full duplex, KBC","robots":{"index":"noindex","follow":"follow","max-snippet":"max-snippet:-1","max-image-preview":"max-image-preview:large","max-video-preview":"max-video-preview:-1"},"og_locale":"fr_FR","og_type":"article","og_title":"Convertisseurs de m\u00e9dias MCGN2-M2N-xyz-B - Bunker Seguridad","og_description":"Convertisseurs de m\u00e9dia Ethernet industriels, reliant plusieurs fibres optiques multimodes et une fonctionnalit\u00e9 full duplex, KBC","og_url":"https:\/\/bunkerseguridad.es\/fr\/produit\/media-converters-mcgn2-m2n-xyz-b\/","og_site_name":"Bunker Seguridad","article_modified_time":"2021-03-08T11:55:15+00:00","og_image":[{"width":1200,"height":1200,"url":"https:\/\/bunkerseguridad.es\/fr\/wp-content\/uploads\/2020\/12\/MCGN2-M2N-xyz-B-Media-Converters-MCGN2-Series.png","type":"image\/png"}],"twitter_card":"summary_large_image","twitter_misc":{"Dur\u00e9e de lecture estim\u00e9e":"1 minute"},"schema":{"@context":"https:\/\/schema.org","@graph":[{"@type":"WebPage","@id":"https:\/\/bunkerseguridad.es\/fr\/produit\/media-converters-mcgn2-m2n-xyz-b\/","url":"https:\/\/bunkerseguridad.es\/fr\/produit\/media-converters-mcgn2-m2n-xyz-b\/","name":"Convertisseurs de m\u00e9dias MCGN2-M2N-xyz-B - Bunker Seguridad","isPartOf":{"@id":"https:\/\/bunkerseguridad.es\/fr\/#website"},"primaryImageOfPage":{"@id":"https:\/\/bunkerseguridad.es\/fr\/produit\/media-converters-mcgn2-m2n-xyz-b\/#primaryimage"},"image":{"@id":"https:\/\/bunkerseguridad.es\/fr\/produit\/media-converters-mcgn2-m2n-xyz-b\/#primaryimage"},"thumbnailUrl":"https:\/\/bunkerseguridad.es\/fr\/wp-content\/uploads\/2020\/12\/MCGN2-M2N-xyz-B-Media-Converters-MCGN2-Series.png","datePublished":"2020-12-21T08:55:31+00:00","dateModified":"2021-03-08T11:55:15+00:00","description":"Convertisseurs de m\u00e9dia Ethernet industriels, reliant plusieurs fibres optiques multimodes et une fonctionnalit\u00e9 full duplex, KBC","breadcrumb":{"@id":"https:\/\/bunkerseguridad.es\/fr\/produit\/media-converters-mcgn2-m2n-xyz-b\/#breadcrumb"},"inLanguage":"fr-FR","potentialAction":[{"@type":"ReadAction","target":["https:\/\/bunkerseguridad.es\/fr\/produit\/media-converters-mcgn2-m2n-xyz-b\/"]}]},{"@type":"ImageObject","inLanguage":"fr-FR","@id":"https:\/\/bunkerseguridad.es\/fr\/produit\/media-converters-mcgn2-m2n-xyz-b\/#primaryimage","url":"https:\/\/bunkerseguridad.es\/fr\/wp-content\/uploads\/2020\/12\/MCGN2-M2N-xyz-B-Media-Converters-MCGN2-Series.png","contentUrl":"https:\/\/bunkerseguridad.es\/fr\/wp-content\/uploads\/2020\/12\/MCGN2-M2N-xyz-B-Media-Converters-MCGN2-Series.png","width":1200,"height":1200,"caption":"MCGN2-M2N-xyz-B---Media-Converters-MCGN2-Series"},{"@type":"BreadcrumbList","@id":"https:\/\/bunkerseguridad.es\/fr\/produit\/media-converters-mcgn2-m2n-xyz-b\/#breadcrumb","itemListElement":[{"@type":"ListItem","position":1,"name":"Home","item":"https:\/\/bunkerseguridad.es\/fr\/"},{"@type":"ListItem","position":2,"name":"Shop","item":"https:\/\/bunkerseguridad.es\/fr\/shop\/"},{"@type":"ListItem","position":3,"name":"Convertisseurs de m\u00e9dias MCGN2-M2N-xyz-B"}]},{"@type":"WebSite","@id":"https:\/\/bunkerseguridad.es\/fr\/#website","url":"https:\/\/bunkerseguridad.es\/fr\/","name":"Bunker Seguridad","description":"Otro sitio realizado con WordPress","potentialAction":[{"@type":"SearchAction","target":{"@type":"EntryPoint","urlTemplate":"https:\/\/bunkerseguridad.es\/fr\/?s={search_term_string}"},"query-input":{"@type":"PropertyValueSpecification","valueRequired":true,"valueName":"search_term_string"}}],"inLanguage":"fr-FR"}]}},"brands":[{"id":206,"name":"KBC Networks","slug":"kbc-networks"}],"_links":{"self":[{"href":"https:\/\/bunkerseguridad.es\/fr\/wp-json\/wp\/v2\/product\/6033","targetHints":{"allow":["GET"]}}],"collection":[{"href":"https:\/\/bunkerseguridad.es\/fr\/wp-json\/wp\/v2\/product"}],"about":[{"href":"https:\/\/bunkerseguridad.es\/fr\/wp-json\/wp\/v2\/types\/product"}],"wp:featuredmedia":[{"embeddable":true,"href":"https:\/\/bunkerseguridad.es\/fr\/wp-json\/wp\/v2\/media\/6035"}],"wp:attachment":[{"href":"https:\/\/bunkerseguridad.es\/fr\/wp-json\/wp\/v2\/media?parent=6033"}],"wp:term":[{"taxonomy":"pwb-brand","embeddable":true,"href":"https:\/\/bunkerseguridad.es\/fr\/wp-json\/wp\/v2\/pwb-brand?post=6033"},{"taxonomy":"product_brand","embeddable":true,"href":"https:\/\/bunkerseguridad.es\/fr\/wp-json\/wp\/v2\/product_brand?post=6033"},{"taxonomy":"product_cat","embeddable":true,"href":"https:\/\/bunkerseguridad.es\/fr\/wp-json\/wp\/v2\/product_cat?post=6033"},{"taxonomy":"product_tag","embeddable":true,"href":"https:\/\/bunkerseguridad.es\/fr\/wp-json\/wp\/v2\/product_tag?post=6033"}],"curies":[{"name":"wp","href":"https:\/\/api.w.org\/{rel}","templated":true}]}}