{"id":6037,"date":"2020-12-21T09:25:09","date_gmt":"2020-12-21T09:25:09","guid":{"rendered":"http:\/\/www.bunkerseguridad.es\/en\/?post_type=product&#038;p=6037"},"modified":"2021-03-08T11:45:20","modified_gmt":"2021-03-08T11:45:20","slug":"media-converters-mcgn1-s2n-xyz-b","status":"publish","type":"product","link":"https:\/\/bunkerseguridad.es\/fr\/produit\/media-converters-mcgn1-s2n-xyz-b\/","title":{"rendered":"Convertisseurs de m\u00e9dias MCGN1-S2N-xyz-B"},"content":{"rendered":"<p>La s\u00e9rie KBC MCGN1 est un convertisseur de m\u00e9dia Ethernet 10\/100\/1000M industriel. Elle permet la transmission d&rsquo;un canal 10\/100\/1000Base-T Ethernet sur une ou deux fibres optiques multimodes ou monomodes avec un fonctionnement en duplex int\u00e9gral. La conception \u00ab\u00a0plug-and-play\u00a0\u00bb rend l&rsquo;installation simple, sans aucun r\u00e9glage \u00e9lectrique ou optique n\u00e9cessaire. Des indicateurs LED sont fournis pour indiquer l&rsquo;\u00e9tat de fonctionnement de l&rsquo;unit\u00e9. Sa conception robuste, tant au niveau du bo\u00eetier que de la protection \u00e9lectrique, en fait un appareil adapt\u00e9 aux applications dans des environnements difficiles. La s\u00e9rie est disponible en montage mural, montage DIN et rack passif 2U FR2-12, ou en version carte dans le ch\u00e2ssis 2U FR2-16.<\/p>\n<p><strong>Caract\u00e9ristiques:<\/strong><\/p>\n<ul>\n<li>D\u00e9tection automatique 10\/100\/1000M<\/li>\n<li>Protection contre les surtensions de 2kV sur le port \u00e9lectrique RJ45<\/li>\n<li>Compatible avec la version SFP de la s\u00e9rie MCGN1 \u00e0 un canal et de la s\u00e9rie MCGN2 \u00e0 deux canaux<\/li>\n<li>SM (mode unique) et MM (mode multiple)<\/li>\n<li>1 fibre ou 2 fibres<\/li>\n<li>SM&amp;MM : 1310nm\/1550m pour 1 fibre ; 1310nm pour 2 fibres<\/li>\n<li>Les distances de transmission habituelles pour le SM et le MM sont respectivement de 20 km et 500 m. Des distances plus longues sont disponibles.<\/li>\n<li>Bo\u00eetier IP40<\/li>\n<li>DIN, montage mural<\/li>\n<li>Rack passif en FR2-12 avec 12 slots ou carte Chassis en FR2-16 avec 16 slots<\/li>\n<\/ul>\n","protected":false},"excerpt":{"rendered":"<p><strong>Convertisseurs de m\u00e9dias Ethernet commerciaux &#8211; La s\u00e9rie KBC MCGN1 (MCGN1-S2N-xyz-B) est un convertisseur de m\u00e9dias Ethernet LAN 10\/100\/1000Mbps \u00e0 fibre optique, 2 fibres, 1310nm monomode, 12dB de perte optique.<\/strong> Port\u00e9e de 20Km. Temp\u00e9rature de fonctionnement de -40\u00b0C \u00e0 75\u00b0C (-40\u00b0F \u00e0 167\u00b0F). 12VDC, &lt;3W.<\/p>\n","protected":false},"featured_media":5454,"template":"","meta":{"_et_pb_use_builder":"off","_et_pb_old_content":"The KBC MCGN1 series is an industrial 10\/100\/1000M Ethernet media converter. It supports transmission of one channel 10\/100\/1000Base-T Ethernet over either one or two, multimode or single mode optical fibers with full duplex operation. Plug-and-play design makes installation straightforward, with no electrical or optical adjustment needed. LED indicators are provided to show the operational status of the unit. Rugged design in both enclosure and electrical protection makes it suit for application in harsh environment. The series is available in wall mount, DIN mount, and 2U passive rack FR2-12, or card version in 2U chassis FR2-16.\r\n\r\n<strong>Features:<\/strong>\r\n<ul>\r\n \t<li>10\/100\/1000M auto sensing<\/li>\r\n \t<li>2kV Surge Protection on RJ45 electrical Port<\/li>\r\n \t<li>Compatible with SFP version of one channel MCGN1 series and two channels MCGN2 series<\/li>\r\n \t<li>SM(Single Mode) , and MM(Multi Mode)<\/li>\r\n \t<li>1 fiber or 2 fibers<\/li>\r\n \t<li>SM&MM: 1310nm\/1550m for 1 fiber; 1310nm for 2 fibers<\/li>\r\n \t<li>Typical SM and MM transmission distance are 20KM and 500m respectively .Longer distance is available<\/li>\r\n \t<li>IP40 enclosure<\/li>\r\n \t<li>DIN, Wall Mount<\/li>\r\n \t<li>FR2-12 passive Rack with 12 slots or Chassis card in FR2-16 with 16 slots<\/li>\r\n<\/ul>","_et_gb_content_width":""},"pwb-brand":[206],"product_brand":[],"product_cat":[308,31,38],"product_tag":[156,152,183],"class_list":{"0":"post-6037","1":"product","2":"type-product","3":"status-publish","4":"has-post-thumbnail","6":"pwb-brand-kbc-networks","7":"product_cat-industrial-media-converters","8":"product_cat-transmission-des-donnees","9":"product_cat-convertisseurs-medias","10":"product_tag-10-100-1000mbps","11":"product_tag-convertisseur-de-media-industriel","12":"product_tag-singlemode","14":"first","15":"instock","16":"shipping-taxable","17":"product-type-simple"},"yoast_head":"<!-- This site is optimized with the Yoast SEO plugin v25.2 - https:\/\/yoast.com\/wordpress\/plugins\/seo\/ -->\n<title>Convertisseurs de m\u00e9dias MCGN1-S2N-xyz-B - Bunker Seguridad<\/title>\n<meta name=\"description\" content=\"KBC comprend des convertisseurs de m\u00e9dia Ethernet industriels, reliant plusieurs fibres optiques multimodes et une fonctionnalit\u00e9 full duplex\" \/>\n<meta name=\"robots\" content=\"noindex, follow, max-snippet:-1, max-image-preview:large, max-video-preview:-1\" \/>\n<meta property=\"og:locale\" content=\"fr_FR\" \/>\n<meta property=\"og:type\" content=\"article\" \/>\n<meta property=\"og:title\" content=\"Convertisseurs de m\u00e9dias MCGN1-S2N-xyz-B - Bunker Seguridad\" \/>\n<meta property=\"og:description\" content=\"KBC comprend des convertisseurs de m\u00e9dia Ethernet industriels, reliant plusieurs fibres optiques multimodes et une fonctionnalit\u00e9 full duplex\" \/>\n<meta property=\"og:url\" content=\"https:\/\/bunkerseguridad.es\/fr\/produit\/media-converters-mcgn1-s2n-xyz-b\/\" \/>\n<meta property=\"og:site_name\" content=\"Bunker Seguridad\" \/>\n<meta property=\"article:modified_time\" content=\"2021-03-08T11:45:20+00:00\" \/>\n<meta property=\"og:image\" content=\"https:\/\/bunkerseguridad.es\/fr\/wp-content\/uploads\/2020\/12\/MCLN1-M2N-xyz-B-1.png\" \/>\n\t<meta property=\"og:image:width\" content=\"1200\" \/>\n\t<meta property=\"og:image:height\" content=\"1200\" \/>\n\t<meta property=\"og:image:type\" content=\"image\/png\" \/>\n<meta name=\"twitter:card\" content=\"summary_large_image\" \/>\n<meta name=\"twitter:label1\" content=\"Dur\u00e9e de lecture estim\u00e9e\" \/>\n\t<meta name=\"twitter:data1\" content=\"1 minute\" \/>\n<script type=\"application\/ld+json\" class=\"yoast-schema-graph\">{\"@context\":\"https:\/\/schema.org\",\"@graph\":[{\"@type\":\"WebPage\",\"@id\":\"https:\/\/bunkerseguridad.es\/fr\/produit\/media-converters-mcgn1-s2n-xyz-b\/\",\"url\":\"https:\/\/bunkerseguridad.es\/fr\/produit\/media-converters-mcgn1-s2n-xyz-b\/\",\"name\":\"Convertisseurs de m\u00e9dias MCGN1-S2N-xyz-B - Bunker Seguridad\",\"isPartOf\":{\"@id\":\"https:\/\/bunkerseguridad.es\/fr\/#website\"},\"primaryImageOfPage\":{\"@id\":\"https:\/\/bunkerseguridad.es\/fr\/produit\/media-converters-mcgn1-s2n-xyz-b\/#primaryimage\"},\"image\":{\"@id\":\"https:\/\/bunkerseguridad.es\/fr\/produit\/media-converters-mcgn1-s2n-xyz-b\/#primaryimage\"},\"thumbnailUrl\":\"https:\/\/bunkerseguridad.es\/fr\/wp-content\/uploads\/2020\/12\/MCLN1-M2N-xyz-B-1.png\",\"datePublished\":\"2020-12-21T09:25:09+00:00\",\"dateModified\":\"2021-03-08T11:45:20+00:00\",\"description\":\"KBC comprend des convertisseurs de m\u00e9dia Ethernet industriels, reliant plusieurs fibres optiques multimodes et une fonctionnalit\u00e9 full duplex\",\"breadcrumb\":{\"@id\":\"https:\/\/bunkerseguridad.es\/fr\/produit\/media-converters-mcgn1-s2n-xyz-b\/#breadcrumb\"},\"inLanguage\":\"fr-FR\",\"potentialAction\":[{\"@type\":\"ReadAction\",\"target\":[\"https:\/\/bunkerseguridad.es\/fr\/produit\/media-converters-mcgn1-s2n-xyz-b\/\"]}]},{\"@type\":\"ImageObject\",\"inLanguage\":\"fr-FR\",\"@id\":\"https:\/\/bunkerseguridad.es\/fr\/produit\/media-converters-mcgn1-s2n-xyz-b\/#primaryimage\",\"url\":\"https:\/\/bunkerseguridad.es\/fr\/wp-content\/uploads\/2020\/12\/MCLN1-M2N-xyz-B-1.png\",\"contentUrl\":\"https:\/\/bunkerseguridad.es\/fr\/wp-content\/uploads\/2020\/12\/MCLN1-M2N-xyz-B-1.png\",\"width\":1200,\"height\":1200,\"caption\":\"MCGN1-S1A\/S1B-xyz-B\"},{\"@type\":\"BreadcrumbList\",\"@id\":\"https:\/\/bunkerseguridad.es\/fr\/produit\/media-converters-mcgn1-s2n-xyz-b\/#breadcrumb\",\"itemListElement\":[{\"@type\":\"ListItem\",\"position\":1,\"name\":\"Home\",\"item\":\"https:\/\/bunkerseguridad.es\/fr\/\"},{\"@type\":\"ListItem\",\"position\":2,\"name\":\"Shop\",\"item\":\"https:\/\/bunkerseguridad.es\/fr\/shop\/\"},{\"@type\":\"ListItem\",\"position\":3,\"name\":\"Convertisseurs de m\u00e9dias MCGN1-S2N-xyz-B\"}]},{\"@type\":\"WebSite\",\"@id\":\"https:\/\/bunkerseguridad.es\/fr\/#website\",\"url\":\"https:\/\/bunkerseguridad.es\/fr\/\",\"name\":\"Bunker Seguridad\",\"description\":\"Otro sitio realizado con WordPress\",\"potentialAction\":[{\"@type\":\"SearchAction\",\"target\":{\"@type\":\"EntryPoint\",\"urlTemplate\":\"https:\/\/bunkerseguridad.es\/fr\/?s={search_term_string}\"},\"query-input\":{\"@type\":\"PropertyValueSpecification\",\"valueRequired\":true,\"valueName\":\"search_term_string\"}}],\"inLanguage\":\"fr-FR\"}]}<\/script>\n<!-- \/ Yoast SEO plugin. -->","yoast_head_json":{"title":"Convertisseurs de m\u00e9dias MCGN1-S2N-xyz-B - Bunker Seguridad","description":"KBC comprend des convertisseurs de m\u00e9dia Ethernet industriels, reliant plusieurs fibres optiques multimodes et une fonctionnalit\u00e9 full duplex","robots":{"index":"noindex","follow":"follow","max-snippet":"max-snippet:-1","max-image-preview":"max-image-preview:large","max-video-preview":"max-video-preview:-1"},"og_locale":"fr_FR","og_type":"article","og_title":"Convertisseurs de m\u00e9dias MCGN1-S2N-xyz-B - Bunker Seguridad","og_description":"KBC comprend des convertisseurs de m\u00e9dia Ethernet industriels, reliant plusieurs fibres optiques multimodes et une fonctionnalit\u00e9 full duplex","og_url":"https:\/\/bunkerseguridad.es\/fr\/produit\/media-converters-mcgn1-s2n-xyz-b\/","og_site_name":"Bunker Seguridad","article_modified_time":"2021-03-08T11:45:20+00:00","og_image":[{"width":1200,"height":1200,"url":"https:\/\/bunkerseguridad.es\/fr\/wp-content\/uploads\/2020\/12\/MCLN1-M2N-xyz-B-1.png","type":"image\/png"}],"twitter_card":"summary_large_image","twitter_misc":{"Dur\u00e9e de lecture estim\u00e9e":"1 minute"},"schema":{"@context":"https:\/\/schema.org","@graph":[{"@type":"WebPage","@id":"https:\/\/bunkerseguridad.es\/fr\/produit\/media-converters-mcgn1-s2n-xyz-b\/","url":"https:\/\/bunkerseguridad.es\/fr\/produit\/media-converters-mcgn1-s2n-xyz-b\/","name":"Convertisseurs de m\u00e9dias MCGN1-S2N-xyz-B - Bunker Seguridad","isPartOf":{"@id":"https:\/\/bunkerseguridad.es\/fr\/#website"},"primaryImageOfPage":{"@id":"https:\/\/bunkerseguridad.es\/fr\/produit\/media-converters-mcgn1-s2n-xyz-b\/#primaryimage"},"image":{"@id":"https:\/\/bunkerseguridad.es\/fr\/produit\/media-converters-mcgn1-s2n-xyz-b\/#primaryimage"},"thumbnailUrl":"https:\/\/bunkerseguridad.es\/fr\/wp-content\/uploads\/2020\/12\/MCLN1-M2N-xyz-B-1.png","datePublished":"2020-12-21T09:25:09+00:00","dateModified":"2021-03-08T11:45:20+00:00","description":"KBC comprend des convertisseurs de m\u00e9dia Ethernet industriels, reliant plusieurs fibres optiques multimodes et une fonctionnalit\u00e9 full duplex","breadcrumb":{"@id":"https:\/\/bunkerseguridad.es\/fr\/produit\/media-converters-mcgn1-s2n-xyz-b\/#breadcrumb"},"inLanguage":"fr-FR","potentialAction":[{"@type":"ReadAction","target":["https:\/\/bunkerseguridad.es\/fr\/produit\/media-converters-mcgn1-s2n-xyz-b\/"]}]},{"@type":"ImageObject","inLanguage":"fr-FR","@id":"https:\/\/bunkerseguridad.es\/fr\/produit\/media-converters-mcgn1-s2n-xyz-b\/#primaryimage","url":"https:\/\/bunkerseguridad.es\/fr\/wp-content\/uploads\/2020\/12\/MCLN1-M2N-xyz-B-1.png","contentUrl":"https:\/\/bunkerseguridad.es\/fr\/wp-content\/uploads\/2020\/12\/MCLN1-M2N-xyz-B-1.png","width":1200,"height":1200,"caption":"MCGN1-S1A\/S1B-xyz-B"},{"@type":"BreadcrumbList","@id":"https:\/\/bunkerseguridad.es\/fr\/produit\/media-converters-mcgn1-s2n-xyz-b\/#breadcrumb","itemListElement":[{"@type":"ListItem","position":1,"name":"Home","item":"https:\/\/bunkerseguridad.es\/fr\/"},{"@type":"ListItem","position":2,"name":"Shop","item":"https:\/\/bunkerseguridad.es\/fr\/shop\/"},{"@type":"ListItem","position":3,"name":"Convertisseurs de m\u00e9dias MCGN1-S2N-xyz-B"}]},{"@type":"WebSite","@id":"https:\/\/bunkerseguridad.es\/fr\/#website","url":"https:\/\/bunkerseguridad.es\/fr\/","name":"Bunker Seguridad","description":"Otro sitio realizado con WordPress","potentialAction":[{"@type":"SearchAction","target":{"@type":"EntryPoint","urlTemplate":"https:\/\/bunkerseguridad.es\/fr\/?s={search_term_string}"},"query-input":{"@type":"PropertyValueSpecification","valueRequired":true,"valueName":"search_term_string"}}],"inLanguage":"fr-FR"}]}},"brands":[{"id":206,"name":"KBC Networks","slug":"kbc-networks"}],"_links":{"self":[{"href":"https:\/\/bunkerseguridad.es\/fr\/wp-json\/wp\/v2\/product\/6037","targetHints":{"allow":["GET"]}}],"collection":[{"href":"https:\/\/bunkerseguridad.es\/fr\/wp-json\/wp\/v2\/product"}],"about":[{"href":"https:\/\/bunkerseguridad.es\/fr\/wp-json\/wp\/v2\/types\/product"}],"wp:featuredmedia":[{"embeddable":true,"href":"https:\/\/bunkerseguridad.es\/fr\/wp-json\/wp\/v2\/media\/5454"}],"wp:attachment":[{"href":"https:\/\/bunkerseguridad.es\/fr\/wp-json\/wp\/v2\/media?parent=6037"}],"wp:term":[{"taxonomy":"pwb-brand","embeddable":true,"href":"https:\/\/bunkerseguridad.es\/fr\/wp-json\/wp\/v2\/pwb-brand?post=6037"},{"taxonomy":"product_brand","embeddable":true,"href":"https:\/\/bunkerseguridad.es\/fr\/wp-json\/wp\/v2\/product_brand?post=6037"},{"taxonomy":"product_cat","embeddable":true,"href":"https:\/\/bunkerseguridad.es\/fr\/wp-json\/wp\/v2\/product_cat?post=6037"},{"taxonomy":"product_tag","embeddable":true,"href":"https:\/\/bunkerseguridad.es\/fr\/wp-json\/wp\/v2\/product_tag?post=6037"}],"curies":[{"name":"wp","href":"https:\/\/api.w.org\/{rel}","templated":true}]}}