{"id":6048,"date":"2020-12-21T10:19:19","date_gmt":"2020-12-21T10:19:19","guid":{"rendered":"http:\/\/www.bunkerseguridad.es\/en\/?post_type=product&#038;p=6048"},"modified":"2021-03-08T12:02:10","modified_gmt":"2021-03-08T12:02:10","slug":"media-converters-mcgn2-p1n-xnz-b","status":"publish","type":"product","link":"https:\/\/bunkerseguridad.es\/fr\/produit\/media-converters-mcgn2-p1n-xnz-b\/","title":{"rendered":"Convertisseurs de m\u00e9dias MCGN2-P1N-xNz-B"},"content":{"rendered":"<p><strong>La s\u00e9rie KBC MCGN2-P1N est un convertisseur de m\u00e9dia Ethernet industriel \u00e0 deux canaux 10\/100\/1000M. Il prend en charge la transmission de deux canaux 10\/100\/1000 Base-T Ethernet sur le port SFP. En s\u00e9lectionnant diff\u00e9rents modules SFP de KBC, le convertisseur de m\u00e9dias peut \u00eatre transmis via une ou deux fibres optiques multimodes ou monomodes avec un fonctionnement en duplex int\u00e9gral.<\/strong> Il n&rsquo;y a pas d&rsquo;extr\u00e9mit\u00e9 A ou B pour la s\u00e9rie MCGN2-P1N, les deux extr\u00e9mit\u00e9s sont les m\u00eames pour le convertisseur de m\u00e9dia avec port SFP, mais lors de l&rsquo;insertion d&rsquo;un module SFP version fibre, deux extr\u00e9mit\u00e9s doivent \u00eatre adapt\u00e9es, c&rsquo;est-\u00e0-dire une extr\u00e9mit\u00e9 est 1310nm\/1550nm SFP, l&rsquo;autre extr\u00e9mit\u00e9 est 1550nm\/1310nm SFP. En g\u00e9n\u00e9ral, le convertisseur de m\u00e9dia \u00e0 deux canaux est install\u00e9 dans l&rsquo;extr\u00e9mit\u00e9 distante, dans la t\u00eate de r\u00e9seau compatible s\u00e9rie MCGN1 est install\u00e9. La conception \u00ab\u00a0plug-and-play\u00a0\u00bb rend l&rsquo;installation simple, sans aucun r\u00e9glage \u00e9lectrique ou optique n\u00e9cessaire. Des indicateurs LED sont fournis pour indiquer l&rsquo;\u00e9tat de fonctionnement de l&rsquo;unit\u00e9. Sa conception robuste, tant au niveau du bo\u00eetier que de la protection \u00e9lectrique, en fait un appareil adapt\u00e9 aux applications dans des environnements difficiles.<\/p>\n<p><strong>Caract\u00e9ristiques:<\/strong><\/p>\n<ul>\n<li>Port de d\u00e9tection automatique 10\/100\/1000M<\/li>\n<li>1*10\/100\/1000Base-TX Port<\/li>\n<li>1*1000Base-FX SFP Port<\/li>\n<li>Protection contre les surtensions de 2kV sur le port \u00e9lectrique RJ45<\/li>\n<li>Compatible avec un convertisseur de m\u00e9dias 1 canal 1000M s\u00e9rie MCGN1<\/li>\n<li>Bo\u00eetier IP40<\/li>\n<li>Support mural et DIN<\/li>\n<li>Rack passif en FR2-12 avec 12 slots ou carte Chassis en FR2-16 avec 16 slots<\/li>\n<\/ul>\n","protected":false},"excerpt":{"rendered":"<p><strong>Convertisseurs de m\u00e9dias Ethernet commerciaux<\/strong> &#8211; La s\u00e9rie KBC MCGN2-P1N est un convertisseur de m\u00e9dias Ethernet industriel \u00e0 deux canaux 10\/100\/1000M, <strong>(2) ports LAN 10\/100\/1000Mbps<\/strong>, (1) port SFP. Temp\u00e9rature de fonctionnement -40\u00b0C \u00e0 75\u00b0C (-40\u00b0F \u00e0 167\u00b0F) 12VDC, &lt;3W.<\/p>\n","protected":false},"featured_media":6013,"template":"","meta":{"_et_pb_use_builder":"","_et_pb_old_content":"","_et_gb_content_width":""},"pwb-brand":[206],"product_brand":[],"product_cat":[308,31,38],"product_tag":[156,152],"class_list":{"0":"post-6048","1":"product","2":"type-product","3":"status-publish","4":"has-post-thumbnail","6":"pwb-brand-kbc-networks","7":"product_cat-industrial-media-converters","8":"product_cat-transmission-des-donnees","9":"product_cat-convertisseurs-medias","10":"product_tag-10-100-1000mbps","11":"product_tag-convertisseur-de-media-industriel","13":"first","14":"instock","15":"shipping-taxable","16":"product-type-simple"},"yoast_head":"<!-- This site is optimized with the Yoast SEO plugin v25.2 - https:\/\/yoast.com\/wordpress\/plugins\/seo\/ -->\n<title>Convertisseurs de m\u00e9dias MCGN2-P1N-xNz-B - Bunker Seguridad<\/title>\n<meta name=\"description\" content=\"La s\u00e9rie KBC MCGN2-P1N est un convertisseur de m\u00e9dia Ethernet industriel avec deux canaux de transmission Ethernet sur le port SFP.\" \/>\n<meta name=\"robots\" content=\"noindex, follow, max-snippet:-1, max-image-preview:large, max-video-preview:-1\" \/>\n<meta property=\"og:locale\" content=\"fr_FR\" \/>\n<meta property=\"og:type\" content=\"article\" \/>\n<meta property=\"og:title\" content=\"Convertisseurs de m\u00e9dias MCGN2-P1N-xNz-B - Bunker Seguridad\" \/>\n<meta property=\"og:description\" content=\"La s\u00e9rie KBC MCGN2-P1N est un convertisseur de m\u00e9dia Ethernet industriel avec deux canaux de transmission Ethernet sur le port SFP.\" \/>\n<meta property=\"og:url\" content=\"https:\/\/bunkerseguridad.es\/fr\/produit\/media-converters-mcgn2-p1n-xnz-b\/\" \/>\n<meta property=\"og:site_name\" content=\"Bunker Seguridad\" \/>\n<meta property=\"article:modified_time\" content=\"2021-03-08T12:02:10+00:00\" \/>\n<meta property=\"og:image\" content=\"https:\/\/bunkerseguridad.es\/fr\/wp-content\/uploads\/2020\/12\/MCLN2-P1N-series-is-an-industrial-two-channels.png\" \/>\n\t<meta property=\"og:image:width\" content=\"1200\" \/>\n\t<meta property=\"og:image:height\" content=\"1200\" \/>\n\t<meta property=\"og:image:type\" content=\"image\/png\" \/>\n<meta name=\"twitter:card\" content=\"summary_large_image\" \/>\n<meta name=\"twitter:label1\" content=\"Dur\u00e9e de lecture estim\u00e9e\" \/>\n\t<meta name=\"twitter:data1\" content=\"2 minutes\" \/>\n<script type=\"application\/ld+json\" class=\"yoast-schema-graph\">{\"@context\":\"https:\/\/schema.org\",\"@graph\":[{\"@type\":\"WebPage\",\"@id\":\"https:\/\/bunkerseguridad.es\/fr\/produit\/media-converters-mcgn2-p1n-xnz-b\/\",\"url\":\"https:\/\/bunkerseguridad.es\/fr\/produit\/media-converters-mcgn2-p1n-xnz-b\/\",\"name\":\"Convertisseurs de m\u00e9dias MCGN2-P1N-xNz-B - Bunker Seguridad\",\"isPartOf\":{\"@id\":\"https:\/\/bunkerseguridad.es\/fr\/#website\"},\"primaryImageOfPage\":{\"@id\":\"https:\/\/bunkerseguridad.es\/fr\/produit\/media-converters-mcgn2-p1n-xnz-b\/#primaryimage\"},\"image\":{\"@id\":\"https:\/\/bunkerseguridad.es\/fr\/produit\/media-converters-mcgn2-p1n-xnz-b\/#primaryimage\"},\"thumbnailUrl\":\"https:\/\/bunkerseguridad.es\/fr\/wp-content\/uploads\/2020\/12\/MCLN2-P1N-series-is-an-industrial-two-channels.png\",\"datePublished\":\"2020-12-21T10:19:19+00:00\",\"dateModified\":\"2021-03-08T12:02:10+00:00\",\"description\":\"La s\u00e9rie KBC MCGN2-P1N est un convertisseur de m\u00e9dia Ethernet industriel avec deux canaux de transmission Ethernet sur le port SFP.\",\"breadcrumb\":{\"@id\":\"https:\/\/bunkerseguridad.es\/fr\/produit\/media-converters-mcgn2-p1n-xnz-b\/#breadcrumb\"},\"inLanguage\":\"fr-FR\",\"potentialAction\":[{\"@type\":\"ReadAction\",\"target\":[\"https:\/\/bunkerseguridad.es\/fr\/produit\/media-converters-mcgn2-p1n-xnz-b\/\"]}]},{\"@type\":\"ImageObject\",\"inLanguage\":\"fr-FR\",\"@id\":\"https:\/\/bunkerseguridad.es\/fr\/produit\/media-converters-mcgn2-p1n-xnz-b\/#primaryimage\",\"url\":\"https:\/\/bunkerseguridad.es\/fr\/wp-content\/uploads\/2020\/12\/MCLN2-P1N-series-is-an-industrial-two-channels.png\",\"contentUrl\":\"https:\/\/bunkerseguridad.es\/fr\/wp-content\/uploads\/2020\/12\/MCLN2-P1N-series-is-an-industrial-two-channels.png\",\"width\":1200,\"height\":1200,\"caption\":\"MCLN2-P1N-s\u00e9rie-est-un-industriel-deux-canaux\"},{\"@type\":\"BreadcrumbList\",\"@id\":\"https:\/\/bunkerseguridad.es\/fr\/produit\/media-converters-mcgn2-p1n-xnz-b\/#breadcrumb\",\"itemListElement\":[{\"@type\":\"ListItem\",\"position\":1,\"name\":\"Home\",\"item\":\"https:\/\/bunkerseguridad.es\/fr\/\"},{\"@type\":\"ListItem\",\"position\":2,\"name\":\"Shop\",\"item\":\"https:\/\/bunkerseguridad.es\/fr\/shop\/\"},{\"@type\":\"ListItem\",\"position\":3,\"name\":\"Convertisseurs de m\u00e9dias MCGN2-P1N-xNz-B\"}]},{\"@type\":\"WebSite\",\"@id\":\"https:\/\/bunkerseguridad.es\/fr\/#website\",\"url\":\"https:\/\/bunkerseguridad.es\/fr\/\",\"name\":\"Bunker Seguridad\",\"description\":\"Otro sitio realizado con WordPress\",\"potentialAction\":[{\"@type\":\"SearchAction\",\"target\":{\"@type\":\"EntryPoint\",\"urlTemplate\":\"https:\/\/bunkerseguridad.es\/fr\/?s={search_term_string}\"},\"query-input\":{\"@type\":\"PropertyValueSpecification\",\"valueRequired\":true,\"valueName\":\"search_term_string\"}}],\"inLanguage\":\"fr-FR\"}]}<\/script>\n<!-- \/ Yoast SEO plugin. -->","yoast_head_json":{"title":"Convertisseurs de m\u00e9dias MCGN2-P1N-xNz-B - Bunker Seguridad","description":"La s\u00e9rie KBC MCGN2-P1N est un convertisseur de m\u00e9dia Ethernet industriel avec deux canaux de transmission Ethernet sur le port SFP.","robots":{"index":"noindex","follow":"follow","max-snippet":"max-snippet:-1","max-image-preview":"max-image-preview:large","max-video-preview":"max-video-preview:-1"},"og_locale":"fr_FR","og_type":"article","og_title":"Convertisseurs de m\u00e9dias MCGN2-P1N-xNz-B - Bunker Seguridad","og_description":"La s\u00e9rie KBC MCGN2-P1N est un convertisseur de m\u00e9dia Ethernet industriel avec deux canaux de transmission Ethernet sur le port SFP.","og_url":"https:\/\/bunkerseguridad.es\/fr\/produit\/media-converters-mcgn2-p1n-xnz-b\/","og_site_name":"Bunker Seguridad","article_modified_time":"2021-03-08T12:02:10+00:00","og_image":[{"width":1200,"height":1200,"url":"https:\/\/bunkerseguridad.es\/fr\/wp-content\/uploads\/2020\/12\/MCLN2-P1N-series-is-an-industrial-two-channels.png","type":"image\/png"}],"twitter_card":"summary_large_image","twitter_misc":{"Dur\u00e9e de lecture estim\u00e9e":"2 minutes"},"schema":{"@context":"https:\/\/schema.org","@graph":[{"@type":"WebPage","@id":"https:\/\/bunkerseguridad.es\/fr\/produit\/media-converters-mcgn2-p1n-xnz-b\/","url":"https:\/\/bunkerseguridad.es\/fr\/produit\/media-converters-mcgn2-p1n-xnz-b\/","name":"Convertisseurs de m\u00e9dias MCGN2-P1N-xNz-B - Bunker Seguridad","isPartOf":{"@id":"https:\/\/bunkerseguridad.es\/fr\/#website"},"primaryImageOfPage":{"@id":"https:\/\/bunkerseguridad.es\/fr\/produit\/media-converters-mcgn2-p1n-xnz-b\/#primaryimage"},"image":{"@id":"https:\/\/bunkerseguridad.es\/fr\/produit\/media-converters-mcgn2-p1n-xnz-b\/#primaryimage"},"thumbnailUrl":"https:\/\/bunkerseguridad.es\/fr\/wp-content\/uploads\/2020\/12\/MCLN2-P1N-series-is-an-industrial-two-channels.png","datePublished":"2020-12-21T10:19:19+00:00","dateModified":"2021-03-08T12:02:10+00:00","description":"La s\u00e9rie KBC MCGN2-P1N est un convertisseur de m\u00e9dia Ethernet industriel avec deux canaux de transmission Ethernet sur le port SFP.","breadcrumb":{"@id":"https:\/\/bunkerseguridad.es\/fr\/produit\/media-converters-mcgn2-p1n-xnz-b\/#breadcrumb"},"inLanguage":"fr-FR","potentialAction":[{"@type":"ReadAction","target":["https:\/\/bunkerseguridad.es\/fr\/produit\/media-converters-mcgn2-p1n-xnz-b\/"]}]},{"@type":"ImageObject","inLanguage":"fr-FR","@id":"https:\/\/bunkerseguridad.es\/fr\/produit\/media-converters-mcgn2-p1n-xnz-b\/#primaryimage","url":"https:\/\/bunkerseguridad.es\/fr\/wp-content\/uploads\/2020\/12\/MCLN2-P1N-series-is-an-industrial-two-channels.png","contentUrl":"https:\/\/bunkerseguridad.es\/fr\/wp-content\/uploads\/2020\/12\/MCLN2-P1N-series-is-an-industrial-two-channels.png","width":1200,"height":1200,"caption":"MCLN2-P1N-s\u00e9rie-est-un-industriel-deux-canaux"},{"@type":"BreadcrumbList","@id":"https:\/\/bunkerseguridad.es\/fr\/produit\/media-converters-mcgn2-p1n-xnz-b\/#breadcrumb","itemListElement":[{"@type":"ListItem","position":1,"name":"Home","item":"https:\/\/bunkerseguridad.es\/fr\/"},{"@type":"ListItem","position":2,"name":"Shop","item":"https:\/\/bunkerseguridad.es\/fr\/shop\/"},{"@type":"ListItem","position":3,"name":"Convertisseurs de m\u00e9dias MCGN2-P1N-xNz-B"}]},{"@type":"WebSite","@id":"https:\/\/bunkerseguridad.es\/fr\/#website","url":"https:\/\/bunkerseguridad.es\/fr\/","name":"Bunker Seguridad","description":"Otro sitio realizado con WordPress","potentialAction":[{"@type":"SearchAction","target":{"@type":"EntryPoint","urlTemplate":"https:\/\/bunkerseguridad.es\/fr\/?s={search_term_string}"},"query-input":{"@type":"PropertyValueSpecification","valueRequired":true,"valueName":"search_term_string"}}],"inLanguage":"fr-FR"}]}},"brands":[{"id":206,"name":"KBC Networks","slug":"kbc-networks"}],"_links":{"self":[{"href":"https:\/\/bunkerseguridad.es\/fr\/wp-json\/wp\/v2\/product\/6048","targetHints":{"allow":["GET"]}}],"collection":[{"href":"https:\/\/bunkerseguridad.es\/fr\/wp-json\/wp\/v2\/product"}],"about":[{"href":"https:\/\/bunkerseguridad.es\/fr\/wp-json\/wp\/v2\/types\/product"}],"wp:featuredmedia":[{"embeddable":true,"href":"https:\/\/bunkerseguridad.es\/fr\/wp-json\/wp\/v2\/media\/6013"}],"wp:attachment":[{"href":"https:\/\/bunkerseguridad.es\/fr\/wp-json\/wp\/v2\/media?parent=6048"}],"wp:term":[{"taxonomy":"pwb-brand","embeddable":true,"href":"https:\/\/bunkerseguridad.es\/fr\/wp-json\/wp\/v2\/pwb-brand?post=6048"},{"taxonomy":"product_brand","embeddable":true,"href":"https:\/\/bunkerseguridad.es\/fr\/wp-json\/wp\/v2\/product_brand?post=6048"},{"taxonomy":"product_cat","embeddable":true,"href":"https:\/\/bunkerseguridad.es\/fr\/wp-json\/wp\/v2\/product_cat?post=6048"},{"taxonomy":"product_tag","embeddable":true,"href":"https:\/\/bunkerseguridad.es\/fr\/wp-json\/wp\/v2\/product_tag?post=6048"}],"curies":[{"name":"wp","href":"https:\/\/api.w.org\/{rel}","templated":true}]}}