{"id":6055,"date":"2020-12-21T10:57:57","date_gmt":"2020-12-21T10:57:57","guid":{"rendered":"http:\/\/www.bunkerseguridad.es\/en\/?post_type=product&#038;p=6055"},"modified":"2021-03-05T09:04:52","modified_gmt":"2021-03-05T09:04:52","slug":"2ru-rack-mount-for-mcln-mcgn-series-fr2-12-nn-b","status":"publish","type":"product","link":"https:\/\/bunkerseguridad.es\/fr\/produit\/2ru-rack-mount-for-mcln-mcgn-series-fr2-12-nn-b\/","title":{"rendered":"Montage en rack 2RU pour la s\u00e9rie MCLN\/MCGN &#8211; FR2-12-NN-B"},"content":{"rendered":"<p>Le KBC FR2-12-NNN-B est un rack passif 2U avec 12 emplacements. Chaque emplacement peut accueillir l&rsquo;un des convertisseurs de m\u00e9dias KBC 10\/100M et 10\/100\/1000M \u00e0 montage mural suivants.<\/p>\n<ul>\n<li>MCLN1-XXX-XX-B<\/li>\n<li>MCLN2-XXX-XX-B<\/li>\n<li>MCLS1-XXX-XX-B<\/li>\n<li>MCGN1-XXX-XX-B<\/li>\n<li>MCGN2-XXX-XX-B<\/li>\n<\/ul>\n<p>Au total, 12 convertisseurs de m\u00e9dias peuvent \u00eatre tenus par le rack. Chaque convertisseur de m\u00e9dia a besoin de son propre adaptateur d&rsquo;alimentation +12VDC.<\/p>\n","protected":false},"excerpt":{"rendered":"<p>Montage en rack 2RU pour la s\u00e9rie MCLN \/ MCGN &#8211; Le KBC FR2-12-NNN-B est un rack passif 2U avec 12 modules de conversion de m\u00e9dia de la s\u00e9rie MCLN \/ MCGN.<\/p>\n","protected":false},"featured_media":6053,"template":"","meta":{"_et_pb_use_builder":"","_et_pb_old_content":"","_et_gb_content_width":""},"pwb-brand":[206],"product_brand":[],"product_cat":[308,31,38],"product_tag":[157,152,148],"class_list":{"0":"post-6055","1":"product","2":"type-product","3":"status-publish","4":"has-post-thumbnail","6":"pwb-brand-kbc-networks","7":"product_cat-industrial-media-converters","8":"product_cat-transmission-des-donnees","9":"product_cat-convertisseurs-medias","10":"product_tag-chasis","11":"product_tag-convertisseur-de-media-industriel","12":"product_tag-montage-en-rack","14":"first","15":"instock","16":"shipping-taxable","17":"product-type-simple"},"yoast_head":"<!-- This site is optimized with the Yoast SEO plugin v25.2 - https:\/\/yoast.com\/wordpress\/plugins\/seo\/ -->\n<title>Montage en rack 2RU pour la s\u00e9rie MCLN\/MCGN - FR2-12-NN-B - Bunker Seguridad<\/title>\n<meta name=\"description\" content=\"Le KBC est un rack passif 2U avec 12 emplacements. Chaque emplacement peut accueillir deux convertisseurs de m\u00e9dia \u00e0 montage mural.\" \/>\n<meta name=\"robots\" content=\"noindex, follow, max-snippet:-1, max-image-preview:large, max-video-preview:-1\" \/>\n<meta property=\"og:locale\" content=\"fr_FR\" \/>\n<meta property=\"og:type\" content=\"article\" \/>\n<meta property=\"og:title\" content=\"Montage en rack 2RU pour la s\u00e9rie MCLN\/MCGN - FR2-12-NN-B - Bunker Seguridad\" \/>\n<meta property=\"og:description\" content=\"Le KBC est un rack passif 2U avec 12 emplacements. Chaque emplacement peut accueillir deux convertisseurs de m\u00e9dia \u00e0 montage mural.\" \/>\n<meta property=\"og:url\" content=\"https:\/\/bunkerseguridad.es\/fr\/produit\/2ru-rack-mount-for-mcln-mcgn-series-fr2-12-nn-b\/\" \/>\n<meta property=\"og:site_name\" content=\"Bunker Seguridad\" \/>\n<meta property=\"article:modified_time\" content=\"2021-03-05T09:04:52+00:00\" \/>\n<meta property=\"og:image\" content=\"https:\/\/bunkerseguridad.es\/fr\/wp-content\/uploads\/2020\/12\/FR2-12-NN-B.png\" \/>\n\t<meta property=\"og:image:width\" content=\"1200\" \/>\n\t<meta property=\"og:image:height\" content=\"1200\" \/>\n\t<meta property=\"og:image:type\" content=\"image\/png\" \/>\n<meta name=\"twitter:card\" content=\"summary_large_image\" \/>\n<meta name=\"twitter:label1\" content=\"Dur\u00e9e de lecture estim\u00e9e\" \/>\n\t<meta name=\"twitter:data1\" content=\"1 minute\" \/>\n<script type=\"application\/ld+json\" class=\"yoast-schema-graph\">{\"@context\":\"https:\/\/schema.org\",\"@graph\":[{\"@type\":\"WebPage\",\"@id\":\"https:\/\/bunkerseguridad.es\/fr\/produit\/2ru-rack-mount-for-mcln-mcgn-series-fr2-12-nn-b\/\",\"url\":\"https:\/\/bunkerseguridad.es\/fr\/produit\/2ru-rack-mount-for-mcln-mcgn-series-fr2-12-nn-b\/\",\"name\":\"Montage en rack 2RU pour la s\u00e9rie MCLN\/MCGN - FR2-12-NN-B - Bunker Seguridad\",\"isPartOf\":{\"@id\":\"https:\/\/bunkerseguridad.es\/fr\/#website\"},\"primaryImageOfPage\":{\"@id\":\"https:\/\/bunkerseguridad.es\/fr\/produit\/2ru-rack-mount-for-mcln-mcgn-series-fr2-12-nn-b\/#primaryimage\"},\"image\":{\"@id\":\"https:\/\/bunkerseguridad.es\/fr\/produit\/2ru-rack-mount-for-mcln-mcgn-series-fr2-12-nn-b\/#primaryimage\"},\"thumbnailUrl\":\"https:\/\/bunkerseguridad.es\/fr\/wp-content\/uploads\/2020\/12\/FR2-12-NN-B.png\",\"datePublished\":\"2020-12-21T10:57:57+00:00\",\"dateModified\":\"2021-03-05T09:04:52+00:00\",\"description\":\"Le KBC est un rack passif 2U avec 12 emplacements. Chaque emplacement peut accueillir deux convertisseurs de m\u00e9dia \u00e0 montage mural.\",\"breadcrumb\":{\"@id\":\"https:\/\/bunkerseguridad.es\/fr\/produit\/2ru-rack-mount-for-mcln-mcgn-series-fr2-12-nn-b\/#breadcrumb\"},\"inLanguage\":\"fr-FR\",\"potentialAction\":[{\"@type\":\"ReadAction\",\"target\":[\"https:\/\/bunkerseguridad.es\/fr\/produit\/2ru-rack-mount-for-mcln-mcgn-series-fr2-12-nn-b\/\"]}]},{\"@type\":\"ImageObject\",\"inLanguage\":\"fr-FR\",\"@id\":\"https:\/\/bunkerseguridad.es\/fr\/produit\/2ru-rack-mount-for-mcln-mcgn-series-fr2-12-nn-b\/#primaryimage\",\"url\":\"https:\/\/bunkerseguridad.es\/fr\/wp-content\/uploads\/2020\/12\/FR2-12-NN-B.png\",\"contentUrl\":\"https:\/\/bunkerseguridad.es\/fr\/wp-content\/uploads\/2020\/12\/FR2-12-NN-B.png\",\"width\":1200,\"height\":1200},{\"@type\":\"BreadcrumbList\",\"@id\":\"https:\/\/bunkerseguridad.es\/fr\/produit\/2ru-rack-mount-for-mcln-mcgn-series-fr2-12-nn-b\/#breadcrumb\",\"itemListElement\":[{\"@type\":\"ListItem\",\"position\":1,\"name\":\"Home\",\"item\":\"https:\/\/bunkerseguridad.es\/fr\/\"},{\"@type\":\"ListItem\",\"position\":2,\"name\":\"Shop\",\"item\":\"https:\/\/bunkerseguridad.es\/fr\/shop\/\"},{\"@type\":\"ListItem\",\"position\":3,\"name\":\"Montage en rack 2RU pour la s\u00e9rie MCLN\/MCGN &#8211; FR2-12-NN-B\"}]},{\"@type\":\"WebSite\",\"@id\":\"https:\/\/bunkerseguridad.es\/fr\/#website\",\"url\":\"https:\/\/bunkerseguridad.es\/fr\/\",\"name\":\"Bunker Seguridad\",\"description\":\"Otro sitio realizado con WordPress\",\"potentialAction\":[{\"@type\":\"SearchAction\",\"target\":{\"@type\":\"EntryPoint\",\"urlTemplate\":\"https:\/\/bunkerseguridad.es\/fr\/?s={search_term_string}\"},\"query-input\":{\"@type\":\"PropertyValueSpecification\",\"valueRequired\":true,\"valueName\":\"search_term_string\"}}],\"inLanguage\":\"fr-FR\"}]}<\/script>\n<!-- \/ Yoast SEO plugin. -->","yoast_head_json":{"title":"Montage en rack 2RU pour la s\u00e9rie MCLN\/MCGN - FR2-12-NN-B - Bunker Seguridad","description":"Le KBC est un rack passif 2U avec 12 emplacements. Chaque emplacement peut accueillir deux convertisseurs de m\u00e9dia \u00e0 montage mural.","robots":{"index":"noindex","follow":"follow","max-snippet":"max-snippet:-1","max-image-preview":"max-image-preview:large","max-video-preview":"max-video-preview:-1"},"og_locale":"fr_FR","og_type":"article","og_title":"Montage en rack 2RU pour la s\u00e9rie MCLN\/MCGN - FR2-12-NN-B - Bunker Seguridad","og_description":"Le KBC est un rack passif 2U avec 12 emplacements. Chaque emplacement peut accueillir deux convertisseurs de m\u00e9dia \u00e0 montage mural.","og_url":"https:\/\/bunkerseguridad.es\/fr\/produit\/2ru-rack-mount-for-mcln-mcgn-series-fr2-12-nn-b\/","og_site_name":"Bunker Seguridad","article_modified_time":"2021-03-05T09:04:52+00:00","og_image":[{"width":1200,"height":1200,"url":"https:\/\/bunkerseguridad.es\/fr\/wp-content\/uploads\/2020\/12\/FR2-12-NN-B.png","type":"image\/png"}],"twitter_card":"summary_large_image","twitter_misc":{"Dur\u00e9e de lecture estim\u00e9e":"1 minute"},"schema":{"@context":"https:\/\/schema.org","@graph":[{"@type":"WebPage","@id":"https:\/\/bunkerseguridad.es\/fr\/produit\/2ru-rack-mount-for-mcln-mcgn-series-fr2-12-nn-b\/","url":"https:\/\/bunkerseguridad.es\/fr\/produit\/2ru-rack-mount-for-mcln-mcgn-series-fr2-12-nn-b\/","name":"Montage en rack 2RU pour la s\u00e9rie MCLN\/MCGN - FR2-12-NN-B - Bunker Seguridad","isPartOf":{"@id":"https:\/\/bunkerseguridad.es\/fr\/#website"},"primaryImageOfPage":{"@id":"https:\/\/bunkerseguridad.es\/fr\/produit\/2ru-rack-mount-for-mcln-mcgn-series-fr2-12-nn-b\/#primaryimage"},"image":{"@id":"https:\/\/bunkerseguridad.es\/fr\/produit\/2ru-rack-mount-for-mcln-mcgn-series-fr2-12-nn-b\/#primaryimage"},"thumbnailUrl":"https:\/\/bunkerseguridad.es\/fr\/wp-content\/uploads\/2020\/12\/FR2-12-NN-B.png","datePublished":"2020-12-21T10:57:57+00:00","dateModified":"2021-03-05T09:04:52+00:00","description":"Le KBC est un rack passif 2U avec 12 emplacements. Chaque emplacement peut accueillir deux convertisseurs de m\u00e9dia \u00e0 montage mural.","breadcrumb":{"@id":"https:\/\/bunkerseguridad.es\/fr\/produit\/2ru-rack-mount-for-mcln-mcgn-series-fr2-12-nn-b\/#breadcrumb"},"inLanguage":"fr-FR","potentialAction":[{"@type":"ReadAction","target":["https:\/\/bunkerseguridad.es\/fr\/produit\/2ru-rack-mount-for-mcln-mcgn-series-fr2-12-nn-b\/"]}]},{"@type":"ImageObject","inLanguage":"fr-FR","@id":"https:\/\/bunkerseguridad.es\/fr\/produit\/2ru-rack-mount-for-mcln-mcgn-series-fr2-12-nn-b\/#primaryimage","url":"https:\/\/bunkerseguridad.es\/fr\/wp-content\/uploads\/2020\/12\/FR2-12-NN-B.png","contentUrl":"https:\/\/bunkerseguridad.es\/fr\/wp-content\/uploads\/2020\/12\/FR2-12-NN-B.png","width":1200,"height":1200},{"@type":"BreadcrumbList","@id":"https:\/\/bunkerseguridad.es\/fr\/produit\/2ru-rack-mount-for-mcln-mcgn-series-fr2-12-nn-b\/#breadcrumb","itemListElement":[{"@type":"ListItem","position":1,"name":"Home","item":"https:\/\/bunkerseguridad.es\/fr\/"},{"@type":"ListItem","position":2,"name":"Shop","item":"https:\/\/bunkerseguridad.es\/fr\/shop\/"},{"@type":"ListItem","position":3,"name":"Montage en rack 2RU pour la s\u00e9rie MCLN\/MCGN &#8211; FR2-12-NN-B"}]},{"@type":"WebSite","@id":"https:\/\/bunkerseguridad.es\/fr\/#website","url":"https:\/\/bunkerseguridad.es\/fr\/","name":"Bunker Seguridad","description":"Otro sitio realizado con WordPress","potentialAction":[{"@type":"SearchAction","target":{"@type":"EntryPoint","urlTemplate":"https:\/\/bunkerseguridad.es\/fr\/?s={search_term_string}"},"query-input":{"@type":"PropertyValueSpecification","valueRequired":true,"valueName":"search_term_string"}}],"inLanguage":"fr-FR"}]}},"brands":[{"id":206,"name":"KBC Networks","slug":"kbc-networks"}],"_links":{"self":[{"href":"https:\/\/bunkerseguridad.es\/fr\/wp-json\/wp\/v2\/product\/6055","targetHints":{"allow":["GET"]}}],"collection":[{"href":"https:\/\/bunkerseguridad.es\/fr\/wp-json\/wp\/v2\/product"}],"about":[{"href":"https:\/\/bunkerseguridad.es\/fr\/wp-json\/wp\/v2\/types\/product"}],"wp:featuredmedia":[{"embeddable":true,"href":"https:\/\/bunkerseguridad.es\/fr\/wp-json\/wp\/v2\/media\/6053"}],"wp:attachment":[{"href":"https:\/\/bunkerseguridad.es\/fr\/wp-json\/wp\/v2\/media?parent=6055"}],"wp:term":[{"taxonomy":"pwb-brand","embeddable":true,"href":"https:\/\/bunkerseguridad.es\/fr\/wp-json\/wp\/v2\/pwb-brand?post=6055"},{"taxonomy":"product_brand","embeddable":true,"href":"https:\/\/bunkerseguridad.es\/fr\/wp-json\/wp\/v2\/product_brand?post=6055"},{"taxonomy":"product_cat","embeddable":true,"href":"https:\/\/bunkerseguridad.es\/fr\/wp-json\/wp\/v2\/product_cat?post=6055"},{"taxonomy":"product_tag","embeddable":true,"href":"https:\/\/bunkerseguridad.es\/fr\/wp-json\/wp\/v2\/product_tag?post=6055"}],"curies":[{"name":"wp","href":"https:\/\/api.w.org\/{rel}","templated":true}]}}