{"id":6104,"date":"2020-12-22T10:42:15","date_gmt":"2020-12-22T10:42:15","guid":{"rendered":"http:\/\/www.bunkerseguridad.es\/en\/?post_type=product&#038;p=6104"},"modified":"2021-03-02T08:24:16","modified_gmt":"2021-03-02T08:24:16","slug":"thrulink-standard-thlk-sc-bo-ag-xz","status":"publish","type":"product","link":"https:\/\/bunkerseguridad.es\/fr\/produit\/thrulink-standard-thlk-sc-bo-ag-xz\/","title":{"rendered":"VPN hardware ThruLink\u2122 Standard THLK-SC-BO-AG-xz"},"content":{"rendered":"<p><strong>ThruLink\u2122 hardware de capacit\u00e9 standard \u00e9metteur-r\u00e9cepteur VPN.<\/strong> 15Mbps, firmware TL2, jusqu&rsquo;\u00e0 256-bit AES, Camellia, Blowfish. (1) port LAN, (1) port WAN, (1) port USB, (1) modem 4G LTE (EMEA). Le KBC ThruLink est un dispositif VPN hardware qui permet d&rsquo;\u00e9tablir des communications s\u00e9curis\u00e9es sur tout r\u00e9seau TCP\/IP standard, public ou priv\u00e9. Le ThruLink fonctionne derri\u00e8re des pare-feu, des dispositifs NAT et \u00e0 travers presque tout autre type de configuration de r\u00e9seau et offre une communication crypt\u00e9e pour tous les protocoles IP, quel que soit le type de trafic. Lorsqu&rsquo;il est d\u00e9ploy\u00e9, ThruLink fournit un tunnel s\u00e9curis\u00e9 et crypt\u00e9 pour les communications r\u00e9seau qui n&rsquo;affecteront pas les informations TTL, UPnP, VLAN, la diffusion, le multicast ou tout autre trafic. Un modem int\u00e9gr\u00e9 assure la connectivit\u00e9 3G\/4G et prend en charge tous les principaux fournisseurs de r\u00e9seau. En plus des applications en \u00e9toile, ThruLink prend en charge les r\u00e9seaux maill\u00e9s permettant une connexion directe sans avoir besoin d&rsquo;une authentification du serveur central.<\/p>\n<p><strong>Caract\u00e9ristiques:<\/strong><\/p>\n<ul>\n<li>Communication crypt\u00e9e jusqu&rsquo;\u00e0 256 bits via le tunneling<\/li>\n<li>D\u00e9bit : Standard : 15Mbps, Standard Plus : 30Mbps<\/li>\n<li>Optimis\u00e9 pour la vid\u00e9o<\/li>\n<li>Configurable pour les r\u00e9seaux 3G\/4G<\/li>\n<li>Prend en charge les applications de maillage &#8211; pas besoin de serveur central<\/li>\n<li>Basculement multiple<\/li>\n<li>Une installation simple<\/li>\n<li>Interface utilisateur graphique facile \u00e0 utiliser<\/li>\n<li>Pas besoin de modifier le r\u00e9seau<\/li>\n<li>Outils de diagnostic : surveillance du trafic r\u00e9seau, traceroute de base et fonction ping<\/li>\n<li>Prise en charge d&rsquo;IPv4 et IPv6<\/li>\n<li>DHCP<\/li>\n<li>PoE support\u00e9 sur le port WAN (dispositif PD)<\/li>\n<li>Connexion s\u00e9curis\u00e9e par certificat crypt\u00e9 (RSA)<\/li>\n<li>Service DHCP sur le port LAN (facultatif)<\/li>\n<li>Con\u00e7u pour fonctionner dans des environnements non conditionn\u00e9s<\/li>\n<li>Prend en charge la transmission de donn\u00e9es RS-485<\/li>\n<\/ul>\n","protected":false},"excerpt":{"rendered":"<p><strong>ThruLink\u2122 hardware de capacit\u00e9 standard, \u00e9metteur-r\u00e9cepteur VPN.<\/strong> 15Mbps, firmware TL2, jusqu&rsquo;\u00e0 256-bit AES, Camellia, Blowfish. (1) port LAN, (1) port WAN, (1) port USB, (1) modem 4G LTE (EMEA).<\/p>\n","protected":false},"featured_media":982,"template":"","meta":{"_et_pb_use_builder":"off","_et_pb_old_content":"ThruLink\u2122 standard capacity<strong> hardware VPN transceiver. 15Mbps<\/strong>, TL2 firmware, up to 256-bit AES, Camellia, Blowfish. (1) LAN port, (1) WAN port, (1) USB port, (1) 4G LTE (EMEA) modem.\r\n\r\nThe KBC ThruLink is a hardware VPN device that allows secure communications to be established over any standard, public or private TCP\/IP network. ThruLink performs behind firewalls, NAT devices and through almost any other type of network configuration and offers encrypted communication for all IP protocols regardless of the type of traffic. When deployed, ThruLink provides a secure and encrypted tunnel for network communications that will not affect TTL, UPnP, VLAN information, broadcast, multicast, or any other traffic. A builtin modem provides 3G\/4G connectivity and supports all primary network providers. In addition to star based applications, ThruLink supports mesh-based networks allowing direct connection without the need for central server authentication.\r\n\r\n<strong>Feature:<\/strong>\r\n<ul>\r\n \t<li>Encrypted communication up to 256bit via tunneling<\/li>\r\n \t<li>Throughput: Standard: 15Mbps, Standard Plus: 30Mbps<\/li>\r\n \t<li>Optimized for video<\/li>\r\n \t<li>Configurable for 3G\/4G networks<\/li>\r\n \t<li>Supports mesh applications - no central server requirement<\/li>\r\n \t<li>Multiple failover<\/li>\r\n \t<li>Simple installation<\/li>\r\n \t<li>Easy-to-use graphical user interface<\/li>\r\n \t<li>No need to make network changes<\/li>\r\n \t<li>Diagnostic tools: network traffic monitoring, basic traceroute and ping function<\/li>\r\n \t<li>IPv4 and IPv6 support<\/li>\r\n \t<li>DHCP<\/li>\r\n \t<li>PoE supported on WAN port (PD device)<\/li>\r\n \t<li>Secure encrypted certificate based connection (RSA)<\/li>\r\n \t<li>DHCP service on LAN port (optional)<\/li>\r\n \t<li>Built to perform in non-conditioned environments<\/li>\r\n \t<li>Supports RS-485 data transmission<\/li>\r\n<\/ul>","_et_gb_content_width":""},"pwb-brand":[206],"product_brand":[],"product_cat":[31,37],"product_tag":[162,161,159,158,160],"class_list":{"0":"post-6104","1":"product","2":"type-product","3":"status-publish","4":"has-post-thumbnail","6":"pwb-brand-kbc-networks","7":"product_cat-transmission-des-donnees","8":"product_cat-materiel-vpn-thrulink","9":"product_tag-4g","10":"product_tag-basculement-multiple","11":"product_tag-encription","12":"product_tag-vpn","13":"product_tag-wan","15":"first","16":"instock","17":"shipping-taxable","18":"product-type-simple"},"yoast_head":"<!-- This site is optimized with the Yoast SEO plugin v25.2 - https:\/\/yoast.com\/wordpress\/plugins\/seo\/ -->\n<title>VPN hardware ThruLink\u2122 Standard THLK-SC-BO-AG-xz - Bunker Seguridad<\/title>\n<meta name=\"description\" content=\"Le KBC ThruLink est un dispositif VPN hardware permet des communications s\u00e9curis\u00e9es sur tout r\u00e9seau TCP\/IP standard, public ou priv\u00e9.\" \/>\n<meta name=\"robots\" content=\"noindex, follow, max-snippet:-1, max-image-preview:large, max-video-preview:-1\" \/>\n<meta property=\"og:locale\" content=\"fr_FR\" \/>\n<meta property=\"og:type\" content=\"article\" \/>\n<meta property=\"og:title\" content=\"VPN hardware ThruLink\u2122 Standard THLK-SC-BO-AG-xz - Bunker Seguridad\" \/>\n<meta property=\"og:description\" content=\"Le KBC ThruLink est un dispositif VPN hardware permet des communications s\u00e9curis\u00e9es sur tout r\u00e9seau TCP\/IP standard, public ou priv\u00e9.\" \/>\n<meta property=\"og:url\" content=\"https:\/\/bunkerseguridad.es\/fr\/produit\/thrulink-standard-thlk-sc-bo-ag-xz\/\" \/>\n<meta property=\"og:site_name\" content=\"Bunker Seguridad\" \/>\n<meta property=\"article:modified_time\" content=\"2021-03-02T08:24:16+00:00\" \/>\n<meta property=\"og:image\" content=\"https:\/\/bunkerseguridad.es\/fr\/wp-content\/uploads\/2020\/09\/Hardware-Encrypted-VPN-Solution.png\" \/>\n\t<meta property=\"og:image:width\" content=\"1200\" \/>\n\t<meta property=\"og:image:height\" content=\"1200\" \/>\n\t<meta property=\"og:image:type\" content=\"image\/png\" \/>\n<meta name=\"twitter:card\" content=\"summary_large_image\" \/>\n<meta name=\"twitter:label1\" content=\"Dur\u00e9e de lecture estim\u00e9e\" \/>\n\t<meta name=\"twitter:data1\" content=\"2 minutes\" \/>\n<script type=\"application\/ld+json\" class=\"yoast-schema-graph\">{\"@context\":\"https:\/\/schema.org\",\"@graph\":[{\"@type\":\"WebPage\",\"@id\":\"https:\/\/bunkerseguridad.es\/fr\/produit\/thrulink-standard-thlk-sc-bo-ag-xz\/\",\"url\":\"https:\/\/bunkerseguridad.es\/fr\/produit\/thrulink-standard-thlk-sc-bo-ag-xz\/\",\"name\":\"VPN hardware ThruLink\u2122 Standard THLK-SC-BO-AG-xz - Bunker Seguridad\",\"isPartOf\":{\"@id\":\"https:\/\/bunkerseguridad.es\/fr\/#website\"},\"primaryImageOfPage\":{\"@id\":\"https:\/\/bunkerseguridad.es\/fr\/produit\/thrulink-standard-thlk-sc-bo-ag-xz\/#primaryimage\"},\"image\":{\"@id\":\"https:\/\/bunkerseguridad.es\/fr\/produit\/thrulink-standard-thlk-sc-bo-ag-xz\/#primaryimage\"},\"thumbnailUrl\":\"https:\/\/bunkerseguridad.es\/fr\/wp-content\/uploads\/2020\/09\/Hardware-Encrypted-VPN-Solution.png\",\"datePublished\":\"2020-12-22T10:42:15+00:00\",\"dateModified\":\"2021-03-02T08:24:16+00:00\",\"description\":\"Le KBC ThruLink est un dispositif VPN hardware permet des communications s\u00e9curis\u00e9es sur tout r\u00e9seau TCP\/IP standard, public ou priv\u00e9.\",\"breadcrumb\":{\"@id\":\"https:\/\/bunkerseguridad.es\/fr\/produit\/thrulink-standard-thlk-sc-bo-ag-xz\/#breadcrumb\"},\"inLanguage\":\"fr-FR\",\"potentialAction\":[{\"@type\":\"ReadAction\",\"target\":[\"https:\/\/bunkerseguridad.es\/fr\/produit\/thrulink-standard-thlk-sc-bo-ag-xz\/\"]}]},{\"@type\":\"ImageObject\",\"inLanguage\":\"fr-FR\",\"@id\":\"https:\/\/bunkerseguridad.es\/fr\/produit\/thrulink-standard-thlk-sc-bo-ag-xz\/#primaryimage\",\"url\":\"https:\/\/bunkerseguridad.es\/fr\/wp-content\/uploads\/2020\/09\/Hardware-Encrypted-VPN-Solution.png\",\"contentUrl\":\"https:\/\/bunkerseguridad.es\/fr\/wp-content\/uploads\/2020\/09\/Hardware-Encrypted-VPN-Solution.png\",\"width\":1200,\"height\":1200,\"caption\":\"THLK-SC-OO-AN-xz\"},{\"@type\":\"BreadcrumbList\",\"@id\":\"https:\/\/bunkerseguridad.es\/fr\/produit\/thrulink-standard-thlk-sc-bo-ag-xz\/#breadcrumb\",\"itemListElement\":[{\"@type\":\"ListItem\",\"position\":1,\"name\":\"Home\",\"item\":\"https:\/\/bunkerseguridad.es\/fr\/\"},{\"@type\":\"ListItem\",\"position\":2,\"name\":\"Shop\",\"item\":\"https:\/\/bunkerseguridad.es\/fr\/shop\/\"},{\"@type\":\"ListItem\",\"position\":3,\"name\":\"VPN hardware ThruLink\u2122 Standard THLK-SC-BO-AG-xz\"}]},{\"@type\":\"WebSite\",\"@id\":\"https:\/\/bunkerseguridad.es\/fr\/#website\",\"url\":\"https:\/\/bunkerseguridad.es\/fr\/\",\"name\":\"Bunker Seguridad\",\"description\":\"Otro sitio realizado con WordPress\",\"potentialAction\":[{\"@type\":\"SearchAction\",\"target\":{\"@type\":\"EntryPoint\",\"urlTemplate\":\"https:\/\/bunkerseguridad.es\/fr\/?s={search_term_string}\"},\"query-input\":{\"@type\":\"PropertyValueSpecification\",\"valueRequired\":true,\"valueName\":\"search_term_string\"}}],\"inLanguage\":\"fr-FR\"}]}<\/script>\n<!-- \/ Yoast SEO plugin. -->","yoast_head_json":{"title":"VPN hardware ThruLink\u2122 Standard THLK-SC-BO-AG-xz - Bunker Seguridad","description":"Le KBC ThruLink est un dispositif VPN hardware permet des communications s\u00e9curis\u00e9es sur tout r\u00e9seau TCP\/IP standard, public ou priv\u00e9.","robots":{"index":"noindex","follow":"follow","max-snippet":"max-snippet:-1","max-image-preview":"max-image-preview:large","max-video-preview":"max-video-preview:-1"},"og_locale":"fr_FR","og_type":"article","og_title":"VPN hardware ThruLink\u2122 Standard THLK-SC-BO-AG-xz - Bunker Seguridad","og_description":"Le KBC ThruLink est un dispositif VPN hardware permet des communications s\u00e9curis\u00e9es sur tout r\u00e9seau TCP\/IP standard, public ou priv\u00e9.","og_url":"https:\/\/bunkerseguridad.es\/fr\/produit\/thrulink-standard-thlk-sc-bo-ag-xz\/","og_site_name":"Bunker Seguridad","article_modified_time":"2021-03-02T08:24:16+00:00","og_image":[{"width":1200,"height":1200,"url":"https:\/\/bunkerseguridad.es\/fr\/wp-content\/uploads\/2020\/09\/Hardware-Encrypted-VPN-Solution.png","type":"image\/png"}],"twitter_card":"summary_large_image","twitter_misc":{"Dur\u00e9e de lecture estim\u00e9e":"2 minutes"},"schema":{"@context":"https:\/\/schema.org","@graph":[{"@type":"WebPage","@id":"https:\/\/bunkerseguridad.es\/fr\/produit\/thrulink-standard-thlk-sc-bo-ag-xz\/","url":"https:\/\/bunkerseguridad.es\/fr\/produit\/thrulink-standard-thlk-sc-bo-ag-xz\/","name":"VPN hardware ThruLink\u2122 Standard THLK-SC-BO-AG-xz - Bunker Seguridad","isPartOf":{"@id":"https:\/\/bunkerseguridad.es\/fr\/#website"},"primaryImageOfPage":{"@id":"https:\/\/bunkerseguridad.es\/fr\/produit\/thrulink-standard-thlk-sc-bo-ag-xz\/#primaryimage"},"image":{"@id":"https:\/\/bunkerseguridad.es\/fr\/produit\/thrulink-standard-thlk-sc-bo-ag-xz\/#primaryimage"},"thumbnailUrl":"https:\/\/bunkerseguridad.es\/fr\/wp-content\/uploads\/2020\/09\/Hardware-Encrypted-VPN-Solution.png","datePublished":"2020-12-22T10:42:15+00:00","dateModified":"2021-03-02T08:24:16+00:00","description":"Le KBC ThruLink est un dispositif VPN hardware permet des communications s\u00e9curis\u00e9es sur tout r\u00e9seau TCP\/IP standard, public ou priv\u00e9.","breadcrumb":{"@id":"https:\/\/bunkerseguridad.es\/fr\/produit\/thrulink-standard-thlk-sc-bo-ag-xz\/#breadcrumb"},"inLanguage":"fr-FR","potentialAction":[{"@type":"ReadAction","target":["https:\/\/bunkerseguridad.es\/fr\/produit\/thrulink-standard-thlk-sc-bo-ag-xz\/"]}]},{"@type":"ImageObject","inLanguage":"fr-FR","@id":"https:\/\/bunkerseguridad.es\/fr\/produit\/thrulink-standard-thlk-sc-bo-ag-xz\/#primaryimage","url":"https:\/\/bunkerseguridad.es\/fr\/wp-content\/uploads\/2020\/09\/Hardware-Encrypted-VPN-Solution.png","contentUrl":"https:\/\/bunkerseguridad.es\/fr\/wp-content\/uploads\/2020\/09\/Hardware-Encrypted-VPN-Solution.png","width":1200,"height":1200,"caption":"THLK-SC-OO-AN-xz"},{"@type":"BreadcrumbList","@id":"https:\/\/bunkerseguridad.es\/fr\/produit\/thrulink-standard-thlk-sc-bo-ag-xz\/#breadcrumb","itemListElement":[{"@type":"ListItem","position":1,"name":"Home","item":"https:\/\/bunkerseguridad.es\/fr\/"},{"@type":"ListItem","position":2,"name":"Shop","item":"https:\/\/bunkerseguridad.es\/fr\/shop\/"},{"@type":"ListItem","position":3,"name":"VPN hardware ThruLink\u2122 Standard THLK-SC-BO-AG-xz"}]},{"@type":"WebSite","@id":"https:\/\/bunkerseguridad.es\/fr\/#website","url":"https:\/\/bunkerseguridad.es\/fr\/","name":"Bunker Seguridad","description":"Otro sitio realizado con WordPress","potentialAction":[{"@type":"SearchAction","target":{"@type":"EntryPoint","urlTemplate":"https:\/\/bunkerseguridad.es\/fr\/?s={search_term_string}"},"query-input":{"@type":"PropertyValueSpecification","valueRequired":true,"valueName":"search_term_string"}}],"inLanguage":"fr-FR"}]}},"brands":[{"id":206,"name":"KBC Networks","slug":"kbc-networks"}],"_links":{"self":[{"href":"https:\/\/bunkerseguridad.es\/fr\/wp-json\/wp\/v2\/product\/6104","targetHints":{"allow":["GET"]}}],"collection":[{"href":"https:\/\/bunkerseguridad.es\/fr\/wp-json\/wp\/v2\/product"}],"about":[{"href":"https:\/\/bunkerseguridad.es\/fr\/wp-json\/wp\/v2\/types\/product"}],"wp:featuredmedia":[{"embeddable":true,"href":"https:\/\/bunkerseguridad.es\/fr\/wp-json\/wp\/v2\/media\/982"}],"wp:attachment":[{"href":"https:\/\/bunkerseguridad.es\/fr\/wp-json\/wp\/v2\/media?parent=6104"}],"wp:term":[{"taxonomy":"pwb-brand","embeddable":true,"href":"https:\/\/bunkerseguridad.es\/fr\/wp-json\/wp\/v2\/pwb-brand?post=6104"},{"taxonomy":"product_brand","embeddable":true,"href":"https:\/\/bunkerseguridad.es\/fr\/wp-json\/wp\/v2\/product_brand?post=6104"},{"taxonomy":"product_cat","embeddable":true,"href":"https:\/\/bunkerseguridad.es\/fr\/wp-json\/wp\/v2\/product_cat?post=6104"},{"taxonomy":"product_tag","embeddable":true,"href":"https:\/\/bunkerseguridad.es\/fr\/wp-json\/wp\/v2\/product_tag?post=6104"}],"curies":[{"name":"wp","href":"https:\/\/api.w.org\/{rel}","templated":true}]}}