{"id":6118,"date":"2020-12-22T11:16:44","date_gmt":"2020-12-22T11:16:44","guid":{"rendered":"http:\/\/www.bunkerseguridad.es\/en\/?post_type=product&#038;p=6118"},"modified":"2021-03-02T08:38:38","modified_gmt":"2021-03-02T08:38:38","slug":"thrulink-high-capacity-thlk-h3-rz","status":"publish","type":"product","link":"https:\/\/bunkerseguridad.es\/fr\/produit\/thrulink-high-capacity-thlk-h3-rz\/","title":{"rendered":"VPN hardware ThruLink\u2122 Haute capacit\u00e9 THLK-H3-Rz"},"content":{"rendered":"<p><strong>ThruLink\u2122 Haute capacit\u00e9,<\/strong> 100Mbps, 1 x LAN, 1 x WAN, firmware TL2, montage en rack 1RU.<\/p>\n<p>ThruLink est un dispositif VPN hardware qui permet d&rsquo;\u00e9tablir des communications s\u00e9curis\u00e9es sur tout r\u00e9seau TCP\/IP standard, public ou priv\u00e9. ThruLink fonctionne derri\u00e8re des pare-feu, des dispositifs NAT et \u00e0 travers presque tout autre type de configuration de r\u00e9seau et offre une communication crypt\u00e9e pour tous les protocoles IP, quel que soit le type de trafic. Lorsqu&rsquo;il est d\u00e9ploy\u00e9, ThruLink fournit un tunnel s\u00e9curis\u00e9 et crypt\u00e9 pour les communications r\u00e9seau qui n&rsquo;affecteront pas les informations TTL, UPnP, VLAN, la diffusion, le multicast ou tout autre trafic. En plus des applications en \u00e9toile, ThruLink prend en charge les r\u00e9seaux maill\u00e9s permettant une connexion directe sans avoir besoin d&rsquo;une authentification du serveur central.<\/p>\n<p><strong>Caract\u00e9ristiques:<\/strong><\/p>\n<ul>\n<li>Communication s\u00e9curis\u00e9e et crypt\u00e9e via un tunnel<\/li>\n<li>Serveur de type rack<\/li>\n<li>Interface graphique facile \u00e0 utiliser<\/li>\n<li>\u00c9limine la n\u00e9cessit\u00e9 de modifier le r\u00e9seau<\/li>\n<li>Fonctionnalit\u00e9 de basculement<\/li>\n<li>Outils de diagnostic : surveillance du trafic r\u00e9seau, traceroute de base et fonction ping<\/li>\n<li>DDNS, DHCP, SNMPv3<\/li>\n<\/ul>\n<p>&nbsp;<\/p>\n","protected":false},"excerpt":{"rendered":"<p><strong>VPN hardware ThruLink\u2122 High Capacity THLK-H3-Rz, 100Mbps<\/strong>, 1 x LAN, 1 x WAN, TL2 firmware, montage en rack 1RU.<\/p>\n","protected":false},"featured_media":6123,"template":"","meta":{"_et_pb_use_builder":"","_et_pb_old_content":"","_et_gb_content_width":""},"pwb-brand":[206],"product_brand":[],"product_cat":[31,37],"product_tag":[162,161,159,158,160],"class_list":{"0":"post-6118","1":"product","2":"type-product","3":"status-publish","4":"has-post-thumbnail","6":"pwb-brand-kbc-networks","7":"product_cat-transmission-des-donnees","8":"product_cat-materiel-vpn-thrulink","9":"product_tag-4g","10":"product_tag-basculement-multiple","11":"product_tag-encription","12":"product_tag-vpn","13":"product_tag-wan","15":"first","16":"instock","17":"shipping-taxable","18":"product-type-simple"},"yoast_head":"<!-- This site is optimized with the Yoast SEO plugin v25.2 - https:\/\/yoast.com\/wordpress\/plugins\/seo\/ -->\n<title>VPN hardware ThruLink\u2122 Haute capacit\u00e9 THLK-H3-Rz - Bunker Seguridad<\/title>\n<meta name=\"description\" content=\"ThruLink dispositif VPN hardware qui permet des communications s\u00e9curis\u00e9es sur n&#039;importe quel r\u00e9seau TCP\/IP standard, public ou priv\u00e9.\" \/>\n<meta name=\"robots\" content=\"noindex, follow, max-snippet:-1, max-image-preview:large, max-video-preview:-1\" \/>\n<meta property=\"og:locale\" content=\"fr_FR\" \/>\n<meta property=\"og:type\" content=\"article\" \/>\n<meta property=\"og:title\" content=\"VPN hardware ThruLink\u2122 Haute capacit\u00e9 THLK-H3-Rz - Bunker Seguridad\" \/>\n<meta property=\"og:description\" content=\"ThruLink dispositif VPN hardware qui permet des communications s\u00e9curis\u00e9es sur n&#039;importe quel r\u00e9seau TCP\/IP standard, public ou priv\u00e9.\" \/>\n<meta property=\"og:url\" content=\"https:\/\/bunkerseguridad.es\/fr\/produit\/thrulink-high-capacity-thlk-h3-rz\/\" \/>\n<meta property=\"og:site_name\" content=\"Bunker Seguridad\" \/>\n<meta property=\"article:modified_time\" content=\"2021-03-02T08:38:38+00:00\" \/>\n<meta property=\"og:image\" content=\"https:\/\/bunkerseguridad.es\/fr\/wp-content\/uploads\/2020\/12\/Thrulink-THLK-H3-H4-RZ-High-capacity-100-200-mbps.png\" \/>\n\t<meta property=\"og:image:width\" content=\"1200\" \/>\n\t<meta property=\"og:image:height\" content=\"1200\" \/>\n\t<meta property=\"og:image:type\" content=\"image\/png\" \/>\n<meta name=\"twitter:card\" content=\"summary_large_image\" \/>\n<meta name=\"twitter:label1\" content=\"Dur\u00e9e de lecture estim\u00e9e\" \/>\n\t<meta name=\"twitter:data1\" content=\"1 minute\" \/>\n<script type=\"application\/ld+json\" class=\"yoast-schema-graph\">{\"@context\":\"https:\/\/schema.org\",\"@graph\":[{\"@type\":\"WebPage\",\"@id\":\"https:\/\/bunkerseguridad.es\/fr\/produit\/thrulink-high-capacity-thlk-h3-rz\/\",\"url\":\"https:\/\/bunkerseguridad.es\/fr\/produit\/thrulink-high-capacity-thlk-h3-rz\/\",\"name\":\"VPN hardware ThruLink\u2122 Haute capacit\u00e9 THLK-H3-Rz - Bunker Seguridad\",\"isPartOf\":{\"@id\":\"https:\/\/bunkerseguridad.es\/fr\/#website\"},\"primaryImageOfPage\":{\"@id\":\"https:\/\/bunkerseguridad.es\/fr\/produit\/thrulink-high-capacity-thlk-h3-rz\/#primaryimage\"},\"image\":{\"@id\":\"https:\/\/bunkerseguridad.es\/fr\/produit\/thrulink-high-capacity-thlk-h3-rz\/#primaryimage\"},\"thumbnailUrl\":\"https:\/\/bunkerseguridad.es\/fr\/wp-content\/uploads\/2020\/12\/Thrulink-THLK-H3-H4-RZ-High-capacity-100-200-mbps.png\",\"datePublished\":\"2020-12-22T11:16:44+00:00\",\"dateModified\":\"2021-03-02T08:38:38+00:00\",\"description\":\"ThruLink dispositif VPN hardware qui permet des communications s\u00e9curis\u00e9es sur n'importe quel r\u00e9seau TCP\/IP standard, public ou priv\u00e9.\",\"breadcrumb\":{\"@id\":\"https:\/\/bunkerseguridad.es\/fr\/produit\/thrulink-high-capacity-thlk-h3-rz\/#breadcrumb\"},\"inLanguage\":\"fr-FR\",\"potentialAction\":[{\"@type\":\"ReadAction\",\"target\":[\"https:\/\/bunkerseguridad.es\/fr\/produit\/thrulink-high-capacity-thlk-h3-rz\/\"]}]},{\"@type\":\"ImageObject\",\"inLanguage\":\"fr-FR\",\"@id\":\"https:\/\/bunkerseguridad.es\/fr\/produit\/thrulink-high-capacity-thlk-h3-rz\/#primaryimage\",\"url\":\"https:\/\/bunkerseguridad.es\/fr\/wp-content\/uploads\/2020\/12\/Thrulink-THLK-H3-H4-RZ-High-capacity-100-200-mbps.png\",\"contentUrl\":\"https:\/\/bunkerseguridad.es\/fr\/wp-content\/uploads\/2020\/12\/Thrulink-THLK-H3-H4-RZ-High-capacity-100-200-mbps.png\",\"width\":1200,\"height\":1200},{\"@type\":\"BreadcrumbList\",\"@id\":\"https:\/\/bunkerseguridad.es\/fr\/produit\/thrulink-high-capacity-thlk-h3-rz\/#breadcrumb\",\"itemListElement\":[{\"@type\":\"ListItem\",\"position\":1,\"name\":\"Home\",\"item\":\"https:\/\/bunkerseguridad.es\/fr\/\"},{\"@type\":\"ListItem\",\"position\":2,\"name\":\"Shop\",\"item\":\"https:\/\/bunkerseguridad.es\/fr\/shop\/\"},{\"@type\":\"ListItem\",\"position\":3,\"name\":\"VPN hardware ThruLink\u2122 Haute capacit\u00e9 THLK-H3-Rz\"}]},{\"@type\":\"WebSite\",\"@id\":\"https:\/\/bunkerseguridad.es\/fr\/#website\",\"url\":\"https:\/\/bunkerseguridad.es\/fr\/\",\"name\":\"Bunker Seguridad\",\"description\":\"Otro sitio realizado con WordPress\",\"potentialAction\":[{\"@type\":\"SearchAction\",\"target\":{\"@type\":\"EntryPoint\",\"urlTemplate\":\"https:\/\/bunkerseguridad.es\/fr\/?s={search_term_string}\"},\"query-input\":{\"@type\":\"PropertyValueSpecification\",\"valueRequired\":true,\"valueName\":\"search_term_string\"}}],\"inLanguage\":\"fr-FR\"}]}<\/script>\n<!-- \/ Yoast SEO plugin. -->","yoast_head_json":{"title":"VPN hardware ThruLink\u2122 Haute capacit\u00e9 THLK-H3-Rz - Bunker Seguridad","description":"ThruLink dispositif VPN hardware qui permet des communications s\u00e9curis\u00e9es sur n'importe quel r\u00e9seau TCP\/IP standard, public ou priv\u00e9.","robots":{"index":"noindex","follow":"follow","max-snippet":"max-snippet:-1","max-image-preview":"max-image-preview:large","max-video-preview":"max-video-preview:-1"},"og_locale":"fr_FR","og_type":"article","og_title":"VPN hardware ThruLink\u2122 Haute capacit\u00e9 THLK-H3-Rz - Bunker Seguridad","og_description":"ThruLink dispositif VPN hardware qui permet des communications s\u00e9curis\u00e9es sur n'importe quel r\u00e9seau TCP\/IP standard, public ou priv\u00e9.","og_url":"https:\/\/bunkerseguridad.es\/fr\/produit\/thrulink-high-capacity-thlk-h3-rz\/","og_site_name":"Bunker Seguridad","article_modified_time":"2021-03-02T08:38:38+00:00","og_image":[{"width":1200,"height":1200,"url":"https:\/\/bunkerseguridad.es\/fr\/wp-content\/uploads\/2020\/12\/Thrulink-THLK-H3-H4-RZ-High-capacity-100-200-mbps.png","type":"image\/png"}],"twitter_card":"summary_large_image","twitter_misc":{"Dur\u00e9e de lecture estim\u00e9e":"1 minute"},"schema":{"@context":"https:\/\/schema.org","@graph":[{"@type":"WebPage","@id":"https:\/\/bunkerseguridad.es\/fr\/produit\/thrulink-high-capacity-thlk-h3-rz\/","url":"https:\/\/bunkerseguridad.es\/fr\/produit\/thrulink-high-capacity-thlk-h3-rz\/","name":"VPN hardware ThruLink\u2122 Haute capacit\u00e9 THLK-H3-Rz - Bunker Seguridad","isPartOf":{"@id":"https:\/\/bunkerseguridad.es\/fr\/#website"},"primaryImageOfPage":{"@id":"https:\/\/bunkerseguridad.es\/fr\/produit\/thrulink-high-capacity-thlk-h3-rz\/#primaryimage"},"image":{"@id":"https:\/\/bunkerseguridad.es\/fr\/produit\/thrulink-high-capacity-thlk-h3-rz\/#primaryimage"},"thumbnailUrl":"https:\/\/bunkerseguridad.es\/fr\/wp-content\/uploads\/2020\/12\/Thrulink-THLK-H3-H4-RZ-High-capacity-100-200-mbps.png","datePublished":"2020-12-22T11:16:44+00:00","dateModified":"2021-03-02T08:38:38+00:00","description":"ThruLink dispositif VPN hardware qui permet des communications s\u00e9curis\u00e9es sur n'importe quel r\u00e9seau TCP\/IP standard, public ou priv\u00e9.","breadcrumb":{"@id":"https:\/\/bunkerseguridad.es\/fr\/produit\/thrulink-high-capacity-thlk-h3-rz\/#breadcrumb"},"inLanguage":"fr-FR","potentialAction":[{"@type":"ReadAction","target":["https:\/\/bunkerseguridad.es\/fr\/produit\/thrulink-high-capacity-thlk-h3-rz\/"]}]},{"@type":"ImageObject","inLanguage":"fr-FR","@id":"https:\/\/bunkerseguridad.es\/fr\/produit\/thrulink-high-capacity-thlk-h3-rz\/#primaryimage","url":"https:\/\/bunkerseguridad.es\/fr\/wp-content\/uploads\/2020\/12\/Thrulink-THLK-H3-H4-RZ-High-capacity-100-200-mbps.png","contentUrl":"https:\/\/bunkerseguridad.es\/fr\/wp-content\/uploads\/2020\/12\/Thrulink-THLK-H3-H4-RZ-High-capacity-100-200-mbps.png","width":1200,"height":1200},{"@type":"BreadcrumbList","@id":"https:\/\/bunkerseguridad.es\/fr\/produit\/thrulink-high-capacity-thlk-h3-rz\/#breadcrumb","itemListElement":[{"@type":"ListItem","position":1,"name":"Home","item":"https:\/\/bunkerseguridad.es\/fr\/"},{"@type":"ListItem","position":2,"name":"Shop","item":"https:\/\/bunkerseguridad.es\/fr\/shop\/"},{"@type":"ListItem","position":3,"name":"VPN hardware ThruLink\u2122 Haute capacit\u00e9 THLK-H3-Rz"}]},{"@type":"WebSite","@id":"https:\/\/bunkerseguridad.es\/fr\/#website","url":"https:\/\/bunkerseguridad.es\/fr\/","name":"Bunker Seguridad","description":"Otro sitio realizado con WordPress","potentialAction":[{"@type":"SearchAction","target":{"@type":"EntryPoint","urlTemplate":"https:\/\/bunkerseguridad.es\/fr\/?s={search_term_string}"},"query-input":{"@type":"PropertyValueSpecification","valueRequired":true,"valueName":"search_term_string"}}],"inLanguage":"fr-FR"}]}},"brands":[{"id":206,"name":"KBC Networks","slug":"kbc-networks"}],"_links":{"self":[{"href":"https:\/\/bunkerseguridad.es\/fr\/wp-json\/wp\/v2\/product\/6118","targetHints":{"allow":["GET"]}}],"collection":[{"href":"https:\/\/bunkerseguridad.es\/fr\/wp-json\/wp\/v2\/product"}],"about":[{"href":"https:\/\/bunkerseguridad.es\/fr\/wp-json\/wp\/v2\/types\/product"}],"wp:featuredmedia":[{"embeddable":true,"href":"https:\/\/bunkerseguridad.es\/fr\/wp-json\/wp\/v2\/media\/6123"}],"wp:attachment":[{"href":"https:\/\/bunkerseguridad.es\/fr\/wp-json\/wp\/v2\/media?parent=6118"}],"wp:term":[{"taxonomy":"pwb-brand","embeddable":true,"href":"https:\/\/bunkerseguridad.es\/fr\/wp-json\/wp\/v2\/pwb-brand?post=6118"},{"taxonomy":"product_brand","embeddable":true,"href":"https:\/\/bunkerseguridad.es\/fr\/wp-json\/wp\/v2\/product_brand?post=6118"},{"taxonomy":"product_cat","embeddable":true,"href":"https:\/\/bunkerseguridad.es\/fr\/wp-json\/wp\/v2\/product_cat?post=6118"},{"taxonomy":"product_tag","embeddable":true,"href":"https:\/\/bunkerseguridad.es\/fr\/wp-json\/wp\/v2\/product_tag?post=6118"}],"curies":[{"name":"wp","href":"https:\/\/api.w.org\/{rel}","templated":true}]}}