{"id":6166,"date":"2020-12-23T11:45:16","date_gmt":"2020-12-23T11:45:16","guid":{"rendered":"http:\/\/www.bunkerseguridad.es\/en\/?post_type=product&#038;p=6166"},"modified":"2021-02-16T10:34:04","modified_gmt":"2021-02-16T10:34:04","slug":"modules-sfp-gs2-ad-kbc","status":"publish","type":"product","link":"https:\/\/bunkerseguridad.es\/fr\/produit\/modules-sfp-gs2-ad-kbc\/","title":{"rendered":"Modules SFP-GS2-AD KBC"},"content":{"rendered":"<p>Module SFP optique avec DDM. 1 Gbps, 2 fibres monomodes, 1310 nm, budget optique 11 dB, plage 0 ~ 20 km, connecteur LC duplex.<\/p>\n<p>La gamme de modules KBC SFP offre une v\u00e9ritable flexibilit\u00e9 \u00e0 la gamme KBC de convertisseurs de m\u00e9dia et de commutateurs Ethernet. Les modules optiques incluent la surveillance de diagnostic num\u00e9rique (DDM) Les SFP KBC sont compatibles avec toute la gamme de commutateurs et de convertisseurs de m\u00e9dia KBC.<\/p>\n<p>Si vous avez besoin d&rsquo;un SFP avec d&rsquo;autres fonctionnalit\u00e9s que vous ne trouvez pas sur notre site, veuillez nous consulter, nous en avons plus que celles list\u00e9es ici.<\/p>\n<p><strong>Caract\u00e9ristiques:<\/strong><\/p>\n<ul>\n<li>10,100,1000 et 10000 options disponibles<\/li>\n<li>Distances de 100 m \u00e0 80 km<\/li>\n<li>Options multimode ou monomode simple et duplex<\/li>\n<li>Options LC, SC et RJ45<\/li>\n<li>IEEE &#8211; 100 \/ 1000BASE-T \/ SX \/ LX \/ XD \/ ZX \/ FX et 10GBase-FX<\/li>\n<li>Temp\u00e9rature durcie -40 \u00b0 C ~ + 74 \u00b0 C<\/li>\n<\/ul>\n","protected":false},"excerpt":{"rendered":"<p>Optical SFP module with DDM. 1 Gbps, 2 single-mode fibers, 1310nm, 11dB optical budget, 0 ~ 20km range, LC duplex connector.<\/p>\n","protected":false},"featured_media":6157,"template":"","meta":{"_et_pb_use_builder":"","_et_pb_old_content":"","_et_gb_content_width":""},"pwb-brand":[206],"product_brand":[],"product_cat":[31,39],"product_tag":[168,154,171],"class_list":{"0":"post-6166","1":"product","2":"type-product","3":"status-publish","4":"has-post-thumbnail","6":"pwb-brand-kbc-networks","7":"product_cat-transmission-des-donnees","8":"product_cat-modules-sfp","9":"product_tag-1000mbps","10":"product_tag-fibre-multimode","11":"product_tag-lc-connecteur","13":"first","14":"instock","15":"shipping-taxable","16":"product-type-simple"},"yoast_head":"<!-- This site is optimized with the Yoast SEO plugin v25.2 - https:\/\/yoast.com\/wordpress\/plugins\/seo\/ -->\n<title>Modules SFP-GS2-AD KBC - Bunker Seguridad<\/title>\n<meta name=\"description\" content=\"Modules KBC SFP offre une v\u00e9ritable flexibilit\u00e9 \u00e0 la gamme KBC de convertisseurs de m\u00e9dia et de commutateurs Ethernet. SFP-GS2-AD\" \/>\n<meta name=\"robots\" content=\"noindex, follow, max-snippet:-1, max-image-preview:large, max-video-preview:-1\" \/>\n<meta property=\"og:locale\" content=\"fr_FR\" \/>\n<meta property=\"og:type\" content=\"article\" \/>\n<meta property=\"og:title\" content=\"Modules SFP-GS2-AD KBC - Bunker Seguridad\" \/>\n<meta property=\"og:description\" content=\"Modules KBC SFP offre une v\u00e9ritable flexibilit\u00e9 \u00e0 la gamme KBC de convertisseurs de m\u00e9dia et de commutateurs Ethernet. SFP-GS2-AD\" \/>\n<meta property=\"og:url\" content=\"https:\/\/bunkerseguridad.es\/fr\/produit\/modules-sfp-gs2-ad-kbc\/\" \/>\n<meta property=\"og:site_name\" content=\"Bunker Seguridad\" \/>\n<meta property=\"article:modified_time\" content=\"2021-02-16T10:34:04+00:00\" \/>\n<meta property=\"og:image\" content=\"https:\/\/bunkerseguridad.es\/fr\/wp-content\/uploads\/2020\/12\/SFP-Modules-1.png\" \/>\n\t<meta property=\"og:image:width\" content=\"1200\" \/>\n\t<meta property=\"og:image:height\" content=\"1200\" \/>\n\t<meta property=\"og:image:type\" content=\"image\/png\" \/>\n<meta name=\"twitter:card\" content=\"summary_large_image\" \/>\n<meta name=\"twitter:label1\" content=\"Dur\u00e9e de lecture estim\u00e9e\" \/>\n\t<meta name=\"twitter:data1\" content=\"1 minute\" \/>\n<script type=\"application\/ld+json\" class=\"yoast-schema-graph\">{\"@context\":\"https:\/\/schema.org\",\"@graph\":[{\"@type\":\"WebPage\",\"@id\":\"https:\/\/bunkerseguridad.es\/fr\/produit\/modules-sfp-gs2-ad-kbc\/\",\"url\":\"https:\/\/bunkerseguridad.es\/fr\/produit\/modules-sfp-gs2-ad-kbc\/\",\"name\":\"Modules SFP-GS2-AD KBC - Bunker Seguridad\",\"isPartOf\":{\"@id\":\"https:\/\/bunkerseguridad.es\/fr\/#website\"},\"primaryImageOfPage\":{\"@id\":\"https:\/\/bunkerseguridad.es\/fr\/produit\/modules-sfp-gs2-ad-kbc\/#primaryimage\"},\"image\":{\"@id\":\"https:\/\/bunkerseguridad.es\/fr\/produit\/modules-sfp-gs2-ad-kbc\/#primaryimage\"},\"thumbnailUrl\":\"https:\/\/bunkerseguridad.es\/fr\/wp-content\/uploads\/2020\/12\/SFP-Modules-1.png\",\"datePublished\":\"2020-12-23T11:45:16+00:00\",\"dateModified\":\"2021-02-16T10:34:04+00:00\",\"description\":\"Modules KBC SFP offre une v\u00e9ritable flexibilit\u00e9 \u00e0 la gamme KBC de convertisseurs de m\u00e9dia et de commutateurs Ethernet. SFP-GS2-AD\",\"breadcrumb\":{\"@id\":\"https:\/\/bunkerseguridad.es\/fr\/produit\/modules-sfp-gs2-ad-kbc\/#breadcrumb\"},\"inLanguage\":\"fr-FR\",\"potentialAction\":[{\"@type\":\"ReadAction\",\"target\":[\"https:\/\/bunkerseguridad.es\/fr\/produit\/modules-sfp-gs2-ad-kbc\/\"]}]},{\"@type\":\"ImageObject\",\"inLanguage\":\"fr-FR\",\"@id\":\"https:\/\/bunkerseguridad.es\/fr\/produit\/modules-sfp-gs2-ad-kbc\/#primaryimage\",\"url\":\"https:\/\/bunkerseguridad.es\/fr\/wp-content\/uploads\/2020\/12\/SFP-Modules-1.png\",\"contentUrl\":\"https:\/\/bunkerseguridad.es\/fr\/wp-content\/uploads\/2020\/12\/SFP-Modules-1.png\",\"width\":1200,\"height\":1200},{\"@type\":\"BreadcrumbList\",\"@id\":\"https:\/\/bunkerseguridad.es\/fr\/produit\/modules-sfp-gs2-ad-kbc\/#breadcrumb\",\"itemListElement\":[{\"@type\":\"ListItem\",\"position\":1,\"name\":\"Home\",\"item\":\"https:\/\/bunkerseguridad.es\/fr\/\"},{\"@type\":\"ListItem\",\"position\":2,\"name\":\"Shop\",\"item\":\"https:\/\/bunkerseguridad.es\/fr\/shop\/\"},{\"@type\":\"ListItem\",\"position\":3,\"name\":\"Modules SFP-GS2-AD KBC\"}]},{\"@type\":\"WebSite\",\"@id\":\"https:\/\/bunkerseguridad.es\/fr\/#website\",\"url\":\"https:\/\/bunkerseguridad.es\/fr\/\",\"name\":\"Bunker Seguridad\",\"description\":\"Otro sitio realizado con WordPress\",\"potentialAction\":[{\"@type\":\"SearchAction\",\"target\":{\"@type\":\"EntryPoint\",\"urlTemplate\":\"https:\/\/bunkerseguridad.es\/fr\/?s={search_term_string}\"},\"query-input\":{\"@type\":\"PropertyValueSpecification\",\"valueRequired\":true,\"valueName\":\"search_term_string\"}}],\"inLanguage\":\"fr-FR\"}]}<\/script>\n<!-- \/ Yoast SEO plugin. -->","yoast_head_json":{"title":"Modules SFP-GS2-AD KBC - Bunker Seguridad","description":"Modules KBC SFP offre une v\u00e9ritable flexibilit\u00e9 \u00e0 la gamme KBC de convertisseurs de m\u00e9dia et de commutateurs Ethernet. SFP-GS2-AD","robots":{"index":"noindex","follow":"follow","max-snippet":"max-snippet:-1","max-image-preview":"max-image-preview:large","max-video-preview":"max-video-preview:-1"},"og_locale":"fr_FR","og_type":"article","og_title":"Modules SFP-GS2-AD KBC - Bunker Seguridad","og_description":"Modules KBC SFP offre une v\u00e9ritable flexibilit\u00e9 \u00e0 la gamme KBC de convertisseurs de m\u00e9dia et de commutateurs Ethernet. SFP-GS2-AD","og_url":"https:\/\/bunkerseguridad.es\/fr\/produit\/modules-sfp-gs2-ad-kbc\/","og_site_name":"Bunker Seguridad","article_modified_time":"2021-02-16T10:34:04+00:00","og_image":[{"width":1200,"height":1200,"url":"https:\/\/bunkerseguridad.es\/fr\/wp-content\/uploads\/2020\/12\/SFP-Modules-1.png","type":"image\/png"}],"twitter_card":"summary_large_image","twitter_misc":{"Dur\u00e9e de lecture estim\u00e9e":"1 minute"},"schema":{"@context":"https:\/\/schema.org","@graph":[{"@type":"WebPage","@id":"https:\/\/bunkerseguridad.es\/fr\/produit\/modules-sfp-gs2-ad-kbc\/","url":"https:\/\/bunkerseguridad.es\/fr\/produit\/modules-sfp-gs2-ad-kbc\/","name":"Modules SFP-GS2-AD KBC - Bunker Seguridad","isPartOf":{"@id":"https:\/\/bunkerseguridad.es\/fr\/#website"},"primaryImageOfPage":{"@id":"https:\/\/bunkerseguridad.es\/fr\/produit\/modules-sfp-gs2-ad-kbc\/#primaryimage"},"image":{"@id":"https:\/\/bunkerseguridad.es\/fr\/produit\/modules-sfp-gs2-ad-kbc\/#primaryimage"},"thumbnailUrl":"https:\/\/bunkerseguridad.es\/fr\/wp-content\/uploads\/2020\/12\/SFP-Modules-1.png","datePublished":"2020-12-23T11:45:16+00:00","dateModified":"2021-02-16T10:34:04+00:00","description":"Modules KBC SFP offre une v\u00e9ritable flexibilit\u00e9 \u00e0 la gamme KBC de convertisseurs de m\u00e9dia et de commutateurs Ethernet. SFP-GS2-AD","breadcrumb":{"@id":"https:\/\/bunkerseguridad.es\/fr\/produit\/modules-sfp-gs2-ad-kbc\/#breadcrumb"},"inLanguage":"fr-FR","potentialAction":[{"@type":"ReadAction","target":["https:\/\/bunkerseguridad.es\/fr\/produit\/modules-sfp-gs2-ad-kbc\/"]}]},{"@type":"ImageObject","inLanguage":"fr-FR","@id":"https:\/\/bunkerseguridad.es\/fr\/produit\/modules-sfp-gs2-ad-kbc\/#primaryimage","url":"https:\/\/bunkerseguridad.es\/fr\/wp-content\/uploads\/2020\/12\/SFP-Modules-1.png","contentUrl":"https:\/\/bunkerseguridad.es\/fr\/wp-content\/uploads\/2020\/12\/SFP-Modules-1.png","width":1200,"height":1200},{"@type":"BreadcrumbList","@id":"https:\/\/bunkerseguridad.es\/fr\/produit\/modules-sfp-gs2-ad-kbc\/#breadcrumb","itemListElement":[{"@type":"ListItem","position":1,"name":"Home","item":"https:\/\/bunkerseguridad.es\/fr\/"},{"@type":"ListItem","position":2,"name":"Shop","item":"https:\/\/bunkerseguridad.es\/fr\/shop\/"},{"@type":"ListItem","position":3,"name":"Modules SFP-GS2-AD KBC"}]},{"@type":"WebSite","@id":"https:\/\/bunkerseguridad.es\/fr\/#website","url":"https:\/\/bunkerseguridad.es\/fr\/","name":"Bunker Seguridad","description":"Otro sitio realizado con WordPress","potentialAction":[{"@type":"SearchAction","target":{"@type":"EntryPoint","urlTemplate":"https:\/\/bunkerseguridad.es\/fr\/?s={search_term_string}"},"query-input":{"@type":"PropertyValueSpecification","valueRequired":true,"valueName":"search_term_string"}}],"inLanguage":"fr-FR"}]}},"brands":[{"id":206,"name":"KBC Networks","slug":"kbc-networks"}],"_links":{"self":[{"href":"https:\/\/bunkerseguridad.es\/fr\/wp-json\/wp\/v2\/product\/6166","targetHints":{"allow":["GET"]}}],"collection":[{"href":"https:\/\/bunkerseguridad.es\/fr\/wp-json\/wp\/v2\/product"}],"about":[{"href":"https:\/\/bunkerseguridad.es\/fr\/wp-json\/wp\/v2\/types\/product"}],"wp:featuredmedia":[{"embeddable":true,"href":"https:\/\/bunkerseguridad.es\/fr\/wp-json\/wp\/v2\/media\/6157"}],"wp:attachment":[{"href":"https:\/\/bunkerseguridad.es\/fr\/wp-json\/wp\/v2\/media?parent=6166"}],"wp:term":[{"taxonomy":"pwb-brand","embeddable":true,"href":"https:\/\/bunkerseguridad.es\/fr\/wp-json\/wp\/v2\/pwb-brand?post=6166"},{"taxonomy":"product_brand","embeddable":true,"href":"https:\/\/bunkerseguridad.es\/fr\/wp-json\/wp\/v2\/product_brand?post=6166"},{"taxonomy":"product_cat","embeddable":true,"href":"https:\/\/bunkerseguridad.es\/fr\/wp-json\/wp\/v2\/product_cat?post=6166"},{"taxonomy":"product_tag","embeddable":true,"href":"https:\/\/bunkerseguridad.es\/fr\/wp-json\/wp\/v2\/product_tag?post=6166"}],"curies":[{"name":"wp","href":"https:\/\/api.w.org\/{rel}","templated":true}]}}