{"id":6299,"date":"2020-12-24T11:31:49","date_gmt":"2020-12-24T11:31:49","guid":{"rendered":"http:\/\/www.bunkerseguridad.es\/en\/?post_type=product&#038;p=6299"},"modified":"2021-02-17T08:19:31","modified_gmt":"2021-02-17T08:19:31","slug":"ndr-240-48-kbc-rail-pour-le-switch-poe","status":"publish","type":"product","link":"https:\/\/bunkerseguridad.es\/fr\/produit\/ndr-240-48-kbc-rail-pour-le-switch-poe\/","title":{"rendered":"NDR-240-48 KBC rail pour le switch PoE"},"content":{"rendered":"<p>240W DIN alimentation \u00e9lectrique du rail pour le switch PoE. 48~55VDC out, -20\u00b0C \u00e0 +70\u00b0C (-4\u00b0F \u00e0 158\u00b0F) plage de temp\u00e9rature de fonctionnement.<\/p>\n<p><strong>Caract\u00e9ristiques:<\/strong><\/p>\n<ul>\n<li>Protection contre les courts-circuits, les surcharges, les surtensions et les surchauffes<\/li>\n<li>Refroidissement par convection d&rsquo;air libre<\/li>\n<li>Installation sur rail DIN TS-35 \/ 7.5 ou 15<\/li>\n<li>\u00c9quipement de contr\u00f4le industriel approuv\u00e9 UL508<\/li>\n<li>Test de rodage \u00e0 100% \u00e0 pleine charge<\/li>\n<li>Garantie de 3 ans<\/li>\n<\/ul>\n","protected":false},"excerpt":{"rendered":"<p>Alimentation sur rail DIN 240W pour commutateur PoE. 48 ~ 55VDC sortie, -20 \u00b0 C \u00e0 + 70 \u00b0 C (-4 \u00b0 F \u00e0 158 \u00b0 F) plage de temp\u00e9ratures de fonctionnement.<\/p>\n","protected":false},"featured_media":6301,"template":"","meta":{"_et_pb_use_builder":"","_et_pb_old_content":"","_et_gb_content_width":""},"pwb-brand":[206],"product_brand":[],"product_cat":[31,32],"product_tag":[210,193,146],"class_list":{"0":"post-6299","1":"product","2":"type-product","3":"status-publish","4":"has-post-thumbnail","6":"pwb-brand-kbc-networks","7":"product_cat-transmission-des-donnees","8":"product_cat-alimentation-electrique","9":"product_tag-240w","10":"product_tag-alimentation-electrique","11":"product_tag-poe","13":"first","14":"instock","15":"shipping-taxable","16":"product-type-simple"},"yoast_head":"<!-- This site is optimized with the Yoast SEO plugin v25.2 - https:\/\/yoast.com\/wordpress\/plugins\/seo\/ -->\n<title>NDR-240-48 KBC rail pour le switch PoE - Bunker Seguridad<\/title>\n<meta name=\"description\" content=\"Alimentation \u00e9lectrique du rail pour le switch PoE. Protection contre les courts-circuits, les surcharges, les surtensions et les surchauffes\" \/>\n<meta name=\"robots\" content=\"noindex, follow, max-snippet:-1, max-image-preview:large, max-video-preview:-1\" \/>\n<meta property=\"og:locale\" content=\"fr_FR\" \/>\n<meta property=\"og:type\" content=\"article\" \/>\n<meta property=\"og:title\" content=\"NDR-240-48 KBC rail pour le switch PoE - Bunker Seguridad\" \/>\n<meta property=\"og:description\" content=\"Alimentation \u00e9lectrique du rail pour le switch PoE. Protection contre les courts-circuits, les surcharges, les surtensions et les surchauffes\" \/>\n<meta property=\"og:url\" content=\"https:\/\/bunkerseguridad.es\/fr\/produit\/ndr-240-48-kbc-rail-pour-le-switch-poe\/\" \/>\n<meta property=\"og:site_name\" content=\"Bunker Seguridad\" \/>\n<meta property=\"article:modified_time\" content=\"2021-02-17T08:19:31+00:00\" \/>\n<meta property=\"og:image\" content=\"https:\/\/bunkerseguridad.es\/fr\/wp-content\/uploads\/2020\/12\/NRD-240-48-Power-Supplies.png\" \/>\n\t<meta property=\"og:image:width\" content=\"1200\" \/>\n\t<meta property=\"og:image:height\" content=\"1200\" \/>\n\t<meta property=\"og:image:type\" content=\"image\/png\" \/>\n<meta name=\"twitter:card\" content=\"summary_large_image\" \/>\n<meta name=\"twitter:label1\" content=\"Dur\u00e9e de lecture estim\u00e9e\" \/>\n\t<meta name=\"twitter:data1\" content=\"1 minute\" \/>\n<script type=\"application\/ld+json\" class=\"yoast-schema-graph\">{\"@context\":\"https:\/\/schema.org\",\"@graph\":[{\"@type\":\"WebPage\",\"@id\":\"https:\/\/bunkerseguridad.es\/fr\/produit\/ndr-240-48-kbc-rail-pour-le-switch-poe\/\",\"url\":\"https:\/\/bunkerseguridad.es\/fr\/produit\/ndr-240-48-kbc-rail-pour-le-switch-poe\/\",\"name\":\"NDR-240-48 KBC rail pour le switch PoE - Bunker Seguridad\",\"isPartOf\":{\"@id\":\"https:\/\/bunkerseguridad.es\/fr\/#website\"},\"primaryImageOfPage\":{\"@id\":\"https:\/\/bunkerseguridad.es\/fr\/produit\/ndr-240-48-kbc-rail-pour-le-switch-poe\/#primaryimage\"},\"image\":{\"@id\":\"https:\/\/bunkerseguridad.es\/fr\/produit\/ndr-240-48-kbc-rail-pour-le-switch-poe\/#primaryimage\"},\"thumbnailUrl\":\"https:\/\/bunkerseguridad.es\/fr\/wp-content\/uploads\/2020\/12\/NRD-240-48-Power-Supplies.png\",\"datePublished\":\"2020-12-24T11:31:49+00:00\",\"dateModified\":\"2021-02-17T08:19:31+00:00\",\"description\":\"Alimentation \u00e9lectrique du rail pour le switch PoE. Protection contre les courts-circuits, les surcharges, les surtensions et les surchauffes\",\"breadcrumb\":{\"@id\":\"https:\/\/bunkerseguridad.es\/fr\/produit\/ndr-240-48-kbc-rail-pour-le-switch-poe\/#breadcrumb\"},\"inLanguage\":\"fr-FR\",\"potentialAction\":[{\"@type\":\"ReadAction\",\"target\":[\"https:\/\/bunkerseguridad.es\/fr\/produit\/ndr-240-48-kbc-rail-pour-le-switch-poe\/\"]}]},{\"@type\":\"ImageObject\",\"inLanguage\":\"fr-FR\",\"@id\":\"https:\/\/bunkerseguridad.es\/fr\/produit\/ndr-240-48-kbc-rail-pour-le-switch-poe\/#primaryimage\",\"url\":\"https:\/\/bunkerseguridad.es\/fr\/wp-content\/uploads\/2020\/12\/NRD-240-48-Power-Supplies.png\",\"contentUrl\":\"https:\/\/bunkerseguridad.es\/fr\/wp-content\/uploads\/2020\/12\/NRD-240-48-Power-Supplies.png\",\"width\":1200,\"height\":1200},{\"@type\":\"BreadcrumbList\",\"@id\":\"https:\/\/bunkerseguridad.es\/fr\/produit\/ndr-240-48-kbc-rail-pour-le-switch-poe\/#breadcrumb\",\"itemListElement\":[{\"@type\":\"ListItem\",\"position\":1,\"name\":\"Home\",\"item\":\"https:\/\/bunkerseguridad.es\/fr\/\"},{\"@type\":\"ListItem\",\"position\":2,\"name\":\"Shop\",\"item\":\"https:\/\/bunkerseguridad.es\/fr\/shop\/\"},{\"@type\":\"ListItem\",\"position\":3,\"name\":\"NDR-240-48 KBC rail pour le switch PoE\"}]},{\"@type\":\"WebSite\",\"@id\":\"https:\/\/bunkerseguridad.es\/fr\/#website\",\"url\":\"https:\/\/bunkerseguridad.es\/fr\/\",\"name\":\"Bunker Seguridad\",\"description\":\"Otro sitio realizado con WordPress\",\"potentialAction\":[{\"@type\":\"SearchAction\",\"target\":{\"@type\":\"EntryPoint\",\"urlTemplate\":\"https:\/\/bunkerseguridad.es\/fr\/?s={search_term_string}\"},\"query-input\":{\"@type\":\"PropertyValueSpecification\",\"valueRequired\":true,\"valueName\":\"search_term_string\"}}],\"inLanguage\":\"fr-FR\"}]}<\/script>\n<!-- \/ Yoast SEO plugin. -->","yoast_head_json":{"title":"NDR-240-48 KBC rail pour le switch PoE - Bunker Seguridad","description":"Alimentation \u00e9lectrique du rail pour le switch PoE. Protection contre les courts-circuits, les surcharges, les surtensions et les surchauffes","robots":{"index":"noindex","follow":"follow","max-snippet":"max-snippet:-1","max-image-preview":"max-image-preview:large","max-video-preview":"max-video-preview:-1"},"og_locale":"fr_FR","og_type":"article","og_title":"NDR-240-48 KBC rail pour le switch PoE - Bunker Seguridad","og_description":"Alimentation \u00e9lectrique du rail pour le switch PoE. Protection contre les courts-circuits, les surcharges, les surtensions et les surchauffes","og_url":"https:\/\/bunkerseguridad.es\/fr\/produit\/ndr-240-48-kbc-rail-pour-le-switch-poe\/","og_site_name":"Bunker Seguridad","article_modified_time":"2021-02-17T08:19:31+00:00","og_image":[{"width":1200,"height":1200,"url":"https:\/\/bunkerseguridad.es\/fr\/wp-content\/uploads\/2020\/12\/NRD-240-48-Power-Supplies.png","type":"image\/png"}],"twitter_card":"summary_large_image","twitter_misc":{"Dur\u00e9e de lecture estim\u00e9e":"1 minute"},"schema":{"@context":"https:\/\/schema.org","@graph":[{"@type":"WebPage","@id":"https:\/\/bunkerseguridad.es\/fr\/produit\/ndr-240-48-kbc-rail-pour-le-switch-poe\/","url":"https:\/\/bunkerseguridad.es\/fr\/produit\/ndr-240-48-kbc-rail-pour-le-switch-poe\/","name":"NDR-240-48 KBC rail pour le switch PoE - Bunker Seguridad","isPartOf":{"@id":"https:\/\/bunkerseguridad.es\/fr\/#website"},"primaryImageOfPage":{"@id":"https:\/\/bunkerseguridad.es\/fr\/produit\/ndr-240-48-kbc-rail-pour-le-switch-poe\/#primaryimage"},"image":{"@id":"https:\/\/bunkerseguridad.es\/fr\/produit\/ndr-240-48-kbc-rail-pour-le-switch-poe\/#primaryimage"},"thumbnailUrl":"https:\/\/bunkerseguridad.es\/fr\/wp-content\/uploads\/2020\/12\/NRD-240-48-Power-Supplies.png","datePublished":"2020-12-24T11:31:49+00:00","dateModified":"2021-02-17T08:19:31+00:00","description":"Alimentation \u00e9lectrique du rail pour le switch PoE. Protection contre les courts-circuits, les surcharges, les surtensions et les surchauffes","breadcrumb":{"@id":"https:\/\/bunkerseguridad.es\/fr\/produit\/ndr-240-48-kbc-rail-pour-le-switch-poe\/#breadcrumb"},"inLanguage":"fr-FR","potentialAction":[{"@type":"ReadAction","target":["https:\/\/bunkerseguridad.es\/fr\/produit\/ndr-240-48-kbc-rail-pour-le-switch-poe\/"]}]},{"@type":"ImageObject","inLanguage":"fr-FR","@id":"https:\/\/bunkerseguridad.es\/fr\/produit\/ndr-240-48-kbc-rail-pour-le-switch-poe\/#primaryimage","url":"https:\/\/bunkerseguridad.es\/fr\/wp-content\/uploads\/2020\/12\/NRD-240-48-Power-Supplies.png","contentUrl":"https:\/\/bunkerseguridad.es\/fr\/wp-content\/uploads\/2020\/12\/NRD-240-48-Power-Supplies.png","width":1200,"height":1200},{"@type":"BreadcrumbList","@id":"https:\/\/bunkerseguridad.es\/fr\/produit\/ndr-240-48-kbc-rail-pour-le-switch-poe\/#breadcrumb","itemListElement":[{"@type":"ListItem","position":1,"name":"Home","item":"https:\/\/bunkerseguridad.es\/fr\/"},{"@type":"ListItem","position":2,"name":"Shop","item":"https:\/\/bunkerseguridad.es\/fr\/shop\/"},{"@type":"ListItem","position":3,"name":"NDR-240-48 KBC rail pour le switch PoE"}]},{"@type":"WebSite","@id":"https:\/\/bunkerseguridad.es\/fr\/#website","url":"https:\/\/bunkerseguridad.es\/fr\/","name":"Bunker Seguridad","description":"Otro sitio realizado con WordPress","potentialAction":[{"@type":"SearchAction","target":{"@type":"EntryPoint","urlTemplate":"https:\/\/bunkerseguridad.es\/fr\/?s={search_term_string}"},"query-input":{"@type":"PropertyValueSpecification","valueRequired":true,"valueName":"search_term_string"}}],"inLanguage":"fr-FR"}]}},"brands":[{"id":206,"name":"KBC Networks","slug":"kbc-networks"}],"_links":{"self":[{"href":"https:\/\/bunkerseguridad.es\/fr\/wp-json\/wp\/v2\/product\/6299","targetHints":{"allow":["GET"]}}],"collection":[{"href":"https:\/\/bunkerseguridad.es\/fr\/wp-json\/wp\/v2\/product"}],"about":[{"href":"https:\/\/bunkerseguridad.es\/fr\/wp-json\/wp\/v2\/types\/product"}],"wp:featuredmedia":[{"embeddable":true,"href":"https:\/\/bunkerseguridad.es\/fr\/wp-json\/wp\/v2\/media\/6301"}],"wp:attachment":[{"href":"https:\/\/bunkerseguridad.es\/fr\/wp-json\/wp\/v2\/media?parent=6299"}],"wp:term":[{"taxonomy":"pwb-brand","embeddable":true,"href":"https:\/\/bunkerseguridad.es\/fr\/wp-json\/wp\/v2\/pwb-brand?post=6299"},{"taxonomy":"product_brand","embeddable":true,"href":"https:\/\/bunkerseguridad.es\/fr\/wp-json\/wp\/v2\/product_brand?post=6299"},{"taxonomy":"product_cat","embeddable":true,"href":"https:\/\/bunkerseguridad.es\/fr\/wp-json\/wp\/v2\/product_cat?post=6299"},{"taxonomy":"product_tag","embeddable":true,"href":"https:\/\/bunkerseguridad.es\/fr\/wp-json\/wp\/v2\/product_tag?post=6299"}],"curies":[{"name":"wp","href":"https:\/\/api.w.org\/{rel}","templated":true}]}}