{"id":6309,"date":"2020-12-28T08:43:24","date_gmt":"2020-12-28T08:43:24","guid":{"rendered":"http:\/\/www.bunkerseguridad.es\/en\/?post_type=product&#038;p=6309"},"modified":"2021-03-02T11:49:35","modified_gmt":"2021-03-02T11:49:35","slug":"ecopper-eecf1-ln1-r-mn-b","status":"publish","type":"product","link":"https:\/\/bunkerseguridad.es\/fr\/produit\/ecopper-eecf1-ln1-r-mn-b\/","title":{"rendered":"eCopper\u2122 &#8211; EECF1-LN1-R-MN-B"},"content":{"rendered":"<p><strong>eCopper\u2122 &#8211; KBC EECF1-LN1-R-MN-B<\/strong> est un r\u00e9cepteur Ethernet sur coaxial \u00e0 un canal, enti\u00e8rement durci. Son port BNC se connecte au coaxial et son port 10\/100M Base-T se connecte \u00e0 un commutateur. Il assure la connectivit\u00e9 avec un seul \u00e9metteur EECF1-LS1-T-MN-B \u00e0 dispositif PoC\/PoE. L&rsquo;alimentation est fournie \u00e0 l&rsquo;\u00e9metteur par le c\u00e2ble coaxial. Diff\u00e9rents d\u00e9bits de donn\u00e9es sont pris en charge en fonction de la distance et de la qualit\u00e9 du c\u00e2ble. La conception plug-and-play assure une facilit\u00e9 d&rsquo;installation sans aucun r\u00e9glage \u00e9lectrique n\u00e9cessaire. Des indicateurs LED sont fournis pour indiquer l&rsquo;\u00e9tat de fonctionnement de l&rsquo;unit\u00e9. Ce r\u00e9cepteur \u00e0 un canal est install\u00e9 avec un clip m\u00e9tallique.<\/p>\n<p><strong>Caract\u00e9ristiques:<\/strong><\/p>\n<ul>\n<li>1 ports coaxiaux avec PoC<\/li>\n<li>1 *10\/100 port en base T<\/li>\n<li>Connexion \u00e0 1 unit\u00e9 EECF1-LS1-T-IN-B ou 1 unit\u00e9 EECF1-LS1-T-MN-B<\/li>\n<li>D\u00e9bit de donn\u00e9es coaxial &gt;50Mbps (300m)<\/li>\n<li>Le PoE+ est pris en charge jusqu&rsquo;\u00e0 300m en fonction de la qualit\u00e9 du c\u00e2ble coaxial et de la tension appliqu\u00e9e au c\u00e2ble coaxial (48~57VDC)<\/li>\n<li>Protection contre les surintensit\u00e9s et les courts-circuits<\/li>\n<li>Conception unique de protection de la transmission du PoC, de sorte qu&rsquo;aucune puissance n&rsquo;est produite lorsque l&rsquo;extr\u00e9mit\u00e9 de l&rsquo;\u00e9metteur n&rsquo;est pas connect\u00e9e<\/li>\n<\/ul>\n","protected":false},"excerpt":{"rendered":"<p class=\"componentheading djc_page_heading\"><strong>eCopper\u2122 &#8211; La KBC EECF1-LN1-R-MN-B est un r\u00e9cepteur Ethernet sur coaxial \u00e0 un canal enti\u00e8rement durci.<\/strong> R\u00e9cepteur<strong> Ethernet over coaxial industriel \u00e0 1 canal. EoC\/PoC\/PoE+, (1) port Ethernet fixe, d\u00e9tection automatique 10\/100Base-T.<\/strong> (1) port coaxial fixe, fournissant EoC\/PoC. Entr\u00e9e 48~57VDC. Module compact. N\u00e9cessite une alimentation \u00e9lectrique vendue s\u00e9par\u00e9ment.<\/p>\n","protected":false},"featured_media":6311,"template":"","meta":{"_et_pb_use_builder":"off","_et_pb_old_content":"<strong>The KBC eCopper\u2122<\/strong> he KBC EECF1-LN1-R-MN-B is a fully ruggedized Ethernet over coax one channel receiver. Its BNC port connects to coax and its 10\/100M Base-T port connects to a switch. It provides connectivity to a single PoC\/PoE device EECF1-LS1-T-MN-B transmitter. Power is supplied to the transmitter through the coaxial cable. Varying data rates are supported depending on cable distance and quality. Plug-and-play design ensures ease of installation with no electrical adjustment needed. LED indicators are provided to show the operational status of the unit. This one channel receiver is installed with a metal clip.\r\n\r\n<strong>Features:<\/strong>\r\n<ul>\r\n \t<li>1 coax ports with PoC<\/li>\r\n \t<li>1 *10\/100 Base-T port<\/li>\r\n \t<li>Connect to 1 unit EECF1-LS1-T-IN-B or 1 unit EECF1-LS1-T-MN-B<\/li>\r\n \t<li>Coax data rate >50Mbps (300m)<\/li>\r\n \t<li>PoE+ is supported up to 300m based on coax quality and applied voltage to coax (48~57VDC)<\/li>\r\n \t<li>Over current and short circuit protection<\/li>\r\n \t<li>Unique PoC transmission protection design so that no power is output when transmitter end is not connected<\/li>\r\n<\/ul>","_et_gb_content_width":""},"pwb-brand":[206],"product_brand":[],"product_cat":[31,36],"product_tag":[155,163,146],"class_list":{"0":"post-6309","1":"product","2":"type-product","3":"status-publish","4":"has-post-thumbnail","6":"pwb-brand-kbc-networks","7":"product_cat-transmission-des-donnees","8":"product_cat-ecopper-ip-over-utp-coax","9":"product_tag-10-100mbps","10":"product_tag-ip-sur-coaxial","11":"product_tag-poe","13":"first","14":"instock","15":"shipping-taxable","16":"product-type-simple"},"yoast_head":"<!-- This site is optimized with the Yoast SEO plugin v25.2 - https:\/\/yoast.com\/wordpress\/plugins\/seo\/ -->\n<title>eCopper\u2122 - EECF1-LN1-R-MN-B - Bunker Seguridad<\/title>\n<meta name=\"description\" content=\"eCopper\u2122 KBC EECF1-LN1-R-MN-B est un r\u00e9cepteur Ethernet sur coaxial \u00e0 un canal, enti\u00e8rement durci. Dispositif PoC\/PoE.\" \/>\n<meta name=\"robots\" content=\"noindex, follow, max-snippet:-1, max-image-preview:large, max-video-preview:-1\" \/>\n<meta property=\"og:locale\" content=\"fr_FR\" \/>\n<meta property=\"og:type\" content=\"article\" \/>\n<meta property=\"og:title\" content=\"eCopper\u2122 - EECF1-LN1-R-MN-B - Bunker Seguridad\" \/>\n<meta property=\"og:description\" content=\"eCopper\u2122 KBC EECF1-LN1-R-MN-B est un r\u00e9cepteur Ethernet sur coaxial \u00e0 un canal, enti\u00e8rement durci. Dispositif PoC\/PoE.\" \/>\n<meta property=\"og:url\" content=\"https:\/\/bunkerseguridad.es\/fr\/produit\/ecopper-eecf1-ln1-r-mn-b\/\" \/>\n<meta property=\"og:site_name\" content=\"Bunker Seguridad\" \/>\n<meta property=\"article:modified_time\" content=\"2021-03-02T11:49:35+00:00\" \/>\n<meta property=\"og:image\" content=\"https:\/\/bunkerseguridad.es\/fr\/wp-content\/uploads\/2020\/12\/EECF1-LN1-R-MN-B-ndustrial-Ethernet-Over-Coax-Receiver-with-PoC.png\" \/>\n\t<meta property=\"og:image:width\" content=\"1200\" \/>\n\t<meta property=\"og:image:height\" content=\"1200\" \/>\n\t<meta property=\"og:image:type\" content=\"image\/png\" \/>\n<meta name=\"twitter:card\" content=\"summary_large_image\" \/>\n<meta name=\"twitter:label1\" content=\"Dur\u00e9e de lecture estim\u00e9e\" \/>\n\t<meta name=\"twitter:data1\" content=\"1 minute\" \/>\n<script type=\"application\/ld+json\" class=\"yoast-schema-graph\">{\"@context\":\"https:\/\/schema.org\",\"@graph\":[{\"@type\":\"WebPage\",\"@id\":\"https:\/\/bunkerseguridad.es\/fr\/produit\/ecopper-eecf1-ln1-r-mn-b\/\",\"url\":\"https:\/\/bunkerseguridad.es\/fr\/produit\/ecopper-eecf1-ln1-r-mn-b\/\",\"name\":\"eCopper\u2122 - EECF1-LN1-R-MN-B - Bunker Seguridad\",\"isPartOf\":{\"@id\":\"https:\/\/bunkerseguridad.es\/fr\/#website\"},\"primaryImageOfPage\":{\"@id\":\"https:\/\/bunkerseguridad.es\/fr\/produit\/ecopper-eecf1-ln1-r-mn-b\/#primaryimage\"},\"image\":{\"@id\":\"https:\/\/bunkerseguridad.es\/fr\/produit\/ecopper-eecf1-ln1-r-mn-b\/#primaryimage\"},\"thumbnailUrl\":\"https:\/\/bunkerseguridad.es\/fr\/wp-content\/uploads\/2020\/12\/EECF1-LN1-R-MN-B-ndustrial-Ethernet-Over-Coax-Receiver-with-PoC.png\",\"datePublished\":\"2020-12-28T08:43:24+00:00\",\"dateModified\":\"2021-03-02T11:49:35+00:00\",\"description\":\"eCopper\u2122 KBC EECF1-LN1-R-MN-B est un r\u00e9cepteur Ethernet sur coaxial \u00e0 un canal, enti\u00e8rement durci. Dispositif PoC\/PoE.\",\"breadcrumb\":{\"@id\":\"https:\/\/bunkerseguridad.es\/fr\/produit\/ecopper-eecf1-ln1-r-mn-b\/#breadcrumb\"},\"inLanguage\":\"fr-FR\",\"potentialAction\":[{\"@type\":\"ReadAction\",\"target\":[\"https:\/\/bunkerseguridad.es\/fr\/produit\/ecopper-eecf1-ln1-r-mn-b\/\"]}]},{\"@type\":\"ImageObject\",\"inLanguage\":\"fr-FR\",\"@id\":\"https:\/\/bunkerseguridad.es\/fr\/produit\/ecopper-eecf1-ln1-r-mn-b\/#primaryimage\",\"url\":\"https:\/\/bunkerseguridad.es\/fr\/wp-content\/uploads\/2020\/12\/EECF1-LN1-R-MN-B-ndustrial-Ethernet-Over-Coax-Receiver-with-PoC.png\",\"contentUrl\":\"https:\/\/bunkerseguridad.es\/fr\/wp-content\/uploads\/2020\/12\/EECF1-LN1-R-MN-B-ndustrial-Ethernet-Over-Coax-Receiver-with-PoC.png\",\"width\":1200,\"height\":1200,\"caption\":\"La gamme de produits KBC eCoppe offre un moyen \u00e9conomique de connecter les derni\u00e8res cam\u00e9ras IP \u00e0 l'aide d'un c\u00e2blage coaxial ou cuivre (UTP) existant \u00e0 une station de surveillance \u00e0 distance.\"},{\"@type\":\"BreadcrumbList\",\"@id\":\"https:\/\/bunkerseguridad.es\/fr\/produit\/ecopper-eecf1-ln1-r-mn-b\/#breadcrumb\",\"itemListElement\":[{\"@type\":\"ListItem\",\"position\":1,\"name\":\"Home\",\"item\":\"https:\/\/bunkerseguridad.es\/fr\/\"},{\"@type\":\"ListItem\",\"position\":2,\"name\":\"Shop\",\"item\":\"https:\/\/bunkerseguridad.es\/fr\/shop\/\"},{\"@type\":\"ListItem\",\"position\":3,\"name\":\"eCopper\u2122 &#8211; EECF1-LN1-R-MN-B\"}]},{\"@type\":\"WebSite\",\"@id\":\"https:\/\/bunkerseguridad.es\/fr\/#website\",\"url\":\"https:\/\/bunkerseguridad.es\/fr\/\",\"name\":\"Bunker Seguridad\",\"description\":\"Otro sitio realizado con WordPress\",\"potentialAction\":[{\"@type\":\"SearchAction\",\"target\":{\"@type\":\"EntryPoint\",\"urlTemplate\":\"https:\/\/bunkerseguridad.es\/fr\/?s={search_term_string}\"},\"query-input\":{\"@type\":\"PropertyValueSpecification\",\"valueRequired\":true,\"valueName\":\"search_term_string\"}}],\"inLanguage\":\"fr-FR\"}]}<\/script>\n<!-- \/ Yoast SEO plugin. -->","yoast_head_json":{"title":"eCopper\u2122 - EECF1-LN1-R-MN-B - Bunker Seguridad","description":"eCopper\u2122 KBC EECF1-LN1-R-MN-B est un r\u00e9cepteur Ethernet sur coaxial \u00e0 un canal, enti\u00e8rement durci. Dispositif PoC\/PoE.","robots":{"index":"noindex","follow":"follow","max-snippet":"max-snippet:-1","max-image-preview":"max-image-preview:large","max-video-preview":"max-video-preview:-1"},"og_locale":"fr_FR","og_type":"article","og_title":"eCopper\u2122 - EECF1-LN1-R-MN-B - Bunker Seguridad","og_description":"eCopper\u2122 KBC EECF1-LN1-R-MN-B est un r\u00e9cepteur Ethernet sur coaxial \u00e0 un canal, enti\u00e8rement durci. Dispositif PoC\/PoE.","og_url":"https:\/\/bunkerseguridad.es\/fr\/produit\/ecopper-eecf1-ln1-r-mn-b\/","og_site_name":"Bunker Seguridad","article_modified_time":"2021-03-02T11:49:35+00:00","og_image":[{"width":1200,"height":1200,"url":"https:\/\/bunkerseguridad.es\/fr\/wp-content\/uploads\/2020\/12\/EECF1-LN1-R-MN-B-ndustrial-Ethernet-Over-Coax-Receiver-with-PoC.png","type":"image\/png"}],"twitter_card":"summary_large_image","twitter_misc":{"Dur\u00e9e de lecture estim\u00e9e":"1 minute"},"schema":{"@context":"https:\/\/schema.org","@graph":[{"@type":"WebPage","@id":"https:\/\/bunkerseguridad.es\/fr\/produit\/ecopper-eecf1-ln1-r-mn-b\/","url":"https:\/\/bunkerseguridad.es\/fr\/produit\/ecopper-eecf1-ln1-r-mn-b\/","name":"eCopper\u2122 - EECF1-LN1-R-MN-B - Bunker Seguridad","isPartOf":{"@id":"https:\/\/bunkerseguridad.es\/fr\/#website"},"primaryImageOfPage":{"@id":"https:\/\/bunkerseguridad.es\/fr\/produit\/ecopper-eecf1-ln1-r-mn-b\/#primaryimage"},"image":{"@id":"https:\/\/bunkerseguridad.es\/fr\/produit\/ecopper-eecf1-ln1-r-mn-b\/#primaryimage"},"thumbnailUrl":"https:\/\/bunkerseguridad.es\/fr\/wp-content\/uploads\/2020\/12\/EECF1-LN1-R-MN-B-ndustrial-Ethernet-Over-Coax-Receiver-with-PoC.png","datePublished":"2020-12-28T08:43:24+00:00","dateModified":"2021-03-02T11:49:35+00:00","description":"eCopper\u2122 KBC EECF1-LN1-R-MN-B est un r\u00e9cepteur Ethernet sur coaxial \u00e0 un canal, enti\u00e8rement durci. Dispositif PoC\/PoE.","breadcrumb":{"@id":"https:\/\/bunkerseguridad.es\/fr\/produit\/ecopper-eecf1-ln1-r-mn-b\/#breadcrumb"},"inLanguage":"fr-FR","potentialAction":[{"@type":"ReadAction","target":["https:\/\/bunkerseguridad.es\/fr\/produit\/ecopper-eecf1-ln1-r-mn-b\/"]}]},{"@type":"ImageObject","inLanguage":"fr-FR","@id":"https:\/\/bunkerseguridad.es\/fr\/produit\/ecopper-eecf1-ln1-r-mn-b\/#primaryimage","url":"https:\/\/bunkerseguridad.es\/fr\/wp-content\/uploads\/2020\/12\/EECF1-LN1-R-MN-B-ndustrial-Ethernet-Over-Coax-Receiver-with-PoC.png","contentUrl":"https:\/\/bunkerseguridad.es\/fr\/wp-content\/uploads\/2020\/12\/EECF1-LN1-R-MN-B-ndustrial-Ethernet-Over-Coax-Receiver-with-PoC.png","width":1200,"height":1200,"caption":"La gamme de produits KBC eCoppe offre un moyen \u00e9conomique de connecter les derni\u00e8res cam\u00e9ras IP \u00e0 l'aide d'un c\u00e2blage coaxial ou cuivre (UTP) existant \u00e0 une station de surveillance \u00e0 distance."},{"@type":"BreadcrumbList","@id":"https:\/\/bunkerseguridad.es\/fr\/produit\/ecopper-eecf1-ln1-r-mn-b\/#breadcrumb","itemListElement":[{"@type":"ListItem","position":1,"name":"Home","item":"https:\/\/bunkerseguridad.es\/fr\/"},{"@type":"ListItem","position":2,"name":"Shop","item":"https:\/\/bunkerseguridad.es\/fr\/shop\/"},{"@type":"ListItem","position":3,"name":"eCopper\u2122 &#8211; EECF1-LN1-R-MN-B"}]},{"@type":"WebSite","@id":"https:\/\/bunkerseguridad.es\/fr\/#website","url":"https:\/\/bunkerseguridad.es\/fr\/","name":"Bunker Seguridad","description":"Otro sitio realizado con WordPress","potentialAction":[{"@type":"SearchAction","target":{"@type":"EntryPoint","urlTemplate":"https:\/\/bunkerseguridad.es\/fr\/?s={search_term_string}"},"query-input":{"@type":"PropertyValueSpecification","valueRequired":true,"valueName":"search_term_string"}}],"inLanguage":"fr-FR"}]}},"brands":[{"id":206,"name":"KBC Networks","slug":"kbc-networks"}],"_links":{"self":[{"href":"https:\/\/bunkerseguridad.es\/fr\/wp-json\/wp\/v2\/product\/6309","targetHints":{"allow":["GET"]}}],"collection":[{"href":"https:\/\/bunkerseguridad.es\/fr\/wp-json\/wp\/v2\/product"}],"about":[{"href":"https:\/\/bunkerseguridad.es\/fr\/wp-json\/wp\/v2\/types\/product"}],"wp:featuredmedia":[{"embeddable":true,"href":"https:\/\/bunkerseguridad.es\/fr\/wp-json\/wp\/v2\/media\/6311"}],"wp:attachment":[{"href":"https:\/\/bunkerseguridad.es\/fr\/wp-json\/wp\/v2\/media?parent=6309"}],"wp:term":[{"taxonomy":"pwb-brand","embeddable":true,"href":"https:\/\/bunkerseguridad.es\/fr\/wp-json\/wp\/v2\/pwb-brand?post=6309"},{"taxonomy":"product_brand","embeddable":true,"href":"https:\/\/bunkerseguridad.es\/fr\/wp-json\/wp\/v2\/product_brand?post=6309"},{"taxonomy":"product_cat","embeddable":true,"href":"https:\/\/bunkerseguridad.es\/fr\/wp-json\/wp\/v2\/product_cat?post=6309"},{"taxonomy":"product_tag","embeddable":true,"href":"https:\/\/bunkerseguridad.es\/fr\/wp-json\/wp\/v2\/product_tag?post=6309"}],"curies":[{"name":"wp","href":"https:\/\/api.w.org\/{rel}","templated":true}]}}