{"id":6339,"date":"2020-12-28T12:32:58","date_gmt":"2020-12-28T12:32:58","guid":{"rendered":"http:\/\/www.bunkerseguridad.es\/en\/?post_type=product&#038;p=6339"},"modified":"2021-03-04T13:01:00","modified_gmt":"2021-03-04T13:01:00","slug":"ecopper-eerf4-dn1-r-wn-b","status":"publish","type":"product","link":"https:\/\/bunkerseguridad.es\/fr\/produit\/ecopper-eerf4-dn1-r-wn-b\/","title":{"rendered":"eCopper\u2122 &#8211; EERF4-DN1-R-WN-B"},"content":{"rendered":"<p><strong>KBC eCopper\u2122 EERF4-DN1-R-WN-B est un \u00e9metteur Ethernet over coaxial enti\u00e8rement durci.<\/strong> Ce transmetteur assure la connectivit\u00e9 de quatre ports cuivre \u00e0 paires torsad\u00e9es 10\/100 Mbps conformes aux Standards IEEE sur un c\u00e2ble coaxial de 75 ohms. L&rsquo;alimentation \u00e9lectrique est fournie par le r\u00e9cepteur de t\u00eate de r\u00e9seau EECF1-LN1-R via le c\u00e2ble coaxial gr\u00e2ce \u00e0 la technologie Power over Coax (PoC). Cet \u00e9metteur prend en charge la technologie PoE\/PoE+. Diff\u00e9rents d\u00e9bits de donn\u00e9es sont pris en charge en fonction de la distance et de la qualit\u00e9 du c\u00e2ble. La conception plug-and-play assure une installation facile avec n4 ports UTP avec ou sans PoW.<\/p>\n<p><strong>Caract\u00e9ristiques:<\/strong><\/p>\n<ul>\n<li>4 ports UTP avec ou sans PoW<\/li>\n<li>1 port Ethernet *10\/100\/1000M,1 port SFP *1000Base-FX<\/li>\n<li>Gestion des PoW<\/li>\n<li>Capacit\u00e9 de commutation totale<\/li>\n<li>Connectez jusqu&rsquo;\u00e0 4 \u00e9metteurs, EERF1-LS1-T-MN-B ou EERN1-LN1-T-MN-B ou mixte.<\/li>\n<li>D\u00e9bit de donn\u00e9es UTP &gt;40Mbps (300m)<\/li>\n<li>Selon la qualit\u00e9 du c\u00e2ble, les paires de c\u00e2bles utilis\u00e9es (1, 2 ou 4 paires) et la tension appliqu\u00e9e au c\u00e2ble (48~57VDC) \u00e0 partir de la t\u00eate de r\u00e9seau, le PoE et le PoE+ sont pris en charge<\/li>\n<li>Par le PoW jusqu&rsquo;\u00e0 400m.<\/li>\n<li>Protection contre les surintensit\u00e9s et les courts-circuits<\/li>\n<li>Conception unique de protection de la transmission de la puissance de sorte qu&rsquo;aucune puissance n&rsquo;est produite lorsque l&rsquo;extr\u00e9mit\u00e9 de l&rsquo;\u00e9metteur n&rsquo;est pas connect\u00e9e<\/li>\n<\/ul>\n","protected":false},"excerpt":{"rendered":"<p class=\"componentheading djc_page_heading\"><strong>eCopper\u2122 &#8211; La s\u00e9rie KBC EERF4-DN1-R-WN-B est un r\u00e9cepteur Ethernet over UTP (EoU) avec 4 ports UTP fournissant l&rsquo;alimentation par c\u00e2ble (PoW), un port Ethernet 1*10\/100\/1000M et un port 1*1000Base-FX.<\/strong> Ce commutateur permet de connecter jusqu&rsquo;\u00e0 4* \u00e9metteurs PoW\/PoE (EERF1-LS1-T-MN-B).<\/p>\n","protected":false},"featured_media":6313,"template":"","meta":{"_et_pb_use_builder":"","_et_pb_old_content":"","_et_gb_content_width":""},"pwb-brand":[206],"product_brand":[],"product_cat":[36,31],"product_tag":[155,141,165,335,146],"class_list":{"0":"post-6339","1":"product","2":"type-product","3":"status-publish","4":"has-post-thumbnail","6":"pwb-brand-kbc-networks","7":"product_cat-ecopper-ip-over-utp-coax","8":"product_cat-transmission-des-donnees","9":"product_tag-10-100mbps","10":"product_tag-4-ports","11":"product_tag-eoc-poc","12":"product_tag-ip-sur-utp","13":"product_tag-poe","15":"first","16":"instock","17":"shipping-taxable","18":"product-type-simple"},"yoast_head":"<!-- This site is optimized with the Yoast SEO plugin v27.4 - https:\/\/yoast.com\/product\/yoast-seo-wordpress\/ -->\n<title>eCopper\u2122 - EERF4-DN1-R-WN-B - Bunker Seguridad<\/title>\n<meta name=\"description\" content=\"La s\u00e9rie KBC est un r\u00e9cepteur Ethernet over UTP (EoU) avec 4 ports UTP fournissant l&#039;alimentation par c\u00e2ble (PoW), un port Ethernet.\" \/>\n<meta name=\"robots\" content=\"noindex, follow, max-snippet:-1, max-image-preview:large, max-video-preview:-1\" \/>\n<meta property=\"og:locale\" content=\"fr_FR\" \/>\n<meta property=\"og:type\" content=\"article\" \/>\n<meta property=\"og:title\" content=\"eCopper\u2122 - EERF4-DN1-R-WN-B - Bunker Seguridad\" \/>\n<meta property=\"og:description\" content=\"La s\u00e9rie KBC est un r\u00e9cepteur Ethernet over UTP (EoU) avec 4 ports UTP fournissant l&#039;alimentation par c\u00e2ble (PoW), un port Ethernet.\" \/>\n<meta property=\"og:url\" content=\"https:\/\/bunkerseguridad.es\/fr\/produit\/ecopper-eerf4-dn1-r-wn-b\/\" \/>\n<meta property=\"og:site_name\" content=\"Bunker Seguridad\" \/>\n<meta property=\"article:modified_time\" content=\"2021-03-04T13:01:00+00:00\" \/>\n<meta property=\"og:image\" content=\"https:\/\/bunkerseguridad.es\/fr\/wp-content\/uploads\/2020\/12\/ecopper-EECF1-LS4-T-WN-B.png\" \/>\n\t<meta property=\"og:image:width\" content=\"1200\" \/>\n\t<meta property=\"og:image:height\" content=\"1200\" \/>\n\t<meta property=\"og:image:type\" content=\"image\/png\" \/>\n<meta name=\"twitter:card\" content=\"summary_large_image\" \/>\n<meta name=\"twitter:label1\" content=\"Dur\u00e9e de lecture estim\u00e9e\" \/>\n\t<meta name=\"twitter:data1\" content=\"1 minute\" \/>\n<script type=\"application\/ld+json\" class=\"yoast-schema-graph\">{\"@context\":\"https:\\\/\\\/schema.org\",\"@graph\":[{\"@type\":\"WebPage\",\"@id\":\"https:\\\/\\\/bunkerseguridad.es\\\/fr\\\/produit\\\/ecopper-eerf4-dn1-r-wn-b\\\/\",\"url\":\"https:\\\/\\\/bunkerseguridad.es\\\/fr\\\/produit\\\/ecopper-eerf4-dn1-r-wn-b\\\/\",\"name\":\"eCopper\u2122 - EERF4-DN1-R-WN-B - Bunker Seguridad\",\"isPartOf\":{\"@id\":\"https:\\\/\\\/bunkerseguridad.es\\\/fr\\\/#website\"},\"primaryImageOfPage\":{\"@id\":\"https:\\\/\\\/bunkerseguridad.es\\\/fr\\\/produit\\\/ecopper-eerf4-dn1-r-wn-b\\\/#primaryimage\"},\"image\":{\"@id\":\"https:\\\/\\\/bunkerseguridad.es\\\/fr\\\/produit\\\/ecopper-eerf4-dn1-r-wn-b\\\/#primaryimage\"},\"thumbnailUrl\":\"https:\\\/\\\/bunkerseguridad.es\\\/fr\\\/wp-content\\\/uploads\\\/2020\\\/12\\\/ecopper-EECF1-LS4-T-WN-B.png\",\"datePublished\":\"2020-12-28T12:32:58+00:00\",\"dateModified\":\"2021-03-04T13:01:00+00:00\",\"description\":\"La s\u00e9rie KBC est un r\u00e9cepteur Ethernet over UTP (EoU) avec 4 ports UTP fournissant l'alimentation par c\u00e2ble (PoW), un port Ethernet.\",\"breadcrumb\":{\"@id\":\"https:\\\/\\\/bunkerseguridad.es\\\/fr\\\/produit\\\/ecopper-eerf4-dn1-r-wn-b\\\/#breadcrumb\"},\"inLanguage\":\"fr-FR\",\"potentialAction\":[{\"@type\":\"ReadAction\",\"target\":[\"https:\\\/\\\/bunkerseguridad.es\\\/fr\\\/produit\\\/ecopper-eerf4-dn1-r-wn-b\\\/\"]}]},{\"@type\":\"ImageObject\",\"inLanguage\":\"fr-FR\",\"@id\":\"https:\\\/\\\/bunkerseguridad.es\\\/fr\\\/produit\\\/ecopper-eerf4-dn1-r-wn-b\\\/#primaryimage\",\"url\":\"https:\\\/\\\/bunkerseguridad.es\\\/fr\\\/wp-content\\\/uploads\\\/2020\\\/12\\\/ecopper-EECF1-LS4-T-WN-B.png\",\"contentUrl\":\"https:\\\/\\\/bunkerseguridad.es\\\/fr\\\/wp-content\\\/uploads\\\/2020\\\/12\\\/ecopper-EECF1-LS4-T-WN-B.png\",\"width\":1200,\"height\":1200,\"caption\":\"Le KBC EECF1-LS4-T-WN-B est un \u00e9metteur Ethernet sur coaxial enti\u00e8rement renforc\u00e9\"},{\"@type\":\"BreadcrumbList\",\"@id\":\"https:\\\/\\\/bunkerseguridad.es\\\/fr\\\/produit\\\/ecopper-eerf4-dn1-r-wn-b\\\/#breadcrumb\",\"itemListElement\":[{\"@type\":\"ListItem\",\"position\":1,\"name\":\"Home\",\"item\":\"https:\\\/\\\/bunkerseguridad.es\\\/fr\\\/\"},{\"@type\":\"ListItem\",\"position\":2,\"name\":\"Shop\",\"item\":\"https:\\\/\\\/bunkerseguridad.es\\\/fr\\\/shop\\\/\"},{\"@type\":\"ListItem\",\"position\":3,\"name\":\"eCopper\u2122 &#8211; EERF4-DN1-R-WN-B\"}]},{\"@type\":\"WebSite\",\"@id\":\"https:\\\/\\\/bunkerseguridad.es\\\/fr\\\/#website\",\"url\":\"https:\\\/\\\/bunkerseguridad.es\\\/fr\\\/\",\"name\":\"Bunker Seguridad\",\"description\":\"Otro sitio realizado con WordPress\",\"potentialAction\":[{\"@type\":\"SearchAction\",\"target\":{\"@type\":\"EntryPoint\",\"urlTemplate\":\"https:\\\/\\\/bunkerseguridad.es\\\/fr\\\/?s={search_term_string}\"},\"query-input\":{\"@type\":\"PropertyValueSpecification\",\"valueRequired\":true,\"valueName\":\"search_term_string\"}}],\"inLanguage\":\"fr-FR\"}]}<\/script>\n<!-- \/ Yoast SEO plugin. -->","yoast_head_json":{"title":"eCopper\u2122 - EERF4-DN1-R-WN-B - Bunker Seguridad","description":"La s\u00e9rie KBC est un r\u00e9cepteur Ethernet over UTP (EoU) avec 4 ports UTP fournissant l'alimentation par c\u00e2ble (PoW), un port Ethernet.","robots":{"index":"noindex","follow":"follow","max-snippet":"max-snippet:-1","max-image-preview":"max-image-preview:large","max-video-preview":"max-video-preview:-1"},"og_locale":"fr_FR","og_type":"article","og_title":"eCopper\u2122 - EERF4-DN1-R-WN-B - Bunker Seguridad","og_description":"La s\u00e9rie KBC est un r\u00e9cepteur Ethernet over UTP (EoU) avec 4 ports UTP fournissant l'alimentation par c\u00e2ble (PoW), un port Ethernet.","og_url":"https:\/\/bunkerseguridad.es\/fr\/produit\/ecopper-eerf4-dn1-r-wn-b\/","og_site_name":"Bunker Seguridad","article_modified_time":"2021-03-04T13:01:00+00:00","og_image":[{"width":1200,"height":1200,"url":"https:\/\/bunkerseguridad.es\/fr\/wp-content\/uploads\/2020\/12\/ecopper-EECF1-LS4-T-WN-B.png","type":"image\/png"}],"twitter_card":"summary_large_image","twitter_misc":{"Dur\u00e9e de lecture estim\u00e9e":"1 minute"},"schema":{"@context":"https:\/\/schema.org","@graph":[{"@type":"WebPage","@id":"https:\/\/bunkerseguridad.es\/fr\/produit\/ecopper-eerf4-dn1-r-wn-b\/","url":"https:\/\/bunkerseguridad.es\/fr\/produit\/ecopper-eerf4-dn1-r-wn-b\/","name":"eCopper\u2122 - EERF4-DN1-R-WN-B - Bunker Seguridad","isPartOf":{"@id":"https:\/\/bunkerseguridad.es\/fr\/#website"},"primaryImageOfPage":{"@id":"https:\/\/bunkerseguridad.es\/fr\/produit\/ecopper-eerf4-dn1-r-wn-b\/#primaryimage"},"image":{"@id":"https:\/\/bunkerseguridad.es\/fr\/produit\/ecopper-eerf4-dn1-r-wn-b\/#primaryimage"},"thumbnailUrl":"https:\/\/bunkerseguridad.es\/fr\/wp-content\/uploads\/2020\/12\/ecopper-EECF1-LS4-T-WN-B.png","datePublished":"2020-12-28T12:32:58+00:00","dateModified":"2021-03-04T13:01:00+00:00","description":"La s\u00e9rie KBC est un r\u00e9cepteur Ethernet over UTP (EoU) avec 4 ports UTP fournissant l'alimentation par c\u00e2ble (PoW), un port Ethernet.","breadcrumb":{"@id":"https:\/\/bunkerseguridad.es\/fr\/produit\/ecopper-eerf4-dn1-r-wn-b\/#breadcrumb"},"inLanguage":"fr-FR","potentialAction":[{"@type":"ReadAction","target":["https:\/\/bunkerseguridad.es\/fr\/produit\/ecopper-eerf4-dn1-r-wn-b\/"]}]},{"@type":"ImageObject","inLanguage":"fr-FR","@id":"https:\/\/bunkerseguridad.es\/fr\/produit\/ecopper-eerf4-dn1-r-wn-b\/#primaryimage","url":"https:\/\/bunkerseguridad.es\/fr\/wp-content\/uploads\/2020\/12\/ecopper-EECF1-LS4-T-WN-B.png","contentUrl":"https:\/\/bunkerseguridad.es\/fr\/wp-content\/uploads\/2020\/12\/ecopper-EECF1-LS4-T-WN-B.png","width":1200,"height":1200,"caption":"Le KBC EECF1-LS4-T-WN-B est un \u00e9metteur Ethernet sur coaxial enti\u00e8rement renforc\u00e9"},{"@type":"BreadcrumbList","@id":"https:\/\/bunkerseguridad.es\/fr\/produit\/ecopper-eerf4-dn1-r-wn-b\/#breadcrumb","itemListElement":[{"@type":"ListItem","position":1,"name":"Home","item":"https:\/\/bunkerseguridad.es\/fr\/"},{"@type":"ListItem","position":2,"name":"Shop","item":"https:\/\/bunkerseguridad.es\/fr\/shop\/"},{"@type":"ListItem","position":3,"name":"eCopper\u2122 &#8211; EERF4-DN1-R-WN-B"}]},{"@type":"WebSite","@id":"https:\/\/bunkerseguridad.es\/fr\/#website","url":"https:\/\/bunkerseguridad.es\/fr\/","name":"Bunker Seguridad","description":"Otro sitio realizado con WordPress","potentialAction":[{"@type":"SearchAction","target":{"@type":"EntryPoint","urlTemplate":"https:\/\/bunkerseguridad.es\/fr\/?s={search_term_string}"},"query-input":{"@type":"PropertyValueSpecification","valueRequired":true,"valueName":"search_term_string"}}],"inLanguage":"fr-FR"}]}},"brands":[{"id":206,"name":"KBC Networks","slug":"kbc-networks"}],"_links":{"self":[{"href":"https:\/\/bunkerseguridad.es\/fr\/wp-json\/wp\/v2\/product\/6339","targetHints":{"allow":["GET"]}}],"collection":[{"href":"https:\/\/bunkerseguridad.es\/fr\/wp-json\/wp\/v2\/product"}],"about":[{"href":"https:\/\/bunkerseguridad.es\/fr\/wp-json\/wp\/v2\/types\/product"}],"wp:featuredmedia":[{"embeddable":true,"href":"https:\/\/bunkerseguridad.es\/fr\/wp-json\/wp\/v2\/media\/6313"}],"wp:attachment":[{"href":"https:\/\/bunkerseguridad.es\/fr\/wp-json\/wp\/v2\/media?parent=6339"}],"wp:term":[{"taxonomy":"pwb-brand","embeddable":true,"href":"https:\/\/bunkerseguridad.es\/fr\/wp-json\/wp\/v2\/pwb-brand?post=6339"},{"taxonomy":"product_brand","embeddable":true,"href":"https:\/\/bunkerseguridad.es\/fr\/wp-json\/wp\/v2\/product_brand?post=6339"},{"taxonomy":"product_cat","embeddable":true,"href":"https:\/\/bunkerseguridad.es\/fr\/wp-json\/wp\/v2\/product_cat?post=6339"},{"taxonomy":"product_tag","embeddable":true,"href":"https:\/\/bunkerseguridad.es\/fr\/wp-json\/wp\/v2\/product_tag?post=6339"}],"curies":[{"name":"wp","href":"https:\/\/api.w.org\/{rel}","templated":true}]}}