{"id":6342,"date":"2020-12-28T12:53:38","date_gmt":"2020-12-28T12:53:38","guid":{"rendered":"http:\/\/www.bunkerseguridad.es\/en\/?post_type=product&#038;p=6342"},"modified":"2021-03-05T08:22:44","modified_gmt":"2021-03-05T08:22:44","slug":"eerf8-gn3-r-rz-b","status":"publish","type":"product","link":"https:\/\/bunkerseguridad.es\/fr\/produit\/eerf8-gn3-r-rz-b\/","title":{"rendered":"eCopper\u2122 &#8211; EERF8-GN3-R-Rz-B"},"content":{"rendered":"<p><strong>La s\u00e9rie KBC eCopper\u2122 EERF8-GN3-R-Rz-B est un commutateur Ethernet over UTP (EoU) avec 8 ports UTP alimentant le Power over Wire (PoW) et 3*10\/100\/1000M ports Ethernet.<\/strong> Ce commutateur permet de connecter jusqu&rsquo;\u00e0 8 \u00e9metteurs PoW\/PoE (EERF1-LS1-T-MN-B). L&rsquo;alimentation est fournie \u00e0 l&rsquo;\u00e9metteur par le c\u00e2ble UTP. Diff\u00e9rents d\u00e9bits de donn\u00e9es sont pris en charge en fonction de la distance et de la qualit\u00e9 du c\u00e2ble. Ce produit permet \u00e9galement la gestion de la puissance de sortie (PoW), ce qui permet \u00e0 l&rsquo;op\u00e9rateur d&rsquo;allumer ou d&rsquo;\u00e9teindre \u00e0 distance l&rsquo;un des canaux UTP. La conception \u00ab\u00a0plug-and-play\u00a0\u00bb assure une installation facile sans aucun r\u00e9glage \u00e9lectrique. Des indicateurs LED sont fournis pour indiquer l&rsquo;\u00e9tat de fonctionnement de l&rsquo;unit\u00e9.<\/p>\n<p><strong>Caract\u00e9ristiques:<\/strong><\/p>\n<ul>\n<li>8 ports UTP avec ou sans PoW<\/li>\n<li>3 ports Ethernet *10\/100\/1000M (1 \u00e0 l&rsquo;avant et 2 \u00e0 l&rsquo;arri\u00e8re)<\/li>\n<li>Gestion des PoW<\/li>\n<li>Capacit\u00e9 de commutation totale<\/li>\n<li>Connectez jusqu&rsquo;\u00e0 16 \u00e9metteurs, EERF1-LS1-T-MN-B ou EERN1-LN1-T-MN-B ou mixte.<\/li>\n<li>D\u00e9bit de donn\u00e9es UTP &gt;40Mbps (300m)<\/li>\n<li>En fonction de la qualit\u00e9 du c\u00e2ble, les paires de c\u00e2bles utilis\u00e9es (1, 2 ou 4 paires) et la tension appliqu\u00e9e au c\u00e2ble (48~57VDC) \u00e0 partir de la t\u00eate de r\u00e9seau, le PoE et le PoE+ sont pris en charge par le PoW jusqu&rsquo;\u00e0 400m<\/li>\n<li>Protection contre les surintensit\u00e9s et les courts-circuits<\/li>\n<li>Conception unique de protection de la transmission de la puissance de sorte qu&rsquo;aucune puissance n&rsquo;est produite lorsque l&rsquo;extr\u00e9mit\u00e9 de l&rsquo;\u00e9metteur n&rsquo;est pas connect\u00e9e<\/li>\n<\/ul>\n","protected":false},"excerpt":{"rendered":"<p class=\"componentheading djc_page_heading\">eCopper\u2122 &#8211; Le r\u00e9cepteur KBC EERF8-GN3-R-Rz-B \u00e0 8 ports Ethernet industriel sur Coax. 8 ports BNC avec EoC\/PoC jusqu&rsquo;\u00e0 700m, EoC\/PoE+ jusqu&rsquo;\u00e0 300m. (3) Ports Ethernet 10\/100\/1000Mbps. Entr\u00e9e 48~57VDC. Montage en rack 1RU. 100~240VAC, 50\/60Hz.<\/p>\n","protected":false},"featured_media":6344,"template":"","meta":{"_et_pb_use_builder":"","_et_pb_old_content":"","_et_gb_content_width":""},"pwb-brand":[206],"product_brand":[],"product_cat":[31,36],"product_tag":[155,143,165,335,146],"class_list":{"0":"post-6342","1":"product","2":"type-product","3":"status-publish","4":"has-post-thumbnail","6":"pwb-brand-kbc-networks","7":"product_cat-transmission-des-donnees","8":"product_cat-ecopper-ip-over-utp-coax","9":"product_tag-10-100mbps","10":"product_tag-8-ports","11":"product_tag-eoc-poc","12":"product_tag-ip-sur-utp","13":"product_tag-poe","15":"first","16":"instock","17":"shipping-taxable","18":"product-type-simple"},"yoast_head":"<!-- This site is optimized with the Yoast SEO plugin v25.2 - https:\/\/yoast.com\/wordpress\/plugins\/seo\/ -->\n<title>eCopper\u2122 - EERF8-GN3-R-Rz-B - Bunker Seguridad<\/title>\n<meta name=\"description\" content=\"KBC eCopper\u2122 est un r\u00e9cepteur Ethernet over UTP (EoU) avec 16 ports UTP fournissant l&#039;alimentation par c\u00e2ble (PoW).\" \/>\n<meta name=\"robots\" content=\"noindex, follow, max-snippet:-1, max-image-preview:large, max-video-preview:-1\" \/>\n<meta property=\"og:locale\" content=\"fr_FR\" \/>\n<meta property=\"og:type\" content=\"article\" \/>\n<meta property=\"og:title\" content=\"eCopper\u2122 - EERF8-GN3-R-Rz-B - Bunker Seguridad\" \/>\n<meta property=\"og:description\" content=\"KBC eCopper\u2122 est un r\u00e9cepteur Ethernet over UTP (EoU) avec 16 ports UTP fournissant l&#039;alimentation par c\u00e2ble (PoW).\" \/>\n<meta property=\"og:url\" content=\"https:\/\/bunkerseguridad.es\/fr\/produit\/eerf8-gn3-r-rz-b\/\" \/>\n<meta property=\"og:site_name\" content=\"Bunker Seguridad\" \/>\n<meta property=\"article:modified_time\" content=\"2021-03-05T08:22:44+00:00\" \/>\n<meta property=\"og:image\" content=\"https:\/\/bunkerseguridad.es\/fr\/wp-content\/uploads\/2020\/12\/ecopper-UTP-EECF8-GN3-R-Rz-B-1.png\" \/>\n\t<meta property=\"og:image:width\" content=\"1200\" \/>\n\t<meta property=\"og:image:height\" content=\"1200\" \/>\n\t<meta property=\"og:image:type\" content=\"image\/png\" \/>\n<meta name=\"twitter:card\" content=\"summary_large_image\" \/>\n<meta name=\"twitter:label1\" content=\"Dur\u00e9e de lecture estim\u00e9e\" \/>\n\t<meta name=\"twitter:data1\" content=\"2 minutes\" \/>\n<script type=\"application\/ld+json\" class=\"yoast-schema-graph\">{\"@context\":\"https:\/\/schema.org\",\"@graph\":[{\"@type\":\"WebPage\",\"@id\":\"https:\/\/bunkerseguridad.es\/fr\/produit\/eerf8-gn3-r-rz-b\/\",\"url\":\"https:\/\/bunkerseguridad.es\/fr\/produit\/eerf8-gn3-r-rz-b\/\",\"name\":\"eCopper\u2122 - EERF8-GN3-R-Rz-B - Bunker Seguridad\",\"isPartOf\":{\"@id\":\"https:\/\/bunkerseguridad.es\/fr\/#website\"},\"primaryImageOfPage\":{\"@id\":\"https:\/\/bunkerseguridad.es\/fr\/produit\/eerf8-gn3-r-rz-b\/#primaryimage\"},\"image\":{\"@id\":\"https:\/\/bunkerseguridad.es\/fr\/produit\/eerf8-gn3-r-rz-b\/#primaryimage\"},\"thumbnailUrl\":\"https:\/\/bunkerseguridad.es\/fr\/wp-content\/uploads\/2020\/12\/ecopper-UTP-EECF8-GN3-R-Rz-B-1.png\",\"datePublished\":\"2020-12-28T12:53:38+00:00\",\"dateModified\":\"2021-03-05T08:22:44+00:00\",\"description\":\"KBC eCopper\u2122 est un r\u00e9cepteur Ethernet over UTP (EoU) avec 16 ports UTP fournissant l'alimentation par c\u00e2ble (PoW).\",\"breadcrumb\":{\"@id\":\"https:\/\/bunkerseguridad.es\/fr\/produit\/eerf8-gn3-r-rz-b\/#breadcrumb\"},\"inLanguage\":\"fr-FR\",\"potentialAction\":[{\"@type\":\"ReadAction\",\"target\":[\"https:\/\/bunkerseguridad.es\/fr\/produit\/eerf8-gn3-r-rz-b\/\"]}]},{\"@type\":\"ImageObject\",\"inLanguage\":\"fr-FR\",\"@id\":\"https:\/\/bunkerseguridad.es\/fr\/produit\/eerf8-gn3-r-rz-b\/#primaryimage\",\"url\":\"https:\/\/bunkerseguridad.es\/fr\/wp-content\/uploads\/2020\/12\/ecopper-UTP-EECF8-GN3-R-Rz-B-1.png\",\"contentUrl\":\"https:\/\/bunkerseguridad.es\/fr\/wp-content\/uploads\/2020\/12\/ecopper-UTP-EECF8-GN3-R-Rz-B-1.png\",\"width\":1200,\"height\":1200},{\"@type\":\"BreadcrumbList\",\"@id\":\"https:\/\/bunkerseguridad.es\/fr\/produit\/eerf8-gn3-r-rz-b\/#breadcrumb\",\"itemListElement\":[{\"@type\":\"ListItem\",\"position\":1,\"name\":\"Home\",\"item\":\"https:\/\/bunkerseguridad.es\/fr\/\"},{\"@type\":\"ListItem\",\"position\":2,\"name\":\"Shop\",\"item\":\"https:\/\/bunkerseguridad.es\/fr\/shop\/\"},{\"@type\":\"ListItem\",\"position\":3,\"name\":\"eCopper\u2122 &#8211; EERF8-GN3-R-Rz-B\"}]},{\"@type\":\"WebSite\",\"@id\":\"https:\/\/bunkerseguridad.es\/fr\/#website\",\"url\":\"https:\/\/bunkerseguridad.es\/fr\/\",\"name\":\"Bunker Seguridad\",\"description\":\"Otro sitio realizado con WordPress\",\"potentialAction\":[{\"@type\":\"SearchAction\",\"target\":{\"@type\":\"EntryPoint\",\"urlTemplate\":\"https:\/\/bunkerseguridad.es\/fr\/?s={search_term_string}\"},\"query-input\":{\"@type\":\"PropertyValueSpecification\",\"valueRequired\":true,\"valueName\":\"search_term_string\"}}],\"inLanguage\":\"fr-FR\"}]}<\/script>\n<!-- \/ Yoast SEO plugin. -->","yoast_head_json":{"title":"eCopper\u2122 - EERF8-GN3-R-Rz-B - Bunker Seguridad","description":"KBC eCopper\u2122 est un r\u00e9cepteur Ethernet over UTP (EoU) avec 16 ports UTP fournissant l'alimentation par c\u00e2ble (PoW).","robots":{"index":"noindex","follow":"follow","max-snippet":"max-snippet:-1","max-image-preview":"max-image-preview:large","max-video-preview":"max-video-preview:-1"},"og_locale":"fr_FR","og_type":"article","og_title":"eCopper\u2122 - EERF8-GN3-R-Rz-B - Bunker Seguridad","og_description":"KBC eCopper\u2122 est un r\u00e9cepteur Ethernet over UTP (EoU) avec 16 ports UTP fournissant l'alimentation par c\u00e2ble (PoW).","og_url":"https:\/\/bunkerseguridad.es\/fr\/produit\/eerf8-gn3-r-rz-b\/","og_site_name":"Bunker Seguridad","article_modified_time":"2021-03-05T08:22:44+00:00","og_image":[{"width":1200,"height":1200,"url":"https:\/\/bunkerseguridad.es\/fr\/wp-content\/uploads\/2020\/12\/ecopper-UTP-EECF8-GN3-R-Rz-B-1.png","type":"image\/png"}],"twitter_card":"summary_large_image","twitter_misc":{"Dur\u00e9e de lecture estim\u00e9e":"2 minutes"},"schema":{"@context":"https:\/\/schema.org","@graph":[{"@type":"WebPage","@id":"https:\/\/bunkerseguridad.es\/fr\/produit\/eerf8-gn3-r-rz-b\/","url":"https:\/\/bunkerseguridad.es\/fr\/produit\/eerf8-gn3-r-rz-b\/","name":"eCopper\u2122 - EERF8-GN3-R-Rz-B - Bunker Seguridad","isPartOf":{"@id":"https:\/\/bunkerseguridad.es\/fr\/#website"},"primaryImageOfPage":{"@id":"https:\/\/bunkerseguridad.es\/fr\/produit\/eerf8-gn3-r-rz-b\/#primaryimage"},"image":{"@id":"https:\/\/bunkerseguridad.es\/fr\/produit\/eerf8-gn3-r-rz-b\/#primaryimage"},"thumbnailUrl":"https:\/\/bunkerseguridad.es\/fr\/wp-content\/uploads\/2020\/12\/ecopper-UTP-EECF8-GN3-R-Rz-B-1.png","datePublished":"2020-12-28T12:53:38+00:00","dateModified":"2021-03-05T08:22:44+00:00","description":"KBC eCopper\u2122 est un r\u00e9cepteur Ethernet over UTP (EoU) avec 16 ports UTP fournissant l'alimentation par c\u00e2ble (PoW).","breadcrumb":{"@id":"https:\/\/bunkerseguridad.es\/fr\/produit\/eerf8-gn3-r-rz-b\/#breadcrumb"},"inLanguage":"fr-FR","potentialAction":[{"@type":"ReadAction","target":["https:\/\/bunkerseguridad.es\/fr\/produit\/eerf8-gn3-r-rz-b\/"]}]},{"@type":"ImageObject","inLanguage":"fr-FR","@id":"https:\/\/bunkerseguridad.es\/fr\/produit\/eerf8-gn3-r-rz-b\/#primaryimage","url":"https:\/\/bunkerseguridad.es\/fr\/wp-content\/uploads\/2020\/12\/ecopper-UTP-EECF8-GN3-R-Rz-B-1.png","contentUrl":"https:\/\/bunkerseguridad.es\/fr\/wp-content\/uploads\/2020\/12\/ecopper-UTP-EECF8-GN3-R-Rz-B-1.png","width":1200,"height":1200},{"@type":"BreadcrumbList","@id":"https:\/\/bunkerseguridad.es\/fr\/produit\/eerf8-gn3-r-rz-b\/#breadcrumb","itemListElement":[{"@type":"ListItem","position":1,"name":"Home","item":"https:\/\/bunkerseguridad.es\/fr\/"},{"@type":"ListItem","position":2,"name":"Shop","item":"https:\/\/bunkerseguridad.es\/fr\/shop\/"},{"@type":"ListItem","position":3,"name":"eCopper\u2122 &#8211; EERF8-GN3-R-Rz-B"}]},{"@type":"WebSite","@id":"https:\/\/bunkerseguridad.es\/fr\/#website","url":"https:\/\/bunkerseguridad.es\/fr\/","name":"Bunker Seguridad","description":"Otro sitio realizado con WordPress","potentialAction":[{"@type":"SearchAction","target":{"@type":"EntryPoint","urlTemplate":"https:\/\/bunkerseguridad.es\/fr\/?s={search_term_string}"},"query-input":{"@type":"PropertyValueSpecification","valueRequired":true,"valueName":"search_term_string"}}],"inLanguage":"fr-FR"}]}},"brands":[{"id":206,"name":"KBC Networks","slug":"kbc-networks"}],"_links":{"self":[{"href":"https:\/\/bunkerseguridad.es\/fr\/wp-json\/wp\/v2\/product\/6342","targetHints":{"allow":["GET"]}}],"collection":[{"href":"https:\/\/bunkerseguridad.es\/fr\/wp-json\/wp\/v2\/product"}],"about":[{"href":"https:\/\/bunkerseguridad.es\/fr\/wp-json\/wp\/v2\/types\/product"}],"wp:featuredmedia":[{"embeddable":true,"href":"https:\/\/bunkerseguridad.es\/fr\/wp-json\/wp\/v2\/media\/6344"}],"wp:attachment":[{"href":"https:\/\/bunkerseguridad.es\/fr\/wp-json\/wp\/v2\/media?parent=6342"}],"wp:term":[{"taxonomy":"pwb-brand","embeddable":true,"href":"https:\/\/bunkerseguridad.es\/fr\/wp-json\/wp\/v2\/pwb-brand?post=6342"},{"taxonomy":"product_brand","embeddable":true,"href":"https:\/\/bunkerseguridad.es\/fr\/wp-json\/wp\/v2\/product_brand?post=6342"},{"taxonomy":"product_cat","embeddable":true,"href":"https:\/\/bunkerseguridad.es\/fr\/wp-json\/wp\/v2\/product_cat?post=6342"},{"taxonomy":"product_tag","embeddable":true,"href":"https:\/\/bunkerseguridad.es\/fr\/wp-json\/wp\/v2\/product_tag?post=6342"}],"curies":[{"name":"wp","href":"https:\/\/api.w.org\/{rel}","templated":true}]}}