{"id":6354,"date":"2020-12-29T09:16:41","date_gmt":"2020-12-29T09:16:41","guid":{"rendered":"http:\/\/www.bunkerseguridad.es\/en\/?post_type=product&#038;p=6354"},"modified":"2021-03-05T08:54:43","modified_gmt":"2021-03-05T08:54:43","slug":"ecopper-eern1-ln1-t-mz-b","status":"publish","type":"product","link":"https:\/\/bunkerseguridad.es\/fr\/produit\/ecopper-eern1-ln1-t-mz-b\/","title":{"rendered":"eCopper\u2122 &#8211; EERN1-LN1-T-Mz-B"},"content":{"rendered":"<p><strong>eCopper\u2122 &#8211; Le KBC EERN1-LN1-T-MX-B est un \u00e9metteur Ethernet over UTP enti\u00e8rement renforc\u00e9 et le KBC EERN1-LN1-R-MX-B est un r\u00e9cepteur Ethernet over UTP enti\u00e8rement renforc\u00e9<\/strong>. L&rsquo;\u00e9metteur offre une connectivit\u00e9 pour un port \u00e9lectrique en cuivre 10\/100Mbps conforme aux standards IEEE sur c\u00e2ble UTP. Diff\u00e9rents d\u00e9bits de donn\u00e9es sont pris en charge en fonction de la distance et de la qualit\u00e9 du c\u00e2ble. La conception plug-and-play garantit une installation facile, sans aucun r\u00e9glage \u00e9lectrique. Des indicateurs LED sont fournis pour montrer clairement l&rsquo;\u00e9tat de fonctionnement de l&rsquo;unit\u00e9. La taille de l&rsquo;\u00e9metteur est adapt\u00e9e \u00e0 un montage \u00e0 l&rsquo;int\u00e9rieur de bo\u00eetiers de cam\u00e9ras et dans les endroits o\u00f9 l&rsquo;espace est minimal.<\/p>\n<p>Au cours des derni\u00e8res ann\u00e9es, le secteur de la vid\u00e9osurveillance s&rsquo;est fortement orient\u00e9 vers les r\u00e9seaux IP, de plus en plus de cam\u00e9ras HD et IP m\u00e9gapixel sont install\u00e9es. La plupart des nouveaux syst\u00e8mes sont d\u00e9sormais des cam\u00e9ras HD ou IP m\u00e9gapixel reli\u00e9es par des c\u00e2bles CAT5\/5e\/6 ou utilisant des fibres existantes. Certains anciens syst\u00e8mes analogiques utilisaient l&rsquo;UTP pour une meilleure anti-interf\u00e9rence avec des distances comprises entre 100m et 300m. Le plus grand d\u00e9fi de la mise \u00e0 niveau de ces anciens syst\u00e8mes analogiques avec l&rsquo;UTP vers l&rsquo;IP est le c\u00e2blage. Dans la plupart des cas, le co\u00fbt est prohibitif et il est souvent peu pratique de poser \u00e0 nouveau les nouveaux c\u00e2bles. En outre, les Standards Ethernet de l&rsquo;IEEE limitent la distance \u00e0 100m. Dans ce cas, l&rsquo;utilisation de l&rsquo;UTP existant pour transmettre les cam\u00e9ras HD et IP m\u00e9gapixel est le choix le plus \u00e9conomique. KBC a con\u00e7u les produits eCopper\u2122 pour r\u00e9pondre \u00e0 ces contraintes<\/p>\n<p><strong>Caract\u00e9ristiques:<\/strong><\/p>\n<ul>\n<li>D\u00e9bit de donn\u00e9es UTP &gt;40Mbps (1000m)<\/li>\n<li>Conception compl\u00e8te de la protection, y compris la protection contre les surtensions et l&rsquo;\u00e9clairage<\/li>\n<\/ul>\n","protected":false},"excerpt":{"rendered":"<p class=\"componentheading djc_page_heading\"><strong>eCopper\u2122 &#8211; IP over UTP Le transmetteur KBC EERN1-LN1-T-Mz-B 1-ch non-PoE industrial Ethernet over UTP.<\/strong> (1) port Ethernet fixe, autod\u00e9tection 10\/100Mbps. (1) port UTP RJ-45. Entr\u00e9e 12~24VDC. Module compact avec montage par clip.<\/p>\n","protected":false},"featured_media":6357,"template":"","meta":{"_et_pb_use_builder":"","_et_pb_old_content":"","_et_gb_content_width":""},"pwb-brand":[206],"product_brand":[],"product_cat":[31,36],"product_tag":[155,335,146],"class_list":{"0":"post-6354","1":"product","2":"type-product","3":"status-publish","4":"has-post-thumbnail","6":"pwb-brand-kbc-networks","7":"product_cat-transmission-des-donnees","8":"product_cat-ecopper-ip-over-utp-coax","9":"product_tag-10-100mbps","10":"product_tag-ip-sur-utp","11":"product_tag-poe","13":"first","14":"instock","15":"shipping-taxable","16":"product-type-simple"},"yoast_head":"<!-- This site is optimized with the Yoast SEO plugin v25.2 - https:\/\/yoast.com\/wordpress\/plugins\/seo\/ -->\n<title>eCopper\u2122 - EERN1-LN1-T-Mz-B - Bunker Seguridad<\/title>\n<meta name=\"description\" content=\"Le KBC est un \u00e9metteur Ethernet sur coaxial enti\u00e8rement robuste. Cet \u00e9metteur fournit la connectivit\u00e9 pour un port cuivre \u00e0 paire torsad\u00e9e.\" \/>\n<meta name=\"robots\" content=\"noindex, follow, max-snippet:-1, max-image-preview:large, max-video-preview:-1\" \/>\n<meta property=\"og:locale\" content=\"fr_FR\" \/>\n<meta property=\"og:type\" content=\"article\" \/>\n<meta property=\"og:title\" content=\"eCopper\u2122 - EERN1-LN1-T-Mz-B - Bunker Seguridad\" \/>\n<meta property=\"og:description\" content=\"Le KBC est un \u00e9metteur Ethernet sur coaxial enti\u00e8rement robuste. Cet \u00e9metteur fournit la connectivit\u00e9 pour un port cuivre \u00e0 paire torsad\u00e9e.\" \/>\n<meta property=\"og:url\" content=\"https:\/\/bunkerseguridad.es\/fr\/produit\/ecopper-eern1-ln1-t-mz-b\/\" \/>\n<meta property=\"og:site_name\" content=\"Bunker Seguridad\" \/>\n<meta property=\"article:modified_time\" content=\"2021-03-05T08:54:43+00:00\" \/>\n<meta property=\"og:image\" content=\"https:\/\/bunkerseguridad.es\/fr\/wp-content\/uploads\/2020\/12\/UTP-EERN1-LN1-T-Mz-B.png\" \/>\n\t<meta property=\"og:image:width\" content=\"1200\" \/>\n\t<meta property=\"og:image:height\" content=\"1200\" \/>\n\t<meta property=\"og:image:type\" content=\"image\/png\" \/>\n<meta name=\"twitter:card\" content=\"summary_large_image\" \/>\n<meta name=\"twitter:label1\" content=\"Dur\u00e9e de lecture estim\u00e9e\" \/>\n\t<meta name=\"twitter:data1\" content=\"2 minutes\" \/>\n<script type=\"application\/ld+json\" class=\"yoast-schema-graph\">{\"@context\":\"https:\/\/schema.org\",\"@graph\":[{\"@type\":\"WebPage\",\"@id\":\"https:\/\/bunkerseguridad.es\/fr\/produit\/ecopper-eern1-ln1-t-mz-b\/\",\"url\":\"https:\/\/bunkerseguridad.es\/fr\/produit\/ecopper-eern1-ln1-t-mz-b\/\",\"name\":\"eCopper\u2122 - EERN1-LN1-T-Mz-B - Bunker Seguridad\",\"isPartOf\":{\"@id\":\"https:\/\/bunkerseguridad.es\/fr\/#website\"},\"primaryImageOfPage\":{\"@id\":\"https:\/\/bunkerseguridad.es\/fr\/produit\/ecopper-eern1-ln1-t-mz-b\/#primaryimage\"},\"image\":{\"@id\":\"https:\/\/bunkerseguridad.es\/fr\/produit\/ecopper-eern1-ln1-t-mz-b\/#primaryimage\"},\"thumbnailUrl\":\"https:\/\/bunkerseguridad.es\/fr\/wp-content\/uploads\/2020\/12\/UTP-EERN1-LN1-T-Mz-B.png\",\"datePublished\":\"2020-12-29T09:16:41+00:00\",\"dateModified\":\"2021-03-05T08:54:43+00:00\",\"description\":\"Le KBC est un \u00e9metteur Ethernet sur coaxial enti\u00e8rement robuste. Cet \u00e9metteur fournit la connectivit\u00e9 pour un port cuivre \u00e0 paire torsad\u00e9e.\",\"breadcrumb\":{\"@id\":\"https:\/\/bunkerseguridad.es\/fr\/produit\/ecopper-eern1-ln1-t-mz-b\/#breadcrumb\"},\"inLanguage\":\"fr-FR\",\"potentialAction\":[{\"@type\":\"ReadAction\",\"target\":[\"https:\/\/bunkerseguridad.es\/fr\/produit\/ecopper-eern1-ln1-t-mz-b\/\"]}]},{\"@type\":\"ImageObject\",\"inLanguage\":\"fr-FR\",\"@id\":\"https:\/\/bunkerseguridad.es\/fr\/produit\/ecopper-eern1-ln1-t-mz-b\/#primaryimage\",\"url\":\"https:\/\/bunkerseguridad.es\/fr\/wp-content\/uploads\/2020\/12\/UTP-EERN1-LN1-T-Mz-B.png\",\"contentUrl\":\"https:\/\/bunkerseguridad.es\/fr\/wp-content\/uploads\/2020\/12\/UTP-EERN1-LN1-T-Mz-B.png\",\"width\":1200,\"height\":1200},{\"@type\":\"BreadcrumbList\",\"@id\":\"https:\/\/bunkerseguridad.es\/fr\/produit\/ecopper-eern1-ln1-t-mz-b\/#breadcrumb\",\"itemListElement\":[{\"@type\":\"ListItem\",\"position\":1,\"name\":\"Home\",\"item\":\"https:\/\/bunkerseguridad.es\/fr\/\"},{\"@type\":\"ListItem\",\"position\":2,\"name\":\"Shop\",\"item\":\"https:\/\/bunkerseguridad.es\/fr\/shop\/\"},{\"@type\":\"ListItem\",\"position\":3,\"name\":\"eCopper\u2122 &#8211; EERN1-LN1-T-Mz-B\"}]},{\"@type\":\"WebSite\",\"@id\":\"https:\/\/bunkerseguridad.es\/fr\/#website\",\"url\":\"https:\/\/bunkerseguridad.es\/fr\/\",\"name\":\"Bunker Seguridad\",\"description\":\"Otro sitio realizado con WordPress\",\"potentialAction\":[{\"@type\":\"SearchAction\",\"target\":{\"@type\":\"EntryPoint\",\"urlTemplate\":\"https:\/\/bunkerseguridad.es\/fr\/?s={search_term_string}\"},\"query-input\":{\"@type\":\"PropertyValueSpecification\",\"valueRequired\":true,\"valueName\":\"search_term_string\"}}],\"inLanguage\":\"fr-FR\"}]}<\/script>\n<!-- \/ Yoast SEO plugin. -->","yoast_head_json":{"title":"eCopper\u2122 - EERN1-LN1-T-Mz-B - Bunker Seguridad","description":"Le KBC est un \u00e9metteur Ethernet sur coaxial enti\u00e8rement robuste. Cet \u00e9metteur fournit la connectivit\u00e9 pour un port cuivre \u00e0 paire torsad\u00e9e.","robots":{"index":"noindex","follow":"follow","max-snippet":"max-snippet:-1","max-image-preview":"max-image-preview:large","max-video-preview":"max-video-preview:-1"},"og_locale":"fr_FR","og_type":"article","og_title":"eCopper\u2122 - EERN1-LN1-T-Mz-B - Bunker Seguridad","og_description":"Le KBC est un \u00e9metteur Ethernet sur coaxial enti\u00e8rement robuste. Cet \u00e9metteur fournit la connectivit\u00e9 pour un port cuivre \u00e0 paire torsad\u00e9e.","og_url":"https:\/\/bunkerseguridad.es\/fr\/produit\/ecopper-eern1-ln1-t-mz-b\/","og_site_name":"Bunker Seguridad","article_modified_time":"2021-03-05T08:54:43+00:00","og_image":[{"width":1200,"height":1200,"url":"https:\/\/bunkerseguridad.es\/fr\/wp-content\/uploads\/2020\/12\/UTP-EERN1-LN1-T-Mz-B.png","type":"image\/png"}],"twitter_card":"summary_large_image","twitter_misc":{"Dur\u00e9e de lecture estim\u00e9e":"2 minutes"},"schema":{"@context":"https:\/\/schema.org","@graph":[{"@type":"WebPage","@id":"https:\/\/bunkerseguridad.es\/fr\/produit\/ecopper-eern1-ln1-t-mz-b\/","url":"https:\/\/bunkerseguridad.es\/fr\/produit\/ecopper-eern1-ln1-t-mz-b\/","name":"eCopper\u2122 - EERN1-LN1-T-Mz-B - Bunker Seguridad","isPartOf":{"@id":"https:\/\/bunkerseguridad.es\/fr\/#website"},"primaryImageOfPage":{"@id":"https:\/\/bunkerseguridad.es\/fr\/produit\/ecopper-eern1-ln1-t-mz-b\/#primaryimage"},"image":{"@id":"https:\/\/bunkerseguridad.es\/fr\/produit\/ecopper-eern1-ln1-t-mz-b\/#primaryimage"},"thumbnailUrl":"https:\/\/bunkerseguridad.es\/fr\/wp-content\/uploads\/2020\/12\/UTP-EERN1-LN1-T-Mz-B.png","datePublished":"2020-12-29T09:16:41+00:00","dateModified":"2021-03-05T08:54:43+00:00","description":"Le KBC est un \u00e9metteur Ethernet sur coaxial enti\u00e8rement robuste. Cet \u00e9metteur fournit la connectivit\u00e9 pour un port cuivre \u00e0 paire torsad\u00e9e.","breadcrumb":{"@id":"https:\/\/bunkerseguridad.es\/fr\/produit\/ecopper-eern1-ln1-t-mz-b\/#breadcrumb"},"inLanguage":"fr-FR","potentialAction":[{"@type":"ReadAction","target":["https:\/\/bunkerseguridad.es\/fr\/produit\/ecopper-eern1-ln1-t-mz-b\/"]}]},{"@type":"ImageObject","inLanguage":"fr-FR","@id":"https:\/\/bunkerseguridad.es\/fr\/produit\/ecopper-eern1-ln1-t-mz-b\/#primaryimage","url":"https:\/\/bunkerseguridad.es\/fr\/wp-content\/uploads\/2020\/12\/UTP-EERN1-LN1-T-Mz-B.png","contentUrl":"https:\/\/bunkerseguridad.es\/fr\/wp-content\/uploads\/2020\/12\/UTP-EERN1-LN1-T-Mz-B.png","width":1200,"height":1200},{"@type":"BreadcrumbList","@id":"https:\/\/bunkerseguridad.es\/fr\/produit\/ecopper-eern1-ln1-t-mz-b\/#breadcrumb","itemListElement":[{"@type":"ListItem","position":1,"name":"Home","item":"https:\/\/bunkerseguridad.es\/fr\/"},{"@type":"ListItem","position":2,"name":"Shop","item":"https:\/\/bunkerseguridad.es\/fr\/shop\/"},{"@type":"ListItem","position":3,"name":"eCopper\u2122 &#8211; EERN1-LN1-T-Mz-B"}]},{"@type":"WebSite","@id":"https:\/\/bunkerseguridad.es\/fr\/#website","url":"https:\/\/bunkerseguridad.es\/fr\/","name":"Bunker Seguridad","description":"Otro sitio realizado con WordPress","potentialAction":[{"@type":"SearchAction","target":{"@type":"EntryPoint","urlTemplate":"https:\/\/bunkerseguridad.es\/fr\/?s={search_term_string}"},"query-input":{"@type":"PropertyValueSpecification","valueRequired":true,"valueName":"search_term_string"}}],"inLanguage":"fr-FR"}]}},"brands":[{"id":206,"name":"KBC Networks","slug":"kbc-networks"}],"_links":{"self":[{"href":"https:\/\/bunkerseguridad.es\/fr\/wp-json\/wp\/v2\/product\/6354","targetHints":{"allow":["GET"]}}],"collection":[{"href":"https:\/\/bunkerseguridad.es\/fr\/wp-json\/wp\/v2\/product"}],"about":[{"href":"https:\/\/bunkerseguridad.es\/fr\/wp-json\/wp\/v2\/types\/product"}],"wp:featuredmedia":[{"embeddable":true,"href":"https:\/\/bunkerseguridad.es\/fr\/wp-json\/wp\/v2\/media\/6357"}],"wp:attachment":[{"href":"https:\/\/bunkerseguridad.es\/fr\/wp-json\/wp\/v2\/media?parent=6354"}],"wp:term":[{"taxonomy":"pwb-brand","embeddable":true,"href":"https:\/\/bunkerseguridad.es\/fr\/wp-json\/wp\/v2\/pwb-brand?post=6354"},{"taxonomy":"product_brand","embeddable":true,"href":"https:\/\/bunkerseguridad.es\/fr\/wp-json\/wp\/v2\/product_brand?post=6354"},{"taxonomy":"product_cat","embeddable":true,"href":"https:\/\/bunkerseguridad.es\/fr\/wp-json\/wp\/v2\/product_cat?post=6354"},{"taxonomy":"product_tag","embeddable":true,"href":"https:\/\/bunkerseguridad.es\/fr\/wp-json\/wp\/v2\/product_tag?post=6354"}],"curies":[{"name":"wp","href":"https:\/\/api.w.org\/{rel}","templated":true}]}}