{"id":6370,"date":"2020-12-29T12:19:34","date_gmt":"2020-12-29T12:19:34","guid":{"rendered":"http:\/\/www.bunkerseguridad.es\/en\/?post_type=product&#038;p=6370"},"modified":"2021-02-17T08:53:14","modified_gmt":"2021-02-17T08:53:14","slug":"gst60a48-alimentation-electrique","status":"publish","type":"product","link":"https:\/\/bunkerseguridad.es\/fr\/produit\/gst60a48-alimentation-electrique\/","title":{"rendered":"GST60A48 &#8211; Alimentation \u00e9lectrique"},"content":{"rendered":"<p><strong>The KBC GST60A48\u00a0<\/strong> 60W AC-DC iprise d&rsquo;alimentation industrielle. 90-264VAC in, 48VDC out, -30 \u00b0 C \u00e0 + 70 \u00b0 C (-22 \u00b0 F \u00e0 158 \u00b0 F) plage de temp\u00e9ratures de fonctionnement.<\/p>\n<p><strong>Caract\u00e9ristiques:<\/strong><\/p>\n<ul>\n<li>Entr\u00e9e CA universelle \/ gamme compl\u00e8te<\/li>\n<li>Entr\u00e9e CA 3 p\u00f4les IEC320-C14, bloc d&rsquo;alimentation de classe I<\/li>\n<li>Aucune consommation d&rsquo;\u00e9nergie de charge &lt;0,075 W<\/li>\n<li>Niveau d&rsquo;efficacit\u00e9 \u00e9nerg\u00e9tique VI<\/li>\n<li>Conforme \u00e0 EISA 2007 (DoE, RNCan, Cor\u00e9e K-MEMPS<\/li>\n<li>Protections: court-circuit \/ surcharge \/ surtension<\/li>\n<li>Bo\u00eetier en plastique enti\u00e8rement ferm\u00e9<\/li>\n<li>Passer LPS<\/li>\n<li>Indicateur LED pour la mise sous tension<\/li>\n<\/ul>\n","protected":false},"excerpt":{"rendered":"<p class=\"componentheading djc_page_heading\"><strong>Power Supply &#8211; GST60A48 <\/strong> 60W AC-DCprise d&rsquo;alimentation industrielle. 90-264VAC in, 48VDC out, -30 \u00b0 C \u00e0 + 70 \u00b0 C (-22 \u00b0 F \u00e0 158 \u00b0 F) plage de temp\u00e9ratures de fonctionnement.<\/p>\n","protected":false},"featured_media":6371,"template":"","meta":{"_et_pb_use_builder":"","_et_pb_old_content":"","_et_gb_content_width":""},"pwb-brand":[206],"product_brand":[],"product_cat":[31,32],"product_tag":[194,193],"class_list":{"0":"post-6370","1":"product","2":"type-product","3":"status-publish","4":"has-post-thumbnail","6":"pwb-brand-kbc-networks","7":"product_cat-transmission-des-donnees","8":"product_cat-alimentation-electrique","9":"product_tag-60w","10":"product_tag-alimentation-electrique","12":"first","13":"instock","14":"shipping-taxable","15":"product-type-simple"},"yoast_head":"<!-- This site is optimized with the Yoast SEO plugin v25.2 - https:\/\/yoast.com\/wordpress\/plugins\/seo\/ -->\n<title>GST60A48 - Alimentation \u00e9lectrique - Bunker Seguridad<\/title>\n<meta name=\"description\" content=\"Alimentation \u00e9lectrique industrielle. GST60A48, KBC networks, Protections: court-circuit, surcharge, surtension.\" \/>\n<meta name=\"robots\" content=\"noindex, follow, max-snippet:-1, max-image-preview:large, max-video-preview:-1\" \/>\n<meta property=\"og:locale\" content=\"fr_FR\" \/>\n<meta property=\"og:type\" content=\"article\" \/>\n<meta property=\"og:title\" content=\"GST60A48 - Alimentation \u00e9lectrique - Bunker Seguridad\" \/>\n<meta property=\"og:description\" content=\"Alimentation \u00e9lectrique industrielle. GST60A48, KBC networks, Protections: court-circuit, surcharge, surtension.\" \/>\n<meta property=\"og:url\" content=\"https:\/\/bunkerseguridad.es\/fr\/produit\/gst60a48-alimentation-electrique\/\" \/>\n<meta property=\"og:site_name\" content=\"Bunker Seguridad\" \/>\n<meta property=\"article:modified_time\" content=\"2021-02-17T08:53:14+00:00\" \/>\n<meta property=\"og:image\" content=\"https:\/\/bunkerseguridad.es\/fr\/wp-content\/uploads\/2020\/12\/power-supply-GST60A48.png\" \/>\n\t<meta property=\"og:image:width\" content=\"1200\" \/>\n\t<meta property=\"og:image:height\" content=\"1200\" \/>\n\t<meta property=\"og:image:type\" content=\"image\/png\" \/>\n<meta name=\"twitter:card\" content=\"summary_large_image\" \/>\n<meta name=\"twitter:label1\" content=\"Dur\u00e9e de lecture estim\u00e9e\" \/>\n\t<meta name=\"twitter:data1\" content=\"1 minute\" \/>\n<script type=\"application\/ld+json\" class=\"yoast-schema-graph\">{\"@context\":\"https:\/\/schema.org\",\"@graph\":[{\"@type\":\"WebPage\",\"@id\":\"https:\/\/bunkerseguridad.es\/fr\/produit\/gst60a48-alimentation-electrique\/\",\"url\":\"https:\/\/bunkerseguridad.es\/fr\/produit\/gst60a48-alimentation-electrique\/\",\"name\":\"GST60A48 - Alimentation \u00e9lectrique - Bunker Seguridad\",\"isPartOf\":{\"@id\":\"https:\/\/bunkerseguridad.es\/fr\/#website\"},\"primaryImageOfPage\":{\"@id\":\"https:\/\/bunkerseguridad.es\/fr\/produit\/gst60a48-alimentation-electrique\/#primaryimage\"},\"image\":{\"@id\":\"https:\/\/bunkerseguridad.es\/fr\/produit\/gst60a48-alimentation-electrique\/#primaryimage\"},\"thumbnailUrl\":\"https:\/\/bunkerseguridad.es\/fr\/wp-content\/uploads\/2020\/12\/power-supply-GST60A48.png\",\"datePublished\":\"2020-12-29T12:19:34+00:00\",\"dateModified\":\"2021-02-17T08:53:14+00:00\",\"description\":\"Alimentation \u00e9lectrique industrielle. GST60A48, KBC networks, Protections: court-circuit, surcharge, surtension.\",\"breadcrumb\":{\"@id\":\"https:\/\/bunkerseguridad.es\/fr\/produit\/gst60a48-alimentation-electrique\/#breadcrumb\"},\"inLanguage\":\"fr-FR\",\"potentialAction\":[{\"@type\":\"ReadAction\",\"target\":[\"https:\/\/bunkerseguridad.es\/fr\/produit\/gst60a48-alimentation-electrique\/\"]}]},{\"@type\":\"ImageObject\",\"inLanguage\":\"fr-FR\",\"@id\":\"https:\/\/bunkerseguridad.es\/fr\/produit\/gst60a48-alimentation-electrique\/#primaryimage\",\"url\":\"https:\/\/bunkerseguridad.es\/fr\/wp-content\/uploads\/2020\/12\/power-supply-GST60A48.png\",\"contentUrl\":\"https:\/\/bunkerseguridad.es\/fr\/wp-content\/uploads\/2020\/12\/power-supply-GST60A48.png\",\"width\":1200,\"height\":1200,\"caption\":\"Source de courant\"},{\"@type\":\"BreadcrumbList\",\"@id\":\"https:\/\/bunkerseguridad.es\/fr\/produit\/gst60a48-alimentation-electrique\/#breadcrumb\",\"itemListElement\":[{\"@type\":\"ListItem\",\"position\":1,\"name\":\"Home\",\"item\":\"https:\/\/bunkerseguridad.es\/fr\/\"},{\"@type\":\"ListItem\",\"position\":2,\"name\":\"Shop\",\"item\":\"https:\/\/bunkerseguridad.es\/fr\/shop\/\"},{\"@type\":\"ListItem\",\"position\":3,\"name\":\"GST60A48 &#8211; Alimentation \u00e9lectrique\"}]},{\"@type\":\"WebSite\",\"@id\":\"https:\/\/bunkerseguridad.es\/fr\/#website\",\"url\":\"https:\/\/bunkerseguridad.es\/fr\/\",\"name\":\"Bunker Seguridad\",\"description\":\"Otro sitio realizado con WordPress\",\"potentialAction\":[{\"@type\":\"SearchAction\",\"target\":{\"@type\":\"EntryPoint\",\"urlTemplate\":\"https:\/\/bunkerseguridad.es\/fr\/?s={search_term_string}\"},\"query-input\":{\"@type\":\"PropertyValueSpecification\",\"valueRequired\":true,\"valueName\":\"search_term_string\"}}],\"inLanguage\":\"fr-FR\"}]}<\/script>\n<!-- \/ Yoast SEO plugin. -->","yoast_head_json":{"title":"GST60A48 - Alimentation \u00e9lectrique - Bunker Seguridad","description":"Alimentation \u00e9lectrique industrielle. GST60A48, KBC networks, Protections: court-circuit, surcharge, surtension.","robots":{"index":"noindex","follow":"follow","max-snippet":"max-snippet:-1","max-image-preview":"max-image-preview:large","max-video-preview":"max-video-preview:-1"},"og_locale":"fr_FR","og_type":"article","og_title":"GST60A48 - Alimentation \u00e9lectrique - Bunker Seguridad","og_description":"Alimentation \u00e9lectrique industrielle. GST60A48, KBC networks, Protections: court-circuit, surcharge, surtension.","og_url":"https:\/\/bunkerseguridad.es\/fr\/produit\/gst60a48-alimentation-electrique\/","og_site_name":"Bunker Seguridad","article_modified_time":"2021-02-17T08:53:14+00:00","og_image":[{"width":1200,"height":1200,"url":"https:\/\/bunkerseguridad.es\/fr\/wp-content\/uploads\/2020\/12\/power-supply-GST60A48.png","type":"image\/png"}],"twitter_card":"summary_large_image","twitter_misc":{"Dur\u00e9e de lecture estim\u00e9e":"1 minute"},"schema":{"@context":"https:\/\/schema.org","@graph":[{"@type":"WebPage","@id":"https:\/\/bunkerseguridad.es\/fr\/produit\/gst60a48-alimentation-electrique\/","url":"https:\/\/bunkerseguridad.es\/fr\/produit\/gst60a48-alimentation-electrique\/","name":"GST60A48 - Alimentation \u00e9lectrique - Bunker Seguridad","isPartOf":{"@id":"https:\/\/bunkerseguridad.es\/fr\/#website"},"primaryImageOfPage":{"@id":"https:\/\/bunkerseguridad.es\/fr\/produit\/gst60a48-alimentation-electrique\/#primaryimage"},"image":{"@id":"https:\/\/bunkerseguridad.es\/fr\/produit\/gst60a48-alimentation-electrique\/#primaryimage"},"thumbnailUrl":"https:\/\/bunkerseguridad.es\/fr\/wp-content\/uploads\/2020\/12\/power-supply-GST60A48.png","datePublished":"2020-12-29T12:19:34+00:00","dateModified":"2021-02-17T08:53:14+00:00","description":"Alimentation \u00e9lectrique industrielle. GST60A48, KBC networks, Protections: court-circuit, surcharge, surtension.","breadcrumb":{"@id":"https:\/\/bunkerseguridad.es\/fr\/produit\/gst60a48-alimentation-electrique\/#breadcrumb"},"inLanguage":"fr-FR","potentialAction":[{"@type":"ReadAction","target":["https:\/\/bunkerseguridad.es\/fr\/produit\/gst60a48-alimentation-electrique\/"]}]},{"@type":"ImageObject","inLanguage":"fr-FR","@id":"https:\/\/bunkerseguridad.es\/fr\/produit\/gst60a48-alimentation-electrique\/#primaryimage","url":"https:\/\/bunkerseguridad.es\/fr\/wp-content\/uploads\/2020\/12\/power-supply-GST60A48.png","contentUrl":"https:\/\/bunkerseguridad.es\/fr\/wp-content\/uploads\/2020\/12\/power-supply-GST60A48.png","width":1200,"height":1200,"caption":"Source de courant"},{"@type":"BreadcrumbList","@id":"https:\/\/bunkerseguridad.es\/fr\/produit\/gst60a48-alimentation-electrique\/#breadcrumb","itemListElement":[{"@type":"ListItem","position":1,"name":"Home","item":"https:\/\/bunkerseguridad.es\/fr\/"},{"@type":"ListItem","position":2,"name":"Shop","item":"https:\/\/bunkerseguridad.es\/fr\/shop\/"},{"@type":"ListItem","position":3,"name":"GST60A48 &#8211; Alimentation \u00e9lectrique"}]},{"@type":"WebSite","@id":"https:\/\/bunkerseguridad.es\/fr\/#website","url":"https:\/\/bunkerseguridad.es\/fr\/","name":"Bunker Seguridad","description":"Otro sitio realizado con WordPress","potentialAction":[{"@type":"SearchAction","target":{"@type":"EntryPoint","urlTemplate":"https:\/\/bunkerseguridad.es\/fr\/?s={search_term_string}"},"query-input":{"@type":"PropertyValueSpecification","valueRequired":true,"valueName":"search_term_string"}}],"inLanguage":"fr-FR"}]}},"brands":[{"id":206,"name":"KBC Networks","slug":"kbc-networks"}],"_links":{"self":[{"href":"https:\/\/bunkerseguridad.es\/fr\/wp-json\/wp\/v2\/product\/6370","targetHints":{"allow":["GET"]}}],"collection":[{"href":"https:\/\/bunkerseguridad.es\/fr\/wp-json\/wp\/v2\/product"}],"about":[{"href":"https:\/\/bunkerseguridad.es\/fr\/wp-json\/wp\/v2\/types\/product"}],"wp:featuredmedia":[{"embeddable":true,"href":"https:\/\/bunkerseguridad.es\/fr\/wp-json\/wp\/v2\/media\/6371"}],"wp:attachment":[{"href":"https:\/\/bunkerseguridad.es\/fr\/wp-json\/wp\/v2\/media?parent=6370"}],"wp:term":[{"taxonomy":"pwb-brand","embeddable":true,"href":"https:\/\/bunkerseguridad.es\/fr\/wp-json\/wp\/v2\/pwb-brand?post=6370"},{"taxonomy":"product_brand","embeddable":true,"href":"https:\/\/bunkerseguridad.es\/fr\/wp-json\/wp\/v2\/product_brand?post=6370"},{"taxonomy":"product_cat","embeddable":true,"href":"https:\/\/bunkerseguridad.es\/fr\/wp-json\/wp\/v2\/product_cat?post=6370"},{"taxonomy":"product_tag","embeddable":true,"href":"https:\/\/bunkerseguridad.es\/fr\/wp-json\/wp\/v2\/product_tag?post=6370"}],"curies":[{"name":"wp","href":"https:\/\/api.w.org\/{rel}","templated":true}]}}