{"id":6372,"date":"2020-12-29T12:33:36","date_gmt":"2020-12-29T12:33:36","guid":{"rendered":"http:\/\/www.bunkerseguridad.es\/en\/?post_type=product&#038;p=6372"},"modified":"2021-02-17T08:40:54","modified_gmt":"2021-02-17T08:40:54","slug":"gst160a48-alimentation-electrique","status":"publish","type":"product","link":"https:\/\/bunkerseguridad.es\/fr\/produit\/gst160a48-alimentation-electrique\/","title":{"rendered":"GST160A48 &#8211; Alimentation \u00e9lectrique"},"content":{"rendered":"<p><strong>The KBC GST160A48\u00a0<\/strong>Prise de courant industrielle de 160W AC-DC. 90-264VAC in, 48VDC out, -30\u00b0C \u00e0 +70\u00b0C (-22\u00b0F \u00e0 158\u00b0F) plage de temp\u00e9rature de fonctionnement.<\/p>\n<p><strong>Caract\u00e9ristiques:<\/strong><\/p>\n<ul>\n<li>Entr\u00e9e CA universelle\/plage compl\u00e8te<\/li>\n<li>Entr\u00e9e Ac 3 p\u00f4les IEC320-C14, unit\u00e9 de puissance de classe I<\/li>\n<li>Fonction PFC active int\u00e9gr\u00e9e<\/li>\n<li>Consommation \u00e9lectrique \u00e0 vide &lt;0,15W<\/li>\n<li>Efficacit\u00e9 \u00e9nerg\u00e9tique Niveau VI<\/li>\n<li>Conforme \u00e0 l&rsquo;EISA 2007\/DoE, RNCan, Cor\u00e9e K-MEMPS<\/li>\n<li>Protections : Court-circuit \/ Surcharge \/ Surtension<\/li>\n<li>Bo\u00eetier en plastique enti\u00e8rement ferm\u00e9<\/li>\n<li>Indicateur lumineux de mise sous tension<\/li>\n<\/ul>\n","protected":false},"excerpt":{"rendered":"<p class=\"componentheading djc_page_heading\"><strong>Power Supply &#8211; GST160A48 <\/strong>Prise de courant industrielle de 160W AC-DC. 90-264VAC in, 48VDC out, -30\u00b0C \u00e0 +70\u00b0C (-22\u00b0F \u00e0 158\u00b0F) plage de temp\u00e9rature de fonctionnement<\/p>\n","protected":false},"featured_media":6373,"template":"","meta":{"_et_pb_use_builder":"","_et_pb_old_content":"","_et_gb_content_width":""},"pwb-brand":[206],"product_brand":[],"product_cat":[31,32],"product_tag":[341,193],"class_list":{"0":"post-6372","1":"product","2":"type-product","3":"status-publish","4":"has-post-thumbnail","6":"pwb-brand-kbc-networks","7":"product_cat-transmission-des-donnees","8":"product_cat-alimentation-electrique","9":"product_tag-160w","10":"product_tag-alimentation-electrique","12":"first","13":"instock","14":"shipping-taxable","15":"product-type-simple"},"yoast_head":"<!-- This site is optimized with the Yoast SEO plugin v25.2 - https:\/\/yoast.com\/wordpress\/plugins\/seo\/ -->\n<title>GST160A48 - Alimentation \u00e9lectrique - Bunker Seguridad<\/title>\n<meta name=\"description\" content=\"Alimentation \u00e9lectrique industrielle. KBC Networks, Protections : Court-circuit, Surcharge, Surtension, GST160A48\" \/>\n<meta name=\"robots\" content=\"noindex, follow, max-snippet:-1, max-image-preview:large, max-video-preview:-1\" \/>\n<meta property=\"og:locale\" content=\"fr_FR\" \/>\n<meta property=\"og:type\" content=\"article\" \/>\n<meta property=\"og:title\" content=\"GST160A48 - Alimentation \u00e9lectrique - Bunker Seguridad\" \/>\n<meta property=\"og:description\" content=\"Alimentation \u00e9lectrique industrielle. KBC Networks, Protections : Court-circuit, Surcharge, Surtension, GST160A48\" \/>\n<meta property=\"og:url\" content=\"https:\/\/bunkerseguridad.es\/fr\/produit\/gst160a48-alimentation-electrique\/\" \/>\n<meta property=\"og:site_name\" content=\"Bunker Seguridad\" \/>\n<meta property=\"article:modified_time\" content=\"2021-02-17T08:40:54+00:00\" \/>\n<meta property=\"og:image\" content=\"https:\/\/bunkerseguridad.es\/fr\/wp-content\/uploads\/2020\/12\/power-supply-GST160A48.png\" \/>\n\t<meta property=\"og:image:width\" content=\"1200\" \/>\n\t<meta property=\"og:image:height\" content=\"1200\" \/>\n\t<meta property=\"og:image:type\" content=\"image\/png\" \/>\n<meta name=\"twitter:card\" content=\"summary_large_image\" \/>\n<meta name=\"twitter:label1\" content=\"Dur\u00e9e de lecture estim\u00e9e\" \/>\n\t<meta name=\"twitter:data1\" content=\"1 minute\" \/>\n<script type=\"application\/ld+json\" class=\"yoast-schema-graph\">{\"@context\":\"https:\/\/schema.org\",\"@graph\":[{\"@type\":\"WebPage\",\"@id\":\"https:\/\/bunkerseguridad.es\/fr\/produit\/gst160a48-alimentation-electrique\/\",\"url\":\"https:\/\/bunkerseguridad.es\/fr\/produit\/gst160a48-alimentation-electrique\/\",\"name\":\"GST160A48 - Alimentation \u00e9lectrique - Bunker Seguridad\",\"isPartOf\":{\"@id\":\"https:\/\/bunkerseguridad.es\/fr\/#website\"},\"primaryImageOfPage\":{\"@id\":\"https:\/\/bunkerseguridad.es\/fr\/produit\/gst160a48-alimentation-electrique\/#primaryimage\"},\"image\":{\"@id\":\"https:\/\/bunkerseguridad.es\/fr\/produit\/gst160a48-alimentation-electrique\/#primaryimage\"},\"thumbnailUrl\":\"https:\/\/bunkerseguridad.es\/fr\/wp-content\/uploads\/2020\/12\/power-supply-GST160A48.png\",\"datePublished\":\"2020-12-29T12:33:36+00:00\",\"dateModified\":\"2021-02-17T08:40:54+00:00\",\"description\":\"Alimentation \u00e9lectrique industrielle. KBC Networks, Protections : Court-circuit, Surcharge, Surtension, GST160A48\",\"breadcrumb\":{\"@id\":\"https:\/\/bunkerseguridad.es\/fr\/produit\/gst160a48-alimentation-electrique\/#breadcrumb\"},\"inLanguage\":\"fr-FR\",\"potentialAction\":[{\"@type\":\"ReadAction\",\"target\":[\"https:\/\/bunkerseguridad.es\/fr\/produit\/gst160a48-alimentation-electrique\/\"]}]},{\"@type\":\"ImageObject\",\"inLanguage\":\"fr-FR\",\"@id\":\"https:\/\/bunkerseguridad.es\/fr\/produit\/gst160a48-alimentation-electrique\/#primaryimage\",\"url\":\"https:\/\/bunkerseguridad.es\/fr\/wp-content\/uploads\/2020\/12\/power-supply-GST160A48.png\",\"contentUrl\":\"https:\/\/bunkerseguridad.es\/fr\/wp-content\/uploads\/2020\/12\/power-supply-GST160A48.png\",\"width\":1200,\"height\":1200,\"caption\":\"Source de courant\"},{\"@type\":\"BreadcrumbList\",\"@id\":\"https:\/\/bunkerseguridad.es\/fr\/produit\/gst160a48-alimentation-electrique\/#breadcrumb\",\"itemListElement\":[{\"@type\":\"ListItem\",\"position\":1,\"name\":\"Home\",\"item\":\"https:\/\/bunkerseguridad.es\/fr\/\"},{\"@type\":\"ListItem\",\"position\":2,\"name\":\"Shop\",\"item\":\"https:\/\/bunkerseguridad.es\/fr\/shop\/\"},{\"@type\":\"ListItem\",\"position\":3,\"name\":\"GST160A48 &#8211; Alimentation \u00e9lectrique\"}]},{\"@type\":\"WebSite\",\"@id\":\"https:\/\/bunkerseguridad.es\/fr\/#website\",\"url\":\"https:\/\/bunkerseguridad.es\/fr\/\",\"name\":\"Bunker Seguridad\",\"description\":\"Otro sitio realizado con WordPress\",\"potentialAction\":[{\"@type\":\"SearchAction\",\"target\":{\"@type\":\"EntryPoint\",\"urlTemplate\":\"https:\/\/bunkerseguridad.es\/fr\/?s={search_term_string}\"},\"query-input\":{\"@type\":\"PropertyValueSpecification\",\"valueRequired\":true,\"valueName\":\"search_term_string\"}}],\"inLanguage\":\"fr-FR\"}]}<\/script>\n<!-- \/ Yoast SEO plugin. -->","yoast_head_json":{"title":"GST160A48 - Alimentation \u00e9lectrique - Bunker Seguridad","description":"Alimentation \u00e9lectrique industrielle. KBC Networks, Protections : Court-circuit, Surcharge, Surtension, GST160A48","robots":{"index":"noindex","follow":"follow","max-snippet":"max-snippet:-1","max-image-preview":"max-image-preview:large","max-video-preview":"max-video-preview:-1"},"og_locale":"fr_FR","og_type":"article","og_title":"GST160A48 - Alimentation \u00e9lectrique - Bunker Seguridad","og_description":"Alimentation \u00e9lectrique industrielle. KBC Networks, Protections : Court-circuit, Surcharge, Surtension, GST160A48","og_url":"https:\/\/bunkerseguridad.es\/fr\/produit\/gst160a48-alimentation-electrique\/","og_site_name":"Bunker Seguridad","article_modified_time":"2021-02-17T08:40:54+00:00","og_image":[{"width":1200,"height":1200,"url":"https:\/\/bunkerseguridad.es\/fr\/wp-content\/uploads\/2020\/12\/power-supply-GST160A48.png","type":"image\/png"}],"twitter_card":"summary_large_image","twitter_misc":{"Dur\u00e9e de lecture estim\u00e9e":"1 minute"},"schema":{"@context":"https:\/\/schema.org","@graph":[{"@type":"WebPage","@id":"https:\/\/bunkerseguridad.es\/fr\/produit\/gst160a48-alimentation-electrique\/","url":"https:\/\/bunkerseguridad.es\/fr\/produit\/gst160a48-alimentation-electrique\/","name":"GST160A48 - Alimentation \u00e9lectrique - Bunker Seguridad","isPartOf":{"@id":"https:\/\/bunkerseguridad.es\/fr\/#website"},"primaryImageOfPage":{"@id":"https:\/\/bunkerseguridad.es\/fr\/produit\/gst160a48-alimentation-electrique\/#primaryimage"},"image":{"@id":"https:\/\/bunkerseguridad.es\/fr\/produit\/gst160a48-alimentation-electrique\/#primaryimage"},"thumbnailUrl":"https:\/\/bunkerseguridad.es\/fr\/wp-content\/uploads\/2020\/12\/power-supply-GST160A48.png","datePublished":"2020-12-29T12:33:36+00:00","dateModified":"2021-02-17T08:40:54+00:00","description":"Alimentation \u00e9lectrique industrielle. KBC Networks, Protections : Court-circuit, Surcharge, Surtension, GST160A48","breadcrumb":{"@id":"https:\/\/bunkerseguridad.es\/fr\/produit\/gst160a48-alimentation-electrique\/#breadcrumb"},"inLanguage":"fr-FR","potentialAction":[{"@type":"ReadAction","target":["https:\/\/bunkerseguridad.es\/fr\/produit\/gst160a48-alimentation-electrique\/"]}]},{"@type":"ImageObject","inLanguage":"fr-FR","@id":"https:\/\/bunkerseguridad.es\/fr\/produit\/gst160a48-alimentation-electrique\/#primaryimage","url":"https:\/\/bunkerseguridad.es\/fr\/wp-content\/uploads\/2020\/12\/power-supply-GST160A48.png","contentUrl":"https:\/\/bunkerseguridad.es\/fr\/wp-content\/uploads\/2020\/12\/power-supply-GST160A48.png","width":1200,"height":1200,"caption":"Source de courant"},{"@type":"BreadcrumbList","@id":"https:\/\/bunkerseguridad.es\/fr\/produit\/gst160a48-alimentation-electrique\/#breadcrumb","itemListElement":[{"@type":"ListItem","position":1,"name":"Home","item":"https:\/\/bunkerseguridad.es\/fr\/"},{"@type":"ListItem","position":2,"name":"Shop","item":"https:\/\/bunkerseguridad.es\/fr\/shop\/"},{"@type":"ListItem","position":3,"name":"GST160A48 &#8211; Alimentation \u00e9lectrique"}]},{"@type":"WebSite","@id":"https:\/\/bunkerseguridad.es\/fr\/#website","url":"https:\/\/bunkerseguridad.es\/fr\/","name":"Bunker Seguridad","description":"Otro sitio realizado con WordPress","potentialAction":[{"@type":"SearchAction","target":{"@type":"EntryPoint","urlTemplate":"https:\/\/bunkerseguridad.es\/fr\/?s={search_term_string}"},"query-input":{"@type":"PropertyValueSpecification","valueRequired":true,"valueName":"search_term_string"}}],"inLanguage":"fr-FR"}]}},"brands":[{"id":206,"name":"KBC Networks","slug":"kbc-networks"}],"_links":{"self":[{"href":"https:\/\/bunkerseguridad.es\/fr\/wp-json\/wp\/v2\/product\/6372","targetHints":{"allow":["GET"]}}],"collection":[{"href":"https:\/\/bunkerseguridad.es\/fr\/wp-json\/wp\/v2\/product"}],"about":[{"href":"https:\/\/bunkerseguridad.es\/fr\/wp-json\/wp\/v2\/types\/product"}],"wp:featuredmedia":[{"embeddable":true,"href":"https:\/\/bunkerseguridad.es\/fr\/wp-json\/wp\/v2\/media\/6373"}],"wp:attachment":[{"href":"https:\/\/bunkerseguridad.es\/fr\/wp-json\/wp\/v2\/media?parent=6372"}],"wp:term":[{"taxonomy":"pwb-brand","embeddable":true,"href":"https:\/\/bunkerseguridad.es\/fr\/wp-json\/wp\/v2\/pwb-brand?post=6372"},{"taxonomy":"product_brand","embeddable":true,"href":"https:\/\/bunkerseguridad.es\/fr\/wp-json\/wp\/v2\/product_brand?post=6372"},{"taxonomy":"product_cat","embeddable":true,"href":"https:\/\/bunkerseguridad.es\/fr\/wp-json\/wp\/v2\/product_cat?post=6372"},{"taxonomy":"product_tag","embeddable":true,"href":"https:\/\/bunkerseguridad.es\/fr\/wp-json\/wp\/v2\/product_tag?post=6372"}],"curies":[{"name":"wp","href":"https:\/\/api.w.org\/{rel}","templated":true}]}}