{"id":6876,"date":"2021-01-15T12:01:14","date_gmt":"2021-01-15T12:01:14","guid":{"rendered":"http:\/\/www.bunkerseguridad.es\/en\/?post_type=product&#038;p=6876"},"modified":"2021-02-11T12:14:49","modified_gmt":"2021-02-11T12:14:49","slug":"detecteur-infrarouge-passif-a-triple-miroir-pir-t15we-t15am","status":"publish","type":"product","link":"https:\/\/bunkerseguridad.es\/fr\/produit\/detecteur-infrarouge-passif-a-triple-miroir-pir-t15we-t15am\/","title":{"rendered":"Externe d\u00e9tecteur infrarouge passif PIR-T15WE \/T15AM"},"content":{"rendered":"<p>Le<strong> PIR-T15 est un d\u00e9tecteur infrarouge passif \u00e0 triple miroir<\/strong> de haute performance con\u00e7u pour les applications d&rsquo;intrusion \u00e0 l&rsquo;int\u00e9rieur et \u00e0 l&rsquo;ext\u00e9rieur.<\/p>\n<p>La combinaison unique de triple miroirs et de trois pyrotechnie jumelle permet 4 modes de fonctionnement s\u00e9lectionnables, dont la position basse, la position haute, le mode Pet et la haute densit\u00e9 ; pour des distances allant jusqu&rsquo;\u00e0 15 m d&rsquo;une hauteur de montage de 2 \u00e0 6 m, sur un angle de 80 degr\u00e9s.<\/p>\n<p><strong>Caract\u00e9ristiques:<\/strong><\/p>\n<ul>\n<li>4 modes de fonctionnement : position basse, position haute, mode animal de compagnie et haute densit\u00e9<\/li>\n<li>Couverture jusqu&rsquo;\u00e0 15m x 80 degr\u00e9s<\/li>\n<li>2m \u00e0 6m Hauteur d&rsquo;installation (selon le mode de fonctionnement)<\/li>\n<li>Syst\u00e8me optique \u00e0 triple miroir \u00e0 haute performance<\/li>\n<li>Fonction de r\u00e9glage pr\u00e9cis de la zone de d\u00e9tection<\/li>\n<li>Fonction anti-masquage (PIR-T15AM)<\/li>\n<li>Protection contre la foudre<\/li>\n<li>Convient pour un usage int\u00e9rieur et ext\u00e9rieur (IP55)<\/li>\n<\/ul>\n","protected":false},"excerpt":{"rendered":"<p><strong>The PIR-T15- WE\/AM<\/strong> e<strong>st un d\u00e9tecteur infrarouge passif \u00e0 triple miroir de haute performance, con\u00e7u pour des applications d&rsquo;intrusion \u00e0 l&rsquo;int\u00e9rieur et \u00e0 l&rsquo;ext\u00e9rieur.<\/strong> Jusqu&rsquo;\u00e0 15m x 80 degr\u00e9s, hauteur de montage 2 &#8211; 6m, 3 miroirs, IP5.<\/p>\n","protected":false},"featured_media":6882,"template":"","meta":{"_et_pb_use_builder":"","_et_pb_old_content":"","_et_gb_content_width":""},"pwb-brand":[202],"product_brand":[],"product_cat":[41,47],"product_tag":[86,80,82,81,89],"class_list":{"0":"post-6876","1":"product","2":"type-product","3":"status-publish","4":"has-post-thumbnail","6":"pwb-brand-takex","7":"product_cat-detection-intrusion-perimetrique","8":"product_cat-detecteurs-infrarouges-passifs-exterieurs","9":"product_tag-dual-zone","10":"product_tag-exterieur","11":"product_tag-faisceau-photoelectrique","12":"product_tag-interieur","13":"product_tag-pir","15":"first","16":"instock","17":"featured","18":"shipping-taxable","19":"product-type-simple"},"yoast_head":"<!-- This site is optimized with the Yoast SEO plugin v25.2 - https:\/\/yoast.com\/wordpress\/plugins\/seo\/ -->\n<title>Externe d\u00e9tecteur infrarouge passif PIR-T15WE \/T15AM - Bunker Seguridad<\/title>\n<meta name=\"description\" content=\"D\u00e9tecteur infrarouge passif \u00e0 triple miroir de haute performance con\u00e7u pour les applications d&#039;intrusion \u00e0 l&#039;int\u00e9rieur et \u00e0 l&#039;ext\u00e9rieur.\" \/>\n<meta name=\"robots\" content=\"noindex, follow, max-snippet:-1, max-image-preview:large, max-video-preview:-1\" \/>\n<meta property=\"og:locale\" content=\"fr_FR\" \/>\n<meta property=\"og:type\" content=\"article\" \/>\n<meta property=\"og:title\" content=\"Externe d\u00e9tecteur infrarouge passif PIR-T15WE \/T15AM - Bunker Seguridad\" \/>\n<meta property=\"og:description\" content=\"D\u00e9tecteur infrarouge passif \u00e0 triple miroir de haute performance con\u00e7u pour les applications d&#039;intrusion \u00e0 l&#039;int\u00e9rieur et \u00e0 l&#039;ext\u00e9rieur.\" \/>\n<meta property=\"og:url\" content=\"https:\/\/bunkerseguridad.es\/fr\/produit\/detecteur-infrarouge-passif-a-triple-miroir-pir-t15we-t15am\/\" \/>\n<meta property=\"og:site_name\" content=\"Bunker Seguridad\" \/>\n<meta property=\"article:modified_time\" content=\"2021-02-11T12:14:49+00:00\" \/>\n<meta property=\"og:image\" content=\"https:\/\/bunkerseguridad.es\/fr\/wp-content\/uploads\/2021\/01\/PIR-T15WE.png\" \/>\n\t<meta property=\"og:image:width\" content=\"1200\" \/>\n\t<meta property=\"og:image:height\" content=\"1200\" \/>\n\t<meta property=\"og:image:type\" content=\"image\/png\" \/>\n<meta name=\"twitter:card\" content=\"summary_large_image\" \/>\n<meta name=\"twitter:label1\" content=\"Dur\u00e9e de lecture estim\u00e9e\" \/>\n\t<meta name=\"twitter:data1\" content=\"1 minute\" \/>\n<script type=\"application\/ld+json\" class=\"yoast-schema-graph\">{\"@context\":\"https:\/\/schema.org\",\"@graph\":[{\"@type\":\"WebPage\",\"@id\":\"https:\/\/bunkerseguridad.es\/fr\/produit\/detecteur-infrarouge-passif-a-triple-miroir-pir-t15we-t15am\/\",\"url\":\"https:\/\/bunkerseguridad.es\/fr\/produit\/detecteur-infrarouge-passif-a-triple-miroir-pir-t15we-t15am\/\",\"name\":\"Externe d\u00e9tecteur infrarouge passif PIR-T15WE \/T15AM - Bunker Seguridad\",\"isPartOf\":{\"@id\":\"https:\/\/bunkerseguridad.es\/fr\/#website\"},\"primaryImageOfPage\":{\"@id\":\"https:\/\/bunkerseguridad.es\/fr\/produit\/detecteur-infrarouge-passif-a-triple-miroir-pir-t15we-t15am\/#primaryimage\"},\"image\":{\"@id\":\"https:\/\/bunkerseguridad.es\/fr\/produit\/detecteur-infrarouge-passif-a-triple-miroir-pir-t15we-t15am\/#primaryimage\"},\"thumbnailUrl\":\"https:\/\/bunkerseguridad.es\/fr\/wp-content\/uploads\/2021\/01\/PIR-T15WE.png\",\"datePublished\":\"2021-01-15T12:01:14+00:00\",\"dateModified\":\"2021-02-11T12:14:49+00:00\",\"description\":\"D\u00e9tecteur infrarouge passif \u00e0 triple miroir de haute performance con\u00e7u pour les applications d'intrusion \u00e0 l'int\u00e9rieur et \u00e0 l'ext\u00e9rieur.\",\"breadcrumb\":{\"@id\":\"https:\/\/bunkerseguridad.es\/fr\/produit\/detecteur-infrarouge-passif-a-triple-miroir-pir-t15we-t15am\/#breadcrumb\"},\"inLanguage\":\"fr-FR\",\"potentialAction\":[{\"@type\":\"ReadAction\",\"target\":[\"https:\/\/bunkerseguridad.es\/fr\/produit\/detecteur-infrarouge-passif-a-triple-miroir-pir-t15we-t15am\/\"]}]},{\"@type\":\"ImageObject\",\"inLanguage\":\"fr-FR\",\"@id\":\"https:\/\/bunkerseguridad.es\/fr\/produit\/detecteur-infrarouge-passif-a-triple-miroir-pir-t15we-t15am\/#primaryimage\",\"url\":\"https:\/\/bunkerseguridad.es\/fr\/wp-content\/uploads\/2021\/01\/PIR-T15WE.png\",\"contentUrl\":\"https:\/\/bunkerseguridad.es\/fr\/wp-content\/uploads\/2021\/01\/PIR-T15WE.png\",\"width\":1200,\"height\":1200},{\"@type\":\"BreadcrumbList\",\"@id\":\"https:\/\/bunkerseguridad.es\/fr\/produit\/detecteur-infrarouge-passif-a-triple-miroir-pir-t15we-t15am\/#breadcrumb\",\"itemListElement\":[{\"@type\":\"ListItem\",\"position\":1,\"name\":\"Home\",\"item\":\"https:\/\/bunkerseguridad.es\/fr\/\"},{\"@type\":\"ListItem\",\"position\":2,\"name\":\"Shop\",\"item\":\"https:\/\/bunkerseguridad.es\/fr\/shop\/\"},{\"@type\":\"ListItem\",\"position\":3,\"name\":\"Externe d\u00e9tecteur infrarouge passif PIR-T15WE \/T15AM\"}]},{\"@type\":\"WebSite\",\"@id\":\"https:\/\/bunkerseguridad.es\/fr\/#website\",\"url\":\"https:\/\/bunkerseguridad.es\/fr\/\",\"name\":\"Bunker Seguridad\",\"description\":\"Otro sitio realizado con WordPress\",\"potentialAction\":[{\"@type\":\"SearchAction\",\"target\":{\"@type\":\"EntryPoint\",\"urlTemplate\":\"https:\/\/bunkerseguridad.es\/fr\/?s={search_term_string}\"},\"query-input\":{\"@type\":\"PropertyValueSpecification\",\"valueRequired\":true,\"valueName\":\"search_term_string\"}}],\"inLanguage\":\"fr-FR\"}]}<\/script>\n<!-- \/ Yoast SEO plugin. -->","yoast_head_json":{"title":"Externe d\u00e9tecteur infrarouge passif PIR-T15WE \/T15AM - Bunker Seguridad","description":"D\u00e9tecteur infrarouge passif \u00e0 triple miroir de haute performance con\u00e7u pour les applications d'intrusion \u00e0 l'int\u00e9rieur et \u00e0 l'ext\u00e9rieur.","robots":{"index":"noindex","follow":"follow","max-snippet":"max-snippet:-1","max-image-preview":"max-image-preview:large","max-video-preview":"max-video-preview:-1"},"og_locale":"fr_FR","og_type":"article","og_title":"Externe d\u00e9tecteur infrarouge passif PIR-T15WE \/T15AM - Bunker Seguridad","og_description":"D\u00e9tecteur infrarouge passif \u00e0 triple miroir de haute performance con\u00e7u pour les applications d'intrusion \u00e0 l'int\u00e9rieur et \u00e0 l'ext\u00e9rieur.","og_url":"https:\/\/bunkerseguridad.es\/fr\/produit\/detecteur-infrarouge-passif-a-triple-miroir-pir-t15we-t15am\/","og_site_name":"Bunker Seguridad","article_modified_time":"2021-02-11T12:14:49+00:00","og_image":[{"width":1200,"height":1200,"url":"https:\/\/bunkerseguridad.es\/fr\/wp-content\/uploads\/2021\/01\/PIR-T15WE.png","type":"image\/png"}],"twitter_card":"summary_large_image","twitter_misc":{"Dur\u00e9e de lecture estim\u00e9e":"1 minute"},"schema":{"@context":"https:\/\/schema.org","@graph":[{"@type":"WebPage","@id":"https:\/\/bunkerseguridad.es\/fr\/produit\/detecteur-infrarouge-passif-a-triple-miroir-pir-t15we-t15am\/","url":"https:\/\/bunkerseguridad.es\/fr\/produit\/detecteur-infrarouge-passif-a-triple-miroir-pir-t15we-t15am\/","name":"Externe d\u00e9tecteur infrarouge passif PIR-T15WE \/T15AM - Bunker Seguridad","isPartOf":{"@id":"https:\/\/bunkerseguridad.es\/fr\/#website"},"primaryImageOfPage":{"@id":"https:\/\/bunkerseguridad.es\/fr\/produit\/detecteur-infrarouge-passif-a-triple-miroir-pir-t15we-t15am\/#primaryimage"},"image":{"@id":"https:\/\/bunkerseguridad.es\/fr\/produit\/detecteur-infrarouge-passif-a-triple-miroir-pir-t15we-t15am\/#primaryimage"},"thumbnailUrl":"https:\/\/bunkerseguridad.es\/fr\/wp-content\/uploads\/2021\/01\/PIR-T15WE.png","datePublished":"2021-01-15T12:01:14+00:00","dateModified":"2021-02-11T12:14:49+00:00","description":"D\u00e9tecteur infrarouge passif \u00e0 triple miroir de haute performance con\u00e7u pour les applications d'intrusion \u00e0 l'int\u00e9rieur et \u00e0 l'ext\u00e9rieur.","breadcrumb":{"@id":"https:\/\/bunkerseguridad.es\/fr\/produit\/detecteur-infrarouge-passif-a-triple-miroir-pir-t15we-t15am\/#breadcrumb"},"inLanguage":"fr-FR","potentialAction":[{"@type":"ReadAction","target":["https:\/\/bunkerseguridad.es\/fr\/produit\/detecteur-infrarouge-passif-a-triple-miroir-pir-t15we-t15am\/"]}]},{"@type":"ImageObject","inLanguage":"fr-FR","@id":"https:\/\/bunkerseguridad.es\/fr\/produit\/detecteur-infrarouge-passif-a-triple-miroir-pir-t15we-t15am\/#primaryimage","url":"https:\/\/bunkerseguridad.es\/fr\/wp-content\/uploads\/2021\/01\/PIR-T15WE.png","contentUrl":"https:\/\/bunkerseguridad.es\/fr\/wp-content\/uploads\/2021\/01\/PIR-T15WE.png","width":1200,"height":1200},{"@type":"BreadcrumbList","@id":"https:\/\/bunkerseguridad.es\/fr\/produit\/detecteur-infrarouge-passif-a-triple-miroir-pir-t15we-t15am\/#breadcrumb","itemListElement":[{"@type":"ListItem","position":1,"name":"Home","item":"https:\/\/bunkerseguridad.es\/fr\/"},{"@type":"ListItem","position":2,"name":"Shop","item":"https:\/\/bunkerseguridad.es\/fr\/shop\/"},{"@type":"ListItem","position":3,"name":"Externe d\u00e9tecteur infrarouge passif PIR-T15WE \/T15AM"}]},{"@type":"WebSite","@id":"https:\/\/bunkerseguridad.es\/fr\/#website","url":"https:\/\/bunkerseguridad.es\/fr\/","name":"Bunker Seguridad","description":"Otro sitio realizado con WordPress","potentialAction":[{"@type":"SearchAction","target":{"@type":"EntryPoint","urlTemplate":"https:\/\/bunkerseguridad.es\/fr\/?s={search_term_string}"},"query-input":{"@type":"PropertyValueSpecification","valueRequired":true,"valueName":"search_term_string"}}],"inLanguage":"fr-FR"}]}},"brands":[{"id":202,"name":"Takex","slug":"takex"}],"_links":{"self":[{"href":"https:\/\/bunkerseguridad.es\/fr\/wp-json\/wp\/v2\/product\/6876","targetHints":{"allow":["GET"]}}],"collection":[{"href":"https:\/\/bunkerseguridad.es\/fr\/wp-json\/wp\/v2\/product"}],"about":[{"href":"https:\/\/bunkerseguridad.es\/fr\/wp-json\/wp\/v2\/types\/product"}],"wp:featuredmedia":[{"embeddable":true,"href":"https:\/\/bunkerseguridad.es\/fr\/wp-json\/wp\/v2\/media\/6882"}],"wp:attachment":[{"href":"https:\/\/bunkerseguridad.es\/fr\/wp-json\/wp\/v2\/media?parent=6876"}],"wp:term":[{"taxonomy":"pwb-brand","embeddable":true,"href":"https:\/\/bunkerseguridad.es\/fr\/wp-json\/wp\/v2\/pwb-brand?post=6876"},{"taxonomy":"product_brand","embeddable":true,"href":"https:\/\/bunkerseguridad.es\/fr\/wp-json\/wp\/v2\/product_brand?post=6876"},{"taxonomy":"product_cat","embeddable":true,"href":"https:\/\/bunkerseguridad.es\/fr\/wp-json\/wp\/v2\/product_cat?post=6876"},{"taxonomy":"product_tag","embeddable":true,"href":"https:\/\/bunkerseguridad.es\/fr\/wp-json\/wp\/v2\/product_tag?post=6876"}],"curies":[{"name":"wp","href":"https:\/\/api.w.org\/{rel}","templated":true}]}}