{"id":6952,"date":"2021-01-19T10:53:22","date_gmt":"2021-01-19T10:53:22","guid":{"rendered":"http:\/\/www.bunkerseguridad.es\/en\/?post_type=product&#038;p=6952"},"modified":"2021-02-10T11:16:10","modified_gmt":"2021-02-10T11:16:10","slug":"batterie-quad-barriere-infrarouge-txf-125-hk","status":"publish","type":"product","link":"https:\/\/bunkerseguridad.es\/fr\/produit\/batterie-quad-barriere-infrarouge-txf-125-hk\/","title":{"rendered":"Batterie Quad Barri\u00e8re infrarouge TXF-125-HK"},"content":{"rendered":"<p>Avec 4 fr\u00e9quences s\u00e9lectionnables, plusieurs ensembles de faisceaux peuvent \u00eatre utilis\u00e9s dans des configurations lin\u00e9aires et superpos\u00e9es sans risque de diaphonie, aid\u00e9s en outre par une fonction de puissance d&rsquo;\u00e9mission qui permet \u00e0 l&rsquo;utilisateur de d\u00e9finir des zones de 25\/50\/75\/100m.<\/p>\n<p>Deux batteries de 3,6V (17Ah) peuvent alimenter chaque unit\u00e9 pendant environ 5 ans de service, et des optiques r\u00e9glables de \u00b190\u00b0 \u00e0 l&rsquo;horizontale \/ \u00b120\u00b0 \u00e0 la verticale permettent de s&rsquo;adapter aux terrains les plus dynamiques.<\/p>\n<p><strong>Features:<\/strong><\/p>\n<ul>\n<li>4 x faisceaux de haute puissance synchronis\u00e9s<\/li>\n<li>4 plages de fonctionnement s\u00e9lectionnables 25\/50\/75\/100m<\/li>\n<li>4 canaux de faisceau s\u00e9lectionnables pour \u00e9viter la diaphonie<\/li>\n<li>Jusqu&rsquo;\u00e0 5 ans d&rsquo;autonomie en utilisant 2 piles LS 33600 (3,6V 17Ah) par unit\u00e9<\/li>\n<li>Une s\u00e9paration accrue des faisceaux minimise les alarmes de nuisance<\/li>\n<li>La couleur interne vive facilite la proc\u00e9dure d&rsquo;alignement du faisceau<\/li>\n<li>T\u00eates de capteur r\u00e9glables \u00e0 \u00b190\u00b0 horizontalement \u00b120\u00b0 verticalement<\/li>\n<li>Circuit de surveillance de l&rsquo;environnement<\/li>\n<\/ul>\n","protected":false},"excerpt":{"rendered":"<p>The <strong>TXF-125-KH<\/strong> est un capteur quadri-barri\u00e8re \u00e0 piles pour utilisation en Barri\u00e8re infrarouge, compatible avec les principaux syst\u00e8mes sans fil. Il r\u00e9duit le temps et le co\u00fbt des installations permanentes et permet l&rsquo;utilisation de faisceaux infrarouges actifs sur des installations temporaires ou \u00e0 d\u00e9ploiement rapide.<\/p>\n","protected":false},"featured_media":6957,"template":"","meta":{"_et_pb_use_builder":"","_et_pb_old_content":"","_et_gb_content_width":""},"pwb-brand":[202],"product_brand":[],"product_cat":[41,49],"product_tag":[207,80,82,81,360,78],"class_list":{"0":"post-6952","1":"product","2":"type-product","3":"status-publish","4":"has-post-thumbnail","6":"pwb-brand-takex","7":"product_cat-detection-intrusion-perimetrique","8":"product_cat-barrieres-infrarouges","9":"product_tag-4-channel","10":"product_tag-exterieur","11":"product_tag-faisceau-photoelectrique","12":"product_tag-interieur","13":"product_tag-pour-une-utilisation-dans-les-tours-a-poutres","14":"product_tag-quadruple-faisceau","16":"first","17":"instock","18":"shipping-taxable","19":"product-type-simple"},"yoast_head":"<!-- This site is optimized with the Yoast SEO plugin v25.2 - https:\/\/yoast.com\/wordpress\/plugins\/seo\/ -->\n<title>Batterie Quad Barri\u00e8re infrarouge TXF-125-HK - Bunker Seguridad<\/title>\n<meta name=\"description\" content=\"Capteur quadruple Barri\u00e8re \u00e0 piles pour utilisation dans Barri\u00e8re infrarouge, compatible avec les syst\u00e8mes sans fil, le d\u00e9ploiement rapide ou les installations temporaires.\" \/>\n<meta name=\"robots\" content=\"noindex, follow, max-snippet:-1, max-image-preview:large, max-video-preview:-1\" \/>\n<meta property=\"og:locale\" content=\"fr_FR\" \/>\n<meta property=\"og:type\" content=\"article\" \/>\n<meta property=\"og:title\" content=\"Batterie Quad Barri\u00e8re infrarouge TXF-125-HK - Bunker Seguridad\" \/>\n<meta property=\"og:description\" content=\"Capteur quadruple Barri\u00e8re \u00e0 piles pour utilisation dans Barri\u00e8re infrarouge, compatible avec les syst\u00e8mes sans fil, le d\u00e9ploiement rapide ou les installations temporaires.\" \/>\n<meta property=\"og:url\" content=\"https:\/\/bunkerseguridad.es\/fr\/produit\/batterie-quad-barriere-infrarouge-txf-125-hk\/\" \/>\n<meta property=\"og:site_name\" content=\"Bunker Seguridad\" \/>\n<meta property=\"article:modified_time\" content=\"2021-02-10T11:16:10+00:00\" \/>\n<meta property=\"og:image\" content=\"https:\/\/bunkerseguridad.es\/fr\/wp-content\/uploads\/2021\/01\/TXF-125-KH.png\" \/>\n\t<meta property=\"og:image:width\" content=\"1200\" \/>\n\t<meta property=\"og:image:height\" content=\"1200\" \/>\n\t<meta property=\"og:image:type\" content=\"image\/png\" \/>\n<meta name=\"twitter:card\" content=\"summary_large_image\" \/>\n<meta name=\"twitter:label1\" content=\"Dur\u00e9e de lecture estim\u00e9e\" \/>\n\t<meta name=\"twitter:data1\" content=\"1 minute\" \/>\n<script type=\"application\/ld+json\" class=\"yoast-schema-graph\">{\"@context\":\"https:\/\/schema.org\",\"@graph\":[{\"@type\":\"WebPage\",\"@id\":\"https:\/\/bunkerseguridad.es\/fr\/produit\/batterie-quad-barriere-infrarouge-txf-125-hk\/\",\"url\":\"https:\/\/bunkerseguridad.es\/fr\/produit\/batterie-quad-barriere-infrarouge-txf-125-hk\/\",\"name\":\"Batterie Quad Barri\u00e8re infrarouge TXF-125-HK - Bunker Seguridad\",\"isPartOf\":{\"@id\":\"https:\/\/bunkerseguridad.es\/fr\/#website\"},\"primaryImageOfPage\":{\"@id\":\"https:\/\/bunkerseguridad.es\/fr\/produit\/batterie-quad-barriere-infrarouge-txf-125-hk\/#primaryimage\"},\"image\":{\"@id\":\"https:\/\/bunkerseguridad.es\/fr\/produit\/batterie-quad-barriere-infrarouge-txf-125-hk\/#primaryimage\"},\"thumbnailUrl\":\"https:\/\/bunkerseguridad.es\/fr\/wp-content\/uploads\/2021\/01\/TXF-125-KH.png\",\"datePublished\":\"2021-01-19T10:53:22+00:00\",\"dateModified\":\"2021-02-10T11:16:10+00:00\",\"description\":\"Capteur quadruple Barri\u00e8re \u00e0 piles pour utilisation dans Barri\u00e8re infrarouge, compatible avec les syst\u00e8mes sans fil, le d\u00e9ploiement rapide ou les installations temporaires.\",\"breadcrumb\":{\"@id\":\"https:\/\/bunkerseguridad.es\/fr\/produit\/batterie-quad-barriere-infrarouge-txf-125-hk\/#breadcrumb\"},\"inLanguage\":\"fr-FR\",\"potentialAction\":[{\"@type\":\"ReadAction\",\"target\":[\"https:\/\/bunkerseguridad.es\/fr\/produit\/batterie-quad-barriere-infrarouge-txf-125-hk\/\"]}]},{\"@type\":\"ImageObject\",\"inLanguage\":\"fr-FR\",\"@id\":\"https:\/\/bunkerseguridad.es\/fr\/produit\/batterie-quad-barriere-infrarouge-txf-125-hk\/#primaryimage\",\"url\":\"https:\/\/bunkerseguridad.es\/fr\/wp-content\/uploads\/2021\/01\/TXF-125-KH.png\",\"contentUrl\":\"https:\/\/bunkerseguridad.es\/fr\/wp-content\/uploads\/2021\/01\/TXF-125-KH.png\",\"width\":1200,\"height\":1200},{\"@type\":\"BreadcrumbList\",\"@id\":\"https:\/\/bunkerseguridad.es\/fr\/produit\/batterie-quad-barriere-infrarouge-txf-125-hk\/#breadcrumb\",\"itemListElement\":[{\"@type\":\"ListItem\",\"position\":1,\"name\":\"Home\",\"item\":\"https:\/\/bunkerseguridad.es\/fr\/\"},{\"@type\":\"ListItem\",\"position\":2,\"name\":\"Shop\",\"item\":\"https:\/\/bunkerseguridad.es\/fr\/shop\/\"},{\"@type\":\"ListItem\",\"position\":3,\"name\":\"Batterie Quad Barri\u00e8re infrarouge TXF-125-HK\"}]},{\"@type\":\"WebSite\",\"@id\":\"https:\/\/bunkerseguridad.es\/fr\/#website\",\"url\":\"https:\/\/bunkerseguridad.es\/fr\/\",\"name\":\"Bunker Seguridad\",\"description\":\"Otro sitio realizado con WordPress\",\"potentialAction\":[{\"@type\":\"SearchAction\",\"target\":{\"@type\":\"EntryPoint\",\"urlTemplate\":\"https:\/\/bunkerseguridad.es\/fr\/?s={search_term_string}\"},\"query-input\":{\"@type\":\"PropertyValueSpecification\",\"valueRequired\":true,\"valueName\":\"search_term_string\"}}],\"inLanguage\":\"fr-FR\"}]}<\/script>\n<!-- \/ Yoast SEO plugin. -->","yoast_head_json":{"title":"Batterie Quad Barri\u00e8re infrarouge TXF-125-HK - Bunker Seguridad","description":"Capteur quadruple Barri\u00e8re \u00e0 piles pour utilisation dans Barri\u00e8re infrarouge, compatible avec les syst\u00e8mes sans fil, le d\u00e9ploiement rapide ou les installations temporaires.","robots":{"index":"noindex","follow":"follow","max-snippet":"max-snippet:-1","max-image-preview":"max-image-preview:large","max-video-preview":"max-video-preview:-1"},"og_locale":"fr_FR","og_type":"article","og_title":"Batterie Quad Barri\u00e8re infrarouge TXF-125-HK - Bunker Seguridad","og_description":"Capteur quadruple Barri\u00e8re \u00e0 piles pour utilisation dans Barri\u00e8re infrarouge, compatible avec les syst\u00e8mes sans fil, le d\u00e9ploiement rapide ou les installations temporaires.","og_url":"https:\/\/bunkerseguridad.es\/fr\/produit\/batterie-quad-barriere-infrarouge-txf-125-hk\/","og_site_name":"Bunker Seguridad","article_modified_time":"2021-02-10T11:16:10+00:00","og_image":[{"width":1200,"height":1200,"url":"https:\/\/bunkerseguridad.es\/fr\/wp-content\/uploads\/2021\/01\/TXF-125-KH.png","type":"image\/png"}],"twitter_card":"summary_large_image","twitter_misc":{"Dur\u00e9e de lecture estim\u00e9e":"1 minute"},"schema":{"@context":"https:\/\/schema.org","@graph":[{"@type":"WebPage","@id":"https:\/\/bunkerseguridad.es\/fr\/produit\/batterie-quad-barriere-infrarouge-txf-125-hk\/","url":"https:\/\/bunkerseguridad.es\/fr\/produit\/batterie-quad-barriere-infrarouge-txf-125-hk\/","name":"Batterie Quad Barri\u00e8re infrarouge TXF-125-HK - Bunker Seguridad","isPartOf":{"@id":"https:\/\/bunkerseguridad.es\/fr\/#website"},"primaryImageOfPage":{"@id":"https:\/\/bunkerseguridad.es\/fr\/produit\/batterie-quad-barriere-infrarouge-txf-125-hk\/#primaryimage"},"image":{"@id":"https:\/\/bunkerseguridad.es\/fr\/produit\/batterie-quad-barriere-infrarouge-txf-125-hk\/#primaryimage"},"thumbnailUrl":"https:\/\/bunkerseguridad.es\/fr\/wp-content\/uploads\/2021\/01\/TXF-125-KH.png","datePublished":"2021-01-19T10:53:22+00:00","dateModified":"2021-02-10T11:16:10+00:00","description":"Capteur quadruple Barri\u00e8re \u00e0 piles pour utilisation dans Barri\u00e8re infrarouge, compatible avec les syst\u00e8mes sans fil, le d\u00e9ploiement rapide ou les installations temporaires.","breadcrumb":{"@id":"https:\/\/bunkerseguridad.es\/fr\/produit\/batterie-quad-barriere-infrarouge-txf-125-hk\/#breadcrumb"},"inLanguage":"fr-FR","potentialAction":[{"@type":"ReadAction","target":["https:\/\/bunkerseguridad.es\/fr\/produit\/batterie-quad-barriere-infrarouge-txf-125-hk\/"]}]},{"@type":"ImageObject","inLanguage":"fr-FR","@id":"https:\/\/bunkerseguridad.es\/fr\/produit\/batterie-quad-barriere-infrarouge-txf-125-hk\/#primaryimage","url":"https:\/\/bunkerseguridad.es\/fr\/wp-content\/uploads\/2021\/01\/TXF-125-KH.png","contentUrl":"https:\/\/bunkerseguridad.es\/fr\/wp-content\/uploads\/2021\/01\/TXF-125-KH.png","width":1200,"height":1200},{"@type":"BreadcrumbList","@id":"https:\/\/bunkerseguridad.es\/fr\/produit\/batterie-quad-barriere-infrarouge-txf-125-hk\/#breadcrumb","itemListElement":[{"@type":"ListItem","position":1,"name":"Home","item":"https:\/\/bunkerseguridad.es\/fr\/"},{"@type":"ListItem","position":2,"name":"Shop","item":"https:\/\/bunkerseguridad.es\/fr\/shop\/"},{"@type":"ListItem","position":3,"name":"Batterie Quad Barri\u00e8re infrarouge TXF-125-HK"}]},{"@type":"WebSite","@id":"https:\/\/bunkerseguridad.es\/fr\/#website","url":"https:\/\/bunkerseguridad.es\/fr\/","name":"Bunker Seguridad","description":"Otro sitio realizado con WordPress","potentialAction":[{"@type":"SearchAction","target":{"@type":"EntryPoint","urlTemplate":"https:\/\/bunkerseguridad.es\/fr\/?s={search_term_string}"},"query-input":{"@type":"PropertyValueSpecification","valueRequired":true,"valueName":"search_term_string"}}],"inLanguage":"fr-FR"}]}},"brands":[{"id":202,"name":"Takex","slug":"takex"}],"_links":{"self":[{"href":"https:\/\/bunkerseguridad.es\/fr\/wp-json\/wp\/v2\/product\/6952","targetHints":{"allow":["GET"]}}],"collection":[{"href":"https:\/\/bunkerseguridad.es\/fr\/wp-json\/wp\/v2\/product"}],"about":[{"href":"https:\/\/bunkerseguridad.es\/fr\/wp-json\/wp\/v2\/types\/product"}],"wp:featuredmedia":[{"embeddable":true,"href":"https:\/\/bunkerseguridad.es\/fr\/wp-json\/wp\/v2\/media\/6957"}],"wp:attachment":[{"href":"https:\/\/bunkerseguridad.es\/fr\/wp-json\/wp\/v2\/media?parent=6952"}],"wp:term":[{"taxonomy":"pwb-brand","embeddable":true,"href":"https:\/\/bunkerseguridad.es\/fr\/wp-json\/wp\/v2\/pwb-brand?post=6952"},{"taxonomy":"product_brand","embeddable":true,"href":"https:\/\/bunkerseguridad.es\/fr\/wp-json\/wp\/v2\/product_brand?post=6952"},{"taxonomy":"product_cat","embeddable":true,"href":"https:\/\/bunkerseguridad.es\/fr\/wp-json\/wp\/v2\/product_cat?post=6952"},{"taxonomy":"product_tag","embeddable":true,"href":"https:\/\/bunkerseguridad.es\/fr\/wp-json\/wp\/v2\/product_tag?post=6952"}],"curies":[{"name":"wp","href":"https:\/\/api.w.org\/{rel}","templated":true}]}}