{"id":1432,"date":"2020-09-30T08:52:58","date_gmt":"2020-09-30T08:52:58","guid":{"rendered":"http:\/\/www.bunkerseguridad.es\/en\/?page_id=1432"},"modified":"2021-03-17T08:14:13","modified_gmt":"2021-03-17T08:14:13","slug":"applicazioni","status":"publish","type":"page","link":"https:\/\/bunkerseguridad.es\/it\/applicazioni\/","title":{"rendered":"Applicazioni"},"content":{"rendered":"<p>[et_pb_section fb_built=&#8221;1&#8243; fullwidth=&#8221;on&#8221; _builder_version=&#8221;4.7.0&#8243; _module_preset=&#8221;default&#8221; background_color=&#8221;rgba(0,59,99,0.87)&#8221; background_image=&#8221;http:\/\/www.bunkerseguridad.es\/en\/wp-content\/uploads\/2020\/12\/Applications-of-our-products-and-solutions.jpg&#8221; background_blend=&#8221;multiply&#8221;][et_pb_fullwidth_header title=&#8221;Applicazioni&#8221; subhead=&#8221;dei nostri prodotti e soluzioni&#8221; text_orientation=&#8221;center&#8221; header_scroll_down=&#8221;on&#8221; scroll_down_icon=&#8221;%%1%%&#8221; scroll_down_icon_color=&#8221;rgba(0,0,0,0)&#8221; _builder_version=&#8221;4.7.7&#8243; _module_preset=&#8221;default&#8221; title_font=&#8221;|600|||||||&#8221; title_text_align=&#8221;left&#8221; title_text_color=&#8221;#ffffff&#8221; title_font_size=&#8221;65px&#8221; content_text_color=&#8221;#ffffff&#8221; content_font_size=&#8221;18px&#8221; subhead_font=&#8221;||||||||&#8221; subhead_text_align=&#8221;left&#8221; subhead_text_color=&#8221;#ffffff&#8221; subhead_font_size=&#8221;20px&#8221; subhead_line_height=&#8221;2em&#8221; background_enable_color=&#8221;off&#8221; background_enable_image=&#8221;off&#8221; custom_margin=&#8221;||||false|false&#8221; custom_margin_tablet=&#8221;&#8221; custom_margin_phone=&#8221;|||-8%|false|false&#8221; custom_margin_last_edited=&#8221;on|phone&#8221; custom_padding=&#8221;4%||6%||false|false&#8221; title_font_size_tablet=&#8221;&#8221; title_font_size_phone=&#8221;40px&#8221; title_font_size_last_edited=&#8221;on|phone&#8221;][\/et_pb_fullwidth_header][\/et_pb_section][et_pb_section fb_built=&#8221;1&#8243; _builder_version=&#8221;4.7.7&#8243; _module_preset=&#8221;default&#8221; hover_enabled=&#8221;0&#8243; sticky_enabled=&#8221;0&#8243;][et_pb_row column_structure=&#8221;1_3,1_3,1_3&#8243; use_custom_gutter=&#8221;on&#8221; gutter_width=&#8221;2&#8243; custom_padding_last_edited=&#8221;on|phone&#8221; _builder_version=&#8221;4.7.7&#8243; _module_preset=&#8221;default&#8221; width=&#8221;62%&#8221; width_tablet=&#8221;&#8221; width_phone=&#8221;90%&#8221; width_last_edited=&#8221;on|phone&#8221; max_width=&#8221;100%&#8221; max_width_tablet=&#8221;&#8221; max_width_phone=&#8221;100%&#8221; max_width_last_edited=&#8221;on|phone&#8221; custom_margin_tablet=&#8221;&#8221; custom_margin_phone=&#8221;&#8221; custom_margin_last_edited=&#8221;on|phone&#8221; custom_padding_tablet=&#8221;&#8221; custom_padding_phone=&#8221;0px||||false|false&#8221;][et_pb_column type=&#8221;1_3&#8243; _builder_version=&#8221;4.7.0&#8243; _module_preset=&#8221;default&#8221;][et_pb_blurb title=&#8221;Edifici residenziali e commerciali&#8221; image=&#8221;http:\/\/www.bunkerseguridad.es\/en\/wp-content\/uploads\/2020\/12\/Residential-and-commercial-buildings-scaled.jpg&#8221; _builder_version=&#8221;4.8.1&#8243; _module_preset=&#8221;default&#8221; header_font=&#8221;|600|||||||&#8221; header_text_align=&#8221;left&#8221; header_text_color=&#8221;#004d9a&#8221; header_font_size=&#8221;23px&#8221; header_line_height=&#8221;1.1em&#8221; background_enable_color=&#8221;off&#8221; text_orientation=&#8221;justified&#8221; custom_padding=&#8221;||4%||false|false&#8221; animation_style=&#8221;zoom&#8221; animation_intensity_zoom=&#8221;5%&#8221; header_font_size_tablet=&#8221;&#8221; header_font_size_phone=&#8221;1.5em&#8221; header_font_size_last_edited=&#8221;on|phone&#8221; body_text_align_tablet=&#8221;&#8221; body_text_align_phone=&#8221;left&#8221; body_text_align_last_edited=&#8221;on|phone&#8221; custom_css_blurb_title=&#8221;padding-left: 5%;||padding-right: 5%;&#8221; box_shadow_style=&#8221;preset1&#8243; box_shadow_color=&#8221;rgba(0,0,0,0.1)&#8221;]<\/p>\n<p>Soluzioni di rilevamento delle intrusioni <strong>contro le aggressioni<\/strong>,<strong> le rapine, gli scassi o i furti<\/strong>, comprese le <strong>soluzioni per gli animali<\/strong> domestici.<\/p>\n<p>[\/et_pb_blurb][et_pb_divider color=&#8221;rgba(0,0,0,0)&#8221; _builder_version=&#8221;4.7.0&#8243; _module_preset=&#8221;default&#8221; custom_margin=&#8221;||0px||false|false&#8221;][\/et_pb_divider][et_pb_blurb title=&#8221;Installazioni militari e prigioni&#8221; image=&#8221;http:\/\/www.bunkerseguridad.es\/en\/wp-content\/uploads\/2020\/12\/Militar-installations-and-prisons.jpg&#8221; _builder_version=&#8221;4.8.1&#8243; _module_preset=&#8221;default&#8221; header_font=&#8221;|600|||||||&#8221; header_text_align=&#8221;left&#8221; header_text_color=&#8221;#004d9a&#8221; header_font_size=&#8221;23px&#8221; header_line_height=&#8221;1.1em&#8221; background_enable_color=&#8221;off&#8221; text_orientation=&#8221;justified&#8221; custom_padding=&#8221;||4%||false|false&#8221; header_font_size_tablet=&#8221;&#8221; header_font_size_phone=&#8221;1.5em&#8221; header_font_size_last_edited=&#8221;on|phone&#8221; body_text_align_tablet=&#8221;&#8221; body_text_align_phone=&#8221;left&#8221; body_text_align_last_edited=&#8221;on|phone&#8221; custom_css_blurb_title=&#8221;padding-left: 5%;||padding-right: 5%;&#8221; box_shadow_style=&#8221;preset1&#8243; box_shadow_color=&#8221;rgba(0,0,0,0.1)&#8221;]<\/p>\n<p>La sicurezza perimetrale esterna \u00e8 particolarmente rigorosa per le strutture militari, al fine di prevenire potenziali minacce. In questi casi, la qualit\u00e0 e l&#8217;affidabilit\u00e0 sono pi\u00f9 importanti che mai.<\/p>\n<p>[\/et_pb_blurb][et_pb_divider color=&#8221;rgba(0,0,0,0)&#8221; _builder_version=&#8221;4.7.0&#8243; _module_preset=&#8221;default&#8221; custom_margin=&#8221;||0px||false|false&#8221;][\/et_pb_divider][et_pb_blurb title=&#8221;Ambiente esigente&#8221; image=&#8221;http:\/\/www.bunkerseguridad.es\/en\/wp-content\/uploads\/2020\/12\/Demanding-environment.jpg&#8221; _builder_version=&#8221;4.8.1&#8243; _module_preset=&#8221;default&#8221; header_font=&#8221;|600|||||||&#8221; header_text_align=&#8221;left&#8221; header_text_color=&#8221;#004d9a&#8221; header_font_size=&#8221;23px&#8221; header_line_height=&#8221;1.1em&#8221; background_enable_color=&#8221;off&#8221; text_orientation=&#8221;justified&#8221; custom_padding=&#8221;||4%||false|false&#8221; header_font_size_tablet=&#8221;&#8221; header_font_size_phone=&#8221;1.5em&#8221; header_font_size_last_edited=&#8221;on|phone&#8221; body_text_align_tablet=&#8221;&#8221; body_text_align_phone=&#8221;left&#8221; body_text_align_last_edited=&#8221;on|phone&#8221; custom_css_blurb_title=&#8221;padding-left: 5%;||padding-right: 5%;&#8221; box_shadow_style=&#8221;preset1&#8243; box_shadow_color=&#8221;rgba(0,0,0,0.1)&#8221;]<\/p>\n<p><strong>Polvere, vibrazioni, ampia gamma di temperature, alta umidit\u00e0 e condizioni ambientali estreme<\/strong> non impediscono la trasmissione del segnale e la protezione del perimetro quando si utilizzano i prodotti di grado industriale che offriamo.<\/p>\n<p>[\/et_pb_blurb][\/et_pb_column][et_pb_column type=&#8221;1_3&#8243; _builder_version=&#8221;4.7.0&#8243; _module_preset=&#8221;default&#8221;][et_pb_blurb title=&#8221;Aree industriali&#8221; image=&#8221;http:\/\/www.bunkerseguridad.es\/en\/wp-content\/uploads\/2020\/12\/Industrial-areas.jpg&#8221; alt=&#8221;Industrial Areas&#8221; _builder_version=&#8221;4.8.1&#8243; _module_preset=&#8221;default&#8221; header_font=&#8221;|600|||||||&#8221; header_text_align=&#8221;left&#8221; header_text_color=&#8221;#004d9a&#8221; header_font_size=&#8221;23px&#8221; header_line_height=&#8221;1.1em&#8221; body_text_align=&#8221;justify&#8221; background_enable_color=&#8221;off&#8221; text_orientation=&#8221;justified&#8221; custom_padding=&#8221;||4%||false|false&#8221; header_font_size_tablet=&#8221;&#8221; header_font_size_phone=&#8221;1.5em&#8221; header_font_size_last_edited=&#8221;on|phone&#8221; body_text_align_tablet=&#8221;&#8221; body_text_align_phone=&#8221;left&#8221; body_text_align_last_edited=&#8221;on|phone&#8221; custom_css_blurb_title=&#8221;padding-left: 5%;||padding-right: 5%;&#8221; box_shadow_style=&#8221;preset1&#8243; box_shadow_color=&#8221;rgba(0,0,0,0.1)&#8221;]<\/p>\n<p>Monitoraggio e rilevamento per <strong>piccole, medie e grandi aree industriali<\/strong> che coprono diverse esigenze.<\/p>\n<p>[\/et_pb_blurb][et_pb_divider color=&#8221;rgba(0,0,0,0)&#8221; _builder_version=&#8221;4.7.0&#8243; _module_preset=&#8221;default&#8221; custom_margin=&#8221;||0px||false|false&#8221;][\/et_pb_divider][et_pb_blurb title=&#8221;Infrastrutture critiche&#8221; image=&#8221;http:\/\/www.bunkerseguridad.es\/en\/wp-content\/uploads\/2020\/12\/Critical-infrastructures.jpg&#8221; _builder_version=&#8221;4.8.1&#8243; _module_preset=&#8221;default&#8221; header_font=&#8221;|600|||||||&#8221; header_text_align=&#8221;left&#8221; header_text_color=&#8221;#004d9a&#8221; header_font_size=&#8221;23px&#8221; header_line_height=&#8221;1.1em&#8221; background_enable_color=&#8221;off&#8221; text_orientation=&#8221;justified&#8221; custom_padding=&#8221;||4%||false|false&#8221; header_font_size_tablet=&#8221;&#8221; header_font_size_phone=&#8221;1.5em&#8221; header_font_size_last_edited=&#8221;on|phone&#8221; body_text_align_tablet=&#8221;&#8221; body_text_align_phone=&#8221;left&#8221; body_text_align_last_edited=&#8221;on|phone&#8221; custom_css_blurb_title=&#8221;padding-left: 5%;||padding-right: 5%;&#8221; box_shadow_style=&#8221;preset1&#8243; box_shadow_color=&#8221;rgba(0,0,0,0.1)&#8221;]<\/p>\n<p>Le infrastrutture e gli impianti speciali richiedono una <strong>protezione affidabile<\/strong> e una <strong>trasmissione sicura e criptata dei dati.<\/strong><\/p>\n<p>[\/et_pb_blurb][et_pb_blurb title=&#8221;Installazioni temporanee&#8221; image=&#8221;http:\/\/www.bunkerseguridad.es\/en\/wp-content\/uploads\/2020\/12\/Temporary-installations.jpg&#8221; _builder_version=&#8221;4.8.1&#8243; _module_preset=&#8221;default&#8221; header_font=&#8221;|600|||||||&#8221; header_text_align=&#8221;left&#8221; header_text_color=&#8221;#004d9a&#8221; header_font_size=&#8221;23px&#8221; header_line_height=&#8221;1.1em&#8221; background_enable_color=&#8221;off&#8221; vertical_offset_tablet=&#8221;0&#8243; horizontal_offset_tablet=&#8221;0&#8243; text_orientation=&#8221;justified&#8221; custom_padding=&#8221;||4%||false|false&#8221; header_font_size_tablet=&#8221;&#8221; header_font_size_phone=&#8221;1.5em&#8221; header_font_size_last_edited=&#8221;on|phone&#8221; body_text_align_tablet=&#8221;&#8221; body_text_align_phone=&#8221;left&#8221; body_text_align_last_edited=&#8221;on|phone&#8221; z_index_tablet=&#8221;0&#8243; custom_css_blurb_title=&#8221;padding-left: 5%;||padding-right: 5%;&#8221; header_text_shadow_horizontal_length_tablet=&#8221;0px&#8221; header_text_shadow_vertical_length_tablet=&#8221;0px&#8221; header_text_shadow_blur_strength_tablet=&#8221;1px&#8221; body_text_shadow_horizontal_length_tablet=&#8221;0px&#8221; body_text_shadow_vertical_length_tablet=&#8221;0px&#8221; body_text_shadow_blur_strength_tablet=&#8221;1px&#8221; body_link_text_shadow_horizontal_length_tablet=&#8221;0px&#8221; body_link_text_shadow_vertical_length_tablet=&#8221;0px&#8221; body_link_text_shadow_blur_strength_tablet=&#8221;1px&#8221; body_ul_text_shadow_horizontal_length_tablet=&#8221;0px&#8221; body_ul_text_shadow_vertical_length_tablet=&#8221;0px&#8221; body_ul_text_shadow_blur_strength_tablet=&#8221;1px&#8221; body_ol_text_shadow_horizontal_length_tablet=&#8221;0px&#8221; body_ol_text_shadow_vertical_length_tablet=&#8221;0px&#8221; body_ol_text_shadow_blur_strength_tablet=&#8221;1px&#8221; body_quote_text_shadow_horizontal_length_tablet=&#8221;0px&#8221; body_quote_text_shadow_vertical_length_tablet=&#8221;0px&#8221; body_quote_text_shadow_blur_strength_tablet=&#8221;1px&#8221; box_shadow_style=&#8221;preset1&#8243; box_shadow_color=&#8221;rgba(0,0,0,0.1)&#8221; box_shadow_horizontal_image_tablet=&#8221;0px&#8221; box_shadow_vertical_image_tablet=&#8221;0px&#8221; box_shadow_blur_image_tablet=&#8221;40px&#8221; box_shadow_spread_image_tablet=&#8221;0px&#8221; text_shadow_horizontal_length_tablet=&#8221;0px&#8221; text_shadow_vertical_length_tablet=&#8221;0px&#8221; text_shadow_blur_strength_tablet=&#8221;1px&#8221;]<\/p>\n<p>Per <strong>installazioni provvisorie o stagionali<\/strong> come impalcature, display per eventi e altre installazioni temporanee ci sono prodotti con un minore consumo energetico. Questi dispositivi possono essere installati facilmente e rapidamente.<\/p>\n<p>[\/et_pb_blurb][et_pb_divider color=&#8221;rgba(0,0,0,0)&#8221; _builder_version=&#8221;4.7.0&#8243; _module_preset=&#8221;default&#8221; custom_margin=&#8221;||0px||false|false&#8221;][\/et_pb_divider][\/et_pb_column][et_pb_column type=&#8221;1_3&#8243; _builder_version=&#8221;4.7.0&#8243; _module_preset=&#8221;default&#8221;][et_pb_blurb title=&#8221;Impianti solari fotovoltaici&#8221; image=&#8221;http:\/\/www.bunkerseguridad.es\/en\/wp-content\/uploads\/2020\/12\/Solar-photovoltaic-power-plants.jpg&#8221; _builder_version=&#8221;4.8.1&#8243; _module_preset=&#8221;default&#8221; header_font=&#8221;|600|||||||&#8221; header_text_align=&#8221;left&#8221; header_text_color=&#8221;#004d9a&#8221; header_font_size=&#8221;23px&#8221; header_line_height=&#8221;1.1em&#8221; background_enable_color=&#8221;off&#8221; text_orientation=&#8221;justified&#8221; custom_padding=&#8221;||4%||false|false&#8221; header_font_size_tablet=&#8221;&#8221; header_font_size_phone=&#8221;1.5em&#8221; header_font_size_last_edited=&#8221;on|phone&#8221; body_text_align_tablet=&#8221;&#8221; body_text_align_phone=&#8221;left&#8221; body_text_align_last_edited=&#8221;on|phone&#8221; custom_css_blurb_title=&#8221;padding-left: 5%;||padding-right: 5%;&#8221; box_shadow_style=&#8221;preset1&#8243; box_shadow_color=&#8221;rgba(0,0,0,0.1)&#8221;]<\/p>\n<p><strong>Prodotti di protezione perimetrale personalizzati e ottimizzazione della videosorveglianza<\/strong> in base all&#8217;uso sempre crescente di impianti fotovoltaici.<\/p>\n<p>[\/et_pb_blurb][et_pb_blurb title=&#8221;Sorveglianza video&#8221; image=&#8221;http:\/\/www.bunkerseguridad.es\/en\/wp-content\/uploads\/2020\/12\/Video-surveillance-scaled.jpg&#8221; _builder_version=&#8221;4.8.1&#8243; _module_preset=&#8221;default&#8221; header_font=&#8221;|600|||||||&#8221; header_text_align=&#8221;left&#8221; header_text_color=&#8221;#004d9a&#8221; header_font_size=&#8221;23px&#8221; header_line_height=&#8221;1.1em&#8221; background_enable_color=&#8221;off&#8221; text_orientation=&#8221;justified&#8221; custom_padding=&#8221;||4%||false|false&#8221; header_font_size_tablet=&#8221;&#8221; header_font_size_phone=&#8221;1.5em&#8221; header_font_size_last_edited=&#8221;on|phone&#8221; body_text_align_tablet=&#8221;&#8221; body_text_align_phone=&#8221;left&#8221; body_text_align_last_edited=&#8221;on|phone&#8221; custom_css_blurb_title=&#8221;padding-left: 5%;||padding-right: 5%;&#8221; box_shadow_style=&#8221;preset1&#8243; box_shadow_color=&#8221;rgba(0,0,0,0.1)&#8221;]<\/p>\n<p>Per migliorare il rilevamento delle intrusioni nelle telecamere, raccomandiamo l&#8217;uso di soluzioni di <strong>analisi video intelligenti.<\/strong> Inoltre, le <strong>soluzioni LPR<\/strong> per il riconoscimento e il rilevamento dei veicoli sono adatte per il controllo degli accessi, la gestione dei parcheggi, ecc. Inoltre, offriamo una vasta gamma di prodotti e soluzioni ottimizzate per la <strong>trasmissione video<\/strong> in tempo reale, compreso lo <strong>streaming video 4K<\/strong> e la <strong>crittografia sicura.<\/strong><\/p>\n<p>[\/et_pb_blurb][et_pb_divider color=&#8221;rgba(0,0,0,0)&#8221; _builder_version=&#8221;4.7.0&#8243; _module_preset=&#8221;default&#8221; custom_margin=&#8221;||0px||false|false&#8221;][\/et_pb_divider][\/et_pb_column][\/et_pb_row][\/et_pb_section]<\/p>\n","protected":false},"excerpt":{"rendered":"<p>Soluzioni di rilevamento delle intrusioni contro le aggressioni, le rapine, gli scassi o i furti, comprese le soluzioni per gli animali domestici.La sicurezza perimetrale esterna \u00e8 particolarmente rigorosa per le strutture militari, al fine di prevenire potenziali minacce. In questi casi, la qualit\u00e0 e l&#8217;affidabilit\u00e0 sono pi\u00f9 importanti che mai.Polvere, vibrazioni, ampia gamma di temperature, [&hellip;]<\/p>\n","protected":false},"author":1,"featured_media":0,"parent":0,"menu_order":0,"comment_status":"closed","ping_status":"closed","template":"","meta":{"_et_pb_use_builder":"on","_et_pb_old_content":"","_et_gb_content_width":"","footnotes":""},"class_list":["post-1432","page","type-page","status-publish","hentry"],"yoast_head":"<!-- This site is optimized with the Yoast SEO plugin v25.2 - https:\/\/yoast.com\/wordpress\/plugins\/seo\/ -->\n<title>Applicazioni - Bunker Seguridad Electr\u00f3nica S.L.<\/title>\n<meta name=\"robots\" content=\"index, follow, max-snippet:-1, max-image-preview:large, max-video-preview:-1\" \/>\n<link rel=\"canonical\" href=\"https:\/\/bunkerseguridad.es\/it\/applicazioni\/\" \/>\n<meta property=\"og:locale\" content=\"it_IT\" \/>\n<meta property=\"og:type\" content=\"article\" \/>\n<meta property=\"og:title\" content=\"Applicazioni - Bunker Seguridad Electr\u00f3nica S.L.\" \/>\n<meta property=\"og:description\" content=\"Soluzioni di rilevamento delle intrusioni contro le aggressioni, le rapine, gli scassi o i furti, comprese le soluzioni per gli animali domestici.La sicurezza perimetrale esterna \u00e8 particolarmente rigorosa per le strutture militari, al fine di prevenire potenziali minacce. In questi casi, la qualit\u00e0 e l&#039;affidabilit\u00e0 sono pi\u00f9 importanti che mai.Polvere, vibrazioni, ampia gamma di temperature, [&hellip;]\" \/>\n<meta property=\"og:url\" content=\"https:\/\/bunkerseguridad.es\/it\/applicazioni\/\" \/>\n<meta property=\"og:site_name\" content=\"Bunker Seguridad Electr\u00f3nica S.L.\" \/>\n<meta property=\"article:modified_time\" content=\"2021-03-17T08:14:13+00:00\" \/>\n<meta name=\"twitter:card\" content=\"summary_large_image\" \/>\n<meta name=\"twitter:label1\" content=\"Tempo di lettura stimato\" \/>\n\t<meta name=\"twitter:data1\" content=\"8 minuti\" \/>\n<script type=\"application\/ld+json\" class=\"yoast-schema-graph\">{\"@context\":\"https:\/\/schema.org\",\"@graph\":[{\"@type\":\"WebPage\",\"@id\":\"https:\/\/bunkerseguridad.es\/it\/applicazioni\/\",\"url\":\"https:\/\/bunkerseguridad.es\/it\/applicazioni\/\",\"name\":\"Applicazioni - Bunker Seguridad Electr\u00f3nica S.L.\",\"isPartOf\":{\"@id\":\"https:\/\/bunkerseguridad.es\/it\/#website\"},\"datePublished\":\"2020-09-30T08:52:58+00:00\",\"dateModified\":\"2021-03-17T08:14:13+00:00\",\"breadcrumb\":{\"@id\":\"https:\/\/bunkerseguridad.es\/it\/applicazioni\/#breadcrumb\"},\"inLanguage\":\"it-IT\",\"potentialAction\":[{\"@type\":\"ReadAction\",\"target\":[\"https:\/\/bunkerseguridad.es\/it\/applicazioni\/\"]}]},{\"@type\":\"BreadcrumbList\",\"@id\":\"https:\/\/bunkerseguridad.es\/it\/applicazioni\/#breadcrumb\",\"itemListElement\":[{\"@type\":\"ListItem\",\"position\":1,\"name\":\"Home\",\"item\":\"https:\/\/bunkerseguridad.es\/it\/\"},{\"@type\":\"ListItem\",\"position\":2,\"name\":\"Applicazioni\"}]},{\"@type\":\"WebSite\",\"@id\":\"https:\/\/bunkerseguridad.es\/it\/#website\",\"url\":\"https:\/\/bunkerseguridad.es\/it\/\",\"name\":\"Bunker Seguridad Electr\u00f3nica S.L.\",\"description\":\"Produzione e distribuzione di sistemi di rilevamento perimetrale in Europa.\",\"potentialAction\":[{\"@type\":\"SearchAction\",\"target\":{\"@type\":\"EntryPoint\",\"urlTemplate\":\"https:\/\/bunkerseguridad.es\/it\/?s={search_term_string}\"},\"query-input\":{\"@type\":\"PropertyValueSpecification\",\"valueRequired\":true,\"valueName\":\"search_term_string\"}}],\"inLanguage\":\"it-IT\"}]}<\/script>\n<!-- \/ Yoast SEO plugin. -->","yoast_head_json":{"title":"Applicazioni - Bunker Seguridad Electr\u00f3nica S.L.","robots":{"index":"index","follow":"follow","max-snippet":"max-snippet:-1","max-image-preview":"max-image-preview:large","max-video-preview":"max-video-preview:-1"},"canonical":"https:\/\/bunkerseguridad.es\/it\/applicazioni\/","og_locale":"it_IT","og_type":"article","og_title":"Applicazioni - Bunker Seguridad Electr\u00f3nica S.L.","og_description":"Soluzioni di rilevamento delle intrusioni contro le aggressioni, le rapine, gli scassi o i furti, comprese le soluzioni per gli animali domestici.La sicurezza perimetrale esterna \u00e8 particolarmente rigorosa per le strutture militari, al fine di prevenire potenziali minacce. In questi casi, la qualit\u00e0 e l'affidabilit\u00e0 sono pi\u00f9 importanti che mai.Polvere, vibrazioni, ampia gamma di temperature, [&hellip;]","og_url":"https:\/\/bunkerseguridad.es\/it\/applicazioni\/","og_site_name":"Bunker Seguridad Electr\u00f3nica S.L.","article_modified_time":"2021-03-17T08:14:13+00:00","twitter_card":"summary_large_image","twitter_misc":{"Tempo di lettura stimato":"8 minuti"},"schema":{"@context":"https:\/\/schema.org","@graph":[{"@type":"WebPage","@id":"https:\/\/bunkerseguridad.es\/it\/applicazioni\/","url":"https:\/\/bunkerseguridad.es\/it\/applicazioni\/","name":"Applicazioni - Bunker Seguridad Electr\u00f3nica S.L.","isPartOf":{"@id":"https:\/\/bunkerseguridad.es\/it\/#website"},"datePublished":"2020-09-30T08:52:58+00:00","dateModified":"2021-03-17T08:14:13+00:00","breadcrumb":{"@id":"https:\/\/bunkerseguridad.es\/it\/applicazioni\/#breadcrumb"},"inLanguage":"it-IT","potentialAction":[{"@type":"ReadAction","target":["https:\/\/bunkerseguridad.es\/it\/applicazioni\/"]}]},{"@type":"BreadcrumbList","@id":"https:\/\/bunkerseguridad.es\/it\/applicazioni\/#breadcrumb","itemListElement":[{"@type":"ListItem","position":1,"name":"Home","item":"https:\/\/bunkerseguridad.es\/it\/"},{"@type":"ListItem","position":2,"name":"Applicazioni"}]},{"@type":"WebSite","@id":"https:\/\/bunkerseguridad.es\/it\/#website","url":"https:\/\/bunkerseguridad.es\/it\/","name":"Bunker Seguridad Electr\u00f3nica S.L.","description":"Produzione e distribuzione di sistemi di rilevamento perimetrale in Europa.","potentialAction":[{"@type":"SearchAction","target":{"@type":"EntryPoint","urlTemplate":"https:\/\/bunkerseguridad.es\/it\/?s={search_term_string}"},"query-input":{"@type":"PropertyValueSpecification","valueRequired":true,"valueName":"search_term_string"}}],"inLanguage":"it-IT"}]}},"_links":{"self":[{"href":"https:\/\/bunkerseguridad.es\/it\/wp-json\/wp\/v2\/pages\/1432","targetHints":{"allow":["GET"]}}],"collection":[{"href":"https:\/\/bunkerseguridad.es\/it\/wp-json\/wp\/v2\/pages"}],"about":[{"href":"https:\/\/bunkerseguridad.es\/it\/wp-json\/wp\/v2\/types\/page"}],"author":[{"embeddable":true,"href":"https:\/\/bunkerseguridad.es\/it\/wp-json\/wp\/v2\/users\/1"}],"replies":[{"embeddable":true,"href":"https:\/\/bunkerseguridad.es\/it\/wp-json\/wp\/v2\/comments?post=1432"}],"version-history":[{"count":101,"href":"https:\/\/bunkerseguridad.es\/it\/wp-json\/wp\/v2\/pages\/1432\/revisions"}],"predecessor-version":[{"id":7968,"href":"https:\/\/bunkerseguridad.es\/it\/wp-json\/wp\/v2\/pages\/1432\/revisions\/7968"}],"wp:attachment":[{"href":"https:\/\/bunkerseguridad.es\/it\/wp-json\/wp\/v2\/media?parent=1432"}],"curies":[{"name":"wp","href":"https:\/\/api.w.org\/{rel}","templated":true}]}}