{"id":3,"date":"2020-08-07T08:03:22","date_gmt":"2020-08-07T08:03:22","guid":{"rendered":"http:\/\/www.bunkerseguridad.es\/en\/?page_id=3"},"modified":"2021-04-15T09:48:21","modified_gmt":"2021-04-15T09:48:21","slug":"avviso-legale","status":"publish","type":"page","link":"https:\/\/bunkerseguridad.es\/it\/avviso-legale\/","title":{"rendered":"Avviso legale"},"content":{"rendered":"<p>[et_pb_section fb_built=&#8221;1&#8243; custom_padding_last_edited=&#8221;on|phone&#8221; _builder_version=&#8221;4.8.1&#8243; custom_margin_tablet=&#8221;&#8221; custom_margin_phone=&#8221;||||false|false&#8221; custom_margin_last_edited=&#8221;on|phone&#8221; custom_padding_tablet=&#8221;&#8221; custom_padding_phone=&#8221;||||false|false&#8221;][et_pb_row custom_padding_last_edited=&#8221;on|phone&#8221; _builder_version=&#8221;4.8.1&#8243; _module_preset=&#8221;default&#8221; custom_margin_tablet=&#8221;&#8221; custom_margin_phone=&#8221;0px||0px||true|false&#8221; custom_margin_last_edited=&#8221;on|phone&#8221; custom_padding_tablet=&#8221;&#8221; custom_padding_phone=&#8221;0px||0px||true|false&#8221;][et_pb_column type=&#8221;4_4&#8243; _builder_version=&#8221;4.7.7&#8243; _module_preset=&#8221;default&#8221;][et_pb_text _builder_version=&#8221;4.8.1&#8243; _module_preset=&#8221;default&#8221; text_text_color=&#8221;#004d9a&#8221; text_font_size=&#8221;50px&#8221; text_line_height=&#8221;1.2em&#8221; animation_style=&#8221;slide&#8221; animation_direction=&#8221;left&#8221; animation_intensity_slide=&#8221;5%&#8221; text_font_size_tablet=&#8221;&#8221; text_font_size_phone=&#8221;30px&#8221; text_font_size_last_edited=&#8221;on|phone&#8221;]<\/p>\n<p><strong>Avviso legale<\/strong><\/p>\n<p>[\/et_pb_text][et_pb_divider color=&#8221;#004d9a&#8221; divider_weight=&#8221;2px&#8221; _builder_version=&#8221;4.7.7&#8243; _module_preset=&#8221;default&#8221; width=&#8221;6%&#8221; animation_style=&#8221;slide&#8221; animation_direction=&#8221;left&#8221;][\/et_pb_divider][\/et_pb_column][\/et_pb_row][et_pb_row use_custom_gutter=&#8221;on&#8221; make_equal=&#8221;on&#8221; _builder_version=&#8221;4.8.1&#8243; background_size=&#8221;initial&#8221; background_position=&#8221;top_left&#8221; background_repeat=&#8221;repeat&#8221; width_tablet=&#8221;&#8221; width_phone=&#8221;90%&#8221; width_last_edited=&#8221;on|phone&#8221; max_width_tablet=&#8221;&#8221; max_width_phone=&#8221;100%&#8221; max_width_last_edited=&#8221;on|phone&#8221;][et_pb_column type=&#8221;4_4&#8243; _builder_version=&#8221;3.25&#8243; custom_padding=&#8221;|||&#8221; custom_padding__hover=&#8221;|||&#8221;][et_pb_text _builder_version=&#8221;4.9.2&#8243; text_text_color=&#8221;#000000&#8243; text_line_height=&#8221;1.3em&#8221; background_size=&#8221;initial&#8221; background_position=&#8221;top_left&#8221; background_repeat=&#8221;repeat&#8221; text_orientation=&#8221;justified&#8221;]<\/p>\n<h3><strong>TERMINI E CONDIZIONI D&#8217;USO<\/strong><\/h3>\n<p>&nbsp;<\/p>\n<p>1. PROPRIET\u00c0 DEL SITO WEB<\/p>\n<p>Questo sito web \u00e8 di propriet\u00e0 di Bunker Seguridad Electr\u00f3nica S.L. (di seguito denominata BUNKER SEGURIDAD), con sede legale in Calle Arboleda, 18 &#8211; Nave 9, Madrid, titolare di partita IVA. (CIF) B628551712, e iscritta nel Registro delle Imprese di Madrid al foglio119, volume19334, pagina M-338844.<\/p>\n<p>2. PROPRIET\u00c0 INTELLETTUALE DEL SITO WEB<\/p>\n<p>Tutti i diritti di propriet\u00e0 intellettuale sul contenuto di questo sito web e sul suo design grafico (compresi, tra gli altri aspetti, dati, immagini, fotografie, grafici, animazioni, creativit\u00e0, suoni, audio, video, disegni, software o testi, marchi o logotipi, nomi commerciali o segni distintivi, combinazioni di colori, struttura e design, ecc) sono di propriet\u00e0 esclusiva di BUNKER SEGURIDAD, che ha diritto all&#8217;esercizio esclusivo dei diritti operativi sugli stessi. Pertanto, sono vietate la loro riproduzione, distribuzione, comunicazione pubblica e modifica, totale o parziale, senza il preventivo consenso di BUNKER SEGURIDAD. Allo stesso modo, tutti i segni distintivi, marchi, nomi commerciali o segni di qualsiasi tipo contenuti in questo sito web, che siano di propriet\u00e0 di BUNKER SEGURIDAD o di terzi, sono protetti dalla legge.<\/p>\n<p>3. CONTENUTO DEL SITO WEB E LINK<\/p>\n<p>BUNKER SEGURIDAD declina ogni responsabilit\u00e0 per l&#8217;uso improprio dei contenuti del suo sito web, che \u00e8 di esclusiva responsabilit\u00e0 della persona che vi accede o li utilizza. N\u00e9 BUNKER SEGURIDAD si assume alcuna responsabilit\u00e0 per le informazioni contenute nei siti web di terzi cui si pu\u00f2 accedere tramite link dal sito <a href=\"http:\/\/www.bunkerseguridad.es\">www.bunkerseguridad.es.<\/a> Tali link sono inclusi a scopo informativo e non costituiscono in alcun caso un invito all&#8217;acquisto di prodotti o servizi eventualmente offerti sul sito di destinazione. Nel caso in cui BUNKER SEGURIDAD venisse a conoscenza del fatto che l&#8217;attivit\u00e0 o le informazioni a cui tali link fanno riferimento sono illegali, costituiscono un reato penale o possono danneggiare beni o diritti di terzi suscettibili di risarcimento, agir\u00e0 con la necessaria diligenza per rimuovere o rendere inutilizzabile il rispettivo link nel pi\u00f9 breve tempo possibile.<\/p>\n<p>4. AGGIORNAMENTO E MODIFICA DEL SITO WEB<\/p>\n<p>BUNKER SEGURIDAD si riserva il diritto di aggiornare, modificare o eliminare le informazioni contenute nel suo sito web e la sua configurazione o presentazione, in qualsiasi momento, senza preavviso e senza assumersi alcun tipo di responsabilit\u00e0 al riguardo.<\/p>\n<p>5. TRATTAMENTO DEI DATI DELL&#8217;UTENTE<\/p>\n<p>Per poter effettuare prenotazioni o inviare richieste, e per ricevere newsletter con informazioni su offerte e promozioni (se l&#8217;utente ha espressamente richiesto tali newsletter), l&#8217;utente dovra&#8217; fornirci i suoi dati personali attraverso i vari moduli che appaiono sul sito web. L&#8217;utente dichiara che tutte le informazioni da lui fornite sono veritiere, complete ed esatte e che autorizza BUNKER SEGURIDAD a inserire i suoi dati in un archivio affinch\u00e9, in conformit\u00e0 alla Legge Organica 15\/1999, sulla protezione dei dati personali, BUNKER SEGURIDAD possa fornire i servizi richiesti dall&#8217;utente. Nel caso in cui BUNKER SEGURIDAD riscontri qualche problema nell&#8217;elaborazione di una richiesta, i dati personali cos\u00ec forniti potranno essere utilizzati per contattare l&#8217;utente.<br \/>La conferma delle prenotazioni sar\u00e0 data per mezzo di una e-mail e\/o con qualsiasi altro mezzo che BUNKER SEGURIDAD riterr\u00e0 opportuno.<br \/>In ogni caso, l&#8217;utente potr\u00e0 esercitare i diritti di accesso, opposizione, rettifica e cancellazione previsti dalla suddetta legge, inviando una lettera a BUNKER SEGURIDAD (rif. &#8220;Protezione dei dati&#8221;), Calle Arboleda, 18 &#8211; nave 9- Madrid, o inviando una e-mail al seguente address: <a href=\"mailto:info@bunkerseguridad.es\" target=\"_blank\" class=\"mailto\" rel=\"noopener noreferrer\" style=\"box-sizing: border-box; margin: 0px; padding: 0px; border: 0px; outline: 0px; font-size: 14px; text-size-adjust: 100%; vertical-align: baseline; background: #ffffff; color: #2ea3f2; text-decoration: none; font-family: 'Open Sans', Arial, sans-serif; font-style: normal; font-variant-ligatures: normal; font-variant-caps: normal; font-weight: 500; letter-spacing: normal; orphans: 2; text-align: justify; text-indent: 0px; text-transform: none; white-space: normal; widows: 2; word-spacing: 0px; -webkit-text-stroke-width: 0px;\">info@bunkerseguridad.es<\/a><\/p>\n<p>6. LEGGE APPLICABILE E GIURISDIZIONE<\/p>\n<p>Se una qualsiasi clausola di questi termini e condizioni d&#8217;uso dovesse essere dichiarata totalmente o parzialmente nulla, tale nullit\u00e0 riguarder\u00e0 solo la disposizione o la parte della disposizione che \u00e8 stata dichiarata nulla, e i termini e le condizioni d&#8217;uso sussisteranno in tutto il resto, considerando che la disposizione interessata non \u00e8 stata inclusa.<br \/>Le discussioni interne e le differenze che dovevano essere basate su questo testo saranno risolte tra le parti di comune accordo. Nel caso in cui si dovesse intentare un&#8217;azione legale, tutte le questioni relative al portale saranno regolate dalla legge spagnola e saranno sottoposte alla giurisdizione delle Corti e dei Tribunali della citt\u00e0 di Madrid.<\/p>\n<p>&nbsp;<\/p>\n<p>[\/et_pb_text][\/et_pb_column][\/et_pb_row][\/et_pb_section]<\/p>\n","protected":false},"excerpt":{"rendered":"<p>Avviso legaleTERMINI E CONDIZIONI D&#8217;USO &nbsp; 1. PROPRIET\u00c0 DEL SITO WEB Questo sito web \u00e8 di propriet\u00e0 di Bunker Seguridad Electr\u00f3nica S.L. (di seguito denominata BUNKER SEGURIDAD), con sede legale in Calle Arboleda, 18 &#8211; Nave 9, Madrid, titolare di partita IVA. (CIF) B628551712, e iscritta nel Registro delle Imprese di Madrid al foglio119, volume19334, [&hellip;]<\/p>\n","protected":false},"author":1,"featured_media":0,"parent":0,"menu_order":0,"comment_status":"closed","ping_status":"closed","template":"","meta":{"_et_pb_use_builder":"on","_et_pb_old_content":"<!-- wp:heading -->\r\n<h2>Qui\u00e9nes somos<\/h2>\r\n<!-- \/wp:heading --><!-- wp:paragraph -->\r\n<p>La direcci\u00f3n de nuestra web es: http:\/\/www.bunkerseguridad.es\/en.<\/p>\r\n<!-- \/wp:paragraph --><!-- wp:heading -->\r\n<h2>Qu\u00e9 datos personales recogemos y por qu\u00e9 los recogemos<\/h2>\r\n<!-- \/wp:heading --><!-- wp:heading {\"level\":3} -->\r\n<h3>Comentarios<\/h3>\r\n<!-- \/wp:heading --><!-- wp:paragraph -->\r\n<p>Cuando los visitantes dejan comentarios en la web, recopilamos los datos que se muestran en el formulario de comentarios, as\u00ed como la direcci\u00f3n IP del visitante y la cadena de agentes de usuario del navegador para ayudar a la detecci\u00f3n de spam.<\/p>\r\n<!-- \/wp:paragraph --><!-- wp:paragraph -->\r\n<p>Una cadena an\u00f3nima creada a partir de tu direcci\u00f3n de correo electr\u00f3nico (tambi\u00e9n llamada hash) puede ser proporcionada al servicio de Gravatar para ver si la est\u00e1s usando. La pol\u00edtica de privacidad del servicio Gravatar est\u00e1 disponible aqu\u00ed: https:\/\/automattic.com\/privacy\/. Despu\u00e9s de la aprobaci\u00f3n de tu comentario, la imagen de tu perfil es visible para el p\u00fablico en el contexto de tu comentario.<\/p>\r\n<!-- \/wp:paragraph --><!-- wp:heading {\"level\":3} -->\r\n<h3>Medios<\/h3>\r\n<!-- \/wp:heading --><!-- wp:paragraph -->\r\n<p>Si subes im\u00e1genes a la web, deber\u00edas evitar subir im\u00e1genes con datos de ubicaci\u00f3n (GPS EXIF) incluidos. Los visitantes de la web pueden descargar y extraer cualquier dato de ubicaci\u00f3n de las im\u00e1genes de la web.<\/p>\r\n<!-- \/wp:paragraph --><!-- wp:heading {\"level\":3} -->\r\n<h3>Formularios de contacto<\/h3>\r\n<!-- \/wp:heading --><!-- wp:heading {\"level\":3} -->\r\n<h3>Cookies<\/h3>\r\n<!-- \/wp:heading --><!-- wp:paragraph -->\r\n<p>Si dejas un comentario en nuestro sitio puedes elegir guardar tu nombre, direcci\u00f3n de correo electr\u00f3nico y web en cookies. Esto es para tu comodidad, para que no tengas que volver a rellenar tus datos cuando dejes otro comentario. Estas cookies tendr\u00e1n una duraci\u00f3n de un a\u00f1o.<\/p>\r\n<!-- \/wp:paragraph --><!-- wp:paragraph -->\r\n<p>Si tienes una cuenta y te conectas a este sitio, instalaremos una cookie temporal para determinar si tu navegador acepta cookies. Esta cookie no contiene datos personales y se elimina al cerrar el navegador.<\/p>\r\n<!-- \/wp:paragraph --><!-- wp:paragraph -->\r\n<p>Cuando accedas, tambi\u00e9n instalaremos varias cookies para guardar tu informaci\u00f3n de acceso y tus opciones de visualizaci\u00f3n de pantalla. Las cookies de acceso duran dos d\u00edas, y las cookies de opciones de pantalla duran un a\u00f1o. Si seleccionas \u00abRecu\u00e9rdarme\u00bb, tu acceso perdurar\u00e1 durante dos semanas. Si sales de tu cuenta, las cookies de acceso se eliminar\u00e1n.<\/p>\r\n<!-- \/wp:paragraph --><!-- wp:paragraph -->\r\n<p>Si editas o publicas un art\u00edculo se guardar\u00e1 una cookie adicional en tu navegador. Esta cookie no incluye datos personales y simplemente indica el ID del art\u00edculo que acabas de editar. Caduca despu\u00e9s de 1 d\u00eda.<\/p>\r\n<!-- \/wp:paragraph --><!-- wp:heading {\"level\":3} -->\r\n<h3>Contenido incrustado de otros sitios web<\/h3>\r\n<!-- \/wp:heading --><!-- wp:paragraph -->\r\n<p>Los art\u00edculos de este sitio pueden incluir contenido incrustado (por ejemplo, v\u00eddeos, im\u00e1genes, art\u00edculos, etc.). El contenido incrustado de otras webs se comporta exactamente de la misma manera que si el visitante hubiera visitado la otra web.<\/p>\r\n<!-- \/wp:paragraph --><!-- wp:paragraph -->\r\n<p>Estas web pueden recopilar datos sobre ti, utilizar cookies, incrustar un seguimiento adicional de terceros, y supervisar tu interacci\u00f3n con ese contenido incrustado, incluido el seguimiento de tu interacci\u00f3n con el contenido incrustado si tienes una cuenta y est\u00e1s conectado a esa web.<\/p>\r\n<!-- \/wp:paragraph --><!-- wp:heading {\"level\":3} -->\r\n<h3>Anal\u00edtica<\/h3>\r\n<!-- \/wp:heading --><!-- wp:heading -->\r\n<h2>Con qui\u00e9n compartimos tus datos<\/h2>\r\n<!-- \/wp:heading --><!-- wp:heading -->\r\n<h2>Cu\u00e1nto tiempo conservamos tus datos<\/h2>\r\n<!-- \/wp:heading --><!-- wp:paragraph -->\r\n<p>Si dejas un comentario, el comentario y sus metadatos se conservan indefinidamente. Esto es para que podamos reconocer y aprobar comentarios sucesivos autom\u00e1ticamente, en lugar de mantenerlos en una cola de moderaci\u00f3n.<\/p>\r\n<!-- \/wp:paragraph --><!-- wp:paragraph -->\r\n<p>De los usuarios que se registran en nuestra web (si los hay), tambi\u00e9n almacenamos la informaci\u00f3n personal que proporcionan en su perfil de usuario. Todos los usuarios pueden ver, editar o eliminar su informaci\u00f3n personal en cualquier momento (excepto que no pueden cambiar su nombre de usuario). Los administradores de la web tambi\u00e9n pueden ver y editar esa informaci\u00f3n.<\/p>\r\n<!-- \/wp:paragraph --><!-- wp:heading -->\r\n<h2>Qu\u00e9 derechos tienes sobre tus datos<\/h2>\r\n<!-- \/wp:heading --><!-- wp:paragraph -->\r\n<p>Si tienes una cuenta o has dejado comentarios en esta web, puedes solicitar recibir un archivo de exportaci\u00f3n de los datos personales que tenemos sobre ti, incluyendo cualquier dato que nos hayas proporcionado. Tambi\u00e9n puedes solicitar que eliminemos cualquier dato personal que tengamos sobre ti. Esto no incluye ning\u00fan dato que estemos obligados a conservar con fines administrativos, legales o de seguridad.<\/p>\r\n<!-- \/wp:paragraph --><!-- wp:heading -->\r\n<h2>D\u00f3nde enviamos tus datos<\/h2>\r\n<!-- \/wp:heading --><!-- wp:paragraph -->\r\n<p>Los comentarios de los visitantes puede que los revise un servicio de detecci\u00f3n autom\u00e1tica de spam.<\/p>\r\n<!-- \/wp:paragraph --><!-- wp:heading -->\r\n<h2>Tu informaci\u00f3n de contacto<\/h2>\r\n<!-- \/wp:heading --><!-- wp:heading -->\r\n<h2>Informaci\u00f3n adicional<\/h2>\r\n<!-- \/wp:heading --><!-- wp:heading {\"level\":3} -->\r\n<h3>C\u00f3mo protegemos tus datos<\/h3>\r\n<!-- \/wp:heading --><!-- wp:heading {\"level\":3} -->\r\n<h3>Qu\u00e9 procedimientos utilizamos contra las brechas de datos<\/h3>\r\n<!-- \/wp:heading --><!-- wp:heading {\"level\":3} -->\r\n<h3>De qu\u00e9 terceros recibimos datos<\/h3>\r\n<!-- \/wp:heading --><!-- wp:heading {\"level\":3} -->\r\n<h3>Qu\u00e9 tipo de toma de decisiones automatizada y\/o perfilado hacemos con los datos del usuario<\/h3>\r\n<!-- \/wp:heading --><!-- wp:heading {\"level\":3} -->\r\n<h3>Requerimientos regulatorios de revelaci\u00f3n de informaci\u00f3n del sector<\/h3>\r\n<!-- \/wp:heading -->","_et_gb_content_width":"","footnotes":""},"class_list":["post-3","page","type-page","status-publish","hentry"],"yoast_head":"<!-- This site is optimized with the Yoast SEO plugin v25.2 - https:\/\/yoast.com\/wordpress\/plugins\/seo\/ -->\n<title>Avviso legale - Bunker Seguridad Electr\u00f3nica S.L.<\/title>\n<meta name=\"robots\" content=\"index, follow, max-snippet:-1, max-image-preview:large, max-video-preview:-1\" \/>\n<link rel=\"canonical\" href=\"https:\/\/bunkerseguridad.es\/it\/avviso-legale\/\" \/>\n<meta property=\"og:locale\" content=\"it_IT\" \/>\n<meta property=\"og:type\" content=\"article\" \/>\n<meta property=\"og:title\" content=\"Avviso legale - Bunker Seguridad Electr\u00f3nica S.L.\" \/>\n<meta property=\"og:description\" content=\"Avviso legaleTERMINI E CONDIZIONI D&#039;USO &nbsp; 1. PROPRIET\u00c0 DEL SITO WEB Questo sito web \u00e8 di propriet\u00e0 di Bunker Seguridad Electr\u00f3nica S.L. (di seguito denominata BUNKER SEGURIDAD), con sede legale in Calle Arboleda, 18 - Nave 9, Madrid, titolare di partita IVA. (CIF) B628551712, e iscritta nel Registro delle Imprese di Madrid al foglio119, volume19334, [&hellip;]\" \/>\n<meta property=\"og:url\" content=\"https:\/\/bunkerseguridad.es\/it\/avviso-legale\/\" \/>\n<meta property=\"og:site_name\" content=\"Bunker Seguridad Electr\u00f3nica S.L.\" \/>\n<meta property=\"article:modified_time\" content=\"2021-04-15T09:48:21+00:00\" \/>\n<meta name=\"twitter:card\" content=\"summary_large_image\" \/>\n<meta name=\"twitter:label1\" content=\"Tempo di lettura stimato\" \/>\n\t<meta name=\"twitter:data1\" content=\"5 minuti\" \/>\n<script type=\"application\/ld+json\" class=\"yoast-schema-graph\">{\"@context\":\"https:\/\/schema.org\",\"@graph\":[{\"@type\":\"WebPage\",\"@id\":\"https:\/\/bunkerseguridad.es\/it\/avviso-legale\/\",\"url\":\"https:\/\/bunkerseguridad.es\/it\/avviso-legale\/\",\"name\":\"Avviso legale - Bunker Seguridad Electr\u00f3nica S.L.\",\"isPartOf\":{\"@id\":\"https:\/\/bunkerseguridad.es\/it\/#website\"},\"datePublished\":\"2020-08-07T08:03:22+00:00\",\"dateModified\":\"2021-04-15T09:48:21+00:00\",\"breadcrumb\":{\"@id\":\"https:\/\/bunkerseguridad.es\/it\/avviso-legale\/#breadcrumb\"},\"inLanguage\":\"it-IT\",\"potentialAction\":[{\"@type\":\"ReadAction\",\"target\":[\"https:\/\/bunkerseguridad.es\/it\/avviso-legale\/\"]}]},{\"@type\":\"BreadcrumbList\",\"@id\":\"https:\/\/bunkerseguridad.es\/it\/avviso-legale\/#breadcrumb\",\"itemListElement\":[{\"@type\":\"ListItem\",\"position\":1,\"name\":\"Home\",\"item\":\"https:\/\/bunkerseguridad.es\/it\/\"},{\"@type\":\"ListItem\",\"position\":2,\"name\":\"Avviso legale\"}]},{\"@type\":\"WebSite\",\"@id\":\"https:\/\/bunkerseguridad.es\/it\/#website\",\"url\":\"https:\/\/bunkerseguridad.es\/it\/\",\"name\":\"Bunker Seguridad Electr\u00f3nica S.L.\",\"description\":\"Produzione e distribuzione di sistemi di rilevamento perimetrale in Europa.\",\"potentialAction\":[{\"@type\":\"SearchAction\",\"target\":{\"@type\":\"EntryPoint\",\"urlTemplate\":\"https:\/\/bunkerseguridad.es\/it\/?s={search_term_string}\"},\"query-input\":{\"@type\":\"PropertyValueSpecification\",\"valueRequired\":true,\"valueName\":\"search_term_string\"}}],\"inLanguage\":\"it-IT\"}]}<\/script>\n<!-- \/ Yoast SEO plugin. -->","yoast_head_json":{"title":"Avviso legale - Bunker Seguridad Electr\u00f3nica S.L.","robots":{"index":"index","follow":"follow","max-snippet":"max-snippet:-1","max-image-preview":"max-image-preview:large","max-video-preview":"max-video-preview:-1"},"canonical":"https:\/\/bunkerseguridad.es\/it\/avviso-legale\/","og_locale":"it_IT","og_type":"article","og_title":"Avviso legale - Bunker Seguridad Electr\u00f3nica S.L.","og_description":"Avviso legaleTERMINI E CONDIZIONI D'USO &nbsp; 1. PROPRIET\u00c0 DEL SITO WEB Questo sito web \u00e8 di propriet\u00e0 di Bunker Seguridad Electr\u00f3nica S.L. (di seguito denominata BUNKER SEGURIDAD), con sede legale in Calle Arboleda, 18 - Nave 9, Madrid, titolare di partita IVA. (CIF) B628551712, e iscritta nel Registro delle Imprese di Madrid al foglio119, volume19334, [&hellip;]","og_url":"https:\/\/bunkerseguridad.es\/it\/avviso-legale\/","og_site_name":"Bunker Seguridad Electr\u00f3nica S.L.","article_modified_time":"2021-04-15T09:48:21+00:00","twitter_card":"summary_large_image","twitter_misc":{"Tempo di lettura stimato":"5 minuti"},"schema":{"@context":"https:\/\/schema.org","@graph":[{"@type":"WebPage","@id":"https:\/\/bunkerseguridad.es\/it\/avviso-legale\/","url":"https:\/\/bunkerseguridad.es\/it\/avviso-legale\/","name":"Avviso legale - Bunker Seguridad Electr\u00f3nica S.L.","isPartOf":{"@id":"https:\/\/bunkerseguridad.es\/it\/#website"},"datePublished":"2020-08-07T08:03:22+00:00","dateModified":"2021-04-15T09:48:21+00:00","breadcrumb":{"@id":"https:\/\/bunkerseguridad.es\/it\/avviso-legale\/#breadcrumb"},"inLanguage":"it-IT","potentialAction":[{"@type":"ReadAction","target":["https:\/\/bunkerseguridad.es\/it\/avviso-legale\/"]}]},{"@type":"BreadcrumbList","@id":"https:\/\/bunkerseguridad.es\/it\/avviso-legale\/#breadcrumb","itemListElement":[{"@type":"ListItem","position":1,"name":"Home","item":"https:\/\/bunkerseguridad.es\/it\/"},{"@type":"ListItem","position":2,"name":"Avviso legale"}]},{"@type":"WebSite","@id":"https:\/\/bunkerseguridad.es\/it\/#website","url":"https:\/\/bunkerseguridad.es\/it\/","name":"Bunker Seguridad Electr\u00f3nica S.L.","description":"Produzione e distribuzione di sistemi di rilevamento perimetrale in Europa.","potentialAction":[{"@type":"SearchAction","target":{"@type":"EntryPoint","urlTemplate":"https:\/\/bunkerseguridad.es\/it\/?s={search_term_string}"},"query-input":{"@type":"PropertyValueSpecification","valueRequired":true,"valueName":"search_term_string"}}],"inLanguage":"it-IT"}]}},"_links":{"self":[{"href":"https:\/\/bunkerseguridad.es\/it\/wp-json\/wp\/v2\/pages\/3","targetHints":{"allow":["GET"]}}],"collection":[{"href":"https:\/\/bunkerseguridad.es\/it\/wp-json\/wp\/v2\/pages"}],"about":[{"href":"https:\/\/bunkerseguridad.es\/it\/wp-json\/wp\/v2\/types\/page"}],"author":[{"embeddable":true,"href":"https:\/\/bunkerseguridad.es\/it\/wp-json\/wp\/v2\/users\/1"}],"replies":[{"embeddable":true,"href":"https:\/\/bunkerseguridad.es\/it\/wp-json\/wp\/v2\/comments?post=3"}],"version-history":[{"count":25,"href":"https:\/\/bunkerseguridad.es\/it\/wp-json\/wp\/v2\/pages\/3\/revisions"}],"predecessor-version":[{"id":8366,"href":"https:\/\/bunkerseguridad.es\/it\/wp-json\/wp\/v2\/pages\/3\/revisions\/8366"}],"wp:attachment":[{"href":"https:\/\/bunkerseguridad.es\/it\/wp-json\/wp\/v2\/media?parent=3"}],"curies":[{"name":"wp","href":"https:\/\/api.w.org\/{rel}","templated":true}]}}